{"id":5806,"date":"2023-11-22T19:13:24","date_gmt":"2023-11-22T18:13:24","guid":{"rendered":"https:\/\/inzain.bike\/?page_id=5806"},"modified":"2023-11-22T20:42:32","modified_gmt":"2023-11-22T19:42:32","slug":"sor24-accomodation","status":"publish","type":"page","link":"https:\/\/inzain.bike\/nl\/sor24-accomodation\/","title":{"rendered":"S\u00f6rmland Accommodatie"},"content":{"rendered":"<div class=\"wp-block-jetpack-tiled-gallery alignwide is-style-rectangular has-rounded-corners-9\"><div class=\"tiled-gallery__gallery\"><div class=\"tiled-gallery__row\"><div class=\"tiled-gallery__col\" style=\"flex-basis:64.45153%\"><figure class=\"tiled-gallery__item\"><img decoding=\"async\" alt=\"\" data-height=\"733\" data-id=\"5814\" data-link=\"https:\/\/inzain.bike\/sor24-accomodation\/20221214-101430970-ios_orig\/\" data-url=\"https:\/\/inzain.bike\/wp-content\/uploads\/2023\/11\/20221214-101430970-ios_orig-1024x682.jpg\" data-width=\"1100\" src=\"https:\/\/i2.wp.com\/inzain.bike\/wp-content\/uploads\/2023\/11\/20221214-101430970-ios_orig-1024x682.jpg?ssl=1\" data-amp-layout=\"responsive\"\/><\/figure><\/div><div class=\"tiled-gallery__col\" style=\"flex-basis:35.54847%\"><figure class=\"tiled-gallery__item\"><img decoding=\"async\" alt=\"\" data-height=\"591\" data-id=\"5815\" data-link=\"https:\/\/inzain.bike\/sor24-accomodation\/20230319-181851480-ios_orig-1\/\" data-url=\"https:\/\/inzain.bike\/wp-content\/uploads\/2023\/11\/20230319-181851480-ios_orig-1-1024x550.jpg\" data-width=\"1100\" src=\"https:\/\/i2.wp.com\/inzain.bike\/wp-content\/uploads\/2023\/11\/20230319-181851480-ios_orig-1-1024x550.jpg?ssl=1\" data-amp-layout=\"responsive\"\/><\/figure><figure class=\"tiled-gallery__item\"><img decoding=\"async\" alt=\"\" data-height=\"853\" data-id=\"5816\" data-link=\"https:\/\/inzain.bike\/sor24-accomodation\/126688545-1\/\" data-url=\"https:\/\/inzain.bike\/wp-content\/uploads\/2023\/11\/126688545-1-1024x682.jpg\" data-width=\"1280\" src=\"https:\/\/i1.wp.com\/inzain.bike\/wp-content\/uploads\/2023\/11\/126688545-1-1024x682.jpg?ssl=1\" data-amp-layout=\"responsive\"\/><\/figure><\/div><\/div><div class=\"tiled-gallery__row\"><div class=\"tiled-gallery__col\" style=\"flex-basis:37.37563%\"><figure class=\"tiled-gallery__item\"><img decoding=\"async\" alt=\"\" data-height=\"683\" data-id=\"5817\" data-link=\"https:\/\/inzain.bike\/sor24-accomodation\/attachment\/186761298\/\" data-url=\"https:\/\/inzain.bike\/wp-content\/uploads\/2023\/11\/186761298.jpg\" data-width=\"1024\" src=\"https:\/\/i0.wp.com\/inzain.bike\/wp-content\/uploads\/2023\/11\/186761298.jpg?ssl=1\" data-amp-layout=\"responsive\"\/><\/figure><\/div><div class=\"tiled-gallery__col\" style=\"flex-basis:18.32327%\"><figure class=\"tiled-gallery__item\"><img decoding=\"async\" alt=\"\" data-height=\"768\" data-id=\"5818\" data-link=\"https:\/\/inzain.bike\/sor24-accomodation\/attachment\/207323058\/\" data-url=\"https:\/\/inzain.bike\/wp-content\/uploads\/2023\/11\/207323058.jpg\" data-width=\"563\" src=\"https:\/\/i0.wp.com\/inzain.bike\/wp-content\/uploads\/2023\/11\/207323058.jpg?ssl=1\" data-amp-layout=\"responsive\"\/><\/figure><\/div><div class=\"tiled-gallery__col\" style=\"flex-basis:44.30111%\"><figure class=\"tiled-gallery__item\"><img decoding=\"async\" alt=\"\" data-height=\"576\" data-id=\"5819\" data-link=\"https:\/\/inzain.bike\/sor24-accomodation\/attachment\/275437991\/\" data-url=\"https:\/\/inzain.bike\/wp-content\/uploads\/2023\/11\/275437991.jpg\" data-width=\"1024\" src=\"https:\/\/i2.wp.com\/inzain.bike\/wp-content\/uploads\/2023\/11\/275437991.jpg?ssl=1\" data-amp-layout=\"responsive\"\/><\/figure><\/div><\/div><div class=\"tiled-gallery__row\"><div class=\"tiled-gallery__col\" style=\"flex-basis:37.42311%\"><figure class=\"tiled-gallery__item\"><img decoding=\"async\" alt=\"\" data-height=\"534\" data-id=\"5820\" data-link=\"https:\/\/inzain.bike\/sor24-accomodation\/dsc-1280\/\" data-url=\"https:\/\/inzain.bike\/wp-content\/uploads\/2023\/11\/dsc-1280.jpg\" data-width=\"800\" src=\"https:\/\/i2.wp.com\/inzain.bike\/wp-content\/uploads\/2023\/11\/dsc-1280.jpg?ssl=1\" data-amp-layout=\"responsive\"\/><\/figure><figure class=\"tiled-gallery__item\"><img decoding=\"async\" alt=\"\" data-height=\"720\" data-id=\"5821\" data-link=\"https:\/\/inzain.bike\/sor24-accomodation\/mat1-2\/\" data-url=\"https:\/\/inzain.bike\/wp-content\/uploads\/2023\/11\/mat1.jpg\" data-width=\"720\" src=\"https:\/\/i0.wp.com\/inzain.bike\/wp-content\/uploads\/2023\/11\/mat1.jpg?ssl=1\" data-amp-layout=\"responsive\"\/><\/figure><\/div><div class=\"tiled-gallery__col\" style=\"flex-basis:62.57689%\"><figure class=\"tiled-gallery__item\"><img decoding=\"async\" alt=\"\" data-height=\"720\" data-id=\"5822\" data-link=\"https:\/\/inzain.bike\/sor24-accomodation\/mat2-2\/\" data-url=\"https:\/\/inzain.bike\/wp-content\/uploads\/2023\/11\/mat2.jpg\" data-width=\"720\" src=\"https:\/\/i1.wp.com\/inzain.bike\/wp-content\/uploads\/2023\/11\/mat2.jpg?ssl=1\" data-amp-layout=\"responsive\"\/><\/figure><\/div><\/div><div class=\"tiled-gallery__row\"><div class=\"tiled-gallery__col\" style=\"flex-basis:42.86890%\"><figure class=\"tiled-gallery__item\"><img decoding=\"async\" alt=\"\" data-height=\"720\" data-id=\"5823\" data-link=\"https:\/\/inzain.bike\/sor24-accomodation\/mat3-1\/\" data-url=\"https:\/\/inzain.bike\/wp-content\/uploads\/2023\/11\/mat3-1.jpg\" data-width=\"720\" src=\"https:\/\/i2.wp.com\/inzain.bike\/wp-content\/uploads\/2023\/11\/mat3-1.jpg?ssl=1\" data-amp-layout=\"responsive\"\/><\/figure><\/div><div class=\"tiled-gallery__col\" style=\"flex-basis:57.13110%\"><figure class=\"tiled-gallery__item\"><img decoding=\"async\" alt=\"\" data-height=\"900\" data-id=\"5770\" data-link=\"https:\/\/inzain.bike\/sor24\/attachment\/60914680\/\" data-url=\"https:\/\/inzain.bike\/wp-content\/uploads\/2023\/11\/60914680-1024x768.jpg\" data-width=\"1200\" src=\"https:\/\/i2.wp.com\/inzain.bike\/wp-content\/uploads\/2023\/11\/60914680-1024x768.jpg?ssl=1\" data-amp-layout=\"responsive\"\/><\/figure><\/div><\/div><\/div><\/div>\n\n\n\n<div class=\"wp-block-columns alignwide is-layout-flex wp-container-core-columns-is-layout-28f84493 wp-block-columns-is-layout-flex\">\n<div class=\"wp-block-column is-layout-flow wp-block-column-is-layout-flow\">\n<p>Blommenhof is een heel mooi en populair hotel. Het ligt dichtbij, op slechts 800 meter van het centraal station van Nyk\u00f6ping, 5 km van de luchthaven Stockholm Skavsta, een uur naar Stockholm, 40 minuten van Kolm\u00e5rden, dichtbij voor elk wat wils!<\/p>\n\n\n\n<p>De eerste keer dat je het welkomstbord ziet en naar binnen gaat, sta je versteld. Midden in het bos?<br>Nou niet echt. Aan de ene kant verspreidt de stad zich van verleidingen en afleidingen.<br>Maar aan de andere kant zijn we eigenlijk dik met prachtig gemengd bos. Praktisch buiten de deur kronkelt de S\u00f6rmlandsleden zelf voorbij, net als onze &quot;eigen&quot; routes voor hardlopen of wandelen in het schilderachtige S\u00f6rmland.<\/p>\n\n\n\n<p><strong>Geen enkel ander hotel is zo<\/strong>, en velen geloven dat dit de verklaring is voor onze alom waargenomen ontspannen sfeer.<br>Het bos geeft rust.<br><br>Alle kamers van het Blommenhof Hotel hebben een bureau en kabel-tv. Sommige kamers hebben een bad. Zweedse gerechten met moderne internationale invloeden worden geserveerd in het restaurant van het hotel, dat uitkijkt op de tuin. Er wordt elke ochtend een ontbijtbuffet verzorgd. In de gezellige hotelbar worden diverse drankjes geserveerd. Als gast heeft u toegang tot het zwembad en de ontspanningsruimte<\/p>\n<\/div>\n<\/div>","protected":false},"excerpt":{"rendered":"<p>Blommenhof \u00e4r ett mycket trevligt och omtyckt hotell. Det ligger n\u00e4ra, bara 800 meter fr\u00e5n Nyk\u00f6pings centralstation, 5 km fr\u00e5n Stockholm Skavsta flygplats, en timme till Stockholm, 40 min fr\u00e5n Kolm\u00e5rden, n\u00e4ra n\u00e5got f\u00f6r alla! Man h\u00e4pnar f\u00f6rsta g\u00e5ngen man ser v\u00e4lkomstskylten och sv\u00e4nger in. Mitt i skogen?Nja, inte riktigt. \u00c5t ena h\u00e5llet breder staden [&hellip;]<\/p>\n","protected":false},"author":135133094,"featured_media":0,"parent":0,"menu_order":0,"comment_status":"closed","ping_status":"closed","template":"","meta":{"_coblocks_attr":"","_coblocks_dimensions":"","_coblocks_responsive_height":"","_coblocks_accordion_ie_support":"","footnotes":""},"class_list":["post-5806","page","type-page","status-publish","hentry"],"yoast_head":"<!-- This site is optimized with the Yoast SEO plugin v27.2 - https:\/\/yoast.com\/product\/yoast-seo-wordpress\/ -->\n<title>S\u00f6rmland Boende - INZAIN Cycling EXPERIENCES<\/title>\n<meta name=\"robots\" content=\"index, follow, max-snippet:-1, max-image-preview:large, max-video-preview:-1\" \/>\n<link rel=\"canonical\" href=\"https:\/\/inzain.bike\/nl\/sor24-accomodation\/\" \/>\n<meta property=\"og:locale\" content=\"nl_NL\" \/>\n<meta property=\"og:type\" content=\"article\" \/>\n<meta property=\"og:title\" content=\"S\u00f6rmland Boende - INZAIN Cycling EXPERIENCES\" \/>\n<meta property=\"og:description\" content=\"Blommenhof \u00e4r ett mycket trevligt och omtyckt hotell. Det ligger n\u00e4ra, bara 800 meter fr\u00e5n Nyk\u00f6pings centralstation, 5 km fr\u00e5n Stockholm Skavsta flygplats, en timme till Stockholm, 40 min fr\u00e5n Kolm\u00e5rden, n\u00e4ra n\u00e5got f\u00f6r alla! Man h\u00e4pnar f\u00f6rsta g\u00e5ngen man ser v\u00e4lkomstskylten och sv\u00e4nger in. Mitt i skogen?Nja, inte riktigt. \u00c5t ena h\u00e5llet breder staden [&hellip;]\" \/>\n<meta property=\"og:url\" content=\"https:\/\/inzain.bike\/nl\/sor24-accomodation\/\" \/>\n<meta property=\"og:site_name\" content=\"INZAIN Cycling EXPERIENCES\" \/>\n<meta property=\"article:publisher\" content=\"https:\/\/www.facebook.com\/Inzain.bike\" \/>\n<meta property=\"article:modified_time\" content=\"2023-11-22T19:42:32+00:00\" \/>\n<meta property=\"og:image\" content=\"https:\/\/i2.wp.com\/inzain.bike\/wp-content\/uploads\/2023\/11\/20221214-101430970-ios_orig-1024x682.jpg?ssl=1\" \/>\n<meta name=\"twitter:card\" content=\"summary_large_image\" \/>\n<meta name=\"twitter:label1\" content=\"Geschatte leestijd\" \/>\n\t<meta name=\"twitter:data1\" content=\"4 minuten\" \/>\n<script type=\"application\/ld+json\" class=\"yoast-schema-graph\">{\"@context\":\"https:\/\/schema.org\",\"@graph\":[{\"@type\":\"WebPage\",\"@id\":\"https:\/\/inzain.bike\/da\/sor24-accomodation\/\",\"url\":\"https:\/\/inzain.bike\/da\/sor24-accomodation\/\",\"name\":\"S\u00f6rmland Boende - INZAIN Cycling EXPERIENCES\",\"isPartOf\":{\"@id\":\"https:\/\/inzain.bike\/fr_be\/#website\"},\"primaryImageOfPage\":{\"@id\":\"https:\/\/inzain.bike\/da\/sor24-accomodation\/#primaryimage\"},\"image\":{\"@id\":\"https:\/\/inzain.bike\/da\/sor24-accomodation\/#primaryimage\"},\"thumbnailUrl\":\"https:\/\/i2.wp.com\/inzain.bike\/wp-content\/uploads\/2023\/11\/20221214-101430970-ios_orig-1024x682.jpg?ssl=1\",\"datePublished\":\"2023-11-22T18:13:24+00:00\",\"dateModified\":\"2023-11-22T19:42:32+00:00\",\"breadcrumb\":{\"@id\":\"https:\/\/inzain.bike\/da\/sor24-accomodation\/#breadcrumb\"},\"inLanguage\":\"nl-NL\",\"potentialAction\":[{\"@type\":\"ReadAction\",\"target\":[\"https:\/\/inzain.bike\/da\/sor24-accomodation\/\"]}]},{\"@type\":\"ImageObject\",\"inLanguage\":\"nl-NL\",\"@id\":\"https:\/\/inzain.bike\/da\/sor24-accomodation\/#primaryimage\",\"url\":\"https:\/\/i2.wp.com\/inzain.bike\/wp-content\/uploads\/2023\/11\/20221214-101430970-ios_orig-1024x682.jpg?ssl=1\",\"contentUrl\":\"https:\/\/i2.wp.com\/inzain.bike\/wp-content\/uploads\/2023\/11\/20221214-101430970-ios_orig-1024x682.jpg?ssl=1\"},{\"@type\":\"BreadcrumbList\",\"@id\":\"https:\/\/inzain.bike\/da\/sor24-accomodation\/#breadcrumb\",\"itemListElement\":[{\"@type\":\"ListItem\",\"position\":1,\"name\":\"Hem\",\"item\":\"https:\/\/inzain.bike\/fr_be\/\"},{\"@type\":\"ListItem\",\"position\":2,\"name\":\"S\u00f6rmland Boende\"}]},{\"@type\":\"WebSite\",\"@id\":\"https:\/\/inzain.bike\/fr_be\/#website\",\"url\":\"https:\/\/inzain.bike\/fr_be\/\",\"name\":\"INZAIN Cycling EXPERIENCES\",\"description\":\"Cyckling Adventures  - for everyone\",\"publisher\":{\"@id\":\"https:\/\/inzain.bike\/fr_be\/#organization\"},\"alternateName\":\"INZAIN Gravel & Travel\",\"potentialAction\":[{\"@type\":\"SearchAction\",\"target\":{\"@type\":\"EntryPoint\",\"urlTemplate\":\"https:\/\/inzain.bike\/fr_be\/?s={search_term_string}\"},\"query-input\":{\"@type\":\"PropertyValueSpecification\",\"valueRequired\":true,\"valueName\":\"search_term_string\"}}],\"inLanguage\":\"nl-NL\"},{\"@type\":\"Organization\",\"@id\":\"https:\/\/inzain.bike\/fr_be\/#organization\",\"name\":\"INZAIN Cycling EXPERIENCES\",\"url\":\"https:\/\/inzain.bike\/fr_be\/\",\"logo\":{\"@type\":\"ImageObject\",\"inLanguage\":\"nl-NL\",\"@id\":\"https:\/\/inzain.bike\/fr_be\/#\/schema\/logo\/image\/\",\"url\":\"https:\/\/i0.wp.com\/inzain.bike\/wp-content\/uploads\/2023\/09\/cropped-INZAIN_512x512_white.png?fit=512%2C512&ssl=1\",\"contentUrl\":\"https:\/\/i0.wp.com\/inzain.bike\/wp-content\/uploads\/2023\/09\/cropped-INZAIN_512x512_white.png?fit=512%2C512&ssl=1\",\"width\":512,\"height\":512,\"caption\":\"INZAIN Cycling EXPERIENCES\"},\"image\":{\"@id\":\"https:\/\/inzain.bike\/fr_be\/#\/schema\/logo\/image\/\"},\"sameAs\":[\"https:\/\/www.facebook.com\/Inzain.bike\",\"https:\/\/www.instagram.com\/inzainbike\"]}]}<\/script>\n<!-- \/ Yoast SEO plugin. -->","yoast_head_json":{"title":"S\u00f6rmland Accommodatie - INZAIN FIETSERVARINGEN","robots":{"index":"index","follow":"follow","max-snippet":"max-snippet:-1","max-image-preview":"max-image-preview:large","max-video-preview":"max-video-preview:-1"},"canonical":"https:\/\/inzain.bike\/nl\/sor24-accomodation\/","og_locale":"nl_NL","og_type":"article","og_title":"S\u00f6rmland Boende - INZAIN Cycling EXPERIENCES","og_description":"Blommenhof \u00e4r ett mycket trevligt och omtyckt hotell. Det ligger n\u00e4ra, bara 800 meter fr\u00e5n Nyk\u00f6pings centralstation, 5 km fr\u00e5n Stockholm Skavsta flygplats, en timme till Stockholm, 40 min fr\u00e5n Kolm\u00e5rden, n\u00e4ra n\u00e5got f\u00f6r alla! Man h\u00e4pnar f\u00f6rsta g\u00e5ngen man ser v\u00e4lkomstskylten och sv\u00e4nger in. Mitt i skogen?Nja, inte riktigt. \u00c5t ena h\u00e5llet breder staden [&hellip;]","og_url":"https:\/\/inzain.bike\/nl\/sor24-accomodation\/","og_site_name":"INZAIN Cycling EXPERIENCES","article_publisher":"https:\/\/www.facebook.com\/Inzain.bike","article_modified_time":"2023-11-22T19:42:32+00:00","og_image":[{"url":"https:\/\/i2.wp.com\/inzain.bike\/wp-content\/uploads\/2023\/11\/20221214-101430970-ios_orig-1024x682.jpg?ssl=1","type":"","width":"","height":""}],"twitter_card":"summary_large_image","twitter_misc":{"Geschatte leestijd":"4 minuten"},"schema":{"@context":"https:\/\/schema.org","@graph":[{"@type":"WebPage","@id":"https:\/\/inzain.bike\/da\/sor24-accomodation\/","url":"https:\/\/inzain.bike\/da\/sor24-accomodation\/","name":"S\u00f6rmland Accommodatie - INZAIN FIETSERVARINGEN","isPartOf":{"@id":"https:\/\/inzain.bike\/fr_be\/#website"},"primaryImageOfPage":{"@id":"https:\/\/inzain.bike\/da\/sor24-accomodation\/#primaryimage"},"image":{"@id":"https:\/\/inzain.bike\/da\/sor24-accomodation\/#primaryimage"},"thumbnailUrl":"https:\/\/i2.wp.com\/inzain.bike\/wp-content\/uploads\/2023\/11\/20221214-101430970-ios_orig-1024x682.jpg?ssl=1","datePublished":"2023-11-22T18:13:24+00:00","dateModified":"2023-11-22T19:42:32+00:00","breadcrumb":{"@id":"https:\/\/inzain.bike\/da\/sor24-accomodation\/#breadcrumb"},"inLanguage":"nl-NL","potentialAction":[{"@type":"ReadAction","target":["https:\/\/inzain.bike\/da\/sor24-accomodation\/"]}]},{"@type":"ImageObject","inLanguage":"nl-NL","@id":"https:\/\/inzain.bike\/da\/sor24-accomodation\/#primaryimage","url":"https:\/\/i2.wp.com\/inzain.bike\/wp-content\/uploads\/2023\/11\/20221214-101430970-ios_orig-1024x682.jpg?ssl=1","contentUrl":"https:\/\/i2.wp.com\/inzain.bike\/wp-content\/uploads\/2023\/11\/20221214-101430970-ios_orig-1024x682.jpg?ssl=1"},{"@type":"BreadcrumbList","@id":"https:\/\/inzain.bike\/da\/sor24-accomodation\/#breadcrumb","itemListElement":[{"@type":"ListItem","position":1,"name":"Hem","item":"https:\/\/inzain.bike\/fr_be\/"},{"@type":"ListItem","position":2,"name":"S\u00f6rmland Boende"}]},{"@type":"WebSite","@id":"https:\/\/inzain.bike\/fr_be\/#website","url":"https:\/\/inzain.bike\/fr_be\/","name":"INZAIN fietservaringen","description":"Fietsavonturen - voor iedereen","publisher":{"@id":"https:\/\/inzain.bike\/fr_be\/#organization"},"alternateName":"INZAIN Gravel & Travel","potentialAction":[{"@type":"SearchAction","target":{"@type":"EntryPoint","urlTemplate":"https:\/\/inzain.bike\/fr_be\/?s={search_term_string}"},"query-input":{"@type":"PropertyValueSpecification","valueRequired":true,"valueName":"search_term_string"}}],"inLanguage":"nl-NL"},{"@type":"Organization","@id":"https:\/\/inzain.bike\/fr_be\/#organization","name":"INZAIN fietservaringen","url":"https:\/\/inzain.bike\/fr_be\/","logo":{"@type":"ImageObject","inLanguage":"nl-NL","@id":"https:\/\/inzain.bike\/fr_be\/#\/schema\/logo\/image\/","url":"https:\/\/i0.wp.com\/inzain.bike\/wp-content\/uploads\/2023\/09\/cropped-INZAIN_512x512_white.png?fit=512%2C512&ssl=1","contentUrl":"https:\/\/i0.wp.com\/inzain.bike\/wp-content\/uploads\/2023\/09\/cropped-INZAIN_512x512_white.png?fit=512%2C512&ssl=1","width":512,"height":512,"caption":"INZAIN Cycling EXPERIENCES"},"image":{"@id":"https:\/\/inzain.bike\/fr_be\/#\/schema\/logo\/image\/"},"sameAs":["https:\/\/www.facebook.com\/Inzain.bike","https:\/\/www.instagram.com\/inzainbike"]}]}},"amp_enabled":true,"_links":{"self":[{"href":"https:\/\/inzain.bike\/nl\/wp-json\/wp\/v2\/pages\/5806","targetHints":{"allow":["GET"]}}],"collection":[{"href":"https:\/\/inzain.bike\/nl\/wp-json\/wp\/v2\/pages"}],"about":[{"href":"https:\/\/inzain.bike\/nl\/wp-json\/wp\/v2\/types\/page"}],"author":[{"embeddable":true,"href":"https:\/\/inzain.bike\/nl\/wp-json\/wp\/v2\/users\/135133094"}],"replies":[{"embeddable":true,"href":"https:\/\/inzain.bike\/nl\/wp-json\/wp\/v2\/comments?post=5806"}],"version-history":[{"count":0,"href":"https:\/\/inzain.bike\/nl\/wp-json\/wp\/v2\/pages\/5806\/revisions"}],"wp:attachment":[{"href":"https:\/\/inzain.bike\/nl\/wp-json\/wp\/v2\/media?parent=5806"}],"curies":[{"name":"wp","href":"https:\/\/api.w.org\/{rel}","templated":true}]}}