{"id":6071,"date":"2023-11-25T13:53:59","date_gmt":"2023-11-25T12:53:59","guid":{"rendered":"https:\/\/inzain.bike\/?page_id=6071"},"modified":"2025-08-06T19:32:00","modified_gmt":"2025-08-06T17:32:00","slug":"vrg25-registration","status":"publish","type":"page","link":"https:\/\/inzain.bike\/nl\/vrg25-registration\/","title":{"rendered":"Registratie VRG 2025"},"content":{"rendered":"<figure class=\"wp-block-image alignwide size-full\"><img decoding=\"async\" src=\"https:\/\/inzain.bike\/wp-content\/uploads\/2023\/11\/365846014_1229269801094796_8609940251614705866_n.jpg\" alt=\"\" class=\"wp-image-6072\"\/><\/figure>\n\n\n\n<div class=\"wp-block-columns alignwide is-layout-flex wp-container-core-columns-is-layout-28f84493 wp-block-columns-is-layout-flex\">\n<div class=\"wp-block-column is-layout-flow wp-block-column-is-layout-flow\">\n<p>Registratie is gesloten!<\/p>\n<\/div>\n<\/div>\n\n\n\n<div class=\"wp-block-columns alignwide is-layout-flex wp-container-core-columns-is-layout-28f84493 wp-block-columns-is-layout-flex\" style=\"border-width:18px;border-radius:0px\">\n<div class=\"wp-block-column has-vivid-cyan-blue-background-color has-background is-layout-flow wp-block-column-is-layout-flow\">\n<p class=\"has-roboto-font-family has-custom-font\" style=\"padding-top:0;padding-right:var(--wp--preset--spacing--70);padding-bottom:0;padding-left:var(--wp--preset--spacing--70);font-family:Roboto;font-size:30px\"><br><strong>VRG<\/strong> <\/p>\n\n\n\n<p class=\"has-roboto-font-family has-custom-font\" style=\"padding-top:0;padding-right:var(--wp--preset--spacing--70);padding-bottom:0;padding-left:var(--wp--preset--spacing--70);font-family:Roboto;font-size:25px\"><br><strong>Wat zit erbij?<\/strong><br>Routes<br>Begeleidingsauto<br>Twee overnachtingen met ontbijt<\/p>\n<\/div>\n\n\n\n<div class=\"wp-block-column is-layout-flow wp-block-column-is-layout-flow\" style=\"border-style:none;border-width:0px\"><\/div>\n<\/div>\n\n\n\n<div class=\"wp-block-columns alignwide is-layout-flex wp-container-core-columns-is-layout-28f84493 wp-block-columns-is-layout-flex\">\n<div class=\"wp-block-column is-layout-flow wp-block-column-is-layout-flow\"><\/div>\n\n\n\n<div class=\"wp-block-column is-layout-flow wp-block-column-is-layout-flow\">\n<div class=\"wp-block-buttons is-content-justification-right is-layout-flex wp-container-core-buttons-is-layout-d445cf74 wp-block-buttons-is-layout-flex\">\n<div class=\"wp-block-button has-custom-width wp-block-button__width-75 is-style-circular\"><a class=\"wp-block-button__link has-vivid-cyan-blue-background-color has-background wp-element-button\" href=\"https:\/\/inzain.bike\/nl\/varukorg\/\">Ga verder<\/a><\/div>\n<\/div>\n<\/div>\n<\/div>","protected":false},"excerpt":{"rendered":"<p>Registratie is gesloten! VRG Wat is inbegrepen? Routes Auto Twee overnachtingen met ontbijt<\/p>","protected":false},"author":135133094,"featured_media":0,"parent":0,"menu_order":0,"comment_status":"closed","ping_status":"closed","template":"","meta":{"_coblocks_attr":"","_coblocks_dimensions":"","_coblocks_responsive_height":"","_coblocks_accordion_ie_support":"","footnotes":""},"class_list":["post-6071","page","type-page","status-publish","hentry"],"yoast_head":"<!-- This site is optimized with the Yoast SEO plugin v27.2 - https:\/\/yoast.com\/product\/yoast-seo-wordpress\/ -->\n<title>Anm\u00e4lan VRG 2025 - INZAIN Cycling EXPERIENCES<\/title>\n<meta name=\"robots\" content=\"index, follow, max-snippet:-1, max-image-preview:large, max-video-preview:-1\" \/>\n<link rel=\"canonical\" href=\"https:\/\/inzain.bike\/nl\/vrg25-registration\/\" \/>\n<meta property=\"og:locale\" content=\"nl_NL\" \/>\n<meta property=\"og:type\" content=\"article\" \/>\n<meta property=\"og:title\" content=\"Anm\u00e4lan VRG 2025 - INZAIN Cycling EXPERIENCES\" \/>\n<meta property=\"og:description\" content=\"Anm\u00e4lan \u00e4r st\u00e4ngd! VRG Vad ing\u00e5r?RutterF\u00f6ljebilTv\u00e5 \u00f6vernattningar med Frukost\" \/>\n<meta property=\"og:url\" content=\"https:\/\/inzain.bike\/nl\/vrg25-registration\/\" \/>\n<meta property=\"og:site_name\" content=\"INZAIN Cycling EXPERIENCES\" \/>\n<meta property=\"article:publisher\" content=\"https:\/\/www.facebook.com\/Inzain.bike\" \/>\n<meta property=\"article:modified_time\" content=\"2025-08-06T17:32:00+00:00\" \/>\n<meta property=\"og:image\" content=\"https:\/\/inzain.bike\/wp-content\/uploads\/2023\/11\/365846014_1229269801094796_8609940251614705866_n.jpg\" \/>\n<meta name=\"twitter:card\" content=\"summary_large_image\" \/>\n<meta name=\"twitter:label1\" content=\"Geschatte leestijd\" \/>\n\t<meta name=\"twitter:data1\" content=\"1 minuut\" \/>\n<script type=\"application\/ld+json\" class=\"yoast-schema-graph\">{\"@context\":\"https:\/\/schema.org\",\"@graph\":[{\"@type\":\"WebPage\",\"@id\":\"https:\/\/inzain.bike\/nl\/vrg25-registration\/\",\"url\":\"https:\/\/inzain.bike\/nl\/vrg25-registration\/\",\"name\":\"Anm\u00e4lan VRG 2025 - INZAIN Cycling EXPERIENCES\",\"isPartOf\":{\"@id\":\"https:\/\/inzain.bike\/fr_be\/#website\"},\"primaryImageOfPage\":{\"@id\":\"https:\/\/inzain.bike\/nl\/vrg25-registration\/#primaryimage\"},\"image\":{\"@id\":\"https:\/\/inzain.bike\/nl\/vrg25-registration\/#primaryimage\"},\"thumbnailUrl\":\"https:\/\/inzain.bike\/wp-content\/uploads\/2023\/11\/365846014_1229269801094796_8609940251614705866_n.jpg\",\"datePublished\":\"2023-11-25T12:53:59+00:00\",\"dateModified\":\"2025-08-06T17:32:00+00:00\",\"breadcrumb\":{\"@id\":\"https:\/\/inzain.bike\/nl\/vrg25-registration\/#breadcrumb\"},\"inLanguage\":\"nl-NL\",\"potentialAction\":[{\"@type\":\"ReadAction\",\"target\":[\"https:\/\/inzain.bike\/nl\/vrg25-registration\/\"]}]},{\"@type\":\"ImageObject\",\"inLanguage\":\"nl-NL\",\"@id\":\"https:\/\/inzain.bike\/nl\/vrg25-registration\/#primaryimage\",\"url\":\"https:\/\/inzain.bike\/wp-content\/uploads\/2023\/11\/365846014_1229269801094796_8609940251614705866_n.jpg\",\"contentUrl\":\"https:\/\/inzain.bike\/wp-content\/uploads\/2023\/11\/365846014_1229269801094796_8609940251614705866_n.jpg\"},{\"@type\":\"BreadcrumbList\",\"@id\":\"https:\/\/inzain.bike\/nl\/vrg25-registration\/#breadcrumb\",\"itemListElement\":[{\"@type\":\"ListItem\",\"position\":1,\"name\":\"Hem\",\"item\":\"https:\/\/inzain.bike\/fr_be\/\"},{\"@type\":\"ListItem\",\"position\":2,\"name\":\"Anm\u00e4lan VRG 2025\"}]},{\"@type\":\"WebSite\",\"@id\":\"https:\/\/inzain.bike\/fr_be\/#website\",\"url\":\"https:\/\/inzain.bike\/fr_be\/\",\"name\":\"INZAIN Cycling EXPERIENCES\",\"description\":\"Cyckling Adventures  - for everyone\",\"publisher\":{\"@id\":\"https:\/\/inzain.bike\/fr_be\/#organization\"},\"alternateName\":\"INZAIN Gravel & Travel\",\"potentialAction\":[{\"@type\":\"SearchAction\",\"target\":{\"@type\":\"EntryPoint\",\"urlTemplate\":\"https:\/\/inzain.bike\/fr_be\/?s={search_term_string}\"},\"query-input\":{\"@type\":\"PropertyValueSpecification\",\"valueRequired\":true,\"valueName\":\"search_term_string\"}}],\"inLanguage\":\"nl-NL\"},{\"@type\":\"Organization\",\"@id\":\"https:\/\/inzain.bike\/fr_be\/#organization\",\"name\":\"INZAIN Cycling EXPERIENCES\",\"url\":\"https:\/\/inzain.bike\/fr_be\/\",\"logo\":{\"@type\":\"ImageObject\",\"inLanguage\":\"nl-NL\",\"@id\":\"https:\/\/inzain.bike\/fr_be\/#\/schema\/logo\/image\/\",\"url\":\"https:\/\/i0.wp.com\/inzain.bike\/wp-content\/uploads\/2023\/09\/cropped-INZAIN_512x512_white.png?fit=512%2C512&ssl=1\",\"contentUrl\":\"https:\/\/i0.wp.com\/inzain.bike\/wp-content\/uploads\/2023\/09\/cropped-INZAIN_512x512_white.png?fit=512%2C512&ssl=1\",\"width\":512,\"height\":512,\"caption\":\"INZAIN Cycling EXPERIENCES\"},\"image\":{\"@id\":\"https:\/\/inzain.bike\/fr_be\/#\/schema\/logo\/image\/\"},\"sameAs\":[\"https:\/\/www.facebook.com\/Inzain.bike\",\"https:\/\/www.instagram.com\/inzainbike\"]}]}<\/script>\n<!-- \/ Yoast SEO plugin. -->","yoast_head_json":{"title":"Inschrijving VRG 2025 - INZAIN Fietservaringen","robots":{"index":"index","follow":"follow","max-snippet":"max-snippet:-1","max-image-preview":"max-image-preview:large","max-video-preview":"max-video-preview:-1"},"canonical":"https:\/\/inzain.bike\/nl\/vrg25-registration\/","og_locale":"nl_NL","og_type":"article","og_title":"Anm\u00e4lan VRG 2025 - INZAIN Cycling EXPERIENCES","og_description":"Anm\u00e4lan \u00e4r st\u00e4ngd! VRG Vad ing\u00e5r?RutterF\u00f6ljebilTv\u00e5 \u00f6vernattningar med Frukost","og_url":"https:\/\/inzain.bike\/nl\/vrg25-registration\/","og_site_name":"INZAIN Cycling EXPERIENCES","article_publisher":"https:\/\/www.facebook.com\/Inzain.bike","article_modified_time":"2025-08-06T17:32:00+00:00","og_image":[{"url":"https:\/\/inzain.bike\/wp-content\/uploads\/2023\/11\/365846014_1229269801094796_8609940251614705866_n.jpg","type":"","width":"","height":""}],"twitter_card":"summary_large_image","twitter_misc":{"Geschatte leestijd":"1 minuut"},"schema":{"@context":"https:\/\/schema.org","@graph":[{"@type":"WebPage","@id":"https:\/\/inzain.bike\/nl\/vrg25-registration\/","url":"https:\/\/inzain.bike\/nl\/vrg25-registration\/","name":"Inschrijving VRG 2025 - INZAIN Fietservaringen","isPartOf":{"@id":"https:\/\/inzain.bike\/fr_be\/#website"},"primaryImageOfPage":{"@id":"https:\/\/inzain.bike\/nl\/vrg25-registration\/#primaryimage"},"image":{"@id":"https:\/\/inzain.bike\/nl\/vrg25-registration\/#primaryimage"},"thumbnailUrl":"https:\/\/inzain.bike\/wp-content\/uploads\/2023\/11\/365846014_1229269801094796_8609940251614705866_n.jpg","datePublished":"2023-11-25T12:53:59+00:00","dateModified":"2025-08-06T17:32:00+00:00","breadcrumb":{"@id":"https:\/\/inzain.bike\/nl\/vrg25-registration\/#breadcrumb"},"inLanguage":"nl-NL","potentialAction":[{"@type":"ReadAction","target":["https:\/\/inzain.bike\/nl\/vrg25-registration\/"]}]},{"@type":"ImageObject","inLanguage":"nl-NL","@id":"https:\/\/inzain.bike\/nl\/vrg25-registration\/#primaryimage","url":"https:\/\/inzain.bike\/wp-content\/uploads\/2023\/11\/365846014_1229269801094796_8609940251614705866_n.jpg","contentUrl":"https:\/\/inzain.bike\/wp-content\/uploads\/2023\/11\/365846014_1229269801094796_8609940251614705866_n.jpg"},{"@type":"BreadcrumbList","@id":"https:\/\/inzain.bike\/nl\/vrg25-registration\/#breadcrumb","itemListElement":[{"@type":"ListItem","position":1,"name":"Hem","item":"https:\/\/inzain.bike\/fr_be\/"},{"@type":"ListItem","position":2,"name":"Anm\u00e4lan VRG 2025"}]},{"@type":"WebSite","@id":"https:\/\/inzain.bike\/fr_be\/#website","url":"https:\/\/inzain.bike\/fr_be\/","name":"INZAIN fietservaringen","description":"Fietsavonturen - voor iedereen","publisher":{"@id":"https:\/\/inzain.bike\/fr_be\/#organization"},"alternateName":"INZAIN Gravel & Travel","potentialAction":[{"@type":"SearchAction","target":{"@type":"EntryPoint","urlTemplate":"https:\/\/inzain.bike\/fr_be\/?s={search_term_string}"},"query-input":{"@type":"PropertyValueSpecification","valueRequired":true,"valueName":"search_term_string"}}],"inLanguage":"nl-NL"},{"@type":"Organization","@id":"https:\/\/inzain.bike\/fr_be\/#organization","name":"INZAIN fietservaringen","url":"https:\/\/inzain.bike\/fr_be\/","logo":{"@type":"ImageObject","inLanguage":"nl-NL","@id":"https:\/\/inzain.bike\/fr_be\/#\/schema\/logo\/image\/","url":"https:\/\/i0.wp.com\/inzain.bike\/wp-content\/uploads\/2023\/09\/cropped-INZAIN_512x512_white.png?fit=512%2C512&ssl=1","contentUrl":"https:\/\/i0.wp.com\/inzain.bike\/wp-content\/uploads\/2023\/09\/cropped-INZAIN_512x512_white.png?fit=512%2C512&ssl=1","width":512,"height":512,"caption":"INZAIN Cycling EXPERIENCES"},"image":{"@id":"https:\/\/inzain.bike\/fr_be\/#\/schema\/logo\/image\/"},"sameAs":["https:\/\/www.facebook.com\/Inzain.bike","https:\/\/www.instagram.com\/inzainbike"]}]}},"amp_enabled":true,"_links":{"self":[{"href":"https:\/\/inzain.bike\/nl\/wp-json\/wp\/v2\/pages\/6071","targetHints":{"allow":["GET"]}}],"collection":[{"href":"https:\/\/inzain.bike\/nl\/wp-json\/wp\/v2\/pages"}],"about":[{"href":"https:\/\/inzain.bike\/nl\/wp-json\/wp\/v2\/types\/page"}],"author":[{"embeddable":true,"href":"https:\/\/inzain.bike\/nl\/wp-json\/wp\/v2\/users\/135133094"}],"replies":[{"embeddable":true,"href":"https:\/\/inzain.bike\/nl\/wp-json\/wp\/v2\/comments?post=6071"}],"version-history":[{"count":4,"href":"https:\/\/inzain.bike\/nl\/wp-json\/wp\/v2\/pages\/6071\/revisions"}],"predecessor-version":[{"id":8341,"href":"https:\/\/inzain.bike\/nl\/wp-json\/wp\/v2\/pages\/6071\/revisions\/8341"}],"wp:attachment":[{"href":"https:\/\/inzain.bike\/nl\/wp-json\/wp\/v2\/media?parent=6071"}],"curies":[{"name":"wp","href":"https:\/\/api.w.org\/{rel}","templated":true}]}}