{"id":67,"date":"2021-03-25T15:39:17","date_gmt":"2021-03-25T14:39:17","guid":{"rendered":"https:\/\/inzain.bike\/?page_id=67"},"modified":"2023-08-30T10:54:30","modified_gmt":"2023-08-30T08:54:30","slug":"event","status":"publish","type":"page","link":"https:\/\/inzain.bike\/nl\/event\/","title":{"rendered":"Evenementen"},"content":{"rendered":"<p>INZAIN Gravel heeft als doel het organiseren van hoogwaardige Gravel-evenementen.<\/p>\n\n\n\n<p>Wij willen fantastische routes, fijne koffies en de focus op veiligheid en plezier aanbieden. Tegelijkertijd wordt ieder van ons waarschijnlijk getriggerd door onszelf uit te dagen om zowel sneller als verder te fietsen dan voorheen.<br><br><strong>Evenementen voor 2023<\/strong><\/p>\n\n\n\n<p><s><a href=\"https:\/\/inzain.bike\/nl\/inzain-casacalma-gran-canaria-gravel-camp\/\">27 januari \u2013 4 februari Gran Canaria Gravel Camp<\/a> <\/s>KLAAR<br> <s><a href=\"https:\/\/inzain.bike\/nl\/lanzarote-gravel-camp-2023\/\">20-27 februari Lanzarote Gravel Camp<\/a><\/s>KLAAR<br><s><a href=\"https:\/\/inzain.bike\/nl\/inzain-mallorca-camp-easter-2023\/\">7-16 april Gravel Camp op Mallorca<\/a><\/s> KLAAR<br><s><a href=\"https:\/\/inzain.bike\/nl\/girona-gravel-camp-2023\/\">6-14 mei Girona Gravel Camp<\/a> <\/s>KLAAR<br> <s><a href=\"https:\/\/inzain.bike\/nl\/sormland-gravel-camp\/\">20-21 mei S\u00f6rmland Gravelkamp<\/a><\/s> KLAAR<br> <s><a href=\"https:\/\/inzain.bike\/nl\/finland-gravel-randonee\/\">3-6 juni Finland Gravel Tour<\/a><\/s> KLAAR<br> <s><a href=\"https:\/\/inzain.bike\/nl\/dalsland-gravel-camp\/\">17-18 juni Dalsland Gravel Camp<\/a><\/s> KLAAR <br> <s><a href=\"https:\/\/inzain.bike\/nl\/inzain-solstice-gravel-ride-2023\/\">22-23 juni Zonnewenderit<\/a><\/s> KLAAR<br><s><a href=\"https:\/\/inzain.bike\/nl\/savenfors-gravel-camp\/\">29-30 juli S\u00e4venfors Gravel Camp<\/a><\/s> KLAAR<br><s><a href=\"https:\/\/inzain.bike\/nl\/vattern-runt-gravel-tour\/\">11-13 augustus V\u00e4ttern Runt, op grind!<\/a><\/s> KLAAR<br><s><a href=\"https:\/\/inzain.bike\/nl\/bubo-falun-gravel-weekend\/\">25-27 augustus BuBo Bubo Gravelkamp Falun<\/a><\/s> KLAAR<br>\n<a href=\"https:\/\/inzain.bike\/nl\/gotland-gravel-camp-2023\/\">21-24 september Gotland Aur-kamp<\/a> NOG EEN PAAR PLAATSEN<br>\n<a href=\"https:\/\/inzain.bike\/nl\/toscana-gravel-tour-2023\/\">7-15 oktober Graveltour door Toscane<\/a>VOLGEBOEKT<br><\/p>\n\n\n\n<p><strong>Evenement dat wij in 2022 hebben georganiseerd<\/strong><\/p>\n\n\n\n<p><a href=\"https:\/\/inzain.bike\/nl\/inzain-lanzarote-gravel-2022\/\">14-21 februari Lanzarote Gravel<\/a><br><a href=\"https:\/\/inzain.bike\/nl\/inzain-mallorca-camp-easter-2022\/\">8-18 april 2022 Gravelkamp op Mallorca<\/a><br><a href=\"https:\/\/inzain.bike\/nl\/inzain-ostergotland-gravel-camp\/\">14-15 mei \u00d6sterg\u00f6tland Gravelweekend<\/a><br><a href=\"https:\/\/inzain.bike\/nl\/falun-gravel-weekend\/\">21-22 mei Falun Gravelkamp<\/a><br><a href=\"https:\/\/inzain.bike\/nl\/inzain-skane-gravel-adventure\/\">4-6 juni Sk\u00e5ne Gravel Tour<\/a><br><a href=\"https:\/\/inzain.bike\/nl\/inzain-orebro-gravel-camp\/\">18-19 juni Bergslagen Gravelweekend<\/a><br><a href=\"https:\/\/inzain.bike\/nl\/inzain-solstice-gravel-ride\/\">23 juni Zonnewenderit Stockholm<\/a><br><a href=\"https:\/\/inzain.bike\/nl\/inzain-smaland-gravel-camp\/\">13-14 augustus Sm\u00e5land grindweekend<\/a><br>\n<a href=\"https:\/\/inzain.bike\/nl\/inzain-toscana-gravel-tour-2022\/\">8-16 oktober Toscane Gravel Randonn\u00e9e<\/a><\/p>\n\n\n\n<p><br><strong>Evenement dat wij in 2021 hebben georganiseerd<\/strong>:<br>Tijdens de warme periode regelden we een tocht op een doordeweekse avond en een iets langere afstand in het weekend. De meesten van hen in M\u00e4lardalen. De ritten waren tussen de 70 en 140 km, vaak met mogelijkheid tot inkorten en altijd samen.<\/p>\n\n\n\n<p>Hier kun je een kleine odyssee over het grindjaar 2021 zien.<\/p>\n\n\n\n<figure class=\"wp-block-embed is-type-video is-provider-youtube wp-block-embed-youtube wp-embed-aspect-16-9 wp-has-aspect-ratio\"><div class=\"wp-block-embed__wrapper\">\n<iframe loading=\"lazy\" title=\"Grind 2021\" width=\"500\" height=\"281\" src=\"https:\/\/www.youtube.com\/embed\/oHZObhfHCC0?feature=oembed\" frameborder=\"0\" allow=\"accelerometer; autoplay; clipboard-write; encrypted-media; gyroscope; picture-in-picture; web-share\" referrerpolicy=\"strict-origin-when-cross-origin\" allowfullscreen><\/iframe>\n<\/div><figcaption class=\"wp-element-caption\">2021 Inzain-grind<\/figcaption><\/figure>\n\n\n\n<p><br><br><br><strong>Gran Canaria in februari 2021<\/strong><\/p>\n\n\n\n<p>Pioniers bij GC samen met Carl-Johan Paulin. Echt leuk maar ook stoer.<br>Hier is een film over het avontuur.<\/p>\n\n\n\n<figure class=\"wp-block-embed is-type-video is-provider-youtube wp-block-embed-youtube wp-embed-aspect-16-9 wp-has-aspect-ratio\"><div class=\"wp-block-embed__wrapper\">\n<iframe loading=\"lazy\" title=\"Canaria Grind Aldea\" width=\"500\" height=\"281\" src=\"https:\/\/www.youtube.com\/embed\/Ju-kwHqkF3A?feature=oembed\" frameborder=\"0\" allow=\"accelerometer; autoplay; clipboard-write; encrypted-media; gyroscope; picture-in-picture; web-share\" referrerpolicy=\"strict-origin-when-cross-origin\" allowfullscreen><\/iframe>\n<\/div><figcaption class=\"wp-element-caption\">Gevel op Gran Canaria<\/figcaption><\/figure>\n\n\n\n<p><br><\/p>\n\n\n\n<p><strong>IGG200 juli 2021<\/strong><\/p>\n\n\n\n<p><em>Voor de meeste mensen kan het fietsen van 100 mijl of ongeveer 160 km over onverharde wegen en paden onbetaalbaar aanvoelen, ja gewoonweg waanzinnig ver. Een zogenaamde \u2018Century ride\u2019, en dan de volle 200 mijl of 322 km fietsen is gewoon idioot ver. Gewoon <\/em>INZAIN!  <\/p>\n\n\n\n<p>Eind juli 2021 waren we uitgenodigd voor een zogenaamde &quot;Double Century Gravel Grinder&quot; in de omgeving van Uppsala. Er kon gekozen worden tussen de afstanden 50, 100 en 200 mijl of 80, 161 en 322 km.<\/p>\n\n\n\n<p><a href=\"https:\/\/inzain.bike\/nl\/inzain-200-100-50-mile-gravel-grinder\/\">Inzain 200 Mile Gravel Uppland juli 2021<\/a><\/p>\n\n\n\n<p>Het landschap rond Uppsala, Uppland, biedt over het algemeen vrij &quot;vriendelijk&quot; terrein, en daarom dachten we dat veel mensen onze &quot;Double Century&quot; overdag zouden halen. Eind juli waren de schaduwen echter iets langer en de dagen korter geworden, dus het was toch een echte uitdaging.<\/p>\n\n\n\n<p>We vertrokken met twee groepen fietsers, sommige op 161 km en sommige op 322 km. Het was een ontzettend mooie en ook warme dag. 27 graden in de middag lieten hun sporen na op de deelnemers. Wij die in de pits stonden, hebben waarschijnlijk nog nooit zulke enthousiaste deelnemers ontmoet. Het wielrennen verliep voorspoedig en de meesten haalden uiteindelijk de finish. De tweede helft van de lange ronde was waarschijnlijk de zwaarste. Op verschillende stukken was nieuw grof grind aangebracht, wat de reis extra lastig maakte. Desondanks werden er verschillende hero\u00efsche inspanningen geleverd door de dappere deelnemers.<br><br><br><strong>Grind op Mallorca in oktober 2021<\/strong><\/p>\n\n\n\n<p>Inzain regelde in oktober 2021 een reis naar Mallorca met fantastisch grind. We waren in april aan het vissen en hadden nu iets heel extra&#039;s gecre\u00eberd.<br><br>Lees hier alles: <a href=\"https:\/\/inzain.bike\/nl\/mallorca-gravel-oktober-2021\/\">https:\/\/inzain.bike\/mallorca-gravel-oktober-2021\/<\/a><\/p>\n\n\n\n<p><\/p>","protected":false},"excerpt":{"rendered":"<p>INZAIN Gravel har som m\u00e5ls\u00e4ttning att arrangera h\u00f6gklassiga Gravel-event. Vi vill erbjuda fantastiska rutter, fina fikor och fokus p\u00e5 s\u00e4kerhet och gl\u00e4dje. Samtidigt triggas vi v\u00e4l var och en av att utmana oss sj\u00e4lva till att cykla b\u00e5de snabbare och l\u00e4ngre \u00e4n f\u00f6rut. Event f\u00f6r 2023 27 jan &#8211; 4 februari Gran Canaria Gravel Camp [&hellip;]<\/p>\n","protected":false},"author":135133094,"featured_media":0,"parent":0,"menu_order":0,"comment_status":"closed","ping_status":"closed","template":"","meta":{"_coblocks_attr":"","_coblocks_dimensions":"","_coblocks_responsive_height":"","_coblocks_accordion_ie_support":"","footnotes":""},"class_list":["post-67","page","type-page","status-publish","hentry"],"yoast_head":"<!-- This site is optimized with the Yoast SEO plugin v27.2 - https:\/\/yoast.com\/product\/yoast-seo-wordpress\/ -->\n<title>Event - INZAIN Cycling EXPERIENCES<\/title>\n<meta name=\"robots\" content=\"index, follow, max-snippet:-1, max-image-preview:large, max-video-preview:-1\" \/>\n<link rel=\"canonical\" href=\"https:\/\/inzain.bike\/nl\/event\/\" \/>\n<meta property=\"og:locale\" content=\"nl_NL\" \/>\n<meta property=\"og:type\" content=\"article\" \/>\n<meta property=\"og:title\" content=\"Event - INZAIN Cycling EXPERIENCES\" \/>\n<meta property=\"og:description\" content=\"INZAIN Gravel har som m\u00e5ls\u00e4ttning att arrangera h\u00f6gklassiga Gravel-event. Vi vill erbjuda fantastiska rutter, fina fikor och fokus p\u00e5 s\u00e4kerhet och gl\u00e4dje. Samtidigt triggas vi v\u00e4l var och en av att utmana oss sj\u00e4lva till att cykla b\u00e5de snabbare och l\u00e4ngre \u00e4n f\u00f6rut. Event f\u00f6r 2023 27 jan &#8211; 4 februari Gran Canaria Gravel Camp [&hellip;]\" \/>\n<meta property=\"og:url\" content=\"https:\/\/inzain.bike\/nl\/event\/\" \/>\n<meta property=\"og:site_name\" content=\"INZAIN Cycling EXPERIENCES\" \/>\n<meta property=\"article:publisher\" content=\"https:\/\/www.facebook.com\/Inzain.bike\" \/>\n<meta property=\"article:modified_time\" content=\"2023-08-30T08:54:30+00:00\" \/>\n<meta name=\"twitter:card\" content=\"summary_large_image\" \/>\n<meta name=\"twitter:label1\" content=\"Geschatte leestijd\" \/>\n\t<meta name=\"twitter:data1\" content=\"3 minuten\" \/>\n<script type=\"application\/ld+json\" class=\"yoast-schema-graph\">{\"@context\":\"https:\/\/schema.org\",\"@graph\":[{\"@type\":\"WebPage\",\"@id\":\"https:\/\/inzain.bike\/en\/event\/\",\"url\":\"https:\/\/inzain.bike\/en\/event\/\",\"name\":\"Event - INZAIN Cycling EXPERIENCES\",\"isPartOf\":{\"@id\":\"https:\/\/inzain.bike\/fr_be\/#website\"},\"datePublished\":\"2021-03-25T14:39:17+00:00\",\"dateModified\":\"2023-08-30T08:54:30+00:00\",\"breadcrumb\":{\"@id\":\"https:\/\/inzain.bike\/en\/event\/#breadcrumb\"},\"inLanguage\":\"nl-NL\",\"potentialAction\":[{\"@type\":\"ReadAction\",\"target\":[\"https:\/\/inzain.bike\/en\/event\/\"]}]},{\"@type\":\"BreadcrumbList\",\"@id\":\"https:\/\/inzain.bike\/en\/event\/#breadcrumb\",\"itemListElement\":[{\"@type\":\"ListItem\",\"position\":1,\"name\":\"Hem\",\"item\":\"https:\/\/inzain.bike\/fr_be\/\"},{\"@type\":\"ListItem\",\"position\":2,\"name\":\"Event\"}]},{\"@type\":\"WebSite\",\"@id\":\"https:\/\/inzain.bike\/fr_be\/#website\",\"url\":\"https:\/\/inzain.bike\/fr_be\/\",\"name\":\"INZAIN Cycling EXPERIENCES\",\"description\":\"Cyckling Adventures  - for everyone\",\"publisher\":{\"@id\":\"https:\/\/inzain.bike\/fr_be\/#organization\"},\"alternateName\":\"INZAIN Gravel & Travel\",\"potentialAction\":[{\"@type\":\"SearchAction\",\"target\":{\"@type\":\"EntryPoint\",\"urlTemplate\":\"https:\/\/inzain.bike\/fr_be\/?s={search_term_string}\"},\"query-input\":{\"@type\":\"PropertyValueSpecification\",\"valueRequired\":true,\"valueName\":\"search_term_string\"}}],\"inLanguage\":\"nl-NL\"},{\"@type\":\"Organization\",\"@id\":\"https:\/\/inzain.bike\/fr_be\/#organization\",\"name\":\"INZAIN Cycling EXPERIENCES\",\"url\":\"https:\/\/inzain.bike\/fr_be\/\",\"logo\":{\"@type\":\"ImageObject\",\"inLanguage\":\"nl-NL\",\"@id\":\"https:\/\/inzain.bike\/fr_be\/#\/schema\/logo\/image\/\",\"url\":\"https:\/\/i0.wp.com\/inzain.bike\/wp-content\/uploads\/2023\/09\/cropped-INZAIN_512x512_white.png?fit=512%2C512&ssl=1\",\"contentUrl\":\"https:\/\/i0.wp.com\/inzain.bike\/wp-content\/uploads\/2023\/09\/cropped-INZAIN_512x512_white.png?fit=512%2C512&ssl=1\",\"width\":512,\"height\":512,\"caption\":\"INZAIN Cycling EXPERIENCES\"},\"image\":{\"@id\":\"https:\/\/inzain.bike\/fr_be\/#\/schema\/logo\/image\/\"},\"sameAs\":[\"https:\/\/www.facebook.com\/Inzain.bike\",\"https:\/\/www.instagram.com\/inzainbike\"]}]}<\/script>\n<!-- \/ Yoast SEO plugin. -->","yoast_head_json":{"title":"Evenement - INZAIN Fietservaringen","robots":{"index":"index","follow":"follow","max-snippet":"max-snippet:-1","max-image-preview":"max-image-preview:large","max-video-preview":"max-video-preview:-1"},"canonical":"https:\/\/inzain.bike\/nl\/event\/","og_locale":"nl_NL","og_type":"article","og_title":"Event - INZAIN Cycling EXPERIENCES","og_description":"INZAIN Gravel har som m\u00e5ls\u00e4ttning att arrangera h\u00f6gklassiga Gravel-event. Vi vill erbjuda fantastiska rutter, fina fikor och fokus p\u00e5 s\u00e4kerhet och gl\u00e4dje. Samtidigt triggas vi v\u00e4l var och en av att utmana oss sj\u00e4lva till att cykla b\u00e5de snabbare och l\u00e4ngre \u00e4n f\u00f6rut. Event f\u00f6r 2023 27 jan &#8211; 4 februari Gran Canaria Gravel Camp [&hellip;]","og_url":"https:\/\/inzain.bike\/nl\/event\/","og_site_name":"INZAIN Cycling EXPERIENCES","article_publisher":"https:\/\/www.facebook.com\/Inzain.bike","article_modified_time":"2023-08-30T08:54:30+00:00","twitter_card":"summary_large_image","twitter_misc":{"Geschatte leestijd":"3 minuten"},"schema":{"@context":"https:\/\/schema.org","@graph":[{"@type":"WebPage","@id":"https:\/\/inzain.bike\/en\/event\/","url":"https:\/\/inzain.bike\/en\/event\/","name":"Evenement - INZAIN Fietservaringen","isPartOf":{"@id":"https:\/\/inzain.bike\/fr_be\/#website"},"datePublished":"2021-03-25T14:39:17+00:00","dateModified":"2023-08-30T08:54:30+00:00","breadcrumb":{"@id":"https:\/\/inzain.bike\/en\/event\/#breadcrumb"},"inLanguage":"nl-NL","potentialAction":[{"@type":"ReadAction","target":["https:\/\/inzain.bike\/en\/event\/"]}]},{"@type":"BreadcrumbList","@id":"https:\/\/inzain.bike\/en\/event\/#breadcrumb","itemListElement":[{"@type":"ListItem","position":1,"name":"Hem","item":"https:\/\/inzain.bike\/fr_be\/"},{"@type":"ListItem","position":2,"name":"Event"}]},{"@type":"WebSite","@id":"https:\/\/inzain.bike\/fr_be\/#website","url":"https:\/\/inzain.bike\/fr_be\/","name":"INZAIN fietservaringen","description":"Fietsavonturen - voor iedereen","publisher":{"@id":"https:\/\/inzain.bike\/fr_be\/#organization"},"alternateName":"INZAIN Gravel & Travel","potentialAction":[{"@type":"SearchAction","target":{"@type":"EntryPoint","urlTemplate":"https:\/\/inzain.bike\/fr_be\/?s={search_term_string}"},"query-input":{"@type":"PropertyValueSpecification","valueRequired":true,"valueName":"search_term_string"}}],"inLanguage":"nl-NL"},{"@type":"Organization","@id":"https:\/\/inzain.bike\/fr_be\/#organization","name":"INZAIN fietservaringen","url":"https:\/\/inzain.bike\/fr_be\/","logo":{"@type":"ImageObject","inLanguage":"nl-NL","@id":"https:\/\/inzain.bike\/fr_be\/#\/schema\/logo\/image\/","url":"https:\/\/i0.wp.com\/inzain.bike\/wp-content\/uploads\/2023\/09\/cropped-INZAIN_512x512_white.png?fit=512%2C512&ssl=1","contentUrl":"https:\/\/i0.wp.com\/inzain.bike\/wp-content\/uploads\/2023\/09\/cropped-INZAIN_512x512_white.png?fit=512%2C512&ssl=1","width":512,"height":512,"caption":"INZAIN Cycling EXPERIENCES"},"image":{"@id":"https:\/\/inzain.bike\/fr_be\/#\/schema\/logo\/image\/"},"sameAs":["https:\/\/www.facebook.com\/Inzain.bike","https:\/\/www.instagram.com\/inzainbike"]}]}},"amp_enabled":true,"_links":{"self":[{"href":"https:\/\/inzain.bike\/nl\/wp-json\/wp\/v2\/pages\/67","targetHints":{"allow":["GET"]}}],"collection":[{"href":"https:\/\/inzain.bike\/nl\/wp-json\/wp\/v2\/pages"}],"about":[{"href":"https:\/\/inzain.bike\/nl\/wp-json\/wp\/v2\/types\/page"}],"author":[{"embeddable":true,"href":"https:\/\/inzain.bike\/nl\/wp-json\/wp\/v2\/users\/135133094"}],"replies":[{"embeddable":true,"href":"https:\/\/inzain.bike\/nl\/wp-json\/wp\/v2\/comments?post=67"}],"version-history":[{"count":0,"href":"https:\/\/inzain.bike\/nl\/wp-json\/wp\/v2\/pages\/67\/revisions"}],"wp:attachment":[{"href":"https:\/\/inzain.bike\/nl\/wp-json\/wp\/v2\/media?parent=67"}],"curies":[{"name":"wp","href":"https:\/\/api.w.org\/{rel}","templated":true}]}}