{"id":7814,"date":"2025-03-05T08:09:24","date_gmt":"2025-03-05T07:09:24","guid":{"rendered":"https:\/\/inzain.bike\/?page_id=7814"},"modified":"2025-03-30T16:41:59","modified_gmt":"2025-03-30T14:41:59","slug":"polen-2025","status":"publish","type":"page","link":"https:\/\/inzain.bike\/nl\/polen-2025\/","title":{"rendered":"Polen 2025"},"content":{"rendered":"\n<figure class=\"wp-block-image size-large\"><img loading=\"lazy\" decoding=\"async\" width=\"1024\" height=\"576\" src=\"https:\/\/inzain.bike\/wp-content\/uploads\/2024\/06\/gravel010623-1024x576.jpg\" alt=\"\" class=\"wp-image-7495\" srcset=\"https:\/\/inzain.bike\/wp-content\/uploads\/2024\/06\/gravel010623-1024x576.jpg 1024w, https:\/\/inzain.bike\/wp-content\/uploads\/2024\/06\/gravel010623-300x169.jpg 300w, https:\/\/inzain.bike\/wp-content\/uploads\/2024\/06\/gravel010623-768x432.jpg 768w, https:\/\/inzain.bike\/wp-content\/uploads\/2024\/06\/gravel010623-18x10.jpg 18w, https:\/\/inzain.bike\/wp-content\/uploads\/2024\/06\/gravel010623-1320x743.jpg 1320w, https:\/\/inzain.bike\/wp-content\/uploads\/2024\/06\/gravel010623-600x338.jpg 600w, https:\/\/inzain.bike\/wp-content\/uploads\/2024\/06\/gravel010623.jpg 1347w\" sizes=\"auto, (max-width: 1024px) 100vw, 1024px\" \/><\/figure>\n\n\n\n<p>Gravel Bike Sweden bjuder in till en magisk bikepacking trip i Polen \u00f6ver nationaldagshelgen. Max 10 pers. F\u00f6rst till kvarn, 0 platser kvar i detta nu.<\/p>\n\n\n\n<p><strong>Uppl\u00e4gg<\/strong><\/p>\n\n\n\n<p>5\/6 avresa 12.30 bilresa tar 6 timmar<br>Lunch p\u00e5 v\u00e4gen ber\u00e4knar 1 timme<br>Fika tanka Naturbehov<br>5\/6 20.00 Ankomst Karlskrona incheckning 20.30 B\u00e5ten g\u00e5r 22.00 <br>Vi sover p\u00e5 b\u00e5ten<br>6\/6 09:45 Gdynia<br>Parkera vid Hotell<br>Roll-out 11.30<\/p>\n\n\n\n<p>6\/6 Cykling 90 km bo hotell i Leba<br>7\/6 Cykling 106 kmbo hotell i Kistovo<br>8\/6 Cykling 100 km till f\u00e4rjan<\/p>\n\n\n\n<p>8\/6 vi kommer till hotellet Gdnyia<br>Packa k\u00e4ka till f\u00e4rjan incheckning 20.30 b\u00e5ten g\u00e5r 22.00<br>Karlskrona 08.30<br>\u00c5ter Stockholm ca 16.00<\/p>\n\n\n\n<p>Vi kommer beh\u00f6va tv\u00e5 bilar. I Gerrys bil \u00e5ker vi fem cyklister med cyklar.<br>Ytterligare bil beh\u00f6vs<\/p>\n\n\n\n<p><strong>Kostnader <\/strong>Sj\u00e4lvkostnad<\/p>\n\n\n\n<p>F\u00e4rja ca 2,000 kr per person.<br>Bensin delar vi p\u00e5 <br>Boende i Polen, tv\u00e5 n\u00e4tter 1,000-1,200 per person<br>Totalt 30 mil cykling p\u00e5 tre dagar.<br>Piotr som skapat eventet \u00e4r Polack s\u00e5 spr\u00e5ket \u00e4r det v\u00e4l s\u00f6rjt f\u00f6r.<br><br>V\u00e4lkommen p\u00e5 v\u00e5rt \u00e4ventyr!<\/p>\n\n\n\n<p>Anm\u00e4l dig nedan<\/p>\n\n\n<div class=\"wpforms-container wpforms-container-full wpforms-block wpforms-block-e8d131bf-30d0-4765-ad10-8911c2da4ea5 wpforms-render-modern\" id=\"wpforms-7222\"><form id=\"wpforms-form-7222\" class=\"wpforms-validate wpforms-form wpforms-ajax-form\" data-formid=\"7222\" method=\"post\" enctype=\"multipart\/form-data\" action=\"\/nl\/wp-json\/wp\/v2\/pages\/7814\" data-token=\"12b4e39fc3207a4ca9d570f38e9e1838\" data-token-time=\"1775568679\"><noscript class=\"wpforms-error-noscript\">Schakel JavaScript in je browser in om dit formulier in te vullen.<\/noscript><div id=\"wpforms-error-noscript\" style=\"display: none;\">Schakel JavaScript in je browser in om dit formulier in te vullen.<\/div><div class=\"wpforms-field-container\"><div id=\"wpforms-7222-field_0-container\" class=\"wpforms-field wpforms-field-name\" data-field-id=\"0\"><fieldset><legend class=\"wpforms-field-label\">Name <span class=\"wpforms-required-label\" aria-hidden=\"true\">*<\/span><\/legend><div class=\"wpforms-field-row wpforms-field-medium\"><div class=\"wpforms-field-row-block wpforms-first wpforms-one-half\"><input type=\"text\" id=\"wpforms-7222-field_0\" class=\"wpforms-field-name-first wpforms-field-required\" name=\"wpforms[fields][0][first]\" aria-errormessage=\"wpforms-7222-field_0-error\" aria-describedby=\"wpforms-7222-field_0-description\" required><label for=\"wpforms-7222-field_0\" class=\"wpforms-field-sublabel after\">Voornaam<\/label><\/div><div class=\"wpforms-field-row-block wpforms-one-half\"><input type=\"text\" id=\"wpforms-7222-field_0-last\" class=\"wpforms-field-name-last wpforms-field-required\" name=\"wpforms[fields][0][last]\" aria-errormessage=\"wpforms-7222-field_0-last-error\" aria-describedby=\"wpforms-7222-field_0-description\" required><label for=\"wpforms-7222-field_0-last\" class=\"wpforms-field-sublabel after\">Achternaam<\/label><\/div><\/div><div id=\"wpforms-7222-field_0-description\" class=\"wpforms-field-description\">Ange f\u00f6r och efternamn<\/div><\/fieldset><\/div><div id=\"wpforms-7222-field_1-container\" class=\"wpforms-field wpforms-field-email\" data-field-id=\"1\"><label class=\"wpforms-field-label\" for=\"wpforms-7222-field_1\">Email <span class=\"wpforms-required-label\" aria-hidden=\"true\">*<\/span><\/label><input type=\"email\" id=\"wpforms-7222-field_1\" class=\"wpforms-field-medium wpforms-field-required\" name=\"wpforms[fields][1]\" spellcheck=\"false\" aria-errormessage=\"wpforms-7222-field_1-error\" required><\/div><div id=\"wpforms-7222-field_14-container\" class=\"wpforms-field wpforms-field-phone\" data-field-id=\"14\"><label class=\"wpforms-field-label\" for=\"wpforms-7222-field_14\">Mobil nummer <span class=\"wpforms-required-label\" aria-hidden=\"true\">*<\/span><\/label><input type=\"tel\" id=\"wpforms-7222-field_14\" class=\"wpforms-field-medium wpforms-field-required wpforms-smart-phone-field\" data-rule-smart-phone-field=\"true\" name=\"wpforms[fields][14]\" aria-label=\"Mobil nummer\" aria-errormessage=\"wpforms-7222-field_14-error\" aria-describedby=\"wpforms-7222-field_14-description\" required><div id=\"wpforms-7222-field_14-description\" class=\"wpforms-field-description\">Ange ditt mobilnummer<\/div><\/div><div id=\"wpforms-7222-field_13-container\" class=\"wpforms-field wpforms-field-text\" data-field-id=\"13\"><label class=\"wpforms-field-label\" for=\"wpforms-7222-field_13\">Var i landet bor du? <span class=\"wpforms-required-label\" aria-hidden=\"true\">*<\/span><\/label><input type=\"text\" id=\"wpforms-7222-field_13\" class=\"wpforms-field-medium wpforms-field-required\" name=\"wpforms[fields][13]\" aria-errormessage=\"wpforms-7222-field_13-error\" required><\/div><div id=\"wpforms-7222-field_2-container\" class=\"wpforms-field wpforms-field-textarea\" data-field-id=\"2\"><label class=\"wpforms-field-label\" for=\"wpforms-7222-field_2\">Kommentar<\/label><textarea id=\"wpforms-7222-field_2\" class=\"wpforms-field-medium\" name=\"wpforms[fields][2]\" aria-errormessage=\"wpforms-7222-field_2-error\" aria-describedby=\"wpforms-7222-field_2-description\" ><\/textarea><div id=\"wpforms-7222-field_2-description\" class=\"wpforms-field-description\">Har du n\u00e5got extra du vill vi ska veta kan du skriva det h\u00e4r. Eller om du har en fr\u00e5ga.<\/div><\/div><div id=\"wpforms-7222-field_15-container\" class=\"wpforms-field wpforms-field-checkbox\" data-field-id=\"15\"><fieldset><legend class=\"wpforms-field-label\">Kryssrutor <span class=\"wpforms-required-label\" aria-hidden=\"true\">*<\/span><\/legend><ul id=\"wpforms-7222-field_15\" class=\"wpforms-field-required\"><li class=\"choice-1 depth-1\"><input type=\"checkbox\" id=\"wpforms-7222-field_15_1\" name=\"wpforms[fields][15][]\" value=\"Jag har en bil vi kan \u00e5ka i\" aria-errormessage=\"wpforms-7222-field_15_1-error\" required ><label class=\"wpforms-field-label-inline\" for=\"wpforms-7222-field_15_1\">Jag har en bil vi kan \u00e5ka i<\/label><\/li><li class=\"choice-2 depth-1\"><input type=\"checkbox\" id=\"wpforms-7222-field_15_2\" name=\"wpforms[fields][15][]\" value=\"Jag vill \u00e5ka med n\u00e5gon\" aria-errormessage=\"wpforms-7222-field_15_2-error\" required ><label class=\"wpforms-field-label-inline\" for=\"wpforms-7222-field_15_2\">Jag vill \u00e5ka med n\u00e5gon<\/label><\/li><\/ul><\/fieldset><\/div><\/div><!-- .wpforms-field-container --><div class=\"wpforms-submit-container\" ><input type=\"hidden\" name=\"wpforms[id]\" value=\"7222\"><input type=\"hidden\" name=\"page_title\" value=\"\"><input type=\"hidden\" name=\"page_url\" value=\"https:\/\/inzain.bike\/nl\/wp-json\/wp\/v2\/pages\/7814\"><input type=\"hidden\" name=\"url_referer\" value=\"\"><button type=\"submit\" name=\"wpforms[submit]\" id=\"wpforms-submit-7222\" class=\"wpforms-submit\" data-alt-text=\"Sending...\" data-submit-text=\"Skicka In\" aria-live=\"assertive\" value=\"wpforms-submit\">Skicka In<\/button><img loading=\"lazy\" decoding=\"async\" src=\"https:\/\/inzain.bike\/wp-content\/plugins\/wpforms\/assets\/images\/submit-spin.svg\" class=\"wpforms-submit-spinner\" style=\"display: none;\" width=\"26\" height=\"26\" alt=\"Aan het laden\"><\/div><\/form><\/div>  <!-- .wpforms-container -->","protected":false},"excerpt":{"rendered":"<p>Gravel Bike Sweden bjuder in till en magisk bikepacking trip i Polen \u00f6ver nationaldagshelgen. Max 10 pers. F\u00f6rst till kvarn, 0 platser kvar i detta nu. Uppl\u00e4gg 5\/6 avresa 12.30 bilresa tar 6 timmarLunch p\u00e5 v\u00e4gen ber\u00e4knar 1 timmeFika tanka Naturbehov5\/6 20.00 Ankomst Karlskrona incheckning 20.30 B\u00e5ten g\u00e5r 22.00 Vi sover p\u00e5 b\u00e5ten6\/6 09:45 GdyniaParkera [&hellip;]<\/p>\n","protected":false},"author":203917875,"featured_media":0,"parent":0,"menu_order":0,"comment_status":"closed","ping_status":"closed","template":"","meta":{"_coblocks_attr":"","_coblocks_dimensions":"","_coblocks_responsive_height":"","_coblocks_accordion_ie_support":"","footnotes":""},"class_list":["post-7814","page","type-page","status-publish","hentry"],"yoast_head":"<!-- This site is optimized with the Yoast SEO plugin v27.2 - https:\/\/yoast.com\/product\/yoast-seo-wordpress\/ -->\n<title>Polen 2025 - INZAIN Cycling EXPERIENCES<\/title>\n<meta name=\"robots\" content=\"index, follow, max-snippet:-1, max-image-preview:large, max-video-preview:-1\" \/>\n<link rel=\"canonical\" href=\"https:\/\/inzain.bike\/nl\/polen-2025\/\" \/>\n<meta property=\"og:locale\" content=\"nl_NL\" \/>\n<meta property=\"og:type\" content=\"article\" \/>\n<meta property=\"og:title\" content=\"Polen 2025 - INZAIN Cycling EXPERIENCES\" \/>\n<meta property=\"og:description\" content=\"Gravel Bike Sweden bjuder in till en magisk bikepacking trip i Polen \u00f6ver nationaldagshelgen. Max 10 pers. F\u00f6rst till kvarn, 0 platser kvar i detta nu. Uppl\u00e4gg 5\/6 avresa 12.30 bilresa tar 6 timmarLunch p\u00e5 v\u00e4gen ber\u00e4knar 1 timmeFika tanka Naturbehov5\/6 20.00 Ankomst Karlskrona incheckning 20.30 B\u00e5ten g\u00e5r 22.00 Vi sover p\u00e5 b\u00e5ten6\/6 09:45 GdyniaParkera [&hellip;]\" \/>\n<meta property=\"og:url\" content=\"https:\/\/inzain.bike\/nl\/polen-2025\/\" \/>\n<meta property=\"og:site_name\" content=\"INZAIN Cycling EXPERIENCES\" \/>\n<meta property=\"article:publisher\" content=\"https:\/\/www.facebook.com\/Inzain.bike\" \/>\n<meta property=\"article:modified_time\" content=\"2025-03-30T14:41:59+00:00\" \/>\n<meta property=\"og:image\" content=\"https:\/\/inzain.bike\/wp-content\/uploads\/2024\/06\/gravel010623-1024x576.jpg\" \/>\n<meta name=\"twitter:card\" content=\"summary_large_image\" \/>\n<meta name=\"twitter:label1\" content=\"Geschatte leestijd\" \/>\n\t<meta name=\"twitter:data1\" content=\"2 minuten\" \/>\n<script type=\"application\/ld+json\" class=\"yoast-schema-graph\">{\"@context\":\"https:\/\/schema.org\",\"@graph\":[{\"@type\":\"WebPage\",\"@id\":\"https:\/\/inzain.bike\/en_gb\/polen-2025\/\",\"url\":\"https:\/\/inzain.bike\/en_gb\/polen-2025\/\",\"name\":\"Polen 2025 - INZAIN Cycling EXPERIENCES\",\"isPartOf\":{\"@id\":\"https:\/\/inzain.bike\/fr_be\/#website\"},\"primaryImageOfPage\":{\"@id\":\"https:\/\/inzain.bike\/en_gb\/polen-2025\/#primaryimage\"},\"image\":{\"@id\":\"https:\/\/inzain.bike\/en_gb\/polen-2025\/#primaryimage\"},\"thumbnailUrl\":\"https:\/\/inzain.bike\/wp-content\/uploads\/2024\/06\/gravel010623-1024x576.jpg\",\"datePublished\":\"2025-03-05T07:09:24+00:00\",\"dateModified\":\"2025-03-30T14:41:59+00:00\",\"breadcrumb\":{\"@id\":\"https:\/\/inzain.bike\/en_gb\/polen-2025\/#breadcrumb\"},\"inLanguage\":\"nl-NL\",\"potentialAction\":[{\"@type\":\"ReadAction\",\"target\":[\"https:\/\/inzain.bike\/en_gb\/polen-2025\/\"]}]},{\"@type\":\"ImageObject\",\"inLanguage\":\"nl-NL\",\"@id\":\"https:\/\/inzain.bike\/en_gb\/polen-2025\/#primaryimage\",\"url\":\"https:\/\/inzain.bike\/wp-content\/uploads\/2024\/06\/gravel010623-1024x576.jpg\",\"contentUrl\":\"https:\/\/inzain.bike\/wp-content\/uploads\/2024\/06\/gravel010623-1024x576.jpg\"},{\"@type\":\"BreadcrumbList\",\"@id\":\"https:\/\/inzain.bike\/en_gb\/polen-2025\/#breadcrumb\",\"itemListElement\":[{\"@type\":\"ListItem\",\"position\":1,\"name\":\"Hem\",\"item\":\"https:\/\/inzain.bike\/fr_be\/\"},{\"@type\":\"ListItem\",\"position\":2,\"name\":\"Polen 2025\"}]},{\"@type\":\"WebSite\",\"@id\":\"https:\/\/inzain.bike\/fr_be\/#website\",\"url\":\"https:\/\/inzain.bike\/fr_be\/\",\"name\":\"INZAIN Cycling EXPERIENCES\",\"description\":\"Cyckling Adventures  - for everyone\",\"publisher\":{\"@id\":\"https:\/\/inzain.bike\/fr_be\/#organization\"},\"alternateName\":\"INZAIN Gravel & Travel\",\"potentialAction\":[{\"@type\":\"SearchAction\",\"target\":{\"@type\":\"EntryPoint\",\"urlTemplate\":\"https:\/\/inzain.bike\/fr_be\/?s={search_term_string}\"},\"query-input\":{\"@type\":\"PropertyValueSpecification\",\"valueRequired\":true,\"valueName\":\"search_term_string\"}}],\"inLanguage\":\"nl-NL\"},{\"@type\":\"Organization\",\"@id\":\"https:\/\/inzain.bike\/fr_be\/#organization\",\"name\":\"INZAIN Cycling EXPERIENCES\",\"url\":\"https:\/\/inzain.bike\/fr_be\/\",\"logo\":{\"@type\":\"ImageObject\",\"inLanguage\":\"nl-NL\",\"@id\":\"https:\/\/inzain.bike\/fr_be\/#\/schema\/logo\/image\/\",\"url\":\"https:\/\/i0.wp.com\/inzain.bike\/wp-content\/uploads\/2023\/09\/cropped-INZAIN_512x512_white.png?fit=512%2C512&ssl=1\",\"contentUrl\":\"https:\/\/i0.wp.com\/inzain.bike\/wp-content\/uploads\/2023\/09\/cropped-INZAIN_512x512_white.png?fit=512%2C512&ssl=1\",\"width\":512,\"height\":512,\"caption\":\"INZAIN Cycling EXPERIENCES\"},\"image\":{\"@id\":\"https:\/\/inzain.bike\/fr_be\/#\/schema\/logo\/image\/\"},\"sameAs\":[\"https:\/\/www.facebook.com\/Inzain.bike\",\"https:\/\/www.instagram.com\/inzainbike\"]}]}<\/script>\n<!-- \/ Yoast SEO plugin. -->","yoast_head_json":{"title":"Polen 2025 - INZAIN Fietservaringen","robots":{"index":"index","follow":"follow","max-snippet":"max-snippet:-1","max-image-preview":"max-image-preview:large","max-video-preview":"max-video-preview:-1"},"canonical":"https:\/\/inzain.bike\/nl\/polen-2025\/","og_locale":"nl_NL","og_type":"article","og_title":"Polen 2025 - INZAIN Cycling EXPERIENCES","og_description":"Gravel Bike Sweden bjuder in till en magisk bikepacking trip i Polen \u00f6ver nationaldagshelgen. Max 10 pers. F\u00f6rst till kvarn, 0 platser kvar i detta nu. Uppl\u00e4gg 5\/6 avresa 12.30 bilresa tar 6 timmarLunch p\u00e5 v\u00e4gen ber\u00e4knar 1 timmeFika tanka Naturbehov5\/6 20.00 Ankomst Karlskrona incheckning 20.30 B\u00e5ten g\u00e5r 22.00 Vi sover p\u00e5 b\u00e5ten6\/6 09:45 GdyniaParkera [&hellip;]","og_url":"https:\/\/inzain.bike\/nl\/polen-2025\/","og_site_name":"INZAIN Cycling EXPERIENCES","article_publisher":"https:\/\/www.facebook.com\/Inzain.bike","article_modified_time":"2025-03-30T14:41:59+00:00","og_image":[{"url":"https:\/\/inzain.bike\/wp-content\/uploads\/2024\/06\/gravel010623-1024x576.jpg","type":"","width":"","height":""}],"twitter_card":"summary_large_image","twitter_misc":{"Geschatte leestijd":"2 minuten"},"schema":{"@context":"https:\/\/schema.org","@graph":[{"@type":"WebPage","@id":"https:\/\/inzain.bike\/en_gb\/polen-2025\/","url":"https:\/\/inzain.bike\/en_gb\/polen-2025\/","name":"Polen 2025 - INZAIN Fietservaringen","isPartOf":{"@id":"https:\/\/inzain.bike\/fr_be\/#website"},"primaryImageOfPage":{"@id":"https:\/\/inzain.bike\/en_gb\/polen-2025\/#primaryimage"},"image":{"@id":"https:\/\/inzain.bike\/en_gb\/polen-2025\/#primaryimage"},"thumbnailUrl":"https:\/\/inzain.bike\/wp-content\/uploads\/2024\/06\/gravel010623-1024x576.jpg","datePublished":"2025-03-05T07:09:24+00:00","dateModified":"2025-03-30T14:41:59+00:00","breadcrumb":{"@id":"https:\/\/inzain.bike\/en_gb\/polen-2025\/#breadcrumb"},"inLanguage":"nl-NL","potentialAction":[{"@type":"ReadAction","target":["https:\/\/inzain.bike\/en_gb\/polen-2025\/"]}]},{"@type":"ImageObject","inLanguage":"nl-NL","@id":"https:\/\/inzain.bike\/en_gb\/polen-2025\/#primaryimage","url":"https:\/\/inzain.bike\/wp-content\/uploads\/2024\/06\/gravel010623-1024x576.jpg","contentUrl":"https:\/\/inzain.bike\/wp-content\/uploads\/2024\/06\/gravel010623-1024x576.jpg"},{"@type":"BreadcrumbList","@id":"https:\/\/inzain.bike\/en_gb\/polen-2025\/#breadcrumb","itemListElement":[{"@type":"ListItem","position":1,"name":"Hem","item":"https:\/\/inzain.bike\/fr_be\/"},{"@type":"ListItem","position":2,"name":"Polen 2025"}]},{"@type":"WebSite","@id":"https:\/\/inzain.bike\/fr_be\/#website","url":"https:\/\/inzain.bike\/fr_be\/","name":"INZAIN fietservaringen","description":"Fietsavonturen - voor iedereen","publisher":{"@id":"https:\/\/inzain.bike\/fr_be\/#organization"},"alternateName":"INZAIN Gravel & Travel","potentialAction":[{"@type":"SearchAction","target":{"@type":"EntryPoint","urlTemplate":"https:\/\/inzain.bike\/fr_be\/?s={search_term_string}"},"query-input":{"@type":"PropertyValueSpecification","valueRequired":true,"valueName":"search_term_string"}}],"inLanguage":"nl-NL"},{"@type":"Organization","@id":"https:\/\/inzain.bike\/fr_be\/#organization","name":"INZAIN fietservaringen","url":"https:\/\/inzain.bike\/fr_be\/","logo":{"@type":"ImageObject","inLanguage":"nl-NL","@id":"https:\/\/inzain.bike\/fr_be\/#\/schema\/logo\/image\/","url":"https:\/\/i0.wp.com\/inzain.bike\/wp-content\/uploads\/2023\/09\/cropped-INZAIN_512x512_white.png?fit=512%2C512&ssl=1","contentUrl":"https:\/\/i0.wp.com\/inzain.bike\/wp-content\/uploads\/2023\/09\/cropped-INZAIN_512x512_white.png?fit=512%2C512&ssl=1","width":512,"height":512,"caption":"INZAIN Cycling EXPERIENCES"},"image":{"@id":"https:\/\/inzain.bike\/fr_be\/#\/schema\/logo\/image\/"},"sameAs":["https:\/\/www.facebook.com\/Inzain.bike","https:\/\/www.instagram.com\/inzainbike"]}]}},"amp_enabled":true,"_links":{"self":[{"href":"https:\/\/inzain.bike\/nl\/wp-json\/wp\/v2\/pages\/7814","targetHints":{"allow":["GET"]}}],"collection":[{"href":"https:\/\/inzain.bike\/nl\/wp-json\/wp\/v2\/pages"}],"about":[{"href":"https:\/\/inzain.bike\/nl\/wp-json\/wp\/v2\/types\/page"}],"author":[{"embeddable":true,"href":"https:\/\/inzain.bike\/nl\/wp-json\/wp\/v2\/users\/203917875"}],"replies":[{"embeddable":true,"href":"https:\/\/inzain.bike\/nl\/wp-json\/wp\/v2\/comments?post=7814"}],"version-history":[{"count":5,"href":"https:\/\/inzain.bike\/nl\/wp-json\/wp\/v2\/pages\/7814\/revisions"}],"predecessor-version":[{"id":7990,"href":"https:\/\/inzain.bike\/nl\/wp-json\/wp\/v2\/pages\/7814\/revisions\/7990"}],"wp:attachment":[{"href":"https:\/\/inzain.bike\/nl\/wp-json\/wp\/v2\/media?parent=7814"}],"curies":[{"name":"wp","href":"https:\/\/api.w.org\/{rel}","templated":true}]}}