{"id":8906,"date":"2025-11-02T19:33:02","date_gmt":"2025-11-02T18:33:02","guid":{"rendered":"https:\/\/inzain.bike\/?page_id=8906"},"modified":"2026-01-12T14:22:08","modified_gmt":"2026-01-12T13:22:08","slug":"social-rides","status":"publish","type":"page","link":"https:\/\/inzain.bike\/nl\/social-rides\/","title":{"rendered":"Sociale ritten"},"content":{"rendered":"<figure class=\"wp-block-embed is-type-video is-provider-youtube wp-block-embed-youtube wp-embed-aspect-16-9 wp-has-aspect-ratio\"><div class=\"wp-block-embed__wrapper\">\n<iframe loading=\"lazy\" title=\"Mijn jaar in gravel 2025\" width=\"500\" height=\"281\" src=\"https:\/\/www.youtube.com\/embed\/P9BJSE-x1uE?feature=oembed\" frameborder=\"0\" allow=\"accelerometer; autoplay; clipboard-write; encrypted-media; gyroscope; picture-in-picture; web-share\" referrerpolicy=\"strict-origin-when-cross-origin\" allowfullscreen><\/iframe>\n<\/div><\/figure>\n\n\n\n<p>We organiseren twee Social Rides per week, afhankelijk van het weer en het seizoen. Iedereen is welkom. We adverteren ze op Facebook in de groep. <a href=\"https:\/\/www.facebook.com\/groups\/gravelbikesweden\" target=\"_blank\" rel=\"noreferrer noopener\">Gravel Bike Zweden<\/a> en op Strava in <a href=\"https:\/\/www.strava.com\/clubs\/gravelbikesweden\" target=\"_blank\" rel=\"noreferrer noopener\">Strava Club <\/a>met dezelfde naam.<\/p>\n\n\n\n<p>Gemeenschappelijk is dat we samen fietsen en dat niemand wordt afgezet. Tegelijkertijd verwachten we van de deelnemers dat ze een bepaalde gemiddelde snelheid kunnen aanhouden. Deze ligt meestal rond de 20 km\/u, maar kan vari\u00ebren.<\/p>\n\n\n\n<p><strong>Dubbele snelheid<\/strong><br>We hebben twee varianten van de route. We fietsen het grootste deel van de tijd samen, maar er zijn ook een of meer stukken met vrije tempo-indeling en segmenten waar we de resultaten na afloop presenteren. We denken dat dit een goede manier is om je energie kwijt te raken, maar tegelijkertijd ook om het leuk te houden.<\/p>\n\n\n\n<p><strong>De INZAIN-score<\/strong><\/p>\n\n\n\n<p>Gedurende heel 2026 organiseren we een wedstrijd, de INZAIN Score. Je verzamelt het hele jaar door punten en de deelnemers met de meeste punten aan het einde van het seizoen kunnen fantastische prijzen winnen, zoals een reis met ons, bijvoorbeeld naar Toscane?<\/p>\n\n\n\n<p>Lees meer over de INZAIN-score. <a href=\"https:\/\/inzain.bike\/nl\/the-inzain-score\/\">hier<\/a>.<\/p>\n\n\n\n<p><strong>Waar staan wij voor?<\/strong><\/p>\n\n\n\n<p>We willen dat deze tochten plezierig, leuk en matig uitdagend zijn. We hechten er altijd veel waarde aan dat ze een goede route hebben, bij voorkeur met een of meer bijzondere dingen, zoals een bezienswaardigheid, een interessant object of iets anders.<\/p>\n\n\n\n<p>Ook met de lunch- en koffiepauzes letten we goed op, we kiezen altijd leuke plekjes uit.<br>We hebben koffie laten bezorgen op de stranden, er zijn speciaal voor ons restaurants geopend en nog veel meer. INZAIN biedt soms een barbecue met drankjes aan. Het komt ook vaak voor dat we eten reserveren en van tevoren bestellen, zodat het soepel verloopt als we er eenmaal zijn.<\/p>\n\n\n\n<p>We fietsen niet op een vaste dag in de week, maar willen de dag kunnen kiezen op basis van het weer. We willen dat fietsen leuk is en slecht weer is minder leuk, als het vermeden kan worden.<\/p>\n\n\n\n<figure class=\"wp-block-image size-large\"><img loading=\"lazy\" decoding=\"async\" width=\"1024\" height=\"669\" src=\"https:\/\/inzain.bike\/wp-content\/uploads\/2025\/11\/IMG-20250802-WA0002-1024x669.jpg\" alt=\"\" class=\"wp-image-8909\" srcset=\"https:\/\/inzain.bike\/wp-content\/uploads\/2025\/11\/IMG-20250802-WA0002-1024x669.jpg 1024w, https:\/\/inzain.bike\/wp-content\/uploads\/2025\/11\/IMG-20250802-WA0002-300x196.jpg 300w, https:\/\/inzain.bike\/wp-content\/uploads\/2025\/11\/IMG-20250802-WA0002-768x502.jpg 768w, https:\/\/inzain.bike\/wp-content\/uploads\/2025\/11\/IMG-20250802-WA0002-1536x1004.jpg 1536w, https:\/\/inzain.bike\/wp-content\/uploads\/2025\/11\/IMG-20250802-WA0002-18x12.jpg 18w, https:\/\/inzain.bike\/wp-content\/uploads\/2025\/11\/IMG-20250802-WA0002-600x392.jpg 600w, https:\/\/inzain.bike\/wp-content\/uploads\/2025\/11\/IMG-20250802-WA0002.jpg 1600w\" sizes=\"auto, (max-width: 1024px) 100vw, 1024px\" \/><\/figure>\n\n\n\n<p>We hebben een WhatsApp-groep die we voornamelijk gebruiken om tijdens de rit te communiceren. Misschien helpt iemand ons een beetje of helpt hij\/zij ons op een andere manier. We maken ook reclame voor aankomende ritten in deze groep.<\/p>\n\n\n\n<p>U bent van harte welkom om met ons mee te gaan op de tour.<\/p>\n\n\n\n<p>Grind? Het is INZAIN!<br><\/p>\n\n\n\n<hr class=\"wp-block-separator has-alpha-channel-opacity\"\/>\n\n\n\n<p>Hartelijk welkom!<\/p>\n\n\n\n<p>Geplande tours voor 2026 \u2013 De data staan nog niet voor alle tours vast, dus houd ons in de gaten.<br><br>INZAIN Mariefred \u2013 Dunker Loop \ud83c\udd95 4<br>INZAIN 500 graden van \ud83c\udd95 5<br>INZAIN Gnesta Nyk\u00f6ping-lus \ud83c\udd95 6<br>INZAIN Dalar\u00f6 3P \ud83c\udd95 7<br>INZAIN 100 mijl (oude IGG)\ud83c\udd95 8<br>INZAIN Uppsala Eeuw \ud83c\udd95 9<br>INZAIN Golf Romeo Uniform Sierra \ud83c\udd95 10<br>INZAIN Norrt\u00e4lje V\u00e4t\u00f6 \ud83c\udd95 11<br>INZAIN Yxlan &amp; Blid\u00f6 \ud83e\uddea 12<br>INZAIN Furusund -&gt; Upplands V\u00e4sby \ud83c\udd95 13<br>INZAIN Vaders Stadsrit\ud83c\udd95 14<br>INZAIN Mariefred Str\u00e4ngn\u00e4s\ud83c\udd95 15<br>Grind SALA 16<br>INZAIN Vuistmolen \ud83c\udd95 17<br>INZAIN Rond de B\u00e5ven \ud83c\udd95 18<br>INZAIN GIMO \ud83c\udd95 19<br>INZAIN De Dater Rond \ud83c\udd95 20<br>INZAIN Uppsala B\u00e5lsta 2026 \ud83c\udd95 21<br>INZAIN December Tailwind Groads 22<br>INZAIN Stigtomta \ud83c\udd95 23<br>INZAIN Enk\u00f6ping Forsby-molen \ud83c\udd95 24<br>INZAIN Plezierreis UIT!! 26<br>INZAIN Beren &amp; Berken 28<br>INZAIN De aanval op het Beukenbos en het Grenseiland \ud83c\udd95 29<br>INZAIN Uppsala B\u00e5lsta op een nieuwe manier \ud83c\udd95 29<br>INZAIN Stigtomta Loop \ud83c\udd95 31<br>INZAIN Twin Peaks Nyn\u00e4s 32<br>INZAIN Tarte Flamb\u00e9e 33<br>INZAIN Heen en Terug 34<br>Inzain Archipelaanval 2026 \ud83c\udd95 35<br>INZAIN Hot Island Avontuur 36<br>INZAIN Blauwe Zalm Lagune 37<br>INZAIN Sela\u00f6n \ud83c\udd95 38<br>INZAIN De oude en nieuwe rit Korte 39<br>INZAIN Een rit door verbrand land \ud83c\udd95 40<br>INZAIN De Double Nose Ride 41<br>INZAIN Laggers Bay Ride 42<br>INZAIN CookieCastle &amp; Sharp Skerry \ud83c\udd95 43<br>INZAIN Uppsala Vattholma (Krachteiland) 44<br>INZAIN De Kardemommesrit 45<br>INZAIN Tatin 46<br>Lis\u00f6 WIP \ud83e\uddea 47<br>V\u00e4t\u00f6 Tour WIP \ud83e\uddea 48<br>AW INZAIN \u2013 De Buffalo-aanval 50<br>AW INZAIN \u2013 De helm van Nebukadnezar 51<br>AW INZAIN Faer\u00f6er 52<br>AW INZAIN Two Island Dash \u2013 Herfsteditie 53<br>AW INZAIN Nachthawkwandeling \ud83c\udd95 54<br>AW INZAIN Zuid 2 Zuid 56<br>AW INZAIN Night Wolverine 57<br>AW INZAIN Het Noordpad 58<br>AW INZAIN Waterwegen 2025 60<br>AW INZAIN Three Bays Ride 61<br>AW INZAIN De Gouden Uur Raid 62<br>AW INZAIN Chase The Sun 63<br>AW INZAIN Het boze oosten \u2013 Kort 64<br>AW INZAIN De Kinder Eierrit 65<br>AW INZAIN Madame Maya&#039;s zomermysterie 66<br>AW INZAIN De AllRoad Raid 67<br>AW INZAIN \u2013 De heuvels en bezienswaardighedenrit 68<br>AW INZAIN De zon- en leuke rit 69<br>AW INZAIN Zonsondergangrit \u2013 Een plezierrit 70<br>AW INZAIN Schemeringspatrouille 71<br>AW INZAIN Noorderlicht 72<br>AW INZAIN Donkere Waterattractie 73<br>AW INZAIN Septentrional-rit 74<br>AW INZAIN De Twin Peaks-rit 75<\/p>\n\n\n\n<p><br><br><\/p>\n\n\n\n<p><br><\/p>","protected":false},"excerpt":{"rendered":"<p>Vi arrangerar tv\u00e5 Social Rides per vecka, n\u00e4r v\u00e4der och s\u00e4song till\u00e5ter. Alla \u00e4r v\u00e4lkomna p\u00e5 dessa. Vi annonserar dem p\u00e5 Facebook i gruppen Gravel Bike Sweden och p\u00e5 Strava i Stravaklubben med samma namn. Gemensamt f\u00f6r dessa \u00e4r vi cyklar tillsammans och ingen droppas, samtidigt som vi st\u00e4ller krav att deltagare ska kunna h\u00e5lla [&hellip;]<\/p>\n","protected":false},"author":203917875,"featured_media":0,"parent":0,"menu_order":0,"comment_status":"closed","ping_status":"closed","template":"","meta":{"_coblocks_attr":"","_coblocks_dimensions":"","_coblocks_responsive_height":"","_coblocks_accordion_ie_support":"","footnotes":""},"class_list":["post-8906","page","type-page","status-publish","hentry"],"yoast_head":"<!-- This site is optimized with the Yoast SEO plugin v27.2 - https:\/\/yoast.com\/product\/yoast-seo-wordpress\/ -->\n<title>Social Rides - INZAIN Cycling EXPERIENCES<\/title>\n<meta name=\"robots\" content=\"index, follow, max-snippet:-1, max-image-preview:large, max-video-preview:-1\" \/>\n<link rel=\"canonical\" href=\"https:\/\/inzain.bike\/nl\/social-rides\/\" \/>\n<meta property=\"og:locale\" content=\"nl_NL\" \/>\n<meta property=\"og:type\" content=\"article\" \/>\n<meta property=\"og:title\" content=\"Social Rides - INZAIN Cycling EXPERIENCES\" \/>\n<meta property=\"og:description\" content=\"Vi arrangerar tv\u00e5 Social Rides per vecka, n\u00e4r v\u00e4der och s\u00e4song till\u00e5ter. Alla \u00e4r v\u00e4lkomna p\u00e5 dessa. Vi annonserar dem p\u00e5 Facebook i gruppen Gravel Bike Sweden och p\u00e5 Strava i Stravaklubben med samma namn. Gemensamt f\u00f6r dessa \u00e4r vi cyklar tillsammans och ingen droppas, samtidigt som vi st\u00e4ller krav att deltagare ska kunna h\u00e5lla [&hellip;]\" \/>\n<meta property=\"og:url\" content=\"https:\/\/inzain.bike\/nl\/social-rides\/\" \/>\n<meta property=\"og:site_name\" content=\"INZAIN Cycling EXPERIENCES\" \/>\n<meta property=\"article:publisher\" content=\"https:\/\/www.facebook.com\/Inzain.bike\" \/>\n<meta property=\"article:modified_time\" content=\"2026-01-12T13:22:08+00:00\" \/>\n<meta property=\"og:image\" content=\"https:\/\/inzain.bike\/wp-content\/uploads\/2025\/11\/IMG-20250802-WA0002.jpg\" \/>\n\t<meta property=\"og:image:width\" content=\"1600\" \/>\n\t<meta property=\"og:image:height\" content=\"1046\" \/>\n\t<meta property=\"og:image:type\" content=\"image\/jpeg\" \/>\n<meta name=\"twitter:card\" content=\"summary_large_image\" \/>\n<meta name=\"twitter:label1\" content=\"Geschatte leestijd\" \/>\n\t<meta name=\"twitter:data1\" content=\"4 minuten\" \/>\n<script type=\"application\/ld+json\" class=\"yoast-schema-graph\">{\"@context\":\"https:\/\/schema.org\",\"@graph\":[{\"@type\":\"WebPage\",\"@id\":\"https:\/\/inzain.bike\/social-rides\/\",\"url\":\"https:\/\/inzain.bike\/social-rides\/\",\"name\":\"Social Rides - INZAIN Cycling EXPERIENCES\",\"isPartOf\":{\"@id\":\"https:\/\/inzain.bike\/fr_be\/#website\"},\"primaryImageOfPage\":{\"@id\":\"https:\/\/inzain.bike\/social-rides\/#primaryimage\"},\"image\":{\"@id\":\"https:\/\/inzain.bike\/social-rides\/#primaryimage\"},\"thumbnailUrl\":\"https:\/\/inzain.bike\/wp-content\/uploads\/2025\/11\/IMG-20250802-WA0002-1024x669.jpg\",\"datePublished\":\"2025-11-02T18:33:02+00:00\",\"dateModified\":\"2026-01-12T13:22:08+00:00\",\"breadcrumb\":{\"@id\":\"https:\/\/inzain.bike\/social-rides\/#breadcrumb\"},\"inLanguage\":\"nl-NL\",\"potentialAction\":[{\"@type\":\"ReadAction\",\"target\":[\"https:\/\/inzain.bike\/social-rides\/\"]}]},{\"@type\":\"ImageObject\",\"inLanguage\":\"nl-NL\",\"@id\":\"https:\/\/inzain.bike\/social-rides\/#primaryimage\",\"url\":\"https:\/\/inzain.bike\/wp-content\/uploads\/2025\/11\/IMG-20250802-WA0002-1024x669.jpg\",\"contentUrl\":\"https:\/\/inzain.bike\/wp-content\/uploads\/2025\/11\/IMG-20250802-WA0002-1024x669.jpg\"},{\"@type\":\"BreadcrumbList\",\"@id\":\"https:\/\/inzain.bike\/social-rides\/#breadcrumb\",\"itemListElement\":[{\"@type\":\"ListItem\",\"position\":1,\"name\":\"Hem\",\"item\":\"https:\/\/inzain.bike\/fr_be\/\"},{\"@type\":\"ListItem\",\"position\":2,\"name\":\"Social Rides\"}]},{\"@type\":\"WebSite\",\"@id\":\"https:\/\/inzain.bike\/fr_be\/#website\",\"url\":\"https:\/\/inzain.bike\/fr_be\/\",\"name\":\"INZAIN Cycling EXPERIENCES\",\"description\":\"Cyckling Adventures  - for everyone\",\"publisher\":{\"@id\":\"https:\/\/inzain.bike\/fr_be\/#organization\"},\"alternateName\":\"INZAIN Gravel & Travel\",\"potentialAction\":[{\"@type\":\"SearchAction\",\"target\":{\"@type\":\"EntryPoint\",\"urlTemplate\":\"https:\/\/inzain.bike\/fr_be\/?s={search_term_string}\"},\"query-input\":{\"@type\":\"PropertyValueSpecification\",\"valueRequired\":true,\"valueName\":\"search_term_string\"}}],\"inLanguage\":\"nl-NL\"},{\"@type\":\"Organization\",\"@id\":\"https:\/\/inzain.bike\/fr_be\/#organization\",\"name\":\"INZAIN Cycling EXPERIENCES\",\"url\":\"https:\/\/inzain.bike\/fr_be\/\",\"logo\":{\"@type\":\"ImageObject\",\"inLanguage\":\"nl-NL\",\"@id\":\"https:\/\/inzain.bike\/fr_be\/#\/schema\/logo\/image\/\",\"url\":\"https:\/\/i0.wp.com\/inzain.bike\/wp-content\/uploads\/2023\/09\/cropped-INZAIN_512x512_white.png?fit=512%2C512&ssl=1\",\"contentUrl\":\"https:\/\/i0.wp.com\/inzain.bike\/wp-content\/uploads\/2023\/09\/cropped-INZAIN_512x512_white.png?fit=512%2C512&ssl=1\",\"width\":512,\"height\":512,\"caption\":\"INZAIN Cycling EXPERIENCES\"},\"image\":{\"@id\":\"https:\/\/inzain.bike\/fr_be\/#\/schema\/logo\/image\/\"},\"sameAs\":[\"https:\/\/www.facebook.com\/Inzain.bike\",\"https:\/\/www.instagram.com\/inzainbike\"]}]}<\/script>\n<!-- \/ Yoast SEO plugin. -->","yoast_head_json":{"title":"Social Rides - INZAIN Cycling EXPERIENCES","robots":{"index":"index","follow":"follow","max-snippet":"max-snippet:-1","max-image-preview":"max-image-preview:large","max-video-preview":"max-video-preview:-1"},"canonical":"https:\/\/inzain.bike\/nl\/social-rides\/","og_locale":"nl_NL","og_type":"article","og_title":"Social Rides - INZAIN Cycling EXPERIENCES","og_description":"Vi arrangerar tv\u00e5 Social Rides per vecka, n\u00e4r v\u00e4der och s\u00e4song till\u00e5ter. Alla \u00e4r v\u00e4lkomna p\u00e5 dessa. Vi annonserar dem p\u00e5 Facebook i gruppen Gravel Bike Sweden och p\u00e5 Strava i Stravaklubben med samma namn. Gemensamt f\u00f6r dessa \u00e4r vi cyklar tillsammans och ingen droppas, samtidigt som vi st\u00e4ller krav att deltagare ska kunna h\u00e5lla [&hellip;]","og_url":"https:\/\/inzain.bike\/nl\/social-rides\/","og_site_name":"INZAIN Cycling EXPERIENCES","article_publisher":"https:\/\/www.facebook.com\/Inzain.bike","article_modified_time":"2026-01-12T13:22:08+00:00","og_image":[{"width":1600,"height":1046,"url":"https:\/\/inzain.bike\/wp-content\/uploads\/2025\/11\/IMG-20250802-WA0002.jpg","type":"image\/jpeg"}],"twitter_card":"summary_large_image","twitter_misc":{"Geschatte leestijd":"4 minuten"},"schema":{"@context":"https:\/\/schema.org","@graph":[{"@type":"WebPage","@id":"https:\/\/inzain.bike\/social-rides\/","url":"https:\/\/inzain.bike\/social-rides\/","name":"Social Rides - INZAIN Cycling EXPERIENCES","isPartOf":{"@id":"https:\/\/inzain.bike\/fr_be\/#website"},"primaryImageOfPage":{"@id":"https:\/\/inzain.bike\/social-rides\/#primaryimage"},"image":{"@id":"https:\/\/inzain.bike\/social-rides\/#primaryimage"},"thumbnailUrl":"https:\/\/inzain.bike\/wp-content\/uploads\/2025\/11\/IMG-20250802-WA0002-1024x669.jpg","datePublished":"2025-11-02T18:33:02+00:00","dateModified":"2026-01-12T13:22:08+00:00","breadcrumb":{"@id":"https:\/\/inzain.bike\/social-rides\/#breadcrumb"},"inLanguage":"nl-NL","potentialAction":[{"@type":"ReadAction","target":["https:\/\/inzain.bike\/social-rides\/"]}]},{"@type":"ImageObject","inLanguage":"nl-NL","@id":"https:\/\/inzain.bike\/social-rides\/#primaryimage","url":"https:\/\/inzain.bike\/wp-content\/uploads\/2025\/11\/IMG-20250802-WA0002-1024x669.jpg","contentUrl":"https:\/\/inzain.bike\/wp-content\/uploads\/2025\/11\/IMG-20250802-WA0002-1024x669.jpg"},{"@type":"BreadcrumbList","@id":"https:\/\/inzain.bike\/social-rides\/#breadcrumb","itemListElement":[{"@type":"ListItem","position":1,"name":"Hem","item":"https:\/\/inzain.bike\/fr_be\/"},{"@type":"ListItem","position":2,"name":"Social Rides"}]},{"@type":"WebSite","@id":"https:\/\/inzain.bike\/fr_be\/#website","url":"https:\/\/inzain.bike\/fr_be\/","name":"INZAIN fietservaringen","description":"Fietsavonturen - voor iedereen","publisher":{"@id":"https:\/\/inzain.bike\/fr_be\/#organization"},"alternateName":"INZAIN Gravel & Travel","potentialAction":[{"@type":"SearchAction","target":{"@type":"EntryPoint","urlTemplate":"https:\/\/inzain.bike\/fr_be\/?s={search_term_string}"},"query-input":{"@type":"PropertyValueSpecification","valueRequired":true,"valueName":"search_term_string"}}],"inLanguage":"nl-NL"},{"@type":"Organization","@id":"https:\/\/inzain.bike\/fr_be\/#organization","name":"INZAIN fietservaringen","url":"https:\/\/inzain.bike\/fr_be\/","logo":{"@type":"ImageObject","inLanguage":"nl-NL","@id":"https:\/\/inzain.bike\/fr_be\/#\/schema\/logo\/image\/","url":"https:\/\/i0.wp.com\/inzain.bike\/wp-content\/uploads\/2023\/09\/cropped-INZAIN_512x512_white.png?fit=512%2C512&ssl=1","contentUrl":"https:\/\/i0.wp.com\/inzain.bike\/wp-content\/uploads\/2023\/09\/cropped-INZAIN_512x512_white.png?fit=512%2C512&ssl=1","width":512,"height":512,"caption":"INZAIN Cycling EXPERIENCES"},"image":{"@id":"https:\/\/inzain.bike\/fr_be\/#\/schema\/logo\/image\/"},"sameAs":["https:\/\/www.facebook.com\/Inzain.bike","https:\/\/www.instagram.com\/inzainbike"]}]}},"amp_enabled":true,"_links":{"self":[{"href":"https:\/\/inzain.bike\/nl\/wp-json\/wp\/v2\/pages\/8906","targetHints":{"allow":["GET"]}}],"collection":[{"href":"https:\/\/inzain.bike\/nl\/wp-json\/wp\/v2\/pages"}],"about":[{"href":"https:\/\/inzain.bike\/nl\/wp-json\/wp\/v2\/types\/page"}],"author":[{"embeddable":true,"href":"https:\/\/inzain.bike\/nl\/wp-json\/wp\/v2\/users\/203917875"}],"replies":[{"embeddable":true,"href":"https:\/\/inzain.bike\/nl\/wp-json\/wp\/v2\/comments?post=8906"}],"version-history":[{"count":4,"href":"https:\/\/inzain.bike\/nl\/wp-json\/wp\/v2\/pages\/8906\/revisions"}],"predecessor-version":[{"id":9081,"href":"https:\/\/inzain.bike\/nl\/wp-json\/wp\/v2\/pages\/8906\/revisions\/9081"}],"wp:attachment":[{"href":"https:\/\/inzain.bike\/nl\/wp-json\/wp\/v2\/media?parent=8906"}],"curies":[{"name":"wp","href":"https:\/\/api.w.org\/{rel}","templated":true}]}}