{"id":1454,"date":"2022-01-18T12:54:23","date_gmt":"2022-01-18T11:54:23","guid":{"rendered":"https:\/\/inzain.bike\/?page_id=1454"},"modified":"2023-03-22T16:57:39","modified_gmt":"2023-03-22T15:57:39","slug":"villkor-deltagande","status":"publish","type":"page","link":"https:\/\/inzain.bike\/nl_be\/villkor-deltagande\/","title":{"rendered":"Voorwaarden Deelname"},"content":{"rendered":"<h4 class=\"wp-block-heading\" id=\"dina-skyldigheter\"><strong>Jouw verplichtingen&nbsp;<\/strong><\/h4>\n\n\n\n<p>U dient: de instructies van de gidsen gedurende de hele tocht op te volgen, tijdens het fietsen een helm te dragen; rijd niet onder invloed van alcohol of drugs; zorg ervoor dat u een reisverzekering heeft die bagage, fietsuitrusting en medische kosten dekt.<\/p>\n\n\n\n<h4 class=\"wp-block-heading\" id=\"vara-rattigheter\"><strong>Onze rechten<\/strong><\/h4>\n\n\n\n<p>Wij behouden ons het recht voor om uw reis op elk moment v\u00f3\u00f3r vertrek te annuleren of te wijzigen; als gevolg van gebeurtenissen buiten onze controle, zoals maar niet beperkt tot: overmacht, overstromingen, droogte, aardbeving of andere natuurrampen; epidemie of pandemie; terroristische aanval, burgeroorlog, opstand, staking of oproer, oorlog, dreiging van of voorbereiding op oorlog, gewapend conflict, oplegging van sancties, embargo of be\u00ebindiging van diplomatieke betrekkingen; nucleaire, chemische of biologische besmetting; of instorting van gebouwen, brand, explosie of ongeval (gezamenlijk \u201cGebeurtenissen buiten onze controle\u201d). We behouden ons ook het recht voor om uw reis op elk moment v\u00f3\u00f3r vertrek te annuleren of te wijzigen (naar eigen goeddunken), hoewel we u verzekeren dat we dit alleen zullen proberen te doen als dit absoluut noodzakelijk is. De reis is een groepsreis. Als er niet genoeg mensen zich aanmelden, kan deze worden geannuleerd. In dat geval vindt restitutie plaats. Voor vliegtickets gelden speciale voorwaarden.<\/p>\n\n\n\n<h4 class=\"wp-block-heading\" id=\"overfora-resan\"><strong>Breng de reis over&nbsp;<\/strong><\/h4>\n\n\n\n<p>Als een zakelijk of persoonlijk noodgeval u ervan weerhoudt om tijdens uw reis te reizen, kunt u overstappen op een andere reis waarop: nog zitplaatsen beschikbaar zijn en die volgens de planning zal vertrekken binnen twee jaar na de reis waarvoor u zich oorspronkelijk heeft aangemeld. Er zijn geen kosten verbonden aan het overboeken van al uw betalingen naar een andere reis. <\/p>\n\n\n\n<h4 class=\"wp-block-heading\" id=\"andringar-av-din-resa\"><strong>Wijzigingen in uw reis<\/strong><\/h4>\n\n\n\n<p>Wij zullen ons best doen om ervoor te zorgen dat het reisschema voor uw reis niet gewijzigd hoeft te worden. Als er zich echter een gebeurtenis voordoet die buiten onze macht ligt (het is mogelijk dat we onze geadverteerde reisroutes of schema&#039;s niet kunnen volgen). Als eventuele extra kosten die ontstaan door vertraging, een ongeval of verstoring van de geplande reisroute het gevolg zijn van gebeurtenissen buiten onze controle, kunnen wij u deze kosten niet vergoeden.<\/p>\n\n\n\n<h4 class=\"wp-block-heading\" id=\"upphavande\"><strong>Intrekking&nbsp;<\/strong><\/h4>\n\n\n\n<p>Door te boeken: gaat u ermee akkoord dat u alle door ons verstrekte informatie over de reis heeft ontvangen en gelezen; u aanvaardt dat alle aanbevelingen die door ons worden gedaan met betrekking tot klimaat, kleding, speciale uitrusting, topografie, enz. in goed vertrouwen worden gedaan, maar dat we de juistheid of volledigheid ervan niet kunnen garanderen; u aanvaardt dat het uw verantwoordelijkheid is om een verzekering af te sluiten die u dekt voor de duur van de reis; u bevestigt dat u zich bewust bent van de fysiek veeleisende aard van onze reizen en accepteert de risico&#039;s en gevaren van onze reizen, inclusief gevaren tijdens het fietsen, zowel op de weg als off-road, en eventuele risico&#039;s die voortvloeien uit (onder andere) slecht weer en de wisselende staat van de wegen en\/of sporen; aanvaardt het risico van (onder meer) vertraging, wijziging, verlies of beschadiging van eigendommen, overlast en ongemak; en akkoord gaat met het onderstaande punt, neemt u deel aan de reis en rijdt u op eigen risico.<\/p>\n\n\n\n<h4 class=\"wp-block-heading\" id=\"tillamplig-lag-och-jurisdiktion\"><strong>Toepasselijk recht en jurisdictie<\/strong><\/h4>\n\n\n\n<p>Elk geschil wordt als volgt beslecht:<a href=\"https:\/\/sccinstitute.se\/vara-tjanster\/forenklat-skiljeforfarande\/\">https:\/\/sccinstitute.se\/vara-tjanster\/forenklat-skiljeforfarande\/<\/a><\/p>","protected":false},"excerpt":{"rendered":"<p>Dina skyldigheter&nbsp; Du ska: f\u00f6lja instruktionerna fr\u00e5n guiderna under hela turen, b\u00e4ra hj\u00e4lm under cykling; inte cykla n\u00e4r du \u00e4r p\u00e5verkad av alkohol eller droger; f\u00f6rs\u00e4kra dig om att du har en resef\u00f6rs\u00e4kring som t\u00e4cker bagage, cykelutrustning och sjukv\u00e5rdskostnader. V\u00e5ra r\u00e4ttigheter Vi f\u00f6rbeh\u00e5ller oss r\u00e4tten att avbryta eller \u00e4ndra din resa n\u00e4r som helst innan [&hellip;]<\/p>\n","protected":false},"author":135133094,"featured_media":0,"parent":0,"menu_order":0,"comment_status":"closed","ping_status":"closed","template":"","meta":{"_coblocks_attr":"","_coblocks_dimensions":"","_coblocks_responsive_height":"","_coblocks_accordion_ie_support":"","footnotes":""},"class_list":["post-1454","page","type-page","status-publish","hentry"],"yoast_head":"<!-- This site is optimized with the Yoast SEO plugin v27.2 - https:\/\/yoast.com\/product\/yoast-seo-wordpress\/ -->\n<title>Villkor Deltagande - INZAIN Cycling EXPERIENCES<\/title>\n<meta name=\"robots\" content=\"index, follow, max-snippet:-1, max-image-preview:large, max-video-preview:-1\" \/>\n<link rel=\"canonical\" href=\"https:\/\/inzain.bike\/nl_be\/villkor-deltagande\/\" \/>\n<meta property=\"og:locale\" content=\"nl_BE\" \/>\n<meta property=\"og:type\" content=\"article\" \/>\n<meta property=\"og:title\" content=\"Villkor Deltagande - INZAIN Cycling EXPERIENCES\" \/>\n<meta property=\"og:description\" content=\"Dina skyldigheter&nbsp; Du ska: f\u00f6lja instruktionerna fr\u00e5n guiderna under hela turen, b\u00e4ra hj\u00e4lm under cykling; inte cykla n\u00e4r du \u00e4r p\u00e5verkad av alkohol eller droger; f\u00f6rs\u00e4kra dig om att du har en resef\u00f6rs\u00e4kring som t\u00e4cker bagage, cykelutrustning och sjukv\u00e5rdskostnader. V\u00e5ra r\u00e4ttigheter Vi f\u00f6rbeh\u00e5ller oss r\u00e4tten att avbryta eller \u00e4ndra din resa n\u00e4r som helst innan [&hellip;]\" \/>\n<meta property=\"og:url\" content=\"https:\/\/inzain.bike\/nl_be\/villkor-deltagande\/\" \/>\n<meta property=\"og:site_name\" content=\"INZAIN Cycling EXPERIENCES\" \/>\n<meta property=\"article:publisher\" content=\"https:\/\/www.facebook.com\/Inzain.bike\" \/>\n<meta property=\"article:modified_time\" content=\"2023-03-22T15:57:39+00:00\" \/>\n<meta name=\"twitter:card\" content=\"summary_large_image\" \/>\n<meta name=\"twitter:label1\" content=\"Geschatte leestijd\" \/>\n\t<meta name=\"twitter:data1\" content=\"3 minuten\" \/>\n<script type=\"application\/ld+json\" class=\"yoast-schema-graph\">{\"@context\":\"https:\/\/schema.org\",\"@graph\":[{\"@type\":\"WebPage\",\"@id\":\"https:\/\/inzain.bike\/en_gb\/villkor-deltagande\/\",\"url\":\"https:\/\/inzain.bike\/en_gb\/villkor-deltagande\/\",\"name\":\"Villkor Deltagande - INZAIN Cycling EXPERIENCES\",\"isPartOf\":{\"@id\":\"https:\/\/inzain.bike\/fr_be\/#website\"},\"datePublished\":\"2022-01-18T11:54:23+00:00\",\"dateModified\":\"2023-03-22T15:57:39+00:00\",\"breadcrumb\":{\"@id\":\"https:\/\/inzain.bike\/en_gb\/villkor-deltagande\/#breadcrumb\"},\"inLanguage\":\"nl-BE\",\"potentialAction\":[{\"@type\":\"ReadAction\",\"target\":[\"https:\/\/inzain.bike\/en_gb\/villkor-deltagande\/\"]}]},{\"@type\":\"BreadcrumbList\",\"@id\":\"https:\/\/inzain.bike\/en_gb\/villkor-deltagande\/#breadcrumb\",\"itemListElement\":[{\"@type\":\"ListItem\",\"position\":1,\"name\":\"Hem\",\"item\":\"https:\/\/inzain.bike\/fr_be\/\"},{\"@type\":\"ListItem\",\"position\":2,\"name\":\"Villkor Deltagande\"}]},{\"@type\":\"WebSite\",\"@id\":\"https:\/\/inzain.bike\/fr_be\/#website\",\"url\":\"https:\/\/inzain.bike\/fr_be\/\",\"name\":\"INZAIN Cycling EXPERIENCES\",\"description\":\"Cyckling Adventures  - for everyone\",\"publisher\":{\"@id\":\"https:\/\/inzain.bike\/fr_be\/#organization\"},\"alternateName\":\"INZAIN Gravel & Travel\",\"potentialAction\":[{\"@type\":\"SearchAction\",\"target\":{\"@type\":\"EntryPoint\",\"urlTemplate\":\"https:\/\/inzain.bike\/fr_be\/?s={search_term_string}\"},\"query-input\":{\"@type\":\"PropertyValueSpecification\",\"valueRequired\":true,\"valueName\":\"search_term_string\"}}],\"inLanguage\":\"nl-BE\"},{\"@type\":\"Organization\",\"@id\":\"https:\/\/inzain.bike\/fr_be\/#organization\",\"name\":\"INZAIN Cycling EXPERIENCES\",\"url\":\"https:\/\/inzain.bike\/fr_be\/\",\"logo\":{\"@type\":\"ImageObject\",\"inLanguage\":\"nl-BE\",\"@id\":\"https:\/\/inzain.bike\/fr_be\/#\/schema\/logo\/image\/\",\"url\":\"https:\/\/i0.wp.com\/inzain.bike\/wp-content\/uploads\/2023\/09\/cropped-INZAIN_512x512_white.png?fit=512%2C512&ssl=1\",\"contentUrl\":\"https:\/\/i0.wp.com\/inzain.bike\/wp-content\/uploads\/2023\/09\/cropped-INZAIN_512x512_white.png?fit=512%2C512&ssl=1\",\"width\":512,\"height\":512,\"caption\":\"INZAIN Cycling EXPERIENCES\"},\"image\":{\"@id\":\"https:\/\/inzain.bike\/fr_be\/#\/schema\/logo\/image\/\"},\"sameAs\":[\"https:\/\/www.facebook.com\/Inzain.bike\",\"https:\/\/www.instagram.com\/inzainbike\"]}]}<\/script>\n<!-- \/ Yoast SEO plugin. -->","yoast_head_json":{"title":"Deelnamevoorwaarden - INZAIN Cycling EXPERIENCES","robots":{"index":"index","follow":"follow","max-snippet":"max-snippet:-1","max-image-preview":"max-image-preview:large","max-video-preview":"max-video-preview:-1"},"canonical":"https:\/\/inzain.bike\/nl_be\/villkor-deltagande\/","og_locale":"nl_BE","og_type":"article","og_title":"Villkor Deltagande - INZAIN Cycling EXPERIENCES","og_description":"Dina skyldigheter&nbsp; Du ska: f\u00f6lja instruktionerna fr\u00e5n guiderna under hela turen, b\u00e4ra hj\u00e4lm under cykling; inte cykla n\u00e4r du \u00e4r p\u00e5verkad av alkohol eller droger; f\u00f6rs\u00e4kra dig om att du har en resef\u00f6rs\u00e4kring som t\u00e4cker bagage, cykelutrustning och sjukv\u00e5rdskostnader. V\u00e5ra r\u00e4ttigheter Vi f\u00f6rbeh\u00e5ller oss r\u00e4tten att avbryta eller \u00e4ndra din resa n\u00e4r som helst innan [&hellip;]","og_url":"https:\/\/inzain.bike\/nl_be\/villkor-deltagande\/","og_site_name":"INZAIN Cycling EXPERIENCES","article_publisher":"https:\/\/www.facebook.com\/Inzain.bike","article_modified_time":"2023-03-22T15:57:39+00:00","twitter_card":"summary_large_image","twitter_misc":{"Geschatte leestijd":"3 minuten"},"schema":{"@context":"https:\/\/schema.org","@graph":[{"@type":"WebPage","@id":"https:\/\/inzain.bike\/en_gb\/villkor-deltagande\/","url":"https:\/\/inzain.bike\/en_gb\/villkor-deltagande\/","name":"Deelnamevoorwaarden - INZAIN Cycling EXPERIENCES","isPartOf":{"@id":"https:\/\/inzain.bike\/fr_be\/#website"},"datePublished":"2022-01-18T11:54:23+00:00","dateModified":"2023-03-22T15:57:39+00:00","breadcrumb":{"@id":"https:\/\/inzain.bike\/en_gb\/villkor-deltagande\/#breadcrumb"},"inLanguage":"nl-BE","potentialAction":[{"@type":"ReadAction","target":["https:\/\/inzain.bike\/en_gb\/villkor-deltagande\/"]}]},{"@type":"BreadcrumbList","@id":"https:\/\/inzain.bike\/en_gb\/villkor-deltagande\/#breadcrumb","itemListElement":[{"@type":"ListItem","position":1,"name":"Hem","item":"https:\/\/inzain.bike\/fr_be\/"},{"@type":"ListItem","position":2,"name":"Villkor Deltagande"}]},{"@type":"WebSite","@id":"https:\/\/inzain.bike\/fr_be\/#website","url":"https:\/\/inzain.bike\/fr_be\/","name":"INZAIN fietservaringen","description":"Fietsavonturen - voor iedereen","publisher":{"@id":"https:\/\/inzain.bike\/fr_be\/#organization"},"alternateName":"INZAIN Gravel & Travel","potentialAction":[{"@type":"SearchAction","target":{"@type":"EntryPoint","urlTemplate":"https:\/\/inzain.bike\/fr_be\/?s={search_term_string}"},"query-input":{"@type":"PropertyValueSpecification","valueRequired":true,"valueName":"search_term_string"}}],"inLanguage":"nl-BE"},{"@type":"Organization","@id":"https:\/\/inzain.bike\/fr_be\/#organization","name":"INZAIN fietservaringen","url":"https:\/\/inzain.bike\/fr_be\/","logo":{"@type":"ImageObject","inLanguage":"nl-BE","@id":"https:\/\/inzain.bike\/fr_be\/#\/schema\/logo\/image\/","url":"https:\/\/i0.wp.com\/inzain.bike\/wp-content\/uploads\/2023\/09\/cropped-INZAIN_512x512_white.png?fit=512%2C512&ssl=1","contentUrl":"https:\/\/i0.wp.com\/inzain.bike\/wp-content\/uploads\/2023\/09\/cropped-INZAIN_512x512_white.png?fit=512%2C512&ssl=1","width":512,"height":512,"caption":"INZAIN Cycling EXPERIENCES"},"image":{"@id":"https:\/\/inzain.bike\/fr_be\/#\/schema\/logo\/image\/"},"sameAs":["https:\/\/www.facebook.com\/Inzain.bike","https:\/\/www.instagram.com\/inzainbike"]}]}},"amp_enabled":true,"_links":{"self":[{"href":"https:\/\/inzain.bike\/nl_be\/wp-json\/wp\/v2\/pages\/1454","targetHints":{"allow":["GET"]}}],"collection":[{"href":"https:\/\/inzain.bike\/nl_be\/wp-json\/wp\/v2\/pages"}],"about":[{"href":"https:\/\/inzain.bike\/nl_be\/wp-json\/wp\/v2\/types\/page"}],"author":[{"embeddable":true,"href":"https:\/\/inzain.bike\/nl_be\/wp-json\/wp\/v2\/users\/135133094"}],"replies":[{"embeddable":true,"href":"https:\/\/inzain.bike\/nl_be\/wp-json\/wp\/v2\/comments?post=1454"}],"version-history":[{"count":0,"href":"https:\/\/inzain.bike\/nl_be\/wp-json\/wp\/v2\/pages\/1454\/revisions"}],"wp:attachment":[{"href":"https:\/\/inzain.bike\/nl_be\/wp-json\/wp\/v2\/media?parent=1454"}],"curies":[{"name":"wp","href":"https:\/\/api.w.org\/{rel}","templated":true}]}}