{"id":1969,"date":"2022-10-02T18:06:05","date_gmt":"2022-10-02T16:06:05","guid":{"rendered":"https:\/\/inzain.bike\/?page_id=1969"},"modified":"2023-06-09T09:00:18","modified_gmt":"2023-06-09T07:00:18","slug":"dalsland-gravel-camp","status":"publish","type":"page","link":"https:\/\/inzain.bike\/nl_be\/dalsland-gravel-camp\/","title":{"rendered":"Dalsland grindkamp"},"content":{"rendered":"<p>Welkom bij een fantastisch weekend grindfietsen in Dalsland.<\/p>\n\n\n\n<figure class=\"wp-block-image size-full\"><img loading=\"lazy\" decoding=\"async\" width=\"945\" height=\"630\" src=\"https:\/\/inzain.bike\/wp-content\/uploads\/2022\/10\/dalsland2.webp\" alt=\"\" class=\"wp-image-1976\" srcset=\"https:\/\/inzain.bike\/wp-content\/uploads\/2022\/10\/dalsland2.webp 945w, https:\/\/inzain.bike\/wp-content\/uploads\/2022\/10\/dalsland2-300x200.webp 300w, https:\/\/inzain.bike\/wp-content\/uploads\/2022\/10\/dalsland2-768x512.webp 768w, https:\/\/inzain.bike\/wp-content\/uploads\/2022\/10\/dalsland2-18x12.webp 18w, https:\/\/inzain.bike\/wp-content\/uploads\/2022\/10\/dalsland2-600x400.webp 600w\" sizes=\"auto, (max-width: 945px) 100vw, 945px\" \/><\/figure>\n\n\n\n<p><strong>Wanneer<\/strong>: 17-18 juni 2023.<br><strong>Waar<\/strong>: Dalsland<br><strong>Hoe<\/strong>: Gravel Camp op geweldige wegen<br><strong>Slaap<\/strong>: Wij hebben een aantal kamers geboekt bij <a href=\"https:\/\/www.kroppefjall.com\/\">Lichaamsweegschalen<\/a><br><strong>Inbegrepen<\/strong>: Deelnemen is gratis, maar voor wie dat wil, hebben wij verblijfspakketten samengesteld,<br>logies, ontbijt en diner op zaterdagavond zijn daarin inbegrepen. Lunch en koffie op de tours betaal je zelf<br><strong>Prijs<\/strong>: 1.150 kr per persoon, +300 kr voor een eenpersoonskamer, extra nacht (645 kr deel van een tweepersoonskamer 895 kr eenpersoonskamer). Als je alleen ons driegangendiner wilt eten, is dat prima. Het kost 495 kronen. Bij het diner is water inbegrepen, non-alcoholische dranken zijn te koop, als u alcohol wenst dient u deze zelf mee te nemen.<\/p>\n\n\n\n<figure class=\"wp-block-embed is-type-video is-provider-youtube wp-block-embed-youtube wp-embed-aspect-16-9 wp-has-aspect-ratio\"><div class=\"wp-block-embed__wrapper\">\n<iframe loading=\"lazy\" title=\"Terug naar de natuur - Dalsland, West-Zweden\" width=\"500\" height=\"281\" src=\"https:\/\/www.youtube.com\/embed\/NADfCRF_mcU?feature=oembed\" frameborder=\"0\" allow=\"accelerometer; autoplay; clipboard-write; encrypted-media; gyroscope; picture-in-picture; web-share\" referrerpolicy=\"strict-origin-when-cross-origin\" allowfullscreen><\/iframe>\n<\/div><\/figure>\n\n\n\n<p><strong>Wat kun je verwachten?<\/strong><\/p>\n\n\n\n<p>Een heerlijk weekend met fantastische onverharde wegen en goed gezelschap. We wonen fijn, aan het water en hebben de beschikking over een bad en sauna. Het diner wordt buiten bereid met lokale producten en zal heerlijk smaken. Als je bier of wijn wilt drinken, neem je dat zelf mee. Indien gewenst kan het in de koelkast worden bewaard.<\/p>\n\n\n\n<div class=\"wp-block-jetpack-tiled-gallery aligncenter is-style-rectangular\"><div class=\"tiled-gallery__gallery\"><div class=\"tiled-gallery__row\"><div class=\"tiled-gallery__col\" style=\"flex-basis:66.24822%\"><figure class=\"tiled-gallery__item\"><img decoding=\"async\" alt=\"\" data-height=\"3900\" data-id=\"2048\" data-link=\"https:\/\/inzain.bike\/dalsland-gravel-camp\/pexels-daniel-torobekov-5694144\/\" data-url=\"https:\/\/inzain.bike\/wp-content\/uploads\/2022\/10\/pexels-daniel-torobekov-5694144-1010x1024.jpg\" data-width=\"3845\" src=\"https:\/\/i2.wp.com\/inzain.bike\/wp-content\/uploads\/2022\/10\/pexels-daniel-torobekov-5694144-1010x1024.jpg?ssl=1\" data-amp-layout=\"responsive\"\/><\/figure><\/div><div class=\"tiled-gallery__col\" style=\"flex-basis:33.75178%\"><figure class=\"tiled-gallery__item\"><img decoding=\"async\" alt=\"\" data-height=\"1707\" data-id=\"2049\" data-link=\"https:\/\/inzain.bike\/dalsland-gravel-camp\/dalsland_bastu\/\" data-url=\"https:\/\/inzain.bike\/wp-content\/uploads\/2022\/10\/dalsland_bastu-1024x683.jpeg\" data-width=\"2560\" src=\"https:\/\/i2.wp.com\/inzain.bike\/wp-content\/uploads\/2022\/10\/dalsland_bastu-1024x683.jpeg?ssl=1\" data-amp-layout=\"responsive\"\/><\/figure><figure class=\"tiled-gallery__item\"><img decoding=\"async\" alt=\"\" data-height=\"1136\" data-id=\"2051\" data-link=\"https:\/\/inzain.bike\/dalsland-gravel-camp\/dalsland_mat\/\" data-url=\"https:\/\/inzain.bike\/wp-content\/uploads\/2022\/10\/dalsland_mat-1024x568.jpg\" data-width=\"2048\" src=\"https:\/\/i1.wp.com\/inzain.bike\/wp-content\/uploads\/2022\/10\/dalsland_mat-1024x568.jpg?ssl=1\" data-amp-layout=\"responsive\"\/><\/figure><figure class=\"tiled-gallery__item\"><img decoding=\"async\" alt=\"\" data-height=\"283\" data-id=\"2053\" data-link=\"https:\/\/inzain.bike\/dalsland-gravel-camp\/dalsland5-1\/\" data-url=\"https:\/\/inzain.bike\/wp-content\/uploads\/2022\/10\/dalsland5-1.png\" data-width=\"377\" src=\"https:\/\/i1.wp.com\/inzain.bike\/wp-content\/uploads\/2022\/10\/dalsland5-1.png?ssl=1\" data-amp-layout=\"responsive\"\/><\/figure><\/div><\/div><\/div><\/div>\n\n\n\n<p><br><\/p>\n\n\n\n<figure class=\"wp-block-image size-full\"><img loading=\"lazy\" decoding=\"async\" width=\"945\" height=\"630\" src=\"https:\/\/inzain.bike\/wp-content\/uploads\/2022\/10\/dalsland3.webp\" alt=\"\" class=\"wp-image-1977\" srcset=\"https:\/\/inzain.bike\/wp-content\/uploads\/2022\/10\/dalsland3.webp 945w, https:\/\/inzain.bike\/wp-content\/uploads\/2022\/10\/dalsland3-300x200.webp 300w, https:\/\/inzain.bike\/wp-content\/uploads\/2022\/10\/dalsland3-768x512.webp 768w, https:\/\/inzain.bike\/wp-content\/uploads\/2022\/10\/dalsland3-18x12.webp 18w, https:\/\/inzain.bike\/wp-content\/uploads\/2022\/10\/dalsland3-600x400.webp 600w\" sizes=\"auto, (max-width: 945px) 100vw, 945px\" \/><\/figure>\n\n\n\n<p><br><strong>Dalslandskanaal<\/strong><\/p>\n\n\n\n<p>Het kanaal van Dalsland is een fantastisch labyrint van grote en kleine meren, rivieren en kronkelende kanaalstronken in Dalsland. Het kanaal is een groot vaar- en kanogebied. Slechts \u00e9\u00e9n mijl is een kanaal gegraven of opgeblazen, de rest is een bevaarbaar merensysteem van 39 mijl lang tussen K\u00f6pmannebro op V\u00e4nern en de Noorse grens. Het Dalslandkanaal werd in de jaren 1864-1868 voltooid. De werkzaamheden werden geleid door de bekende grachtenbouwer Nils Ericson. De belangrijkste attractie is het aquaduct in H\u00e5verud.<\/p>\n\n\n\n<figure class=\"wp-block-image size-full\"><img loading=\"lazy\" decoding=\"async\" width=\"800\" height=\"800\" src=\"https:\/\/inzain.bike\/wp-content\/uploads\/2022\/10\/dalsland6.jpg\" alt=\"\" class=\"wp-image-2038\" srcset=\"https:\/\/inzain.bike\/wp-content\/uploads\/2022\/10\/dalsland6.jpg 800w, https:\/\/inzain.bike\/wp-content\/uploads\/2022\/10\/dalsland6-300x300.jpg 300w, https:\/\/inzain.bike\/wp-content\/uploads\/2022\/10\/dalsland6-150x150.jpg 150w, https:\/\/inzain.bike\/wp-content\/uploads\/2022\/10\/dalsland6-768x768.jpg 768w, https:\/\/inzain.bike\/wp-content\/uploads\/2022\/10\/dalsland6-12x12.jpg 12w, https:\/\/inzain.bike\/wp-content\/uploads\/2022\/10\/dalsland6-600x600.jpg 600w, https:\/\/inzain.bike\/wp-content\/uploads\/2022\/10\/dalsland6-100x100.jpg 100w\" sizes=\"auto, (max-width: 800px) 100vw, 800px\" \/><\/figure>\n\n\n\n<p><br><strong>Zaterdag<\/strong> <br>We starten in Skog over Famsheden, Blikseud en Gullesby en betreden vervolgens het uitgestrekte culturele landschap richting Br\u00e5landa. Daar lunchen we voordat we verder gaan via S\u00f6rhagen en Luserup richting Udden. Een paar foto&#039;s later gaan we verder langs de kust van V\u00e4nern naar Mellerud en dan terug naar de faciliteit voor een welverdiend biertje en een beter diner.<\/p>\n\n\n\n<figure class=\"wp-block-image size-large\"><img loading=\"lazy\" decoding=\"async\" width=\"1024\" height=\"685\" src=\"https:\/\/inzain.bike\/wp-content\/uploads\/2022\/10\/dalsland4-1024x685.jpg\" alt=\"\" class=\"wp-image-2034\" srcset=\"https:\/\/inzain.bike\/wp-content\/uploads\/2022\/10\/dalsland4-1024x685.jpg 1024w, https:\/\/inzain.bike\/wp-content\/uploads\/2022\/10\/dalsland4-300x201.jpg 300w, https:\/\/inzain.bike\/wp-content\/uploads\/2022\/10\/dalsland4-768x514.jpg 768w, https:\/\/inzain.bike\/wp-content\/uploads\/2022\/10\/dalsland4-18x12.jpg 18w, https:\/\/inzain.bike\/wp-content\/uploads\/2022\/10\/dalsland4-600x402.jpg 600w, https:\/\/inzain.bike\/wp-content\/uploads\/2022\/10\/dalsland4.jpg 1200w\" sizes=\"auto, (max-width: 1024px) 100vw, 1024px\" \/><\/figure>\n\n\n<p><iframe style=\"width: 1px; min-width: 100%; height: 700px; border: none;\" src=\"https:\/\/ridewithgps.com\/embeds?type=route&amp;id=41058165&amp;title=Dalsland%20L%C3%B6rdag&amp;metricUnits=true&amp;sampleGraph=true&amp;distanceMarkers=true&amp;privacyCode=H6LHVljgNwVKkWPA\" scrolling=\"no\"><\/iframe><\/p>\n\n\n<p><strong>Zondag<\/strong> <br>We gaan noordwaarts, richting het kanaal. Na Linderyd volgen we de Svanfjorden en beginnen onze tocht rond \u00c5nimmen. Op km 40 drinken we koffie bij Larssons G\u00e5rdsbutik, na 45 km bereiken we Str\u00f6mmens sluss op weg naar H\u00e5verud en het beroemde kanaal daar. We lunchen bij de rokerij en genieten van de gracht. We rijden door het natuurreservaat Svankila, passeren Sk\u00e5llerud en dan terug richting Kroppefj\u00e4ll.<\/p>\n\n\n\n<p><iframe src=\"https:\/\/ridewithgps.com\/embeds?type=route&amp;id=43216379&amp;metricUnits=true&amp;sampleGraph=true&amp;privacyCode=t7tn8sUq9wDh4zW3\" style=\"width: 1px; min-width: 100%; height: 700px; border: none;\" scrolling=\"no\"><\/iframe><\/p>\n\n\n\n<figure class=\"wp-block-image size-large\"><img loading=\"lazy\" decoding=\"async\" width=\"1024\" height=\"683\" src=\"https:\/\/inzain.bike\/wp-content\/uploads\/2022\/10\/dalsland1-1024x683.jpg\" alt=\"\" class=\"wp-image-1978\" srcset=\"https:\/\/inzain.bike\/wp-content\/uploads\/2022\/10\/dalsland1-1024x683.jpg 1024w, https:\/\/inzain.bike\/wp-content\/uploads\/2022\/10\/dalsland1-300x200.jpg 300w, https:\/\/inzain.bike\/wp-content\/uploads\/2022\/10\/dalsland1-768x512.jpg 768w, https:\/\/inzain.bike\/wp-content\/uploads\/2022\/10\/dalsland1-18x12.jpg 18w, https:\/\/inzain.bike\/wp-content\/uploads\/2022\/10\/dalsland1-600x400.jpg 600w, https:\/\/inzain.bike\/wp-content\/uploads\/2022\/10\/dalsland1.jpg 1080w\" sizes=\"auto, (max-width: 1024px) 100vw, 1024px\" \/><\/figure>\n\n\n\n<h6 class=\"wp-block-heading\"><strong>Wij fietsen volgens de principes van Grusets V\u00e4nner.<\/strong><\/h6>\n\n\n\n<p>We fietsen voor de lol, er zijn geen pauzes en het gaat niet om de snelste fiets, maar om de beste ervaring. Als je wilt uitgeven, is dat natuurlijk prima, maar wacht maar even verder. Mogelijk splitsen we de groep ook, als dat beter blijkt. Onze gidsen hebben veel ervaring met het organiseren en houden van deze reizen.<\/p>\n\n\n\n<p>*Niemand wordt alleen gelaten, iedereen moet meedoen<br>* Het stuiteren gaat goed, wacht tot later<br>* Wij zorgen voor elkaar en helpen elkaar bij punkers of andere zaken.<br>* Wij fietsen veilig en houden afstand, denk aan de drie seconden regel.<br>* Het draait allemaal om een leuke dag.<\/p>\n\n\n\n<h6 class=\"wp-block-heading\">Registratie gesloten<\/h6>","protected":false},"excerpt":{"rendered":"<p>V\u00e4lkommen till en fantastisk helg med gravel cykling i Dalsland. N\u00e4r: 17-18 juni 2023.Var: DalslandHur: Gravel Camp p\u00e5 fantastiska v\u00e4garSova: Vi har bokat ett antal rum p\u00e5 Kroppefj\u00e4llIng\u00e5r: Att delta \u00e4r kostnadsfritt men vi ordnat med boendepaket f\u00f6r de som vill,boende, frukost och middag l\u00f6rdag kv\u00e4ll ing\u00e5r i det. Lunch och fika p\u00e5 turerna betalar [&hellip;]<\/p>\n","protected":false},"author":135133094,"featured_media":0,"parent":0,"menu_order":0,"comment_status":"closed","ping_status":"closed","template":"","meta":{"_coblocks_attr":"","_coblocks_dimensions":"","_coblocks_responsive_height":"","_coblocks_accordion_ie_support":"","footnotes":""},"class_list":["post-1969","page","type-page","status-publish","hentry"],"yoast_head":"<!-- This site is optimized with the Yoast SEO plugin v27.2 - https:\/\/yoast.com\/product\/yoast-seo-wordpress\/ -->\n<title>Dalsland Gravel Camp - INZAIN Cycling EXPERIENCES<\/title>\n<meta name=\"robots\" content=\"index, follow, max-snippet:-1, max-image-preview:large, max-video-preview:-1\" \/>\n<link rel=\"canonical\" href=\"https:\/\/inzain.bike\/nl_be\/dalsland-gravel-camp\/\" \/>\n<meta property=\"og:locale\" content=\"nl_BE\" \/>\n<meta property=\"og:type\" content=\"article\" \/>\n<meta property=\"og:title\" content=\"Dalsland Gravel Camp - INZAIN Cycling EXPERIENCES\" \/>\n<meta property=\"og:description\" content=\"V\u00e4lkommen till en fantastisk helg med gravel cykling i Dalsland. N\u00e4r: 17-18 juni 2023.Var: DalslandHur: Gravel Camp p\u00e5 fantastiska v\u00e4garSova: Vi har bokat ett antal rum p\u00e5 Kroppefj\u00e4llIng\u00e5r: Att delta \u00e4r kostnadsfritt men vi ordnat med boendepaket f\u00f6r de som vill,boende, frukost och middag l\u00f6rdag kv\u00e4ll ing\u00e5r i det. Lunch och fika p\u00e5 turerna betalar [&hellip;]\" \/>\n<meta property=\"og:url\" content=\"https:\/\/inzain.bike\/nl_be\/dalsland-gravel-camp\/\" \/>\n<meta property=\"og:site_name\" content=\"INZAIN Cycling EXPERIENCES\" \/>\n<meta property=\"article:publisher\" content=\"https:\/\/www.facebook.com\/Inzain.bike\" \/>\n<meta property=\"article:modified_time\" content=\"2023-06-09T07:00:18+00:00\" \/>\n<meta property=\"og:image\" content=\"https:\/\/inzain.bike\/wp-content\/uploads\/2022\/10\/dalsland2.webp\" \/>\n<meta name=\"twitter:card\" content=\"summary_large_image\" \/>\n<meta name=\"twitter:label1\" content=\"Geschatte leestijd\" \/>\n\t<meta name=\"twitter:data1\" content=\"3 minuten\" \/>\n<script type=\"application\/ld+json\" class=\"yoast-schema-graph\">{\"@context\":\"https:\/\/schema.org\",\"@graph\":[{\"@type\":\"WebPage\",\"@id\":\"https:\/\/inzain.bike\/fr_be\/dalsland-gravel-camp\/\",\"url\":\"https:\/\/inzain.bike\/fr_be\/dalsland-gravel-camp\/\",\"name\":\"Dalsland Gravel Camp - INZAIN Cycling EXPERIENCES\",\"isPartOf\":{\"@id\":\"https:\/\/inzain.bike\/fr_be\/#website\"},\"primaryImageOfPage\":{\"@id\":\"https:\/\/inzain.bike\/fr_be\/dalsland-gravel-camp\/#primaryimage\"},\"image\":{\"@id\":\"https:\/\/inzain.bike\/fr_be\/dalsland-gravel-camp\/#primaryimage\"},\"thumbnailUrl\":\"https:\/\/inzain.bike\/wp-content\/uploads\/2022\/10\/dalsland2.webp\",\"datePublished\":\"2022-10-02T16:06:05+00:00\",\"dateModified\":\"2023-06-09T07:00:18+00:00\",\"breadcrumb\":{\"@id\":\"https:\/\/inzain.bike\/fr_be\/dalsland-gravel-camp\/#breadcrumb\"},\"inLanguage\":\"nl-BE\",\"potentialAction\":[{\"@type\":\"ReadAction\",\"target\":[\"https:\/\/inzain.bike\/fr_be\/dalsland-gravel-camp\/\"]}]},{\"@type\":\"ImageObject\",\"inLanguage\":\"nl-BE\",\"@id\":\"https:\/\/inzain.bike\/fr_be\/dalsland-gravel-camp\/#primaryimage\",\"url\":\"https:\/\/inzain.bike\/wp-content\/uploads\/2022\/10\/dalsland2.webp\",\"contentUrl\":\"https:\/\/inzain.bike\/wp-content\/uploads\/2022\/10\/dalsland2.webp\"},{\"@type\":\"BreadcrumbList\",\"@id\":\"https:\/\/inzain.bike\/fr_be\/dalsland-gravel-camp\/#breadcrumb\",\"itemListElement\":[{\"@type\":\"ListItem\",\"position\":1,\"name\":\"Hem\",\"item\":\"https:\/\/inzain.bike\/fr_be\/\"},{\"@type\":\"ListItem\",\"position\":2,\"name\":\"Dalsland Gravel Camp\"}]},{\"@type\":\"WebSite\",\"@id\":\"https:\/\/inzain.bike\/fr_be\/#website\",\"url\":\"https:\/\/inzain.bike\/fr_be\/\",\"name\":\"INZAIN Cycling EXPERIENCES\",\"description\":\"Cyckling Adventures  - for everyone\",\"publisher\":{\"@id\":\"https:\/\/inzain.bike\/fr_be\/#organization\"},\"alternateName\":\"INZAIN Gravel & Travel\",\"potentialAction\":[{\"@type\":\"SearchAction\",\"target\":{\"@type\":\"EntryPoint\",\"urlTemplate\":\"https:\/\/inzain.bike\/fr_be\/?s={search_term_string}\"},\"query-input\":{\"@type\":\"PropertyValueSpecification\",\"valueRequired\":true,\"valueName\":\"search_term_string\"}}],\"inLanguage\":\"nl-BE\"},{\"@type\":\"Organization\",\"@id\":\"https:\/\/inzain.bike\/fr_be\/#organization\",\"name\":\"INZAIN Cycling EXPERIENCES\",\"url\":\"https:\/\/inzain.bike\/fr_be\/\",\"logo\":{\"@type\":\"ImageObject\",\"inLanguage\":\"nl-BE\",\"@id\":\"https:\/\/inzain.bike\/fr_be\/#\/schema\/logo\/image\/\",\"url\":\"https:\/\/i0.wp.com\/inzain.bike\/wp-content\/uploads\/2023\/09\/cropped-INZAIN_512x512_white.png?fit=512%2C512&ssl=1\",\"contentUrl\":\"https:\/\/i0.wp.com\/inzain.bike\/wp-content\/uploads\/2023\/09\/cropped-INZAIN_512x512_white.png?fit=512%2C512&ssl=1\",\"width\":512,\"height\":512,\"caption\":\"INZAIN Cycling EXPERIENCES\"},\"image\":{\"@id\":\"https:\/\/inzain.bike\/fr_be\/#\/schema\/logo\/image\/\"},\"sameAs\":[\"https:\/\/www.facebook.com\/Inzain.bike\",\"https:\/\/www.instagram.com\/inzainbike\"]}]}<\/script>\n<!-- \/ Yoast SEO plugin. -->","yoast_head_json":{"title":"Dalsland Gravel Camp - INZAIN Fietservaringen","robots":{"index":"index","follow":"follow","max-snippet":"max-snippet:-1","max-image-preview":"max-image-preview:large","max-video-preview":"max-video-preview:-1"},"canonical":"https:\/\/inzain.bike\/nl_be\/dalsland-gravel-camp\/","og_locale":"nl_BE","og_type":"article","og_title":"Dalsland Gravel Camp - INZAIN Cycling EXPERIENCES","og_description":"V\u00e4lkommen till en fantastisk helg med gravel cykling i Dalsland. N\u00e4r: 17-18 juni 2023.Var: DalslandHur: Gravel Camp p\u00e5 fantastiska v\u00e4garSova: Vi har bokat ett antal rum p\u00e5 Kroppefj\u00e4llIng\u00e5r: Att delta \u00e4r kostnadsfritt men vi ordnat med boendepaket f\u00f6r de som vill,boende, frukost och middag l\u00f6rdag kv\u00e4ll ing\u00e5r i det. Lunch och fika p\u00e5 turerna betalar [&hellip;]","og_url":"https:\/\/inzain.bike\/nl_be\/dalsland-gravel-camp\/","og_site_name":"INZAIN Cycling EXPERIENCES","article_publisher":"https:\/\/www.facebook.com\/Inzain.bike","article_modified_time":"2023-06-09T07:00:18+00:00","og_image":[{"url":"https:\/\/inzain.bike\/wp-content\/uploads\/2022\/10\/dalsland2.webp","type":"","width":"","height":""}],"twitter_card":"summary_large_image","twitter_misc":{"Geschatte leestijd":"3 minuten"},"schema":{"@context":"https:\/\/schema.org","@graph":[{"@type":"WebPage","@id":"https:\/\/inzain.bike\/fr_be\/dalsland-gravel-camp\/","url":"https:\/\/inzain.bike\/fr_be\/dalsland-gravel-camp\/","name":"Dalsland Gravel Camp - INZAIN Fietservaringen","isPartOf":{"@id":"https:\/\/inzain.bike\/fr_be\/#website"},"primaryImageOfPage":{"@id":"https:\/\/inzain.bike\/fr_be\/dalsland-gravel-camp\/#primaryimage"},"image":{"@id":"https:\/\/inzain.bike\/fr_be\/dalsland-gravel-camp\/#primaryimage"},"thumbnailUrl":"https:\/\/inzain.bike\/wp-content\/uploads\/2022\/10\/dalsland2.webp","datePublished":"2022-10-02T16:06:05+00:00","dateModified":"2023-06-09T07:00:18+00:00","breadcrumb":{"@id":"https:\/\/inzain.bike\/fr_be\/dalsland-gravel-camp\/#breadcrumb"},"inLanguage":"nl-BE","potentialAction":[{"@type":"ReadAction","target":["https:\/\/inzain.bike\/fr_be\/dalsland-gravel-camp\/"]}]},{"@type":"ImageObject","inLanguage":"nl-BE","@id":"https:\/\/inzain.bike\/fr_be\/dalsland-gravel-camp\/#primaryimage","url":"https:\/\/inzain.bike\/wp-content\/uploads\/2022\/10\/dalsland2.webp","contentUrl":"https:\/\/inzain.bike\/wp-content\/uploads\/2022\/10\/dalsland2.webp"},{"@type":"BreadcrumbList","@id":"https:\/\/inzain.bike\/fr_be\/dalsland-gravel-camp\/#breadcrumb","itemListElement":[{"@type":"ListItem","position":1,"name":"Hem","item":"https:\/\/inzain.bike\/fr_be\/"},{"@type":"ListItem","position":2,"name":"Dalsland Gravel Camp"}]},{"@type":"WebSite","@id":"https:\/\/inzain.bike\/fr_be\/#website","url":"https:\/\/inzain.bike\/fr_be\/","name":"INZAIN fietservaringen","description":"Fietsavonturen - voor iedereen","publisher":{"@id":"https:\/\/inzain.bike\/fr_be\/#organization"},"alternateName":"INZAIN Gravel & Travel","potentialAction":[{"@type":"SearchAction","target":{"@type":"EntryPoint","urlTemplate":"https:\/\/inzain.bike\/fr_be\/?s={search_term_string}"},"query-input":{"@type":"PropertyValueSpecification","valueRequired":true,"valueName":"search_term_string"}}],"inLanguage":"nl-BE"},{"@type":"Organization","@id":"https:\/\/inzain.bike\/fr_be\/#organization","name":"INZAIN fietservaringen","url":"https:\/\/inzain.bike\/fr_be\/","logo":{"@type":"ImageObject","inLanguage":"nl-BE","@id":"https:\/\/inzain.bike\/fr_be\/#\/schema\/logo\/image\/","url":"https:\/\/i0.wp.com\/inzain.bike\/wp-content\/uploads\/2023\/09\/cropped-INZAIN_512x512_white.png?fit=512%2C512&ssl=1","contentUrl":"https:\/\/i0.wp.com\/inzain.bike\/wp-content\/uploads\/2023\/09\/cropped-INZAIN_512x512_white.png?fit=512%2C512&ssl=1","width":512,"height":512,"caption":"INZAIN Cycling EXPERIENCES"},"image":{"@id":"https:\/\/inzain.bike\/fr_be\/#\/schema\/logo\/image\/"},"sameAs":["https:\/\/www.facebook.com\/Inzain.bike","https:\/\/www.instagram.com\/inzainbike"]}]}},"amp_enabled":true,"_links":{"self":[{"href":"https:\/\/inzain.bike\/nl_be\/wp-json\/wp\/v2\/pages\/1969","targetHints":{"allow":["GET"]}}],"collection":[{"href":"https:\/\/inzain.bike\/nl_be\/wp-json\/wp\/v2\/pages"}],"about":[{"href":"https:\/\/inzain.bike\/nl_be\/wp-json\/wp\/v2\/types\/page"}],"author":[{"embeddable":true,"href":"https:\/\/inzain.bike\/nl_be\/wp-json\/wp\/v2\/users\/135133094"}],"replies":[{"embeddable":true,"href":"https:\/\/inzain.bike\/nl_be\/wp-json\/wp\/v2\/comments?post=1969"}],"version-history":[{"count":0,"href":"https:\/\/inzain.bike\/nl_be\/wp-json\/wp\/v2\/pages\/1969\/revisions"}],"wp:attachment":[{"href":"https:\/\/inzain.bike\/nl_be\/wp-json\/wp\/v2\/media?parent=1969"}],"curies":[{"name":"wp","href":"https:\/\/api.w.org\/{rel}","templated":true}]}}