{"id":3762,"date":"2023-10-25T19:01:09","date_gmt":"2023-10-25T17:01:09","guid":{"rendered":"https:\/\/inzain.bike\/?page_id=3762"},"modified":"2024-02-11T22:30:26","modified_gmt":"2024-02-11T21:30:26","slug":"boende","status":"publish","type":"page","link":"https:\/\/inzain.bike\/nl_be\/boende\/","title":{"rendered":"Stockholm accommodatie"},"content":{"rendered":"<div aria-label=\"Collagegalerij\" class=\"wp-block-coblocks-gallery-collage alignwide has-small-gutter\"><ul><li class=\"wp-block-coblocks-gallery-collage__item item-1\"><figure class=\"wp-block-coblocks-gallery-collage__figure\"><img loading=\"lazy\" decoding=\"async\" width=\"1024\" height=\"683\" alt=\"Gallery Image\" class=\"wp-image-3764\" data-id=\"3764\" data-index=\"0\" src=\"https:\/\/inzain.bike\/wp-content\/uploads\/2023\/10\/Ellery-Beach-House5-1024x683.jpg\" srcset=\"https:\/\/inzain.bike\/wp-content\/uploads\/2023\/10\/Ellery-Beach-House5-1024x683.jpg 1024w, https:\/\/inzain.bike\/wp-content\/uploads\/2023\/10\/Ellery-Beach-House5-300x200.jpg 300w, https:\/\/inzain.bike\/wp-content\/uploads\/2023\/10\/Ellery-Beach-House5-768x512.jpg 768w, https:\/\/inzain.bike\/wp-content\/uploads\/2023\/10\/Ellery-Beach-House5-1536x1024.jpg 1536w, https:\/\/inzain.bike\/wp-content\/uploads\/2023\/10\/Ellery-Beach-House5-2048x1365.jpg 2048w, https:\/\/inzain.bike\/wp-content\/uploads\/2023\/10\/Ellery-Beach-House5-18x12.jpg 18w, https:\/\/inzain.bike\/wp-content\/uploads\/2023\/10\/Ellery-Beach-House5-1320x880.jpg 1320w, https:\/\/inzain.bike\/wp-content\/uploads\/2023\/10\/Ellery-Beach-House5-600x400.jpg 600w\" sizes=\"auto, (max-width: 1024px) 100vw, 1024px\" \/><\/figure><\/li><li class=\"wp-block-coblocks-gallery-collage__item item-2\"><figure class=\"wp-block-coblocks-gallery-collage__figure\"><img loading=\"lazy\" decoding=\"async\" width=\"1024\" height=\"768\" alt=\"Gallery Image\" class=\"wp-image-3763\" data-id=\"3763\" data-index=\"1\" src=\"https:\/\/inzain.bike\/wp-content\/uploads\/2023\/10\/B273F027-B6E4-42F7-A53F-3EA72E22C9ED-1024x768.jpeg\" srcset=\"https:\/\/inzain.bike\/wp-content\/uploads\/2023\/10\/B273F027-B6E4-42F7-A53F-3EA72E22C9ED-1024x768.jpeg 1024w, https:\/\/inzain.bike\/wp-content\/uploads\/2023\/10\/B273F027-B6E4-42F7-A53F-3EA72E22C9ED-300x225.jpeg 300w, https:\/\/inzain.bike\/wp-content\/uploads\/2023\/10\/B273F027-B6E4-42F7-A53F-3EA72E22C9ED-768x576.jpeg 768w, https:\/\/inzain.bike\/wp-content\/uploads\/2023\/10\/B273F027-B6E4-42F7-A53F-3EA72E22C9ED-16x12.jpeg 16w, https:\/\/inzain.bike\/wp-content\/uploads\/2023\/10\/B273F027-B6E4-42F7-A53F-3EA72E22C9ED-1320x990.jpeg 1320w, https:\/\/inzain.bike\/wp-content\/uploads\/2023\/10\/B273F027-B6E4-42F7-A53F-3EA72E22C9ED-600x450.jpeg 600w, https:\/\/inzain.bike\/wp-content\/uploads\/2023\/10\/B273F027-B6E4-42F7-A53F-3EA72E22C9ED.jpeg 1400w\" sizes=\"auto, (max-width: 1024px) 100vw, 1024px\" \/><\/figure><\/li><li class=\"wp-block-coblocks-gallery-collage__item item-3\"><figure class=\"wp-block-coblocks-gallery-collage__figure\"><img loading=\"lazy\" decoding=\"async\" width=\"1024\" height=\"683\" alt=\"Gallery Image\" class=\"wp-image-3765\" data-id=\"3765\" data-index=\"2\" src=\"https:\/\/inzain.bike\/wp-content\/uploads\/2023\/10\/ellery-slide-2020_0000__DSC6399-3-1024x683.jpg\" srcset=\"https:\/\/inzain.bike\/wp-content\/uploads\/2023\/10\/ellery-slide-2020_0000__DSC6399-3-1024x683.jpg 1024w, https:\/\/inzain.bike\/wp-content\/uploads\/2023\/10\/ellery-slide-2020_0000__DSC6399-3-300x200.jpg 300w, https:\/\/inzain.bike\/wp-content\/uploads\/2023\/10\/ellery-slide-2020_0000__DSC6399-3-768x512.jpg 768w, https:\/\/inzain.bike\/wp-content\/uploads\/2023\/10\/ellery-slide-2020_0000__DSC6399-3-1536x1024.jpg 1536w, https:\/\/inzain.bike\/wp-content\/uploads\/2023\/10\/ellery-slide-2020_0000__DSC6399-3-2048x1366.jpg 2048w, https:\/\/inzain.bike\/wp-content\/uploads\/2023\/10\/ellery-slide-2020_0000__DSC6399-3-18x12.jpg 18w, https:\/\/inzain.bike\/wp-content\/uploads\/2023\/10\/ellery-slide-2020_0000__DSC6399-3-1320x880.jpg 1320w, https:\/\/inzain.bike\/wp-content\/uploads\/2023\/10\/ellery-slide-2020_0000__DSC6399-3-600x400.jpg 600w\" sizes=\"auto, (max-width: 1024px) 100vw, 1024px\" \/><\/figure><\/li><li class=\"wp-block-coblocks-gallery-collage__item item-4\"><figure class=\"wp-block-coblocks-gallery-collage__figure\"><img loading=\"lazy\" decoding=\"async\" width=\"882\" height=\"539\" alt=\"Gallery Image\" class=\"wp-image-4252\" data-id=\"4252\" data-index=\"3\" src=\"https:\/\/inzain.bike\/wp-content\/uploads\/2023\/11\/image.png\" srcset=\"https:\/\/inzain.bike\/wp-content\/uploads\/2023\/11\/image.png 882w, https:\/\/inzain.bike\/wp-content\/uploads\/2023\/11\/image-300x183.png 300w, https:\/\/inzain.bike\/wp-content\/uploads\/2023\/11\/image-768x469.png 768w, https:\/\/inzain.bike\/wp-content\/uploads\/2023\/11\/image-18x12.png 18w, https:\/\/inzain.bike\/wp-content\/uploads\/2023\/11\/image-600x367.png 600w\" sizes=\"auto, (max-width: 882px) 100vw, 882px\" \/><\/figure><\/li><\/ul><\/div>\n\n\n\n<div class=\"wp-block-columns alignwide is-layout-flex wp-container-core-columns-is-layout-28f84493 wp-block-columns-is-layout-flex\">\n<div class=\"wp-block-column is-layout-flow wp-block-column-is-layout-flow\">\n<p><\/p>\n\n\n\n<p><p class=\"has-roboto-font-family has-custom-font\" style=\"font-family:Roboto\">Onze accommodatie is verdeeld in twee verschillende plaatsen om de ervaring te maximaliseren, het eerste deel van de week verblijven we in het beroemde Ellery Beach House. Het is een modern resort, centraal gelegen, op slechts 20 minuten van winkels, restaurants en uitgaansgelegenheden in het centrum van Stockholm. Tegelijkertijd biedt het directe toegang tot de natuur en de zee met boottochten naar de archipel. De archipel van Stockholm is een van de grootste en rijkste eilanden ter wereld, met ongeveer 30.000 eilanden en riffen. De archipel biedt een fantastische natuurlijke ervaring met geschiedenis, cultuur, zwemmen, fietsen en ontspanning van het lawaai van de grote stad.<\/p><\/p>\n\n\n\n<p>Bij Ellery Beach House zijn er restaurants, lounges en bars waar u zich kunt vermaken en ontspannen. Hier bevindt zich ook de eerste strandclub van Stockholm met zowel binnen- als buitenzwembaden. U kunt behandelingen boeken en\/of gewoon heerlijk ontspannen in een luxe omgeving.<\/p>\n\n\n\n<p><\/p>\n<\/div>\n<\/div>\n\n\n\n<div class=\"wp-block-columns alignwide is-layout-flex wp-container-core-columns-is-layout-28f84493 wp-block-columns-is-layout-flex\">\n<div class=\"wp-block-column is-layout-flow wp-block-column-is-layout-flow\">\n<figure class=\"wp-block-coblocks-gallery-masonry masonry-grid\">\n\n<figure class=\"wp-block-image size-large\"><img loading=\"lazy\" decoding=\"async\" width=\"1024\" height=\"455\" src=\"https:\/\/inzain.bike\/wp-content\/uploads\/2023\/10\/krusenberg-herrgard-sommar-exterior-simonkarlsson-2-1024x455.jpg\" alt=\"Image gallery image\" class=\"wp-image-3770\" srcset=\"https:\/\/inzain.bike\/wp-content\/uploads\/2023\/10\/krusenberg-herrgard-sommar-exterior-simonkarlsson-2-1024x455.jpg 1024w, https:\/\/inzain.bike\/wp-content\/uploads\/2023\/10\/krusenberg-herrgard-sommar-exterior-simonkarlsson-2-300x133.jpg 300w, https:\/\/inzain.bike\/wp-content\/uploads\/2023\/10\/krusenberg-herrgard-sommar-exterior-simonkarlsson-2-768x341.jpg 768w, https:\/\/inzain.bike\/wp-content\/uploads\/2023\/10\/krusenberg-herrgard-sommar-exterior-simonkarlsson-2-18x8.jpg 18w, https:\/\/inzain.bike\/wp-content\/uploads\/2023\/10\/krusenberg-herrgard-sommar-exterior-simonkarlsson-2-1320x587.jpg 1320w, https:\/\/inzain.bike\/wp-content\/uploads\/2023\/10\/krusenberg-herrgard-sommar-exterior-simonkarlsson-2-600x267.jpg 600w, https:\/\/inzain.bike\/wp-content\/uploads\/2023\/10\/krusenberg-herrgard-sommar-exterior-simonkarlsson-2.jpg 1440w\" sizes=\"auto, (max-width: 1024px) 100vw, 1024px\" \/><\/figure>\n\n\n<figure class=\"wp-block-image size-large\"><img loading=\"lazy\" decoding=\"async\" width=\"510\" height=\"562\" src=\"https:\/\/inzain.bike\/wp-content\/uploads\/2023\/11\/KrusenANTea-1.png\" alt=\"Image gallery image\" class=\"wp-image-4261\" srcset=\"https:\/\/inzain.bike\/wp-content\/uploads\/2023\/11\/KrusenANTea-1.png 510w, https:\/\/inzain.bike\/wp-content\/uploads\/2023\/11\/KrusenANTea-1-272x300.png 272w, https:\/\/inzain.bike\/wp-content\/uploads\/2023\/11\/KrusenANTea-1-11x12.png 11w\" sizes=\"auto, (max-width: 510px) 100vw, 510px\" \/><\/figure>\n\n\n<figure class=\"wp-block-image alignright size-large\"><img loading=\"lazy\" decoding=\"async\" width=\"1024\" height=\"476\" src=\"https:\/\/inzain.bike\/wp-content\/uploads\/2023\/10\/hotellrum-mansion-deluxe-krusenbergherrgard-1-1024x476.jpg\" alt=\"Image gallery image\" class=\"wp-image-3768\" srcset=\"https:\/\/inzain.bike\/wp-content\/uploads\/2023\/10\/hotellrum-mansion-deluxe-krusenbergherrgard-1-1024x476.jpg 1024w, https:\/\/inzain.bike\/wp-content\/uploads\/2023\/10\/hotellrum-mansion-deluxe-krusenbergherrgard-1-300x139.jpg 300w, https:\/\/inzain.bike\/wp-content\/uploads\/2023\/10\/hotellrum-mansion-deluxe-krusenbergherrgard-1-768x357.jpg 768w, https:\/\/inzain.bike\/wp-content\/uploads\/2023\/10\/hotellrum-mansion-deluxe-krusenbergherrgard-1-18x8.jpg 18w, https:\/\/inzain.bike\/wp-content\/uploads\/2023\/10\/hotellrum-mansion-deluxe-krusenbergherrgard-1-600x279.jpg 600w, https:\/\/inzain.bike\/wp-content\/uploads\/2023\/10\/hotellrum-mansion-deluxe-krusenbergherrgard-1.jpg 1312w\" sizes=\"auto, (max-width: 1024px) 100vw, 1024px\" \/><\/figure>\n\n\n<figure class=\"wp-block-image size-large\"><img loading=\"lazy\" decoding=\"async\" width=\"506\" height=\"514\" src=\"https:\/\/inzain.bike\/wp-content\/uploads\/2023\/11\/KrusenSauna-1.png\" alt=\"Image gallery image\" class=\"wp-image-4260\" srcset=\"https:\/\/inzain.bike\/wp-content\/uploads\/2023\/11\/KrusenSauna-1.png 506w, https:\/\/inzain.bike\/wp-content\/uploads\/2023\/11\/KrusenSauna-1-295x300.png 295w, https:\/\/inzain.bike\/wp-content\/uploads\/2023\/11\/KrusenSauna-1-12x12.png 12w\" sizes=\"auto, (max-width: 506px) 100vw, 506px\" \/><\/figure>\n\n\n<figure class=\"wp-block-image size-large\"><img loading=\"lazy\" decoding=\"async\" width=\"510\" height=\"562\" src=\"https:\/\/inzain.bike\/wp-content\/uploads\/2023\/11\/KrusenDining-1.png\" alt=\"Image gallery image\" class=\"wp-image-4262\" srcset=\"https:\/\/inzain.bike\/wp-content\/uploads\/2023\/11\/KrusenDining-1.png 510w, https:\/\/inzain.bike\/wp-content\/uploads\/2023\/11\/KrusenDining-1-272x300.png 272w, https:\/\/inzain.bike\/wp-content\/uploads\/2023\/11\/KrusenDining-1-11x12.png 11w\" sizes=\"auto, (max-width: 510px) 100vw, 510px\" \/><\/figure>\n\n\n<figure class=\"wp-block-image size-large\"><img loading=\"lazy\" decoding=\"async\" width=\"1024\" height=\"455\" src=\"https:\/\/inzain.bike\/wp-content\/uploads\/2023\/10\/krusenberg-herrgard-vinkallare-oversikt-hannessoderlund-1024x455.jpg\" alt=\"Image gallery image\" class=\"wp-image-3771\" srcset=\"https:\/\/inzain.bike\/wp-content\/uploads\/2023\/10\/krusenberg-herrgard-vinkallare-oversikt-hannessoderlund-1024x455.jpg 1024w, https:\/\/inzain.bike\/wp-content\/uploads\/2023\/10\/krusenberg-herrgard-vinkallare-oversikt-hannessoderlund-300x133.jpg 300w, https:\/\/inzain.bike\/wp-content\/uploads\/2023\/10\/krusenberg-herrgard-vinkallare-oversikt-hannessoderlund-768x341.jpg 768w, https:\/\/inzain.bike\/wp-content\/uploads\/2023\/10\/krusenberg-herrgard-vinkallare-oversikt-hannessoderlund-18x8.jpg 18w, https:\/\/inzain.bike\/wp-content\/uploads\/2023\/10\/krusenberg-herrgard-vinkallare-oversikt-hannessoderlund-1320x587.jpg 1320w, https:\/\/inzain.bike\/wp-content\/uploads\/2023\/10\/krusenberg-herrgard-vinkallare-oversikt-hannessoderlund-600x267.jpg 600w, https:\/\/inzain.bike\/wp-content\/uploads\/2023\/10\/krusenberg-herrgard-vinkallare-oversikt-hannessoderlund.jpg 1440w\" sizes=\"auto, (max-width: 1024px) 100vw, 1024px\" \/><\/figure>\n\n<\/figure>\n\n\n\n<p><br>De tweede helft van de week verhuizen we naar een landhuis uit de 17e eeuw. Het huidige landhuis is gebouwd op de fundamenten van een kalkstenen kasteel dat in de jaren 1640 werd gebouwd maar in 1717 afbrandde. Er wordt gezegd dat het huis spookt, maar het is een goedhartige geest die de &quot;Witte Dame&quot; wordt genoemd. Ze zorgt ervoor dat alle bezoekers goed worden verzorgd.<\/p>\n\n\n\n<p>Het landhuis van Krusenberg ligt dicht bij de universiteitsstad Uppsala, waar veel historische plaatsen te bezoeken zijn. Maar bovenal biedt Krusenberg ontspanning in een kasteelomgeving. Er is de mogelijkheid tot zwemmen, spabehandelingen en een sauna voor degenen die dat wensen. Het landhuis biedt onder andere afternoon tea en fantastische diners bij kaarslicht.<br><\/p>\n<\/div>\n<\/div>\n\n\n\n<div class=\"wp-block-columns alignwide is-layout-flex wp-container-core-columns-is-layout-28f84493 wp-block-columns-is-layout-flex\">\n<div class=\"wp-block-column is-layout-flow wp-block-column-is-layout-flow\"><\/div>\n<\/div>\n\n\n\n<p><\/p>","protected":false},"excerpt":{"rendered":"<p>V\u00e5rt boende \u00e4r uppdelat p\u00e5 tv\u00e5 olika st\u00e4llen f\u00f6r att maximera upplevelsen, f\u00f6rsta delen av veckan bor vi p\u00e5 det ber\u00f6mda Ellery Beach House. Det \u00e4r en modern resort som ligger centralt, endast 20 minuter fr\u00e5n shopping, restauranger och nattliv i centrala Stockholm. Samtidigt ger det direkt \u00e5tkomst till naturen och havet med b\u00e5tf\u00e4rder ut [&hellip;]<\/p>\n","protected":false},"author":135133094,"featured_media":0,"parent":0,"menu_order":0,"comment_status":"closed","ping_status":"closed","template":"","meta":{"_coblocks_attr":"Roboto","_coblocks_dimensions":"","_coblocks_responsive_height":"","_coblocks_accordion_ie_support":"","footnotes":""},"class_list":["post-3762","page","type-page","status-publish","hentry"],"yoast_head":"<!-- This site is optimized with the Yoast SEO plugin v27.2 - https:\/\/yoast.com\/product\/yoast-seo-wordpress\/ -->\n<title>Stockholm Boende - INZAIN Cycling EXPERIENCES<\/title>\n<meta name=\"robots\" content=\"index, follow, max-snippet:-1, max-image-preview:large, max-video-preview:-1\" \/>\n<link rel=\"canonical\" href=\"https:\/\/inzain.bike\/nl_be\/boende\/\" \/>\n<meta property=\"og:locale\" content=\"nl_BE\" \/>\n<meta property=\"og:type\" content=\"article\" \/>\n<meta property=\"og:title\" content=\"Stockholm Boende - INZAIN Cycling EXPERIENCES\" \/>\n<meta property=\"og:description\" content=\"V\u00e5rt boende \u00e4r uppdelat p\u00e5 tv\u00e5 olika st\u00e4llen f\u00f6r att maximera upplevelsen, f\u00f6rsta delen av veckan bor vi p\u00e5 det ber\u00f6mda Ellery Beach House. Det \u00e4r en modern resort som ligger centralt, endast 20 minuter fr\u00e5n shopping, restauranger och nattliv i centrala Stockholm. Samtidigt ger det direkt \u00e5tkomst till naturen och havet med b\u00e5tf\u00e4rder ut [&hellip;]\" \/>\n<meta property=\"og:url\" content=\"https:\/\/inzain.bike\/nl_be\/boende\/\" \/>\n<meta property=\"og:site_name\" content=\"INZAIN Cycling EXPERIENCES\" \/>\n<meta property=\"article:publisher\" content=\"https:\/\/www.facebook.com\/Inzain.bike\" \/>\n<meta property=\"article:modified_time\" content=\"2024-02-11T21:30:26+00:00\" \/>\n<meta property=\"og:image\" content=\"https:\/\/inzain.bike\/wp-content\/uploads\/2023\/10\/Ellery-Beach-House5-1024x683.jpg\" \/>\n<meta name=\"twitter:card\" content=\"summary_large_image\" \/>\n<meta name=\"twitter:label1\" content=\"Geschatte leestijd\" \/>\n\t<meta name=\"twitter:data1\" content=\"4 minuten\" \/>\n<script type=\"application\/ld+json\" class=\"yoast-schema-graph\">{\"@context\":\"https:\/\/schema.org\",\"@graph\":[{\"@type\":\"WebPage\",\"@id\":\"https:\/\/inzain.bike\/fr\/boende\/\",\"url\":\"https:\/\/inzain.bike\/fr\/boende\/\",\"name\":\"Stockholm Boende - INZAIN Cycling EXPERIENCES\",\"isPartOf\":{\"@id\":\"https:\/\/inzain.bike\/fr_be\/#website\"},\"primaryImageOfPage\":{\"@id\":\"https:\/\/inzain.bike\/fr\/boende\/#primaryimage\"},\"image\":{\"@id\":\"https:\/\/inzain.bike\/fr\/boende\/#primaryimage\"},\"thumbnailUrl\":\"https:\/\/inzain.bike\/wp-content\/uploads\/2023\/10\/Ellery-Beach-House5-1024x683.jpg\",\"datePublished\":\"2023-10-25T17:01:09+00:00\",\"dateModified\":\"2024-02-11T21:30:26+00:00\",\"breadcrumb\":{\"@id\":\"https:\/\/inzain.bike\/fr\/boende\/#breadcrumb\"},\"inLanguage\":\"nl-BE\",\"potentialAction\":[{\"@type\":\"ReadAction\",\"target\":[\"https:\/\/inzain.bike\/fr\/boende\/\"]}]},{\"@type\":\"ImageObject\",\"inLanguage\":\"nl-BE\",\"@id\":\"https:\/\/inzain.bike\/fr\/boende\/#primaryimage\",\"url\":\"https:\/\/inzain.bike\/wp-content\/uploads\/2023\/10\/Ellery-Beach-House5-1024x683.jpg\",\"contentUrl\":\"https:\/\/inzain.bike\/wp-content\/uploads\/2023\/10\/Ellery-Beach-House5-1024x683.jpg\"},{\"@type\":\"BreadcrumbList\",\"@id\":\"https:\/\/inzain.bike\/fr\/boende\/#breadcrumb\",\"itemListElement\":[{\"@type\":\"ListItem\",\"position\":1,\"name\":\"Hem\",\"item\":\"https:\/\/inzain.bike\/fr_be\/\"},{\"@type\":\"ListItem\",\"position\":2,\"name\":\"Stockholm Boende\"}]},{\"@type\":\"WebSite\",\"@id\":\"https:\/\/inzain.bike\/fr_be\/#website\",\"url\":\"https:\/\/inzain.bike\/fr_be\/\",\"name\":\"INZAIN Cycling EXPERIENCES\",\"description\":\"Cyckling Adventures  - for everyone\",\"publisher\":{\"@id\":\"https:\/\/inzain.bike\/fr_be\/#organization\"},\"alternateName\":\"INZAIN Gravel & Travel\",\"potentialAction\":[{\"@type\":\"SearchAction\",\"target\":{\"@type\":\"EntryPoint\",\"urlTemplate\":\"https:\/\/inzain.bike\/fr_be\/?s={search_term_string}\"},\"query-input\":{\"@type\":\"PropertyValueSpecification\",\"valueRequired\":true,\"valueName\":\"search_term_string\"}}],\"inLanguage\":\"nl-BE\"},{\"@type\":\"Organization\",\"@id\":\"https:\/\/inzain.bike\/fr_be\/#organization\",\"name\":\"INZAIN Cycling EXPERIENCES\",\"url\":\"https:\/\/inzain.bike\/fr_be\/\",\"logo\":{\"@type\":\"ImageObject\",\"inLanguage\":\"nl-BE\",\"@id\":\"https:\/\/inzain.bike\/fr_be\/#\/schema\/logo\/image\/\",\"url\":\"https:\/\/i0.wp.com\/inzain.bike\/wp-content\/uploads\/2023\/09\/cropped-INZAIN_512x512_white.png?fit=512%2C512&ssl=1\",\"contentUrl\":\"https:\/\/i0.wp.com\/inzain.bike\/wp-content\/uploads\/2023\/09\/cropped-INZAIN_512x512_white.png?fit=512%2C512&ssl=1\",\"width\":512,\"height\":512,\"caption\":\"INZAIN Cycling EXPERIENCES\"},\"image\":{\"@id\":\"https:\/\/inzain.bike\/fr_be\/#\/schema\/logo\/image\/\"},\"sameAs\":[\"https:\/\/www.facebook.com\/Inzain.bike\",\"https:\/\/www.instagram.com\/inzainbike\"]}]}<\/script>\n<!-- \/ Yoast SEO plugin. -->","yoast_head_json":{"title":"Accommodatie in Stockholm - INZAIN Fietservaringen","robots":{"index":"index","follow":"follow","max-snippet":"max-snippet:-1","max-image-preview":"max-image-preview:large","max-video-preview":"max-video-preview:-1"},"canonical":"https:\/\/inzain.bike\/nl_be\/boende\/","og_locale":"nl_BE","og_type":"article","og_title":"Stockholm Boende - INZAIN Cycling EXPERIENCES","og_description":"V\u00e5rt boende \u00e4r uppdelat p\u00e5 tv\u00e5 olika st\u00e4llen f\u00f6r att maximera upplevelsen, f\u00f6rsta delen av veckan bor vi p\u00e5 det ber\u00f6mda Ellery Beach House. Det \u00e4r en modern resort som ligger centralt, endast 20 minuter fr\u00e5n shopping, restauranger och nattliv i centrala Stockholm. Samtidigt ger det direkt \u00e5tkomst till naturen och havet med b\u00e5tf\u00e4rder ut [&hellip;]","og_url":"https:\/\/inzain.bike\/nl_be\/boende\/","og_site_name":"INZAIN Cycling EXPERIENCES","article_publisher":"https:\/\/www.facebook.com\/Inzain.bike","article_modified_time":"2024-02-11T21:30:26+00:00","og_image":[{"url":"https:\/\/inzain.bike\/wp-content\/uploads\/2023\/10\/Ellery-Beach-House5-1024x683.jpg","type":"","width":"","height":""}],"twitter_card":"summary_large_image","twitter_misc":{"Geschatte leestijd":"4 minuten"},"schema":{"@context":"https:\/\/schema.org","@graph":[{"@type":"WebPage","@id":"https:\/\/inzain.bike\/fr\/boende\/","url":"https:\/\/inzain.bike\/fr\/boende\/","name":"Accommodatie in Stockholm - INZAIN Fietservaringen","isPartOf":{"@id":"https:\/\/inzain.bike\/fr_be\/#website"},"primaryImageOfPage":{"@id":"https:\/\/inzain.bike\/fr\/boende\/#primaryimage"},"image":{"@id":"https:\/\/inzain.bike\/fr\/boende\/#primaryimage"},"thumbnailUrl":"https:\/\/inzain.bike\/wp-content\/uploads\/2023\/10\/Ellery-Beach-House5-1024x683.jpg","datePublished":"2023-10-25T17:01:09+00:00","dateModified":"2024-02-11T21:30:26+00:00","breadcrumb":{"@id":"https:\/\/inzain.bike\/fr\/boende\/#breadcrumb"},"inLanguage":"nl-BE","potentialAction":[{"@type":"ReadAction","target":["https:\/\/inzain.bike\/fr\/boende\/"]}]},{"@type":"ImageObject","inLanguage":"nl-BE","@id":"https:\/\/inzain.bike\/fr\/boende\/#primaryimage","url":"https:\/\/inzain.bike\/wp-content\/uploads\/2023\/10\/Ellery-Beach-House5-1024x683.jpg","contentUrl":"https:\/\/inzain.bike\/wp-content\/uploads\/2023\/10\/Ellery-Beach-House5-1024x683.jpg"},{"@type":"BreadcrumbList","@id":"https:\/\/inzain.bike\/fr\/boende\/#breadcrumb","itemListElement":[{"@type":"ListItem","position":1,"name":"Hem","item":"https:\/\/inzain.bike\/fr_be\/"},{"@type":"ListItem","position":2,"name":"Stockholm Boende"}]},{"@type":"WebSite","@id":"https:\/\/inzain.bike\/fr_be\/#website","url":"https:\/\/inzain.bike\/fr_be\/","name":"INZAIN fietservaringen","description":"Fietsavonturen - voor iedereen","publisher":{"@id":"https:\/\/inzain.bike\/fr_be\/#organization"},"alternateName":"INZAIN Gravel & Travel","potentialAction":[{"@type":"SearchAction","target":{"@type":"EntryPoint","urlTemplate":"https:\/\/inzain.bike\/fr_be\/?s={search_term_string}"},"query-input":{"@type":"PropertyValueSpecification","valueRequired":true,"valueName":"search_term_string"}}],"inLanguage":"nl-BE"},{"@type":"Organization","@id":"https:\/\/inzain.bike\/fr_be\/#organization","name":"INZAIN fietservaringen","url":"https:\/\/inzain.bike\/fr_be\/","logo":{"@type":"ImageObject","inLanguage":"nl-BE","@id":"https:\/\/inzain.bike\/fr_be\/#\/schema\/logo\/image\/","url":"https:\/\/i0.wp.com\/inzain.bike\/wp-content\/uploads\/2023\/09\/cropped-INZAIN_512x512_white.png?fit=512%2C512&ssl=1","contentUrl":"https:\/\/i0.wp.com\/inzain.bike\/wp-content\/uploads\/2023\/09\/cropped-INZAIN_512x512_white.png?fit=512%2C512&ssl=1","width":512,"height":512,"caption":"INZAIN Cycling EXPERIENCES"},"image":{"@id":"https:\/\/inzain.bike\/fr_be\/#\/schema\/logo\/image\/"},"sameAs":["https:\/\/www.facebook.com\/Inzain.bike","https:\/\/www.instagram.com\/inzainbike"]}]}},"amp_enabled":true,"_links":{"self":[{"href":"https:\/\/inzain.bike\/nl_be\/wp-json\/wp\/v2\/pages\/3762","targetHints":{"allow":["GET"]}}],"collection":[{"href":"https:\/\/inzain.bike\/nl_be\/wp-json\/wp\/v2\/pages"}],"about":[{"href":"https:\/\/inzain.bike\/nl_be\/wp-json\/wp\/v2\/types\/page"}],"author":[{"embeddable":true,"href":"https:\/\/inzain.bike\/nl_be\/wp-json\/wp\/v2\/users\/135133094"}],"replies":[{"embeddable":true,"href":"https:\/\/inzain.bike\/nl_be\/wp-json\/wp\/v2\/comments?post=3762"}],"version-history":[{"count":0,"href":"https:\/\/inzain.bike\/nl_be\/wp-json\/wp\/v2\/pages\/3762\/revisions"}],"wp:attachment":[{"href":"https:\/\/inzain.bike\/nl_be\/wp-json\/wp\/v2\/media?parent=3762"}],"curies":[{"name":"wp","href":"https:\/\/api.w.org\/{rel}","templated":true}]}}