{"id":4895,"date":"2023-11-11T14:40:16","date_gmt":"2023-11-11T13:40:16","guid":{"rendered":"https:\/\/inzain.bike\/?page_id=4895"},"modified":"2023-11-16T10:43:27","modified_gmt":"2023-11-16T09:43:27","slug":"bas24-anmalan","status":"publish","type":"page","link":"https:\/\/inzain.bike\/nl_be\/bas24-anmalan\/","title":{"rendered":"Baskenland 2024 Registratie"},"content":{"rendered":"\n<figure class=\"wp-block-image alignwide size-full\"><img decoding=\"async\" src=\"https:\/\/inzain.bike\/wp-content\/uploads\/2023\/11\/IMG_4922.jpg\" alt=\"\" class=\"wp-image-4879\"\/><\/figure>\n\n\n\n<div class=\"wp-block-columns alignwide is-layout-flex wp-container-core-columns-is-layout-28f84493 wp-block-columns-is-layout-flex\" style=\"border-width:18px;border-radius:0px\">\n<div class=\"wp-block-column has-pale-cyan-blue-background-color has-background is-layout-flow wp-block-column-is-layout-flow\">\n<p class=\"has-roboto-font-family has-custom-font\" style=\"padding-top:var(--wp--preset--spacing--40);padding-right:var(--wp--preset--spacing--70);padding-bottom:var(--wp--preset--spacing--40);padding-left:var(--wp--preset--spacing--70);font-family:Roboto;font-size:30px\"><strong>Vad kan du f\u00f6rv\u00e4nta dig<\/strong>?<\/p>\n\n\n\n<p class=\"has-roboto-font-family has-custom-font\" style=\"padding-top:0;padding-right:var(--wp--preset--spacing--70);padding-bottom:0;padding-left:var(--wp--preset--spacing--70);font-family:Roboto;font-size:30px\">Du kan v\u00e4lja bland flera olika fartgrupper lugn, snabb och mellan. Oavsett vad du v\u00e4ljer kommer v\u00e5ra guider att se till att ingen l\u00e4mnas och att du f\u00e5r en fantastisk upplevelse. I god tid innan eventet kommer vi skicka ut fr\u00e5geformul\u00e4r om cyklingen och v\u00e5r ber\u00f6mda riders guide som inneh\u00e5ller allt du beh\u00f6ver veta.<br><br><\/p>\n<\/div>\n<\/div>\n\n\n\n<div class=\"wp-block-columns alignwide is-layout-flex wp-container-core-columns-is-layout-28f84493 wp-block-columns-is-layout-flex\" style=\"border-width:18px;border-radius:0px\">\n<div class=\"wp-block-column has-cyan-bluish-gray-background-color has-background is-layout-flow wp-block-column-is-layout-flow\">\n<p class=\"has-roboto-font-family has-custom-font\" style=\"padding-top:0;padding-right:var(--wp--preset--spacing--70);padding-bottom:0;padding-left:var(--wp--preset--spacing--70);font-family:Roboto;font-size:30px\"><br><strong> V\u00e4lj typ av boende<\/strong><\/p>\n\n\n\n<p class=\"has-roboto-font-family has-custom-font\" style=\"padding-top:0;padding-right:var(--wp--preset--spacing--70);padding-bottom:0;padding-left:var(--wp--preset--spacing--70);font-family:Roboto;font-size:25px\"><strong>Vad ing\u00e5r?<\/strong><br>Logi 6 n\u00e4tter p\u00e5 V\u00e4ldigt fina hotell<br>Frukost <br>Energi<br>Guider<br>F\u00f6ljebil som tar v\u00e4skor<br><br><\/p>\n<\/div>\n\n\n\n<div class=\"wp-block-column is-layout-flow wp-block-column-is-layout-flow\" style=\"border-style:none;border-width:0px\"><div data-block-name=\"woocommerce\/handpicked-products\" data-columns=\"2\" data-content-visibility=\"{&quot;image&quot;:true,&quot;title&quot;:true,&quot;price&quot;:true,&quot;rating&quot;:false,&quot;button&quot;:true}\" data-orderby=\"price_asc\" data-products=\"[4892,4875]\" class=\"wc-block-grid wp-block-handpicked-products wp-block-woocommerce-handpicked-products wc-block-handpicked-products has-2-columns has-multiple-rows\"><ul class=\"wc-block-grid__products\"><li class=\"wc-block-grid__product\">\n\t\t\t\t<a href=\"https:\/\/inzain.bike\/nl_be\/product\/baskien-2024-delat-rum\/\" class=\"wc-block-grid__product-link\">\n\t\t\t\t\t\n\t\t\t\t\t<div class=\"wc-block-grid__product-image\"><img loading=\"lazy\" decoding=\"async\" width=\"300\" height=\"300\" src=\"https:\/\/inzain.bike\/wp-content\/uploads\/2023\/11\/3517238-300x300.png\" class=\"attachment-woocommerce_thumbnail size-woocommerce_thumbnail\" alt=\"Baskien 2024 Delat Rum\" srcset=\"https:\/\/inzain.bike\/wp-content\/uploads\/2023\/11\/3517238-300x300.png 300w, https:\/\/inzain.bike\/wp-content\/uploads\/2023\/11\/3517238-150x150.png 150w, https:\/\/inzain.bike\/wp-content\/uploads\/2023\/11\/3517238-12x12.png 12w, https:\/\/inzain.bike\/wp-content\/uploads\/2023\/11\/3517238-100x100.png 100w, https:\/\/inzain.bike\/wp-content\/uploads\/2023\/11\/3517238.png 512w\" sizes=\"auto, (max-width: 300px) 100vw, 300px\" \/><\/div>\n\t\t\t\t\t<div class=\"wc-block-grid__product-title\">Baskien 2024 Delat Rum<\/div>\n\t\t\t\t<\/a>\n\t\t\t\t<div class=\"wc-block-grid__product-price price\"><span class=\"wmc-cache-pid \" data-wmc_product_id=\"4875\"><span class=\"woocommerce-Price-amount amount\">19,900&nbsp;<span class=\"woocommerce-Price-currencySymbol\">&#107;&#114;<\/span><\/span><\/span><\/div>\n\t\t\t\t\n\t\t\t\t<div class=\"wp-block-button wc-block-grid__product-add-to-cart\"><a href=\"\/nl_be\/wp-json\/wp\/v2\/pages\/4895?add-to-cart=4875\" aria-label=\"Voeg toe aan winkelwagen: \u201cBaskien 2024 Delat Rum\u201d\" data-quantity=\"1\" data-product_id=\"4875\" data-product_sku=\"BAS-24-SHARED\" data-price=\"19900\" rel=\"nofollow\" class=\"wp-block-button__link wp-element-button add_to_cart_button ajax_add_to_cart\">Toevoegen aan winkelwagen<\/a><\/div>\n\t\t\t<\/li><li class=\"wc-block-grid__product\">\n\t\t\t\t<a href=\"https:\/\/inzain.bike\/nl_be\/product\/baskien-2024-single\/\" class=\"wc-block-grid__product-link\">\n\t\t\t\t\t\n\t\t\t\t\t<div class=\"wc-block-grid__product-image\"><img loading=\"lazy\" decoding=\"async\" width=\"300\" height=\"300\" src=\"https:\/\/inzain.bike\/wp-content\/uploads\/2023\/11\/6871869-300x300.png\" class=\"attachment-woocommerce_thumbnail size-woocommerce_thumbnail\" alt=\"Baskien 2024 Enkel Rum\" srcset=\"https:\/\/inzain.bike\/wp-content\/uploads\/2023\/11\/6871869-300x300.png 300w, https:\/\/inzain.bike\/wp-content\/uploads\/2023\/11\/6871869-150x150.png 150w, https:\/\/inzain.bike\/wp-content\/uploads\/2023\/11\/6871869-12x12.png 12w, https:\/\/inzain.bike\/wp-content\/uploads\/2023\/11\/6871869-100x100.png 100w, https:\/\/inzain.bike\/wp-content\/uploads\/2023\/11\/6871869.png 512w\" sizes=\"auto, (max-width: 300px) 100vw, 300px\" \/><\/div>\n\t\t\t\t\t<div class=\"wc-block-grid__product-title\">Baskien 2024 Enkel Rum<\/div>\n\t\t\t\t<\/a>\n\t\t\t\t<div class=\"wc-block-grid__product-price price\"><span class=\"wmc-cache-pid \" data-wmc_product_id=\"4892\"><span class=\"woocommerce-Price-amount amount\">24,400&nbsp;<span class=\"woocommerce-Price-currencySymbol\">&#107;&#114;<\/span><\/span><\/span><\/div>\n\t\t\t\t\n\t\t\t\t<div class=\"wp-block-button wc-block-grid__product-add-to-cart\"><a href=\"\/nl_be\/wp-json\/wp\/v2\/pages\/4895?add-to-cart=4892\" aria-label=\"Voeg toe aan winkelwagen: \u201cBaskien 2024 Enkel Rum\u201d\" data-quantity=\"1\" data-product_id=\"4892\" data-product_sku=\"BAS-24-SINGLE\" data-price=\"24400\" rel=\"nofollow\" class=\"wp-block-button__link wp-element-button add_to_cart_button ajax_add_to_cart\">Toevoegen aan winkelwagen<\/a><\/div>\n\t\t\t<\/li><\/ul><\/div><\/div>\n<\/div>\n\n\n\n<div class=\"wp-block-columns alignwide is-layout-flex wp-container-core-columns-is-layout-28f84493 wp-block-columns-is-layout-flex\">\n<div class=\"wp-block-column is-layout-flow wp-block-column-is-layout-flow\"><\/div>\n\n\n\n<div class=\"wp-block-column is-layout-flow wp-block-column-is-layout-flow\">\n<div class=\"wp-block-buttons is-content-justification-right is-layout-flex wp-container-core-buttons-is-layout-d445cf74 wp-block-buttons-is-layout-flex\">\n<div class=\"wp-block-button has-custom-width wp-block-button__width-75 is-style-circular\"><a class=\"wp-block-button__link has-vivid-cyan-blue-background-color has-background wp-element-button\" href=\"https:\/\/inzain.bike\/varukorg\/\">G\u00e5 VIDARE<\/a><\/div>\n<\/div>\n<\/div>\n<\/div>\n","protected":false},"excerpt":{"rendered":"<p>Vad kan du f\u00f6rv\u00e4nta dig? Du kan v\u00e4lja bland flera olika fartgrupper lugn, snabb och mellan. Oavsett vad du v\u00e4ljer kommer v\u00e5ra guider att se till att ingen l\u00e4mnas och att du f\u00e5r en fantastisk upplevelse. I god tid innan eventet kommer vi skicka ut fr\u00e5geformul\u00e4r om cyklingen och v\u00e5r ber\u00f6mda riders guide som inneh\u00e5ller [&hellip;]<\/p>\n","protected":false},"author":135133094,"featured_media":0,"parent":0,"menu_order":0,"comment_status":"closed","ping_status":"closed","template":"","meta":{"_coblocks_attr":"","_coblocks_dimensions":"","_coblocks_responsive_height":"","_coblocks_accordion_ie_support":"","footnotes":""},"class_list":["post-4895","page","type-page","status-publish","hentry"],"yoast_head":"<!-- This site is optimized with the Yoast SEO plugin v27.2 - https:\/\/yoast.com\/product\/yoast-seo-wordpress\/ -->\n<title>Baskien 2024 Anm\u00e4lan - INZAIN Cycling EXPERIENCES<\/title>\n<meta name=\"robots\" content=\"index, follow, max-snippet:-1, max-image-preview:large, max-video-preview:-1\" \/>\n<link rel=\"canonical\" href=\"https:\/\/inzain.bike\/nl_be\/bas24-anmalan\/\" \/>\n<meta property=\"og:locale\" content=\"nl_BE\" \/>\n<meta property=\"og:type\" content=\"article\" \/>\n<meta property=\"og:title\" content=\"Baskien 2024 Anm\u00e4lan - INZAIN Cycling EXPERIENCES\" \/>\n<meta property=\"og:description\" content=\"Vad kan du f\u00f6rv\u00e4nta dig? Du kan v\u00e4lja bland flera olika fartgrupper lugn, snabb och mellan. Oavsett vad du v\u00e4ljer kommer v\u00e5ra guider att se till att ingen l\u00e4mnas och att du f\u00e5r en fantastisk upplevelse. I god tid innan eventet kommer vi skicka ut fr\u00e5geformul\u00e4r om cyklingen och v\u00e5r ber\u00f6mda riders guide som inneh\u00e5ller [&hellip;]\" \/>\n<meta property=\"og:url\" content=\"https:\/\/inzain.bike\/nl_be\/bas24-anmalan\/\" \/>\n<meta property=\"og:site_name\" content=\"INZAIN Cycling EXPERIENCES\" \/>\n<meta property=\"article:publisher\" content=\"https:\/\/www.facebook.com\/Inzain.bike\" \/>\n<meta property=\"article:modified_time\" content=\"2023-11-16T09:43:27+00:00\" \/>\n<meta property=\"og:image\" content=\"https:\/\/inzain.bike\/wp-content\/uploads\/2023\/11\/IMG_4922.jpg\" \/>\n<meta name=\"twitter:card\" content=\"summary_large_image\" \/>\n<meta name=\"twitter:label1\" content=\"Geschatte leestijd\" \/>\n\t<meta name=\"twitter:data1\" content=\"1 minuut\" \/>\n<script type=\"application\/ld+json\" class=\"yoast-schema-graph\">{\"@context\":\"https:\/\/schema.org\",\"@graph\":[{\"@type\":\"WebPage\",\"@id\":\"https:\/\/inzain.bike\/sv_se\/bas24-anmalan\/\",\"url\":\"https:\/\/inzain.bike\/sv_se\/bas24-anmalan\/\",\"name\":\"Baskien 2024 Anm\u00e4lan - INZAIN Cycling EXPERIENCES\",\"isPartOf\":{\"@id\":\"https:\/\/inzain.bike\/fr_be\/#website\"},\"primaryImageOfPage\":{\"@id\":\"https:\/\/inzain.bike\/sv_se\/bas24-anmalan\/#primaryimage\"},\"image\":{\"@id\":\"https:\/\/inzain.bike\/sv_se\/bas24-anmalan\/#primaryimage\"},\"thumbnailUrl\":\"https:\/\/inzain.bike\/wp-content\/uploads\/2023\/11\/IMG_4922.jpg\",\"datePublished\":\"2023-11-11T13:40:16+00:00\",\"dateModified\":\"2023-11-16T09:43:27+00:00\",\"breadcrumb\":{\"@id\":\"https:\/\/inzain.bike\/sv_se\/bas24-anmalan\/#breadcrumb\"},\"inLanguage\":\"nl-BE\",\"potentialAction\":[{\"@type\":\"ReadAction\",\"target\":[\"https:\/\/inzain.bike\/sv_se\/bas24-anmalan\/\"]}]},{\"@type\":\"ImageObject\",\"inLanguage\":\"nl-BE\",\"@id\":\"https:\/\/inzain.bike\/sv_se\/bas24-anmalan\/#primaryimage\",\"url\":\"https:\/\/inzain.bike\/wp-content\/uploads\/2023\/11\/IMG_4922.jpg\",\"contentUrl\":\"https:\/\/inzain.bike\/wp-content\/uploads\/2023\/11\/IMG_4922.jpg\"},{\"@type\":\"BreadcrumbList\",\"@id\":\"https:\/\/inzain.bike\/sv_se\/bas24-anmalan\/#breadcrumb\",\"itemListElement\":[{\"@type\":\"ListItem\",\"position\":1,\"name\":\"Hem\",\"item\":\"https:\/\/inzain.bike\/fr_be\/\"},{\"@type\":\"ListItem\",\"position\":2,\"name\":\"Baskien 2024 Anm\u00e4lan\"}]},{\"@type\":\"WebSite\",\"@id\":\"https:\/\/inzain.bike\/fr_be\/#website\",\"url\":\"https:\/\/inzain.bike\/fr_be\/\",\"name\":\"INZAIN Cycling EXPERIENCES\",\"description\":\"Cyckling Adventures  - for everyone\",\"publisher\":{\"@id\":\"https:\/\/inzain.bike\/fr_be\/#organization\"},\"alternateName\":\"INZAIN Gravel & Travel\",\"potentialAction\":[{\"@type\":\"SearchAction\",\"target\":{\"@type\":\"EntryPoint\",\"urlTemplate\":\"https:\/\/inzain.bike\/fr_be\/?s={search_term_string}\"},\"query-input\":{\"@type\":\"PropertyValueSpecification\",\"valueRequired\":true,\"valueName\":\"search_term_string\"}}],\"inLanguage\":\"nl-BE\"},{\"@type\":\"Organization\",\"@id\":\"https:\/\/inzain.bike\/fr_be\/#organization\",\"name\":\"INZAIN Cycling EXPERIENCES\",\"url\":\"https:\/\/inzain.bike\/fr_be\/\",\"logo\":{\"@type\":\"ImageObject\",\"inLanguage\":\"nl-BE\",\"@id\":\"https:\/\/inzain.bike\/fr_be\/#\/schema\/logo\/image\/\",\"url\":\"https:\/\/i0.wp.com\/inzain.bike\/wp-content\/uploads\/2023\/09\/cropped-INZAIN_512x512_white.png?fit=512%2C512&ssl=1\",\"contentUrl\":\"https:\/\/i0.wp.com\/inzain.bike\/wp-content\/uploads\/2023\/09\/cropped-INZAIN_512x512_white.png?fit=512%2C512&ssl=1\",\"width\":512,\"height\":512,\"caption\":\"INZAIN Cycling EXPERIENCES\"},\"image\":{\"@id\":\"https:\/\/inzain.bike\/fr_be\/#\/schema\/logo\/image\/\"},\"sameAs\":[\"https:\/\/www.facebook.com\/Inzain.bike\",\"https:\/\/www.instagram.com\/inzainbike\"]}]}<\/script>\n<!-- \/ Yoast SEO plugin. -->","yoast_head_json":{"title":"Registratie Baskenland 2024 - INZAIN Cycling Experiences","robots":{"index":"index","follow":"follow","max-snippet":"max-snippet:-1","max-image-preview":"max-image-preview:large","max-video-preview":"max-video-preview:-1"},"canonical":"https:\/\/inzain.bike\/nl_be\/bas24-anmalan\/","og_locale":"nl_BE","og_type":"article","og_title":"Baskien 2024 Anm\u00e4lan - INZAIN Cycling EXPERIENCES","og_description":"Vad kan du f\u00f6rv\u00e4nta dig? Du kan v\u00e4lja bland flera olika fartgrupper lugn, snabb och mellan. Oavsett vad du v\u00e4ljer kommer v\u00e5ra guider att se till att ingen l\u00e4mnas och att du f\u00e5r en fantastisk upplevelse. I god tid innan eventet kommer vi skicka ut fr\u00e5geformul\u00e4r om cyklingen och v\u00e5r ber\u00f6mda riders guide som inneh\u00e5ller [&hellip;]","og_url":"https:\/\/inzain.bike\/nl_be\/bas24-anmalan\/","og_site_name":"INZAIN Cycling EXPERIENCES","article_publisher":"https:\/\/www.facebook.com\/Inzain.bike","article_modified_time":"2023-11-16T09:43:27+00:00","og_image":[{"url":"https:\/\/inzain.bike\/wp-content\/uploads\/2023\/11\/IMG_4922.jpg","type":"","width":"","height":""}],"twitter_card":"summary_large_image","twitter_misc":{"Geschatte leestijd":"1 minuut"},"schema":{"@context":"https:\/\/schema.org","@graph":[{"@type":"WebPage","@id":"https:\/\/inzain.bike\/sv_se\/bas24-anmalan\/","url":"https:\/\/inzain.bike\/sv_se\/bas24-anmalan\/","name":"Registratie Baskenland 2024 - INZAIN Cycling Experiences","isPartOf":{"@id":"https:\/\/inzain.bike\/fr_be\/#website"},"primaryImageOfPage":{"@id":"https:\/\/inzain.bike\/sv_se\/bas24-anmalan\/#primaryimage"},"image":{"@id":"https:\/\/inzain.bike\/sv_se\/bas24-anmalan\/#primaryimage"},"thumbnailUrl":"https:\/\/inzain.bike\/wp-content\/uploads\/2023\/11\/IMG_4922.jpg","datePublished":"2023-11-11T13:40:16+00:00","dateModified":"2023-11-16T09:43:27+00:00","breadcrumb":{"@id":"https:\/\/inzain.bike\/sv_se\/bas24-anmalan\/#breadcrumb"},"inLanguage":"nl-BE","potentialAction":[{"@type":"ReadAction","target":["https:\/\/inzain.bike\/sv_se\/bas24-anmalan\/"]}]},{"@type":"ImageObject","inLanguage":"nl-BE","@id":"https:\/\/inzain.bike\/sv_se\/bas24-anmalan\/#primaryimage","url":"https:\/\/inzain.bike\/wp-content\/uploads\/2023\/11\/IMG_4922.jpg","contentUrl":"https:\/\/inzain.bike\/wp-content\/uploads\/2023\/11\/IMG_4922.jpg"},{"@type":"BreadcrumbList","@id":"https:\/\/inzain.bike\/sv_se\/bas24-anmalan\/#breadcrumb","itemListElement":[{"@type":"ListItem","position":1,"name":"Hem","item":"https:\/\/inzain.bike\/fr_be\/"},{"@type":"ListItem","position":2,"name":"Baskien 2024 Anm\u00e4lan"}]},{"@type":"WebSite","@id":"https:\/\/inzain.bike\/fr_be\/#website","url":"https:\/\/inzain.bike\/fr_be\/","name":"INZAIN fietservaringen","description":"Fietsavonturen - voor iedereen","publisher":{"@id":"https:\/\/inzain.bike\/fr_be\/#organization"},"alternateName":"INZAIN Gravel & Travel","potentialAction":[{"@type":"SearchAction","target":{"@type":"EntryPoint","urlTemplate":"https:\/\/inzain.bike\/fr_be\/?s={search_term_string}"},"query-input":{"@type":"PropertyValueSpecification","valueRequired":true,"valueName":"search_term_string"}}],"inLanguage":"nl-BE"},{"@type":"Organization","@id":"https:\/\/inzain.bike\/fr_be\/#organization","name":"INZAIN fietservaringen","url":"https:\/\/inzain.bike\/fr_be\/","logo":{"@type":"ImageObject","inLanguage":"nl-BE","@id":"https:\/\/inzain.bike\/fr_be\/#\/schema\/logo\/image\/","url":"https:\/\/i0.wp.com\/inzain.bike\/wp-content\/uploads\/2023\/09\/cropped-INZAIN_512x512_white.png?fit=512%2C512&ssl=1","contentUrl":"https:\/\/i0.wp.com\/inzain.bike\/wp-content\/uploads\/2023\/09\/cropped-INZAIN_512x512_white.png?fit=512%2C512&ssl=1","width":512,"height":512,"caption":"INZAIN Cycling EXPERIENCES"},"image":{"@id":"https:\/\/inzain.bike\/fr_be\/#\/schema\/logo\/image\/"},"sameAs":["https:\/\/www.facebook.com\/Inzain.bike","https:\/\/www.instagram.com\/inzainbike"]}]}},"amp_enabled":true,"_links":{"self":[{"href":"https:\/\/inzain.bike\/nl_be\/wp-json\/wp\/v2\/pages\/4895","targetHints":{"allow":["GET"]}}],"collection":[{"href":"https:\/\/inzain.bike\/nl_be\/wp-json\/wp\/v2\/pages"}],"about":[{"href":"https:\/\/inzain.bike\/nl_be\/wp-json\/wp\/v2\/types\/page"}],"author":[{"embeddable":true,"href":"https:\/\/inzain.bike\/nl_be\/wp-json\/wp\/v2\/users\/135133094"}],"replies":[{"embeddable":true,"href":"https:\/\/inzain.bike\/nl_be\/wp-json\/wp\/v2\/comments?post=4895"}],"version-history":[{"count":0,"href":"https:\/\/inzain.bike\/nl_be\/wp-json\/wp\/v2\/pages\/4895\/revisions"}],"wp:attachment":[{"href":"https:\/\/inzain.bike\/nl_be\/wp-json\/wp\/v2\/media?parent=4895"}],"curies":[{"name":"wp","href":"https:\/\/api.w.org\/{rel}","templated":true}]}}