{"id":4986,"date":"2023-11-11T18:07:24","date_gmt":"2023-11-11T17:07:24","guid":{"rendered":"https:\/\/inzain.bike\/?page_id=4986"},"modified":"2025-09-10T22:51:54","modified_gmt":"2025-09-10T20:51:54","slug":"mal26_food","status":"publish","type":"page","link":"https:\/\/inzain.bike\/nl_be\/mal26_food\/","title":{"rendered":"Mallorca-eten"},"content":{"rendered":"<div aria-label=\"Collagegalerij\" class=\"wp-block-coblocks-gallery-collage alignwide is-style-tiled has-lightbox has-small-gutter\"><ul><li class=\"wp-block-coblocks-gallery-collage__item item-1\"><figure class=\"wp-block-coblocks-gallery-collage__figure\"><img loading=\"lazy\" decoding=\"async\" width=\"768\" height=\"1024\" alt=\"Gallery Image\" class=\"wp-image-8692\" data-id=\"8692\" data-imglink=\"\" data-index=\"0\" src=\"https:\/\/inzain.bike\/wp-content\/uploads\/2025\/09\/20250417_191201-768x1024.jpg\" srcset=\"https:\/\/inzain.bike\/wp-content\/uploads\/2025\/09\/20250417_191201-768x1024.jpg 768w, https:\/\/inzain.bike\/wp-content\/uploads\/2025\/09\/20250417_191201-225x300.jpg 225w, https:\/\/inzain.bike\/wp-content\/uploads\/2025\/09\/20250417_191201-1152x1536.jpg 1152w, https:\/\/inzain.bike\/wp-content\/uploads\/2025\/09\/20250417_191201-1536x2048.jpg 1536w, https:\/\/inzain.bike\/wp-content\/uploads\/2025\/09\/20250417_191201-9x12.jpg 9w, https:\/\/inzain.bike\/wp-content\/uploads\/2025\/09\/20250417_191201-1320x1760.jpg 1320w, https:\/\/inzain.bike\/wp-content\/uploads\/2025\/09\/20250417_191201-600x800.jpg 600w, https:\/\/inzain.bike\/wp-content\/uploads\/2025\/09\/20250417_191201-scaled.jpg 1920w\" sizes=\"auto, (max-width: 768px) 100vw, 768px\" \/><\/figure><\/li><li class=\"wp-block-coblocks-gallery-collage__item item-2\"><figure class=\"wp-block-coblocks-gallery-collage__figure\"><img loading=\"lazy\" decoding=\"async\" width=\"576\" height=\"1024\" alt=\"Gallery Image\" class=\"wp-image-8690\" data-id=\"8690\" data-imglink=\"\" data-index=\"1\" src=\"https:\/\/inzain.bike\/wp-content\/uploads\/2025\/09\/336365270_1210085773208672_8270488190459506790_n-576x1024.jpg\" srcset=\"https:\/\/inzain.bike\/wp-content\/uploads\/2025\/09\/336365270_1210085773208672_8270488190459506790_n-576x1024.jpg 576w, https:\/\/inzain.bike\/wp-content\/uploads\/2025\/09\/336365270_1210085773208672_8270488190459506790_n-169x300.jpg 169w, https:\/\/inzain.bike\/wp-content\/uploads\/2025\/09\/336365270_1210085773208672_8270488190459506790_n-768x1365.jpg 768w, https:\/\/inzain.bike\/wp-content\/uploads\/2025\/09\/336365270_1210085773208672_8270488190459506790_n-864x1536.jpg 864w, https:\/\/inzain.bike\/wp-content\/uploads\/2025\/09\/336365270_1210085773208672_8270488190459506790_n-7x12.jpg 7w, https:\/\/inzain.bike\/wp-content\/uploads\/2025\/09\/336365270_1210085773208672_8270488190459506790_n-600x1067.jpg 600w, https:\/\/inzain.bike\/wp-content\/uploads\/2025\/09\/336365270_1210085773208672_8270488190459506790_n.jpg 1152w\" sizes=\"auto, (max-width: 576px) 100vw, 576px\" \/><\/figure><\/li><li class=\"wp-block-coblocks-gallery-collage__item item-3\"><figure class=\"wp-block-coblocks-gallery-collage__figure\"><img loading=\"lazy\" decoding=\"async\" width=\"1024\" height=\"576\" alt=\"Gallery Image\" class=\"wp-image-8691\" data-id=\"8691\" data-imglink=\"\" data-index=\"2\" src=\"https:\/\/inzain.bike\/wp-content\/uploads\/2025\/09\/340001861_958315498919214_6163604776184413059_n-1024x576.jpg\" srcset=\"https:\/\/inzain.bike\/wp-content\/uploads\/2025\/09\/340001861_958315498919214_6163604776184413059_n-1024x576.jpg 1024w, https:\/\/inzain.bike\/wp-content\/uploads\/2025\/09\/340001861_958315498919214_6163604776184413059_n-300x169.jpg 300w, https:\/\/inzain.bike\/wp-content\/uploads\/2025\/09\/340001861_958315498919214_6163604776184413059_n-768x432.jpg 768w, https:\/\/inzain.bike\/wp-content\/uploads\/2025\/09\/340001861_958315498919214_6163604776184413059_n-1536x864.jpg 1536w, https:\/\/inzain.bike\/wp-content\/uploads\/2025\/09\/340001861_958315498919214_6163604776184413059_n-18x10.jpg 18w, https:\/\/inzain.bike\/wp-content\/uploads\/2025\/09\/340001861_958315498919214_6163604776184413059_n-1320x743.jpg 1320w, https:\/\/inzain.bike\/wp-content\/uploads\/2025\/09\/340001861_958315498919214_6163604776184413059_n-600x338.jpg 600w, https:\/\/inzain.bike\/wp-content\/uploads\/2025\/09\/340001861_958315498919214_6163604776184413059_n.jpg 2048w\" sizes=\"auto, (max-width: 1024px) 100vw, 1024px\" \/><\/figure><\/li><li class=\"wp-block-coblocks-gallery-collage__item item-4\"><figure class=\"wp-block-coblocks-gallery-collage__figure\"><img loading=\"lazy\" decoding=\"async\" width=\"1024\" height=\"1024\" alt=\"Gallery Image\" class=\"wp-image-8689\" data-id=\"8689\" data-imglink=\"\" data-index=\"3\" src=\"https:\/\/inzain.bike\/wp-content\/uploads\/2025\/09\/545697594_24530436393284163_3567135288408036038_n-1024x1024.jpg\" srcset=\"https:\/\/inzain.bike\/wp-content\/uploads\/2025\/09\/545697594_24530436393284163_3567135288408036038_n-1024x1024.jpg 1024w, https:\/\/inzain.bike\/wp-content\/uploads\/2025\/09\/545697594_24530436393284163_3567135288408036038_n-300x300.jpg 300w, https:\/\/inzain.bike\/wp-content\/uploads\/2025\/09\/545697594_24530436393284163_3567135288408036038_n-150x150.jpg 150w, https:\/\/inzain.bike\/wp-content\/uploads\/2025\/09\/545697594_24530436393284163_3567135288408036038_n-768x768.jpg 768w, https:\/\/inzain.bike\/wp-content\/uploads\/2025\/09\/545697594_24530436393284163_3567135288408036038_n-12x12.jpg 12w, https:\/\/inzain.bike\/wp-content\/uploads\/2025\/09\/545697594_24530436393284163_3567135288408036038_n-1320x1320.jpg 1320w, https:\/\/inzain.bike\/wp-content\/uploads\/2025\/09\/545697594_24530436393284163_3567135288408036038_n-600x600.jpg 600w, https:\/\/inzain.bike\/wp-content\/uploads\/2025\/09\/545697594_24530436393284163_3567135288408036038_n-100x100.jpg 100w, https:\/\/inzain.bike\/wp-content\/uploads\/2025\/09\/545697594_24530436393284163_3567135288408036038_n.jpg 1440w\" sizes=\"auto, (max-width: 1024px) 100vw, 1024px\" \/><\/figure><\/li><\/ul><\/div>\n\n\n\n<div class=\"wp-block-columns alignwide is-layout-flex wp-container-core-columns-is-layout-28f84493 wp-block-columns-is-layout-flex\">\n<div class=\"wp-block-column is-layout-flow wp-block-column-is-layout-flow\">\n<figure class=\"wp-block-image size-large\"><img loading=\"lazy\" decoding=\"async\" width=\"1024\" height=\"736\" src=\"https:\/\/inzain.bike\/wp-content\/uploads\/2023\/11\/image-8-1024x736.png\" alt=\"\" class=\"wp-image-5015\" srcset=\"https:\/\/inzain.bike\/wp-content\/uploads\/2023\/11\/image-8-1024x736.png 1024w, https:\/\/inzain.bike\/wp-content\/uploads\/2023\/11\/image-8-300x216.png 300w, https:\/\/inzain.bike\/wp-content\/uploads\/2023\/11\/image-8-768x552.png 768w, https:\/\/inzain.bike\/wp-content\/uploads\/2023\/11\/image-8-18x12.png 18w, https:\/\/inzain.bike\/wp-content\/uploads\/2023\/11\/image-8-600x431.png 600w, https:\/\/inzain.bike\/wp-content\/uploads\/2023\/11\/image-8.png 1234w\" sizes=\"auto, (max-width: 1024px) 100vw, 1024px\" \/><\/figure>\n<\/div>\n\n\n\n<div class=\"wp-block-column is-layout-flow wp-block-column-is-layout-flow\">\n<p style=\"font-size:30px\"><strong>Eigen chef-kok<\/strong><\/p>\n\n\n\n<p>Ontbijt en vier diners zijn inbegrepen en worden bereid door onze eigen topkok Johan.<br>Hij fietst ook.<\/p>\n\n\n\n<p>Het ontbijt bestaat uit een traditioneel Zweeds sportontbijt met koffie, sap, broodje en pap.<br>Wilt u iets anders, dan kunt u dat eenvoudig zelf regelen.<\/p>\n\n\n\n<p>Op een van de avonden gaan we wijnproeven en tapas eten in de wijnkelder van het huis, zei Portassa.<\/p>\n\n\n\n<p>Sommige avonden gaan we uit eten. Er zijn veel goede restaurants in Alaro.<br>We regelen ook een avond in een van de vele goede restaurants van het eiland.<\/p>\n<\/div>\n<\/div>\n\n\n\n<div class=\"wp-block-columns alignwide is-layout-flex wp-container-core-columns-is-layout-28f84493 wp-block-columns-is-layout-flex\">\n<div class=\"wp-block-column is-layout-flow wp-block-column-is-layout-flow\">\n<p style=\"font-size:30px\"><strong>Wijn proeven<\/strong><\/p>\n\n\n\n<p>E\u00e9n van de avonden is er gelegenheid voor zelfgemaakte Tapas en wijnproeverijen met lezingen. Can Fressa caf\u00e9 ligt aan de overkant van de straat en heeft uitstekend eten voor zowel ontbijt, lunch als diner.<br><br>Wijn kan direct in het huis worden gekocht in de wijnkelder &quot;<strong>zei Portassa<\/strong>&#039; of in de plaatselijke winkel.<\/p>\n\n\n\n<p><\/p>\n<\/div>\n\n\n\n<div class=\"wp-block-column is-layout-flow wp-block-column-is-layout-flow\">\n<figure class=\"wp-block-image size-large\"><img loading=\"lazy\" decoding=\"async\" width=\"1024\" height=\"743\" src=\"https:\/\/inzain.bike\/wp-content\/uploads\/2023\/11\/image-7-1024x743.png\" alt=\"\" class=\"wp-image-5008\" srcset=\"https:\/\/inzain.bike\/wp-content\/uploads\/2023\/11\/image-7-1024x743.png 1024w, https:\/\/inzain.bike\/wp-content\/uploads\/2023\/11\/image-7-300x218.png 300w, https:\/\/inzain.bike\/wp-content\/uploads\/2023\/11\/image-7-768x557.png 768w, https:\/\/inzain.bike\/wp-content\/uploads\/2023\/11\/image-7-18x12.png 18w, https:\/\/inzain.bike\/wp-content\/uploads\/2023\/11\/image-7-600x435.png 600w, https:\/\/inzain.bike\/wp-content\/uploads\/2023\/11\/image-7.png 1168w\" sizes=\"auto, (max-width: 1024px) 100vw, 1024px\" \/><\/figure>\n<\/div>\n<\/div>\n\n\n\n<div class=\"wp-block-columns alignwide is-layout-flex wp-container-core-columns-is-layout-28f84493 wp-block-columns-is-layout-flex\">\n<div class=\"wp-block-column is-layout-flow wp-block-column-is-layout-flow\">\n<figure class=\"wp-block-image size-full\"><img loading=\"lazy\" decoding=\"async\" width=\"426\" height=\"260\" src=\"https:\/\/inzain.bike\/wp-content\/uploads\/2023\/11\/image-9.png\" alt=\"\" class=\"wp-image-5057\" srcset=\"https:\/\/inzain.bike\/wp-content\/uploads\/2023\/11\/image-9.png 426w, https:\/\/inzain.bike\/wp-content\/uploads\/2023\/11\/image-9-300x183.png 300w, https:\/\/inzain.bike\/wp-content\/uploads\/2023\/11\/image-9-18x12.png 18w\" sizes=\"auto, (max-width: 426px) 100vw, 426px\" \/><\/figure>\n<\/div>\n\n\n\n<div class=\"wp-block-column is-layout-flow wp-block-column-is-layout-flow\">\n<p style=\"font-size:30px\"><strong>Kruidenierszaken<\/strong><\/p>\n\n\n\n<p>Er zijn minimaal drie supermarkten op loopafstand (een paar honderd meter) van onze accommodatie. E\u00e9n daarvan lijkt meer op een &quot;7-11&quot; die zelfs tijdens de paasvakantie geopend is. De andere twee hebben meer normale Spaanse openingstijden en een grotere selectie:<br><br><strong>Supermarkt Coaliment<\/strong> - Ruime openingstijden: Iedere dag 08.30 - 22.30 uur<br><strong>Piep Piep Supermarkten<\/strong> - Dichtbij! Open: ma-vr 08:30-20:30, za 09:00-20:30, zo gesloten<br><strong>Eroski-stad<\/strong> \u2013 Goed assortiment Open: ma-za 09:00-21:00, zo gesloten<\/p>\n<\/div>\n<\/div>\n\n\n\n<div class=\"wp-block-columns alignwide is-layout-flex wp-container-core-columns-is-layout-28f84493 wp-block-columns-is-layout-flex\">\n<div class=\"wp-block-column is-layout-flow wp-block-column-is-layout-flow\">\n<p style=\"font-size:30px\"><strong>Restaurants<\/strong><\/p>\n\n\n\n<p>Er zijn diverse goede restaurants in de buurt van onze accommodatie, zowel aan het plein (50 -150 meter) als iets verder weg, op redelijke loopafstand. Een favoriet is El Trastero, waar als specialiteit Argentijnse steaks worden geserveerd. Een andere favoriet is Pizzeria La Bufala.<\/p>\n\n\n\n<p style=\"font-size:30px\"><strong>Vers brood<\/strong><\/p>\n\n\n\n<p>Wij zorgen elke ochtend voor vers brood bij het ontbijt.<\/p>\n<\/div>\n\n\n\n<div class=\"wp-block-column is-layout-flow wp-block-column-is-layout-flow\">\n<figure class=\"wp-block-image size-large\"><img loading=\"lazy\" decoding=\"async\" width=\"1024\" height=\"667\" src=\"https:\/\/inzain.bike\/wp-content\/uploads\/2023\/11\/image-10-1024x667.png\" alt=\"\" class=\"wp-image-5062\" srcset=\"https:\/\/inzain.bike\/wp-content\/uploads\/2023\/11\/image-10-1024x667.png 1024w, https:\/\/inzain.bike\/wp-content\/uploads\/2023\/11\/image-10-300x195.png 300w, https:\/\/inzain.bike\/wp-content\/uploads\/2023\/11\/image-10-768x500.png 768w, https:\/\/inzain.bike\/wp-content\/uploads\/2023\/11\/image-10-18x12.png 18w, https:\/\/inzain.bike\/wp-content\/uploads\/2023\/11\/image-10-600x391.png 600w, https:\/\/inzain.bike\/wp-content\/uploads\/2023\/11\/image-10.png 1058w\" sizes=\"auto, (max-width: 1024px) 100vw, 1024px\" \/><\/figure>\n<\/div>\n<\/div>\n\n\n\n<p><\/p>","protected":false},"excerpt":{"rendered":"<p>Egen kock Frukost och fyra middagar ing\u00e5r. De lagas av v\u00e5r egen eminenta kock Johan.Han \u00e4r ocks\u00e5 med och cyklar. Frukost blir traditionell svensk sportfrukost med kaffe, juice sm\u00f6rg\u00e5s och gr\u00f6t.Vill du ha n\u00e5got annat kan du enkelt ordna det sj\u00e4lv. En av kv\u00e4llarna har vi vinprovning och Tapas i husets vink\u00e4llare, sa Portassa. N\u00e5gra [&hellip;]<\/p>\n","protected":false},"author":203917873,"featured_media":0,"parent":0,"menu_order":0,"comment_status":"closed","ping_status":"closed","template":"","meta":{"_coblocks_attr":"","_coblocks_dimensions":"","_coblocks_responsive_height":"","_coblocks_accordion_ie_support":"","footnotes":""},"class_list":["post-4986","page","type-page","status-publish","hentry"],"yoast_head":"<!-- This site is optimized with the Yoast SEO plugin v27.2 - https:\/\/yoast.com\/product\/yoast-seo-wordpress\/ -->\n<title>Mallorca Mat - INZAIN Cycling EXPERIENCES<\/title>\n<meta name=\"robots\" content=\"index, follow, max-snippet:-1, max-image-preview:large, max-video-preview:-1\" \/>\n<link rel=\"canonical\" href=\"https:\/\/inzain.bike\/nl_be\/mal26_food\/\" \/>\n<meta property=\"og:locale\" content=\"nl_BE\" \/>\n<meta property=\"og:type\" content=\"article\" \/>\n<meta property=\"og:title\" content=\"Mallorca Mat - INZAIN Cycling EXPERIENCES\" \/>\n<meta property=\"og:description\" content=\"Egen kock Frukost och fyra middagar ing\u00e5r. De lagas av v\u00e5r egen eminenta kock Johan.Han \u00e4r ocks\u00e5 med och cyklar. Frukost blir traditionell svensk sportfrukost med kaffe, juice sm\u00f6rg\u00e5s och gr\u00f6t.Vill du ha n\u00e5got annat kan du enkelt ordna det sj\u00e4lv. En av kv\u00e4llarna har vi vinprovning och Tapas i husets vink\u00e4llare, sa Portassa. N\u00e5gra [&hellip;]\" \/>\n<meta property=\"og:url\" content=\"https:\/\/inzain.bike\/nl_be\/mal26_food\/\" \/>\n<meta property=\"og:site_name\" content=\"INZAIN Cycling EXPERIENCES\" \/>\n<meta property=\"article:publisher\" content=\"https:\/\/www.facebook.com\/Inzain.bike\" \/>\n<meta property=\"article:modified_time\" content=\"2025-09-10T20:51:54+00:00\" \/>\n<meta property=\"og:image\" content=\"https:\/\/inzain.bike\/wp-content\/uploads\/2025\/09\/20250417_191201-scaled.jpg\" \/>\n\t<meta property=\"og:image:width\" content=\"1920\" \/>\n\t<meta property=\"og:image:height\" content=\"2560\" \/>\n\t<meta property=\"og:image:type\" content=\"image\/jpeg\" \/>\n<meta name=\"twitter:card\" content=\"summary_large_image\" \/>\n<meta name=\"twitter:label1\" content=\"Geschatte leestijd\" \/>\n\t<meta name=\"twitter:data1\" content=\"3 minuten\" \/>\n<script type=\"application\/ld+json\" class=\"yoast-schema-graph\">{\"@context\":\"https:\/\/schema.org\",\"@graph\":[{\"@type\":\"WebPage\",\"@id\":\"https:\/\/inzain.bike\/mal26_food\/\",\"url\":\"https:\/\/inzain.bike\/mal26_food\/\",\"name\":\"Mallorca Mat - INZAIN Cycling EXPERIENCES\",\"isPartOf\":{\"@id\":\"https:\/\/inzain.bike\/fr_be\/#website\"},\"primaryImageOfPage\":{\"@id\":\"https:\/\/inzain.bike\/mal26_food\/#primaryimage\"},\"image\":{\"@id\":\"https:\/\/inzain.bike\/mal26_food\/#primaryimage\"},\"thumbnailUrl\":\"https:\/\/inzain.bike\/wp-content\/uploads\/2025\/09\/20250417_191201-768x1024.jpg\",\"datePublished\":\"2023-11-11T17:07:24+00:00\",\"dateModified\":\"2025-09-10T20:51:54+00:00\",\"breadcrumb\":{\"@id\":\"https:\/\/inzain.bike\/mal26_food\/#breadcrumb\"},\"inLanguage\":\"nl-BE\",\"potentialAction\":[{\"@type\":\"ReadAction\",\"target\":[\"https:\/\/inzain.bike\/mal26_food\/\"]}]},{\"@type\":\"ImageObject\",\"inLanguage\":\"nl-BE\",\"@id\":\"https:\/\/inzain.bike\/mal26_food\/#primaryimage\",\"url\":\"https:\/\/inzain.bike\/wp-content\/uploads\/2025\/09\/20250417_191201-768x1024.jpg\",\"contentUrl\":\"https:\/\/inzain.bike\/wp-content\/uploads\/2025\/09\/20250417_191201-768x1024.jpg\"},{\"@type\":\"BreadcrumbList\",\"@id\":\"https:\/\/inzain.bike\/mal26_food\/#breadcrumb\",\"itemListElement\":[{\"@type\":\"ListItem\",\"position\":1,\"name\":\"Hem\",\"item\":\"https:\/\/inzain.bike\/fr_be\/\"},{\"@type\":\"ListItem\",\"position\":2,\"name\":\"Mallorca Mat\"}]},{\"@type\":\"WebSite\",\"@id\":\"https:\/\/inzain.bike\/fr_be\/#website\",\"url\":\"https:\/\/inzain.bike\/fr_be\/\",\"name\":\"INZAIN Cycling EXPERIENCES\",\"description\":\"Cyckling Adventures  - for everyone\",\"publisher\":{\"@id\":\"https:\/\/inzain.bike\/fr_be\/#organization\"},\"alternateName\":\"INZAIN Gravel & Travel\",\"potentialAction\":[{\"@type\":\"SearchAction\",\"target\":{\"@type\":\"EntryPoint\",\"urlTemplate\":\"https:\/\/inzain.bike\/fr_be\/?s={search_term_string}\"},\"query-input\":{\"@type\":\"PropertyValueSpecification\",\"valueRequired\":true,\"valueName\":\"search_term_string\"}}],\"inLanguage\":\"nl-BE\"},{\"@type\":\"Organization\",\"@id\":\"https:\/\/inzain.bike\/fr_be\/#organization\",\"name\":\"INZAIN Cycling EXPERIENCES\",\"url\":\"https:\/\/inzain.bike\/fr_be\/\",\"logo\":{\"@type\":\"ImageObject\",\"inLanguage\":\"nl-BE\",\"@id\":\"https:\/\/inzain.bike\/fr_be\/#\/schema\/logo\/image\/\",\"url\":\"https:\/\/i0.wp.com\/inzain.bike\/wp-content\/uploads\/2023\/09\/cropped-INZAIN_512x512_white.png?fit=512%2C512&ssl=1\",\"contentUrl\":\"https:\/\/i0.wp.com\/inzain.bike\/wp-content\/uploads\/2023\/09\/cropped-INZAIN_512x512_white.png?fit=512%2C512&ssl=1\",\"width\":512,\"height\":512,\"caption\":\"INZAIN Cycling EXPERIENCES\"},\"image\":{\"@id\":\"https:\/\/inzain.bike\/fr_be\/#\/schema\/logo\/image\/\"},\"sameAs\":[\"https:\/\/www.facebook.com\/Inzain.bike\",\"https:\/\/www.instagram.com\/inzainbike\"]}]}<\/script>\n<!-- \/ Yoast SEO plugin. -->","yoast_head_json":{"title":"Mallorca Food - INZAIN FIETSERVARINGEN","robots":{"index":"index","follow":"follow","max-snippet":"max-snippet:-1","max-image-preview":"max-image-preview:large","max-video-preview":"max-video-preview:-1"},"canonical":"https:\/\/inzain.bike\/nl_be\/mal26_food\/","og_locale":"nl_BE","og_type":"article","og_title":"Mallorca Mat - INZAIN Cycling EXPERIENCES","og_description":"Egen kock Frukost och fyra middagar ing\u00e5r. De lagas av v\u00e5r egen eminenta kock Johan.Han \u00e4r ocks\u00e5 med och cyklar. Frukost blir traditionell svensk sportfrukost med kaffe, juice sm\u00f6rg\u00e5s och gr\u00f6t.Vill du ha n\u00e5got annat kan du enkelt ordna det sj\u00e4lv. En av kv\u00e4llarna har vi vinprovning och Tapas i husets vink\u00e4llare, sa Portassa. N\u00e5gra [&hellip;]","og_url":"https:\/\/inzain.bike\/nl_be\/mal26_food\/","og_site_name":"INZAIN Cycling EXPERIENCES","article_publisher":"https:\/\/www.facebook.com\/Inzain.bike","article_modified_time":"2025-09-10T20:51:54+00:00","og_image":[{"width":1920,"height":2560,"url":"https:\/\/inzain.bike\/wp-content\/uploads\/2025\/09\/20250417_191201-scaled.jpg","type":"image\/jpeg"}],"twitter_card":"summary_large_image","twitter_misc":{"Geschatte leestijd":"3 minuten"},"schema":{"@context":"https:\/\/schema.org","@graph":[{"@type":"WebPage","@id":"https:\/\/inzain.bike\/mal26_food\/","url":"https:\/\/inzain.bike\/mal26_food\/","name":"Mallorca Food - INZAIN FIETSERVARINGEN","isPartOf":{"@id":"https:\/\/inzain.bike\/fr_be\/#website"},"primaryImageOfPage":{"@id":"https:\/\/inzain.bike\/mal26_food\/#primaryimage"},"image":{"@id":"https:\/\/inzain.bike\/mal26_food\/#primaryimage"},"thumbnailUrl":"https:\/\/inzain.bike\/wp-content\/uploads\/2025\/09\/20250417_191201-768x1024.jpg","datePublished":"2023-11-11T17:07:24+00:00","dateModified":"2025-09-10T20:51:54+00:00","breadcrumb":{"@id":"https:\/\/inzain.bike\/mal26_food\/#breadcrumb"},"inLanguage":"nl-BE","potentialAction":[{"@type":"ReadAction","target":["https:\/\/inzain.bike\/mal26_food\/"]}]},{"@type":"ImageObject","inLanguage":"nl-BE","@id":"https:\/\/inzain.bike\/mal26_food\/#primaryimage","url":"https:\/\/inzain.bike\/wp-content\/uploads\/2025\/09\/20250417_191201-768x1024.jpg","contentUrl":"https:\/\/inzain.bike\/wp-content\/uploads\/2025\/09\/20250417_191201-768x1024.jpg"},{"@type":"BreadcrumbList","@id":"https:\/\/inzain.bike\/mal26_food\/#breadcrumb","itemListElement":[{"@type":"ListItem","position":1,"name":"Hem","item":"https:\/\/inzain.bike\/fr_be\/"},{"@type":"ListItem","position":2,"name":"Mallorca Mat"}]},{"@type":"WebSite","@id":"https:\/\/inzain.bike\/fr_be\/#website","url":"https:\/\/inzain.bike\/fr_be\/","name":"INZAIN fietservaringen","description":"Fietsavonturen - voor iedereen","publisher":{"@id":"https:\/\/inzain.bike\/fr_be\/#organization"},"alternateName":"INZAIN Gravel & Travel","potentialAction":[{"@type":"SearchAction","target":{"@type":"EntryPoint","urlTemplate":"https:\/\/inzain.bike\/fr_be\/?s={search_term_string}"},"query-input":{"@type":"PropertyValueSpecification","valueRequired":true,"valueName":"search_term_string"}}],"inLanguage":"nl-BE"},{"@type":"Organization","@id":"https:\/\/inzain.bike\/fr_be\/#organization","name":"INZAIN fietservaringen","url":"https:\/\/inzain.bike\/fr_be\/","logo":{"@type":"ImageObject","inLanguage":"nl-BE","@id":"https:\/\/inzain.bike\/fr_be\/#\/schema\/logo\/image\/","url":"https:\/\/i0.wp.com\/inzain.bike\/wp-content\/uploads\/2023\/09\/cropped-INZAIN_512x512_white.png?fit=512%2C512&ssl=1","contentUrl":"https:\/\/i0.wp.com\/inzain.bike\/wp-content\/uploads\/2023\/09\/cropped-INZAIN_512x512_white.png?fit=512%2C512&ssl=1","width":512,"height":512,"caption":"INZAIN Cycling EXPERIENCES"},"image":{"@id":"https:\/\/inzain.bike\/fr_be\/#\/schema\/logo\/image\/"},"sameAs":["https:\/\/www.facebook.com\/Inzain.bike","https:\/\/www.instagram.com\/inzainbike"]}]}},"amp_enabled":true,"_links":{"self":[{"href":"https:\/\/inzain.bike\/nl_be\/wp-json\/wp\/v2\/pages\/4986","targetHints":{"allow":["GET"]}}],"collection":[{"href":"https:\/\/inzain.bike\/nl_be\/wp-json\/wp\/v2\/pages"}],"about":[{"href":"https:\/\/inzain.bike\/nl_be\/wp-json\/wp\/v2\/types\/page"}],"author":[{"embeddable":true,"href":"https:\/\/inzain.bike\/nl_be\/wp-json\/wp\/v2\/users\/203917873"}],"replies":[{"embeddable":true,"href":"https:\/\/inzain.bike\/nl_be\/wp-json\/wp\/v2\/comments?post=4986"}],"version-history":[{"count":4,"href":"https:\/\/inzain.bike\/nl_be\/wp-json\/wp\/v2\/pages\/4986\/revisions"}],"predecessor-version":[{"id":8694,"href":"https:\/\/inzain.bike\/nl_be\/wp-json\/wp\/v2\/pages\/4986\/revisions\/8694"}],"wp:attachment":[{"href":"https:\/\/inzain.bike\/nl_be\/wp-json\/wp\/v2\/media?parent=4986"}],"curies":[{"name":"wp","href":"https:\/\/api.w.org\/{rel}","templated":true}]}}