{"id":5044,"date":"2023-11-11T17:38:00","date_gmt":"2023-11-11T16:38:00","guid":{"rendered":"https:\/\/inzain.bike\/?page_id=5044"},"modified":"2023-11-21T19:51:29","modified_gmt":"2023-11-21T18:51:29","slug":"cha24-cykling","status":"publish","type":"page","link":"https:\/\/inzain.bike\/nl_be\/cha24-cykling\/","title":{"rendered":"Champagne fietsen"},"content":{"rendered":"<div class=\"wp-block-columns alignwide is-layout-flex wp-container-core-columns-is-layout-28f84493 wp-block-columns-is-layout-flex\">\n<div class=\"wp-block-column is-layout-flow wp-block-column-is-layout-flow\">\n<p class=\"has-roboto-font-family has-custom-font\" style=\"font-family:Roboto\">Champagne heeft veel fijne wegen, zowel over grind als asfalt. Wij zijn er geweest en hebben de beste routes uitgestippeld. Het niveau van fietsen is zodanig dat iedereen het kan. De tochten op deze reis zijn iets korter en vriendelijker dan in andere resorts, maar er zullen ook uitdagingen zijn. We stoppen en lunchen bij goede restaurants en er zal ook een koffiepauze zijn. Als er iets gebeurt, staat onze safety car klaar om te helpen.<\/p>\n\n\n\n<figure class=\"wp-block-image aligncenter size-full\"><img loading=\"lazy\" decoding=\"async\" width=\"808\" height=\"400\" src=\"https:\/\/inzain.bike\/wp-content\/uploads\/2023\/11\/champagne_pic_808-1.png\" alt=\"\" class=\"wp-image-5492\" srcset=\"https:\/\/inzain.bike\/wp-content\/uploads\/2023\/11\/champagne_pic_808-1.png 808w, https:\/\/inzain.bike\/wp-content\/uploads\/2023\/11\/champagne_pic_808-1-300x149.png 300w, https:\/\/inzain.bike\/wp-content\/uploads\/2023\/11\/champagne_pic_808-1-768x380.png 768w, https:\/\/inzain.bike\/wp-content\/uploads\/2023\/11\/champagne_pic_808-1-18x9.png 18w, https:\/\/inzain.bike\/wp-content\/uploads\/2023\/11\/champagne_pic_808-1-600x297.png 600w\" sizes=\"auto, (max-width: 808px) 100vw, 808px\" \/><\/figure>\n\n\n\n<p>De wegen zijn gevarieerd, we fietsen door velden, wijngaarden, asfaltpaden en onverharde wegen. <\/p>\n\n\n\n<p><strong>Schema<\/strong><\/p>\n\n\n\n<p><strong>Zaterdag 25 mei<\/strong><br>Aankomst en inchecken. Bouw een fiets (of haal een huurfiets op). Wij doen een uitcheckrit om te controleren of alle fietsen in orde zijn.<br>Dan wachten het diner en informatie en misschien een glas champagne? <\/p>\n\n\n\n<p><strong>Zondag 26 mei<\/strong><\/p>\n\n\n\n<p><strong>Maandag 27 mei<\/strong><br>Voor degenen die een iets zwaardere rit willen, is het prima geschikt voor de rustdag. Maar als je het rustig aan wilt doen, zijn er ook kortere tochten om uit te kiezen.<br>&#039;s Avonds wacht er een champagneproeverij in ons hotel.<\/p>\n\n\n\n<p><strong>Dinsdag 28 mei Rustdag<\/strong><br>Een dag voor rust en activiteiten. Ballonvlucht, boottocht op het kanaal of gewoon ronddwalen in Epernay, u kiest.<\/p>\n\n\n\n<p><strong>Woensdag 29 mei<\/strong><br>Met uitgeruste benen gaan we de rit van vandaag aan, zoals gewoonlijk zijn er verschillende lengtes om uit te kiezen. Er wacht ook een extra goede lunch.<\/p>\n\n\n\n<p><strong>Donderdag 30 mei<\/strong><br>Een zwaardere rit vandaag, voor wie dat wil. Er wacht ook een verrassing.<\/p>\n\n\n\n<p><strong>Vrijdag 31 mei<\/strong><br>De laatste fietsdag, een rit die lang genoeg is zodat je op tijd thuis kunt zijn om het inpakken, terugbrengen van de fiets en andere zaken te regelen.<br>Laatste diner in het hotel.<\/p>\n\n\n\n<p><strong>Zaterdag 1 juni<\/strong><br>Uitchecken en terug naar huis.<\/p>\n\n\n\n<p><\/p>\n<\/div>\n<\/div>","protected":false},"excerpt":{"rendered":"<p>Champagne har m\u00e5nga fina v\u00e4gar b\u00e5de p\u00e5 grus och asfalt. Vi har varit d\u00e4r och rekat ut de b\u00e4sta v\u00e4garna. Niv\u00e5n p\u00e5 cyklingen \u00e4r s\u00e5dan att alla klarar det. Turerna p\u00e5 denna resa \u00e4r lite kortare och lite sn\u00e4llare \u00e4n p\u00e5 andra orter, men det kommer finnas utmaningar ocks\u00e5. Vi stannar och \u00e4ter lunch p\u00e5 [&hellip;]<\/p>\n","protected":false},"author":135133094,"featured_media":0,"parent":0,"menu_order":0,"comment_status":"closed","ping_status":"closed","template":"","meta":{"_coblocks_attr":"Roboto,Roboto","_coblocks_dimensions":"","_coblocks_responsive_height":"","_coblocks_accordion_ie_support":"","footnotes":""},"class_list":["post-5044","page","type-page","status-publish","hentry"],"yoast_head":"<!-- This site is optimized with the Yoast SEO plugin v27.2 - https:\/\/yoast.com\/product\/yoast-seo-wordpress\/ -->\n<title>Champagne Cykling - INZAIN Cycling EXPERIENCES<\/title>\n<meta name=\"robots\" content=\"index, follow, max-snippet:-1, max-image-preview:large, max-video-preview:-1\" \/>\n<link rel=\"canonical\" href=\"https:\/\/inzain.bike\/nl_be\/cha24-cykling\/\" \/>\n<meta property=\"og:locale\" content=\"nl_BE\" \/>\n<meta property=\"og:type\" content=\"article\" \/>\n<meta property=\"og:title\" content=\"Champagne Cykling - INZAIN Cycling EXPERIENCES\" \/>\n<meta property=\"og:description\" content=\"Champagne har m\u00e5nga fina v\u00e4gar b\u00e5de p\u00e5 grus och asfalt. Vi har varit d\u00e4r och rekat ut de b\u00e4sta v\u00e4garna. Niv\u00e5n p\u00e5 cyklingen \u00e4r s\u00e5dan att alla klarar det. Turerna p\u00e5 denna resa \u00e4r lite kortare och lite sn\u00e4llare \u00e4n p\u00e5 andra orter, men det kommer finnas utmaningar ocks\u00e5. Vi stannar och \u00e4ter lunch p\u00e5 [&hellip;]\" \/>\n<meta property=\"og:url\" content=\"https:\/\/inzain.bike\/nl_be\/cha24-cykling\/\" \/>\n<meta property=\"og:site_name\" content=\"INZAIN Cycling EXPERIENCES\" \/>\n<meta property=\"article:publisher\" content=\"https:\/\/www.facebook.com\/Inzain.bike\" \/>\n<meta property=\"article:modified_time\" content=\"2023-11-21T18:51:29+00:00\" \/>\n<meta property=\"og:image\" content=\"https:\/\/inzain.bike\/wp-content\/uploads\/2023\/11\/champagne_pic_808-1.png\" \/>\n<meta name=\"twitter:card\" content=\"summary_large_image\" \/>\n<meta name=\"twitter:label1\" content=\"Geschatte leestijd\" \/>\n\t<meta name=\"twitter:data1\" content=\"2 minuten\" \/>\n<script type=\"application\/ld+json\" class=\"yoast-schema-graph\">{\"@context\":\"https:\/\/schema.org\",\"@graph\":[{\"@type\":\"WebPage\",\"@id\":\"https:\/\/inzain.bike\/nl_be\/cha24-cykling\/\",\"url\":\"https:\/\/inzain.bike\/nl_be\/cha24-cykling\/\",\"name\":\"Champagne Cykling - INZAIN Cycling EXPERIENCES\",\"isPartOf\":{\"@id\":\"https:\/\/inzain.bike\/fr_be\/#website\"},\"primaryImageOfPage\":{\"@id\":\"https:\/\/inzain.bike\/nl_be\/cha24-cykling\/#primaryimage\"},\"image\":{\"@id\":\"https:\/\/inzain.bike\/nl_be\/cha24-cykling\/#primaryimage\"},\"thumbnailUrl\":\"https:\/\/inzain.bike\/wp-content\/uploads\/2023\/11\/champagne_pic_808-1.png\",\"datePublished\":\"2023-11-11T16:38:00+00:00\",\"dateModified\":\"2023-11-21T18:51:29+00:00\",\"breadcrumb\":{\"@id\":\"https:\/\/inzain.bike\/nl_be\/cha24-cykling\/#breadcrumb\"},\"inLanguage\":\"nl-BE\",\"potentialAction\":[{\"@type\":\"ReadAction\",\"target\":[\"https:\/\/inzain.bike\/nl_be\/cha24-cykling\/\"]}]},{\"@type\":\"ImageObject\",\"inLanguage\":\"nl-BE\",\"@id\":\"https:\/\/inzain.bike\/nl_be\/cha24-cykling\/#primaryimage\",\"url\":\"https:\/\/inzain.bike\/wp-content\/uploads\/2023\/11\/champagne_pic_808-1.png\",\"contentUrl\":\"https:\/\/inzain.bike\/wp-content\/uploads\/2023\/11\/champagne_pic_808-1.png\"},{\"@type\":\"BreadcrumbList\",\"@id\":\"https:\/\/inzain.bike\/nl_be\/cha24-cykling\/#breadcrumb\",\"itemListElement\":[{\"@type\":\"ListItem\",\"position\":1,\"name\":\"Hem\",\"item\":\"https:\/\/inzain.bike\/fr_be\/\"},{\"@type\":\"ListItem\",\"position\":2,\"name\":\"Champagne Cykling\"}]},{\"@type\":\"WebSite\",\"@id\":\"https:\/\/inzain.bike\/fr_be\/#website\",\"url\":\"https:\/\/inzain.bike\/fr_be\/\",\"name\":\"INZAIN Cycling EXPERIENCES\",\"description\":\"Cyckling Adventures  - for everyone\",\"publisher\":{\"@id\":\"https:\/\/inzain.bike\/fr_be\/#organization\"},\"alternateName\":\"INZAIN Gravel & Travel\",\"potentialAction\":[{\"@type\":\"SearchAction\",\"target\":{\"@type\":\"EntryPoint\",\"urlTemplate\":\"https:\/\/inzain.bike\/fr_be\/?s={search_term_string}\"},\"query-input\":{\"@type\":\"PropertyValueSpecification\",\"valueRequired\":true,\"valueName\":\"search_term_string\"}}],\"inLanguage\":\"nl-BE\"},{\"@type\":\"Organization\",\"@id\":\"https:\/\/inzain.bike\/fr_be\/#organization\",\"name\":\"INZAIN Cycling EXPERIENCES\",\"url\":\"https:\/\/inzain.bike\/fr_be\/\",\"logo\":{\"@type\":\"ImageObject\",\"inLanguage\":\"nl-BE\",\"@id\":\"https:\/\/inzain.bike\/fr_be\/#\/schema\/logo\/image\/\",\"url\":\"https:\/\/i0.wp.com\/inzain.bike\/wp-content\/uploads\/2023\/09\/cropped-INZAIN_512x512_white.png?fit=512%2C512&ssl=1\",\"contentUrl\":\"https:\/\/i0.wp.com\/inzain.bike\/wp-content\/uploads\/2023\/09\/cropped-INZAIN_512x512_white.png?fit=512%2C512&ssl=1\",\"width\":512,\"height\":512,\"caption\":\"INZAIN Cycling EXPERIENCES\"},\"image\":{\"@id\":\"https:\/\/inzain.bike\/fr_be\/#\/schema\/logo\/image\/\"},\"sameAs\":[\"https:\/\/www.facebook.com\/Inzain.bike\",\"https:\/\/www.instagram.com\/inzainbike\"]}]}<\/script>\n<!-- \/ Yoast SEO plugin. -->","yoast_head_json":{"title":"Champagne Cycling - INZAIN Cycling ERVARINGEN","robots":{"index":"index","follow":"follow","max-snippet":"max-snippet:-1","max-image-preview":"max-image-preview:large","max-video-preview":"max-video-preview:-1"},"canonical":"https:\/\/inzain.bike\/nl_be\/cha24-cykling\/","og_locale":"nl_BE","og_type":"article","og_title":"Champagne Cykling - INZAIN Cycling EXPERIENCES","og_description":"Champagne har m\u00e5nga fina v\u00e4gar b\u00e5de p\u00e5 grus och asfalt. Vi har varit d\u00e4r och rekat ut de b\u00e4sta v\u00e4garna. Niv\u00e5n p\u00e5 cyklingen \u00e4r s\u00e5dan att alla klarar det. Turerna p\u00e5 denna resa \u00e4r lite kortare och lite sn\u00e4llare \u00e4n p\u00e5 andra orter, men det kommer finnas utmaningar ocks\u00e5. Vi stannar och \u00e4ter lunch p\u00e5 [&hellip;]","og_url":"https:\/\/inzain.bike\/nl_be\/cha24-cykling\/","og_site_name":"INZAIN Cycling EXPERIENCES","article_publisher":"https:\/\/www.facebook.com\/Inzain.bike","article_modified_time":"2023-11-21T18:51:29+00:00","og_image":[{"url":"https:\/\/inzain.bike\/wp-content\/uploads\/2023\/11\/champagne_pic_808-1.png","type":"","width":"","height":""}],"twitter_card":"summary_large_image","twitter_misc":{"Geschatte leestijd":"2 minuten"},"schema":{"@context":"https:\/\/schema.org","@graph":[{"@type":"WebPage","@id":"https:\/\/inzain.bike\/nl_be\/cha24-cykling\/","url":"https:\/\/inzain.bike\/nl_be\/cha24-cykling\/","name":"Champagne Cycling - INZAIN Cycling ERVARINGEN","isPartOf":{"@id":"https:\/\/inzain.bike\/fr_be\/#website"},"primaryImageOfPage":{"@id":"https:\/\/inzain.bike\/nl_be\/cha24-cykling\/#primaryimage"},"image":{"@id":"https:\/\/inzain.bike\/nl_be\/cha24-cykling\/#primaryimage"},"thumbnailUrl":"https:\/\/inzain.bike\/wp-content\/uploads\/2023\/11\/champagne_pic_808-1.png","datePublished":"2023-11-11T16:38:00+00:00","dateModified":"2023-11-21T18:51:29+00:00","breadcrumb":{"@id":"https:\/\/inzain.bike\/nl_be\/cha24-cykling\/#breadcrumb"},"inLanguage":"nl-BE","potentialAction":[{"@type":"ReadAction","target":["https:\/\/inzain.bike\/nl_be\/cha24-cykling\/"]}]},{"@type":"ImageObject","inLanguage":"nl-BE","@id":"https:\/\/inzain.bike\/nl_be\/cha24-cykling\/#primaryimage","url":"https:\/\/inzain.bike\/wp-content\/uploads\/2023\/11\/champagne_pic_808-1.png","contentUrl":"https:\/\/inzain.bike\/wp-content\/uploads\/2023\/11\/champagne_pic_808-1.png"},{"@type":"BreadcrumbList","@id":"https:\/\/inzain.bike\/nl_be\/cha24-cykling\/#breadcrumb","itemListElement":[{"@type":"ListItem","position":1,"name":"Hem","item":"https:\/\/inzain.bike\/fr_be\/"},{"@type":"ListItem","position":2,"name":"Champagne Cykling"}]},{"@type":"WebSite","@id":"https:\/\/inzain.bike\/fr_be\/#website","url":"https:\/\/inzain.bike\/fr_be\/","name":"INZAIN fietservaringen","description":"Fietsavonturen - voor iedereen","publisher":{"@id":"https:\/\/inzain.bike\/fr_be\/#organization"},"alternateName":"INZAIN Gravel & Travel","potentialAction":[{"@type":"SearchAction","target":{"@type":"EntryPoint","urlTemplate":"https:\/\/inzain.bike\/fr_be\/?s={search_term_string}"},"query-input":{"@type":"PropertyValueSpecification","valueRequired":true,"valueName":"search_term_string"}}],"inLanguage":"nl-BE"},{"@type":"Organization","@id":"https:\/\/inzain.bike\/fr_be\/#organization","name":"INZAIN fietservaringen","url":"https:\/\/inzain.bike\/fr_be\/","logo":{"@type":"ImageObject","inLanguage":"nl-BE","@id":"https:\/\/inzain.bike\/fr_be\/#\/schema\/logo\/image\/","url":"https:\/\/i0.wp.com\/inzain.bike\/wp-content\/uploads\/2023\/09\/cropped-INZAIN_512x512_white.png?fit=512%2C512&ssl=1","contentUrl":"https:\/\/i0.wp.com\/inzain.bike\/wp-content\/uploads\/2023\/09\/cropped-INZAIN_512x512_white.png?fit=512%2C512&ssl=1","width":512,"height":512,"caption":"INZAIN Cycling EXPERIENCES"},"image":{"@id":"https:\/\/inzain.bike\/fr_be\/#\/schema\/logo\/image\/"},"sameAs":["https:\/\/www.facebook.com\/Inzain.bike","https:\/\/www.instagram.com\/inzainbike"]}]}},"amp_enabled":true,"_links":{"self":[{"href":"https:\/\/inzain.bike\/nl_be\/wp-json\/wp\/v2\/pages\/5044","targetHints":{"allow":["GET"]}}],"collection":[{"href":"https:\/\/inzain.bike\/nl_be\/wp-json\/wp\/v2\/pages"}],"about":[{"href":"https:\/\/inzain.bike\/nl_be\/wp-json\/wp\/v2\/types\/page"}],"author":[{"embeddable":true,"href":"https:\/\/inzain.bike\/nl_be\/wp-json\/wp\/v2\/users\/135133094"}],"replies":[{"embeddable":true,"href":"https:\/\/inzain.bike\/nl_be\/wp-json\/wp\/v2\/comments?post=5044"}],"version-history":[{"count":0,"href":"https:\/\/inzain.bike\/nl_be\/wp-json\/wp\/v2\/pages\/5044\/revisions"}],"wp:attachment":[{"href":"https:\/\/inzain.bike\/nl_be\/wp-json\/wp\/v2\/media?parent=5044"}],"curies":[{"name":"wp","href":"https:\/\/api.w.org\/{rel}","templated":true}]}}