{"id":5232,"date":"2023-11-15T15:38:13","date_gmt":"2023-11-15T14:38:13","guid":{"rendered":"https:\/\/inzain.bike\/?page_id=5232"},"modified":"2023-11-15T15:53:37","modified_gmt":"2023-11-15T14:53:37","slug":"om-aland","status":"publish","type":"page","link":"https:\/\/inzain.bike\/nl_be\/om-aland\/","title":{"rendered":"Over \u00c5land"},"content":{"rendered":"<div class=\"wp-block-columns alignwide is-layout-flex wp-container-core-columns-is-layout-28f84493 wp-block-columns-is-layout-flex\">\n<div class=\"wp-block-column is-layout-flow wp-block-column-is-layout-flow\">\n<figure class=\"wp-block-image size-full\"><img loading=\"lazy\" decoding=\"async\" width=\"640\" height=\"425\" src=\"https:\/\/inzain.bike\/wp-content\/uploads\/2023\/11\/Aland.jpg\" alt=\"\" class=\"wp-image-5230\" srcset=\"https:\/\/inzain.bike\/wp-content\/uploads\/2023\/11\/Aland.jpg 640w, https:\/\/inzain.bike\/wp-content\/uploads\/2023\/11\/Aland-300x199.jpg 300w, https:\/\/inzain.bike\/wp-content\/uploads\/2023\/11\/Aland-18x12.jpg 18w, https:\/\/inzain.bike\/wp-content\/uploads\/2023\/11\/Aland-600x398.jpg 600w\" sizes=\"auto, (max-width: 640px) 100vw, 640px\" \/><\/figure>\n\n\n\n<p>Op \u00c5land vind je de mooiste archipel ter wereld en veel ongerepte natuur. Hier kunt u genieten van een leven waar de eilandtijd regeert. De nabijheid van alles betekent dat u meer tijd voor het leven krijgt. Je hebt 10 minuten tot de carri\u00e8re. 10 minuten naar de kleuterschool en school. 10 minuten naar vrije tijd en activiteiten.<\/p>\n\n\n\n<h2 class=\"wp-block-heading\">Midden in de Scandinavische landen<\/h2>\n\n\n\n<p>\u00c5land behoort tot Finland, maar de nabijheid van Zweden is duidelijk zichtbaar in cultuur en gewoonten. Klassieke Scandinavische gerechten zoals gehaktballen voelen net zo \u00c5land aan als Zweeds. De \u00c5landers spreken ook Zweeds en kijken graag naar Zweedse tv.<\/p>\n\n\n\n<h2 class=\"wp-block-heading\">Archipel, platteland en veel zon<\/h2>\n\n\n\n<p>De omgeving is gevarieerd, van de ruige kliffen van de buitenste archipel tot bossen en vruchtbare landbouwlandschappen op het stevige \u00c5land.<\/p>\n\n\n\n<p>Het klimaat is een typisch zeeklimaat met relatief milde winters, koele lentes, normale zomers en iets warmere herfst. Het eiland heeft tijdens het zomerhalfjaar de meeste zonne-uren van de Scandinavische landen.<\/p>\n\n\n\n<h2 class=\"wp-block-heading\">Wegennetwerk met rode wegen, bruggen en autoveerboten<\/h2>\n\n\n\n<p>De landwegen zijn rood, de kleur komt van het rode rotsgraniet. Er zijn hier geen treinen of metro&#039;s, maar waar de wegen eindigen, kunt u de reis per autoveer voortzetten naar de eilanden in de archipel.<\/p>\n\n\n\n<p>De geschiedenis van \u00c5land begon toen met het landoppervlak dat zich nu vormt&nbsp;<a href=\"https:\/\/sv.wikipedia.org\/wiki\/%C3%85land\">Een land<\/a>&nbsp;bevolkt rond 4200 voor Christus \u00c5land werd in het begin van de 11e eeuw gekerstend. \u00c5land maakte deel uit van&nbsp;<a href=\"https:\/\/sv.wikipedia.org\/wiki\/Sverige\">Zweden<\/a>tot 1809 dan&nbsp;<a href=\"https:\/\/sv.wikipedia.org\/wiki\/Finland\">Finland<\/a>&nbsp;inclusief \u00c5land i&nbsp;<a href=\"https:\/\/sv.wikipedia.org\/wiki\/Freden_i_Fredrikshamn\">Vrede in Fredrikshamn<\/a>&nbsp;viel op Rusland. <\/p>\n\n\n\n<p>Tijdens de Russische periode, 1809\u20131917, werd gebouwd&nbsp;<a href=\"https:\/\/sv.wikipedia.org\/wiki\/Bomarsunds_f%C3%A4stning\">Het fort van Bomarsund<\/a>&nbsp;En&nbsp;<a href=\"https:\/\/sv.wikipedia.org\/wiki\/Mariehamn\">Mariehamn<\/a>&nbsp;is gesticht. Na&nbsp;<a href=\"https:\/\/sv.wikipedia.org\/wiki\/Finlands_sj%C3%A4lvst%C3%A4ndighet\">Finland riep de onafhankelijkheid uit<\/a>&nbsp;wilde dat de \u00c5landers herenigd zouden worden met Zweden. In plaats daarvan kreeg \u00c5land&nbsp;<a href=\"https:\/\/sv.wikipedia.org\/wiki\/%C3%85lands_sj%C3%A4lvstyrelse\">autonomie<\/a>&nbsp;1922 na tussenkomst van de Volkenbond. Het zelfbesturende landschap heeft van 1922 tot vandaag een uitgebreide autonomie gekregen.<\/p>\n<\/div>\n<\/div>","protected":false},"excerpt":{"rendered":"<p>P\u00e5 \u00c5land hittar du v\u00e4rldens vackraste sk\u00e4rg\u00e5rd och m\u00e4ngder av or\u00f6rd natur. H\u00e4r kan du njuta av ett liv d\u00e4r \u00f6-tiden styr. N\u00e4rheten till allt betyder att du f\u00e5r mer tid till livet. Du har 10 minuter till karri\u00e4ren. 10 minuter till dagis och skola. 10 minuter till fritid och aktiviteter. Mitt i Norden \u00c5land [&hellip;]<\/p>\n","protected":false},"author":135133094,"featured_media":0,"parent":0,"menu_order":0,"comment_status":"closed","ping_status":"closed","template":"","meta":{"_coblocks_attr":"","_coblocks_dimensions":"","_coblocks_responsive_height":"","_coblocks_accordion_ie_support":"","footnotes":""},"class_list":["post-5232","page","type-page","status-publish","hentry"],"yoast_head":"<!-- This site is optimized with the Yoast SEO plugin v27.2 - https:\/\/yoast.com\/product\/yoast-seo-wordpress\/ -->\n<title>Om \u00c5land - INZAIN Cycling EXPERIENCES<\/title>\n<meta name=\"robots\" content=\"index, follow, max-snippet:-1, max-image-preview:large, max-video-preview:-1\" \/>\n<link rel=\"canonical\" href=\"https:\/\/inzain.bike\/nl_be\/om-aland\/\" \/>\n<meta property=\"og:locale\" content=\"nl_BE\" \/>\n<meta property=\"og:type\" content=\"article\" \/>\n<meta property=\"og:title\" content=\"Om \u00c5land - INZAIN Cycling EXPERIENCES\" \/>\n<meta property=\"og:description\" content=\"P\u00e5 \u00c5land hittar du v\u00e4rldens vackraste sk\u00e4rg\u00e5rd och m\u00e4ngder av or\u00f6rd natur. H\u00e4r kan du njuta av ett liv d\u00e4r \u00f6-tiden styr. N\u00e4rheten till allt betyder att du f\u00e5r mer tid till livet. Du har 10 minuter till karri\u00e4ren. 10 minuter till dagis och skola. 10 minuter till fritid och aktiviteter. Mitt i Norden \u00c5land [&hellip;]\" \/>\n<meta property=\"og:url\" content=\"https:\/\/inzain.bike\/nl_be\/om-aland\/\" \/>\n<meta property=\"og:site_name\" content=\"INZAIN Cycling EXPERIENCES\" \/>\n<meta property=\"article:publisher\" content=\"https:\/\/www.facebook.com\/Inzain.bike\" \/>\n<meta property=\"article:modified_time\" content=\"2023-11-15T14:53:37+00:00\" \/>\n<meta property=\"og:image\" content=\"https:\/\/inzain.bike\/wp-content\/uploads\/2023\/11\/Aland.jpg\" \/>\n<meta name=\"twitter:card\" content=\"summary_large_image\" \/>\n<meta name=\"twitter:label1\" content=\"Geschatte leestijd\" \/>\n\t<meta name=\"twitter:data1\" content=\"2 minuten\" \/>\n<script type=\"application\/ld+json\" class=\"yoast-schema-graph\">{\"@context\":\"https:\/\/schema.org\",\"@graph\":[{\"@type\":\"WebPage\",\"@id\":\"https:\/\/inzain.bike\/en_gb\/om-aland\/\",\"url\":\"https:\/\/inzain.bike\/en_gb\/om-aland\/\",\"name\":\"Om \u00c5land - INZAIN Cycling EXPERIENCES\",\"isPartOf\":{\"@id\":\"https:\/\/inzain.bike\/fr_be\/#website\"},\"primaryImageOfPage\":{\"@id\":\"https:\/\/inzain.bike\/en_gb\/om-aland\/#primaryimage\"},\"image\":{\"@id\":\"https:\/\/inzain.bike\/en_gb\/om-aland\/#primaryimage\"},\"thumbnailUrl\":\"https:\/\/inzain.bike\/wp-content\/uploads\/2023\/11\/Aland.jpg\",\"datePublished\":\"2023-11-15T14:38:13+00:00\",\"dateModified\":\"2023-11-15T14:53:37+00:00\",\"breadcrumb\":{\"@id\":\"https:\/\/inzain.bike\/en_gb\/om-aland\/#breadcrumb\"},\"inLanguage\":\"nl-BE\",\"potentialAction\":[{\"@type\":\"ReadAction\",\"target\":[\"https:\/\/inzain.bike\/en_gb\/om-aland\/\"]}]},{\"@type\":\"ImageObject\",\"inLanguage\":\"nl-BE\",\"@id\":\"https:\/\/inzain.bike\/en_gb\/om-aland\/#primaryimage\",\"url\":\"https:\/\/inzain.bike\/wp-content\/uploads\/2023\/11\/Aland.jpg\",\"contentUrl\":\"https:\/\/inzain.bike\/wp-content\/uploads\/2023\/11\/Aland.jpg\"},{\"@type\":\"BreadcrumbList\",\"@id\":\"https:\/\/inzain.bike\/en_gb\/om-aland\/#breadcrumb\",\"itemListElement\":[{\"@type\":\"ListItem\",\"position\":1,\"name\":\"Hem\",\"item\":\"https:\/\/inzain.bike\/fr_be\/\"},{\"@type\":\"ListItem\",\"position\":2,\"name\":\"Om \u00c5land\"}]},{\"@type\":\"WebSite\",\"@id\":\"https:\/\/inzain.bike\/fr_be\/#website\",\"url\":\"https:\/\/inzain.bike\/fr_be\/\",\"name\":\"INZAIN Cycling EXPERIENCES\",\"description\":\"Cyckling Adventures  - for everyone\",\"publisher\":{\"@id\":\"https:\/\/inzain.bike\/fr_be\/#organization\"},\"alternateName\":\"INZAIN Gravel & Travel\",\"potentialAction\":[{\"@type\":\"SearchAction\",\"target\":{\"@type\":\"EntryPoint\",\"urlTemplate\":\"https:\/\/inzain.bike\/fr_be\/?s={search_term_string}\"},\"query-input\":{\"@type\":\"PropertyValueSpecification\",\"valueRequired\":true,\"valueName\":\"search_term_string\"}}],\"inLanguage\":\"nl-BE\"},{\"@type\":\"Organization\",\"@id\":\"https:\/\/inzain.bike\/fr_be\/#organization\",\"name\":\"INZAIN Cycling EXPERIENCES\",\"url\":\"https:\/\/inzain.bike\/fr_be\/\",\"logo\":{\"@type\":\"ImageObject\",\"inLanguage\":\"nl-BE\",\"@id\":\"https:\/\/inzain.bike\/fr_be\/#\/schema\/logo\/image\/\",\"url\":\"https:\/\/i0.wp.com\/inzain.bike\/wp-content\/uploads\/2023\/09\/cropped-INZAIN_512x512_white.png?fit=512%2C512&ssl=1\",\"contentUrl\":\"https:\/\/i0.wp.com\/inzain.bike\/wp-content\/uploads\/2023\/09\/cropped-INZAIN_512x512_white.png?fit=512%2C512&ssl=1\",\"width\":512,\"height\":512,\"caption\":\"INZAIN Cycling EXPERIENCES\"},\"image\":{\"@id\":\"https:\/\/inzain.bike\/fr_be\/#\/schema\/logo\/image\/\"},\"sameAs\":[\"https:\/\/www.facebook.com\/Inzain.bike\",\"https:\/\/www.instagram.com\/inzainbike\"]}]}<\/script>\n<!-- \/ Yoast SEO plugin. -->","yoast_head_json":{"title":"Over \u00c5land - INZAIN Fietservaringen","robots":{"index":"index","follow":"follow","max-snippet":"max-snippet:-1","max-image-preview":"max-image-preview:large","max-video-preview":"max-video-preview:-1"},"canonical":"https:\/\/inzain.bike\/nl_be\/om-aland\/","og_locale":"nl_BE","og_type":"article","og_title":"Om \u00c5land - INZAIN Cycling EXPERIENCES","og_description":"P\u00e5 \u00c5land hittar du v\u00e4rldens vackraste sk\u00e4rg\u00e5rd och m\u00e4ngder av or\u00f6rd natur. H\u00e4r kan du njuta av ett liv d\u00e4r \u00f6-tiden styr. N\u00e4rheten till allt betyder att du f\u00e5r mer tid till livet. Du har 10 minuter till karri\u00e4ren. 10 minuter till dagis och skola. 10 minuter till fritid och aktiviteter. Mitt i Norden \u00c5land [&hellip;]","og_url":"https:\/\/inzain.bike\/nl_be\/om-aland\/","og_site_name":"INZAIN Cycling EXPERIENCES","article_publisher":"https:\/\/www.facebook.com\/Inzain.bike","article_modified_time":"2023-11-15T14:53:37+00:00","og_image":[{"url":"https:\/\/inzain.bike\/wp-content\/uploads\/2023\/11\/Aland.jpg","type":"","width":"","height":""}],"twitter_card":"summary_large_image","twitter_misc":{"Geschatte leestijd":"2 minuten"},"schema":{"@context":"https:\/\/schema.org","@graph":[{"@type":"WebPage","@id":"https:\/\/inzain.bike\/en_gb\/om-aland\/","url":"https:\/\/inzain.bike\/en_gb\/om-aland\/","name":"Over \u00c5land - INZAIN Fietservaringen","isPartOf":{"@id":"https:\/\/inzain.bike\/fr_be\/#website"},"primaryImageOfPage":{"@id":"https:\/\/inzain.bike\/en_gb\/om-aland\/#primaryimage"},"image":{"@id":"https:\/\/inzain.bike\/en_gb\/om-aland\/#primaryimage"},"thumbnailUrl":"https:\/\/inzain.bike\/wp-content\/uploads\/2023\/11\/Aland.jpg","datePublished":"2023-11-15T14:38:13+00:00","dateModified":"2023-11-15T14:53:37+00:00","breadcrumb":{"@id":"https:\/\/inzain.bike\/en_gb\/om-aland\/#breadcrumb"},"inLanguage":"nl-BE","potentialAction":[{"@type":"ReadAction","target":["https:\/\/inzain.bike\/en_gb\/om-aland\/"]}]},{"@type":"ImageObject","inLanguage":"nl-BE","@id":"https:\/\/inzain.bike\/en_gb\/om-aland\/#primaryimage","url":"https:\/\/inzain.bike\/wp-content\/uploads\/2023\/11\/Aland.jpg","contentUrl":"https:\/\/inzain.bike\/wp-content\/uploads\/2023\/11\/Aland.jpg"},{"@type":"BreadcrumbList","@id":"https:\/\/inzain.bike\/en_gb\/om-aland\/#breadcrumb","itemListElement":[{"@type":"ListItem","position":1,"name":"Hem","item":"https:\/\/inzain.bike\/fr_be\/"},{"@type":"ListItem","position":2,"name":"Om \u00c5land"}]},{"@type":"WebSite","@id":"https:\/\/inzain.bike\/fr_be\/#website","url":"https:\/\/inzain.bike\/fr_be\/","name":"INZAIN fietservaringen","description":"Fietsavonturen - voor iedereen","publisher":{"@id":"https:\/\/inzain.bike\/fr_be\/#organization"},"alternateName":"INZAIN Gravel & Travel","potentialAction":[{"@type":"SearchAction","target":{"@type":"EntryPoint","urlTemplate":"https:\/\/inzain.bike\/fr_be\/?s={search_term_string}"},"query-input":{"@type":"PropertyValueSpecification","valueRequired":true,"valueName":"search_term_string"}}],"inLanguage":"nl-BE"},{"@type":"Organization","@id":"https:\/\/inzain.bike\/fr_be\/#organization","name":"INZAIN fietservaringen","url":"https:\/\/inzain.bike\/fr_be\/","logo":{"@type":"ImageObject","inLanguage":"nl-BE","@id":"https:\/\/inzain.bike\/fr_be\/#\/schema\/logo\/image\/","url":"https:\/\/i0.wp.com\/inzain.bike\/wp-content\/uploads\/2023\/09\/cropped-INZAIN_512x512_white.png?fit=512%2C512&ssl=1","contentUrl":"https:\/\/i0.wp.com\/inzain.bike\/wp-content\/uploads\/2023\/09\/cropped-INZAIN_512x512_white.png?fit=512%2C512&ssl=1","width":512,"height":512,"caption":"INZAIN Cycling EXPERIENCES"},"image":{"@id":"https:\/\/inzain.bike\/fr_be\/#\/schema\/logo\/image\/"},"sameAs":["https:\/\/www.facebook.com\/Inzain.bike","https:\/\/www.instagram.com\/inzainbike"]}]}},"amp_enabled":true,"_links":{"self":[{"href":"https:\/\/inzain.bike\/nl_be\/wp-json\/wp\/v2\/pages\/5232","targetHints":{"allow":["GET"]}}],"collection":[{"href":"https:\/\/inzain.bike\/nl_be\/wp-json\/wp\/v2\/pages"}],"about":[{"href":"https:\/\/inzain.bike\/nl_be\/wp-json\/wp\/v2\/types\/page"}],"author":[{"embeddable":true,"href":"https:\/\/inzain.bike\/nl_be\/wp-json\/wp\/v2\/users\/135133094"}],"replies":[{"embeddable":true,"href":"https:\/\/inzain.bike\/nl_be\/wp-json\/wp\/v2\/comments?post=5232"}],"version-history":[{"count":0,"href":"https:\/\/inzain.bike\/nl_be\/wp-json\/wp\/v2\/pages\/5232\/revisions"}],"wp:attachment":[{"href":"https:\/\/inzain.bike\/nl_be\/wp-json\/wp\/v2\/media?parent=5232"}],"curies":[{"name":"wp","href":"https:\/\/api.w.org\/{rel}","templated":true}]}}