{"id":5442,"date":"2023-11-17T12:29:52","date_gmt":"2023-11-17T11:29:52","guid":{"rendered":"https:\/\/inzain.bike\/?page_id=5442"},"modified":"2024-12-07T12:48:18","modified_gmt":"2024-12-07T11:48:18","slug":"mal25_mallorca","status":"publish","type":"page","link":"https:\/\/inzain.bike\/nl_be\/mal25_mallorca\/","title":{"rendered":"Over Mallorca"},"content":{"rendered":"<div class=\"wp-block-columns alignwide is-layout-flex wp-container-core-columns-is-layout-28f84493 wp-block-columns-is-layout-flex\">\n<div class=\"wp-block-column is-layout-flow wp-block-column-is-layout-flow\">\n<p><strong>Mallorca heeft een zeer gevarieerd landschap, met hoge bergtoppen, grote vlaktes en lange stranden<\/strong>. In het Tramuntana-gebergte (Sierra de Tramuntana) ligt de hoogste top van het eiland, Puig Major, 1.436 m boven zeeniveau. <\/p>\n\n\n\n<p>Het eiland heeft alles wat je maar kunt wensen! Zon, strand, excursies, golfbanen, wandel- en fietspaden, uitgaansleven, cultuur, shoppen, etc. <\/p>\n\n\n\n<p>Het is het grootste van de eilanden in de Balearengroep, gelegen in het westelijke deel van de Middellandse Zee en behoort tot Spanje. De andere eilanden in de groep zijn Menorca, Ibiza en Formentera. Mallorca is iets groter dan Gotland en meet ongeveer 16 x 13 kilometer.<\/p>\n\n\n\n<p>Het merendeel van de bevolking van het eiland, ongeveer 70 %, leeft van het toerisme, ongeveer 20 % van de landbouw en de rest van de industrie, die zich vooral bezighoudt met glas, keramiek en meubilair.<\/p>\n\n\n\n<p>Mallorca is een van de populairste reisbestemmingen van Europa en elk jaar zijn er meer dan 10 keer zoveel toeristen als permanente inwoners op het eiland. De bezoekers komen van over de hele wereld, maar uiteraard vooral uit Europa. De grote groepen toeristen komen zowel uit Duitsland, Engeland en Scandinavi\u00eb als van het vasteland, vanwaar ook veel Spanjaarden graag Mallorca bezoeken.<\/p>\n\n\n\n<p><br><\/p>\n\n\n\n<div class=\"wp-block-jetpack-tiled-gallery aligncenter is-style-rectangular\"><div class=\"tiled-gallery__gallery\"><div class=\"tiled-gallery__row\"><div class=\"tiled-gallery__col\" style=\"flex-basis:44.53880%\"><figure class=\"tiled-gallery__item\"><img decoding=\"async\" alt=\"\" data-height=\"933\" data-id=\"5446\" data-link=\"https:\/\/inzain.bike\/mal24_mallorca\/mallorca_en-us\/\" data-url=\"https:\/\/inzain.bike\/wp-content\/uploads\/2023\/11\/mallorca_en-US-1024x682.png\" data-width=\"1400\" src=\"https:\/\/i2.wp.com\/inzain.bike\/wp-content\/uploads\/2023\/11\/mallorca_en-US-1024x682.png?ssl=1\" data-amp-layout=\"responsive\"\/><\/figure><figure class=\"tiled-gallery__item\"><img decoding=\"async\" alt=\"\" data-height=\"630\" data-id=\"5447\" data-link=\"https:\/\/inzain.bike\/mal24_mallorca\/mallorca-unsplash\/\" data-url=\"https:\/\/inzain.bike\/wp-content\/uploads\/2023\/11\/mallorca-unsplash-1024x538.jpg\" data-width=\"1200\" src=\"https:\/\/i2.wp.com\/inzain.bike\/wp-content\/uploads\/2023\/11\/mallorca-unsplash-1024x538.jpg?ssl=1\" data-amp-layout=\"responsive\"\/><\/figure><figure class=\"tiled-gallery__item\"><img decoding=\"async\" alt=\"\" data-height=\"183\" data-id=\"5448\" data-link=\"https:\/\/inzain.bike\/mal24_mallorca\/nedladdning-2\/\" data-url=\"https:\/\/inzain.bike\/wp-content\/uploads\/2023\/11\/nedladdning.jpg\" data-width=\"275\" src=\"https:\/\/i1.wp.com\/inzain.bike\/wp-content\/uploads\/2023\/11\/nedladdning.jpg?ssl=1\" data-amp-layout=\"responsive\"\/><\/figure><\/div><div class=\"tiled-gallery__col\" style=\"flex-basis:55.46120%\"><figure class=\"tiled-gallery__item\"><img decoding=\"async\" alt=\"\" data-height=\"5752\" data-id=\"5449\" data-link=\"https:\/\/inzain.bike\/mal24_mallorca\/pexels-ira-11741465\/\" data-url=\"https:\/\/inzain.bike\/wp-content\/uploads\/2023\/11\/pexels-ira-11741465-683x1024.jpg\" data-width=\"3835\" src=\"https:\/\/i0.wp.com\/inzain.bike\/wp-content\/uploads\/2023\/11\/pexels-ira-11741465-683x1024.jpg?ssl=1\" data-amp-layout=\"responsive\"\/><\/figure><\/div><\/div><div class=\"tiled-gallery__row\"><div class=\"tiled-gallery__col\" style=\"flex-basis:64.97033%\"><figure class=\"tiled-gallery__item\"><img decoding=\"async\" alt=\"\" data-height=\"2374\" data-id=\"5451\" data-link=\"https:\/\/inzain.bike\/mal24_mallorca\/pexels-mali-maeder-42093\/\" data-url=\"https:\/\/inzain.bike\/wp-content\/uploads\/2023\/11\/pexels-mali-maeder-42093-1024x680.jpg\" data-width=\"3574\" src=\"https:\/\/i2.wp.com\/inzain.bike\/wp-content\/uploads\/2023\/11\/pexels-mali-maeder-42093-1024x680.jpg?ssl=1\" data-amp-layout=\"responsive\"\/><\/figure><\/div><div class=\"tiled-gallery__col\" style=\"flex-basis:35.02967%\"><figure class=\"tiled-gallery__item\"><img decoding=\"async\" alt=\"\" data-height=\"168\" data-id=\"5452\" data-link=\"https:\/\/inzain.bike\/mal24_mallorca\/sacalobra-2\/\" data-url=\"https:\/\/inzain.bike\/wp-content\/uploads\/2023\/11\/sacalobra.jpg\" data-width=\"300\" src=\"https:\/\/i2.wp.com\/inzain.bike\/wp-content\/uploads\/2023\/11\/sacalobra.jpg?ssl=1\" data-amp-layout=\"responsive\"\/><\/figure><figure class=\"tiled-gallery__item\"><img decoding=\"async\" alt=\"\" data-height=\"500\" data-id=\"5453\" data-link=\"https:\/\/inzain.bike\/mal24_mallorca\/small_climb2706pic9126-2\/\" data-url=\"https:\/\/inzain.bike\/wp-content\/uploads\/2023\/11\/small_climb2706pic9126.jpeg\" data-width=\"749\" src=\"https:\/\/i2.wp.com\/inzain.bike\/wp-content\/uploads\/2023\/11\/small_climb2706pic9126.jpeg?ssl=1\" data-amp-layout=\"responsive\"\/><\/figure><\/div><\/div><div class=\"tiled-gallery__row\"><div class=\"tiled-gallery__col\" style=\"flex-basis:100.00000%\"><figure class=\"tiled-gallery__item\"><img decoding=\"async\" alt=\"\" data-height=\"600\" data-id=\"5454\" data-link=\"https:\/\/inzain.bike\/mal24_mallorca\/vandreferie-paa-mallorca\/\" data-url=\"https:\/\/inzain.bike\/wp-content\/uploads\/2023\/11\/vandreferie-paa-mallorca-1024x576.jpg\" data-width=\"1067\" src=\"https:\/\/i1.wp.com\/inzain.bike\/wp-content\/uploads\/2023\/11\/vandreferie-paa-mallorca-1024x576.jpg?ssl=1\" data-amp-layout=\"responsive\"\/><\/figure><\/div><\/div><\/div><\/div>\n\n\n\n<p>Naast fietsen is er veel te ontdekken. Een uitstapje naar Palma, een levendige stad met een fantastische promenade, ideaal voor rustig fietsen in een caf\u00e9.<br>MA-10, een weg die rond de bergen slingert, is iets dat u niet mag missen. Huur een auto en verken deze op een zonnige dag.<\/p>\n\n\n\n<p>Vraag onze gidsen of je iets bijzonders wilt meemaken en wij proberen het zo goed mogelijk te regelen.<\/p>\n<\/div>\n<\/div>","protected":false},"excerpt":{"rendered":"<p>Mallorca har ett mycket varierande landskap, med h\u00f6ga bergstoppar, stora sl\u00e4tter och l\u00e5nga str\u00e4nder. I Tramuntanabergen (Sierra de Tramuntana) ligger \u00f6ns h\u00f6gsta bergstopp Puig Major, 1 436 m \u00f6 h. \u00d6n har allt man kan \u00f6nska sig! Sol, str\u00e4nder, utflykter, golfbanor, vandrings- och cykelleder, nattliv, kultur, shopping, m.m. Den \u00e4r den st\u00f6rsta av \u00f6arna i [&hellip;]<\/p>\n","protected":false},"author":135133094,"featured_media":0,"parent":0,"menu_order":0,"comment_status":"closed","ping_status":"closed","template":"","meta":{"_coblocks_attr":"","_coblocks_dimensions":"","_coblocks_responsive_height":"","_coblocks_accordion_ie_support":"","footnotes":""},"class_list":["post-5442","page","type-page","status-publish","hentry"],"yoast_head":"<!-- This site is optimized with the Yoast SEO plugin v27.2 - https:\/\/yoast.com\/product\/yoast-seo-wordpress\/ -->\n<title>Om Mallorca - INZAIN Cycling EXPERIENCES<\/title>\n<meta name=\"robots\" content=\"index, follow, max-snippet:-1, max-image-preview:large, max-video-preview:-1\" \/>\n<link rel=\"canonical\" href=\"https:\/\/inzain.bike\/nl_be\/mal25_mallorca\/\" \/>\n<meta property=\"og:locale\" content=\"nl_BE\" \/>\n<meta property=\"og:type\" content=\"article\" \/>\n<meta property=\"og:title\" content=\"Om Mallorca - INZAIN Cycling EXPERIENCES\" \/>\n<meta property=\"og:description\" content=\"Mallorca har ett mycket varierande landskap, med h\u00f6ga bergstoppar, stora sl\u00e4tter och l\u00e5nga str\u00e4nder. I Tramuntanabergen (Sierra de Tramuntana) ligger \u00f6ns h\u00f6gsta bergstopp Puig Major, 1 436 m \u00f6 h. \u00d6n har allt man kan \u00f6nska sig! Sol, str\u00e4nder, utflykter, golfbanor, vandrings- och cykelleder, nattliv, kultur, shopping, m.m. Den \u00e4r den st\u00f6rsta av \u00f6arna i [&hellip;]\" \/>\n<meta property=\"og:url\" content=\"https:\/\/inzain.bike\/nl_be\/mal25_mallorca\/\" \/>\n<meta property=\"og:site_name\" content=\"INZAIN Cycling EXPERIENCES\" \/>\n<meta property=\"article:publisher\" content=\"https:\/\/www.facebook.com\/Inzain.bike\" \/>\n<meta property=\"article:modified_time\" content=\"2024-12-07T11:48:18+00:00\" \/>\n<meta property=\"og:image\" content=\"https:\/\/i2.wp.com\/inzain.bike\/wp-content\/uploads\/2023\/11\/mallorca_en-US-1024x682.png?ssl=1\" \/>\n<meta name=\"twitter:card\" content=\"summary_large_image\" \/>\n<meta name=\"twitter:label1\" content=\"Geschatte leestijd\" \/>\n\t<meta name=\"twitter:data1\" content=\"3 minuten\" \/>\n<script type=\"application\/ld+json\" class=\"yoast-schema-graph\">{\"@context\":\"https:\/\/schema.org\",\"@graph\":[{\"@type\":\"WebPage\",\"@id\":\"https:\/\/inzain.bike\/en\/mal25_mallorca\/\",\"url\":\"https:\/\/inzain.bike\/en\/mal25_mallorca\/\",\"name\":\"Om Mallorca - INZAIN Cycling EXPERIENCES\",\"isPartOf\":{\"@id\":\"https:\/\/inzain.bike\/fr_be\/#website\"},\"primaryImageOfPage\":{\"@id\":\"https:\/\/inzain.bike\/en\/mal25_mallorca\/#primaryimage\"},\"image\":{\"@id\":\"https:\/\/inzain.bike\/en\/mal25_mallorca\/#primaryimage\"},\"thumbnailUrl\":\"https:\/\/i2.wp.com\/inzain.bike\/wp-content\/uploads\/2023\/11\/mallorca_en-US-1024x682.png?ssl=1\",\"datePublished\":\"2023-11-17T11:29:52+00:00\",\"dateModified\":\"2024-12-07T11:48:18+00:00\",\"breadcrumb\":{\"@id\":\"https:\/\/inzain.bike\/en\/mal25_mallorca\/#breadcrumb\"},\"inLanguage\":\"nl-BE\",\"potentialAction\":[{\"@type\":\"ReadAction\",\"target\":[\"https:\/\/inzain.bike\/en\/mal25_mallorca\/\"]}]},{\"@type\":\"ImageObject\",\"inLanguage\":\"nl-BE\",\"@id\":\"https:\/\/inzain.bike\/en\/mal25_mallorca\/#primaryimage\",\"url\":\"https:\/\/i2.wp.com\/inzain.bike\/wp-content\/uploads\/2023\/11\/mallorca_en-US-1024x682.png?ssl=1\",\"contentUrl\":\"https:\/\/i2.wp.com\/inzain.bike\/wp-content\/uploads\/2023\/11\/mallorca_en-US-1024x682.png?ssl=1\"},{\"@type\":\"BreadcrumbList\",\"@id\":\"https:\/\/inzain.bike\/en\/mal25_mallorca\/#breadcrumb\",\"itemListElement\":[{\"@type\":\"ListItem\",\"position\":1,\"name\":\"Hem\",\"item\":\"https:\/\/inzain.bike\/fr_be\/\"},{\"@type\":\"ListItem\",\"position\":2,\"name\":\"Om Mallorca\"}]},{\"@type\":\"WebSite\",\"@id\":\"https:\/\/inzain.bike\/fr_be\/#website\",\"url\":\"https:\/\/inzain.bike\/fr_be\/\",\"name\":\"INZAIN Cycling EXPERIENCES\",\"description\":\"Cyckling Adventures  - for everyone\",\"publisher\":{\"@id\":\"https:\/\/inzain.bike\/fr_be\/#organization\"},\"alternateName\":\"INZAIN Gravel & Travel\",\"potentialAction\":[{\"@type\":\"SearchAction\",\"target\":{\"@type\":\"EntryPoint\",\"urlTemplate\":\"https:\/\/inzain.bike\/fr_be\/?s={search_term_string}\"},\"query-input\":{\"@type\":\"PropertyValueSpecification\",\"valueRequired\":true,\"valueName\":\"search_term_string\"}}],\"inLanguage\":\"nl-BE\"},{\"@type\":\"Organization\",\"@id\":\"https:\/\/inzain.bike\/fr_be\/#organization\",\"name\":\"INZAIN Cycling EXPERIENCES\",\"url\":\"https:\/\/inzain.bike\/fr_be\/\",\"logo\":{\"@type\":\"ImageObject\",\"inLanguage\":\"nl-BE\",\"@id\":\"https:\/\/inzain.bike\/fr_be\/#\/schema\/logo\/image\/\",\"url\":\"https:\/\/i0.wp.com\/inzain.bike\/wp-content\/uploads\/2023\/09\/cropped-INZAIN_512x512_white.png?fit=512%2C512&ssl=1\",\"contentUrl\":\"https:\/\/i0.wp.com\/inzain.bike\/wp-content\/uploads\/2023\/09\/cropped-INZAIN_512x512_white.png?fit=512%2C512&ssl=1\",\"width\":512,\"height\":512,\"caption\":\"INZAIN Cycling EXPERIENCES\"},\"image\":{\"@id\":\"https:\/\/inzain.bike\/fr_be\/#\/schema\/logo\/image\/\"},\"sameAs\":[\"https:\/\/www.facebook.com\/Inzain.bike\",\"https:\/\/www.instagram.com\/inzainbike\"]}]}<\/script>\n<!-- \/ Yoast SEO plugin. -->","yoast_head_json":{"title":"Over Mallorca - INZAIN Fietservaringen","robots":{"index":"index","follow":"follow","max-snippet":"max-snippet:-1","max-image-preview":"max-image-preview:large","max-video-preview":"max-video-preview:-1"},"canonical":"https:\/\/inzain.bike\/nl_be\/mal25_mallorca\/","og_locale":"nl_BE","og_type":"article","og_title":"Om Mallorca - INZAIN Cycling EXPERIENCES","og_description":"Mallorca har ett mycket varierande landskap, med h\u00f6ga bergstoppar, stora sl\u00e4tter och l\u00e5nga str\u00e4nder. I Tramuntanabergen (Sierra de Tramuntana) ligger \u00f6ns h\u00f6gsta bergstopp Puig Major, 1 436 m \u00f6 h. \u00d6n har allt man kan \u00f6nska sig! Sol, str\u00e4nder, utflykter, golfbanor, vandrings- och cykelleder, nattliv, kultur, shopping, m.m. Den \u00e4r den st\u00f6rsta av \u00f6arna i [&hellip;]","og_url":"https:\/\/inzain.bike\/nl_be\/mal25_mallorca\/","og_site_name":"INZAIN Cycling EXPERIENCES","article_publisher":"https:\/\/www.facebook.com\/Inzain.bike","article_modified_time":"2024-12-07T11:48:18+00:00","og_image":[{"url":"https:\/\/i2.wp.com\/inzain.bike\/wp-content\/uploads\/2023\/11\/mallorca_en-US-1024x682.png?ssl=1","type":"","width":"","height":""}],"twitter_card":"summary_large_image","twitter_misc":{"Geschatte leestijd":"3 minuten"},"schema":{"@context":"https:\/\/schema.org","@graph":[{"@type":"WebPage","@id":"https:\/\/inzain.bike\/en\/mal25_mallorca\/","url":"https:\/\/inzain.bike\/en\/mal25_mallorca\/","name":"Over Mallorca - INZAIN Fietservaringen","isPartOf":{"@id":"https:\/\/inzain.bike\/fr_be\/#website"},"primaryImageOfPage":{"@id":"https:\/\/inzain.bike\/en\/mal25_mallorca\/#primaryimage"},"image":{"@id":"https:\/\/inzain.bike\/en\/mal25_mallorca\/#primaryimage"},"thumbnailUrl":"https:\/\/i2.wp.com\/inzain.bike\/wp-content\/uploads\/2023\/11\/mallorca_en-US-1024x682.png?ssl=1","datePublished":"2023-11-17T11:29:52+00:00","dateModified":"2024-12-07T11:48:18+00:00","breadcrumb":{"@id":"https:\/\/inzain.bike\/en\/mal25_mallorca\/#breadcrumb"},"inLanguage":"nl-BE","potentialAction":[{"@type":"ReadAction","target":["https:\/\/inzain.bike\/en\/mal25_mallorca\/"]}]},{"@type":"ImageObject","inLanguage":"nl-BE","@id":"https:\/\/inzain.bike\/en\/mal25_mallorca\/#primaryimage","url":"https:\/\/i2.wp.com\/inzain.bike\/wp-content\/uploads\/2023\/11\/mallorca_en-US-1024x682.png?ssl=1","contentUrl":"https:\/\/i2.wp.com\/inzain.bike\/wp-content\/uploads\/2023\/11\/mallorca_en-US-1024x682.png?ssl=1"},{"@type":"BreadcrumbList","@id":"https:\/\/inzain.bike\/en\/mal25_mallorca\/#breadcrumb","itemListElement":[{"@type":"ListItem","position":1,"name":"Hem","item":"https:\/\/inzain.bike\/fr_be\/"},{"@type":"ListItem","position":2,"name":"Om Mallorca"}]},{"@type":"WebSite","@id":"https:\/\/inzain.bike\/fr_be\/#website","url":"https:\/\/inzain.bike\/fr_be\/","name":"INZAIN fietservaringen","description":"Fietsavonturen - voor iedereen","publisher":{"@id":"https:\/\/inzain.bike\/fr_be\/#organization"},"alternateName":"INZAIN Gravel & Travel","potentialAction":[{"@type":"SearchAction","target":{"@type":"EntryPoint","urlTemplate":"https:\/\/inzain.bike\/fr_be\/?s={search_term_string}"},"query-input":{"@type":"PropertyValueSpecification","valueRequired":true,"valueName":"search_term_string"}}],"inLanguage":"nl-BE"},{"@type":"Organization","@id":"https:\/\/inzain.bike\/fr_be\/#organization","name":"INZAIN fietservaringen","url":"https:\/\/inzain.bike\/fr_be\/","logo":{"@type":"ImageObject","inLanguage":"nl-BE","@id":"https:\/\/inzain.bike\/fr_be\/#\/schema\/logo\/image\/","url":"https:\/\/i0.wp.com\/inzain.bike\/wp-content\/uploads\/2023\/09\/cropped-INZAIN_512x512_white.png?fit=512%2C512&ssl=1","contentUrl":"https:\/\/i0.wp.com\/inzain.bike\/wp-content\/uploads\/2023\/09\/cropped-INZAIN_512x512_white.png?fit=512%2C512&ssl=1","width":512,"height":512,"caption":"INZAIN Cycling EXPERIENCES"},"image":{"@id":"https:\/\/inzain.bike\/fr_be\/#\/schema\/logo\/image\/"},"sameAs":["https:\/\/www.facebook.com\/Inzain.bike","https:\/\/www.instagram.com\/inzainbike"]}]}},"amp_enabled":true,"_links":{"self":[{"href":"https:\/\/inzain.bike\/nl_be\/wp-json\/wp\/v2\/pages\/5442","targetHints":{"allow":["GET"]}}],"collection":[{"href":"https:\/\/inzain.bike\/nl_be\/wp-json\/wp\/v2\/pages"}],"about":[{"href":"https:\/\/inzain.bike\/nl_be\/wp-json\/wp\/v2\/types\/page"}],"author":[{"embeddable":true,"href":"https:\/\/inzain.bike\/nl_be\/wp-json\/wp\/v2\/users\/135133094"}],"replies":[{"embeddable":true,"href":"https:\/\/inzain.bike\/nl_be\/wp-json\/wp\/v2\/comments?post=5442"}],"version-history":[{"count":1,"href":"https:\/\/inzain.bike\/nl_be\/wp-json\/wp\/v2\/pages\/5442\/revisions"}],"predecessor-version":[{"id":7697,"href":"https:\/\/inzain.bike\/nl_be\/wp-json\/wp\/v2\/pages\/5442\/revisions\/7697"}],"wp:attachment":[{"href":"https:\/\/inzain.bike\/nl_be\/wp-json\/wp\/v2\/media?parent=5442"}],"curies":[{"name":"wp","href":"https:\/\/api.w.org\/{rel}","templated":true}]}}