{"id":5577,"date":"2023-11-20T15:50:03","date_gmt":"2023-11-20T14:50:03","guid":{"rendered":"https:\/\/inzain.bike\/?page_id=5577"},"modified":"2026-01-31T15:09:24","modified_gmt":"2026-01-31T14:09:24","slug":"tus26-cycling","status":"publish","type":"page","link":"https:\/\/inzain.bike\/nl_be\/tus26-cycling\/","title":{"rendered":"Toscane 2026 Fietsen"},"content":{"rendered":"<div class=\"wp-block-columns alignwide is-layout-flex wp-container-core-columns-is-layout-28f84493 wp-block-columns-is-layout-flex\">\n<div class=\"wp-block-column is-layout-flow wp-block-column-is-layout-flow\">\n<div class=\"wp-block-jetpack-tiled-gallery aligncenter is-style-rectangular\"><div class=\"tiled-gallery__gallery\"><div class=\"tiled-gallery__row\"><div class=\"tiled-gallery__col\" style=\"flex-basis:39.20905%\"><figure class=\"tiled-gallery__item\"><img decoding=\"async\" alt=\"\" data-height=\"2048\" data-id=\"5579\" data-link=\"https:\/\/inzain.bike\/?attachment_id=5579\" data-url=\"https:\/\/inzain.bike\/wp-content\/uploads\/2023\/11\/391555264_10161259493983729_2748440254249460024_n-495x1024.jpg\" data-width=\"990\" src=\"https:\/\/i0.wp.com\/inzain.bike\/wp-content\/uploads\/2023\/11\/391555264_10161259493983729_2748440254249460024_n-495x1024.jpg?ssl=1\" data-amp-layout=\"responsive\"\/><\/figure><\/div><div class=\"tiled-gallery__col\" style=\"flex-basis:60.79095%\"><figure class=\"tiled-gallery__item\"><img decoding=\"async\" alt=\"\" data-height=\"1095\" data-id=\"5580\" data-link=\"https:\/\/inzain.bike\/?attachment_id=5580\" data-url=\"https:\/\/inzain.bike\/wp-content\/uploads\/2023\/11\/391559238_10161259494403729_2619039197846273304_n-1-768x1024.jpg\" data-width=\"821\" src=\"https:\/\/i2.wp.com\/inzain.bike\/wp-content\/uploads\/2023\/11\/391559238_10161259494403729_2619039197846273304_n-1-768x1024.jpg?ssl=1\" data-amp-layout=\"responsive\"\/><\/figure><\/div><\/div><div class=\"tiled-gallery__row\"><div class=\"tiled-gallery__col\" style=\"flex-basis:39.87482%\"><figure class=\"tiled-gallery__item\"><img decoding=\"async\" alt=\"\" data-height=\"5504\" data-id=\"5582\" data-link=\"https:\/\/inzain.bike\/?attachment_id=5582\" data-url=\"https:\/\/inzain.bike\/wp-content\/uploads\/2023\/11\/DSC1645-1-1024x683.jpg\" data-width=\"8256\" src=\"https:\/\/i2.wp.com\/inzain.bike\/wp-content\/uploads\/2023\/11\/DSC1645-1-1024x683.jpg?ssl=1\" data-amp-layout=\"responsive\"\/><\/figure><figure class=\"tiled-gallery__item\"><img decoding=\"async\" alt=\"\" data-height=\"5504\" data-id=\"5584\" data-link=\"https:\/\/inzain.bike\/?attachment_id=5584\" data-url=\"https:\/\/inzain.bike\/wp-content\/uploads\/2023\/11\/DSC1678-1024x683.jpg\" data-width=\"8256\" src=\"https:\/\/i2.wp.com\/inzain.bike\/wp-content\/uploads\/2023\/11\/DSC1678-1024x683.jpg?ssl=1\" data-amp-layout=\"responsive\"\/><\/figure><figure class=\"tiled-gallery__item\"><img decoding=\"async\" alt=\"\" data-height=\"5504\" data-id=\"5585\" data-link=\"https:\/\/inzain.bike\/?attachment_id=5585\" data-url=\"https:\/\/inzain.bike\/wp-content\/uploads\/2023\/11\/fb6-1024x683.jpg\" data-width=\"8256\" src=\"https:\/\/i1.wp.com\/inzain.bike\/wp-content\/uploads\/2023\/11\/fb6-1024x683.jpg?ssl=1\" data-amp-layout=\"responsive\"\/><\/figure><\/div><div class=\"tiled-gallery__col\" style=\"flex-basis:60.12518%\"><figure class=\"tiled-gallery__item\"><img decoding=\"async\" alt=\"\" data-height=\"4000\" data-id=\"5587\" data-link=\"https:\/\/inzain.bike\/?attachment_id=5587\" data-url=\"https:\/\/inzain.bike\/wp-content\/uploads\/2023\/11\/20231009_121052-768x1024.jpg\" data-width=\"3000\" src=\"https:\/\/i2.wp.com\/inzain.bike\/wp-content\/uploads\/2023\/11\/20231009_121052-768x1024.jpg?ssl=1\" data-amp-layout=\"responsive\"\/><\/figure><\/div><\/div><div class=\"tiled-gallery__row\"><div class=\"tiled-gallery__col\" style=\"flex-basis:29.70657%\"><figure class=\"tiled-gallery__item\"><img decoding=\"async\" alt=\"\" data-height=\"1600\" data-id=\"5588\" data-link=\"https:\/\/inzain.bike\/?attachment_id=5588\" data-url=\"https:\/\/inzain.bike\/wp-content\/uploads\/2023\/11\/3DBK40EFLGzota4vp3gwf3vgqXdt2rQ68Ru4Hw5MsHo-1536x2048-1-768x1024.jpg\" data-width=\"1200\" src=\"https:\/\/i0.wp.com\/inzain.bike\/wp-content\/uploads\/2023\/11\/3DBK40EFLGzota4vp3gwf3vgqXdt2rQ68Ru4Hw5MsHo-1536x2048-1-768x1024.jpg?ssl=1\" data-amp-layout=\"responsive\"\/><\/figure><\/div><div class=\"tiled-gallery__col\" style=\"flex-basis:70.29343%\"><figure class=\"tiled-gallery__item\"><img decoding=\"async\" alt=\"\" data-height=\"1134\" data-id=\"5589\" data-link=\"https:\/\/inzain.bike\/?attachment_id=5589\" data-url=\"https:\/\/inzain.bike\/wp-content\/uploads\/2023\/11\/fU7UatdBb5UgZIWuJSnnSAs08T5LB7x5eF6jjQ50VDk-2048x1152-1-1024x576.jpg\" data-width=\"2016\" src=\"https:\/\/i2.wp.com\/inzain.bike\/wp-content\/uploads\/2023\/11\/fU7UatdBb5UgZIWuJSnnSAs08T5LB7x5eF6jjQ50VDk-2048x1152-1-1024x576.jpg?ssl=1\" data-amp-layout=\"responsive\"\/><\/figure><\/div><\/div><\/div><\/div>\n<\/div>\n<\/div>\n\n\n\n<div class=\"wp-block-columns alignwide is-layout-flex wp-container-core-columns-is-layout-28f84493 wp-block-columns-is-layout-flex\">\n<div class=\"wp-block-column is-layout-flow wp-block-column-is-layout-flow\">\n<p>Fietsen in Toscane is prachtig, ontzettend mooi. Er zijn glooiende hellingen. We hebben meerdere routes per dag samengesteld, zodat u kunt kiezen op basis van hoe ver en hoeveel hoogte u op de verschillende dagen wilt. De routes leiden ons langs prachtige wegen en op redelijke afstand bereiken we restaurants en caf\u00e9s. Meestal zijn de routes zo gemaakt dat je samenkomt voor de lunch, ongeacht welke route je kiest. Onze begeleidersauto is er als er iets misgaat met uw fiets of uzelf, een grote zekerheid.<\/p>\n<\/div>\n<\/div>\n\n\n\n<hr class=\"wp-block-separator alignwide has-alpha-channel-opacity\"\/>\n\n\n\n<div class=\"wp-block-columns alignwide is-layout-flex wp-container-core-columns-is-layout-28f84493 wp-block-columns-is-layout-flex\">\n<div class=\"wp-block-column is-layout-flow wp-block-column-is-layout-flow\">\n<p><strong>Plan van dag tot dag<\/strong><\/p>\n\n\n\n<p><br><strong>Vrijdag 2 oktober<\/strong> <strong>Aankomst<\/strong><br>Aankomst in Florence. Onze priv\u00e9transfer brengt ons en onze fietsen rechtstreeks naar de accommodatie. We komen vrij vroeg aan, dus na het inchecken en het opstappen op de fietsen vertrekken we voor een iets kortere fietstocht.<\/p>\n\n\n\n<p><strong>Over het algemeen<\/strong><\/p>\n\n\n\n<p>De routes zullen uitdagend zijn en tussen de 6 en 21 kilometer lang zijn. Verschillende ervan zijn verkrijgbaar in verschillende versies, zodat u kunt kiezen op basis van het type dag. Met de volgauto kunnen wij ondersteunen als iemand een probleem heeft of moe wordt. Wij geven alle deelnemers er \u00e9\u00e9n&nbsp;<strong>Ruitergids<\/strong>, met de routes en veel informatie daarover ruim voor de reis.<\/p>\n\n\n\n<p><br><strong>Dag 1 Zaterdag 3 oktober<\/strong>\u00a0(65-92 km en 1050-1.700 hm)<\/p>\n\n\n\n<figure class=\"wp-block-image\"><img loading=\"lazy\" decoding=\"async\" width=\"3247\" height=\"348\" src=\"https:\/\/i0.wp.com\/inzain.bike\/wp-content\/uploads\/2023\/03\/image.png?resize=1024%2C110&amp;ssl=1\" alt=\"\" class=\"wp-image-2807\" srcset=\"https:\/\/inzain.bike\/wp-content\/uploads\/2023\/03\/image.png 3247w, https:\/\/inzain.bike\/wp-content\/uploads\/2023\/03\/image-300x32.png 300w, https:\/\/inzain.bike\/wp-content\/uploads\/2023\/03\/image-1024x110.png 1024w, https:\/\/inzain.bike\/wp-content\/uploads\/2023\/03\/image-768x82.png 768w, https:\/\/inzain.bike\/wp-content\/uploads\/2023\/03\/image-1536x165.png 1536w, https:\/\/inzain.bike\/wp-content\/uploads\/2023\/03\/image-2048x219.png 2048w, https:\/\/inzain.bike\/wp-content\/uploads\/2023\/03\/image-18x2.png 18w, https:\/\/inzain.bike\/wp-content\/uploads\/2023\/03\/image-1320x141.png 1320w, https:\/\/inzain.bike\/wp-content\/uploads\/2023\/03\/image-600x64.png 600w\" sizes=\"auto, (max-width: 3247px) 100vw, 3247px\" \/><\/figure>\n\n\n\n<p>Noordelijk de Chianti in, klassiek wit grind. We fietsen een deel van de Eroica, kronkelend asfalt en uitzonderlijk mooi. We passeren het Chianti-beeldenpark. Er zijn verschillende kortingen die u kunt doorvoeren. De dag bestaat uit twee grote beklimmingen, deze liggen op goed terrein en zijn soepel en leuk.<\/p>\n\n\n\n<p><strong>Dag 2 Zondag 4 oktober\u00a0<\/strong>(55 -115 km, 900-2.2170 hm)<\/p>\n\n\n\n<figure class=\"wp-block-image\"><img loading=\"lazy\" decoding=\"async\" width=\"3196\" height=\"355\" src=\"https:\/\/i0.wp.com\/inzain.bike\/wp-content\/uploads\/2023\/03\/image-1.png?resize=1024%2C114&amp;ssl=1\" alt=\"\" class=\"wp-image-2809\" srcset=\"https:\/\/inzain.bike\/wp-content\/uploads\/2023\/03\/image-1.png 3196w, https:\/\/inzain.bike\/wp-content\/uploads\/2023\/03\/image-1-300x33.png 300w, https:\/\/inzain.bike\/wp-content\/uploads\/2023\/03\/image-1-1024x114.png 1024w, https:\/\/inzain.bike\/wp-content\/uploads\/2023\/03\/image-1-768x85.png 768w, https:\/\/inzain.bike\/wp-content\/uploads\/2023\/03\/image-1-1536x171.png 1536w, https:\/\/inzain.bike\/wp-content\/uploads\/2023\/03\/image-1-2048x227.png 2048w, https:\/\/inzain.bike\/wp-content\/uploads\/2023\/03\/image-1-18x2.png 18w, https:\/\/inzain.bike\/wp-content\/uploads\/2023\/03\/image-1-1320x147.png 1320w, https:\/\/inzain.bike\/wp-content\/uploads\/2023\/03\/image-1-600x67.png 600w\" sizes=\"auto, (max-width: 3196px) 100vw, 3196px\" \/><\/figure>\n\n\n\n<p>Noordwest, op wegen daar&nbsp;<strong>Toscane-pad<\/strong>&nbsp;gaat Veel fantastische steden passeren de revue. Dit is een uitdagende tocht, die desgewenst op verschillende manieren kan worden ingekort. Enkele singletracks, maar niets te uitdagend.<\/p>\n\n\n\n<p><strong>Dag 3 Maandag 5 oktober<\/strong>\u00a0(55- 103 km \/ 760 \u2013 1.836 hm)<\/p>\n\n\n\n<figure class=\"wp-block-image\"><img loading=\"lazy\" decoding=\"async\" width=\"3226\" height=\"352\" src=\"https:\/\/i0.wp.com\/inzain.bike\/wp-content\/uploads\/2023\/03\/image-2.png?resize=1024%2C112&amp;ssl=1\" alt=\"\" class=\"wp-image-2811\" srcset=\"https:\/\/inzain.bike\/wp-content\/uploads\/2023\/03\/image-2.png 3226w, https:\/\/inzain.bike\/wp-content\/uploads\/2023\/03\/image-2-300x33.png 300w, https:\/\/inzain.bike\/wp-content\/uploads\/2023\/03\/image-2-1024x112.png 1024w, https:\/\/inzain.bike\/wp-content\/uploads\/2023\/03\/image-2-768x84.png 768w, https:\/\/inzain.bike\/wp-content\/uploads\/2023\/03\/image-2-1536x168.png 1536w, https:\/\/inzain.bike\/wp-content\/uploads\/2023\/03\/image-2-2048x223.png 2048w, https:\/\/inzain.bike\/wp-content\/uploads\/2023\/03\/image-2-18x2.png 18w, https:\/\/inzain.bike\/wp-content\/uploads\/2023\/03\/image-2-1320x144.png 1320w, https:\/\/inzain.bike\/wp-content\/uploads\/2023\/03\/image-2-600x65.png 600w\" sizes=\"auto, (max-width: 3226px) 100vw, 3226px\" \/><\/figure>\n\n\n\n<p>We vervolgen onze weg naar het oosten, prachtige onverharde wegen in het klassieke golvende Toscaanse landschap. Veel mogelijkheden voor gelato en koffie, en lekker eten natuurlijk. Ook hier zijn er een aantal bezuinigingen als de benen of de wens dit vereisen.<\/p>\n\n\n\n<p><strong>Dag 4, dinsdag 6 oktober<\/strong><br>Rustdag!<br>Als je wilt fietsen is dat natuurlijk prima, maar het blijkt best verstandig om een rustdag te nemen. Misschien maken we een uitstapje naar de zee, bezoeken we Siena of hangen we rond in de wijngaard en genieten we van de rust?<\/p>\n\n\n\n<p><strong>Dag 5, woensdag 7 oktober<\/strong>\u00a0(72 km \/ 1.200 hm)<\/p>\n\n\n\n<figure class=\"wp-block-image\"><img loading=\"lazy\" decoding=\"async\" width=\"3232\" height=\"364\" src=\"https:\/\/i0.wp.com\/inzain.bike\/wp-content\/uploads\/2023\/03\/image-5.png?resize=1024%2C115&amp;ssl=1\" alt=\"\" class=\"wp-image-2818\" srcset=\"https:\/\/inzain.bike\/wp-content\/uploads\/2023\/03\/image-5.png 3232w, https:\/\/inzain.bike\/wp-content\/uploads\/2023\/03\/image-5-300x34.png 300w, https:\/\/inzain.bike\/wp-content\/uploads\/2023\/03\/image-5-1024x115.png 1024w, https:\/\/inzain.bike\/wp-content\/uploads\/2023\/03\/image-5-768x86.png 768w, https:\/\/inzain.bike\/wp-content\/uploads\/2023\/03\/image-5-1536x173.png 1536w, https:\/\/inzain.bike\/wp-content\/uploads\/2023\/03\/image-5-2048x231.png 2048w, https:\/\/inzain.bike\/wp-content\/uploads\/2023\/03\/image-5-18x2.png 18w, https:\/\/inzain.bike\/wp-content\/uploads\/2023\/03\/image-5-1320x149.png 1320w, https:\/\/inzain.bike\/wp-content\/uploads\/2023\/03\/image-5-600x68.png 600w\" sizes=\"auto, (max-width: 3232px) 100vw, 3232px\" \/><\/figure>\n\n\n\n<p>De beste transportfiets ter wereld! Eroica en Strade Bianchi, ontzettend aardig. Terwijl we een geweldige dag in het zadel beleven, wordt al onze bagage naar de volgende accommodatie in San Quirico d&#039;Orcia vervoerd. Als benen of andere dingen gebroken zijn, kun je prima in de auto rijden. Eenmaal daar installeren we ons, vieren we het misschien met een biertje en gaan we eten.<\/p>\n\n\n\n<p><strong>Dag 6, donderdag 8 oktober<\/strong>\u00a0(57 -96 km \/ 744 -1860 hm)<\/p>\n\n\n\n<figure class=\"wp-block-image\"><img loading=\"lazy\" decoding=\"async\" width=\"3222\" height=\"363\" src=\"https:\/\/i0.wp.com\/inzain.bike\/wp-content\/uploads\/2023\/03\/image-6.png?resize=1024%2C115&amp;ssl=1\" alt=\"\" class=\"wp-image-2820\" srcset=\"https:\/\/inzain.bike\/wp-content\/uploads\/2023\/03\/image-6.png 3222w, https:\/\/inzain.bike\/wp-content\/uploads\/2023\/03\/image-6-300x34.png 300w, https:\/\/inzain.bike\/wp-content\/uploads\/2023\/03\/image-6-1024x115.png 1024w, https:\/\/inzain.bike\/wp-content\/uploads\/2023\/03\/image-6-768x87.png 768w, https:\/\/inzain.bike\/wp-content\/uploads\/2023\/03\/image-6-1536x173.png 1536w, https:\/\/inzain.bike\/wp-content\/uploads\/2023\/03\/image-6-2048x231.png 2048w, https:\/\/inzain.bike\/wp-content\/uploads\/2023\/03\/image-6-18x2.png 18w, https:\/\/inzain.bike\/wp-content\/uploads\/2023\/03\/image-6-1320x149.png 1320w, https:\/\/inzain.bike\/wp-content\/uploads\/2023\/03\/image-6-600x68.png 600w\" sizes=\"auto, (max-width: 3222px) 100vw, 3222px\" \/><\/figure>\n\n\n\n<p>Het witte grind! We passeren veel klassieke resorts, er zijn veel manieren om de reis in te korten als je wilt, we gebruiken opnieuw verschillende stukken van Eroica en Strade Bianchi. Misschien tijd om een KOM in te stellen?<\/p>\n\n\n\n<p><strong>Dag 7, vrijdag 9 oktober<\/strong>\u00a0Reis naar huis<\/p>\n\n\n\n<p>Onze shuttlebus haalt ons direct op bij de accommodatie en brengt ons met onze bagage naar de luchthaven van Florence.<br><br><\/p>\n<\/div>\n<\/div>","protected":false},"excerpt":{"rendered":"<p>Cyklingen i Toscana \u00e4r vacker, oerh\u00f6rt vacker. Det \u00e4r b\u00f6ljande backar. Vi har skapat ett flertal rutter per dag, s\u00e5 att man kan v\u00e4lja efter hur l\u00e5ngt och hur mycket h\u00f6jdmeter man vill ha de olika dagarna. Rutterna leder oss l\u00e4ngs vackra v\u00e4gar och vi n\u00e5r restauranger och caf\u00e9er p\u00e5 lagom avst\u00e5nd. Oftast \u00e4r rutterna [&hellip;]<\/p>\n","protected":false},"author":135133094,"featured_media":0,"parent":0,"menu_order":0,"comment_status":"closed","ping_status":"closed","template":"","meta":{"_coblocks_attr":"Roboto","_coblocks_dimensions":"","_coblocks_responsive_height":"","_coblocks_accordion_ie_support":"","footnotes":""},"class_list":["post-5577","page","type-page","status-publish","hentry"],"yoast_head":"<!-- This site is optimized with the Yoast SEO plugin v27.2 - https:\/\/yoast.com\/product\/yoast-seo-wordpress\/ -->\n<title>Toscana 2026 Cykling - INZAIN Cycling EXPERIENCES<\/title>\n<meta name=\"robots\" content=\"index, follow, max-snippet:-1, max-image-preview:large, max-video-preview:-1\" \/>\n<link rel=\"canonical\" href=\"https:\/\/inzain.bike\/nl_be\/tus26-cycling\/\" \/>\n<meta property=\"og:locale\" content=\"nl_BE\" \/>\n<meta property=\"og:type\" content=\"article\" \/>\n<meta property=\"og:title\" content=\"Toscana 2026 Cykling - INZAIN Cycling EXPERIENCES\" \/>\n<meta property=\"og:description\" content=\"Cyklingen i Toscana \u00e4r vacker, oerh\u00f6rt vacker. Det \u00e4r b\u00f6ljande backar. Vi har skapat ett flertal rutter per dag, s\u00e5 att man kan v\u00e4lja efter hur l\u00e5ngt och hur mycket h\u00f6jdmeter man vill ha de olika dagarna. Rutterna leder oss l\u00e4ngs vackra v\u00e4gar och vi n\u00e5r restauranger och caf\u00e9er p\u00e5 lagom avst\u00e5nd. Oftast \u00e4r rutterna [&hellip;]\" \/>\n<meta property=\"og:url\" content=\"https:\/\/inzain.bike\/nl_be\/tus26-cycling\/\" \/>\n<meta property=\"og:site_name\" content=\"INZAIN Cycling EXPERIENCES\" \/>\n<meta property=\"article:publisher\" content=\"https:\/\/www.facebook.com\/Inzain.bike\" \/>\n<meta property=\"article:modified_time\" content=\"2026-01-31T14:09:24+00:00\" \/>\n<meta property=\"og:image\" content=\"https:\/\/i0.wp.com\/inzain.bike\/wp-content\/uploads\/2023\/11\/391555264_10161259493983729_2748440254249460024_n-495x1024.jpg?ssl=1\" \/>\n<meta name=\"twitter:card\" content=\"summary_large_image\" \/>\n<meta name=\"twitter:label1\" content=\"Geschatte leestijd\" \/>\n\t<meta name=\"twitter:data1\" content=\"6 minuten\" \/>\n<script type=\"application\/ld+json\" class=\"yoast-schema-graph\">{\"@context\":\"https:\/\/schema.org\",\"@graph\":[{\"@type\":\"WebPage\",\"@id\":\"https:\/\/inzain.bike\/tus26-cycling\/\",\"url\":\"https:\/\/inzain.bike\/tus26-cycling\/\",\"name\":\"Toscana 2026 Cykling - INZAIN Cycling EXPERIENCES\",\"isPartOf\":{\"@id\":\"https:\/\/inzain.bike\/fr_be\/#website\"},\"primaryImageOfPage\":{\"@id\":\"https:\/\/inzain.bike\/tus26-cycling\/#primaryimage\"},\"image\":{\"@id\":\"https:\/\/inzain.bike\/tus26-cycling\/#primaryimage\"},\"thumbnailUrl\":\"https:\/\/i0.wp.com\/inzain.bike\/wp-content\/uploads\/2023\/11\/391555264_10161259493983729_2748440254249460024_n-495x1024.jpg?ssl=1\",\"datePublished\":\"2023-11-20T14:50:03+00:00\",\"dateModified\":\"2026-01-31T14:09:24+00:00\",\"breadcrumb\":{\"@id\":\"https:\/\/inzain.bike\/tus26-cycling\/#breadcrumb\"},\"inLanguage\":\"nl-BE\",\"potentialAction\":[{\"@type\":\"ReadAction\",\"target\":[\"https:\/\/inzain.bike\/tus26-cycling\/\"]}]},{\"@type\":\"ImageObject\",\"inLanguage\":\"nl-BE\",\"@id\":\"https:\/\/inzain.bike\/tus26-cycling\/#primaryimage\",\"url\":\"https:\/\/i0.wp.com\/inzain.bike\/wp-content\/uploads\/2023\/11\/391555264_10161259493983729_2748440254249460024_n-495x1024.jpg?ssl=1\",\"contentUrl\":\"https:\/\/i0.wp.com\/inzain.bike\/wp-content\/uploads\/2023\/11\/391555264_10161259493983729_2748440254249460024_n-495x1024.jpg?ssl=1\"},{\"@type\":\"BreadcrumbList\",\"@id\":\"https:\/\/inzain.bike\/tus26-cycling\/#breadcrumb\",\"itemListElement\":[{\"@type\":\"ListItem\",\"position\":1,\"name\":\"Hem\",\"item\":\"https:\/\/inzain.bike\/fr_be\/\"},{\"@type\":\"ListItem\",\"position\":2,\"name\":\"Toscana 2026 Cykling\"}]},{\"@type\":\"WebSite\",\"@id\":\"https:\/\/inzain.bike\/fr_be\/#website\",\"url\":\"https:\/\/inzain.bike\/fr_be\/\",\"name\":\"INZAIN Cycling EXPERIENCES\",\"description\":\"Cyckling Adventures  - for everyone\",\"publisher\":{\"@id\":\"https:\/\/inzain.bike\/fr_be\/#organization\"},\"alternateName\":\"INZAIN Gravel & Travel\",\"potentialAction\":[{\"@type\":\"SearchAction\",\"target\":{\"@type\":\"EntryPoint\",\"urlTemplate\":\"https:\/\/inzain.bike\/fr_be\/?s={search_term_string}\"},\"query-input\":{\"@type\":\"PropertyValueSpecification\",\"valueRequired\":true,\"valueName\":\"search_term_string\"}}],\"inLanguage\":\"nl-BE\"},{\"@type\":\"Organization\",\"@id\":\"https:\/\/inzain.bike\/fr_be\/#organization\",\"name\":\"INZAIN Cycling EXPERIENCES\",\"url\":\"https:\/\/inzain.bike\/fr_be\/\",\"logo\":{\"@type\":\"ImageObject\",\"inLanguage\":\"nl-BE\",\"@id\":\"https:\/\/inzain.bike\/fr_be\/#\/schema\/logo\/image\/\",\"url\":\"https:\/\/i0.wp.com\/inzain.bike\/wp-content\/uploads\/2023\/09\/cropped-INZAIN_512x512_white.png?fit=512%2C512&ssl=1\",\"contentUrl\":\"https:\/\/i0.wp.com\/inzain.bike\/wp-content\/uploads\/2023\/09\/cropped-INZAIN_512x512_white.png?fit=512%2C512&ssl=1\",\"width\":512,\"height\":512,\"caption\":\"INZAIN Cycling EXPERIENCES\"},\"image\":{\"@id\":\"https:\/\/inzain.bike\/fr_be\/#\/schema\/logo\/image\/\"},\"sameAs\":[\"https:\/\/www.facebook.com\/Inzain.bike\",\"https:\/\/www.instagram.com\/inzainbike\"]}]}<\/script>\n<!-- \/ Yoast SEO plugin. -->","yoast_head_json":{"title":"Toscana 2026 Cykling - INZAIN Cycling EXPERIENCES","robots":{"index":"index","follow":"follow","max-snippet":"max-snippet:-1","max-image-preview":"max-image-preview:large","max-video-preview":"max-video-preview:-1"},"canonical":"https:\/\/inzain.bike\/nl_be\/tus26-cycling\/","og_locale":"nl_BE","og_type":"article","og_title":"Toscana 2026 Cykling - INZAIN Cycling EXPERIENCES","og_description":"Cyklingen i Toscana \u00e4r vacker, oerh\u00f6rt vacker. Det \u00e4r b\u00f6ljande backar. Vi har skapat ett flertal rutter per dag, s\u00e5 att man kan v\u00e4lja efter hur l\u00e5ngt och hur mycket h\u00f6jdmeter man vill ha de olika dagarna. Rutterna leder oss l\u00e4ngs vackra v\u00e4gar och vi n\u00e5r restauranger och caf\u00e9er p\u00e5 lagom avst\u00e5nd. Oftast \u00e4r rutterna [&hellip;]","og_url":"https:\/\/inzain.bike\/nl_be\/tus26-cycling\/","og_site_name":"INZAIN Cycling EXPERIENCES","article_publisher":"https:\/\/www.facebook.com\/Inzain.bike","article_modified_time":"2026-01-31T14:09:24+00:00","og_image":[{"url":"https:\/\/i0.wp.com\/inzain.bike\/wp-content\/uploads\/2023\/11\/391555264_10161259493983729_2748440254249460024_n-495x1024.jpg?ssl=1","type":"","width":"","height":""}],"twitter_card":"summary_large_image","twitter_misc":{"Geschatte leestijd":"6 minuten"},"schema":{"@context":"https:\/\/schema.org","@graph":[{"@type":"WebPage","@id":"https:\/\/inzain.bike\/tus26-cycling\/","url":"https:\/\/inzain.bike\/tus26-cycling\/","name":"Toscana 2026 Cykling - INZAIN Cycling EXPERIENCES","isPartOf":{"@id":"https:\/\/inzain.bike\/fr_be\/#website"},"primaryImageOfPage":{"@id":"https:\/\/inzain.bike\/tus26-cycling\/#primaryimage"},"image":{"@id":"https:\/\/inzain.bike\/tus26-cycling\/#primaryimage"},"thumbnailUrl":"https:\/\/i0.wp.com\/inzain.bike\/wp-content\/uploads\/2023\/11\/391555264_10161259493983729_2748440254249460024_n-495x1024.jpg?ssl=1","datePublished":"2023-11-20T14:50:03+00:00","dateModified":"2026-01-31T14:09:24+00:00","breadcrumb":{"@id":"https:\/\/inzain.bike\/tus26-cycling\/#breadcrumb"},"inLanguage":"nl-BE","potentialAction":[{"@type":"ReadAction","target":["https:\/\/inzain.bike\/tus26-cycling\/"]}]},{"@type":"ImageObject","inLanguage":"nl-BE","@id":"https:\/\/inzain.bike\/tus26-cycling\/#primaryimage","url":"https:\/\/i0.wp.com\/inzain.bike\/wp-content\/uploads\/2023\/11\/391555264_10161259493983729_2748440254249460024_n-495x1024.jpg?ssl=1","contentUrl":"https:\/\/i0.wp.com\/inzain.bike\/wp-content\/uploads\/2023\/11\/391555264_10161259493983729_2748440254249460024_n-495x1024.jpg?ssl=1"},{"@type":"BreadcrumbList","@id":"https:\/\/inzain.bike\/tus26-cycling\/#breadcrumb","itemListElement":[{"@type":"ListItem","position":1,"name":"Hem","item":"https:\/\/inzain.bike\/fr_be\/"},{"@type":"ListItem","position":2,"name":"Toscana 2026 Cykling"}]},{"@type":"WebSite","@id":"https:\/\/inzain.bike\/fr_be\/#website","url":"https:\/\/inzain.bike\/fr_be\/","name":"INZAIN fietservaringen","description":"Fietsavonturen - voor iedereen","publisher":{"@id":"https:\/\/inzain.bike\/fr_be\/#organization"},"alternateName":"INZAIN Gravel & Travel","potentialAction":[{"@type":"SearchAction","target":{"@type":"EntryPoint","urlTemplate":"https:\/\/inzain.bike\/fr_be\/?s={search_term_string}"},"query-input":{"@type":"PropertyValueSpecification","valueRequired":true,"valueName":"search_term_string"}}],"inLanguage":"nl-BE"},{"@type":"Organization","@id":"https:\/\/inzain.bike\/fr_be\/#organization","name":"INZAIN fietservaringen","url":"https:\/\/inzain.bike\/fr_be\/","logo":{"@type":"ImageObject","inLanguage":"nl-BE","@id":"https:\/\/inzain.bike\/fr_be\/#\/schema\/logo\/image\/","url":"https:\/\/i0.wp.com\/inzain.bike\/wp-content\/uploads\/2023\/09\/cropped-INZAIN_512x512_white.png?fit=512%2C512&ssl=1","contentUrl":"https:\/\/i0.wp.com\/inzain.bike\/wp-content\/uploads\/2023\/09\/cropped-INZAIN_512x512_white.png?fit=512%2C512&ssl=1","width":512,"height":512,"caption":"INZAIN Cycling EXPERIENCES"},"image":{"@id":"https:\/\/inzain.bike\/fr_be\/#\/schema\/logo\/image\/"},"sameAs":["https:\/\/www.facebook.com\/Inzain.bike","https:\/\/www.instagram.com\/inzainbike"]}]}},"amp_enabled":true,"_links":{"self":[{"href":"https:\/\/inzain.bike\/nl_be\/wp-json\/wp\/v2\/pages\/5577","targetHints":{"allow":["GET"]}}],"collection":[{"href":"https:\/\/inzain.bike\/nl_be\/wp-json\/wp\/v2\/pages"}],"about":[{"href":"https:\/\/inzain.bike\/nl_be\/wp-json\/wp\/v2\/types\/page"}],"author":[{"embeddable":true,"href":"https:\/\/inzain.bike\/nl_be\/wp-json\/wp\/v2\/users\/135133094"}],"replies":[{"embeddable":true,"href":"https:\/\/inzain.bike\/nl_be\/wp-json\/wp\/v2\/comments?post=5577"}],"version-history":[{"count":4,"href":"https:\/\/inzain.bike\/nl_be\/wp-json\/wp\/v2\/pages\/5577\/revisions"}],"predecessor-version":[{"id":10026,"href":"https:\/\/inzain.bike\/nl_be\/wp-json\/wp\/v2\/pages\/5577\/revisions\/10026"}],"wp:attachment":[{"href":"https:\/\/inzain.bike\/nl_be\/wp-json\/wp\/v2\/media?parent=5577"}],"curies":[{"name":"wp","href":"https:\/\/api.w.org\/{rel}","templated":true}]}}