{"id":588,"date":"2021-06-25T13:50:18","date_gmt":"2021-06-25T11:50:18","guid":{"rendered":"https:\/\/inzain.bike\/?page_id=588"},"modified":"2021-06-25T13:50:18","modified_gmt":"2021-06-25T11:50:18","slug":"solstice-ride-2021","status":"publish","type":"page","link":"https:\/\/inzain.bike\/nl_be\/solstice-ride-2021\/","title":{"rendered":"Zonnewenderit 2021"},"content":{"rendered":"<figure class=\"wp-block-image size-large\"><img decoding=\"async\" src=\"https:\/\/inzain.bike\/wp-content\/uploads\/2021\/06\/20210624_215137.jpg?w=1024\" alt=\"\" class=\"wp-image-592\" \/><figcaption>Tor\u00f6<\/figcaption><\/figure>\n\n\n\n<p>Grusets V\u00e4nner draaide een herhaling van Solstice uit 2020. Begin in \u00d6smo, grind naar Tor\u00f6, voor zonsondergang en een kopje koffie. Vervolgens naar G\u00e5l\u00f6 Havsbad voor zonsopgang.<\/p>\n\n\n\n<p>Fietsen op de kortste nacht van het jaar, met goede vrienden, dierenluchtjes en alle indrukken vind ik fantastisch. Al binnen 30 minuten kwamen we een familie wilde zwijnen, een adelaar, herten, kikkers en meer tegen.<\/p>\n\n\n\n<p>De weg naar beneden vervolgt zonder noemenswaardige incidenten, het gaat met een redelijk goede snelheid en zoals gewoonlijk onder voortdurend praten en lachen.<\/p>\n\n\n\n<figure class=\"wp-block-image size-large\"><img decoding=\"async\" src=\"https:\/\/inzain.bike\/wp-content\/uploads\/2021\/06\/g0016217.jpg?w=1024\" alt=\"\" class=\"wp-image-594\" \/><\/figure>\n\n\n\n<p>Pad, onverharde weg en een stukje asfalt worden op een mooie manier gemengd, de zon gaat onder, het leven is goed.<\/p>\n\n\n\n<figure class=\"wp-block-image size-large\"><img decoding=\"async\" src=\"https:\/\/inzain.bike\/wp-content\/uploads\/2021\/06\/g0016242.jpg?w=1024\" alt=\"\" class=\"wp-image-596\" \/><\/figure>\n\n\n\n<p>Wanneer we naar Tor\u00f6 komen, is er een speciale plek waar we een panorama krijgen van de ontmoeting van de zon met de zee.<\/p>\n\n\n\n<figure class=\"wp-block-image size-large\"><img decoding=\"async\" src=\"https:\/\/inzain.bike\/wp-content\/uploads\/2021\/06\/g0016416.jpg?w=1024\" alt=\"\" class=\"wp-image-597\" \/><\/figure>\n\n\n\n<p>Als we eraan hebben deelgenomen, veel koffie hebben gedronken en tja, de reis richting G\u00e5l\u00f6 en de zonsopgang begint, het zou voor ons nog iets meer avontuur blijken te zijn...<\/p>\n\n\n\n<figure class=\"wp-block-image size-large\"><img decoding=\"async\" src=\"https:\/\/inzain.bike\/wp-content\/uploads\/2021\/06\/g0016382.jpg?w=1024\" alt=\"\" class=\"wp-image-599\" \/><\/figure>\n\n\n\n<p>De eerste kilometer rollen we asfalt, een behoorlijk tempo, we hebben ons aangekleed voor de kou maar moeten al snel stoppen en onze kleren weer uittrekken.<\/p>\n\n\n\n<figure class=\"wp-block-image size-large\"><img decoding=\"async\" src=\"https:\/\/inzain.bike\/wp-content\/uploads\/2021\/06\/g0036485.jpg?w=1024\" alt=\"\" class=\"wp-image-601\" \/><\/figure>\n\n\n\n<p>Al snel bereiken we de donkerste uren, er trekken miststroken naar binnen, er klinkt geritsel in de struiken en het enige wat je kunt doen is genieten.<\/p>\n\n\n\n<figure class=\"wp-block-image size-large\"><img decoding=\"async\" src=\"https:\/\/inzain.bike\/wp-content\/uploads\/2021\/06\/g0036587.jpg?w=1024\" alt=\"\" class=\"wp-image-603\" \/><\/figure>\n\n\n\n<p>Na de enige klim van de tocht en een passage met ruw gesteente, voel ik het vertrouwde gevoel. PUNK. Gelukkig rijd ik met inzetstukken, want er zit een grote scheur in de zijkant van de band, ongeveer 1,5 cm. Alle lucht en kit waren meteen naar boven gegaan en zonder inserts zou de band waarschijnlijk zijn gekalfd en had ik op mijn oren gestaan. Nu was het gewoon een grote reparatie waarbij Park Tools Trunks in gebruik werd genomen voordat de slang werd gemonteerd, het is een goudproduct voor grote scheuren. Zonder dat wordt het gemakkelijk weer punk.<\/p>\n\n\n\n<figure class=\"wp-block-image size-large\"><img decoding=\"async\" src=\"https:\/\/inzain.bike\/wp-content\/uploads\/2021\/06\/g0036613.jpg?w=1024\" alt=\"\" class=\"wp-image-605\" \/><\/figure>\n\n\n\n<p>De weg naar Tungelsta zou echter meer bieden, de eerste kwam toen ik per ongeluk de metalen ring van het ventiel tussen de slang en de band kreeg. De andere waarschijnlijk van grind dat ik niet heb kunnen verwijderen. Na een grondige schoonmaakbeurt waren de punks echter verdwenen. Zal een nieuwe band krijgen en nu repareren.<\/p>\n\n\n\n<p>De rit naar Tungelsta is fantastisch, zo leuk om &#039;s nachts te rijden, alles ziet er heel anders uit.<\/p>\n\n\n\n<figure class=\"wp-block-image size-large\"><img decoding=\"async\" src=\"https:\/\/inzain.bike\/wp-content\/uploads\/2021\/06\/g0036579.jpg?w=1024\" alt=\"\" class=\"wp-image-607\" \/><\/figure>\n\n\n\n<p>We waren met 17 personen en er zijn twee premi\u00e8res gegeven, we heten je van harte welkom en hopen dat je vaker met ons mee wilt fietsen!<\/p>\n\n\n\n<figure class=\"wp-block-image size-large\"><img decoding=\"async\" src=\"https:\/\/inzain.bike\/wp-content\/uploads\/2021\/06\/206205315_4120180721353018_5858387706086174893_n.jpg?w=1024\" alt=\"\" class=\"wp-image-609\" \/><figcaption>Foto: Pontus<\/figcaption><\/figure>\n\n\n\n<figure class=\"wp-block-embed is-type-rich is-provider-youtube wp-block-embed-youtube wp-embed-aspect-16-9 wp-has-aspect-ratio\"><div class=\"wp-block-embed__wrapper\">\n<iframe loading=\"lazy\" title=\"Zonnewenderit 2021\" width=\"500\" height=\"281\" src=\"https:\/\/www.youtube.com\/embed\/vqWK1COziTI?feature=oembed\" frameborder=\"0\" allow=\"accelerometer; autoplay; clipboard-write; encrypted-media; gyroscope; picture-in-picture; web-share\" referrerpolicy=\"strict-origin-when-cross-origin\" allowfullscreen><\/iframe>\n<\/div><\/figure>\n\n\n\n<p>Bedankt aan iedereen die heeft meegedaan, jullie zijn gewoon de beste!<\/p>\n\n\n\n<p><br><\/p>\n\n\n\n<div class=\"wp-block-jetpack-tiled-gallery aligncenter is-style-rectangular\"><div class=\"tiled-gallery__gallery\"><div class=\"tiled-gallery__row\"><div class=\"tiled-gallery__col\" style=\"flex-basis:66.78241%;\"><figure class=\"tiled-gallery__item\"><img decoding=\"async\" alt=\"\" data-height=\"1080\" data-id=\"612\" data-link=\"https:\/\/inzain.bike\/202396928_926175654614014_7064991511395429120_n\/\" data-url=\"https:\/\/inzain.bike\/wp-content\/uploads\/2021\/06\/202396928_926175654614014_7064991511395429120_n.jpg\" data-width=\"1440\" src=\"https:\/\/inzain.bike\/wp-content\/uploads\/2021\/06\/202396928_926175654614014_7064991511395429120_n.jpg\" data-amp-layout=\"responsive\" \/><\/figure><\/div><div class=\"tiled-gallery__col\" style=\"flex-basis:33.21759%;\"><figure class=\"tiled-gallery__item\"><img decoding=\"async\" alt=\"\" data-height=\"3888\" data-id=\"613\" data-link=\"https:\/\/inzain.bike\/dcim100goprog0016290-jpg\/\" data-url=\"https:\/\/inzain.bike\/wp-content\/uploads\/2021\/06\/g0016290.jpg\" data-width=\"5184\" src=\"https:\/\/inzain.bike\/wp-content\/uploads\/2021\/06\/g0016290.jpg\" data-amp-layout=\"responsive\" \/><\/figure><figure class=\"tiled-gallery__item\"><img decoding=\"async\" alt=\"\" data-height=\"3888\" data-id=\"614\" data-link=\"https:\/\/inzain.bike\/dcim100goprog0036497-jpg\/\" data-url=\"https:\/\/inzain.bike\/wp-content\/uploads\/2021\/06\/g0036497.jpg\" data-width=\"5184\" src=\"https:\/\/inzain.bike\/wp-content\/uploads\/2021\/06\/g0036497.jpg\" data-amp-layout=\"responsive\" \/><\/figure><\/div><\/div><div class=\"tiled-gallery__row\"><div class=\"tiled-gallery__col\" style=\"flex-basis:33.33333%;\"><figure class=\"tiled-gallery__item\"><img decoding=\"async\" alt=\"\" data-height=\"3888\" data-id=\"615\" data-link=\"https:\/\/inzain.bike\/dcim100goprog0036582-jpg\/\" data-url=\"https:\/\/inzain.bike\/wp-content\/uploads\/2021\/06\/g0036582.jpg\" data-width=\"5184\" src=\"https:\/\/inzain.bike\/wp-content\/uploads\/2021\/06\/g0036582.jpg\" data-amp-layout=\"responsive\" \/><\/figure><\/div><div class=\"tiled-gallery__col\" style=\"flex-basis:33.33333%;\"><figure class=\"tiled-gallery__item\"><img decoding=\"async\" alt=\"\" data-height=\"3888\" data-id=\"616\" data-link=\"https:\/\/inzain.bike\/dcim100goprog0036634-jpg\/\" data-url=\"https:\/\/inzain.bike\/wp-content\/uploads\/2021\/06\/g0036634.jpg\" data-width=\"5184\" src=\"https:\/\/inzain.bike\/wp-content\/uploads\/2021\/06\/g0036634.jpg\" data-amp-layout=\"responsive\" \/><\/figure><\/div><div class=\"tiled-gallery__col\" style=\"flex-basis:33.33333%;\"><figure class=\"tiled-gallery__item\"><img decoding=\"async\" alt=\"\" data-height=\"3888\" data-id=\"617\" data-link=\"https:\/\/inzain.bike\/dcim100goprog0036675-jpg\/\" data-url=\"https:\/\/inzain.bike\/wp-content\/uploads\/2021\/06\/g0036675.jpg\" data-width=\"5184\" src=\"https:\/\/inzain.bike\/wp-content\/uploads\/2021\/06\/g0036675.jpg\" data-amp-layout=\"responsive\" \/><\/figure><\/div><\/div><div class=\"tiled-gallery__row\"><div class=\"tiled-gallery__col\" style=\"flex-basis:50%;\"><figure class=\"tiled-gallery__item\"><img decoding=\"async\" alt=\"\" data-height=\"3888\" data-id=\"619\" data-link=\"https:\/\/inzain.bike\/dcim100goprog0036741-jpg\/\" data-url=\"https:\/\/inzain.bike\/wp-content\/uploads\/2021\/06\/g0036741.jpg\" data-width=\"5184\" src=\"https:\/\/inzain.bike\/wp-content\/uploads\/2021\/06\/g0036741.jpg\" data-amp-layout=\"responsive\" \/><\/figure><\/div><div class=\"tiled-gallery__col\" style=\"flex-basis:50%;\"><figure class=\"tiled-gallery__item\"><img decoding=\"async\" alt=\"\" data-height=\"3888\" data-id=\"620\" data-link=\"https:\/\/inzain.bike\/dcim100goprog0046870-jpg\/\" data-url=\"https:\/\/inzain.bike\/wp-content\/uploads\/2021\/06\/g0046870.jpg\" data-width=\"5184\" src=\"https:\/\/inzain.bike\/wp-content\/uploads\/2021\/06\/g0046870.jpg\" data-amp-layout=\"responsive\" \/><\/figure><\/div><\/div><\/div><\/div>","protected":false},"excerpt":{"rendered":"<p>Grusets V\u00e4nner k\u00f6rde en repris p\u00e5 Solstice fr\u00e5n 2020. Start i \u00d6smo, grus ner till Tor\u00f6, f\u00f6r solnedg\u00e5ng och en kaffe. Sedan upp till G\u00e5l\u00f6 Havsbad f\u00f6r soluppg\u00e5ng. Att cykla p\u00e5 \u00e5rets kortaste natt, med goda v\u00e4nner, djur dofter och alla intryck \u00e4r n\u00e5got jag tycker \u00e4r fantastiskt. Redan inom 30 minuter har vi st\u00f6tt [&hellip;]<\/p>\n","protected":false},"author":135133094,"featured_media":0,"parent":0,"menu_order":0,"comment_status":"closed","ping_status":"closed","template":"","meta":{"_coblocks_attr":"","_coblocks_dimensions":"","_coblocks_responsive_height":"","_coblocks_accordion_ie_support":"","footnotes":""},"class_list":["post-588","page","type-page","status-publish","hentry"],"yoast_head":"<!-- This site is optimized with the Yoast SEO plugin v27.2 - https:\/\/yoast.com\/product\/yoast-seo-wordpress\/ -->\n<title>Solstice Ride 2021 - INZAIN Cycling EXPERIENCES<\/title>\n<meta name=\"robots\" content=\"index, follow, max-snippet:-1, max-image-preview:large, max-video-preview:-1\" \/>\n<link rel=\"canonical\" href=\"https:\/\/inzain.bike\/nl_be\/solstice-ride-2021\/\" \/>\n<meta property=\"og:locale\" content=\"nl_BE\" \/>\n<meta property=\"og:type\" content=\"article\" \/>\n<meta property=\"og:title\" content=\"Solstice Ride 2021 - INZAIN Cycling EXPERIENCES\" \/>\n<meta property=\"og:description\" content=\"Grusets V\u00e4nner k\u00f6rde en repris p\u00e5 Solstice fr\u00e5n 2020. Start i \u00d6smo, grus ner till Tor\u00f6, f\u00f6r solnedg\u00e5ng och en kaffe. Sedan upp till G\u00e5l\u00f6 Havsbad f\u00f6r soluppg\u00e5ng. Att cykla p\u00e5 \u00e5rets kortaste natt, med goda v\u00e4nner, djur dofter och alla intryck \u00e4r n\u00e5got jag tycker \u00e4r fantastiskt. Redan inom 30 minuter har vi st\u00f6tt [&hellip;]\" \/>\n<meta property=\"og:url\" content=\"https:\/\/inzain.bike\/nl_be\/solstice-ride-2021\/\" \/>\n<meta property=\"og:site_name\" content=\"INZAIN Cycling EXPERIENCES\" \/>\n<meta property=\"article:publisher\" content=\"https:\/\/www.facebook.com\/Inzain.bike\" \/>\n<meta property=\"og:image\" content=\"https:\/\/inzain.bike\/wp-content\/uploads\/2021\/06\/20210624_215137.jpg?w=1024\" \/>\n<meta name=\"twitter:card\" content=\"summary_large_image\" \/>\n<meta name=\"twitter:label1\" content=\"Geschatte leestijd\" \/>\n\t<meta name=\"twitter:data1\" content=\"2 minuten\" \/>\n<script type=\"application\/ld+json\" class=\"yoast-schema-graph\">{\"@context\":\"https:\/\/schema.org\",\"@graph\":[{\"@type\":\"WebPage\",\"@id\":\"https:\/\/inzain.bike\/sv_se\/solstice-ride-2021\/\",\"url\":\"https:\/\/inzain.bike\/sv_se\/solstice-ride-2021\/\",\"name\":\"Solstice Ride 2021 - INZAIN Cycling EXPERIENCES\",\"isPartOf\":{\"@id\":\"https:\/\/inzain.bike\/fr_be\/#website\"},\"primaryImageOfPage\":{\"@id\":\"https:\/\/inzain.bike\/sv_se\/solstice-ride-2021\/#primaryimage\"},\"image\":{\"@id\":\"https:\/\/inzain.bike\/sv_se\/solstice-ride-2021\/#primaryimage\"},\"thumbnailUrl\":\"https:\/\/inzain.bike\/wp-content\/uploads\/2021\/06\/20210624_215137.jpg?w=1024\",\"datePublished\":\"2021-06-25T11:50:18+00:00\",\"breadcrumb\":{\"@id\":\"https:\/\/inzain.bike\/sv_se\/solstice-ride-2021\/#breadcrumb\"},\"inLanguage\":\"nl-BE\",\"potentialAction\":[{\"@type\":\"ReadAction\",\"target\":[\"https:\/\/inzain.bike\/sv_se\/solstice-ride-2021\/\"]}]},{\"@type\":\"ImageObject\",\"inLanguage\":\"nl-BE\",\"@id\":\"https:\/\/inzain.bike\/sv_se\/solstice-ride-2021\/#primaryimage\",\"url\":\"https:\/\/inzain.bike\/wp-content\/uploads\/2021\/06\/20210624_215137.jpg?w=1024\",\"contentUrl\":\"https:\/\/inzain.bike\/wp-content\/uploads\/2021\/06\/20210624_215137.jpg?w=1024\"},{\"@type\":\"BreadcrumbList\",\"@id\":\"https:\/\/inzain.bike\/sv_se\/solstice-ride-2021\/#breadcrumb\",\"itemListElement\":[{\"@type\":\"ListItem\",\"position\":1,\"name\":\"Hem\",\"item\":\"https:\/\/inzain.bike\/fr_be\/\"},{\"@type\":\"ListItem\",\"position\":2,\"name\":\"Solstice Ride 2021\"}]},{\"@type\":\"WebSite\",\"@id\":\"https:\/\/inzain.bike\/fr_be\/#website\",\"url\":\"https:\/\/inzain.bike\/fr_be\/\",\"name\":\"INZAIN Cycling EXPERIENCES\",\"description\":\"Cyckling Adventures  - for everyone\",\"publisher\":{\"@id\":\"https:\/\/inzain.bike\/fr_be\/#organization\"},\"alternateName\":\"INZAIN Gravel & Travel\",\"potentialAction\":[{\"@type\":\"SearchAction\",\"target\":{\"@type\":\"EntryPoint\",\"urlTemplate\":\"https:\/\/inzain.bike\/fr_be\/?s={search_term_string}\"},\"query-input\":{\"@type\":\"PropertyValueSpecification\",\"valueRequired\":true,\"valueName\":\"search_term_string\"}}],\"inLanguage\":\"nl-BE\"},{\"@type\":\"Organization\",\"@id\":\"https:\/\/inzain.bike\/fr_be\/#organization\",\"name\":\"INZAIN Cycling EXPERIENCES\",\"url\":\"https:\/\/inzain.bike\/fr_be\/\",\"logo\":{\"@type\":\"ImageObject\",\"inLanguage\":\"nl-BE\",\"@id\":\"https:\/\/inzain.bike\/fr_be\/#\/schema\/logo\/image\/\",\"url\":\"https:\/\/i0.wp.com\/inzain.bike\/wp-content\/uploads\/2023\/09\/cropped-INZAIN_512x512_white.png?fit=512%2C512&ssl=1\",\"contentUrl\":\"https:\/\/i0.wp.com\/inzain.bike\/wp-content\/uploads\/2023\/09\/cropped-INZAIN_512x512_white.png?fit=512%2C512&ssl=1\",\"width\":512,\"height\":512,\"caption\":\"INZAIN Cycling EXPERIENCES\"},\"image\":{\"@id\":\"https:\/\/inzain.bike\/fr_be\/#\/schema\/logo\/image\/\"},\"sameAs\":[\"https:\/\/www.facebook.com\/Inzain.bike\",\"https:\/\/www.instagram.com\/inzainbike\"]}]}<\/script>\n<!-- \/ Yoast SEO plugin. -->","yoast_head_json":{"title":"Zonnewendetocht 2021 - INZAIN Fietservaringen","robots":{"index":"index","follow":"follow","max-snippet":"max-snippet:-1","max-image-preview":"max-image-preview:large","max-video-preview":"max-video-preview:-1"},"canonical":"https:\/\/inzain.bike\/nl_be\/solstice-ride-2021\/","og_locale":"nl_BE","og_type":"article","og_title":"Solstice Ride 2021 - INZAIN Cycling EXPERIENCES","og_description":"Grusets V\u00e4nner k\u00f6rde en repris p\u00e5 Solstice fr\u00e5n 2020. Start i \u00d6smo, grus ner till Tor\u00f6, f\u00f6r solnedg\u00e5ng och en kaffe. Sedan upp till G\u00e5l\u00f6 Havsbad f\u00f6r soluppg\u00e5ng. Att cykla p\u00e5 \u00e5rets kortaste natt, med goda v\u00e4nner, djur dofter och alla intryck \u00e4r n\u00e5got jag tycker \u00e4r fantastiskt. Redan inom 30 minuter har vi st\u00f6tt [&hellip;]","og_url":"https:\/\/inzain.bike\/nl_be\/solstice-ride-2021\/","og_site_name":"INZAIN Cycling EXPERIENCES","article_publisher":"https:\/\/www.facebook.com\/Inzain.bike","og_image":[{"url":"https:\/\/inzain.bike\/wp-content\/uploads\/2021\/06\/20210624_215137.jpg?w=1024","type":"","width":"","height":""}],"twitter_card":"summary_large_image","twitter_misc":{"Geschatte leestijd":"2 minuten"},"schema":{"@context":"https:\/\/schema.org","@graph":[{"@type":"WebPage","@id":"https:\/\/inzain.bike\/sv_se\/solstice-ride-2021\/","url":"https:\/\/inzain.bike\/sv_se\/solstice-ride-2021\/","name":"Zonnewendetocht 2021 - INZAIN Fietservaringen","isPartOf":{"@id":"https:\/\/inzain.bike\/fr_be\/#website"},"primaryImageOfPage":{"@id":"https:\/\/inzain.bike\/sv_se\/solstice-ride-2021\/#primaryimage"},"image":{"@id":"https:\/\/inzain.bike\/sv_se\/solstice-ride-2021\/#primaryimage"},"thumbnailUrl":"https:\/\/inzain.bike\/wp-content\/uploads\/2021\/06\/20210624_215137.jpg?w=1024","datePublished":"2021-06-25T11:50:18+00:00","breadcrumb":{"@id":"https:\/\/inzain.bike\/sv_se\/solstice-ride-2021\/#breadcrumb"},"inLanguage":"nl-BE","potentialAction":[{"@type":"ReadAction","target":["https:\/\/inzain.bike\/sv_se\/solstice-ride-2021\/"]}]},{"@type":"ImageObject","inLanguage":"nl-BE","@id":"https:\/\/inzain.bike\/sv_se\/solstice-ride-2021\/#primaryimage","url":"https:\/\/inzain.bike\/wp-content\/uploads\/2021\/06\/20210624_215137.jpg?w=1024","contentUrl":"https:\/\/inzain.bike\/wp-content\/uploads\/2021\/06\/20210624_215137.jpg?w=1024"},{"@type":"BreadcrumbList","@id":"https:\/\/inzain.bike\/sv_se\/solstice-ride-2021\/#breadcrumb","itemListElement":[{"@type":"ListItem","position":1,"name":"Hem","item":"https:\/\/inzain.bike\/fr_be\/"},{"@type":"ListItem","position":2,"name":"Solstice Ride 2021"}]},{"@type":"WebSite","@id":"https:\/\/inzain.bike\/fr_be\/#website","url":"https:\/\/inzain.bike\/fr_be\/","name":"INZAIN fietservaringen","description":"Fietsavonturen - voor iedereen","publisher":{"@id":"https:\/\/inzain.bike\/fr_be\/#organization"},"alternateName":"INZAIN Gravel & Travel","potentialAction":[{"@type":"SearchAction","target":{"@type":"EntryPoint","urlTemplate":"https:\/\/inzain.bike\/fr_be\/?s={search_term_string}"},"query-input":{"@type":"PropertyValueSpecification","valueRequired":true,"valueName":"search_term_string"}}],"inLanguage":"nl-BE"},{"@type":"Organization","@id":"https:\/\/inzain.bike\/fr_be\/#organization","name":"INZAIN fietservaringen","url":"https:\/\/inzain.bike\/fr_be\/","logo":{"@type":"ImageObject","inLanguage":"nl-BE","@id":"https:\/\/inzain.bike\/fr_be\/#\/schema\/logo\/image\/","url":"https:\/\/i0.wp.com\/inzain.bike\/wp-content\/uploads\/2023\/09\/cropped-INZAIN_512x512_white.png?fit=512%2C512&ssl=1","contentUrl":"https:\/\/i0.wp.com\/inzain.bike\/wp-content\/uploads\/2023\/09\/cropped-INZAIN_512x512_white.png?fit=512%2C512&ssl=1","width":512,"height":512,"caption":"INZAIN Cycling EXPERIENCES"},"image":{"@id":"https:\/\/inzain.bike\/fr_be\/#\/schema\/logo\/image\/"},"sameAs":["https:\/\/www.facebook.com\/Inzain.bike","https:\/\/www.instagram.com\/inzainbike"]}]}},"amp_enabled":true,"_links":{"self":[{"href":"https:\/\/inzain.bike\/nl_be\/wp-json\/wp\/v2\/pages\/588","targetHints":{"allow":["GET"]}}],"collection":[{"href":"https:\/\/inzain.bike\/nl_be\/wp-json\/wp\/v2\/pages"}],"about":[{"href":"https:\/\/inzain.bike\/nl_be\/wp-json\/wp\/v2\/types\/page"}],"author":[{"embeddable":true,"href":"https:\/\/inzain.bike\/nl_be\/wp-json\/wp\/v2\/users\/135133094"}],"replies":[{"embeddable":true,"href":"https:\/\/inzain.bike\/nl_be\/wp-json\/wp\/v2\/comments?post=588"}],"version-history":[{"count":0,"href":"https:\/\/inzain.bike\/nl_be\/wp-json\/wp\/v2\/pages\/588\/revisions"}],"wp:attachment":[{"href":"https:\/\/inzain.bike\/nl_be\/wp-json\/wp\/v2\/media?parent=588"}],"curies":[{"name":"wp","href":"https:\/\/api.w.org\/{rel}","templated":true}]}}