{"id":9884,"date":"2026-01-23T17:17:14","date_gmt":"2026-01-23T16:17:14","guid":{"rendered":"https:\/\/inzain.bike\/?post_type=product&#038;p=9884"},"modified":"2026-02-01T16:58:32","modified_gmt":"2026-02-01T15:58:32","slug":"gbs-wheel-set","status":"publish","type":"product","link":"https:\/\/inzain.bike\/nl_be\/product\/gbs-wheel-set\/","title":{"rendered":"GBS-wielset"},"content":{"rendered":"<p><strong>GBS Gravel Wheels<\/strong><\/p>\n<p>Er zijn verschillende varianten: CLASSIC, WAWE, WIDE en LITE.<\/p>\n<p><strong>KLASSIEK<\/strong> De WAVE-wielen zijn de ultieme allround wielen; ze hebben een moderne golfvorm met aerodynamische voordelen.<br \/>\n<strong>BREED<\/strong> hebben een binnenbreedte van 32 mm, perfect voor brede gravelbanden vanaf 42 mm.<br \/>\n<strong>WAWE<\/strong> Het heeft een moderne, aerodynamische vorm, perfect als je graag snel rijdt.<br \/>\n<strong>EEN BEETJE<\/strong> zijn het gemakkelijkst voor degenen onder jullie die dat willen.<\/p>\n<p>Je stelt zelf de wielen samen die je wilt door de velg, de naaf en de aandrijving te kiezen.<\/p>\n<p>Voor het versnellingssysteem van je fiets zijn er verschillende soorten naven en aandrijvingen waaruit je kunt kiezen.<\/p>\n<p><strong>Over afmetingen<\/strong><\/p>\n<p>Hoogte is de hoogte van de velg (of diepte, als je dat liever hebt). Een grote hoogte (H) wordt als aerodynamischer beschouwd. Wij vinden het er echter vooral cool uitzien. Breedte (B) verwijst naar de buitenbreedte van de velg. Binnenbreedte (IB) is de breedte aan de binnenkant. Hoe breder, hoe meer je band zal opzwellen. Een nieuwe trend op gravelwielen is een grote binnenbreedte (zoals bijvoorbeeld WIDE).<\/p>\n<p><strong>Kenmerken van een<em>lla wielen<\/em><\/strong><\/p>\n<ul class=\"wp-block-list\">\n<li><em>Dezelfde prijzen en gewichten voor haak\/haakloos<\/em><\/li>\n<li><em>Voor schijfrem met centrale vergrendeling (CL)<\/em>, (<strong>EXTRALITE heeft 6 bouten!<\/strong>)<\/li>\n<li><em>Mist remoppervlak<\/em><\/li>\n<li>Nee\u00a0<em>gat in het velgspoor<\/em>\u00a0&gt;<em>\u00a0Geen velglint nodig<\/em>\u00a0(<em><strong>LITE heeft gaten in de velgrail<\/strong><\/em>)<\/li>\n<li>N<em>ipplar zijn van messing<\/em>\u00a0<em>(Sapim beveiligde vergrendeling SILS<\/em>)<\/li>\n<li>F<em>klaar<\/em>\u2002<em>is UD mat<\/em><\/li>\n<li><em>Voor 12\u00d7100\/12\u00d7142 steekas<\/em><\/li>\n<li><em>24 spaken.<\/em>\u00a0<em>Sapim CX Ray-spaken<\/em>,\u00a0<em>Zwart<\/em><\/li>\n<li><em>Alle gewichten zijn opgegeven met tolerantie (+\/- 30 gr)<\/em><\/li>\n<li><em>Velggarantie voor 5 jaar<\/em><\/li>\n<li><em>Bezorging bij u is inbegrepen, reken op een levertijd van ongeveer 8 weken<\/em><\/li>\n<\/ul>\n<p><strong>Velggarantie voor vijf jaar.<\/strong><br \/>\n<em>Alle kopers krijgen vijf jaar volledige garantie op de velgen (geldt voor de eerste eigenaar).<br \/>\nEet uw hond de rand op? Loop je er overheen met<\/em>\u2002<em>de auto? Vernietig jij het tijdens je radicale run? Het maakt niet uit, je krijgt een nieuwe velg.<br \/>\n(De vereiste is dat u het naar ons opstuurt, zodat wij het kunnen vernietigen<\/em>)<\/p>\n<p><strong>Kies vrij velgen en naven<\/strong><\/p>\n<p>Alle velgen kunnen met alle naven gecombineerd worden.<\/p>\n<p><strong>EEN BEETJE<\/strong><br \/>\nMet EXTRALITE-naven gaat het het makkelijkst, maar wij denken dat de RD261-naven, die slechts 50 gram zwaarder zijn maar meer dan 5.000 SEK goedkoper, een heel goed alternatief kunnen zijn.<\/p>\n<p><strong>Bestuurder<\/strong><\/p>\n<p>Veel mensen vragen zich dit af en Shimano heeft het niet bepaald makkelijk gemaakt om bij te blijven. Maar hier is het punt.<br \/>\nRijdt u met een 10\/11 split of heeft u Shimano GRX 2\u00d712, dan kunt u het beste kiezen voor Shimano 11sp (Hyperglide of HG). Rijdt u echter met Shimano MTB of GRX 1\u00d712, dan kunt u beter kiezen voor Shimano 12sp Microspline.<br \/>\n<em>De onderstaande gids kan duidelijkheid verschaffen<\/em><\/p>\n<p><a href=\"https:\/\/bike.shimano.com\/stories\/article\/a-guide-to-shimanos-12-speed-freehubs-and-compatibility.html\">https:\/\/bike.shimano.com\/stories\/article\/a-guide-to-shimanos-12-speed-freehubs-and-compatibility.html<\/a><\/p>","protected":false},"excerpt":{"rendered":"<p>GBS Gravel Wheels<\/p>\n<p>Bygg dina dr\u00f6mhjul, v\u00e4lj f\u00e4lg, nav och driver.<\/p>","protected":false},"featured_media":9886,"comment_status":"open","ping_status":"closed","template":"","meta":{"_coblocks_attr":"","_coblocks_dimensions":"","_coblocks_responsive_height":"","_coblocks_accordion_ie_support":""},"product_brand":[],"product_cat":[],"product_tag":[],"class_list":{"0":"post-9884","1":"product","2":"type-product","3":"status-publish","4":"has-post-thumbnail","6":"product_shipping_class-hjul","8":"first","9":"instock","10":"shipping-taxable","11":"purchasable","12":"product-type-composite"},"composite_virtual":false,"composite_layout":"paged","composite_add_to_cart_form_location":"default","composite_editable_in_cart":false,"composite_sold_individually_context":"product","composite_shop_price_calc":"defaults","composite_components":[{"id":"1769188484","title":"Rand","description":"<p>Kies welke velgen je wilt<\/p>","query_type":"product_ids","query_ids":[9172],"default_option_id":9172,"thumbnail_id":"","thumbnail_src":"","quantity_min":1,"quantity_max":1,"priced_individually":true,"shipped_individually":false,"optional":false,"discount":"","options_style":"dropdowns","pagination_style":"classic","display_prices":"absolute","show_sorting_options":false,"show_filtering_options":false,"attribute_filter_ids":[],"select_action":"view","product_title_visible":true,"product_descr_visible":true,"product_price_visible":true,"product_thumb_visible":true,"subtotal_visible_product":true,"subtotal_visible_cart":true,"subtotal_visible_orders":true},{"id":"1769188635","title":"Middelpunt","description":"<p>Selecteer hub<\/p>","query_type":"product_ids","query_ids":[9873],"default_option_id":9873,"thumbnail_id":"","thumbnail_src":"","quantity_min":1,"quantity_max":1,"priced_individually":true,"shipped_individually":false,"optional":false,"discount":"","options_style":"dropdowns","pagination_style":"classic","display_prices":"absolute","show_sorting_options":false,"show_filtering_options":false,"attribute_filter_ids":[],"select_action":"view","product_title_visible":true,"product_descr_visible":true,"product_price_visible":true,"product_thumb_visible":true,"subtotal_visible_product":true,"subtotal_visible_cart":true,"subtotal_visible_orders":true},{"id":"1769188636","title":"Bestuurder","description":"<p>Kies de gewenste rijder, dat hangt af van de versnellingen op je fiets.<\/p>","query_type":"product_ids","query_ids":[9879],"default_option_id":9879,"thumbnail_id":"","thumbnail_src":"","quantity_min":1,"quantity_max":1,"priced_individually":true,"shipped_individually":false,"optional":false,"discount":"","options_style":"dropdowns","pagination_style":"classic","display_prices":"absolute","show_sorting_options":false,"show_filtering_options":false,"attribute_filter_ids":[],"select_action":"view","product_title_visible":true,"product_descr_visible":true,"product_price_visible":true,"product_thumb_visible":true,"subtotal_visible_product":true,"subtotal_visible_cart":true,"subtotal_visible_orders":true}],"composite_scenarios":[],"yoast_head":"<!-- This site is optimized with the Yoast SEO plugin v27.2 - https:\/\/yoast.com\/product\/yoast-seo-wordpress\/ -->\n<title>GBS Wheel Set - INZAIN Cycling EXPERIENCES<\/title>\n<meta name=\"robots\" content=\"index, follow, max-snippet:-1, max-image-preview:large, max-video-preview:-1\" \/>\n<link rel=\"canonical\" href=\"https:\/\/inzain.bike\/nl_be\/product\/gbs-wheel-set\/\" \/>\n<meta property=\"og:locale\" content=\"nl_BE\" \/>\n<meta property=\"og:type\" content=\"article\" \/>\n<meta property=\"og:title\" content=\"GBS Wheel Set - INZAIN Cycling EXPERIENCES\" \/>\n<meta property=\"og:description\" content=\"GBS Gravel Hjul  Bygg dina dr\u00f6mhjul, v\u00e4lj f\u00e4lg, nav och driver.\" \/>\n<meta property=\"og:url\" content=\"https:\/\/inzain.bike\/nl_be\/product\/gbs-wheel-set\/\" \/>\n<meta property=\"og:site_name\" content=\"INZAIN Cycling EXPERIENCES\" \/>\n<meta property=\"article:publisher\" content=\"https:\/\/www.facebook.com\/Inzain.bike\" \/>\n<meta property=\"article:modified_time\" content=\"2026-02-01T15:58:32+00:00\" \/>\n<meta property=\"og:image\" content=\"https:\/\/inzain.bike\/wp-content\/uploads\/2026\/01\/20220409_124721-1320x990-1.jpg\" \/>\n\t<meta property=\"og:image:width\" content=\"1320\" \/>\n\t<meta property=\"og:image:height\" content=\"990\" \/>\n\t<meta property=\"og:image:type\" content=\"image\/jpeg\" \/>\n<meta name=\"twitter:card\" content=\"summary_large_image\" \/>\n<meta name=\"twitter:label1\" content=\"Geschatte leestijd\" \/>\n\t<meta name=\"twitter:data1\" content=\"3 minuten\" \/>\n<script type=\"application\/ld+json\" class=\"yoast-schema-graph\">{\"@context\":\"https:\/\/schema.org\",\"@graph\":[{\"@type\":\"WebPage\",\"@id\":\"https:\/\/inzain.bike\/produkt\/gbs-wheel-set\/\",\"url\":\"https:\/\/inzain.bike\/produkt\/gbs-wheel-set\/\",\"name\":\"GBS Wheel Set - INZAIN Cycling EXPERIENCES\",\"isPartOf\":{\"@id\":\"https:\/\/inzain.bike\/fr_be\/#website\"},\"primaryImageOfPage\":{\"@id\":\"https:\/\/inzain.bike\/produkt\/gbs-wheel-set\/#primaryimage\"},\"image\":{\"@id\":\"https:\/\/inzain.bike\/produkt\/gbs-wheel-set\/#primaryimage\"},\"thumbnailUrl\":\"https:\/\/inzain.bike\/wp-content\/uploads\/2026\/01\/20220409_124721-1320x990-1.jpg\",\"datePublished\":\"2026-01-23T16:17:14+00:00\",\"dateModified\":\"2026-02-01T15:58:32+00:00\",\"breadcrumb\":{\"@id\":\"https:\/\/inzain.bike\/produkt\/gbs-wheel-set\/#breadcrumb\"},\"inLanguage\":\"nl-BE\",\"potentialAction\":[{\"@type\":\"ReadAction\",\"target\":[\"https:\/\/inzain.bike\/produkt\/gbs-wheel-set\/\"]}]},{\"@type\":\"ImageObject\",\"inLanguage\":\"nl-BE\",\"@id\":\"https:\/\/inzain.bike\/produkt\/gbs-wheel-set\/#primaryimage\",\"url\":\"https:\/\/inzain.bike\/wp-content\/uploads\/2026\/01\/20220409_124721-1320x990-1.jpg\",\"contentUrl\":\"https:\/\/inzain.bike\/wp-content\/uploads\/2026\/01\/20220409_124721-1320x990-1.jpg\",\"width\":1320,\"height\":990},{\"@type\":\"BreadcrumbList\",\"@id\":\"https:\/\/inzain.bike\/produkt\/gbs-wheel-set\/#breadcrumb\",\"itemListElement\":[{\"@type\":\"ListItem\",\"position\":1,\"name\":\"Hem\",\"item\":\"https:\/\/inzain.bike\/fr_be\/\"},{\"@type\":\"ListItem\",\"position\":2,\"name\":\"Webbutik\",\"item\":\"https:\/\/inzain.bike\/fi\/butik\/\"},{\"@type\":\"ListItem\",\"position\":3,\"name\":\"GBS Wheel Set\"}]},{\"@type\":\"WebSite\",\"@id\":\"https:\/\/inzain.bike\/fr_be\/#website\",\"url\":\"https:\/\/inzain.bike\/fr_be\/\",\"name\":\"INZAIN Cycling EXPERIENCES\",\"description\":\"Cyckling Adventures  - for everyone\",\"publisher\":{\"@id\":\"https:\/\/inzain.bike\/fr_be\/#organization\"},\"alternateName\":\"INZAIN Gravel & Travel\",\"potentialAction\":[{\"@type\":\"SearchAction\",\"target\":{\"@type\":\"EntryPoint\",\"urlTemplate\":\"https:\/\/inzain.bike\/fr_be\/?s={search_term_string}\"},\"query-input\":{\"@type\":\"PropertyValueSpecification\",\"valueRequired\":true,\"valueName\":\"search_term_string\"}}],\"inLanguage\":\"nl-BE\"},{\"@type\":\"Organization\",\"@id\":\"https:\/\/inzain.bike\/fr_be\/#organization\",\"name\":\"INZAIN Cycling EXPERIENCES\",\"url\":\"https:\/\/inzain.bike\/fr_be\/\",\"logo\":{\"@type\":\"ImageObject\",\"inLanguage\":\"nl-BE\",\"@id\":\"https:\/\/inzain.bike\/fr_be\/#\/schema\/logo\/image\/\",\"url\":\"https:\/\/i0.wp.com\/inzain.bike\/wp-content\/uploads\/2023\/09\/cropped-INZAIN_512x512_white.png?fit=512%2C512&ssl=1\",\"contentUrl\":\"https:\/\/i0.wp.com\/inzain.bike\/wp-content\/uploads\/2023\/09\/cropped-INZAIN_512x512_white.png?fit=512%2C512&ssl=1\",\"width\":512,\"height\":512,\"caption\":\"INZAIN Cycling EXPERIENCES\"},\"image\":{\"@id\":\"https:\/\/inzain.bike\/fr_be\/#\/schema\/logo\/image\/\"},\"sameAs\":[\"https:\/\/www.facebook.com\/Inzain.bike\",\"https:\/\/www.instagram.com\/inzainbike\"]}]}<\/script>\n<!-- \/ Yoast SEO plugin. -->","yoast_head_json":{"title":"GBS Wheel Set - INZAIN Cycling EXPERIENCES","robots":{"index":"index","follow":"follow","max-snippet":"max-snippet:-1","max-image-preview":"max-image-preview:large","max-video-preview":"max-video-preview:-1"},"canonical":"https:\/\/inzain.bike\/nl_be\/product\/gbs-wheel-set\/","og_locale":"nl_BE","og_type":"article","og_title":"GBS Wheel Set - INZAIN Cycling EXPERIENCES","og_description":"GBS Gravel Hjul  Bygg dina dr\u00f6mhjul, v\u00e4lj f\u00e4lg, nav och driver.","og_url":"https:\/\/inzain.bike\/nl_be\/product\/gbs-wheel-set\/","og_site_name":"INZAIN Cycling EXPERIENCES","article_publisher":"https:\/\/www.facebook.com\/Inzain.bike","article_modified_time":"2026-02-01T15:58:32+00:00","og_image":[{"width":1320,"height":990,"url":"https:\/\/inzain.bike\/wp-content\/uploads\/2026\/01\/20220409_124721-1320x990-1.jpg","type":"image\/jpeg"}],"twitter_card":"summary_large_image","twitter_misc":{"Geschatte leestijd":"3 minuten"},"schema":{"@context":"https:\/\/schema.org","@graph":[{"@type":"WebPage","@id":"https:\/\/inzain.bike\/produkt\/gbs-wheel-set\/","url":"https:\/\/inzain.bike\/produkt\/gbs-wheel-set\/","name":"GBS Wheel Set - INZAIN Cycling EXPERIENCES","isPartOf":{"@id":"https:\/\/inzain.bike\/fr_be\/#website"},"primaryImageOfPage":{"@id":"https:\/\/inzain.bike\/produkt\/gbs-wheel-set\/#primaryimage"},"image":{"@id":"https:\/\/inzain.bike\/produkt\/gbs-wheel-set\/#primaryimage"},"thumbnailUrl":"https:\/\/inzain.bike\/wp-content\/uploads\/2026\/01\/20220409_124721-1320x990-1.jpg","datePublished":"2026-01-23T16:17:14+00:00","dateModified":"2026-02-01T15:58:32+00:00","breadcrumb":{"@id":"https:\/\/inzain.bike\/produkt\/gbs-wheel-set\/#breadcrumb"},"inLanguage":"nl-BE","potentialAction":[{"@type":"ReadAction","target":["https:\/\/inzain.bike\/produkt\/gbs-wheel-set\/"]}]},{"@type":"ImageObject","inLanguage":"nl-BE","@id":"https:\/\/inzain.bike\/produkt\/gbs-wheel-set\/#primaryimage","url":"https:\/\/inzain.bike\/wp-content\/uploads\/2026\/01\/20220409_124721-1320x990-1.jpg","contentUrl":"https:\/\/inzain.bike\/wp-content\/uploads\/2026\/01\/20220409_124721-1320x990-1.jpg","width":1320,"height":990},{"@type":"BreadcrumbList","@id":"https:\/\/inzain.bike\/produkt\/gbs-wheel-set\/#breadcrumb","itemListElement":[{"@type":"ListItem","position":1,"name":"Hem","item":"https:\/\/inzain.bike\/fr_be\/"},{"@type":"ListItem","position":2,"name":"Webbutik","item":"https:\/\/inzain.bike\/fi\/butik\/"},{"@type":"ListItem","position":3,"name":"GBS Wheel Set"}]},{"@type":"WebSite","@id":"https:\/\/inzain.bike\/fr_be\/#website","url":"https:\/\/inzain.bike\/fr_be\/","name":"INZAIN fietservaringen","description":"Fietsavonturen - voor iedereen","publisher":{"@id":"https:\/\/inzain.bike\/fr_be\/#organization"},"alternateName":"INZAIN Gravel & Travel","potentialAction":[{"@type":"SearchAction","target":{"@type":"EntryPoint","urlTemplate":"https:\/\/inzain.bike\/fr_be\/?s={search_term_string}"},"query-input":{"@type":"PropertyValueSpecification","valueRequired":true,"valueName":"search_term_string"}}],"inLanguage":"nl-BE"},{"@type":"Organization","@id":"https:\/\/inzain.bike\/fr_be\/#organization","name":"INZAIN fietservaringen","url":"https:\/\/inzain.bike\/fr_be\/","logo":{"@type":"ImageObject","inLanguage":"nl-BE","@id":"https:\/\/inzain.bike\/fr_be\/#\/schema\/logo\/image\/","url":"https:\/\/i0.wp.com\/inzain.bike\/wp-content\/uploads\/2023\/09\/cropped-INZAIN_512x512_white.png?fit=512%2C512&ssl=1","contentUrl":"https:\/\/i0.wp.com\/inzain.bike\/wp-content\/uploads\/2023\/09\/cropped-INZAIN_512x512_white.png?fit=512%2C512&ssl=1","width":512,"height":512,"caption":"INZAIN Cycling EXPERIENCES"},"image":{"@id":"https:\/\/inzain.bike\/fr_be\/#\/schema\/logo\/image\/"},"sameAs":["https:\/\/www.facebook.com\/Inzain.bike","https:\/\/www.instagram.com\/inzainbike"]}]}},"_links":{"self":[{"href":"https:\/\/inzain.bike\/nl_be\/wp-json\/wp\/v2\/product\/9884","targetHints":{"allow":["GET"]}}],"collection":[{"href":"https:\/\/inzain.bike\/nl_be\/wp-json\/wp\/v2\/product"}],"about":[{"href":"https:\/\/inzain.bike\/nl_be\/wp-json\/wp\/v2\/types\/product"}],"replies":[{"embeddable":true,"href":"https:\/\/inzain.bike\/nl_be\/wp-json\/wp\/v2\/comments?post=9884"}],"wp:featuredmedia":[{"embeddable":true,"href":"https:\/\/inzain.bike\/nl_be\/wp-json\/wp\/v2\/media\/9886"}],"wp:attachment":[{"href":"https:\/\/inzain.bike\/nl_be\/wp-json\/wp\/v2\/media?parent=9884"}],"wp:term":[{"taxonomy":"product_brand","embeddable":true,"href":"https:\/\/inzain.bike\/nl_be\/wp-json\/wp\/v2\/product_brand?post=9884"},{"taxonomy":"product_cat","embeddable":true,"href":"https:\/\/inzain.bike\/nl_be\/wp-json\/wp\/v2\/product_cat?post=9884"},{"taxonomy":"product_tag","embeddable":true,"href":"https:\/\/inzain.bike\/nl_be\/wp-json\/wp\/v2\/product_tag?post=9884"}],"curies":[{"name":"wp","href":"https:\/\/api.w.org\/{rel}","templated":true}]}}