{"id":114,"date":"2021-04-07T19:02:41","date_gmt":"2021-04-07T17:02:41","guid":{"rendered":"https:\/\/inzain.bike\/?page_id=114"},"modified":"2021-04-07T19:02:41","modified_gmt":"2021-04-07T17:02:41","slug":"gravel-pa-mallorca-ride-report","status":"publish","type":"page","link":"https:\/\/inzain.bike\/sv_se\/gravel-pa-mallorca-ride-report\/","title":{"rendered":"Gravel p\u00e5 Mallorca  Ride Report"},"content":{"rendered":"\n<div class=\"wp-block-group alignfull has-background-background-color has-background is-layout-flow wp-block-group-is-layout-flow\">\n<div class=\"wp-block-jetpack-layout-grid alignfull column1-desktop-grid__span-10 column1-desktop-grid__start-2 column1-desktop-grid__row-1 column1-tablet-grid__span-8 column1-tablet-grid__row-1 column1-mobile-grid__span-4 column1-mobile-grid__row-1\">\n<div class=\"wp-block-jetpack-layout-grid-column wp-block-jetpack-layout-grid__padding-none\">\n<div class=\"wp-block-image\"><figure class=\"aligncenter size-large\"><img loading=\"lazy\" decoding=\"async\" width=\"3602\" height=\"3265\" src=\"https:\/\/inzain.bike\/wp-content\/uploads\/2021\/04\/g0013561.jpg?w=1024\" alt=\"\" class=\"wp-image-116\" \/><\/figure><\/div>\n<\/div>\n<\/div>\n\n\n\n<div class=\"wp-block-jetpack-layout-grid alignfull column1-desktop-grid__span-12 column1-desktop-grid__row-1 column1-tablet-grid__span-8 column1-tablet-grid__row-1 column1-mobile-grid__span-4 column1-mobile-grid__row-1\">\n<div class=\"wp-block-jetpack-layout-grid-column wp-block-jetpack-layout-grid__padding-none\">\n<p><strong>Mallorca &#8211; V\u00e5r &#8211; Landsv\u00e4gscykling<\/strong>? <\/p>\n\n\n\n<p class=\"margin-top-half\">Nejd\u00e5 inte alls, Mallorca har m\u00e5nga grymma grusv\u00e4gar att uppt\u00e4cka, och det gjorde vi!<\/p>\n\n\n\n<figure class=\"wp-block-image size-large\"><img loading=\"lazy\" decoding=\"async\" width=\"4000\" height=\"3000\" src=\"https:\/\/inzain.bike\/wp-content\/uploads\/2021\/04\/20210405_095406.jpg?w=1024\" alt=\"\" class=\"wp-image-119\" \/><\/figure>\n\n\n\n<p>Men allt fr\u00e5n b\u00f6rjan. Ursprungligen var vi 26 personer som skulle \u00e5ka till Alar\u00f3, en liten by vid foten av Orient. Vi har gjort s\u00e5 i flera \u00e5r, vi bor fantastiskt i ett eget mansion med pool, yogarum, egen vink\u00e4llare och en underbar tr\u00e4dg\u00e5rd. V\u00e5r v\u00e4rdinna sk\u00e4mmer bort oss, vi cyklar, \u00e4ter gott och njuter av livet med vinprovningar och tapas f\u00f6rutom alla grymma turer.<\/p>\n\n\n\n<figure class=\"wp-block-image size-large\"><img loading=\"lazy\" decoding=\"async\" width=\"4032\" height=\"3024\" src=\"https:\/\/inzain.bike\/wp-content\/uploads\/2021\/04\/165411931_466150988137609_3865724078445421573_n.jpg?w=1024\" alt=\"\" class=\"wp-image-117\" \/><\/figure>\n\n\n\n<p>I \u00e5r blev vi sju personer, s\u00e5 can Fressas nu 1,100 kvm boyta blev minst sagt glest bebodda.<br><br>N\u00e4r alla samlats och gjort sin check-out ride s\u00e5 tr\u00e4ffar vi v\u00e5r Guide, Martin f\u00f6r den f\u00f6rsta gravel rundan. Blandat asfalt, fin grusv\u00e4g och s\u00e5 n\u00e5gra partier med single track. Det \u00e4r ju Mallorca s\u00e5 sj\u00e4lvfallet fick vi en del h\u00f6jdmeter ocks\u00e5. Som tur var hanns b\u00e5de lunch och fika med p\u00e5 de dryga 73km och 730 hm. V\u00e4rsta backen hade 20% lutning s\u00e5 \u00e4ven om antalet metrar inte skr\u00e4mmer s\u00e5 svider det \u00e4nd\u00e5, n\u00e4r det mesta \u00e4r r\u00e4tt brant. Bra tr\u00e4ning.<\/p>\n\n\n\n<figure class=\"wp-block-image size-large\"><img loading=\"lazy\" decoding=\"async\" width=\"5184\" height=\"3888\" src=\"https:\/\/inzain.bike\/wp-content\/uploads\/2021\/04\/g0011386.jpg?w=1024\" alt=\"\" class=\"wp-image-121\" \/><\/figure>\n\n\n\n<p>Temperaturen stiger, och det \u00e4r som en varm sommardag, det k\u00e4nns magiskt att f\u00e5 ta av sig vinterkl\u00e4der, cykla med bara ben och armar. Martin tar v\u00e4l hand om oss, hj\u00e4lper till och med till d\u00e5 en av oss f\u00e5r punka (Gissa slang eller TL \ud83d\ude42 ).<\/p>\n\n\n\n<p>Vi har gemensamt best\u00e4mt att vi \u00e4ter i v\u00e5r bubbla, vi har ju hela huset f\u00f6r oss sj\u00e4lva, s\u00e5 vi lagar mat sj\u00e4lva, eller best\u00e4ller mat som levereras direkt till huset. Ett trevligt s\u00e4tt att umg\u00e5s<\/p>\n\n\n\n<figure class=\"wp-block-image size-large\"><img loading=\"lazy\" decoding=\"async\" width=\"3024\" height=\"4032\" src=\"https:\/\/inzain.bike\/wp-content\/uploads\/2021\/04\/received_163475168963992.jpeg?w=768\" alt=\"\" class=\"wp-image-124\" \/><\/figure>\n\n\n\n<p>Dagen efter, best\u00e4mmer vi att ta upp Dan p\u00e5 ses Rotes erbjudande om att komma till deras st\u00e4lle efter cyklingen, prova deras egna viner, se p\u00e5 deras grymma h\u00e4star och \u00e4ta lite ost. V\u00e4ldigt trevligt och l\u00e4rorikt om hur vin framst\u00e4lls och smaken designas, dessutom fick vi orange vin, n\u00e5got som var nytt f\u00f6r mig. Dan och hans Svenska fru Ellie har bott p\u00e5 Mallorca sedan ett antal \u00e5r f\u00f6r att ge deras d\u00f6ttrar b\u00e4sta m\u00f6jliga uppv\u00e4xt, klokt val.<\/p>\n\n\n\n<p><\/p>\n\n\n\n<figure class=\"wp-block-image size-large\"><img loading=\"lazy\" decoding=\"async\" width=\"4000\" height=\"3000\" src=\"https:\/\/inzain.bike\/wp-content\/uploads\/2021\/04\/20210331_163817.jpg?w=1024\" alt=\"\" class=\"wp-image-125\" \/><\/figure>\n\n\n\n<p><\/p>\n\n\n\n<div class=\"wp-block-buttons is-layout-flex wp-block-buttons-is-layout-flex\"><\/div>\n\n\n\n<p>N\u00e4sta dag best\u00e4mmer vi oss f\u00f6r att prova en grustur som vi f\u00e5tt av Dan, men p\u00e5 egen hand. Det visar sig bli en otroligt fin tur med stor andel grus och h\u00e4rliga v\u00e4gar.<\/p>\n\n\n\n<figure class=\"wp-block-image size-large\"><img decoding=\"async\" src=\"https:\/\/inzain.bike\/wp-content\/uploads\/2021\/04\/20210401_125754.jpg?w=1024\" alt=\"\" class=\"wp-image-127\" \/><\/figure>\n\n\n\n<p>Dammiga v\u00e4gar, all\u00e9er och gamla flodb\u00e4ddar blandas med svala lundar och sm\u00e5 kullar. Milen rullar p\u00e5 enkelt och f\u00f6r mig visar sig detta bli en av mina b\u00e4sta dagar p\u00e5 \u00f6n.<\/p>\n\n\n\n<figure class=\"wp-block-image size-large\"><img decoding=\"async\" src=\"https:\/\/inzain.bike\/wp-content\/uploads\/2021\/04\/g0012041.jpg?w=1024\" alt=\"\" class=\"wp-image-130\" \/><\/figure>\n\n\n\n<p>Turen blir ca 10 mil och 850 h\u00f6jdmeter. Lunch och fika hinner vi med.<\/p>\n\n\n\n<figure class=\"wp-block-image size-large\"><img decoding=\"async\" src=\"https:\/\/inzain.bike\/wp-content\/uploads\/2021\/04\/g0012084.jpg?w=1024\" alt=\"\" class=\"wp-image-132\" \/><\/figure>\n\n\n\n<p>P\u00e5 kv\u00e4llen lagas det Het Zucchini gryta och jag introducerar g\u00e4nget i det \u00e4rofyllda spelet liar, eller lur som det kallas p\u00e5 LiTH och KTH. Ofint nog s\u00e5 vinner jag ocks\u00e5 :).<br><br>Vinet som Helga, v\u00e5r v\u00e4rdinna trollar fram fr\u00e5n Sa Portassa, v\u00e5r egen vink\u00e4llare \u00e4r faktiskt toppklass, vi har det of\u00f6rsk\u00e4mt bra h\u00e4r p\u00e5 paradis\u00f6n.<\/p>\n\n\n\n<figure class=\"wp-block-image size-large\"><img decoding=\"async\" src=\"https:\/\/inzain.bike\/wp-content\/uploads\/2021\/04\/g0012664.jpg?w=1024\" alt=\"\" class=\"wp-image-133\" \/><\/figure>\n\n\n\n<p>Mallorca har ju \u00e4ven asfalt och nu \u00e4r det dags att prova en s\u00e5dan tur. Vi har best\u00e4mt oss att cykla Lluc backen eller col de Batalla och sedan vidare till Puerto Pollenca, f\u00f6r lunch och s\u00e5 hem via mindre bakv\u00e4gar som jag scoutat vid ett annat tillf\u00e4lle. Kl\u00e4ttringen upp till &#8220;Tankstette&#8221;, macken som ligger p\u00e5 toppen, \u00e4r en favorit, snygga serpentiner och en del skugga parat med grym utsikt och s\u00e5 en &#8220;false flat&#8221; efter 2\/3 s\u00e5 man f\u00e5r vila en minut.<\/p>\n\n\n\n<p>Snart blir det grym nerf\u00f6rs\u00e5ka till Pollenca via col de Femenia, men f\u00f6rst en kaffe och n\u00e5gra sm\u00e5 kullar till toppen. Den h\u00e4r nedf\u00f6rs\u00e5kningen \u00e4r riktigt rolig med sk\u00f6na serpentiner och riktiga vyer, sedan en l\u00e5ng slakmota fram till Puerto Pollenca, f\u00f6r en b\u00e4ttre lunch vid havet.<\/p>\n\n\n\n<figure class=\"wp-block-image size-large\"><img decoding=\"async\" src=\"https:\/\/inzain.bike\/wp-content\/uploads\/2021\/04\/g0033027.jpg?w=1024\" alt=\"\" class=\"wp-image-135\" \/><\/figure>\n\n\n\n<p>F\u00f6r mig b\u00f6rjar dock det b\u00e4sta med dagen nu, att f\u00f6lja dessa sm\u00e5 v\u00e4gar som Mallorca kryllar av, inga bilar, o\u00e4ndliga steng\u00e4rdsg\u00e5rdar, blommor dofter och ren njutning.<\/p>\n\n\n\n<figure class=\"wp-block-image size-large\"><img decoding=\"async\" src=\"https:\/\/inzain.bike\/wp-content\/uploads\/2021\/04\/g0033177.jpg?w=1024\" alt=\"\" class=\"wp-image-137\" \/><\/figure>\n\n\n\n<p><br>Till kv\u00e4llen f\u00e5r vi l\u00e4tt halstrad tonfisk med chili sallader av olika slag och s\u00e5 cr\u00e9me Brul\u00e9, livet kan vara v\u00e4rre.<\/p>\n\n\n\n<p><strong>Parc de Llevant<\/strong><\/p>\n\n\n\n<p>P\u00e5 Mallorcas Nord\u00f6stra del finns nationalparken Llevant, det \u00e4r en helt ny del f\u00f6r mig och jag var sp\u00e4nd p\u00e5 att se vad den kunde erbjuda. Vi hade skapat en rutt som startar vid parkens parkering och arrangerat transport av oss och v\u00e5ra cyklar dit. Det \u00e4r lite kyligt i luften men den f\u00f6rsta kl\u00e4ttringen l\u00f6ser v\u00e4rmen. Sen b\u00f6rjar v\u00e5r f\u00e4rd mot havet. Det \u00e4r nog bland det vackraste jag sett fr\u00e5n en cykelsadel.<br>Vi tappade alla andan lite grann.<\/p>\n\n\n\n<figure class=\"wp-block-image size-large\"><img decoding=\"async\" src=\"https:\/\/inzain.bike\/wp-content\/uploads\/2021\/04\/20210404_094354.jpg?w=1024\" alt=\"\" class=\"wp-image-139\" \/><\/figure>\n\n\n\n<p>M\u00e5nga partier ner var r\u00e4tt branta och de med smala d\u00e4ck valde att understundom g\u00e5 ner, jag hade mina 52mm MTB d\u00e4ck och fann grepp. V\u00e4gen slingrar sig ner men hela tiden ser vi havet och bergen framf\u00f6r oss.<\/p>\n\n\n\n<p>V\u00e4l nere p\u00e5 stranden \u00f6nskar vi att vi tagit med oss liten mats\u00e4ck, men vi tar in ljudet och vyerna innan den jobbiga v\u00e4gen tillbaka tar sin b\u00f6rjan.<\/p>\n\n\n\n<figure class=\"wp-block-image size-large\"><img decoding=\"async\" src=\"https:\/\/inzain.bike\/wp-content\/uploads\/2021\/04\/20210404_102625.jpg?w=1024\" alt=\"\" class=\"wp-image-141\" \/><\/figure>\n\n\n\n<p>Det \u00e4r en  hel del tuffa partier med tekniskt grus och \u00e4ven en del branta partier, 22% som mest. Min garmin Climb Pro funktion plockade fram en f\u00e4rg jag inte sett f\u00f6rut, svart! Men upp kom vi. Det tog ca tre timmar f\u00f6r 18km, n\u00e5got av ett rekord i sig. Att f\u00e5 rulla ner till Arta p\u00e5 asfalt var r\u00e4tt sk\u00f6nt, liksom pastalunch p\u00e5 torget.<\/p>\n\n\n\n<p>N\u00e4sta del i turen ska ske ner till Manacor och vi valde att prova Vias Verde, en gammal banvall p\u00e5 tre mil som gjorts om till grusv\u00e4g, kvar finns alla stationer och det hela \u00e4r r\u00e4tt kul och lite udda f\u00f6r det \u00e4r s\u00e5 modernt. Varf\u00f6r togs r\u00e4lsen bort? F\u00f6r oss var det i alla fall tur.<\/p>\n\n\n\n<figure class=\"wp-block-image size-large\"><img decoding=\"async\" src=\"https:\/\/inzain.bike\/wp-content\/uploads\/2021\/04\/g0023909.jpg?w=1024\" alt=\"\" class=\"wp-image-143\" \/><\/figure>\n\n\n\n<p>N\u00e4r vi kom fram till Manacor k\u00e4nde vi att det fick r\u00e4cka f\u00f6r idag, och smidigt nog finns t\u00e5g p\u00e5 Mallorca. Sj\u00e4lvfallet \u00e4r cyklar v\u00e4lkomna, det \u00e4r ju ett civiliserat land&#8230;<\/p>\n\n\n\n<p>P\u00e5 kv\u00e4llen har Helga ordnat med vinprovning och Tapas, fantastiskt trevligt och gott. Sj\u00e4lv fick jag l\u00e4ra mig att man kanske ska anv\u00e4nda spottkoppen ibland, m\u00e5nga glas med vin blev det. Vi kom ocks\u00e5 fram till att vi beh\u00f6ver gang names, s\u00e5 Shiny Rider, Shady Riser, Slack Blatter, Dark Klingon, Ghost Rider och b\u00e4st av alla Dirk Diggler f\u00f6ddes.<\/p>\n\n\n\n<p>Den avslutande dagen valde vissa en bergstur med col de Soller och Puig Major (aka Piggen) medan andra tog en sn\u00e4llare grustur p\u00e5 platten, innan det var dags att pack ihop cyklarna, rensa kylsk\u00e5pet och b\u00f6rja se fram mot n\u00e4sta resa hit, som turligt nog blir redan i Oktober, d\u00e5 ska vi \u00e4ven passa p\u00e5 att testa Gravel p\u00e5 Menorca och s\u00e5 har Martin lite nya \u00f6verraskningar, missa inte det.<br><br><\/p>\n\n\n\n<figure class=\"wp-block-image size-large\"><img decoding=\"async\" src=\"https:\/\/inzain.bike\/wp-content\/uploads\/2021\/04\/20210405_090449.jpg?w=1024\" alt=\"\" class=\"wp-image-145\" \/><\/figure>\n\n\n\n<figure class=\"wp-block-image size-large\"><img decoding=\"async\" src=\"https:\/\/inzain.bike\/wp-content\/uploads\/2021\/04\/20210405_090456.jpg?w=1024\" alt=\"\" class=\"wp-image-146\" \/><\/figure>\n\n\n\n<p><br><\/p>\n\n\n\n<p><br><\/p>\n<\/div>\n<\/div>\n<\/div>\n","protected":false},"excerpt":{"rendered":"<p>Mallorca &#8211; V\u00e5r &#8211; Landsv\u00e4gscykling? Nejd\u00e5 inte alls, Mallorca har m\u00e5nga grymma grusv\u00e4gar att uppt\u00e4cka, och det gjorde vi! Men allt fr\u00e5n b\u00f6rjan. Ursprungligen var vi 26 personer som skulle \u00e5ka till Alar\u00f3, en liten by vid foten av Orient. Vi har gjort s\u00e5 i flera \u00e5r, vi bor fantastiskt i ett eget mansion med [&hellip;]<\/p>\n","protected":false},"author":135133094,"featured_media":0,"parent":0,"menu_order":0,"comment_status":"closed","ping_status":"closed","template":"","meta":{"_coblocks_attr":"","_coblocks_dimensions":"","_coblocks_responsive_height":"","_coblocks_accordion_ie_support":"","footnotes":""},"class_list":["post-114","page","type-page","status-publish","hentry"],"yoast_head":"<!-- This site is optimized with the Yoast SEO plugin v27.2 - https:\/\/yoast.com\/product\/yoast-seo-wordpress\/ -->\n<title>Gravel p\u00e5 Mallorca Ride Report - INZAIN Cycling EXPERIENCES<\/title>\n<meta name=\"robots\" content=\"index, follow, max-snippet:-1, max-image-preview:large, max-video-preview:-1\" \/>\n<link rel=\"canonical\" href=\"https:\/\/inzain.bike\/sv_se\/gravel-pa-mallorca-ride-report\/\" \/>\n<meta property=\"og:locale\" content=\"sv_SE\" \/>\n<meta property=\"og:type\" content=\"article\" \/>\n<meta property=\"og:title\" content=\"Gravel p\u00e5 Mallorca Ride Report - INZAIN Cycling EXPERIENCES\" \/>\n<meta property=\"og:description\" content=\"Mallorca &#8211; V\u00e5r &#8211; Landsv\u00e4gscykling? Nejd\u00e5 inte alls, Mallorca har m\u00e5nga grymma grusv\u00e4gar att uppt\u00e4cka, och det gjorde vi! Men allt fr\u00e5n b\u00f6rjan. Ursprungligen var vi 26 personer som skulle \u00e5ka till Alar\u00f3, en liten by vid foten av Orient. Vi har gjort s\u00e5 i flera \u00e5r, vi bor fantastiskt i ett eget mansion med [&hellip;]\" \/>\n<meta property=\"og:url\" content=\"https:\/\/inzain.bike\/sv_se\/gravel-pa-mallorca-ride-report\/\" \/>\n<meta property=\"og:site_name\" content=\"INZAIN Cycling EXPERIENCES\" \/>\n<meta property=\"article:publisher\" content=\"https:\/\/www.facebook.com\/Inzain.bike\" \/>\n<meta property=\"og:image\" content=\"https:\/\/inzain.bike\/wp-content\/uploads\/2021\/04\/g0013561.jpg?w=1024\" \/>\n<meta name=\"twitter:card\" content=\"summary_large_image\" \/>\n<meta name=\"twitter:label1\" content=\"Ber\u00e4knad l\u00e4stid\" \/>\n\t<meta name=\"twitter:data1\" content=\"6 minuter\" \/>\n<script type=\"application\/ld+json\" class=\"yoast-schema-graph\">{\"@context\":\"https:\/\/schema.org\",\"@graph\":[{\"@type\":\"WebPage\",\"@id\":\"https:\/\/inzain.bike\/en_gb\/gravel-pa-mallorca-ride-report\/\",\"url\":\"https:\/\/inzain.bike\/en_gb\/gravel-pa-mallorca-ride-report\/\",\"name\":\"Gravel p\u00e5 Mallorca Ride Report - INZAIN Cycling EXPERIENCES\",\"isPartOf\":{\"@id\":\"https:\/\/inzain.bike\/fr_be\/#website\"},\"primaryImageOfPage\":{\"@id\":\"https:\/\/inzain.bike\/en_gb\/gravel-pa-mallorca-ride-report\/#primaryimage\"},\"image\":{\"@id\":\"https:\/\/inzain.bike\/en_gb\/gravel-pa-mallorca-ride-report\/#primaryimage\"},\"thumbnailUrl\":\"https:\/\/inzain.bike\/wp-content\/uploads\/2021\/04\/g0013561.jpg?w=1024\",\"datePublished\":\"2021-04-07T17:02:41+00:00\",\"breadcrumb\":{\"@id\":\"https:\/\/inzain.bike\/en_gb\/gravel-pa-mallorca-ride-report\/#breadcrumb\"},\"inLanguage\":\"sv-SE\",\"potentialAction\":[{\"@type\":\"ReadAction\",\"target\":[\"https:\/\/inzain.bike\/en_gb\/gravel-pa-mallorca-ride-report\/\"]}]},{\"@type\":\"ImageObject\",\"inLanguage\":\"sv-SE\",\"@id\":\"https:\/\/inzain.bike\/en_gb\/gravel-pa-mallorca-ride-report\/#primaryimage\",\"url\":\"https:\/\/inzain.bike\/wp-content\/uploads\/2021\/04\/g0013561.jpg?w=1024\",\"contentUrl\":\"https:\/\/inzain.bike\/wp-content\/uploads\/2021\/04\/g0013561.jpg?w=1024\"},{\"@type\":\"BreadcrumbList\",\"@id\":\"https:\/\/inzain.bike\/en_gb\/gravel-pa-mallorca-ride-report\/#breadcrumb\",\"itemListElement\":[{\"@type\":\"ListItem\",\"position\":1,\"name\":\"Hem\",\"item\":\"https:\/\/inzain.bike\/fr_be\/\"},{\"@type\":\"ListItem\",\"position\":2,\"name\":\"Gravel p\u00e5 Mallorca Ride Report\"}]},{\"@type\":\"WebSite\",\"@id\":\"https:\/\/inzain.bike\/fr_be\/#website\",\"url\":\"https:\/\/inzain.bike\/fr_be\/\",\"name\":\"INZAIN Cycling EXPERIENCES\",\"description\":\"Cyckling Adventures  - for everyone\",\"publisher\":{\"@id\":\"https:\/\/inzain.bike\/fr_be\/#organization\"},\"alternateName\":\"INZAIN Gravel & Travel\",\"potentialAction\":[{\"@type\":\"SearchAction\",\"target\":{\"@type\":\"EntryPoint\",\"urlTemplate\":\"https:\/\/inzain.bike\/fr_be\/?s={search_term_string}\"},\"query-input\":{\"@type\":\"PropertyValueSpecification\",\"valueRequired\":true,\"valueName\":\"search_term_string\"}}],\"inLanguage\":\"sv-SE\"},{\"@type\":\"Organization\",\"@id\":\"https:\/\/inzain.bike\/fr_be\/#organization\",\"name\":\"INZAIN Cycling EXPERIENCES\",\"url\":\"https:\/\/inzain.bike\/fr_be\/\",\"logo\":{\"@type\":\"ImageObject\",\"inLanguage\":\"sv-SE\",\"@id\":\"https:\/\/inzain.bike\/fr_be\/#\/schema\/logo\/image\/\",\"url\":\"https:\/\/i0.wp.com\/inzain.bike\/wp-content\/uploads\/2023\/09\/cropped-INZAIN_512x512_white.png?fit=512%2C512&ssl=1\",\"contentUrl\":\"https:\/\/i0.wp.com\/inzain.bike\/wp-content\/uploads\/2023\/09\/cropped-INZAIN_512x512_white.png?fit=512%2C512&ssl=1\",\"width\":512,\"height\":512,\"caption\":\"INZAIN Cycling EXPERIENCES\"},\"image\":{\"@id\":\"https:\/\/inzain.bike\/fr_be\/#\/schema\/logo\/image\/\"},\"sameAs\":[\"https:\/\/www.facebook.com\/Inzain.bike\",\"https:\/\/www.instagram.com\/inzainbike\"]}]}<\/script>\n<!-- \/ Yoast SEO plugin. -->","yoast_head_json":{"title":"Gravel p\u00e5 Mallorca Ride Report - INZAIN Cycling EXPERIENCES","robots":{"index":"index","follow":"follow","max-snippet":"max-snippet:-1","max-image-preview":"max-image-preview:large","max-video-preview":"max-video-preview:-1"},"canonical":"https:\/\/inzain.bike\/sv_se\/gravel-pa-mallorca-ride-report\/","og_locale":"sv_SE","og_type":"article","og_title":"Gravel p\u00e5 Mallorca Ride Report - INZAIN Cycling EXPERIENCES","og_description":"Mallorca &#8211; V\u00e5r &#8211; Landsv\u00e4gscykling? Nejd\u00e5 inte alls, Mallorca har m\u00e5nga grymma grusv\u00e4gar att uppt\u00e4cka, och det gjorde vi! Men allt fr\u00e5n b\u00f6rjan. Ursprungligen var vi 26 personer som skulle \u00e5ka till Alar\u00f3, en liten by vid foten av Orient. Vi har gjort s\u00e5 i flera \u00e5r, vi bor fantastiskt i ett eget mansion med [&hellip;]","og_url":"https:\/\/inzain.bike\/sv_se\/gravel-pa-mallorca-ride-report\/","og_site_name":"INZAIN Cycling EXPERIENCES","article_publisher":"https:\/\/www.facebook.com\/Inzain.bike","og_image":[{"url":"https:\/\/inzain.bike\/wp-content\/uploads\/2021\/04\/g0013561.jpg?w=1024","type":"","width":"","height":""}],"twitter_card":"summary_large_image","twitter_misc":{"Ber\u00e4knad l\u00e4stid":"6 minuter"},"schema":{"@context":"https:\/\/schema.org","@graph":[{"@type":"WebPage","@id":"https:\/\/inzain.bike\/en_gb\/gravel-pa-mallorca-ride-report\/","url":"https:\/\/inzain.bike\/en_gb\/gravel-pa-mallorca-ride-report\/","name":"Gravel p\u00e5 Mallorca Ride Report - INZAIN Cycling EXPERIENCES","isPartOf":{"@id":"https:\/\/inzain.bike\/fr_be\/#website"},"primaryImageOfPage":{"@id":"https:\/\/inzain.bike\/en_gb\/gravel-pa-mallorca-ride-report\/#primaryimage"},"image":{"@id":"https:\/\/inzain.bike\/en_gb\/gravel-pa-mallorca-ride-report\/#primaryimage"},"thumbnailUrl":"https:\/\/inzain.bike\/wp-content\/uploads\/2021\/04\/g0013561.jpg?w=1024","datePublished":"2021-04-07T17:02:41+00:00","breadcrumb":{"@id":"https:\/\/inzain.bike\/en_gb\/gravel-pa-mallorca-ride-report\/#breadcrumb"},"inLanguage":"sv-SE","potentialAction":[{"@type":"ReadAction","target":["https:\/\/inzain.bike\/en_gb\/gravel-pa-mallorca-ride-report\/"]}]},{"@type":"ImageObject","inLanguage":"sv-SE","@id":"https:\/\/inzain.bike\/en_gb\/gravel-pa-mallorca-ride-report\/#primaryimage","url":"https:\/\/inzain.bike\/wp-content\/uploads\/2021\/04\/g0013561.jpg?w=1024","contentUrl":"https:\/\/inzain.bike\/wp-content\/uploads\/2021\/04\/g0013561.jpg?w=1024"},{"@type":"BreadcrumbList","@id":"https:\/\/inzain.bike\/en_gb\/gravel-pa-mallorca-ride-report\/#breadcrumb","itemListElement":[{"@type":"ListItem","position":1,"name":"Hem","item":"https:\/\/inzain.bike\/fr_be\/"},{"@type":"ListItem","position":2,"name":"Gravel p\u00e5 Mallorca Ride Report"}]},{"@type":"WebSite","@id":"https:\/\/inzain.bike\/fr_be\/#website","url":"https:\/\/inzain.bike\/fr_be\/","name":"INZAIN Cycling EXPERIENCES","description":"Cyckling Adventures  - for everyone","publisher":{"@id":"https:\/\/inzain.bike\/fr_be\/#organization"},"alternateName":"INZAIN Gravel & Travel","potentialAction":[{"@type":"SearchAction","target":{"@type":"EntryPoint","urlTemplate":"https:\/\/inzain.bike\/fr_be\/?s={search_term_string}"},"query-input":{"@type":"PropertyValueSpecification","valueRequired":true,"valueName":"search_term_string"}}],"inLanguage":"sv-SE"},{"@type":"Organization","@id":"https:\/\/inzain.bike\/fr_be\/#organization","name":"INZAIN Cycling EXPERIENCES","url":"https:\/\/inzain.bike\/fr_be\/","logo":{"@type":"ImageObject","inLanguage":"sv-SE","@id":"https:\/\/inzain.bike\/fr_be\/#\/schema\/logo\/image\/","url":"https:\/\/i0.wp.com\/inzain.bike\/wp-content\/uploads\/2023\/09\/cropped-INZAIN_512x512_white.png?fit=512%2C512&ssl=1","contentUrl":"https:\/\/i0.wp.com\/inzain.bike\/wp-content\/uploads\/2023\/09\/cropped-INZAIN_512x512_white.png?fit=512%2C512&ssl=1","width":512,"height":512,"caption":"INZAIN Cycling EXPERIENCES"},"image":{"@id":"https:\/\/inzain.bike\/fr_be\/#\/schema\/logo\/image\/"},"sameAs":["https:\/\/www.facebook.com\/Inzain.bike","https:\/\/www.instagram.com\/inzainbike"]}]}},"amp_enabled":true,"_links":{"self":[{"href":"https:\/\/inzain.bike\/sv_se\/wp-json\/wp\/v2\/pages\/114","targetHints":{"allow":["GET"]}}],"collection":[{"href":"https:\/\/inzain.bike\/sv_se\/wp-json\/wp\/v2\/pages"}],"about":[{"href":"https:\/\/inzain.bike\/sv_se\/wp-json\/wp\/v2\/types\/page"}],"author":[{"embeddable":true,"href":"https:\/\/inzain.bike\/sv_se\/wp-json\/wp\/v2\/users\/135133094"}],"replies":[{"embeddable":true,"href":"https:\/\/inzain.bike\/sv_se\/wp-json\/wp\/v2\/comments?post=114"}],"version-history":[{"count":0,"href":"https:\/\/inzain.bike\/sv_se\/wp-json\/wp\/v2\/pages\/114\/revisions"}],"wp:attachment":[{"href":"https:\/\/inzain.bike\/sv_se\/wp-json\/wp\/v2\/media?parent=114"}],"curies":[{"name":"wp","href":"https:\/\/api.w.org\/{rel}","templated":true}]}}