{"id":1969,"date":"2022-10-02T18:06:05","date_gmt":"2022-10-02T16:06:05","guid":{"rendered":"https:\/\/inzain.bike\/?page_id=1969"},"modified":"2023-06-09T09:00:18","modified_gmt":"2023-06-09T07:00:18","slug":"dalsland-gravel-camp","status":"publish","type":"page","link":"https:\/\/inzain.bike\/sv_se\/dalsland-gravel-camp\/","title":{"rendered":"Dalsland Gravel Camp"},"content":{"rendered":"\n<p>V\u00e4lkommen till en fantastisk helg med gravel cykling  i Dalsland.<\/p>\n\n\n\n<figure class=\"wp-block-image size-full\"><img loading=\"lazy\" decoding=\"async\" width=\"945\" height=\"630\" src=\"https:\/\/inzain.bike\/wp-content\/uploads\/2022\/10\/dalsland2.webp\" alt=\"\" class=\"wp-image-1976\" srcset=\"https:\/\/inzain.bike\/wp-content\/uploads\/2022\/10\/dalsland2.webp 945w, https:\/\/inzain.bike\/wp-content\/uploads\/2022\/10\/dalsland2-300x200.webp 300w, https:\/\/inzain.bike\/wp-content\/uploads\/2022\/10\/dalsland2-768x512.webp 768w, https:\/\/inzain.bike\/wp-content\/uploads\/2022\/10\/dalsland2-18x12.webp 18w, https:\/\/inzain.bike\/wp-content\/uploads\/2022\/10\/dalsland2-600x400.webp 600w\" sizes=\"auto, (max-width: 945px) 100vw, 945px\" \/><\/figure>\n\n\n\n<p><strong>N\u00e4r<\/strong>: 17-18 juni 2023.<br><strong>Var<\/strong>: Dalsland<br><strong>Hur<\/strong>: Gravel Camp p\u00e5 fantastiska v\u00e4gar<br><strong>Sova<\/strong>: Vi har bokat ett antal rum p\u00e5 <a href=\"https:\/\/www.kroppefjall.com\/\">Kroppefj\u00e4ll<\/a><br><strong>Ing\u00e5r<\/strong>: Att delta \u00e4r kostnadsfritt men vi ordnat med boendepaket f\u00f6r de som vill,<br>boende, frukost och middag l\u00f6rdag kv\u00e4ll ing\u00e5r i det. Lunch och fika p\u00e5 turerna betalar man sj\u00e4lv<br><strong>Pris<\/strong>: 1,150 KR per person, +300KR f\u00f6r enkelrum, extra natt (645kr del av dubbelrum 895kr enkelrum). Vill man bara \u00e4ta v\u00e5r trer\u00e4ttersmiddag, s\u00e5 g\u00e5r det bra. 495 Kronor kostar det. Vatten ing\u00e5r till middag, alkoholfri dryck finns att k\u00f6pa, vill man ha alkohol tar man med det sj\u00e4lv.<\/p>\n\n\n\n<figure class=\"wp-block-embed is-type-video is-provider-youtube wp-block-embed-youtube wp-embed-aspect-16-9 wp-has-aspect-ratio\"><div class=\"wp-block-embed__wrapper\">\n<iframe loading=\"lazy\" title=\"Tillbaka till Naturen \u2013 Dalsland, V\u00e4stsverige\" width=\"500\" height=\"281\" src=\"https:\/\/www.youtube.com\/embed\/NADfCRF_mcU?feature=oembed\" frameborder=\"0\" allow=\"accelerometer; autoplay; clipboard-write; encrypted-media; gyroscope; picture-in-picture; web-share\" referrerpolicy=\"strict-origin-when-cross-origin\" allowfullscreen><\/iframe>\n<\/div><\/figure>\n\n\n\n<p><strong>Vad kan du f\u00f6rv\u00e4nta dig?<\/strong><\/p>\n\n\n\n<p>En h\u00e4rlig helg med fantastiska grusv\u00e4gar och trevligt s\u00e4llskap. Vi bor fint, vid vattnet och har tillg\u00e5ng till bad och bastu. Middagen kommer att tillagas utomhus av lokala r\u00e5varor och kommer smaka underbart. Vill man dricka \u00f6l eller vin s\u00e5 tar man med det sj\u00e4lv. Det kan f\u00f6rvaras i kylsk\u00e5p om man s\u00e5 \u00f6nskar.<\/p>\n\n\n\n<div class=\"wp-block-jetpack-tiled-gallery aligncenter is-style-rectangular\"><div class=\"tiled-gallery__gallery\"><div class=\"tiled-gallery__row\"><div class=\"tiled-gallery__col\" style=\"flex-basis:66.24822%\"><figure class=\"tiled-gallery__item\"><img decoding=\"async\" alt=\"\" data-height=\"3900\" data-id=\"2048\" data-link=\"https:\/\/inzain.bike\/dalsland-gravel-camp\/pexels-daniel-torobekov-5694144\/\" data-url=\"https:\/\/inzain.bike\/wp-content\/uploads\/2022\/10\/pexels-daniel-torobekov-5694144-1010x1024.jpg\" data-width=\"3845\" src=\"https:\/\/i2.wp.com\/inzain.bike\/wp-content\/uploads\/2022\/10\/pexels-daniel-torobekov-5694144-1010x1024.jpg?ssl=1\" data-amp-layout=\"responsive\"\/><\/figure><\/div><div class=\"tiled-gallery__col\" style=\"flex-basis:33.75178%\"><figure class=\"tiled-gallery__item\"><img decoding=\"async\" alt=\"\" data-height=\"1707\" data-id=\"2049\" data-link=\"https:\/\/inzain.bike\/dalsland-gravel-camp\/dalsland_bastu\/\" data-url=\"https:\/\/inzain.bike\/wp-content\/uploads\/2022\/10\/dalsland_bastu-1024x683.jpeg\" data-width=\"2560\" src=\"https:\/\/i2.wp.com\/inzain.bike\/wp-content\/uploads\/2022\/10\/dalsland_bastu-1024x683.jpeg?ssl=1\" data-amp-layout=\"responsive\"\/><\/figure><figure class=\"tiled-gallery__item\"><img decoding=\"async\" alt=\"\" data-height=\"1136\" data-id=\"2051\" data-link=\"https:\/\/inzain.bike\/dalsland-gravel-camp\/dalsland_mat\/\" data-url=\"https:\/\/inzain.bike\/wp-content\/uploads\/2022\/10\/dalsland_mat-1024x568.jpg\" data-width=\"2048\" src=\"https:\/\/i1.wp.com\/inzain.bike\/wp-content\/uploads\/2022\/10\/dalsland_mat-1024x568.jpg?ssl=1\" data-amp-layout=\"responsive\"\/><\/figure><figure class=\"tiled-gallery__item\"><img decoding=\"async\" alt=\"\" data-height=\"283\" data-id=\"2053\" data-link=\"https:\/\/inzain.bike\/dalsland-gravel-camp\/dalsland5-1\/\" data-url=\"https:\/\/inzain.bike\/wp-content\/uploads\/2022\/10\/dalsland5-1.png\" data-width=\"377\" src=\"https:\/\/i1.wp.com\/inzain.bike\/wp-content\/uploads\/2022\/10\/dalsland5-1.png?ssl=1\" data-amp-layout=\"responsive\"\/><\/figure><\/div><\/div><\/div><\/div>\n\n\n\n<p><br><\/p>\n\n\n\n<figure class=\"wp-block-image size-full\"><img loading=\"lazy\" decoding=\"async\" width=\"945\" height=\"630\" src=\"https:\/\/inzain.bike\/wp-content\/uploads\/2022\/10\/dalsland3.webp\" alt=\"\" class=\"wp-image-1977\" srcset=\"https:\/\/inzain.bike\/wp-content\/uploads\/2022\/10\/dalsland3.webp 945w, https:\/\/inzain.bike\/wp-content\/uploads\/2022\/10\/dalsland3-300x200.webp 300w, https:\/\/inzain.bike\/wp-content\/uploads\/2022\/10\/dalsland3-768x512.webp 768w, https:\/\/inzain.bike\/wp-content\/uploads\/2022\/10\/dalsland3-18x12.webp 18w, https:\/\/inzain.bike\/wp-content\/uploads\/2022\/10\/dalsland3-600x400.webp 600w\" sizes=\"auto, (max-width: 945px) 100vw, 945px\" \/><\/figure>\n\n\n\n<p><br><strong>Dalslands Kanal<\/strong><\/p>\n\n\n\n<p>Dalslands kanal \u00e4r en fantastisk labyrint av stora och sm\u00e5 sj\u00f6ar, \u00e4lvar och slingrande kanalstumpar i Dalsland. Kanalen \u00e4r ett stort b\u00e5t- och kanotsportomr\u00e5de. Bara en mil \u00e4r gr\u00e4vd eller spr\u00e4ngd kanal, resten \u00e4r ett 24 mil l\u00e5ngt segelbart sj\u00f6system mellan K\u00f6pmannebro vid V\u00e4nern och norska gr\u00e4nsen. Dalslands Kanal f\u00e4rdigst\u00e4lldes under \u00e5ren 1864-1868. Arbetet leddes av den k\u00e4nda kanalbyggaren Nils Ericson. Fr\u00e4msta attraktion \u00e4r akvedukten i H\u00e5verud.<\/p>\n\n\n\n<figure class=\"wp-block-image size-full\"><img loading=\"lazy\" decoding=\"async\" width=\"800\" height=\"800\" src=\"https:\/\/inzain.bike\/wp-content\/uploads\/2022\/10\/dalsland6.jpg\" alt=\"\" class=\"wp-image-2038\" srcset=\"https:\/\/inzain.bike\/wp-content\/uploads\/2022\/10\/dalsland6.jpg 800w, https:\/\/inzain.bike\/wp-content\/uploads\/2022\/10\/dalsland6-300x300.jpg 300w, https:\/\/inzain.bike\/wp-content\/uploads\/2022\/10\/dalsland6-150x150.jpg 150w, https:\/\/inzain.bike\/wp-content\/uploads\/2022\/10\/dalsland6-768x768.jpg 768w, https:\/\/inzain.bike\/wp-content\/uploads\/2022\/10\/dalsland6-12x12.jpg 12w, https:\/\/inzain.bike\/wp-content\/uploads\/2022\/10\/dalsland6-600x600.jpg 600w, https:\/\/inzain.bike\/wp-content\/uploads\/2022\/10\/dalsland6-100x100.jpg 100w\" sizes=\"auto, (max-width: 800px) 100vw, 800px\" \/><\/figure>\n\n\n\n<p><br><strong>L\u00f6rdag<\/strong> <br>Vi b\u00f6rjar i Skog \u00f6ver Famsheden, Blikseud och Gullesby f\u00f6r att sedan g\u00e5 in p\u00e5 det vidstr\u00e4ckta kulturlandskapet mot Br\u00e5landa. D\u00e4r \u00e4ter vi lunch innan vi forts\u00e4tter \u00f6ver S\u00f6rhagen och Luserup mot Udden. N\u00e5gra bilder senare forts\u00e4tter vi l\u00e4ngs V\u00e4nerns strand till Mellerud och s\u00e5 \u00e5ter till anl\u00e4ggningen f\u00f6r en v\u00e4lf\u00f6rtj\u00e4nt \u00f6l och en b\u00e4ttre middag.<\/p>\n\n\n\n<figure class=\"wp-block-image size-large\"><img loading=\"lazy\" decoding=\"async\" width=\"1024\" height=\"685\" src=\"https:\/\/inzain.bike\/wp-content\/uploads\/2022\/10\/dalsland4-1024x685.jpg\" alt=\"\" class=\"wp-image-2034\" srcset=\"https:\/\/inzain.bike\/wp-content\/uploads\/2022\/10\/dalsland4-1024x685.jpg 1024w, https:\/\/inzain.bike\/wp-content\/uploads\/2022\/10\/dalsland4-300x201.jpg 300w, https:\/\/inzain.bike\/wp-content\/uploads\/2022\/10\/dalsland4-768x514.jpg 768w, https:\/\/inzain.bike\/wp-content\/uploads\/2022\/10\/dalsland4-18x12.jpg 18w, https:\/\/inzain.bike\/wp-content\/uploads\/2022\/10\/dalsland4-600x402.jpg 600w, https:\/\/inzain.bike\/wp-content\/uploads\/2022\/10\/dalsland4.jpg 1200w\" sizes=\"auto, (max-width: 1024px) 100vw, 1024px\" \/><\/figure>\n\n\n<p><iframe style=\"width: 1px; min-width: 100%; height: 700px; border: none;\" src=\"https:\/\/ridewithgps.com\/embeds?type=route&amp;id=41058165&amp;title=Dalsland%20L%C3%B6rdag&amp;metricUnits=true&amp;sampleGraph=true&amp;distanceMarkers=true&amp;privacyCode=H6LHVljgNwVKkWPA\" scrolling=\"no\"><\/iframe><\/p>\n\n\n<p><strong>S\u00f6ndag<\/strong> <br>Vi kommer g\u00e5 norrut, i kanalens tecken. Efter Linderyd f\u00f6ljer vi Svanfjorden och b\u00f6rjar v\u00e5r tur runt \u00c5nimmen. Vid km 40 tar vi en fika vid Larssons G\u00e5rdsbutik, Vi n\u00e5r Str\u00f6mmens sluss efter 45 km p\u00e5 v\u00e5r v\u00e4g mot H\u00e5verud och den ber\u00f6mda kanalen d\u00e4r. Vi \u00e4ter lunch p\u00e5 r\u00f6keriet och njuter av kanalen. Vi k\u00f6r igenom Svankila Naturreservat, passerar Sk\u00e5llerud och s\u00e5 \u00e5ter mot Kroppefj\u00e4ll.<\/p>\n\n\n\n<p><iframe src=\"https:\/\/ridewithgps.com\/embeds?type=route&amp;id=43216379&amp;metricUnits=true&amp;sampleGraph=true&amp;privacyCode=t7tn8sUq9wDh4zW3\" style=\"width: 1px; min-width: 100%; height: 700px; border: none;\" scrolling=\"no\"><\/iframe><\/p>\n\n\n\n<figure class=\"wp-block-image size-large\"><img loading=\"lazy\" decoding=\"async\" width=\"1024\" height=\"683\" src=\"https:\/\/inzain.bike\/wp-content\/uploads\/2022\/10\/dalsland1-1024x683.jpg\" alt=\"\" class=\"wp-image-1978\" srcset=\"https:\/\/inzain.bike\/wp-content\/uploads\/2022\/10\/dalsland1-1024x683.jpg 1024w, https:\/\/inzain.bike\/wp-content\/uploads\/2022\/10\/dalsland1-300x200.jpg 300w, https:\/\/inzain.bike\/wp-content\/uploads\/2022\/10\/dalsland1-768x512.jpg 768w, https:\/\/inzain.bike\/wp-content\/uploads\/2022\/10\/dalsland1-18x12.jpg 18w, https:\/\/inzain.bike\/wp-content\/uploads\/2022\/10\/dalsland1-600x400.jpg 600w, https:\/\/inzain.bike\/wp-content\/uploads\/2022\/10\/dalsland1.jpg 1080w\" sizes=\"auto, (max-width: 1024px) 100vw, 1024px\" \/><\/figure>\n\n\n\n<h6 class=\"wp-block-heading\"><strong>Vi cyklar enligt Grusets V\u00e4nners principer.<\/strong><\/h6>\n\n\n\n<p>Vi cyklar f\u00f6r att ha trevligt, det \u00e4r inte n\u00e5gra intervaller och det handlar inte om att cykla snabbast utan att f\u00e5 den b\u00e4sta upplevelsen. Vill man spr\u00e4tta s\u00e5 g\u00e5r det naturligtvis bra, man v\u00e4ntar in l\u00e4ngre fram. Vi kan ocks\u00e5 komma att dela gruppen, om det visar sig att det blir b\u00e4ttre. V\u00e5ra Guider har v\u00e4ldigt stor erfarenhet av att arrangera och h\u00e5lla i dessa turer.<\/p>\n\n\n\n<p>* Ingen l\u00e4mnas ensam, alla ska med<br>* Spr\u00e4tta g\u00e5r bra, v\u00e4nta in l\u00e4ngre fram<br>* Vi tar hand om och hj\u00e4lper varandra vid punkor eller annat.<br>* Vi cyklar s\u00e4kert och h\u00e5ller avst\u00e5nd, t\u00e4nk tre sekunders regeln.<br>* Allt handlar om att f\u00e5 en trevlig dag.<\/p>\n\n\n\n<h6 class=\"wp-block-heading\">Anm\u00e4lan St\u00e4ngd<\/h6>\n","protected":false},"excerpt":{"rendered":"<p>V\u00e4lkommen till en fantastisk helg med gravel cykling i Dalsland. N\u00e4r: 17-18 juni 2023.Var: DalslandHur: Gravel Camp p\u00e5 fantastiska v\u00e4garSova: Vi har bokat ett antal rum p\u00e5 Kroppefj\u00e4llIng\u00e5r: Att delta \u00e4r kostnadsfritt men vi ordnat med boendepaket f\u00f6r de som vill,boende, frukost och middag l\u00f6rdag kv\u00e4ll ing\u00e5r i det. Lunch och fika p\u00e5 turerna betalar [&hellip;]<\/p>\n","protected":false},"author":135133094,"featured_media":0,"parent":0,"menu_order":0,"comment_status":"closed","ping_status":"closed","template":"","meta":{"_coblocks_attr":"","_coblocks_dimensions":"","_coblocks_responsive_height":"","_coblocks_accordion_ie_support":"","footnotes":""},"class_list":["post-1969","page","type-page","status-publish","hentry"],"yoast_head":"<!-- This site is optimized with the Yoast SEO plugin v27.2 - https:\/\/yoast.com\/product\/yoast-seo-wordpress\/ -->\n<title>Dalsland Gravel Camp - INZAIN Cycling EXPERIENCES<\/title>\n<meta name=\"robots\" content=\"index, follow, max-snippet:-1, max-image-preview:large, max-video-preview:-1\" \/>\n<link rel=\"canonical\" href=\"https:\/\/inzain.bike\/sv_se\/dalsland-gravel-camp\/\" \/>\n<meta property=\"og:locale\" content=\"sv_SE\" \/>\n<meta property=\"og:type\" content=\"article\" \/>\n<meta property=\"og:title\" content=\"Dalsland Gravel Camp - INZAIN Cycling EXPERIENCES\" \/>\n<meta property=\"og:description\" content=\"V\u00e4lkommen till en fantastisk helg med gravel cykling i Dalsland. N\u00e4r: 17-18 juni 2023.Var: DalslandHur: Gravel Camp p\u00e5 fantastiska v\u00e4garSova: Vi har bokat ett antal rum p\u00e5 Kroppefj\u00e4llIng\u00e5r: Att delta \u00e4r kostnadsfritt men vi ordnat med boendepaket f\u00f6r de som vill,boende, frukost och middag l\u00f6rdag kv\u00e4ll ing\u00e5r i det. Lunch och fika p\u00e5 turerna betalar [&hellip;]\" \/>\n<meta property=\"og:url\" content=\"https:\/\/inzain.bike\/sv_se\/dalsland-gravel-camp\/\" \/>\n<meta property=\"og:site_name\" content=\"INZAIN Cycling EXPERIENCES\" \/>\n<meta property=\"article:publisher\" content=\"https:\/\/www.facebook.com\/Inzain.bike\" \/>\n<meta property=\"article:modified_time\" content=\"2023-06-09T07:00:18+00:00\" \/>\n<meta property=\"og:image\" content=\"https:\/\/inzain.bike\/wp-content\/uploads\/2022\/10\/dalsland2.webp\" \/>\n<meta name=\"twitter:card\" content=\"summary_large_image\" \/>\n<meta name=\"twitter:label1\" content=\"Ber\u00e4knad l\u00e4stid\" \/>\n\t<meta name=\"twitter:data1\" content=\"3 minuter\" \/>\n<script type=\"application\/ld+json\" class=\"yoast-schema-graph\">{\"@context\":\"https:\/\/schema.org\",\"@graph\":[{\"@type\":\"WebPage\",\"@id\":\"https:\/\/inzain.bike\/fr_be\/dalsland-gravel-camp\/\",\"url\":\"https:\/\/inzain.bike\/fr_be\/dalsland-gravel-camp\/\",\"name\":\"Dalsland Gravel Camp - INZAIN Cycling EXPERIENCES\",\"isPartOf\":{\"@id\":\"https:\/\/inzain.bike\/fr_be\/#website\"},\"primaryImageOfPage\":{\"@id\":\"https:\/\/inzain.bike\/fr_be\/dalsland-gravel-camp\/#primaryimage\"},\"image\":{\"@id\":\"https:\/\/inzain.bike\/fr_be\/dalsland-gravel-camp\/#primaryimage\"},\"thumbnailUrl\":\"https:\/\/inzain.bike\/wp-content\/uploads\/2022\/10\/dalsland2.webp\",\"datePublished\":\"2022-10-02T16:06:05+00:00\",\"dateModified\":\"2023-06-09T07:00:18+00:00\",\"breadcrumb\":{\"@id\":\"https:\/\/inzain.bike\/fr_be\/dalsland-gravel-camp\/#breadcrumb\"},\"inLanguage\":\"sv-SE\",\"potentialAction\":[{\"@type\":\"ReadAction\",\"target\":[\"https:\/\/inzain.bike\/fr_be\/dalsland-gravel-camp\/\"]}]},{\"@type\":\"ImageObject\",\"inLanguage\":\"sv-SE\",\"@id\":\"https:\/\/inzain.bike\/fr_be\/dalsland-gravel-camp\/#primaryimage\",\"url\":\"https:\/\/inzain.bike\/wp-content\/uploads\/2022\/10\/dalsland2.webp\",\"contentUrl\":\"https:\/\/inzain.bike\/wp-content\/uploads\/2022\/10\/dalsland2.webp\"},{\"@type\":\"BreadcrumbList\",\"@id\":\"https:\/\/inzain.bike\/fr_be\/dalsland-gravel-camp\/#breadcrumb\",\"itemListElement\":[{\"@type\":\"ListItem\",\"position\":1,\"name\":\"Hem\",\"item\":\"https:\/\/inzain.bike\/fr_be\/\"},{\"@type\":\"ListItem\",\"position\":2,\"name\":\"Dalsland Gravel Camp\"}]},{\"@type\":\"WebSite\",\"@id\":\"https:\/\/inzain.bike\/fr_be\/#website\",\"url\":\"https:\/\/inzain.bike\/fr_be\/\",\"name\":\"INZAIN Cycling EXPERIENCES\",\"description\":\"Cyckling Adventures  - for everyone\",\"publisher\":{\"@id\":\"https:\/\/inzain.bike\/fr_be\/#organization\"},\"alternateName\":\"INZAIN Gravel & Travel\",\"potentialAction\":[{\"@type\":\"SearchAction\",\"target\":{\"@type\":\"EntryPoint\",\"urlTemplate\":\"https:\/\/inzain.bike\/fr_be\/?s={search_term_string}\"},\"query-input\":{\"@type\":\"PropertyValueSpecification\",\"valueRequired\":true,\"valueName\":\"search_term_string\"}}],\"inLanguage\":\"sv-SE\"},{\"@type\":\"Organization\",\"@id\":\"https:\/\/inzain.bike\/fr_be\/#organization\",\"name\":\"INZAIN Cycling EXPERIENCES\",\"url\":\"https:\/\/inzain.bike\/fr_be\/\",\"logo\":{\"@type\":\"ImageObject\",\"inLanguage\":\"sv-SE\",\"@id\":\"https:\/\/inzain.bike\/fr_be\/#\/schema\/logo\/image\/\",\"url\":\"https:\/\/i0.wp.com\/inzain.bike\/wp-content\/uploads\/2023\/09\/cropped-INZAIN_512x512_white.png?fit=512%2C512&ssl=1\",\"contentUrl\":\"https:\/\/i0.wp.com\/inzain.bike\/wp-content\/uploads\/2023\/09\/cropped-INZAIN_512x512_white.png?fit=512%2C512&ssl=1\",\"width\":512,\"height\":512,\"caption\":\"INZAIN Cycling EXPERIENCES\"},\"image\":{\"@id\":\"https:\/\/inzain.bike\/fr_be\/#\/schema\/logo\/image\/\"},\"sameAs\":[\"https:\/\/www.facebook.com\/Inzain.bike\",\"https:\/\/www.instagram.com\/inzainbike\"]}]}<\/script>\n<!-- \/ Yoast SEO plugin. -->","yoast_head_json":{"title":"Dalsland Gravel Camp - INZAIN Cycling EXPERIENCES","robots":{"index":"index","follow":"follow","max-snippet":"max-snippet:-1","max-image-preview":"max-image-preview:large","max-video-preview":"max-video-preview:-1"},"canonical":"https:\/\/inzain.bike\/sv_se\/dalsland-gravel-camp\/","og_locale":"sv_SE","og_type":"article","og_title":"Dalsland Gravel Camp - INZAIN Cycling EXPERIENCES","og_description":"V\u00e4lkommen till en fantastisk helg med gravel cykling i Dalsland. N\u00e4r: 17-18 juni 2023.Var: DalslandHur: Gravel Camp p\u00e5 fantastiska v\u00e4garSova: Vi har bokat ett antal rum p\u00e5 Kroppefj\u00e4llIng\u00e5r: Att delta \u00e4r kostnadsfritt men vi ordnat med boendepaket f\u00f6r de som vill,boende, frukost och middag l\u00f6rdag kv\u00e4ll ing\u00e5r i det. Lunch och fika p\u00e5 turerna betalar [&hellip;]","og_url":"https:\/\/inzain.bike\/sv_se\/dalsland-gravel-camp\/","og_site_name":"INZAIN Cycling EXPERIENCES","article_publisher":"https:\/\/www.facebook.com\/Inzain.bike","article_modified_time":"2023-06-09T07:00:18+00:00","og_image":[{"url":"https:\/\/inzain.bike\/wp-content\/uploads\/2022\/10\/dalsland2.webp","type":"","width":"","height":""}],"twitter_card":"summary_large_image","twitter_misc":{"Ber\u00e4knad l\u00e4stid":"3 minuter"},"schema":{"@context":"https:\/\/schema.org","@graph":[{"@type":"WebPage","@id":"https:\/\/inzain.bike\/fr_be\/dalsland-gravel-camp\/","url":"https:\/\/inzain.bike\/fr_be\/dalsland-gravel-camp\/","name":"Dalsland Gravel Camp - INZAIN Cycling EXPERIENCES","isPartOf":{"@id":"https:\/\/inzain.bike\/fr_be\/#website"},"primaryImageOfPage":{"@id":"https:\/\/inzain.bike\/fr_be\/dalsland-gravel-camp\/#primaryimage"},"image":{"@id":"https:\/\/inzain.bike\/fr_be\/dalsland-gravel-camp\/#primaryimage"},"thumbnailUrl":"https:\/\/inzain.bike\/wp-content\/uploads\/2022\/10\/dalsland2.webp","datePublished":"2022-10-02T16:06:05+00:00","dateModified":"2023-06-09T07:00:18+00:00","breadcrumb":{"@id":"https:\/\/inzain.bike\/fr_be\/dalsland-gravel-camp\/#breadcrumb"},"inLanguage":"sv-SE","potentialAction":[{"@type":"ReadAction","target":["https:\/\/inzain.bike\/fr_be\/dalsland-gravel-camp\/"]}]},{"@type":"ImageObject","inLanguage":"sv-SE","@id":"https:\/\/inzain.bike\/fr_be\/dalsland-gravel-camp\/#primaryimage","url":"https:\/\/inzain.bike\/wp-content\/uploads\/2022\/10\/dalsland2.webp","contentUrl":"https:\/\/inzain.bike\/wp-content\/uploads\/2022\/10\/dalsland2.webp"},{"@type":"BreadcrumbList","@id":"https:\/\/inzain.bike\/fr_be\/dalsland-gravel-camp\/#breadcrumb","itemListElement":[{"@type":"ListItem","position":1,"name":"Hem","item":"https:\/\/inzain.bike\/fr_be\/"},{"@type":"ListItem","position":2,"name":"Dalsland Gravel Camp"}]},{"@type":"WebSite","@id":"https:\/\/inzain.bike\/fr_be\/#website","url":"https:\/\/inzain.bike\/fr_be\/","name":"INZAIN Cycling EXPERIENCES","description":"Cyckling Adventures  - for everyone","publisher":{"@id":"https:\/\/inzain.bike\/fr_be\/#organization"},"alternateName":"INZAIN Gravel & Travel","potentialAction":[{"@type":"SearchAction","target":{"@type":"EntryPoint","urlTemplate":"https:\/\/inzain.bike\/fr_be\/?s={search_term_string}"},"query-input":{"@type":"PropertyValueSpecification","valueRequired":true,"valueName":"search_term_string"}}],"inLanguage":"sv-SE"},{"@type":"Organization","@id":"https:\/\/inzain.bike\/fr_be\/#organization","name":"INZAIN Cycling EXPERIENCES","url":"https:\/\/inzain.bike\/fr_be\/","logo":{"@type":"ImageObject","inLanguage":"sv-SE","@id":"https:\/\/inzain.bike\/fr_be\/#\/schema\/logo\/image\/","url":"https:\/\/i0.wp.com\/inzain.bike\/wp-content\/uploads\/2023\/09\/cropped-INZAIN_512x512_white.png?fit=512%2C512&ssl=1","contentUrl":"https:\/\/i0.wp.com\/inzain.bike\/wp-content\/uploads\/2023\/09\/cropped-INZAIN_512x512_white.png?fit=512%2C512&ssl=1","width":512,"height":512,"caption":"INZAIN Cycling EXPERIENCES"},"image":{"@id":"https:\/\/inzain.bike\/fr_be\/#\/schema\/logo\/image\/"},"sameAs":["https:\/\/www.facebook.com\/Inzain.bike","https:\/\/www.instagram.com\/inzainbike"]}]}},"amp_enabled":true,"_links":{"self":[{"href":"https:\/\/inzain.bike\/sv_se\/wp-json\/wp\/v2\/pages\/1969","targetHints":{"allow":["GET"]}}],"collection":[{"href":"https:\/\/inzain.bike\/sv_se\/wp-json\/wp\/v2\/pages"}],"about":[{"href":"https:\/\/inzain.bike\/sv_se\/wp-json\/wp\/v2\/types\/page"}],"author":[{"embeddable":true,"href":"https:\/\/inzain.bike\/sv_se\/wp-json\/wp\/v2\/users\/135133094"}],"replies":[{"embeddable":true,"href":"https:\/\/inzain.bike\/sv_se\/wp-json\/wp\/v2\/comments?post=1969"}],"version-history":[{"count":0,"href":"https:\/\/inzain.bike\/sv_se\/wp-json\/wp\/v2\/pages\/1969\/revisions"}],"wp:attachment":[{"href":"https:\/\/inzain.bike\/sv_se\/wp-json\/wp\/v2\/media?parent=1969"}],"curies":[{"name":"wp","href":"https:\/\/api.w.org\/{rel}","templated":true}]}}