{"id":1981,"date":"2022-10-02T18:24:29","date_gmt":"2022-10-02T16:24:29","guid":{"rendered":"https:\/\/inzain.bike\/?page_id=1981"},"modified":"2023-05-16T11:52:09","modified_gmt":"2023-05-16T09:52:09","slug":"sormland-gravel-camp","status":"publish","type":"page","link":"https:\/\/inzain.bike\/sv_se\/sormland-gravel-camp\/","title":{"rendered":"S\u00f6rmland Gravel Camp"},"content":{"rendered":"\n<p>V\u00e4lkommen till en fantastisk helg med Gravel i S\u00f6rmland<\/p>\n\n\n\n<figure class=\"wp-block-image size-large\"><img loading=\"lazy\" decoding=\"async\" width=\"1024\" height=\"768\" src=\"https:\/\/inzain.bike\/wp-content\/uploads\/2022\/10\/20210627_133539-1024x768.jpg\" alt=\"\" class=\"wp-image-1983\" srcset=\"https:\/\/inzain.bike\/wp-content\/uploads\/2022\/10\/20210627_133539-1024x768.jpg 1024w, https:\/\/inzain.bike\/wp-content\/uploads\/2022\/10\/20210627_133539-300x225.jpg 300w, https:\/\/inzain.bike\/wp-content\/uploads\/2022\/10\/20210627_133539-768x576.jpg 768w, https:\/\/inzain.bike\/wp-content\/uploads\/2022\/10\/20210627_133539-1536x1152.jpg 1536w, https:\/\/inzain.bike\/wp-content\/uploads\/2022\/10\/20210627_133539-2048x1536.jpg 2048w, https:\/\/inzain.bike\/wp-content\/uploads\/2022\/10\/20210627_133539-16x12.jpg 16w, https:\/\/inzain.bike\/wp-content\/uploads\/2022\/10\/20210627_133539-1320x990.jpg 1320w, https:\/\/inzain.bike\/wp-content\/uploads\/2022\/10\/20210627_133539-600x450.jpg 600w\" sizes=\"auto, (max-width: 1024px) 100vw, 1024px\" \/><\/figure>\n\n\n\n<p><strong>N\u00e4r<\/strong>: 20-21 maj 2023.<br><strong>Var<\/strong>: S\u00f6rmland<br><strong>Hur<\/strong>: Gravel Camp p\u00e5 fantastiska v\u00e4gar<br><strong>Sova<\/strong>: Vi har bokat ett antal rum p\u00e5 <a href=\"https:\/\/www.kjesater.se\/\">Kjes\u00e4ter Slott<\/a><br><strong>Ing\u00e5r<\/strong>: Boende, frukost och trer\u00e4tters middag p\u00e5 l\u00f6rdag. <br><strong>Pris<\/strong>: Eventet \u00e4r i sig kostnadsfritt, vi har ordnat med boende och matpaket f\u00f6r de som vill.  En natt delat rum, 2,000 SEK, extra natt 700 SEK, Enkelrum +300 per natt.<br>Alla \u00e4r v\u00e4lkomna att delta, men vi vill att man anm\u00e4ler sig \u00e4nd\u00e5.<\/p>\n\n\n\n<p><strong>Vad kan Du f\u00f6rv\u00e4nta dig?<\/strong><br>En riktigt sk\u00f6n helg p\u00e5 mycket fina Grusv\u00e4gar i gott s\u00e4llskap och med bra mat och fika. Vi bor p\u00e5 en vacker plats, f\u00e5r god frukost  och \u00e4ter en b\u00e4ttre trer\u00e4tters middag p\u00e5 l\u00f6rdag kv\u00e4ll. Lunch, fika mm k\u00f6per man sj\u00e4lv, rutten kommer till trevliga st\u00e4llen f\u00f6r det.<iframe loading=\"lazy\" title=\"Kjes\u00e4tter\" src=\"https:\/\/player.vimeo.com\/video\/435007512?app_id=122963&amp;wmode=opaque\" width=\"100%\" height=\"700px\" frameborder=\"0\" allowfullscreen=\"allowfullscreen\"> <\/iframe><\/p>\n\n\n\n<figure class=\"wp-block-image size-large\"><img loading=\"lazy\" decoding=\"async\" width=\"1024\" height=\"768\" src=\"https:\/\/inzain.bike\/wp-content\/uploads\/2022\/10\/G0034022-1024x768.jpg\" alt=\"\" class=\"wp-image-2083\" srcset=\"https:\/\/inzain.bike\/wp-content\/uploads\/2022\/10\/G0034022-1024x768.jpg 1024w, https:\/\/inzain.bike\/wp-content\/uploads\/2022\/10\/G0034022-300x225.jpg 300w, https:\/\/inzain.bike\/wp-content\/uploads\/2022\/10\/G0034022-768x576.jpg 768w, https:\/\/inzain.bike\/wp-content\/uploads\/2022\/10\/G0034022-1536x1152.jpg 1536w, https:\/\/inzain.bike\/wp-content\/uploads\/2022\/10\/G0034022-2048x1536.jpg 2048w, https:\/\/inzain.bike\/wp-content\/uploads\/2022\/10\/G0034022-16x12.jpg 16w, https:\/\/inzain.bike\/wp-content\/uploads\/2022\/10\/G0034022-1320x990.jpg 1320w, https:\/\/inzain.bike\/wp-content\/uploads\/2022\/10\/G0034022-600x450.jpg 600w\" sizes=\"auto, (max-width: 1024px) 100vw, 1024px\" \/><\/figure>\n\n\n\n<p><strong>L\u00f6rdag<\/strong><br>Vi b\u00f6rjar direkt fr\u00e5n Kjes\u00e4ters slott och cyklar s\u00f6derut. Sj\u00f6ar, skog och kulturlandskap, det \u00e4r bra variation. Vi passerar Tissnarens v\u00e4stra spets och n\u00e5r via Br\u00e4nntorp och \u00d6lnetorp Hallonviken. Propagandav\u00e4gar! Vi passerar sedan Magnehult naturreservat. Lunch blir i Rejmyre. Vi \u00e4ter p\u00e5 Pizzerian. Gestgiferiet \u00e4r st\u00e4ngt. Varf\u00f6r inte passa p\u00e5 att kika p\u00e5 Glasbrukets museum? Efter lunch kan man v\u00e4lja en lite kortare v\u00e4g, d\u00e5 tar man bailen nedan, den \u00e5teransluter till den l\u00e5nga rutten efter ca 4 mil och kortar turen med ca 4 mil. F\u00e4rden forts\u00e4tter mot Brevens bruk sj\u00f6n\u00e4ra och p\u00e5 utm\u00e4rkta v\u00e4gar. Vid brevens bruk kan man ta en extra fika eller matbit om s\u00e5 \u00f6nskas f\u00f6r att sedan ta de sista tre milen \u00e5ter till v\u00e5rt slott.<br>V\u00e4l d\u00e4r sitter nog en \u00f6l r\u00e4tt bra. En dusch och s\u00e5 en b\u00e4ttre trer\u00e4tters middag.<\/p>\n\n\n\n<p><iframe src=\"https:\/\/ridewithgps.com\/embeds?type=route&amp;id=41111110&amp;metricUnits=true&amp;sampleGraph=true\" style=\"width: 1px; min-width: 100%; height: 700px; border: none;\" scrolling=\"no\"><\/iframe><\/p>\n\n\n\n<p><strong>Bail f\u00f6r L\u00f6rdag<\/strong><br>Kortar turen med ca 4 mil. Rakt norr via Sverigeleden med lite avstickare. M\u00f6ter l\u00e5nga rutten vilken man sedan f\u00f6ljer till v\u00e5rt slott, kanske en \u00f6l och sedan en god middag.<br><br><iframe style=\"width: 1px; min-width: 100%; height: 700px; border: none;\" src=\"https:\/\/ridewithgps.com\/embeds?type=route&amp;id=41111156&amp;metricUnits=true&amp;sampleGraph=true&amp;distanceMarkers=true\" scrolling=\"no\">&lt;\/p><\/iframe><\/p>\n\n\n\n<p><strong>S\u00f6ndag<\/strong> <br>Vi b\u00f6rjar i Flen vilket inneb\u00e4r, biltransport fr\u00e5n boendet till Flen. Parkering vid Hammarvallen sporthallen parkering eller pendel parkering utanf\u00f6r t\u00e5g stationen. N\u00e4r vi l\u00e4mnat centralorten s\u00e5  cyklar vi genom skog ner mot Malsta f\u00f6r att forts\u00e4tta i \u00f6ppna landskap till Kvarnen Caf\u00e9 och Antikt f\u00f6r en tidig kopp kaffe om vi vill. F\u00e4rden forts\u00e4tter l\u00e4ngs sj\u00f6arna till Tofta G\u00e5rd p\u00e5 v\u00e4g till dagens Lunchst\u00e4lle <a href=\"https:\/\/www.bruksholmen.se\/ata\/smedjan\/\">Smedjan<\/a>. Efter lunch kan man g\u00f6ra valet att k\u00f6ra en kortare v\u00e4g, d\u00e5 tar man Bailen nedan som tar en till Flen p\u00e5 40km, en nedkortning p\u00e5 ca 2 mil. V\u00e4ljer man k\u00f6ra hela turen s\u00e5 forts\u00e4tter den f\u00f6rbi Katrineholm och g\u00f6r en b\u00e5ge  v\u00e4sterut f\u00f6r att sedan g\u00e5 till Bie. D\u00e4rifr\u00e5n cyklar vi \u00f6ver Granhed \u00e5ter till Flen.<\/p>\n\n\n<p><iframe style=\"width: 1px; min-width: 100%; height: 700px; border: none;\" src=\"https:\/\/ridewithgps.com\/embeds?type=route&amp;id=41111876&amp;metricUnits=true&amp;sampleGraph=true&amp;distanceMarkers=true\" scrolling=\"no\"><\/iframe><\/p>\n<p><strong>S\u00f6ndag Bail<\/strong> <br>Om man vill k\u00f6ra lite kortare s\u00e5 v\u00e4ljer man denna fr\u00e5n lunchst\u00e4llet. Den rundar sj\u00f6arna igen och tar oss till Sverigeleden fr\u00e5n vilken den g\u00f6r en rad avstickare p\u00e5 fins grusstr\u00e4ckor. Sedan g\u00e5r den via Norrtorp \u00e5ter till Flen.<\/p>\n<p><iframe style=\"width: 1px; min-width: 100%; height: 700px; border: none;\" src=\"https:\/\/ridewithgps.com\/embeds?type=route&amp;id=41112193&amp;metricUnits=true&amp;sampleGraph=true&amp;distanceMarkers=true\" scrolling=\"no\"><\/iframe><\/p>\n\n\n<p><br><strong>Vi cyklar enligt Grusets V\u00e4nners principer.<\/strong><br>Vi cyklar f\u00f6r att ha trevligt, det \u00e4r inte n\u00e5gra intervaller och det handlar inte om att cykla snabbast utan att f\u00e5 den b\u00e4sta upplevelsen. Vill man spr\u00e4tta s\u00e5 g\u00e5r det naturligtvis bra, man v\u00e4ntar in l\u00e4ngre fram. Vi kan ocks\u00e5 komma att dela gruppen, om det visar sig att det blir b\u00e4ttre. V\u00e5ra Guider har v\u00e4ldigt stor erfarenhet av att arrangera och h\u00e5lla i dessa turer.<br><br>* Ingen l\u00e4mnas ensam, alla ska med<br>* Spr\u00e4tta g\u00e5r bra, v\u00e4nta in l\u00e4ngre fram<br>* Vi tar hand om och hj\u00e4lper varandra vid punkor eller annat.<br>* Vi cyklar s\u00e4kert och h\u00e5ller avst\u00e5nd, t\u00e4nk tre sekunders regeln.<br>* Allt handlar om att f\u00e5 en trevlig dag.<\/p>\n\n\n\n<p><\/p>\n\n\n\n\n\n<p>Anm\u00e4lan \u00e4r st\u00e4ngd.<\/p>\n\n\n\n<p>Vill du cykla med skicka ett mail till  <a href=\"mailto:info@inzain.bike\">info@inzain.bike<\/a><\/p>\n","protected":false},"excerpt":{"rendered":"<p>V\u00e4lkommen till en fantastisk helg med Gravel i S\u00f6rmland N\u00e4r: 20-21 maj 2023.Var: S\u00f6rmlandHur: Gravel Camp p\u00e5 fantastiska v\u00e4garSova: Vi har bokat ett antal rum p\u00e5 Kjes\u00e4ter SlottIng\u00e5r: Boende, frukost och trer\u00e4tters middag p\u00e5 l\u00f6rdag. Pris: Eventet \u00e4r i sig kostnadsfritt, vi har ordnat med boende och matpaket f\u00f6r de som vill. En natt delat [&hellip;]<\/p>\n","protected":false},"author":135133094,"featured_media":0,"parent":0,"menu_order":0,"comment_status":"closed","ping_status":"closed","template":"","meta":{"_coblocks_attr":"","_coblocks_dimensions":"","_coblocks_responsive_height":"","_coblocks_accordion_ie_support":"","footnotes":""},"class_list":["post-1981","page","type-page","status-publish","hentry"],"yoast_head":"<!-- This site is optimized with the Yoast SEO plugin v27.2 - https:\/\/yoast.com\/product\/yoast-seo-wordpress\/ -->\n<title>S\u00f6rmland Gravel Camp - INZAIN Cycling EXPERIENCES<\/title>\n<meta name=\"robots\" content=\"index, follow, max-snippet:-1, max-image-preview:large, max-video-preview:-1\" \/>\n<link rel=\"canonical\" href=\"https:\/\/inzain.bike\/sv_se\/sormland-gravel-camp\/\" \/>\n<meta property=\"og:locale\" content=\"sv_SE\" \/>\n<meta property=\"og:type\" content=\"article\" \/>\n<meta property=\"og:title\" content=\"S\u00f6rmland Gravel Camp - INZAIN Cycling EXPERIENCES\" \/>\n<meta property=\"og:description\" content=\"V\u00e4lkommen till en fantastisk helg med Gravel i S\u00f6rmland N\u00e4r: 20-21 maj 2023.Var: S\u00f6rmlandHur: Gravel Camp p\u00e5 fantastiska v\u00e4garSova: Vi har bokat ett antal rum p\u00e5 Kjes\u00e4ter SlottIng\u00e5r: Boende, frukost och trer\u00e4tters middag p\u00e5 l\u00f6rdag. Pris: Eventet \u00e4r i sig kostnadsfritt, vi har ordnat med boende och matpaket f\u00f6r de som vill. En natt delat [&hellip;]\" \/>\n<meta property=\"og:url\" content=\"https:\/\/inzain.bike\/sv_se\/sormland-gravel-camp\/\" \/>\n<meta property=\"og:site_name\" content=\"INZAIN Cycling EXPERIENCES\" \/>\n<meta property=\"article:publisher\" content=\"https:\/\/www.facebook.com\/Inzain.bike\" \/>\n<meta property=\"article:modified_time\" content=\"2023-05-16T09:52:09+00:00\" \/>\n<meta property=\"og:image\" content=\"https:\/\/inzain.bike\/wp-content\/uploads\/2022\/10\/20210627_133539-1024x768.jpg\" \/>\n<meta name=\"twitter:card\" content=\"summary_large_image\" \/>\n<meta name=\"twitter:label1\" content=\"Ber\u00e4knad l\u00e4stid\" \/>\n\t<meta name=\"twitter:data1\" content=\"4 minuter\" \/>\n<script type=\"application\/ld+json\" class=\"yoast-schema-graph\">{\"@context\":\"https:\/\/schema.org\",\"@graph\":[{\"@type\":\"WebPage\",\"@id\":\"https:\/\/inzain.bike\/nl_be\/sormland-gravel-camp\/\",\"url\":\"https:\/\/inzain.bike\/nl_be\/sormland-gravel-camp\/\",\"name\":\"S\u00f6rmland Gravel Camp - INZAIN Cycling EXPERIENCES\",\"isPartOf\":{\"@id\":\"https:\/\/inzain.bike\/fr_be\/#website\"},\"primaryImageOfPage\":{\"@id\":\"https:\/\/inzain.bike\/nl_be\/sormland-gravel-camp\/#primaryimage\"},\"image\":{\"@id\":\"https:\/\/inzain.bike\/nl_be\/sormland-gravel-camp\/#primaryimage\"},\"thumbnailUrl\":\"https:\/\/inzain.bike\/wp-content\/uploads\/2022\/10\/20210627_133539-1024x768.jpg\",\"datePublished\":\"2022-10-02T16:24:29+00:00\",\"dateModified\":\"2023-05-16T09:52:09+00:00\",\"breadcrumb\":{\"@id\":\"https:\/\/inzain.bike\/nl_be\/sormland-gravel-camp\/#breadcrumb\"},\"inLanguage\":\"sv-SE\",\"potentialAction\":[{\"@type\":\"ReadAction\",\"target\":[\"https:\/\/inzain.bike\/nl_be\/sormland-gravel-camp\/\"]}]},{\"@type\":\"ImageObject\",\"inLanguage\":\"sv-SE\",\"@id\":\"https:\/\/inzain.bike\/nl_be\/sormland-gravel-camp\/#primaryimage\",\"url\":\"https:\/\/inzain.bike\/wp-content\/uploads\/2022\/10\/20210627_133539-1024x768.jpg\",\"contentUrl\":\"https:\/\/inzain.bike\/wp-content\/uploads\/2022\/10\/20210627_133539-1024x768.jpg\"},{\"@type\":\"BreadcrumbList\",\"@id\":\"https:\/\/inzain.bike\/nl_be\/sormland-gravel-camp\/#breadcrumb\",\"itemListElement\":[{\"@type\":\"ListItem\",\"position\":1,\"name\":\"Hem\",\"item\":\"https:\/\/inzain.bike\/fr_be\/\"},{\"@type\":\"ListItem\",\"position\":2,\"name\":\"S\u00f6rmland Gravel Camp\"}]},{\"@type\":\"WebSite\",\"@id\":\"https:\/\/inzain.bike\/fr_be\/#website\",\"url\":\"https:\/\/inzain.bike\/fr_be\/\",\"name\":\"INZAIN Cycling EXPERIENCES\",\"description\":\"Cyckling Adventures  - for everyone\",\"publisher\":{\"@id\":\"https:\/\/inzain.bike\/fr_be\/#organization\"},\"alternateName\":\"INZAIN Gravel & Travel\",\"potentialAction\":[{\"@type\":\"SearchAction\",\"target\":{\"@type\":\"EntryPoint\",\"urlTemplate\":\"https:\/\/inzain.bike\/fr_be\/?s={search_term_string}\"},\"query-input\":{\"@type\":\"PropertyValueSpecification\",\"valueRequired\":true,\"valueName\":\"search_term_string\"}}],\"inLanguage\":\"sv-SE\"},{\"@type\":\"Organization\",\"@id\":\"https:\/\/inzain.bike\/fr_be\/#organization\",\"name\":\"INZAIN Cycling EXPERIENCES\",\"url\":\"https:\/\/inzain.bike\/fr_be\/\",\"logo\":{\"@type\":\"ImageObject\",\"inLanguage\":\"sv-SE\",\"@id\":\"https:\/\/inzain.bike\/fr_be\/#\/schema\/logo\/image\/\",\"url\":\"https:\/\/i0.wp.com\/inzain.bike\/wp-content\/uploads\/2023\/09\/cropped-INZAIN_512x512_white.png?fit=512%2C512&ssl=1\",\"contentUrl\":\"https:\/\/i0.wp.com\/inzain.bike\/wp-content\/uploads\/2023\/09\/cropped-INZAIN_512x512_white.png?fit=512%2C512&ssl=1\",\"width\":512,\"height\":512,\"caption\":\"INZAIN Cycling EXPERIENCES\"},\"image\":{\"@id\":\"https:\/\/inzain.bike\/fr_be\/#\/schema\/logo\/image\/\"},\"sameAs\":[\"https:\/\/www.facebook.com\/Inzain.bike\",\"https:\/\/www.instagram.com\/inzainbike\"]}]}<\/script>\n<!-- \/ Yoast SEO plugin. -->","yoast_head_json":{"title":"S\u00f6rmland Gravel Camp - INZAIN Cycling EXPERIENCES","robots":{"index":"index","follow":"follow","max-snippet":"max-snippet:-1","max-image-preview":"max-image-preview:large","max-video-preview":"max-video-preview:-1"},"canonical":"https:\/\/inzain.bike\/sv_se\/sormland-gravel-camp\/","og_locale":"sv_SE","og_type":"article","og_title":"S\u00f6rmland Gravel Camp - INZAIN Cycling EXPERIENCES","og_description":"V\u00e4lkommen till en fantastisk helg med Gravel i S\u00f6rmland N\u00e4r: 20-21 maj 2023.Var: S\u00f6rmlandHur: Gravel Camp p\u00e5 fantastiska v\u00e4garSova: Vi har bokat ett antal rum p\u00e5 Kjes\u00e4ter SlottIng\u00e5r: Boende, frukost och trer\u00e4tters middag p\u00e5 l\u00f6rdag. Pris: Eventet \u00e4r i sig kostnadsfritt, vi har ordnat med boende och matpaket f\u00f6r de som vill. En natt delat [&hellip;]","og_url":"https:\/\/inzain.bike\/sv_se\/sormland-gravel-camp\/","og_site_name":"INZAIN Cycling EXPERIENCES","article_publisher":"https:\/\/www.facebook.com\/Inzain.bike","article_modified_time":"2023-05-16T09:52:09+00:00","og_image":[{"url":"https:\/\/inzain.bike\/wp-content\/uploads\/2022\/10\/20210627_133539-1024x768.jpg","type":"","width":"","height":""}],"twitter_card":"summary_large_image","twitter_misc":{"Ber\u00e4knad l\u00e4stid":"4 minuter"},"schema":{"@context":"https:\/\/schema.org","@graph":[{"@type":"WebPage","@id":"https:\/\/inzain.bike\/nl_be\/sormland-gravel-camp\/","url":"https:\/\/inzain.bike\/nl_be\/sormland-gravel-camp\/","name":"S\u00f6rmland Gravel Camp - INZAIN Cycling EXPERIENCES","isPartOf":{"@id":"https:\/\/inzain.bike\/fr_be\/#website"},"primaryImageOfPage":{"@id":"https:\/\/inzain.bike\/nl_be\/sormland-gravel-camp\/#primaryimage"},"image":{"@id":"https:\/\/inzain.bike\/nl_be\/sormland-gravel-camp\/#primaryimage"},"thumbnailUrl":"https:\/\/inzain.bike\/wp-content\/uploads\/2022\/10\/20210627_133539-1024x768.jpg","datePublished":"2022-10-02T16:24:29+00:00","dateModified":"2023-05-16T09:52:09+00:00","breadcrumb":{"@id":"https:\/\/inzain.bike\/nl_be\/sormland-gravel-camp\/#breadcrumb"},"inLanguage":"sv-SE","potentialAction":[{"@type":"ReadAction","target":["https:\/\/inzain.bike\/nl_be\/sormland-gravel-camp\/"]}]},{"@type":"ImageObject","inLanguage":"sv-SE","@id":"https:\/\/inzain.bike\/nl_be\/sormland-gravel-camp\/#primaryimage","url":"https:\/\/inzain.bike\/wp-content\/uploads\/2022\/10\/20210627_133539-1024x768.jpg","contentUrl":"https:\/\/inzain.bike\/wp-content\/uploads\/2022\/10\/20210627_133539-1024x768.jpg"},{"@type":"BreadcrumbList","@id":"https:\/\/inzain.bike\/nl_be\/sormland-gravel-camp\/#breadcrumb","itemListElement":[{"@type":"ListItem","position":1,"name":"Hem","item":"https:\/\/inzain.bike\/fr_be\/"},{"@type":"ListItem","position":2,"name":"S\u00f6rmland Gravel Camp"}]},{"@type":"WebSite","@id":"https:\/\/inzain.bike\/fr_be\/#website","url":"https:\/\/inzain.bike\/fr_be\/","name":"INZAIN Cycling EXPERIENCES","description":"Cyckling Adventures  - for everyone","publisher":{"@id":"https:\/\/inzain.bike\/fr_be\/#organization"},"alternateName":"INZAIN Gravel & Travel","potentialAction":[{"@type":"SearchAction","target":{"@type":"EntryPoint","urlTemplate":"https:\/\/inzain.bike\/fr_be\/?s={search_term_string}"},"query-input":{"@type":"PropertyValueSpecification","valueRequired":true,"valueName":"search_term_string"}}],"inLanguage":"sv-SE"},{"@type":"Organization","@id":"https:\/\/inzain.bike\/fr_be\/#organization","name":"INZAIN Cycling EXPERIENCES","url":"https:\/\/inzain.bike\/fr_be\/","logo":{"@type":"ImageObject","inLanguage":"sv-SE","@id":"https:\/\/inzain.bike\/fr_be\/#\/schema\/logo\/image\/","url":"https:\/\/i0.wp.com\/inzain.bike\/wp-content\/uploads\/2023\/09\/cropped-INZAIN_512x512_white.png?fit=512%2C512&ssl=1","contentUrl":"https:\/\/i0.wp.com\/inzain.bike\/wp-content\/uploads\/2023\/09\/cropped-INZAIN_512x512_white.png?fit=512%2C512&ssl=1","width":512,"height":512,"caption":"INZAIN Cycling EXPERIENCES"},"image":{"@id":"https:\/\/inzain.bike\/fr_be\/#\/schema\/logo\/image\/"},"sameAs":["https:\/\/www.facebook.com\/Inzain.bike","https:\/\/www.instagram.com\/inzainbike"]}]}},"amp_enabled":true,"_links":{"self":[{"href":"https:\/\/inzain.bike\/sv_se\/wp-json\/wp\/v2\/pages\/1981","targetHints":{"allow":["GET"]}}],"collection":[{"href":"https:\/\/inzain.bike\/sv_se\/wp-json\/wp\/v2\/pages"}],"about":[{"href":"https:\/\/inzain.bike\/sv_se\/wp-json\/wp\/v2\/types\/page"}],"author":[{"embeddable":true,"href":"https:\/\/inzain.bike\/sv_se\/wp-json\/wp\/v2\/users\/135133094"}],"replies":[{"embeddable":true,"href":"https:\/\/inzain.bike\/sv_se\/wp-json\/wp\/v2\/comments?post=1981"}],"version-history":[{"count":0,"href":"https:\/\/inzain.bike\/sv_se\/wp-json\/wp\/v2\/pages\/1981\/revisions"}],"wp:attachment":[{"href":"https:\/\/inzain.bike\/sv_se\/wp-json\/wp\/v2\/media?parent=1981"}],"curies":[{"name":"wp","href":"https:\/\/api.w.org\/{rel}","templated":true}]}}