{"id":1986,"date":"2022-10-02T18:29:56","date_gmt":"2022-10-02T16:29:56","guid":{"rendered":"https:\/\/inzain.bike\/?page_id=1986"},"modified":"2023-07-28T09:18:04","modified_gmt":"2023-07-28T07:18:04","slug":"savenfors-gravel-camp","status":"publish","type":"page","link":"https:\/\/inzain.bike\/sv_se\/savenfors-gravel-camp\/","title":{"rendered":"S\u00e4venfors Gravel Camp"},"content":{"rendered":"\n<p>V\u00e4lkommen till en fantastisk helg med Gravel i Norra Bergslagen<\/p>\n\n\n\n<figure class=\"wp-block-image size-large\"><img loading=\"lazy\" decoding=\"async\" width=\"1024\" height=\"682\" src=\"https:\/\/inzain.bike\/wp-content\/uploads\/2022\/10\/sav3-1024x682.jpg\" alt=\"\" class=\"wp-image-2113\" srcset=\"https:\/\/inzain.bike\/wp-content\/uploads\/2022\/10\/sav3-1024x682.jpg 1024w, https:\/\/inzain.bike\/wp-content\/uploads\/2022\/10\/sav3-300x200.jpg 300w, https:\/\/inzain.bike\/wp-content\/uploads\/2022\/10\/sav3-768x512.jpg 768w, https:\/\/inzain.bike\/wp-content\/uploads\/2022\/10\/sav3-1536x1024.jpg 1536w, https:\/\/inzain.bike\/wp-content\/uploads\/2022\/10\/sav3-18x12.jpg 18w, https:\/\/inzain.bike\/wp-content\/uploads\/2022\/10\/sav3-1320x880.jpg 1320w, https:\/\/inzain.bike\/wp-content\/uploads\/2022\/10\/sav3-600x400.jpg 600w, https:\/\/inzain.bike\/wp-content\/uploads\/2022\/10\/sav3.jpg 2000w\" sizes=\"auto, (max-width: 1024px) 100vw, 1024px\" \/><\/figure>\n\n\n\n<p><strong>N\u00e4r<\/strong>: 29-30 juli 2023.<br><strong>Var<\/strong>: S\u00e4venfors, Bergslagen<br><strong>Hur<\/strong>: Gravel Camp p\u00e5 fantastiska v\u00e4gar<br><strong>Sova<\/strong>: Vi bor  p\u00e5 <a href=\"https:\/\/savenforslodge.se\/\">S\u00e4venfors Lodge<\/a><br><strong>\u00c4ta<\/strong>: Frukost p\u00e5 anl\u00e4ggningen,  middag p\u00e5 kv\u00e4llen ing\u00e5r i paketet. Lunch o fika p\u00e5 turerna betalar man sj\u00e4lv.<br><strong>Pris<\/strong>: Eventet i sig \u00e4r kostnadsfritt men vi har ordnat med boendepaket f\u00f6r de som vill. <br><strong>Grundpaket<\/strong>:  Middag L\u00f6rdag, \u00f6vernattning med relax och frukost s\u00f6ndag 2,200 kr<br><strong>Till\u00e4gg<\/strong>: Middag fredag, \u00f6vernattning med relax samt frukost l\u00f6rdag, 1,800 kr<\/p>\n\n\n\n<p><strong>Vad kan du f\u00f6rv\u00e4nta dig?<\/strong><br>Vi cyklar f\u00f6r att ha trevligt, det \u00e4r inte n\u00e5gra intervaller och det handlar inte om att cykla snabbast utan att f\u00e5 den b\u00e4sta upplevelsen. Vill man spr\u00e4tta s\u00e5 g\u00e5r det naturligtvis bra, man v\u00e4ntar in l\u00e4ngre fram. Vi kan ocks\u00e5 komma att dela gruppen, om det visar sig att det blir b\u00e4ttre. V\u00e5ra Guider har v\u00e4ldigt stor erfarenhet av att arrangera och h\u00e5lla i dessa turer.<\/p>\n\n\n\n<p><strong>Uppl\u00e4gg<\/strong><\/p>\n\n\n\n<p><strong>Grundpaket<\/strong>:<br>Cykling l\u00f6rdag, boende och b\u00e4ttre middag p\u00e5 S\u00e4venfors Lodge, samt tillg\u00e5ng till relaxavdelningen.<br>Frukost s\u00f6ndag och cykling s\u00f6ndag.<br><strong>Till\u00e4gg<\/strong>:<br>Sova p\u00e5 S\u00e4venfors Lodge fredag med middag och frukost p\u00e5 l\u00f6rdag<br>Prolog: F\u00f6r de som kan och vill, s\u00e5 erbjuds en prolog som startar Fredag morgon.<br><strong>Bara Cykling:<\/strong><br>Om du bara vill cykla med oss s\u00e5 g\u00e5r det ocks\u00e5 bra, d\u00e5 kan du v\u00e4lja om du vill \u00e4ta middag med oss p\u00e5 l\u00f6rdag kv\u00e4ll.<\/p>\n\n\n\n<figure class=\"wp-block-image size-large\"><img loading=\"lazy\" decoding=\"async\" width=\"1024\" height=\"682\" src=\"https:\/\/inzain.bike\/wp-content\/uploads\/2022\/10\/sav2-1024x682.jpg\" alt=\"\" class=\"wp-image-2116\" srcset=\"https:\/\/inzain.bike\/wp-content\/uploads\/2022\/10\/sav2-1024x682.jpg 1024w, https:\/\/inzain.bike\/wp-content\/uploads\/2022\/10\/sav2-300x200.jpg 300w, https:\/\/inzain.bike\/wp-content\/uploads\/2022\/10\/sav2-768x512.jpg 768w, https:\/\/inzain.bike\/wp-content\/uploads\/2022\/10\/sav2-1536x1024.jpg 1536w, https:\/\/inzain.bike\/wp-content\/uploads\/2022\/10\/sav2-18x12.jpg 18w, https:\/\/inzain.bike\/wp-content\/uploads\/2022\/10\/sav2-1320x880.jpg 1320w, https:\/\/inzain.bike\/wp-content\/uploads\/2022\/10\/sav2-600x400.jpg 600w, https:\/\/inzain.bike\/wp-content\/uploads\/2022\/10\/sav2.jpg 2000w\" sizes=\"auto, (max-width: 1024px) 100vw, 1024px\" \/><\/figure>\n\n\n\n<p><strong>Fredag<\/strong><br>Prolog, f\u00f6r de som kan och vill cykla \u00e4ven fredag. Rutten \u00e4r 154km men kan kortas p\u00e5 lite olika s\u00e4tt. 70 km\/95 km \/110 km. Lunch i Kopparberg. En rad sp\u00e4nnande platser bes\u00f6ks, som en gammal bunker, en Opera(!), utkikstorn och mer. Tar man den fulla rutten \u00e4r det 2,043 hm att njuta av.<br><br><strong>L\u00f6rdag<\/strong> <br>Turen b\u00f6rjar och slutar p\u00e5 lodgen, har tv\u00e5 kl\u00e4ttringar, m\u00f6jlighet till bad, p\u00e5 &#8220;lilla Hawaii&#8221;. Du kan l\u00e4sa lite mer om den <a href=\"https:\/\/teamutangranser.se\/savenfors-gravendal-deluxe\/\">h\u00e4r<\/a>.<\/p>\n\n\n\n<p><strong>S\u00f6ndag<\/strong> <br>N\u00e5got kortare men lika vacker tur, startar efter frukost och utcheckning p\u00e5 lodgen.<br>Vi kommer att cykla runt tv\u00e5 \u00e4lgar och ta tv\u00e5 fikor, en p\u00e5 Grythyttan och en p\u00e5 Bl\u00e5 Ost i Bredsj\u00f6. V\u00e4l framme finns v\u00e5r mobila cykel tv\u00e4tt och en m\u00f6jlighet att duscha och byta om innan hemf\u00e4rd.<\/p>\n\n\n\n<p><strong>Rutter<\/strong><\/p>\n\n\n\n<p>L\u00f6rdag<\/p>\n\n\n\n<p><iframe src=\"https:\/\/ridewithgps.com\/embeds?type=route&amp;id=36968206&amp;metricUnits=true&amp;sampleGraph=true\" style=\"width: 1px; min-width: 100%; height: 700px; border: none;\" scrolling=\"no\"><\/iframe><\/p>\n\n\n\n<p>S\u00f6ndag<\/p>\n\n\n\n<p><iframe src=\"https:\/\/ridewithgps.com\/embeds?type=route&amp;id=39371456&amp;metricUnits=true&amp;sampleGraph=true\" style=\"width: 1px; min-width: 100%; height: 700px; border: none;\" scrolling=\"no\"><\/iframe> <\/p>\n\n\n\n<p><br><strong>Vi cyklar enligt Grusets V\u00e4nners principer.<\/strong><br>* Ingen l\u00e4mnas ensam, alla ska med<br>* Spr\u00e4tta g\u00e5r bra, v\u00e4nta in l\u00e4ngre fram<br>* Vi tar hand om och hj\u00e4lper varandra vid punkor eller annat.<br>* Vi cyklar s\u00e4kert och h\u00e5ller avst\u00e5nd, t\u00e4nk tre sekunders regeln.<br>* Allt handlar om att f\u00e5 en trevlig dag.<\/p>\n\n\n\n<figure class=\"wp-block-image size-large\"><img loading=\"lazy\" decoding=\"async\" width=\"1024\" height=\"673\" src=\"https:\/\/inzain.bike\/wp-content\/uploads\/2022\/11\/G0023196-1024x673.jpg\" alt=\"\" class=\"wp-image-2434\" srcset=\"https:\/\/inzain.bike\/wp-content\/uploads\/2022\/11\/G0023196-1024x673.jpg 1024w, https:\/\/inzain.bike\/wp-content\/uploads\/2022\/11\/G0023196-300x197.jpg 300w, https:\/\/inzain.bike\/wp-content\/uploads\/2022\/11\/G0023196-768x505.jpg 768w, https:\/\/inzain.bike\/wp-content\/uploads\/2022\/11\/G0023196-1536x1009.jpg 1536w, https:\/\/inzain.bike\/wp-content\/uploads\/2022\/11\/G0023196-2048x1346.jpg 2048w, https:\/\/inzain.bike\/wp-content\/uploads\/2022\/11\/G0023196-18x12.jpg 18w, https:\/\/inzain.bike\/wp-content\/uploads\/2022\/11\/G0023196-1320x868.jpg 1320w, https:\/\/inzain.bike\/wp-content\/uploads\/2022\/11\/G0023196-600x394.jpg 600w\" sizes=\"auto, (max-width: 1024px) 100vw, 1024px\" \/><\/figure>\n\n\n\n<p><strong>Priser<\/strong>:<br>Enbart cykling, Gratis<br>Grundpaket (Se ovan),2,200kr<br>Till\u00e4gg extra natt (Se ovan) 1,800 kr<br>Fika\/Lunch p\u00e5 turerna betalar man sj\u00e4lv.<br><\/p>\n\n\n\n<p><strong>Anm\u00e4lan<\/strong> <strong>St\u00e4ngd<\/strong><\/p>\n","protected":false},"excerpt":{"rendered":"<p>V\u00e4lkommen till en fantastisk helg med Gravel i Norra Bergslagen N\u00e4r: 29-30 juli 2023.Var: S\u00e4venfors, BergslagenHur: Gravel Camp p\u00e5 fantastiska v\u00e4garSova: Vi bor p\u00e5 S\u00e4venfors Lodge\u00c4ta: Frukost p\u00e5 anl\u00e4ggningen, middag p\u00e5 kv\u00e4llen ing\u00e5r i paketet. Lunch o fika p\u00e5 turerna betalar man sj\u00e4lv.Pris: Eventet i sig \u00e4r kostnadsfritt men vi har ordnat med boendepaket f\u00f6r [&hellip;]<\/p>\n","protected":false},"author":135133094,"featured_media":0,"parent":0,"menu_order":0,"comment_status":"closed","ping_status":"closed","template":"","meta":{"_coblocks_attr":"","_coblocks_dimensions":"","_coblocks_responsive_height":"","_coblocks_accordion_ie_support":"","footnotes":""},"class_list":["post-1986","page","type-page","status-publish","hentry"],"yoast_head":"<!-- This site is optimized with the Yoast SEO plugin v27.2 - https:\/\/yoast.com\/product\/yoast-seo-wordpress\/ -->\n<title>S\u00e4venfors Gravel Camp - INZAIN Cycling EXPERIENCES<\/title>\n<meta name=\"robots\" content=\"index, follow, max-snippet:-1, max-image-preview:large, max-video-preview:-1\" \/>\n<link rel=\"canonical\" href=\"https:\/\/inzain.bike\/sv_se\/savenfors-gravel-camp\/\" \/>\n<meta property=\"og:locale\" content=\"sv_SE\" \/>\n<meta property=\"og:type\" content=\"article\" \/>\n<meta property=\"og:title\" content=\"S\u00e4venfors Gravel Camp - INZAIN Cycling EXPERIENCES\" \/>\n<meta property=\"og:description\" content=\"V\u00e4lkommen till en fantastisk helg med Gravel i Norra Bergslagen N\u00e4r: 29-30 juli 2023.Var: S\u00e4venfors, BergslagenHur: Gravel Camp p\u00e5 fantastiska v\u00e4garSova: Vi bor p\u00e5 S\u00e4venfors Lodge\u00c4ta: Frukost p\u00e5 anl\u00e4ggningen, middag p\u00e5 kv\u00e4llen ing\u00e5r i paketet. Lunch o fika p\u00e5 turerna betalar man sj\u00e4lv.Pris: Eventet i sig \u00e4r kostnadsfritt men vi har ordnat med boendepaket f\u00f6r [&hellip;]\" \/>\n<meta property=\"og:url\" content=\"https:\/\/inzain.bike\/sv_se\/savenfors-gravel-camp\/\" \/>\n<meta property=\"og:site_name\" content=\"INZAIN Cycling EXPERIENCES\" \/>\n<meta property=\"article:publisher\" content=\"https:\/\/www.facebook.com\/Inzain.bike\" \/>\n<meta property=\"article:modified_time\" content=\"2023-07-28T07:18:04+00:00\" \/>\n<meta property=\"og:image\" content=\"https:\/\/inzain.bike\/wp-content\/uploads\/2022\/10\/sav3-1024x682.jpg\" \/>\n<meta name=\"twitter:card\" content=\"summary_large_image\" \/>\n<meta name=\"twitter:label1\" content=\"Ber\u00e4knad l\u00e4stid\" \/>\n\t<meta name=\"twitter:data1\" content=\"2 minuter\" \/>\n<script type=\"application\/ld+json\" class=\"yoast-schema-graph\">{\"@context\":\"https:\/\/schema.org\",\"@graph\":[{\"@type\":\"WebPage\",\"@id\":\"https:\/\/inzain.bike\/fi\/savenfors-gravel-camp\/\",\"url\":\"https:\/\/inzain.bike\/fi\/savenfors-gravel-camp\/\",\"name\":\"S\u00e4venfors Gravel Camp - INZAIN Cycling EXPERIENCES\",\"isPartOf\":{\"@id\":\"https:\/\/inzain.bike\/fr_be\/#website\"},\"primaryImageOfPage\":{\"@id\":\"https:\/\/inzain.bike\/fi\/savenfors-gravel-camp\/#primaryimage\"},\"image\":{\"@id\":\"https:\/\/inzain.bike\/fi\/savenfors-gravel-camp\/#primaryimage\"},\"thumbnailUrl\":\"https:\/\/inzain.bike\/wp-content\/uploads\/2022\/10\/sav3-1024x682.jpg\",\"datePublished\":\"2022-10-02T16:29:56+00:00\",\"dateModified\":\"2023-07-28T07:18:04+00:00\",\"breadcrumb\":{\"@id\":\"https:\/\/inzain.bike\/fi\/savenfors-gravel-camp\/#breadcrumb\"},\"inLanguage\":\"sv-SE\",\"potentialAction\":[{\"@type\":\"ReadAction\",\"target\":[\"https:\/\/inzain.bike\/fi\/savenfors-gravel-camp\/\"]}]},{\"@type\":\"ImageObject\",\"inLanguage\":\"sv-SE\",\"@id\":\"https:\/\/inzain.bike\/fi\/savenfors-gravel-camp\/#primaryimage\",\"url\":\"https:\/\/inzain.bike\/wp-content\/uploads\/2022\/10\/sav3-1024x682.jpg\",\"contentUrl\":\"https:\/\/inzain.bike\/wp-content\/uploads\/2022\/10\/sav3-1024x682.jpg\"},{\"@type\":\"BreadcrumbList\",\"@id\":\"https:\/\/inzain.bike\/fi\/savenfors-gravel-camp\/#breadcrumb\",\"itemListElement\":[{\"@type\":\"ListItem\",\"position\":1,\"name\":\"Hem\",\"item\":\"https:\/\/inzain.bike\/fr_be\/\"},{\"@type\":\"ListItem\",\"position\":2,\"name\":\"S\u00e4venfors Gravel Camp\"}]},{\"@type\":\"WebSite\",\"@id\":\"https:\/\/inzain.bike\/fr_be\/#website\",\"url\":\"https:\/\/inzain.bike\/fr_be\/\",\"name\":\"INZAIN Cycling EXPERIENCES\",\"description\":\"Cyckling Adventures  - for everyone\",\"publisher\":{\"@id\":\"https:\/\/inzain.bike\/fr_be\/#organization\"},\"alternateName\":\"INZAIN Gravel & Travel\",\"potentialAction\":[{\"@type\":\"SearchAction\",\"target\":{\"@type\":\"EntryPoint\",\"urlTemplate\":\"https:\/\/inzain.bike\/fr_be\/?s={search_term_string}\"},\"query-input\":{\"@type\":\"PropertyValueSpecification\",\"valueRequired\":true,\"valueName\":\"search_term_string\"}}],\"inLanguage\":\"sv-SE\"},{\"@type\":\"Organization\",\"@id\":\"https:\/\/inzain.bike\/fr_be\/#organization\",\"name\":\"INZAIN Cycling EXPERIENCES\",\"url\":\"https:\/\/inzain.bike\/fr_be\/\",\"logo\":{\"@type\":\"ImageObject\",\"inLanguage\":\"sv-SE\",\"@id\":\"https:\/\/inzain.bike\/fr_be\/#\/schema\/logo\/image\/\",\"url\":\"https:\/\/i0.wp.com\/inzain.bike\/wp-content\/uploads\/2023\/09\/cropped-INZAIN_512x512_white.png?fit=512%2C512&ssl=1\",\"contentUrl\":\"https:\/\/i0.wp.com\/inzain.bike\/wp-content\/uploads\/2023\/09\/cropped-INZAIN_512x512_white.png?fit=512%2C512&ssl=1\",\"width\":512,\"height\":512,\"caption\":\"INZAIN Cycling EXPERIENCES\"},\"image\":{\"@id\":\"https:\/\/inzain.bike\/fr_be\/#\/schema\/logo\/image\/\"},\"sameAs\":[\"https:\/\/www.facebook.com\/Inzain.bike\",\"https:\/\/www.instagram.com\/inzainbike\"]}]}<\/script>\n<!-- \/ Yoast SEO plugin. -->","yoast_head_json":{"title":"S\u00e4venfors Gravel Camp - INZAIN Cycling EXPERIENCES","robots":{"index":"index","follow":"follow","max-snippet":"max-snippet:-1","max-image-preview":"max-image-preview:large","max-video-preview":"max-video-preview:-1"},"canonical":"https:\/\/inzain.bike\/sv_se\/savenfors-gravel-camp\/","og_locale":"sv_SE","og_type":"article","og_title":"S\u00e4venfors Gravel Camp - INZAIN Cycling EXPERIENCES","og_description":"V\u00e4lkommen till en fantastisk helg med Gravel i Norra Bergslagen N\u00e4r: 29-30 juli 2023.Var: S\u00e4venfors, BergslagenHur: Gravel Camp p\u00e5 fantastiska v\u00e4garSova: Vi bor p\u00e5 S\u00e4venfors Lodge\u00c4ta: Frukost p\u00e5 anl\u00e4ggningen, middag p\u00e5 kv\u00e4llen ing\u00e5r i paketet. Lunch o fika p\u00e5 turerna betalar man sj\u00e4lv.Pris: Eventet i sig \u00e4r kostnadsfritt men vi har ordnat med boendepaket f\u00f6r [&hellip;]","og_url":"https:\/\/inzain.bike\/sv_se\/savenfors-gravel-camp\/","og_site_name":"INZAIN Cycling EXPERIENCES","article_publisher":"https:\/\/www.facebook.com\/Inzain.bike","article_modified_time":"2023-07-28T07:18:04+00:00","og_image":[{"url":"https:\/\/inzain.bike\/wp-content\/uploads\/2022\/10\/sav3-1024x682.jpg","type":"","width":"","height":""}],"twitter_card":"summary_large_image","twitter_misc":{"Ber\u00e4knad l\u00e4stid":"2 minuter"},"schema":{"@context":"https:\/\/schema.org","@graph":[{"@type":"WebPage","@id":"https:\/\/inzain.bike\/fi\/savenfors-gravel-camp\/","url":"https:\/\/inzain.bike\/fi\/savenfors-gravel-camp\/","name":"S\u00e4venfors Gravel Camp - INZAIN Cycling EXPERIENCES","isPartOf":{"@id":"https:\/\/inzain.bike\/fr_be\/#website"},"primaryImageOfPage":{"@id":"https:\/\/inzain.bike\/fi\/savenfors-gravel-camp\/#primaryimage"},"image":{"@id":"https:\/\/inzain.bike\/fi\/savenfors-gravel-camp\/#primaryimage"},"thumbnailUrl":"https:\/\/inzain.bike\/wp-content\/uploads\/2022\/10\/sav3-1024x682.jpg","datePublished":"2022-10-02T16:29:56+00:00","dateModified":"2023-07-28T07:18:04+00:00","breadcrumb":{"@id":"https:\/\/inzain.bike\/fi\/savenfors-gravel-camp\/#breadcrumb"},"inLanguage":"sv-SE","potentialAction":[{"@type":"ReadAction","target":["https:\/\/inzain.bike\/fi\/savenfors-gravel-camp\/"]}]},{"@type":"ImageObject","inLanguage":"sv-SE","@id":"https:\/\/inzain.bike\/fi\/savenfors-gravel-camp\/#primaryimage","url":"https:\/\/inzain.bike\/wp-content\/uploads\/2022\/10\/sav3-1024x682.jpg","contentUrl":"https:\/\/inzain.bike\/wp-content\/uploads\/2022\/10\/sav3-1024x682.jpg"},{"@type":"BreadcrumbList","@id":"https:\/\/inzain.bike\/fi\/savenfors-gravel-camp\/#breadcrumb","itemListElement":[{"@type":"ListItem","position":1,"name":"Hem","item":"https:\/\/inzain.bike\/fr_be\/"},{"@type":"ListItem","position":2,"name":"S\u00e4venfors Gravel Camp"}]},{"@type":"WebSite","@id":"https:\/\/inzain.bike\/fr_be\/#website","url":"https:\/\/inzain.bike\/fr_be\/","name":"INZAIN Cycling EXPERIENCES","description":"Cyckling Adventures  - for everyone","publisher":{"@id":"https:\/\/inzain.bike\/fr_be\/#organization"},"alternateName":"INZAIN Gravel & Travel","potentialAction":[{"@type":"SearchAction","target":{"@type":"EntryPoint","urlTemplate":"https:\/\/inzain.bike\/fr_be\/?s={search_term_string}"},"query-input":{"@type":"PropertyValueSpecification","valueRequired":true,"valueName":"search_term_string"}}],"inLanguage":"sv-SE"},{"@type":"Organization","@id":"https:\/\/inzain.bike\/fr_be\/#organization","name":"INZAIN Cycling EXPERIENCES","url":"https:\/\/inzain.bike\/fr_be\/","logo":{"@type":"ImageObject","inLanguage":"sv-SE","@id":"https:\/\/inzain.bike\/fr_be\/#\/schema\/logo\/image\/","url":"https:\/\/i0.wp.com\/inzain.bike\/wp-content\/uploads\/2023\/09\/cropped-INZAIN_512x512_white.png?fit=512%2C512&ssl=1","contentUrl":"https:\/\/i0.wp.com\/inzain.bike\/wp-content\/uploads\/2023\/09\/cropped-INZAIN_512x512_white.png?fit=512%2C512&ssl=1","width":512,"height":512,"caption":"INZAIN Cycling EXPERIENCES"},"image":{"@id":"https:\/\/inzain.bike\/fr_be\/#\/schema\/logo\/image\/"},"sameAs":["https:\/\/www.facebook.com\/Inzain.bike","https:\/\/www.instagram.com\/inzainbike"]}]}},"amp_enabled":true,"_links":{"self":[{"href":"https:\/\/inzain.bike\/sv_se\/wp-json\/wp\/v2\/pages\/1986","targetHints":{"allow":["GET"]}}],"collection":[{"href":"https:\/\/inzain.bike\/sv_se\/wp-json\/wp\/v2\/pages"}],"about":[{"href":"https:\/\/inzain.bike\/sv_se\/wp-json\/wp\/v2\/types\/page"}],"author":[{"embeddable":true,"href":"https:\/\/inzain.bike\/sv_se\/wp-json\/wp\/v2\/users\/135133094"}],"replies":[{"embeddable":true,"href":"https:\/\/inzain.bike\/sv_se\/wp-json\/wp\/v2\/comments?post=1986"}],"version-history":[{"count":0,"href":"https:\/\/inzain.bike\/sv_se\/wp-json\/wp\/v2\/pages\/1986\/revisions"}],"wp:attachment":[{"href":"https:\/\/inzain.bike\/sv_se\/wp-json\/wp\/v2\/media?parent=1986"}],"curies":[{"name":"wp","href":"https:\/\/api.w.org\/{rel}","templated":true}]}}