{"id":1994,"date":"2022-10-02T18:37:40","date_gmt":"2022-10-02T16:37:40","guid":{"rendered":"https:\/\/inzain.bike\/?page_id=1994"},"modified":"2023-07-12T09:01:13","modified_gmt":"2023-07-12T07:01:13","slug":"finland-gravel-randonee","status":"publish","type":"page","link":"https:\/\/inzain.bike\/sv_se\/finland-gravel-randonee\/","title":{"rendered":"Finland Gravel Randone\u00e9"},"content":{"rendered":"\n<p>V\u00e4lkommen till en fantastisk gravel tour i Finland<\/p>\n\n\n\n<figure class=\"wp-block-image size-large\"><img loading=\"lazy\" decoding=\"async\" width=\"1024\" height=\"607\" src=\"https:\/\/inzain.bike\/wp-content\/uploads\/2022\/11\/the-Moth-1024x607.png\" alt=\"\" class=\"wp-image-2461\" srcset=\"https:\/\/inzain.bike\/wp-content\/uploads\/2022\/11\/the-Moth-1024x607.png 1024w, https:\/\/inzain.bike\/wp-content\/uploads\/2022\/11\/the-Moth-300x178.png 300w, https:\/\/inzain.bike\/wp-content\/uploads\/2022\/11\/the-Moth-768x455.png 768w, https:\/\/inzain.bike\/wp-content\/uploads\/2022\/11\/the-Moth-1536x910.png 1536w, https:\/\/inzain.bike\/wp-content\/uploads\/2022\/11\/the-Moth-18x12.png 18w, https:\/\/inzain.bike\/wp-content\/uploads\/2022\/11\/the-Moth-1320x782.png 1320w, https:\/\/inzain.bike\/wp-content\/uploads\/2022\/11\/the-Moth-600x355.png 600w, https:\/\/inzain.bike\/wp-content\/uploads\/2022\/11\/the-Moth.png 1668w\" sizes=\"auto, (max-width: 1024px) 100vw, 1024px\" \/><\/figure>\n\n\n\n<p><strong>N\u00e4r<\/strong>: 3-6 juni 2023.<br><strong>Var<\/strong>: Helsingfors<br><strong>Resa<\/strong>: Tallink Sthlm -&gt; Helsingfors 2\/6 16:45 &amp; Helsingfors -&gt; Sthlm 5\/6 17:00<br><strong>Hur<\/strong>: Gravel Camp p\u00e5 fantastiska v\u00e4gar<br><strong>Boende<\/strong>: Vi bor fina st\u00e4llen l\u00e4ngs rutten. Se nedan<br><\/p>\n\n\n\n<figure class=\"wp-block-image size-large\"><img loading=\"lazy\" decoding=\"async\" width=\"1024\" height=\"684\" src=\"https:\/\/inzain.bike\/wp-content\/uploads\/2022\/10\/sf2-1024x684.jpeg\" alt=\"\" class=\"wp-image-2121\" srcset=\"https:\/\/inzain.bike\/wp-content\/uploads\/2022\/10\/sf2-1024x684.jpeg 1024w, https:\/\/inzain.bike\/wp-content\/uploads\/2022\/10\/sf2-300x200.jpeg 300w, https:\/\/inzain.bike\/wp-content\/uploads\/2022\/10\/sf2-768x513.jpeg 768w, https:\/\/inzain.bike\/wp-content\/uploads\/2022\/10\/sf2-18x12.jpeg 18w, https:\/\/inzain.bike\/wp-content\/uploads\/2022\/10\/sf2-1320x881.jpeg 1320w, https:\/\/inzain.bike\/wp-content\/uploads\/2022\/10\/sf2-600x401.jpeg 600w, https:\/\/inzain.bike\/wp-content\/uploads\/2022\/10\/sf2.jpeg 1450w\" sizes=\"auto, (max-width: 1024px) 100vw, 1024px\" \/><\/figure>\n\n\n\n<p><strong>Vad kan du f\u00f6rv\u00e4nta dig?<\/strong><br>Vi cyklar f\u00f6r att ha trevligt, det \u00e4r inte n\u00e5gra intervaller och det handlar inte om att cykla snabbast utan att f\u00e5 den b\u00e4sta upplevelsen. Vill man spr\u00e4tta s\u00e5 g\u00e5r det naturligtvis bra, man v\u00e4ntar in l\u00e4ngre fram. Vi kan ocks\u00e5 komma att dela gruppen, om det visar sig att det blir b\u00e4ttre. V\u00e5ra Guider har v\u00e4ldigt stor erfarenhet av att arrangera och h\u00e5lla i dessa turer.<\/p>\n\n\n\n<p>Silja <a href=\"https:\/\/se.tallink.com\/stockholm-helsingfors-tidtabell\">Tider och bokning<\/a><\/p>\n\n\n\n<figure class=\"wp-block-image size-large\"><img loading=\"lazy\" decoding=\"async\" width=\"1024\" height=\"322\" src=\"https:\/\/inzain.bike\/wp-content\/uploads\/2022\/10\/sf1-1-1024x322.jpg\" alt=\"\" class=\"wp-image-2122\" srcset=\"https:\/\/inzain.bike\/wp-content\/uploads\/2022\/10\/sf1-1-1024x322.jpg 1024w, https:\/\/inzain.bike\/wp-content\/uploads\/2022\/10\/sf1-1-300x94.jpg 300w, https:\/\/inzain.bike\/wp-content\/uploads\/2022\/10\/sf1-1-768x242.jpg 768w, https:\/\/inzain.bike\/wp-content\/uploads\/2022\/10\/sf1-1-1536x483.jpg 1536w, https:\/\/inzain.bike\/wp-content\/uploads\/2022\/10\/sf1-1-18x6.jpg 18w, https:\/\/inzain.bike\/wp-content\/uploads\/2022\/10\/sf1-1-1320x415.jpg 1320w, https:\/\/inzain.bike\/wp-content\/uploads\/2022\/10\/sf1-1-600x189.jpg 600w, https:\/\/inzain.bike\/wp-content\/uploads\/2022\/10\/sf1-1.jpg 1920w\" sizes=\"auto, (max-width: 1024px) 100vw, 1024px\" \/><\/figure>\n\n\n\n<p><strong>Fredag<\/strong><br>B\u00e5t p\u00e5 kv\u00e4llen fr\u00e5n Stockholm, kl 16:45. Vi \u00e4ter gott, kanske tar en \u00f6l eller tv\u00e5 och sover oss \u00f6ver till Helsingfors, med ankomsttid 10:30<br><br><strong>L\u00f6rdag<\/strong> <br>Vi ankommer till Helsingfors med v\u00e5ra cyklar och startar direkt fr\u00e5n hamnen. Vi \u00e4ter lunch l\u00e4ngs v\u00e4gen och kommer fram till v\u00e5rt boende p\u00e5 eftermiddagen. Tuffaste dagen, ca 11 mil och 1,500hm. Vi har en enkel fika efter 27 km och lunch efter 54 km p\u00e5 Restaurang Tila, som f\u00f6rutom god mat ocks\u00e5 har egen osttillverkning. Restaurangen ligger mitt i Sibbo Nationalpark. Fika finns sedan vid 75 alt 82 km. Vi bor p\u00e5 <a href=\"https:\/\/www.korpilampi.fi\/en\/\">Hotell Korpilampi<\/a> vid skidanl\u00e4ggningen Serena.<\/p>\n\n\n\n<p><strong>S\u00f6ndag<\/strong> <br>Vi \u00e4ter frukost och \u00e4ntrar \u00e5nyo v\u00e5ra velocipeder. Idag har vi 12 mil och 1300 hm framf\u00f6r oss. Turen b\u00f6rjar s\u00f6derut via Solvik till Esbo. Lunch intas i hamnen vid Karl\u00f6fj\u00e4rden, efter 46km p\u00e5 Nokkalan Mjakka, d\u00e4r kan man \u00e4ven k\u00f6pa en glass :). Vi forts\u00e4tter l\u00e4ngs kusten upp till Tapiola d\u00e4r vi v\u00e4nder \u00f6sterut igen. Vid 80km passerar vi en aff\u00e4r om n\u00e5got beh\u00f6ver inhandlas. Vi rundar Vittr\u00e4sk och tar en fika vid Lappb\u00f6le efter 96km. <a href=\"https:\/\/polkuhotel.com\/\">Hotellet Polku Nuuksio<\/a> n\u00e5s efter 12 mil. Middag och s\u00f6mn sitter nog r\u00e4tt bra d\u00e5.<\/p>\n\n\n\n<p><strong>M\u00e5ndag<\/strong><br>Sista dagen, vi cyklar  \u00e5ter till Helsingfors, ca 80km och 1,000hm och d\u00e4r v\u00e4ntar b\u00e5ten som f\u00f6r oss \u00e5ter till Stockholm med avg\u00e5ng 17:00 ankommer Stockholm 09.00 p\u00e5 tisdag. Fr\u00e5n hotellet g\u00e5r vi till En\u00e4j\u00e4rvi vars v\u00e4stra stand vi f\u00f6ljer. Vi tar en fika efter ca 20km vid skidbacken Pohjoinen Pirtti. St\u00e4rkta cyklar vi vidare \u00f6ver Skogby och Luk. D\u00e4r \u00e4ter vi lunch efter ca 40km.  Nu v\u00e4nder turen s\u00f6derut och leder oss p\u00e5 fina v\u00e4gar till hamnen och den v\u00e4ntande b\u00e5ten.<br><br><\/p>\n\n\n\n<p><strong>Rutten &#8211; &#8220;<em>The Moth<\/em>&#8220;<\/strong><\/p>\n\n\n\n<figure class=\"wp-block-image size-large\"><img loading=\"lazy\" decoding=\"async\" width=\"1024\" height=\"658\" src=\"https:\/\/inzain.bike\/wp-content\/uploads\/2022\/11\/image-28-1024x658.png\" alt=\"\" class=\"wp-image-2463\" srcset=\"https:\/\/inzain.bike\/wp-content\/uploads\/2022\/11\/image-28-1024x658.png 1024w, https:\/\/inzain.bike\/wp-content\/uploads\/2022\/11\/image-28-300x193.png 300w, https:\/\/inzain.bike\/wp-content\/uploads\/2022\/11\/image-28-768x493.png 768w, https:\/\/inzain.bike\/wp-content\/uploads\/2022\/11\/image-28-1536x987.png 1536w, https:\/\/inzain.bike\/wp-content\/uploads\/2022\/11\/image-28-2048x1316.png 2048w, https:\/\/inzain.bike\/wp-content\/uploads\/2022\/11\/image-28-18x12.png 18w, https:\/\/inzain.bike\/wp-content\/uploads\/2022\/11\/image-28-1320x848.png 1320w, https:\/\/inzain.bike\/wp-content\/uploads\/2022\/11\/image-28-600x385.png 600w\" sizes=\"auto, (max-width: 1024px) 100vw, 1024px\" \/><\/figure>\n\n\n\n<p>315 km, 3,500 hm tre dagar. Sj\u00f6ar, hav skog och f\u00e4lt, ibland l\u00e5ngt bort ibland stadsn\u00e4ra. En sp\u00e4nnande tur som g\u00e5r motsols. Sista dagen kortast f\u00f6r att skapa buffert till hemf\u00e4rden kl 17.00.<\/p>\n\n\n\n<p><br><strong>Vi cyklar enligt Grusets V\u00e4nners principer.<\/strong><br>* Ingen l\u00e4mnas ensam, alla ska med<br>* Spr\u00e4tta g\u00e5r bra, v\u00e4nta in l\u00e4ngre fram<br>* Vi tar hand om och hj\u00e4lper varandra vid punkor eller annat.<br>* Vi cyklar s\u00e4kert och h\u00e5ller avst\u00e5nd, t\u00e4nk tre sekunders regeln.<br>* Allt handlar om att f\u00e5 en trevlig dag.<\/p>\n\n\n\n<p><strong>Hur kan jag delta?<\/strong><\/p>\n\n\n\n<p>Boka n\u00e5got s\u00e4tt att ta dig till Helsingfors, vi \u00e4r ett g\u00e4ng som \u00e5ker med b\u00e5ten p\u00e5 fredag kv\u00e4ll, (se ingressen) och boka boende, f\u00f6rslagsvis p\u00e5 samma hotell som vi bokat, se ovan ocks\u00e5.<\/p>\n\n\n\n<p><strong>Priser<\/strong>: Gratis<br><br><a href=\"https:\/\/inzain.bike\/finland-gravel-tour-riders-guide\/\"><strong>Riders Guide<\/strong> <\/a><br><\/p>\n\n\n\n<p><strong>Anm\u00e4lan<\/strong> <strong>St\u00e4ngd<\/strong><br><\/p>\n","protected":false},"excerpt":{"rendered":"<p>V\u00e4lkommen till en fantastisk gravel tour i Finland N\u00e4r: 3-6 juni 2023.Var: HelsingforsResa: Tallink Sthlm -&gt; Helsingfors 2\/6 16:45 &amp; Helsingfors -&gt; Sthlm 5\/6 17:00Hur: Gravel Camp p\u00e5 fantastiska v\u00e4garBoende: Vi bor fina st\u00e4llen l\u00e4ngs rutten. Se nedan Vad kan du f\u00f6rv\u00e4nta dig?Vi cyklar f\u00f6r att ha trevligt, det \u00e4r inte n\u00e5gra intervaller och det [&hellip;]<\/p>\n","protected":false},"author":135133094,"featured_media":0,"parent":0,"menu_order":0,"comment_status":"closed","ping_status":"closed","template":"","meta":{"_coblocks_attr":"","_coblocks_dimensions":"","_coblocks_responsive_height":"","_coblocks_accordion_ie_support":"","footnotes":""},"class_list":["post-1994","page","type-page","status-publish","hentry"],"yoast_head":"<!-- This site is optimized with the Yoast SEO plugin v27.2 - https:\/\/yoast.com\/product\/yoast-seo-wordpress\/ -->\n<title>Finland Gravel Randone\u00e9 - INZAIN Cycling EXPERIENCES<\/title>\n<meta name=\"robots\" content=\"index, follow, max-snippet:-1, max-image-preview:large, max-video-preview:-1\" \/>\n<link rel=\"canonical\" href=\"https:\/\/inzain.bike\/sv_se\/finland-gravel-randonee\/\" \/>\n<meta property=\"og:locale\" content=\"sv_SE\" \/>\n<meta property=\"og:type\" content=\"article\" \/>\n<meta property=\"og:title\" content=\"Finland Gravel Randone\u00e9 - INZAIN Cycling EXPERIENCES\" \/>\n<meta property=\"og:description\" content=\"V\u00e4lkommen till en fantastisk gravel tour i Finland N\u00e4r: 3-6 juni 2023.Var: HelsingforsResa: Tallink Sthlm -&gt; Helsingfors 2\/6 16:45 &amp; Helsingfors -&gt; Sthlm 5\/6 17:00Hur: Gravel Camp p\u00e5 fantastiska v\u00e4garBoende: Vi bor fina st\u00e4llen l\u00e4ngs rutten. Se nedan Vad kan du f\u00f6rv\u00e4nta dig?Vi cyklar f\u00f6r att ha trevligt, det \u00e4r inte n\u00e5gra intervaller och det [&hellip;]\" \/>\n<meta property=\"og:url\" content=\"https:\/\/inzain.bike\/sv_se\/finland-gravel-randonee\/\" \/>\n<meta property=\"og:site_name\" content=\"INZAIN Cycling EXPERIENCES\" \/>\n<meta property=\"article:publisher\" content=\"https:\/\/www.facebook.com\/Inzain.bike\" \/>\n<meta property=\"article:modified_time\" content=\"2023-07-12T07:01:13+00:00\" \/>\n<meta property=\"og:image\" content=\"https:\/\/inzain.bike\/wp-content\/uploads\/2022\/11\/the-Moth-1024x607.png\" \/>\n<meta name=\"twitter:card\" content=\"summary_large_image\" \/>\n<meta name=\"twitter:label1\" content=\"Ber\u00e4knad l\u00e4stid\" \/>\n\t<meta name=\"twitter:data1\" content=\"3 minuter\" \/>\n<script type=\"application\/ld+json\" class=\"yoast-schema-graph\">{\"@context\":\"https:\/\/schema.org\",\"@graph\":[{\"@type\":\"WebPage\",\"@id\":\"https:\/\/inzain.bike\/en_gb\/finland-gravel-randonee\/\",\"url\":\"https:\/\/inzain.bike\/en_gb\/finland-gravel-randonee\/\",\"name\":\"Finland Gravel Randone\u00e9 - INZAIN Cycling EXPERIENCES\",\"isPartOf\":{\"@id\":\"https:\/\/inzain.bike\/fr_be\/#website\"},\"primaryImageOfPage\":{\"@id\":\"https:\/\/inzain.bike\/en_gb\/finland-gravel-randonee\/#primaryimage\"},\"image\":{\"@id\":\"https:\/\/inzain.bike\/en_gb\/finland-gravel-randonee\/#primaryimage\"},\"thumbnailUrl\":\"https:\/\/inzain.bike\/wp-content\/uploads\/2022\/11\/the-Moth-1024x607.png\",\"datePublished\":\"2022-10-02T16:37:40+00:00\",\"dateModified\":\"2023-07-12T07:01:13+00:00\",\"breadcrumb\":{\"@id\":\"https:\/\/inzain.bike\/en_gb\/finland-gravel-randonee\/#breadcrumb\"},\"inLanguage\":\"sv-SE\",\"potentialAction\":[{\"@type\":\"ReadAction\",\"target\":[\"https:\/\/inzain.bike\/en_gb\/finland-gravel-randonee\/\"]}]},{\"@type\":\"ImageObject\",\"inLanguage\":\"sv-SE\",\"@id\":\"https:\/\/inzain.bike\/en_gb\/finland-gravel-randonee\/#primaryimage\",\"url\":\"https:\/\/inzain.bike\/wp-content\/uploads\/2022\/11\/the-Moth-1024x607.png\",\"contentUrl\":\"https:\/\/inzain.bike\/wp-content\/uploads\/2022\/11\/the-Moth-1024x607.png\"},{\"@type\":\"BreadcrumbList\",\"@id\":\"https:\/\/inzain.bike\/en_gb\/finland-gravel-randonee\/#breadcrumb\",\"itemListElement\":[{\"@type\":\"ListItem\",\"position\":1,\"name\":\"Hem\",\"item\":\"https:\/\/inzain.bike\/fr_be\/\"},{\"@type\":\"ListItem\",\"position\":2,\"name\":\"Finland Gravel Randone\u00e9\"}]},{\"@type\":\"WebSite\",\"@id\":\"https:\/\/inzain.bike\/fr_be\/#website\",\"url\":\"https:\/\/inzain.bike\/fr_be\/\",\"name\":\"INZAIN Cycling EXPERIENCES\",\"description\":\"Cyckling Adventures  - for everyone\",\"publisher\":{\"@id\":\"https:\/\/inzain.bike\/fr_be\/#organization\"},\"alternateName\":\"INZAIN Gravel & Travel\",\"potentialAction\":[{\"@type\":\"SearchAction\",\"target\":{\"@type\":\"EntryPoint\",\"urlTemplate\":\"https:\/\/inzain.bike\/fr_be\/?s={search_term_string}\"},\"query-input\":{\"@type\":\"PropertyValueSpecification\",\"valueRequired\":true,\"valueName\":\"search_term_string\"}}],\"inLanguage\":\"sv-SE\"},{\"@type\":\"Organization\",\"@id\":\"https:\/\/inzain.bike\/fr_be\/#organization\",\"name\":\"INZAIN Cycling EXPERIENCES\",\"url\":\"https:\/\/inzain.bike\/fr_be\/\",\"logo\":{\"@type\":\"ImageObject\",\"inLanguage\":\"sv-SE\",\"@id\":\"https:\/\/inzain.bike\/fr_be\/#\/schema\/logo\/image\/\",\"url\":\"https:\/\/i0.wp.com\/inzain.bike\/wp-content\/uploads\/2023\/09\/cropped-INZAIN_512x512_white.png?fit=512%2C512&ssl=1\",\"contentUrl\":\"https:\/\/i0.wp.com\/inzain.bike\/wp-content\/uploads\/2023\/09\/cropped-INZAIN_512x512_white.png?fit=512%2C512&ssl=1\",\"width\":512,\"height\":512,\"caption\":\"INZAIN Cycling EXPERIENCES\"},\"image\":{\"@id\":\"https:\/\/inzain.bike\/fr_be\/#\/schema\/logo\/image\/\"},\"sameAs\":[\"https:\/\/www.facebook.com\/Inzain.bike\",\"https:\/\/www.instagram.com\/inzainbike\"]}]}<\/script>\n<!-- \/ Yoast SEO plugin. -->","yoast_head_json":{"title":"Finland Gravel Randone\u00e9 - INZAIN Cycling EXPERIENCES","robots":{"index":"index","follow":"follow","max-snippet":"max-snippet:-1","max-image-preview":"max-image-preview:large","max-video-preview":"max-video-preview:-1"},"canonical":"https:\/\/inzain.bike\/sv_se\/finland-gravel-randonee\/","og_locale":"sv_SE","og_type":"article","og_title":"Finland Gravel Randone\u00e9 - INZAIN Cycling EXPERIENCES","og_description":"V\u00e4lkommen till en fantastisk gravel tour i Finland N\u00e4r: 3-6 juni 2023.Var: HelsingforsResa: Tallink Sthlm -&gt; Helsingfors 2\/6 16:45 &amp; Helsingfors -&gt; Sthlm 5\/6 17:00Hur: Gravel Camp p\u00e5 fantastiska v\u00e4garBoende: Vi bor fina st\u00e4llen l\u00e4ngs rutten. Se nedan Vad kan du f\u00f6rv\u00e4nta dig?Vi cyklar f\u00f6r att ha trevligt, det \u00e4r inte n\u00e5gra intervaller och det [&hellip;]","og_url":"https:\/\/inzain.bike\/sv_se\/finland-gravel-randonee\/","og_site_name":"INZAIN Cycling EXPERIENCES","article_publisher":"https:\/\/www.facebook.com\/Inzain.bike","article_modified_time":"2023-07-12T07:01:13+00:00","og_image":[{"url":"https:\/\/inzain.bike\/wp-content\/uploads\/2022\/11\/the-Moth-1024x607.png","type":"","width":"","height":""}],"twitter_card":"summary_large_image","twitter_misc":{"Ber\u00e4knad l\u00e4stid":"3 minuter"},"schema":{"@context":"https:\/\/schema.org","@graph":[{"@type":"WebPage","@id":"https:\/\/inzain.bike\/en_gb\/finland-gravel-randonee\/","url":"https:\/\/inzain.bike\/en_gb\/finland-gravel-randonee\/","name":"Finland Gravel Randone\u00e9 - INZAIN Cycling EXPERIENCES","isPartOf":{"@id":"https:\/\/inzain.bike\/fr_be\/#website"},"primaryImageOfPage":{"@id":"https:\/\/inzain.bike\/en_gb\/finland-gravel-randonee\/#primaryimage"},"image":{"@id":"https:\/\/inzain.bike\/en_gb\/finland-gravel-randonee\/#primaryimage"},"thumbnailUrl":"https:\/\/inzain.bike\/wp-content\/uploads\/2022\/11\/the-Moth-1024x607.png","datePublished":"2022-10-02T16:37:40+00:00","dateModified":"2023-07-12T07:01:13+00:00","breadcrumb":{"@id":"https:\/\/inzain.bike\/en_gb\/finland-gravel-randonee\/#breadcrumb"},"inLanguage":"sv-SE","potentialAction":[{"@type":"ReadAction","target":["https:\/\/inzain.bike\/en_gb\/finland-gravel-randonee\/"]}]},{"@type":"ImageObject","inLanguage":"sv-SE","@id":"https:\/\/inzain.bike\/en_gb\/finland-gravel-randonee\/#primaryimage","url":"https:\/\/inzain.bike\/wp-content\/uploads\/2022\/11\/the-Moth-1024x607.png","contentUrl":"https:\/\/inzain.bike\/wp-content\/uploads\/2022\/11\/the-Moth-1024x607.png"},{"@type":"BreadcrumbList","@id":"https:\/\/inzain.bike\/en_gb\/finland-gravel-randonee\/#breadcrumb","itemListElement":[{"@type":"ListItem","position":1,"name":"Hem","item":"https:\/\/inzain.bike\/fr_be\/"},{"@type":"ListItem","position":2,"name":"Finland Gravel Randone\u00e9"}]},{"@type":"WebSite","@id":"https:\/\/inzain.bike\/fr_be\/#website","url":"https:\/\/inzain.bike\/fr_be\/","name":"INZAIN Cycling EXPERIENCES","description":"Cyckling Adventures  - for everyone","publisher":{"@id":"https:\/\/inzain.bike\/fr_be\/#organization"},"alternateName":"INZAIN Gravel & Travel","potentialAction":[{"@type":"SearchAction","target":{"@type":"EntryPoint","urlTemplate":"https:\/\/inzain.bike\/fr_be\/?s={search_term_string}"},"query-input":{"@type":"PropertyValueSpecification","valueRequired":true,"valueName":"search_term_string"}}],"inLanguage":"sv-SE"},{"@type":"Organization","@id":"https:\/\/inzain.bike\/fr_be\/#organization","name":"INZAIN Cycling EXPERIENCES","url":"https:\/\/inzain.bike\/fr_be\/","logo":{"@type":"ImageObject","inLanguage":"sv-SE","@id":"https:\/\/inzain.bike\/fr_be\/#\/schema\/logo\/image\/","url":"https:\/\/i0.wp.com\/inzain.bike\/wp-content\/uploads\/2023\/09\/cropped-INZAIN_512x512_white.png?fit=512%2C512&ssl=1","contentUrl":"https:\/\/i0.wp.com\/inzain.bike\/wp-content\/uploads\/2023\/09\/cropped-INZAIN_512x512_white.png?fit=512%2C512&ssl=1","width":512,"height":512,"caption":"INZAIN Cycling EXPERIENCES"},"image":{"@id":"https:\/\/inzain.bike\/fr_be\/#\/schema\/logo\/image\/"},"sameAs":["https:\/\/www.facebook.com\/Inzain.bike","https:\/\/www.instagram.com\/inzainbike"]}]}},"amp_enabled":true,"_links":{"self":[{"href":"https:\/\/inzain.bike\/sv_se\/wp-json\/wp\/v2\/pages\/1994","targetHints":{"allow":["GET"]}}],"collection":[{"href":"https:\/\/inzain.bike\/sv_se\/wp-json\/wp\/v2\/pages"}],"about":[{"href":"https:\/\/inzain.bike\/sv_se\/wp-json\/wp\/v2\/types\/page"}],"author":[{"embeddable":true,"href":"https:\/\/inzain.bike\/sv_se\/wp-json\/wp\/v2\/users\/135133094"}],"replies":[{"embeddable":true,"href":"https:\/\/inzain.bike\/sv_se\/wp-json\/wp\/v2\/comments?post=1994"}],"version-history":[{"count":0,"href":"https:\/\/inzain.bike\/sv_se\/wp-json\/wp\/v2\/pages\/1994\/revisions"}],"wp:attachment":[{"href":"https:\/\/inzain.bike\/sv_se\/wp-json\/wp\/v2\/media?parent=1994"}],"curies":[{"name":"wp","href":"https:\/\/api.w.org\/{rel}","templated":true}]}}