{"id":291,"date":"2021-04-11T19:09:23","date_gmt":"2021-04-11T17:09:23","guid":{"rendered":"https:\/\/inzain.bike\/?page_id=291"},"modified":"2025-07-26T08:48:22","modified_gmt":"2025-07-26T06:48:22","slug":"kit-att-ha-med-pa-turen","status":"publish","type":"page","link":"https:\/\/inzain.bike\/sv_se\/kit-att-ha-med-pa-turen\/","title":{"rendered":"Kit att ha med p\u00e5 turen"},"content":{"rendered":"\n<p>Det \u00e4r inte alltid s\u00e5 l\u00e4tt f\u00e5 tag p\u00e5 skjuts eller taxi, s\u00e4rskilt inte om du \u00e4r ute i skogen. Det kan bli en l\u00e5ng promenad. Det l\u00f6ser sig alltid, men att ha med utrustning f\u00f6r att klara mindre fel \u00e4r en bra ide.<\/p>\n\n\n\n<h5 class=\"wp-block-heading\">Bra att ha med sig:<\/h5>\n\n\n\n<p>Slang(ar), pump\/Co2, extra kedjel\u00e5s, kedjebrytare\/Multitool, laglappar(Park tool GP-2 kit och lappar lim sandpapper ur Parktool VP-1), extra v\u00e4xel\u00f6ra, n\u00e5gra buntband, Med det kitet klarar du det mesta. Jag har ocks\u00e5 med lite Gorillatape som jag lindar runt CO2 patronen. En fil f\u00f6r d\u00e4ck \u00e4r bra att ha, s\u00e5 om h\u00e5let i d\u00e4cket ska lagas kan man fila upp det. Jag har ocks\u00e5 ett verktyg f\u00f6r att kunna \u00f6ppna en kedja som har QL, mitt \u00e4r en del av ett st\u00f6rre kit, men finns flera options.<\/p>\n\n\n\n<p>Komplettera g\u00e4rna med ett verktyg f\u00f6r att plugga ett d\u00e4ck, om du k\u00f6r TL (tubeless). Stans DART \u00e4r b\u00e4st enligt min erfarenhet. Park Tool TB-2C Tire Boot, f\u00f6r laga d\u00e4ck. En extra skruv till SPD pedal \u00e4r ocks\u00e5 bra att ha, helst en hel SPD kloss, 2.5mm HEX f\u00f6r pedal och en Torx, bra \u00f6ppna utsliten skurv. Tubolito \u00e4r grymma extra slangar, k\u00f6r du dem, t\u00e4nk p\u00e5 att ta med laglappar f\u00f6r Tubolito, vanliga fungerar inte. En bit kedja och TV\u00c5 quick-links, kan l\u00f6sa problem med trasig kedja. En extra ventilk\u00e4rna och verktyg f\u00f6r dessa, allts\u00e5 ett ventilk\u00e4rneverktyg. <\/p>\n\n\n\n<p><\/p>\n\n\n\n<p>V\u00e4tska och energi i n\u00e5gon form, och planera g\u00e4rna in (minst) en gofika l\u00e4ngs v\u00e4gen. Det delar upp turen och \u00e4r v\u00e4ldigt trevligt. Det \u00e4r en bra id\u00e9 att ha med f\u00f6rst\u00e4rkningsplagg, s\u00e4rskilt v\u00e5r och h\u00f6st eller om man kl\u00e4ttrar upp p\u00e5 h\u00f6gre h\u00f6jder (en tumregel \u00e4r att det blir c:a 1 grad kallare per 200m h\u00f6jd). En varmare m\u00f6ssa och  en regn\/vindt\u00e4t jacka \u00e4r guld om det kommer en skur eller motvinden m\u00f6ter.<\/p>\n\n\n\n<p>Medkit i n\u00e5gon form, bra att ha antihistamin, och alvedon och ipren. Tar ingen plats, i Toscana cyklade vi in i ett jortdgetingbo, det kan h\u00e4nda varsomhelst, antihistamin, \u00e4r guld. Sm\u00e4rtstillande kan hj\u00e4lpa n\u00e5gon som har ont. B\u00e4ttre annars att medkitet \u00e4r med \u00e4n att det \u00e4r f\u00f6r stort. Pl\u00e5ster, binda, n\u00e5gon form av antiseptika, t.ex. s\u00e5r duk kan man komma l\u00e5ngt med.<\/p>\n\n\n\n<p><\/p>\n","protected":false},"excerpt":{"rendered":"<p>Det \u00e4r inte alltid s\u00e5 l\u00e4tt f\u00e5 tag p\u00e5 skjuts eller taxi, s\u00e4rskilt inte om du \u00e4r ute i skogen. Det kan bli en l\u00e5ng promenad. Det l\u00f6ser sig alltid, men att ha med utrustning f\u00f6r att klara mindre fel \u00e4r en bra ide. Bra att ha med sig: Slang(ar), pump\/Co2, extra kedjel\u00e5s, kedjebrytare\/Multitool, laglappar(Park [&hellip;]<\/p>\n","protected":false},"author":135133094,"featured_media":0,"parent":0,"menu_order":0,"comment_status":"closed","ping_status":"closed","template":"","meta":{"_coblocks_attr":"","_coblocks_dimensions":"","_coblocks_responsive_height":"","_coblocks_accordion_ie_support":"","footnotes":""},"class_list":["post-291","page","type-page","status-publish","hentry"],"yoast_head":"<!-- This site is optimized with the Yoast SEO plugin v27.2 - https:\/\/yoast.com\/product\/yoast-seo-wordpress\/ -->\n<title>Kit att ha med p\u00e5 turen - INZAIN Cycling EXPERIENCES<\/title>\n<meta name=\"robots\" content=\"index, follow, max-snippet:-1, max-image-preview:large, max-video-preview:-1\" \/>\n<link rel=\"canonical\" href=\"https:\/\/inzain.bike\/sv_se\/kit-att-ha-med-pa-turen\/\" \/>\n<meta property=\"og:locale\" content=\"sv_SE\" \/>\n<meta property=\"og:type\" content=\"article\" \/>\n<meta property=\"og:title\" content=\"Kit att ha med p\u00e5 turen - INZAIN Cycling EXPERIENCES\" \/>\n<meta property=\"og:description\" content=\"Det \u00e4r inte alltid s\u00e5 l\u00e4tt f\u00e5 tag p\u00e5 skjuts eller taxi, s\u00e4rskilt inte om du \u00e4r ute i skogen. Det kan bli en l\u00e5ng promenad. Det l\u00f6ser sig alltid, men att ha med utrustning f\u00f6r att klara mindre fel \u00e4r en bra ide. Bra att ha med sig: Slang(ar), pump\/Co2, extra kedjel\u00e5s, kedjebrytare\/Multitool, laglappar(Park [&hellip;]\" \/>\n<meta property=\"og:url\" content=\"https:\/\/inzain.bike\/sv_se\/kit-att-ha-med-pa-turen\/\" \/>\n<meta property=\"og:site_name\" content=\"INZAIN Cycling EXPERIENCES\" \/>\n<meta property=\"article:publisher\" content=\"https:\/\/www.facebook.com\/Inzain.bike\" \/>\n<meta property=\"article:modified_time\" content=\"2025-07-26T06:48:22+00:00\" \/>\n<meta name=\"twitter:card\" content=\"summary_large_image\" \/>\n<meta name=\"twitter:label1\" content=\"Ber\u00e4knad l\u00e4stid\" \/>\n\t<meta name=\"twitter:data1\" content=\"2 minuter\" \/>\n<script type=\"application\/ld+json\" class=\"yoast-schema-graph\">{\"@context\":\"https:\/\/schema.org\",\"@graph\":[{\"@type\":\"WebPage\",\"@id\":\"https:\/\/inzain.bike\/sv_se\/kit-att-ha-med-pa-turen\/\",\"url\":\"https:\/\/inzain.bike\/sv_se\/kit-att-ha-med-pa-turen\/\",\"name\":\"Kit att ha med p\u00e5 turen - INZAIN Cycling EXPERIENCES\",\"isPartOf\":{\"@id\":\"https:\/\/inzain.bike\/fr_be\/#website\"},\"datePublished\":\"2021-04-11T17:09:23+00:00\",\"dateModified\":\"2025-07-26T06:48:22+00:00\",\"breadcrumb\":{\"@id\":\"https:\/\/inzain.bike\/sv_se\/kit-att-ha-med-pa-turen\/#breadcrumb\"},\"inLanguage\":\"sv-SE\",\"potentialAction\":[{\"@type\":\"ReadAction\",\"target\":[\"https:\/\/inzain.bike\/sv_se\/kit-att-ha-med-pa-turen\/\"]}]},{\"@type\":\"BreadcrumbList\",\"@id\":\"https:\/\/inzain.bike\/sv_se\/kit-att-ha-med-pa-turen\/#breadcrumb\",\"itemListElement\":[{\"@type\":\"ListItem\",\"position\":1,\"name\":\"Hem\",\"item\":\"https:\/\/inzain.bike\/fr_be\/\"},{\"@type\":\"ListItem\",\"position\":2,\"name\":\"Kit att ha med p\u00e5 turen\"}]},{\"@type\":\"WebSite\",\"@id\":\"https:\/\/inzain.bike\/fr_be\/#website\",\"url\":\"https:\/\/inzain.bike\/fr_be\/\",\"name\":\"INZAIN Cycling EXPERIENCES\",\"description\":\"Cyckling Adventures  - for everyone\",\"publisher\":{\"@id\":\"https:\/\/inzain.bike\/fr_be\/#organization\"},\"alternateName\":\"INZAIN Gravel & Travel\",\"potentialAction\":[{\"@type\":\"SearchAction\",\"target\":{\"@type\":\"EntryPoint\",\"urlTemplate\":\"https:\/\/inzain.bike\/fr_be\/?s={search_term_string}\"},\"query-input\":{\"@type\":\"PropertyValueSpecification\",\"valueRequired\":true,\"valueName\":\"search_term_string\"}}],\"inLanguage\":\"sv-SE\"},{\"@type\":\"Organization\",\"@id\":\"https:\/\/inzain.bike\/fr_be\/#organization\",\"name\":\"INZAIN Cycling EXPERIENCES\",\"url\":\"https:\/\/inzain.bike\/fr_be\/\",\"logo\":{\"@type\":\"ImageObject\",\"inLanguage\":\"sv-SE\",\"@id\":\"https:\/\/inzain.bike\/fr_be\/#\/schema\/logo\/image\/\",\"url\":\"https:\/\/i0.wp.com\/inzain.bike\/wp-content\/uploads\/2023\/09\/cropped-INZAIN_512x512_white.png?fit=512%2C512&ssl=1\",\"contentUrl\":\"https:\/\/i0.wp.com\/inzain.bike\/wp-content\/uploads\/2023\/09\/cropped-INZAIN_512x512_white.png?fit=512%2C512&ssl=1\",\"width\":512,\"height\":512,\"caption\":\"INZAIN Cycling EXPERIENCES\"},\"image\":{\"@id\":\"https:\/\/inzain.bike\/fr_be\/#\/schema\/logo\/image\/\"},\"sameAs\":[\"https:\/\/www.facebook.com\/Inzain.bike\",\"https:\/\/www.instagram.com\/inzainbike\"]}]}<\/script>\n<!-- \/ Yoast SEO plugin. -->","yoast_head_json":{"title":"Kit att ha med p\u00e5 turen - INZAIN Cycling EXPERIENCES","robots":{"index":"index","follow":"follow","max-snippet":"max-snippet:-1","max-image-preview":"max-image-preview:large","max-video-preview":"max-video-preview:-1"},"canonical":"https:\/\/inzain.bike\/sv_se\/kit-att-ha-med-pa-turen\/","og_locale":"sv_SE","og_type":"article","og_title":"Kit att ha med p\u00e5 turen - INZAIN Cycling EXPERIENCES","og_description":"Det \u00e4r inte alltid s\u00e5 l\u00e4tt f\u00e5 tag p\u00e5 skjuts eller taxi, s\u00e4rskilt inte om du \u00e4r ute i skogen. Det kan bli en l\u00e5ng promenad. Det l\u00f6ser sig alltid, men att ha med utrustning f\u00f6r att klara mindre fel \u00e4r en bra ide. Bra att ha med sig: Slang(ar), pump\/Co2, extra kedjel\u00e5s, kedjebrytare\/Multitool, laglappar(Park [&hellip;]","og_url":"https:\/\/inzain.bike\/sv_se\/kit-att-ha-med-pa-turen\/","og_site_name":"INZAIN Cycling EXPERIENCES","article_publisher":"https:\/\/www.facebook.com\/Inzain.bike","article_modified_time":"2025-07-26T06:48:22+00:00","twitter_card":"summary_large_image","twitter_misc":{"Ber\u00e4knad l\u00e4stid":"2 minuter"},"schema":{"@context":"https:\/\/schema.org","@graph":[{"@type":"WebPage","@id":"https:\/\/inzain.bike\/sv_se\/kit-att-ha-med-pa-turen\/","url":"https:\/\/inzain.bike\/sv_se\/kit-att-ha-med-pa-turen\/","name":"Kit att ha med p\u00e5 turen - INZAIN Cycling EXPERIENCES","isPartOf":{"@id":"https:\/\/inzain.bike\/fr_be\/#website"},"datePublished":"2021-04-11T17:09:23+00:00","dateModified":"2025-07-26T06:48:22+00:00","breadcrumb":{"@id":"https:\/\/inzain.bike\/sv_se\/kit-att-ha-med-pa-turen\/#breadcrumb"},"inLanguage":"sv-SE","potentialAction":[{"@type":"ReadAction","target":["https:\/\/inzain.bike\/sv_se\/kit-att-ha-med-pa-turen\/"]}]},{"@type":"BreadcrumbList","@id":"https:\/\/inzain.bike\/sv_se\/kit-att-ha-med-pa-turen\/#breadcrumb","itemListElement":[{"@type":"ListItem","position":1,"name":"Hem","item":"https:\/\/inzain.bike\/fr_be\/"},{"@type":"ListItem","position":2,"name":"Kit att ha med p\u00e5 turen"}]},{"@type":"WebSite","@id":"https:\/\/inzain.bike\/fr_be\/#website","url":"https:\/\/inzain.bike\/fr_be\/","name":"INZAIN Cycling EXPERIENCES","description":"Cyckling Adventures  - for everyone","publisher":{"@id":"https:\/\/inzain.bike\/fr_be\/#organization"},"alternateName":"INZAIN Gravel & Travel","potentialAction":[{"@type":"SearchAction","target":{"@type":"EntryPoint","urlTemplate":"https:\/\/inzain.bike\/fr_be\/?s={search_term_string}"},"query-input":{"@type":"PropertyValueSpecification","valueRequired":true,"valueName":"search_term_string"}}],"inLanguage":"sv-SE"},{"@type":"Organization","@id":"https:\/\/inzain.bike\/fr_be\/#organization","name":"INZAIN Cycling EXPERIENCES","url":"https:\/\/inzain.bike\/fr_be\/","logo":{"@type":"ImageObject","inLanguage":"sv-SE","@id":"https:\/\/inzain.bike\/fr_be\/#\/schema\/logo\/image\/","url":"https:\/\/i0.wp.com\/inzain.bike\/wp-content\/uploads\/2023\/09\/cropped-INZAIN_512x512_white.png?fit=512%2C512&ssl=1","contentUrl":"https:\/\/i0.wp.com\/inzain.bike\/wp-content\/uploads\/2023\/09\/cropped-INZAIN_512x512_white.png?fit=512%2C512&ssl=1","width":512,"height":512,"caption":"INZAIN Cycling EXPERIENCES"},"image":{"@id":"https:\/\/inzain.bike\/fr_be\/#\/schema\/logo\/image\/"},"sameAs":["https:\/\/www.facebook.com\/Inzain.bike","https:\/\/www.instagram.com\/inzainbike"]}]}},"amp_enabled":true,"_links":{"self":[{"href":"https:\/\/inzain.bike\/sv_se\/wp-json\/wp\/v2\/pages\/291","targetHints":{"allow":["GET"]}}],"collection":[{"href":"https:\/\/inzain.bike\/sv_se\/wp-json\/wp\/v2\/pages"}],"about":[{"href":"https:\/\/inzain.bike\/sv_se\/wp-json\/wp\/v2\/types\/page"}],"author":[{"embeddable":true,"href":"https:\/\/inzain.bike\/sv_se\/wp-json\/wp\/v2\/users\/135133094"}],"replies":[{"embeddable":true,"href":"https:\/\/inzain.bike\/sv_se\/wp-json\/wp\/v2\/comments?post=291"}],"version-history":[{"count":1,"href":"https:\/\/inzain.bike\/sv_se\/wp-json\/wp\/v2\/pages\/291\/revisions"}],"predecessor-version":[{"id":8293,"href":"https:\/\/inzain.bike\/sv_se\/wp-json\/wp\/v2\/pages\/291\/revisions\/8293"}],"wp:attachment":[{"href":"https:\/\/inzain.bike\/sv_se\/wp-json\/wp\/v2\/media?parent=291"}],"curies":[{"name":"wp","href":"https:\/\/api.w.org\/{rel}","templated":true}]}}