{"id":484,"date":"2021-06-07T11:59:54","date_gmt":"2021-06-07T09:59:54","guid":{"rendered":"https:\/\/inzain.bike\/?page_id=484"},"modified":"2021-06-07T12:01:30","modified_gmt":"2021-06-07T10:01:30","slug":"gravelhelg-i-skaraborg","status":"publish","type":"page","link":"https:\/\/inzain.bike\/sv_se\/gravelhelg-i-skaraborg\/","title":{"rendered":"Gravelhelg i Skaraborg"},"content":{"rendered":"\n<figure class=\"wp-block-image size-large\"><img decoding=\"async\" src=\"https:\/\/inzain.bike\/wp-content\/uploads\/2021\/06\/20210605_082204.jpg?w=1024\" alt=\"\" class=\"wp-image-487\" \/><\/figure>\n\n\n\n<p>Sju v\u00e4nner \u00e5kte ner till Skaraborg f\u00f6r att prova de fina v\u00e4garna runt Undern och G\u00f6ta kanal. Vi hade turen att f\u00e5 bo helt fantastiskt precis vid vattnet med bad, bastu och hemlagad Pizza. S\u00e5 r\u00e4tt plats, r\u00e4tt mat och goda v\u00e4nner, allt b\u00e4ddat f\u00f6r en grym helg.<\/p>\n\n\n\n<p>L\u00f6rdagen b\u00f6rjade med lite l\u00f6st grus, lokala greven hade underh\u00e5llit v\u00e4gen, lite utmanande men det gick trots allt bra. V\u00e4rmen stiger, 25-26 grader, 1000 kr till den som s\u00e5g ett moln, knappt n\u00e5gon vind. Vi drack som kameler.  Efter fyra mil kommer vi till en vacker strand, r\u00e4tt sk\u00f6nt att f\u00e5 pusta i skuggan och ta n\u00e5gra bilder.<br><\/p>\n\n\n\n<figure class=\"wp-block-image size-large\"><img decoding=\"async\" src=\"https:\/\/inzain.bike\/wp-content\/uploads\/2021\/06\/20210605_104540.jpg?w=1024\" alt=\"\" class=\"wp-image-489\" \/><\/figure>\n\n\n\n<figure class=\"wp-block-image size-large\"><img decoding=\"async\" src=\"https:\/\/inzain.bike\/wp-content\/uploads\/2021\/06\/20210605_104137.jpg?w=1024\" alt=\"\" class=\"wp-image-490\" \/><\/figure>\n\n\n\n<p>Vi \u00e5ngar p\u00e5 mot fikat, veganska k\u00f6ttbullsmackor och bulle, kul att alla skyltar var p\u00e5 tyska, man kan ana varifr\u00e5n turiststr\u00f6mmarna kommer.<\/p>\n\n\n\n<p>En tid efter fikat, mitt inne i Tivedens nationalpark, h\u00f6r jag ett svagt rop bakom mig -&#8220;Gerry&#8230; Gerry&#8221;.. Hemliga Pontus hade problem! Det visade sig vara ratcheten i hans DT Swiss 240 EXP nav som inte l\u00e4ngre grep in. F\u00e4rdigcyklat. Appostlah\u00e4starna fick ges extra foder och s\u00e5 iv\u00e4g.<\/p>\n\n\n\n<figure class=\"wp-block-image size-large\"><img decoding=\"async\" src=\"https:\/\/inzain.bike\/wp-content\/uploads\/2021\/06\/g0051976.jpg?w=1024\" alt=\"\" class=\"wp-image-509\" \/><\/figure>\n\n\n\n<p><br>Lite samtal till n\u00e4sta fik f\u00f6r hj\u00e4lp, l\u00e5ngt att g\u00e5&#8230; 20km. Vi best\u00e4mmer att n\u00e5gra cyklar i f\u00f6rv\u00e4g medan P och V sl\u00e5r f\u00f6lje. P \u00e4r ju initiativrik och lyckades snart charma en tysk familj att k\u00f6ra honom, med nu n\u00e5got stukad kolfiberraket till fiket. Tyv\u00e4rr hade V inte riktigt f\u00e5tt 100 klart f\u00f6r sig hur den uppdaterade &#8220;gena&#8221; rutten blev, men efter en del irrf\u00e4rder kom hon r\u00e4tt.<br><br>P hyr en MTB, l\u00e4mnar cykeln p\u00e5 plats och vi k\u00f6r sista 25k f\u00f6r att h\u00e4mta bilen, medan resten av g\u00e4nget fullf\u00f6ljer rutten.<\/p>\n\n\n\n<figure class=\"wp-block-image size-large\"><img loading=\"lazy\" decoding=\"async\" width=\"720\" height=\"960\" src=\"https:\/\/inzain.bike\/wp-content\/uploads\/2021\/06\/pizza.jpg?w=720\" alt=\"\" class=\"wp-image-493\" srcset=\"https:\/\/inzain.bike\/wp-content\/uploads\/2021\/06\/pizza.jpg 720w, https:\/\/inzain.bike\/wp-content\/uploads\/2021\/06\/pizza-225x300.jpg 225w, https:\/\/inzain.bike\/wp-content\/uploads\/2021\/06\/pizza-9x12.jpg 9w, https:\/\/inzain.bike\/wp-content\/uploads\/2021\/06\/pizza-600x800.jpg 600w\" sizes=\"auto, (max-width: 720px) 100vw, 720px\" \/><\/figure>\n\n\n\n<p><br><br>P\u00e5 kv\u00e4llen vankas det Pizza, den nya vedeldade Onni ugnen invigdes och en och annan flaska gott vin avnj\u00f6ts innan vi, likt d\u00e4ckade Tranor somnade in.<\/p>\n\n\n\n<p><strong>S\u00f6ndag, en tur till Sj\u00f6torp och sedan l\u00e4ngs G\u00f6ta Kanal.<\/strong><br><br>Mr P agerade f\u00f6ljebil, i avsaknad av fungerande cykel. M\u00f6tte upp oss p\u00e5 diverse platser, serverade iskall Frappucino och salta godsaker, kanske en ny standard? Vissa ville skala upp och beg\u00e4rde Ryska Kaviar och blinis, men tydligen finns det n\u00e5got sorts gr\u00e4ns?<\/p>\n\n\n\n<p>Turen gick till en b\u00f6rjan mest i skog, med n\u00e5gra \u00f6ppna partier.<\/p>\n\n\n\n<figure class=\"wp-block-image size-large\"><img decoding=\"async\" src=\"https:\/\/inzain.bike\/wp-content\/uploads\/2021\/06\/g0011574.jpg?w=1024\" alt=\"\" class=\"wp-image-494\" \/><\/figure>\n\n\n\n<p>Fina grusv\u00e4gar, lite stig och s\u00e5 en vacker damm.<\/p>\n\n\n\n<figure class=\"wp-block-image size-large\"><img decoding=\"async\" src=\"https:\/\/inzain.bike\/wp-content\/uploads\/2021\/06\/20210606_111525.jpg?w=766\" alt=\"\" class=\"wp-image-496\" \/><\/figure>\n\n\n\n<p>I sj\u00f6torp fick vi  en b\u00e4ttre lunch och \u00e4ntligen var det dags f\u00f6r 40k G\u00f6ta Kanal, riktigt trevligt och magiskt vackert. Vi studerade en slussning, en fisket\u00e4vling samt en enorm glass.<\/p>\n\n\n\n<div class=\"wp-block-jetpack-tiled-gallery aligncenter is-style-rectangular\"><div class=\"tiled-gallery__gallery\"><div class=\"tiled-gallery__row\"><div class=\"tiled-gallery__col\" style=\"flex-basis:66.78241%;\"><figure class=\"tiled-gallery__item\"><img decoding=\"async\" alt=\"\" data-height=\"3000\" data-id=\"498\" data-link=\"https:\/\/inzain.bike\/20210606_140957\/\" data-url=\"https:\/\/inzain.bike\/wp-content\/uploads\/2021\/06\/20210606_140957.jpg\" data-width=\"4000\" src=\"https:\/\/inzain.bike\/wp-content\/uploads\/2021\/06\/20210606_140957.jpg\" data-amp-layout=\"responsive\" \/><\/figure><\/div><div class=\"tiled-gallery__col\" style=\"flex-basis:33.21759%;\"><figure class=\"tiled-gallery__item\"><img decoding=\"async\" alt=\"\" data-height=\"3000\" data-id=\"499\" data-link=\"https:\/\/inzain.bike\/20210606_154936\/\" data-url=\"https:\/\/inzain.bike\/wp-content\/uploads\/2021\/06\/20210606_154936.jpg\" data-width=\"4000\" src=\"https:\/\/inzain.bike\/wp-content\/uploads\/2021\/06\/20210606_154936.jpg\" data-amp-layout=\"responsive\" \/><\/figure><figure class=\"tiled-gallery__item\"><img decoding=\"async\" alt=\"\" data-height=\"3000\" data-id=\"500\" data-link=\"https:\/\/inzain.bike\/20210606_155332\/\" data-url=\"https:\/\/inzain.bike\/wp-content\/uploads\/2021\/06\/20210606_155332.jpg\" data-width=\"4000\" src=\"https:\/\/inzain.bike\/wp-content\/uploads\/2021\/06\/20210606_155332.jpg\" data-amp-layout=\"responsive\" \/><\/figure><\/div><\/div><div class=\"tiled-gallery__row\"><div class=\"tiled-gallery__col\" style=\"flex-basis:33.33333%;\"><figure class=\"tiled-gallery__item\"><img decoding=\"async\" alt=\"\" data-height=\"3000\" data-id=\"501\" data-link=\"https:\/\/inzain.bike\/20210606_155658\/\" data-url=\"https:\/\/inzain.bike\/wp-content\/uploads\/2021\/06\/20210606_155658.jpg\" data-width=\"4000\" src=\"https:\/\/inzain.bike\/wp-content\/uploads\/2021\/06\/20210606_155658.jpg\" data-amp-layout=\"responsive\" \/><\/figure><\/div><div class=\"tiled-gallery__col\" style=\"flex-basis:33.33333%;\"><figure class=\"tiled-gallery__item\"><img decoding=\"async\" alt=\"\" data-height=\"3888\" data-id=\"502\" data-link=\"https:\/\/inzain.bike\/dcim101goprog0092779-jpg\/\" data-url=\"https:\/\/inzain.bike\/wp-content\/uploads\/2021\/06\/g0092779.jpg\" data-width=\"5184\" src=\"https:\/\/inzain.bike\/wp-content\/uploads\/2021\/06\/g0092779.jpg\" data-amp-layout=\"responsive\" \/><\/figure><\/div><div class=\"tiled-gallery__col\" style=\"flex-basis:33.33333%;\"><figure class=\"tiled-gallery__item\"><img decoding=\"async\" alt=\"\" data-height=\"3888\" data-id=\"504\" data-link=\"https:\/\/inzain.bike\/dcim101goprog0092805-jpg\/\" data-url=\"https:\/\/inzain.bike\/wp-content\/uploads\/2021\/06\/g0092805.jpg\" data-width=\"5184\" src=\"https:\/\/inzain.bike\/wp-content\/uploads\/2021\/06\/g0092805.jpg\" data-amp-layout=\"responsive\" \/><\/figure><\/div><\/div><div class=\"tiled-gallery__row\"><div class=\"tiled-gallery__col\" style=\"flex-basis:25%;\"><figure class=\"tiled-gallery__item\"><img decoding=\"async\" alt=\"\" data-height=\"3888\" data-id=\"505\" data-link=\"https:\/\/inzain.bike\/dcim101goprog0092843-jpg\/\" data-url=\"https:\/\/inzain.bike\/wp-content\/uploads\/2021\/06\/g0092843.jpg\" data-width=\"5184\" src=\"https:\/\/inzain.bike\/wp-content\/uploads\/2021\/06\/g0092843.jpg\" data-amp-layout=\"responsive\" \/><\/figure><\/div><div class=\"tiled-gallery__col\" style=\"flex-basis:25%;\"><figure class=\"tiled-gallery__item\"><img decoding=\"async\" alt=\"\" data-height=\"3888\" data-id=\"506\" data-link=\"https:\/\/inzain.bike\/dcim101goprog0102947-jpg\/\" data-url=\"https:\/\/inzain.bike\/wp-content\/uploads\/2021\/06\/g0102947.jpg\" data-width=\"5184\" src=\"https:\/\/inzain.bike\/wp-content\/uploads\/2021\/06\/g0102947.jpg\" data-amp-layout=\"responsive\" \/><\/figure><\/div><div class=\"tiled-gallery__col\" style=\"flex-basis:25%;\"><figure class=\"tiled-gallery__item\"><img decoding=\"async\" alt=\"\" data-height=\"3888\" data-id=\"507\" data-link=\"https:\/\/inzain.bike\/dcim101goprog0102949-jpg\/\" data-url=\"https:\/\/inzain.bike\/wp-content\/uploads\/2021\/06\/g0102949.jpg\" data-width=\"5184\" src=\"https:\/\/inzain.bike\/wp-content\/uploads\/2021\/06\/g0102949.jpg\" data-amp-layout=\"responsive\" \/><\/figure><\/div><div class=\"tiled-gallery__col\" style=\"flex-basis:25%;\"><figure class=\"tiled-gallery__item\"><img decoding=\"async\" alt=\"\" data-height=\"3888\" data-id=\"508\" data-link=\"https:\/\/inzain.bike\/dcim101goprog0102968-jpg\/\" data-url=\"https:\/\/inzain.bike\/wp-content\/uploads\/2021\/06\/g0102968.jpg\" data-width=\"5184\" src=\"https:\/\/inzain.bike\/wp-content\/uploads\/2021\/06\/g0102968.jpg\" data-amp-layout=\"responsive\" \/><\/figure><\/div><\/div><\/div><\/div>\n\n\n\n<p>Efter Kanalen har vi bara 20km kvar men hinner med en liten felnavigering och en hike-a-bike, Klass III. Typ bara mossa \ud83d\ude42<br><br><\/p>\n\n\n\n<figure class=\"wp-block-image size-large\"><img decoding=\"async\" src=\"https:\/\/inzain.bike\/wp-content\/uploads\/2021\/06\/g0102984.jpg?w=1024\" alt=\"\" class=\"wp-image-512\" \/><figcaption>Hike-a-bike<\/figcaption><\/figure>\n\n\n\n<p>V\u00e4l framme tar vi ett dopp, packar v\u00e5ra cyklar och summerar helgen som helt fantastisk.  Tack till P som hade arrangerat och tack till alla som var med!<\/p>\n\n\n\n<div class=\"wp-block-jetpack-tiled-gallery aligncenter is-style-rectangular\"><div class=\"tiled-gallery__gallery\"><div class=\"tiled-gallery__row\"><div class=\"tiled-gallery__col\" style=\"flex-basis:66.78241%;\"><figure class=\"tiled-gallery__item\"><img decoding=\"async\" alt=\"\" data-height=\"3000\" data-id=\"514\" data-link=\"https:\/\/inzain.bike\/20210606_112853\/\" data-url=\"https:\/\/inzain.bike\/wp-content\/uploads\/2021\/06\/20210606_112853.jpg\" data-width=\"4000\" src=\"https:\/\/inzain.bike\/wp-content\/uploads\/2021\/06\/20210606_112853.jpg\" data-amp-layout=\"responsive\" \/><\/figure><\/div><div class=\"tiled-gallery__col\" style=\"flex-basis:33.21759%;\"><figure class=\"tiled-gallery__item\"><img decoding=\"async\" alt=\"\" data-height=\"3888\" data-id=\"515\" data-link=\"https:\/\/inzain.bike\/dcim100goprog0011581-jpg\/\" data-url=\"https:\/\/inzain.bike\/wp-content\/uploads\/2021\/06\/g0011581.jpg\" data-width=\"5184\" src=\"https:\/\/inzain.bike\/wp-content\/uploads\/2021\/06\/g0011581.jpg\" data-amp-layout=\"responsive\" \/><\/figure><figure class=\"tiled-gallery__item\"><img decoding=\"async\" alt=\"\" data-height=\"3888\" data-id=\"516\" data-link=\"https:\/\/inzain.bike\/dcim100goprog0011603-jpg\/\" data-url=\"https:\/\/inzain.bike\/wp-content\/uploads\/2021\/06\/g0011603.jpg\" data-width=\"5184\" src=\"https:\/\/inzain.bike\/wp-content\/uploads\/2021\/06\/g0011603.jpg\" data-amp-layout=\"responsive\" \/><\/figure><\/div><\/div><div class=\"tiled-gallery__row\"><div class=\"tiled-gallery__col\" style=\"flex-basis:25%;\"><figure class=\"tiled-gallery__item\"><img decoding=\"async\" alt=\"\" data-height=\"3888\" data-id=\"517\" data-link=\"https:\/\/inzain.bike\/dcim101goprog0072451-jpg\/\" data-url=\"https:\/\/inzain.bike\/wp-content\/uploads\/2021\/06\/g0072451.jpg\" data-width=\"5184\" src=\"https:\/\/inzain.bike\/wp-content\/uploads\/2021\/06\/g0072451.jpg\" data-amp-layout=\"responsive\" \/><\/figure><\/div><div class=\"tiled-gallery__col\" style=\"flex-basis:25%;\"><figure class=\"tiled-gallery__item\"><img decoding=\"async\" alt=\"\" data-height=\"3888\" data-id=\"518\" data-link=\"https:\/\/inzain.bike\/dcim101goprog0082642-jpg\/\" data-url=\"https:\/\/inzain.bike\/wp-content\/uploads\/2021\/06\/g0082642.jpg\" data-width=\"5184\" src=\"https:\/\/inzain.bike\/wp-content\/uploads\/2021\/06\/g0082642.jpg\" data-amp-layout=\"responsive\" \/><\/figure><\/div><div class=\"tiled-gallery__col\" style=\"flex-basis:25%;\"><figure class=\"tiled-gallery__item\"><img decoding=\"async\" alt=\"\" data-height=\"3888\" data-id=\"519\" data-link=\"https:\/\/inzain.bike\/dcim101goprog0082695-jpg\/\" data-url=\"https:\/\/inzain.bike\/wp-content\/uploads\/2021\/06\/g0082695.jpg\" data-width=\"5184\" src=\"https:\/\/inzain.bike\/wp-content\/uploads\/2021\/06\/g0082695.jpg\" data-amp-layout=\"responsive\" \/><\/figure><\/div><div class=\"tiled-gallery__col\" style=\"flex-basis:25%;\"><figure class=\"tiled-gallery__item\"><img decoding=\"async\" alt=\"\" data-height=\"3888\" data-id=\"521\" data-link=\"https:\/\/inzain.bike\/dcim101goprog0102968-jpg-2\/\" data-url=\"https:\/\/inzain.bike\/wp-content\/uploads\/2021\/06\/g0102968-1.jpg\" data-width=\"5184\" src=\"https:\/\/inzain.bike\/wp-content\/uploads\/2021\/06\/g0102968-1.jpg\" data-amp-layout=\"responsive\" \/><\/figure><\/div><\/div><\/div><\/div>\n\n\n\n<p>Rutten vi k\u00f6rde p\u00e5 S\u00f6ndag: <br><a href=\"https:\/\/teamutangranser.se\/toreboda-hova-ostlig-loop\/\">https:\/\/teamutangranser.se\/toreboda-hova-ostlig-loop\/<\/a><\/p>\n\n\n\n<p><\/p>\n","protected":false},"excerpt":{"rendered":"<p>Sju v\u00e4nner \u00e5kte ner till Skaraborg f\u00f6r att prova de fina v\u00e4garna runt Undern och G\u00f6ta kanal. Vi hade turen att f\u00e5 bo helt fantastiskt precis vid vattnet med bad, bastu och hemlagad Pizza. S\u00e5 r\u00e4tt plats, r\u00e4tt mat och goda v\u00e4nner, allt b\u00e4ddat f\u00f6r en grym helg. L\u00f6rdagen b\u00f6rjade med lite l\u00f6st grus, lokala [&hellip;]<\/p>\n","protected":false},"author":135133094,"featured_media":0,"parent":0,"menu_order":0,"comment_status":"closed","ping_status":"closed","template":"","meta":{"_coblocks_attr":"","_coblocks_dimensions":"","_coblocks_responsive_height":"","_coblocks_accordion_ie_support":"","footnotes":""},"class_list":["post-484","page","type-page","status-publish","hentry"],"yoast_head":"<!-- This site is optimized with the Yoast SEO plugin v27.2 - https:\/\/yoast.com\/product\/yoast-seo-wordpress\/ -->\n<title>Gravelhelg i Skaraborg - INZAIN Cycling EXPERIENCES<\/title>\n<meta name=\"robots\" content=\"index, follow, max-snippet:-1, max-image-preview:large, max-video-preview:-1\" \/>\n<link rel=\"canonical\" href=\"https:\/\/inzain.bike\/sv_se\/gravelhelg-i-skaraborg\/\" \/>\n<meta property=\"og:locale\" content=\"sv_SE\" \/>\n<meta property=\"og:type\" content=\"article\" \/>\n<meta property=\"og:title\" content=\"Gravelhelg i Skaraborg - INZAIN Cycling EXPERIENCES\" \/>\n<meta property=\"og:description\" content=\"Sju v\u00e4nner \u00e5kte ner till Skaraborg f\u00f6r att prova de fina v\u00e4garna runt Undern och G\u00f6ta kanal. Vi hade turen att f\u00e5 bo helt fantastiskt precis vid vattnet med bad, bastu och hemlagad Pizza. S\u00e5 r\u00e4tt plats, r\u00e4tt mat och goda v\u00e4nner, allt b\u00e4ddat f\u00f6r en grym helg. L\u00f6rdagen b\u00f6rjade med lite l\u00f6st grus, lokala [&hellip;]\" \/>\n<meta property=\"og:url\" content=\"https:\/\/inzain.bike\/sv_se\/gravelhelg-i-skaraborg\/\" \/>\n<meta property=\"og:site_name\" content=\"INZAIN Cycling EXPERIENCES\" \/>\n<meta property=\"article:publisher\" content=\"https:\/\/www.facebook.com\/Inzain.bike\" \/>\n<meta property=\"article:modified_time\" content=\"2021-06-07T10:01:30+00:00\" \/>\n<meta property=\"og:image\" content=\"https:\/\/inzain.bike\/wp-content\/uploads\/2021\/06\/20210605_082204.jpg?w=1024\" \/>\n<meta name=\"twitter:card\" content=\"summary_large_image\" \/>\n<meta name=\"twitter:label1\" content=\"Ber\u00e4knad l\u00e4stid\" \/>\n\t<meta name=\"twitter:data1\" content=\"3 minuter\" \/>\n<script type=\"application\/ld+json\" class=\"yoast-schema-graph\">{\"@context\":\"https:\/\/schema.org\",\"@graph\":[{\"@type\":\"WebPage\",\"@id\":\"https:\/\/inzain.bike\/en\/gravelhelg-i-skaraborg\/\",\"url\":\"https:\/\/inzain.bike\/en\/gravelhelg-i-skaraborg\/\",\"name\":\"Gravelhelg i Skaraborg - INZAIN Cycling EXPERIENCES\",\"isPartOf\":{\"@id\":\"https:\/\/inzain.bike\/fr_be\/#website\"},\"primaryImageOfPage\":{\"@id\":\"https:\/\/inzain.bike\/en\/gravelhelg-i-skaraborg\/#primaryimage\"},\"image\":{\"@id\":\"https:\/\/inzain.bike\/en\/gravelhelg-i-skaraborg\/#primaryimage\"},\"thumbnailUrl\":\"https:\/\/inzain.bike\/wp-content\/uploads\/2021\/06\/20210605_082204.jpg?w=1024\",\"datePublished\":\"2021-06-07T09:59:54+00:00\",\"dateModified\":\"2021-06-07T10:01:30+00:00\",\"breadcrumb\":{\"@id\":\"https:\/\/inzain.bike\/en\/gravelhelg-i-skaraborg\/#breadcrumb\"},\"inLanguage\":\"sv-SE\",\"potentialAction\":[{\"@type\":\"ReadAction\",\"target\":[\"https:\/\/inzain.bike\/en\/gravelhelg-i-skaraborg\/\"]}]},{\"@type\":\"ImageObject\",\"inLanguage\":\"sv-SE\",\"@id\":\"https:\/\/inzain.bike\/en\/gravelhelg-i-skaraborg\/#primaryimage\",\"url\":\"https:\/\/inzain.bike\/wp-content\/uploads\/2021\/06\/20210605_082204.jpg?w=1024\",\"contentUrl\":\"https:\/\/inzain.bike\/wp-content\/uploads\/2021\/06\/20210605_082204.jpg?w=1024\"},{\"@type\":\"BreadcrumbList\",\"@id\":\"https:\/\/inzain.bike\/en\/gravelhelg-i-skaraborg\/#breadcrumb\",\"itemListElement\":[{\"@type\":\"ListItem\",\"position\":1,\"name\":\"Hem\",\"item\":\"https:\/\/inzain.bike\/fr_be\/\"},{\"@type\":\"ListItem\",\"position\":2,\"name\":\"Gravelhelg i Skaraborg\"}]},{\"@type\":\"WebSite\",\"@id\":\"https:\/\/inzain.bike\/fr_be\/#website\",\"url\":\"https:\/\/inzain.bike\/fr_be\/\",\"name\":\"INZAIN Cycling EXPERIENCES\",\"description\":\"Cyckling Adventures  - for everyone\",\"publisher\":{\"@id\":\"https:\/\/inzain.bike\/fr_be\/#organization\"},\"alternateName\":\"INZAIN Gravel & Travel\",\"potentialAction\":[{\"@type\":\"SearchAction\",\"target\":{\"@type\":\"EntryPoint\",\"urlTemplate\":\"https:\/\/inzain.bike\/fr_be\/?s={search_term_string}\"},\"query-input\":{\"@type\":\"PropertyValueSpecification\",\"valueRequired\":true,\"valueName\":\"search_term_string\"}}],\"inLanguage\":\"sv-SE\"},{\"@type\":\"Organization\",\"@id\":\"https:\/\/inzain.bike\/fr_be\/#organization\",\"name\":\"INZAIN Cycling EXPERIENCES\",\"url\":\"https:\/\/inzain.bike\/fr_be\/\",\"logo\":{\"@type\":\"ImageObject\",\"inLanguage\":\"sv-SE\",\"@id\":\"https:\/\/inzain.bike\/fr_be\/#\/schema\/logo\/image\/\",\"url\":\"https:\/\/i0.wp.com\/inzain.bike\/wp-content\/uploads\/2023\/09\/cropped-INZAIN_512x512_white.png?fit=512%2C512&ssl=1\",\"contentUrl\":\"https:\/\/i0.wp.com\/inzain.bike\/wp-content\/uploads\/2023\/09\/cropped-INZAIN_512x512_white.png?fit=512%2C512&ssl=1\",\"width\":512,\"height\":512,\"caption\":\"INZAIN Cycling EXPERIENCES\"},\"image\":{\"@id\":\"https:\/\/inzain.bike\/fr_be\/#\/schema\/logo\/image\/\"},\"sameAs\":[\"https:\/\/www.facebook.com\/Inzain.bike\",\"https:\/\/www.instagram.com\/inzainbike\"]}]}<\/script>\n<!-- \/ Yoast SEO plugin. -->","yoast_head_json":{"title":"Gravelhelg i Skaraborg - INZAIN Cycling EXPERIENCES","robots":{"index":"index","follow":"follow","max-snippet":"max-snippet:-1","max-image-preview":"max-image-preview:large","max-video-preview":"max-video-preview:-1"},"canonical":"https:\/\/inzain.bike\/sv_se\/gravelhelg-i-skaraborg\/","og_locale":"sv_SE","og_type":"article","og_title":"Gravelhelg i Skaraborg - INZAIN Cycling EXPERIENCES","og_description":"Sju v\u00e4nner \u00e5kte ner till Skaraborg f\u00f6r att prova de fina v\u00e4garna runt Undern och G\u00f6ta kanal. Vi hade turen att f\u00e5 bo helt fantastiskt precis vid vattnet med bad, bastu och hemlagad Pizza. S\u00e5 r\u00e4tt plats, r\u00e4tt mat och goda v\u00e4nner, allt b\u00e4ddat f\u00f6r en grym helg. L\u00f6rdagen b\u00f6rjade med lite l\u00f6st grus, lokala [&hellip;]","og_url":"https:\/\/inzain.bike\/sv_se\/gravelhelg-i-skaraborg\/","og_site_name":"INZAIN Cycling EXPERIENCES","article_publisher":"https:\/\/www.facebook.com\/Inzain.bike","article_modified_time":"2021-06-07T10:01:30+00:00","og_image":[{"url":"https:\/\/inzain.bike\/wp-content\/uploads\/2021\/06\/20210605_082204.jpg?w=1024","type":"","width":"","height":""}],"twitter_card":"summary_large_image","twitter_misc":{"Ber\u00e4knad l\u00e4stid":"3 minuter"},"schema":{"@context":"https:\/\/schema.org","@graph":[{"@type":"WebPage","@id":"https:\/\/inzain.bike\/en\/gravelhelg-i-skaraborg\/","url":"https:\/\/inzain.bike\/en\/gravelhelg-i-skaraborg\/","name":"Gravelhelg i Skaraborg - INZAIN Cycling EXPERIENCES","isPartOf":{"@id":"https:\/\/inzain.bike\/fr_be\/#website"},"primaryImageOfPage":{"@id":"https:\/\/inzain.bike\/en\/gravelhelg-i-skaraborg\/#primaryimage"},"image":{"@id":"https:\/\/inzain.bike\/en\/gravelhelg-i-skaraborg\/#primaryimage"},"thumbnailUrl":"https:\/\/inzain.bike\/wp-content\/uploads\/2021\/06\/20210605_082204.jpg?w=1024","datePublished":"2021-06-07T09:59:54+00:00","dateModified":"2021-06-07T10:01:30+00:00","breadcrumb":{"@id":"https:\/\/inzain.bike\/en\/gravelhelg-i-skaraborg\/#breadcrumb"},"inLanguage":"sv-SE","potentialAction":[{"@type":"ReadAction","target":["https:\/\/inzain.bike\/en\/gravelhelg-i-skaraborg\/"]}]},{"@type":"ImageObject","inLanguage":"sv-SE","@id":"https:\/\/inzain.bike\/en\/gravelhelg-i-skaraborg\/#primaryimage","url":"https:\/\/inzain.bike\/wp-content\/uploads\/2021\/06\/20210605_082204.jpg?w=1024","contentUrl":"https:\/\/inzain.bike\/wp-content\/uploads\/2021\/06\/20210605_082204.jpg?w=1024"},{"@type":"BreadcrumbList","@id":"https:\/\/inzain.bike\/en\/gravelhelg-i-skaraborg\/#breadcrumb","itemListElement":[{"@type":"ListItem","position":1,"name":"Hem","item":"https:\/\/inzain.bike\/fr_be\/"},{"@type":"ListItem","position":2,"name":"Gravelhelg i Skaraborg"}]},{"@type":"WebSite","@id":"https:\/\/inzain.bike\/fr_be\/#website","url":"https:\/\/inzain.bike\/fr_be\/","name":"INZAIN Cycling EXPERIENCES","description":"Cyckling Adventures  - for everyone","publisher":{"@id":"https:\/\/inzain.bike\/fr_be\/#organization"},"alternateName":"INZAIN Gravel & Travel","potentialAction":[{"@type":"SearchAction","target":{"@type":"EntryPoint","urlTemplate":"https:\/\/inzain.bike\/fr_be\/?s={search_term_string}"},"query-input":{"@type":"PropertyValueSpecification","valueRequired":true,"valueName":"search_term_string"}}],"inLanguage":"sv-SE"},{"@type":"Organization","@id":"https:\/\/inzain.bike\/fr_be\/#organization","name":"INZAIN Cycling EXPERIENCES","url":"https:\/\/inzain.bike\/fr_be\/","logo":{"@type":"ImageObject","inLanguage":"sv-SE","@id":"https:\/\/inzain.bike\/fr_be\/#\/schema\/logo\/image\/","url":"https:\/\/i0.wp.com\/inzain.bike\/wp-content\/uploads\/2023\/09\/cropped-INZAIN_512x512_white.png?fit=512%2C512&ssl=1","contentUrl":"https:\/\/i0.wp.com\/inzain.bike\/wp-content\/uploads\/2023\/09\/cropped-INZAIN_512x512_white.png?fit=512%2C512&ssl=1","width":512,"height":512,"caption":"INZAIN Cycling EXPERIENCES"},"image":{"@id":"https:\/\/inzain.bike\/fr_be\/#\/schema\/logo\/image\/"},"sameAs":["https:\/\/www.facebook.com\/Inzain.bike","https:\/\/www.instagram.com\/inzainbike"]}]}},"amp_enabled":true,"_links":{"self":[{"href":"https:\/\/inzain.bike\/sv_se\/wp-json\/wp\/v2\/pages\/484","targetHints":{"allow":["GET"]}}],"collection":[{"href":"https:\/\/inzain.bike\/sv_se\/wp-json\/wp\/v2\/pages"}],"about":[{"href":"https:\/\/inzain.bike\/sv_se\/wp-json\/wp\/v2\/types\/page"}],"author":[{"embeddable":true,"href":"https:\/\/inzain.bike\/sv_se\/wp-json\/wp\/v2\/users\/135133094"}],"replies":[{"embeddable":true,"href":"https:\/\/inzain.bike\/sv_se\/wp-json\/wp\/v2\/comments?post=484"}],"version-history":[{"count":0,"href":"https:\/\/inzain.bike\/sv_se\/wp-json\/wp\/v2\/pages\/484\/revisions"}],"wp:attachment":[{"href":"https:\/\/inzain.bike\/sv_se\/wp-json\/wp\/v2\/media?parent=484"}],"curies":[{"name":"wp","href":"https:\/\/api.w.org\/{rel}","templated":true}]}}