{"id":5021,"date":"2023-11-11T17:25:45","date_gmt":"2023-11-11T16:25:45","guid":{"rendered":"https:\/\/inzain.bike\/?page_id=5021"},"modified":"2023-11-16T19:17:51","modified_gmt":"2023-11-16T18:17:51","slug":"cha24-aktiviteter","status":"publish","type":"page","link":"https:\/\/inzain.bike\/sv_se\/cha24-aktiviteter\/","title":{"rendered":"Champagne Aktiviteter"},"content":{"rendered":"\n<div class=\"wp-block-columns alignwide is-layout-flex wp-container-core-columns-is-layout-28f84493 wp-block-columns-is-layout-flex\">\n<div class=\"wp-block-column is-layout-flow wp-block-column-is-layout-flow\">\n<div class=\"wp-block-jetpack-tiled-gallery aligncenter is-style-rectangular\"><div class=\"tiled-gallery__gallery\"><div class=\"tiled-gallery__row\"><div class=\"tiled-gallery__col\" style=\"flex-basis:100.00000%\"><figure class=\"tiled-gallery__item\"><img decoding=\"async\" alt=\"\" data-height=\"490\" data-id=\"5371\" data-link=\"https:\/\/inzain.bike\/cha24-aktiviteter\/00-epernay-avenue-de-champagne-crdit-photo-crtca-1400px\/\" data-url=\"https:\/\/inzain.bike\/wp-content\/uploads\/2023\/11\/00-epernay-avenue-de-champagne-crdit-photo-crtca-1400px-1024x448.jpg\" data-width=\"1120\" src=\"https:\/\/i2.wp.com\/inzain.bike\/wp-content\/uploads\/2023\/11\/00-epernay-avenue-de-champagne-crdit-photo-crtca-1400px-1024x448.jpg?ssl=1\" data-amp-layout=\"responsive\"\/><\/figure><\/div><\/div><div class=\"tiled-gallery__row\"><div class=\"tiled-gallery__col\" style=\"flex-basis:50.01215%\"><figure class=\"tiled-gallery__item\"><img decoding=\"async\" alt=\"\" data-height=\"400\" data-id=\"5372\" data-link=\"https:\/\/inzain.bike\/cha24-aktiviteter\/attachment\/15147540\/\" data-url=\"https:\/\/inzain.bike\/wp-content\/uploads\/2023\/11\/15147540.png\" data-width=\"600\" src=\"https:\/\/i0.wp.com\/inzain.bike\/wp-content\/uploads\/2023\/11\/15147540.png?ssl=1\" data-amp-layout=\"responsive\"\/><\/figure><\/div><div class=\"tiled-gallery__col\" style=\"flex-basis:49.98785%\"><figure class=\"tiled-gallery__item\"><img decoding=\"async\" alt=\"\" data-height=\"683\" data-id=\"5373\" data-link=\"https:\/\/inzain.bike\/cha24-aktiviteter\/avenue-de-champagne-soiree-blanche-epernay-les-droners-1024x683-1\/\" data-url=\"https:\/\/inzain.bike\/wp-content\/uploads\/2023\/11\/avenue-de-champagne-soiree-blanche-epernay-les-droners-1024x683-1.webp\" data-width=\"1024\" src=\"https:\/\/i2.wp.com\/inzain.bike\/wp-content\/uploads\/2023\/11\/avenue-de-champagne-soiree-blanche-epernay-les-droners-1024x683-1.webp?ssl=1\" data-amp-layout=\"responsive\"\/><\/figure><\/div><\/div><div class=\"tiled-gallery__row\"><div class=\"tiled-gallery__col\" style=\"flex-basis:100.00000%\"><figure class=\"tiled-gallery__item\"><img decoding=\"async\" alt=\"\" data-height=\"480\" data-id=\"5374\" data-link=\"https:\/\/inzain.bike\/cha24-aktiviteter\/avignon-credits-jl-seille-1\/\" data-url=\"https:\/\/inzain.bike\/wp-content\/uploads\/2023\/11\/Avignon-Credits-\u00a9JL.Seille-1-1024x468.jpg\" data-width=\"1050\" src=\"https:\/\/i1.wp.com\/inzain.bike\/wp-content\/uploads\/2023\/11\/Avignon-Credits-%C2%A9JL.Seille-1-1024x468.jpg?ssl=1\" data-amp-layout=\"responsive\"\/><\/figure><\/div><\/div><div class=\"tiled-gallery__row\"><div class=\"tiled-gallery__col\" style=\"flex-basis:100.00000%\"><figure class=\"tiled-gallery__item\"><img decoding=\"async\" alt=\"\" data-height=\"490\" data-id=\"5375\" data-link=\"https:\/\/inzain.bike\/cha24-aktiviteter\/patrimoine-mc\/\" data-url=\"https:\/\/inzain.bike\/wp-content\/uploads\/2023\/11\/PATRIMOINE_MC_2_crop-1024x448.jpg\" data-width=\"1120\" src=\"https:\/\/i1.wp.com\/inzain.bike\/wp-content\/uploads\/2023\/11\/PATRIMOINE_MC_2_crop-1024x448.jpg?ssl=1\" data-amp-layout=\"responsive\"\/><\/figure><\/div><\/div><\/div><\/div>\n<\/div>\n\n\n\n<div class=\"wp-block-column is-layout-flow wp-block-column-is-layout-flow\">\n<p><strong>Avenue des Champagne<\/strong> <\/p>\n\n\n\n<p>L&#8217;Avenue de Champagne (Champagne Avenue) \u00e4r en ber\u00f6md gata som ligger i \u00c9pernay, &#8220;champagnens huvudstad&#8221;, i Frankrikes Grand Est Region.<\/p>\n\n\n\n<p>Dess namn kommer fr\u00e5n n\u00e4rvaron av m\u00e5nga ledande champagneproducenter som Mo\u00ebt et Chandon, Mercier och De Castellane. Bel\u00e4get p\u00e5 en stor historisk handelsv\u00e4g mellan Frankrike och Tyskland, lockade avenyn champagnehandlare redan p\u00e5 1700-talet.[1]<\/p>\n\n\n\n<p>Inv\u00e5narna s\u00e4ger att denna aveny \u00e4r den dyraste i v\u00e4rlden, mer \u00e4n Champs-\u00c9lys\u00e9es i Paris, p\u00e5 grund av de miljontals flaskor champagne som lagras i de kilometertal av kritk\u00e4llare som ligger under den. <\/p>\n\n\n\n<p>K\u00e4llarna och den ovanjordiska delen av avenyn var b\u00e5da inskrivna p\u00e5 Unescos v\u00e4rldsarvslista 2015 (som en del av Champagne-backarna, husen och k\u00e4llarplatsen) f\u00f6r dess vittnesb\u00f6rd om champagnens historia, dess utveckling och f\u00f6rs\u00e4ljning, och tillkomsten av ett unikt och framst\u00e5ende agroindustriellt system.<br> Avenyn rymmer ocks\u00e5 ett forskningscenter och Fort Chabrol som grundades f\u00f6r att studera och mildra effekterna av Grape phylloxera p\u00e5 kvaliteten och produktionen av champagne.<\/p>\n<\/div>\n<\/div>\n\n\n\n<div class=\"wp-block-columns alignwide is-layout-flex wp-container-core-columns-is-layout-28f84493 wp-block-columns-is-layout-flex\">\n<div class=\"wp-block-column is-layout-flow wp-block-column-is-layout-flow\">\n<p><strong>\u00c5ka p\u00e5 Floden<\/strong> <br><\/p>\n\n\n\n<p>Kom ombord p\u00e5 Bateau Champagne Vall\u00e9e f\u00f6r en exceptionell kryssning i Champagne! I denna b\u00e5t byggd 1992, charmig med sitt skovelhjul, kommer du att ha en plats p\u00e5 f\u00f6rsta raden fr\u00e5n panoramarummet.<\/p>\n\n\n\n<p>Bel\u00e4get i Cumi\u00e8res, 10 minuter fr\u00e5n Epernay, \u00e4r piren perfekt integrerad i ving\u00e5rden d\u00e4r floden Marne slingrar sig, i hj\u00e4rtat av Champagne-bergssluttningarna som finns med p\u00e5 UNESCO:s v\u00e4rldsarvslista. Ett unikt och ovanligt s\u00e4tt att uppt\u00e4cka Champagne-landskapen, navigeringen p\u00e5 floden eller den lokala faunan och floran.<\/p>\n<\/div>\n\n\n\n<div class=\"wp-block-column is-layout-flow wp-block-column-is-layout-flow\">\n<figure class=\"wp-block-image size-large\"><img loading=\"lazy\" decoding=\"async\" width=\"1024\" height=\"683\" src=\"https:\/\/inzain.bike\/wp-content\/uploads\/2023\/11\/bat-1024x683.png\" alt=\"\" class=\"wp-image-5378\" srcset=\"https:\/\/inzain.bike\/wp-content\/uploads\/2023\/11\/bat-1024x683.png 1024w, https:\/\/inzain.bike\/wp-content\/uploads\/2023\/11\/bat-300x200.png 300w, https:\/\/inzain.bike\/wp-content\/uploads\/2023\/11\/bat-768x512.png 768w, https:\/\/inzain.bike\/wp-content\/uploads\/2023\/11\/bat-18x12.png 18w, https:\/\/inzain.bike\/wp-content\/uploads\/2023\/11\/bat-1320x880.png 1320w, https:\/\/inzain.bike\/wp-content\/uploads\/2023\/11\/bat-600x400.png 600w, https:\/\/inzain.bike\/wp-content\/uploads\/2023\/11\/bat.png 1536w\" sizes=\"auto, (max-width: 1024px) 100vw, 1024px\" \/><\/figure>\n<\/div>\n<\/div>\n\n\n\n<div class=\"wp-block-columns alignwide is-layout-flex wp-container-core-columns-is-layout-28f84493 wp-block-columns-is-layout-flex\">\n<div class=\"wp-block-column is-layout-flow wp-block-column-is-layout-flow\">\n<p><strong>Cath\u00e9drale\u00a0<a href=\"https:\/\/sv.wikipedia.org\/wiki\/Notre-Dame\">Notre-Dame<\/a>\u00a0de Reims<\/strong>, Notre-Damekatedralen i Reims, \u00e4r en\u00a0gotisk\u00a0katedral\u00a0i den\u00a0franska\u00a0staden\u00a0Reims, som \u00e4r den st\u00f6rsta staden i\u00a0landskapet\u00a0Champagne, i departementet\u00a0Marne. Denna katedral \u00e4r s\u00e4rskilt k\u00e4nd som den kyrka d\u00e4r de franska konungarnas\u00a0kr\u00f6ningar\u00a0\u00e4gde rum. Den siste av dem som kr\u00f6ntes d\u00e4r, den 29 maj 1825, var\u00a0Karl X. En s\u00e4rskild helig olja som anv\u00e4ndes vid sm\u00f6rjelsen vid dessa kr\u00f6ningar f\u00f6rvarades ocks\u00e5 i Reims i\u00a0Sainte Ampoulle, i &#8220;heliga\u00a0ampullan&#8221;. Katedralen, som \u00e4r en av Frankrikes st\u00f6rsta, \u00e4r arkitektoniskt framf\u00f6rallt k\u00e4nd f\u00f6r sin rika\u00a0skulpturala\u00a0utsmyckning och f\u00f6r sin\u00a0fasad. Den anv\u00e4nds i gudstj\u00e4nstlivet av\u00a0romersk-katolska kyrkan.<br><\/p>\n<\/div>\n\n\n\n<div class=\"wp-block-column is-layout-flow wp-block-column-is-layout-flow\">\n<figure class=\"wp-block-image size-large\"><img loading=\"lazy\" decoding=\"async\" width=\"1024\" height=\"649\" src=\"https:\/\/inzain.bike\/wp-content\/uploads\/2023\/11\/katedralen-1024x649.jpg\" alt=\"\" class=\"wp-image-5383\" srcset=\"https:\/\/inzain.bike\/wp-content\/uploads\/2023\/11\/katedralen-1024x649.jpg 1024w, https:\/\/inzain.bike\/wp-content\/uploads\/2023\/11\/katedralen-300x190.jpg 300w, https:\/\/inzain.bike\/wp-content\/uploads\/2023\/11\/katedralen-768x487.jpg 768w, https:\/\/inzain.bike\/wp-content\/uploads\/2023\/11\/katedralen-1536x974.jpg 1536w, https:\/\/inzain.bike\/wp-content\/uploads\/2023\/11\/katedralen-2048x1298.jpg 2048w, https:\/\/inzain.bike\/wp-content\/uploads\/2023\/11\/katedralen-18x12.jpg 18w, https:\/\/inzain.bike\/wp-content\/uploads\/2023\/11\/katedralen-1320x837.jpg 1320w, https:\/\/inzain.bike\/wp-content\/uploads\/2023\/11\/katedralen-600x380.jpg 600w\" sizes=\"auto, (max-width: 1024px) 100vw, 1024px\" \/><\/figure>\n<\/div>\n<\/div>\n\n\n\n<div class=\"wp-block-columns alignwide is-layout-flex wp-container-core-columns-is-layout-28f84493 wp-block-columns-is-layout-flex\">\n<div class=\"wp-block-column is-layout-flow wp-block-column-is-layout-flow\">\n<div class=\"wp-block-jetpack-tiled-gallery aligncenter is-style-rectangular\"><div class=\"tiled-gallery__gallery\"><div class=\"tiled-gallery__row\"><div class=\"tiled-gallery__col\" style=\"flex-basis:66.79600%\"><figure class=\"tiled-gallery__item\"><img decoding=\"async\" alt=\"\" data-height=\"640\" data-id=\"5388\" data-link=\"https:\/\/inzain.bike\/cha24-aktiviteter\/145-1\/\" data-url=\"https:\/\/inzain.bike\/wp-content\/uploads\/2023\/11\/145-1.jpg\" data-width=\"853\" src=\"https:\/\/i2.wp.com\/inzain.bike\/wp-content\/uploads\/2023\/11\/145-1.jpg?ssl=1\" data-amp-layout=\"responsive\"\/><\/figure><\/div><div class=\"tiled-gallery__col\" style=\"flex-basis:33.20400%\"><figure class=\"tiled-gallery__item\"><img decoding=\"async\" alt=\"\" data-height=\"640\" data-id=\"5389\" data-link=\"https:\/\/inzain.bike\/cha24-aktiviteter\/145-2\/\" data-url=\"https:\/\/inzain.bike\/wp-content\/uploads\/2023\/11\/145-2.jpg\" data-width=\"853\" src=\"https:\/\/i1.wp.com\/inzain.bike\/wp-content\/uploads\/2023\/11\/145-2.jpg?ssl=1\" data-amp-layout=\"responsive\"\/><\/figure><figure class=\"tiled-gallery__item\"><img decoding=\"async\" alt=\"\" data-height=\"640\" data-id=\"5390\" data-link=\"https:\/\/inzain.bike\/cha24-aktiviteter\/attachment\/145\/\" data-url=\"https:\/\/inzain.bike\/wp-content\/uploads\/2023\/11\/145.jpg\" data-width=\"853\" src=\"https:\/\/i2.wp.com\/inzain.bike\/wp-content\/uploads\/2023\/11\/145.jpg?ssl=1\" data-amp-layout=\"responsive\"\/><\/figure><\/div><\/div><\/div><\/div>\n<\/div>\n\n\n\n<div class=\"wp-block-column is-layout-flow wp-block-column-is-layout-flow\">\n<p>Njut av en unik upplevelse i Champagne och flyg 150 meter ovan marken. Se de ber\u00f6mda ving\u00e5rdarna och Avenue de Champagne, som \u00e4r ett Unesco-listat v\u00e4rldsarv.<br><\/p>\n<\/div>\n<\/div>\n\n\n\n<p><\/p>\n","protected":false},"excerpt":{"rendered":"<p>Avenue des Champagne L&#8217;Avenue de Champagne (Champagne Avenue) \u00e4r en ber\u00f6md gata som ligger i \u00c9pernay, &#8220;champagnens huvudstad&#8221;, i Frankrikes Grand Est Region. Dess namn kommer fr\u00e5n n\u00e4rvaron av m\u00e5nga ledande champagneproducenter som Mo\u00ebt et Chandon, Mercier och De Castellane. Bel\u00e4get p\u00e5 en stor historisk handelsv\u00e4g mellan Frankrike och Tyskland, lockade avenyn champagnehandlare redan p\u00e5 [&hellip;]<\/p>\n","protected":false},"author":135133094,"featured_media":0,"parent":0,"menu_order":0,"comment_status":"closed","ping_status":"closed","template":"","meta":{"_coblocks_attr":"","_coblocks_dimensions":"","_coblocks_responsive_height":"","_coblocks_accordion_ie_support":"","footnotes":""},"class_list":["post-5021","page","type-page","status-publish","hentry"],"yoast_head":"<!-- This site is optimized with the Yoast SEO plugin v27.2 - https:\/\/yoast.com\/product\/yoast-seo-wordpress\/ -->\n<title>Champagne Aktiviteter - INZAIN Cycling EXPERIENCES<\/title>\n<meta name=\"robots\" content=\"index, follow, max-snippet:-1, max-image-preview:large, max-video-preview:-1\" \/>\n<link rel=\"canonical\" href=\"https:\/\/inzain.bike\/sv_se\/cha24-aktiviteter\/\" \/>\n<meta property=\"og:locale\" content=\"sv_SE\" \/>\n<meta property=\"og:type\" content=\"article\" \/>\n<meta property=\"og:title\" content=\"Champagne Aktiviteter - INZAIN Cycling EXPERIENCES\" \/>\n<meta property=\"og:description\" content=\"Avenue des Champagne L&#8217;Avenue de Champagne (Champagne Avenue) \u00e4r en ber\u00f6md gata som ligger i \u00c9pernay, &#8220;champagnens huvudstad&#8221;, i Frankrikes Grand Est Region. Dess namn kommer fr\u00e5n n\u00e4rvaron av m\u00e5nga ledande champagneproducenter som Mo\u00ebt et Chandon, Mercier och De Castellane. Bel\u00e4get p\u00e5 en stor historisk handelsv\u00e4g mellan Frankrike och Tyskland, lockade avenyn champagnehandlare redan p\u00e5 [&hellip;]\" \/>\n<meta property=\"og:url\" content=\"https:\/\/inzain.bike\/sv_se\/cha24-aktiviteter\/\" \/>\n<meta property=\"og:site_name\" content=\"INZAIN Cycling EXPERIENCES\" \/>\n<meta property=\"article:publisher\" content=\"https:\/\/www.facebook.com\/Inzain.bike\" \/>\n<meta property=\"article:modified_time\" content=\"2023-11-16T18:17:51+00:00\" \/>\n<meta property=\"og:image\" content=\"https:\/\/i2.wp.com\/inzain.bike\/wp-content\/uploads\/2023\/11\/00-epernay-avenue-de-champagne-crdit-photo-crtca-1400px-1024x448.jpg?ssl=1\" \/>\n<meta name=\"twitter:card\" content=\"summary_large_image\" \/>\n<meta name=\"twitter:label1\" content=\"Ber\u00e4knad l\u00e4stid\" \/>\n\t<meta name=\"twitter:data1\" content=\"4 minuter\" \/>\n<script type=\"application\/ld+json\" class=\"yoast-schema-graph\">{\"@context\":\"https:\/\/schema.org\",\"@graph\":[{\"@type\":\"WebPage\",\"@id\":\"https:\/\/inzain.bike\/sv_se\/cha24-aktiviteter\/\",\"url\":\"https:\/\/inzain.bike\/sv_se\/cha24-aktiviteter\/\",\"name\":\"Champagne Aktiviteter - INZAIN Cycling EXPERIENCES\",\"isPartOf\":{\"@id\":\"https:\/\/inzain.bike\/fr_be\/#website\"},\"primaryImageOfPage\":{\"@id\":\"https:\/\/inzain.bike\/sv_se\/cha24-aktiviteter\/#primaryimage\"},\"image\":{\"@id\":\"https:\/\/inzain.bike\/sv_se\/cha24-aktiviteter\/#primaryimage\"},\"thumbnailUrl\":\"https:\/\/i2.wp.com\/inzain.bike\/wp-content\/uploads\/2023\/11\/00-epernay-avenue-de-champagne-crdit-photo-crtca-1400px-1024x448.jpg?ssl=1\",\"datePublished\":\"2023-11-11T16:25:45+00:00\",\"dateModified\":\"2023-11-16T18:17:51+00:00\",\"breadcrumb\":{\"@id\":\"https:\/\/inzain.bike\/sv_se\/cha24-aktiviteter\/#breadcrumb\"},\"inLanguage\":\"sv-SE\",\"potentialAction\":[{\"@type\":\"ReadAction\",\"target\":[\"https:\/\/inzain.bike\/sv_se\/cha24-aktiviteter\/\"]}]},{\"@type\":\"ImageObject\",\"inLanguage\":\"sv-SE\",\"@id\":\"https:\/\/inzain.bike\/sv_se\/cha24-aktiviteter\/#primaryimage\",\"url\":\"https:\/\/i2.wp.com\/inzain.bike\/wp-content\/uploads\/2023\/11\/00-epernay-avenue-de-champagne-crdit-photo-crtca-1400px-1024x448.jpg?ssl=1\",\"contentUrl\":\"https:\/\/i2.wp.com\/inzain.bike\/wp-content\/uploads\/2023\/11\/00-epernay-avenue-de-champagne-crdit-photo-crtca-1400px-1024x448.jpg?ssl=1\"},{\"@type\":\"BreadcrumbList\",\"@id\":\"https:\/\/inzain.bike\/sv_se\/cha24-aktiviteter\/#breadcrumb\",\"itemListElement\":[{\"@type\":\"ListItem\",\"position\":1,\"name\":\"Hem\",\"item\":\"https:\/\/inzain.bike\/fr_be\/\"},{\"@type\":\"ListItem\",\"position\":2,\"name\":\"Champagne Aktiviteter\"}]},{\"@type\":\"WebSite\",\"@id\":\"https:\/\/inzain.bike\/fr_be\/#website\",\"url\":\"https:\/\/inzain.bike\/fr_be\/\",\"name\":\"INZAIN Cycling EXPERIENCES\",\"description\":\"Cyckling Adventures  - for everyone\",\"publisher\":{\"@id\":\"https:\/\/inzain.bike\/fr_be\/#organization\"},\"alternateName\":\"INZAIN Gravel & Travel\",\"potentialAction\":[{\"@type\":\"SearchAction\",\"target\":{\"@type\":\"EntryPoint\",\"urlTemplate\":\"https:\/\/inzain.bike\/fr_be\/?s={search_term_string}\"},\"query-input\":{\"@type\":\"PropertyValueSpecification\",\"valueRequired\":true,\"valueName\":\"search_term_string\"}}],\"inLanguage\":\"sv-SE\"},{\"@type\":\"Organization\",\"@id\":\"https:\/\/inzain.bike\/fr_be\/#organization\",\"name\":\"INZAIN Cycling EXPERIENCES\",\"url\":\"https:\/\/inzain.bike\/fr_be\/\",\"logo\":{\"@type\":\"ImageObject\",\"inLanguage\":\"sv-SE\",\"@id\":\"https:\/\/inzain.bike\/fr_be\/#\/schema\/logo\/image\/\",\"url\":\"https:\/\/i0.wp.com\/inzain.bike\/wp-content\/uploads\/2023\/09\/cropped-INZAIN_512x512_white.png?fit=512%2C512&ssl=1\",\"contentUrl\":\"https:\/\/i0.wp.com\/inzain.bike\/wp-content\/uploads\/2023\/09\/cropped-INZAIN_512x512_white.png?fit=512%2C512&ssl=1\",\"width\":512,\"height\":512,\"caption\":\"INZAIN Cycling EXPERIENCES\"},\"image\":{\"@id\":\"https:\/\/inzain.bike\/fr_be\/#\/schema\/logo\/image\/\"},\"sameAs\":[\"https:\/\/www.facebook.com\/Inzain.bike\",\"https:\/\/www.instagram.com\/inzainbike\"]}]}<\/script>\n<!-- \/ Yoast SEO plugin. -->","yoast_head_json":{"title":"Champagne Aktiviteter - INZAIN Cycling EXPERIENCES","robots":{"index":"index","follow":"follow","max-snippet":"max-snippet:-1","max-image-preview":"max-image-preview:large","max-video-preview":"max-video-preview:-1"},"canonical":"https:\/\/inzain.bike\/sv_se\/cha24-aktiviteter\/","og_locale":"sv_SE","og_type":"article","og_title":"Champagne Aktiviteter - INZAIN Cycling EXPERIENCES","og_description":"Avenue des Champagne L&#8217;Avenue de Champagne (Champagne Avenue) \u00e4r en ber\u00f6md gata som ligger i \u00c9pernay, &#8220;champagnens huvudstad&#8221;, i Frankrikes Grand Est Region. Dess namn kommer fr\u00e5n n\u00e4rvaron av m\u00e5nga ledande champagneproducenter som Mo\u00ebt et Chandon, Mercier och De Castellane. Bel\u00e4get p\u00e5 en stor historisk handelsv\u00e4g mellan Frankrike och Tyskland, lockade avenyn champagnehandlare redan p\u00e5 [&hellip;]","og_url":"https:\/\/inzain.bike\/sv_se\/cha24-aktiviteter\/","og_site_name":"INZAIN Cycling EXPERIENCES","article_publisher":"https:\/\/www.facebook.com\/Inzain.bike","article_modified_time":"2023-11-16T18:17:51+00:00","og_image":[{"url":"https:\/\/i2.wp.com\/inzain.bike\/wp-content\/uploads\/2023\/11\/00-epernay-avenue-de-champagne-crdit-photo-crtca-1400px-1024x448.jpg?ssl=1","type":"","width":"","height":""}],"twitter_card":"summary_large_image","twitter_misc":{"Ber\u00e4knad l\u00e4stid":"4 minuter"},"schema":{"@context":"https:\/\/schema.org","@graph":[{"@type":"WebPage","@id":"https:\/\/inzain.bike\/sv_se\/cha24-aktiviteter\/","url":"https:\/\/inzain.bike\/sv_se\/cha24-aktiviteter\/","name":"Champagne Aktiviteter - INZAIN Cycling EXPERIENCES","isPartOf":{"@id":"https:\/\/inzain.bike\/fr_be\/#website"},"primaryImageOfPage":{"@id":"https:\/\/inzain.bike\/sv_se\/cha24-aktiviteter\/#primaryimage"},"image":{"@id":"https:\/\/inzain.bike\/sv_se\/cha24-aktiviteter\/#primaryimage"},"thumbnailUrl":"https:\/\/i2.wp.com\/inzain.bike\/wp-content\/uploads\/2023\/11\/00-epernay-avenue-de-champagne-crdit-photo-crtca-1400px-1024x448.jpg?ssl=1","datePublished":"2023-11-11T16:25:45+00:00","dateModified":"2023-11-16T18:17:51+00:00","breadcrumb":{"@id":"https:\/\/inzain.bike\/sv_se\/cha24-aktiviteter\/#breadcrumb"},"inLanguage":"sv-SE","potentialAction":[{"@type":"ReadAction","target":["https:\/\/inzain.bike\/sv_se\/cha24-aktiviteter\/"]}]},{"@type":"ImageObject","inLanguage":"sv-SE","@id":"https:\/\/inzain.bike\/sv_se\/cha24-aktiviteter\/#primaryimage","url":"https:\/\/i2.wp.com\/inzain.bike\/wp-content\/uploads\/2023\/11\/00-epernay-avenue-de-champagne-crdit-photo-crtca-1400px-1024x448.jpg?ssl=1","contentUrl":"https:\/\/i2.wp.com\/inzain.bike\/wp-content\/uploads\/2023\/11\/00-epernay-avenue-de-champagne-crdit-photo-crtca-1400px-1024x448.jpg?ssl=1"},{"@type":"BreadcrumbList","@id":"https:\/\/inzain.bike\/sv_se\/cha24-aktiviteter\/#breadcrumb","itemListElement":[{"@type":"ListItem","position":1,"name":"Hem","item":"https:\/\/inzain.bike\/fr_be\/"},{"@type":"ListItem","position":2,"name":"Champagne Aktiviteter"}]},{"@type":"WebSite","@id":"https:\/\/inzain.bike\/fr_be\/#website","url":"https:\/\/inzain.bike\/fr_be\/","name":"INZAIN Cycling EXPERIENCES","description":"Cyckling Adventures  - for everyone","publisher":{"@id":"https:\/\/inzain.bike\/fr_be\/#organization"},"alternateName":"INZAIN Gravel & Travel","potentialAction":[{"@type":"SearchAction","target":{"@type":"EntryPoint","urlTemplate":"https:\/\/inzain.bike\/fr_be\/?s={search_term_string}"},"query-input":{"@type":"PropertyValueSpecification","valueRequired":true,"valueName":"search_term_string"}}],"inLanguage":"sv-SE"},{"@type":"Organization","@id":"https:\/\/inzain.bike\/fr_be\/#organization","name":"INZAIN Cycling EXPERIENCES","url":"https:\/\/inzain.bike\/fr_be\/","logo":{"@type":"ImageObject","inLanguage":"sv-SE","@id":"https:\/\/inzain.bike\/fr_be\/#\/schema\/logo\/image\/","url":"https:\/\/i0.wp.com\/inzain.bike\/wp-content\/uploads\/2023\/09\/cropped-INZAIN_512x512_white.png?fit=512%2C512&ssl=1","contentUrl":"https:\/\/i0.wp.com\/inzain.bike\/wp-content\/uploads\/2023\/09\/cropped-INZAIN_512x512_white.png?fit=512%2C512&ssl=1","width":512,"height":512,"caption":"INZAIN Cycling EXPERIENCES"},"image":{"@id":"https:\/\/inzain.bike\/fr_be\/#\/schema\/logo\/image\/"},"sameAs":["https:\/\/www.facebook.com\/Inzain.bike","https:\/\/www.instagram.com\/inzainbike"]}]}},"amp_enabled":true,"_links":{"self":[{"href":"https:\/\/inzain.bike\/sv_se\/wp-json\/wp\/v2\/pages\/5021","targetHints":{"allow":["GET"]}}],"collection":[{"href":"https:\/\/inzain.bike\/sv_se\/wp-json\/wp\/v2\/pages"}],"about":[{"href":"https:\/\/inzain.bike\/sv_se\/wp-json\/wp\/v2\/types\/page"}],"author":[{"embeddable":true,"href":"https:\/\/inzain.bike\/sv_se\/wp-json\/wp\/v2\/users\/135133094"}],"replies":[{"embeddable":true,"href":"https:\/\/inzain.bike\/sv_se\/wp-json\/wp\/v2\/comments?post=5021"}],"version-history":[{"count":0,"href":"https:\/\/inzain.bike\/sv_se\/wp-json\/wp\/v2\/pages\/5021\/revisions"}],"wp:attachment":[{"href":"https:\/\/inzain.bike\/sv_se\/wp-json\/wp\/v2\/media?parent=5021"}],"curies":[{"name":"wp","href":"https:\/\/api.w.org\/{rel}","templated":true}]}}