{"id":5044,"date":"2023-11-11T17:38:00","date_gmt":"2023-11-11T16:38:00","guid":{"rendered":"https:\/\/inzain.bike\/?page_id=5044"},"modified":"2023-11-21T19:51:29","modified_gmt":"2023-11-21T18:51:29","slug":"cha24-cykling","status":"publish","type":"page","link":"https:\/\/inzain.bike\/sv_se\/cha24-cykling\/","title":{"rendered":"Champagne Cykling"},"content":{"rendered":"\n<div class=\"wp-block-columns alignwide is-layout-flex wp-container-core-columns-is-layout-28f84493 wp-block-columns-is-layout-flex\">\n<div class=\"wp-block-column is-layout-flow wp-block-column-is-layout-flow\">\n<p class=\"has-roboto-font-family has-custom-font\" style=\"font-family:Roboto\">Champagne har m\u00e5nga fina v\u00e4gar b\u00e5de p\u00e5 grus och asfalt. Vi har varit d\u00e4r och rekat ut de b\u00e4sta v\u00e4garna. Niv\u00e5n p\u00e5 cyklingen \u00e4r s\u00e5dan att alla klarar det. Turerna p\u00e5 denna resa \u00e4r lite kortare och lite sn\u00e4llare \u00e4n p\u00e5 andra orter, men det kommer finnas utmaningar ocks\u00e5. Vi stannar och \u00e4ter lunch p\u00e5 goda restauranger och en fika kommer det ocks\u00e5 att bli. Om n\u00e5got h\u00e4nder s\u00e5 finns v\u00e5r s\u00e4kerhetsbil d\u00e4r f\u00f6r att hj\u00e4lpa till.<\/p>\n\n\n\n<figure class=\"wp-block-image aligncenter size-full\"><img loading=\"lazy\" decoding=\"async\" width=\"808\" height=\"400\" src=\"https:\/\/inzain.bike\/wp-content\/uploads\/2023\/11\/champagne_pic_808-1.png\" alt=\"\" class=\"wp-image-5492\" srcset=\"https:\/\/inzain.bike\/wp-content\/uploads\/2023\/11\/champagne_pic_808-1.png 808w, https:\/\/inzain.bike\/wp-content\/uploads\/2023\/11\/champagne_pic_808-1-300x149.png 300w, https:\/\/inzain.bike\/wp-content\/uploads\/2023\/11\/champagne_pic_808-1-768x380.png 768w, https:\/\/inzain.bike\/wp-content\/uploads\/2023\/11\/champagne_pic_808-1-18x9.png 18w, https:\/\/inzain.bike\/wp-content\/uploads\/2023\/11\/champagne_pic_808-1-600x297.png 600w\" sizes=\"auto, (max-width: 808px) 100vw, 808px\" \/><\/figure>\n\n\n\n<p>V\u00e4garna \u00e4r omv\u00e4xlande, vi cyklar p\u00e5 f\u00e4lt, vinodlingar, stigar asfalt och grusv\u00e4gar. <\/p>\n\n\n\n<p><strong>Schema<\/strong><\/p>\n\n\n\n<p><strong>L\u00f6rdag 25 Maj<\/strong><br>Ankomst och incheckning. Bygga cykel (eller h\u00e4mta hyrcykel). Vi g\u00f6r en check-out ride f\u00f6r att kolla att alla cyklar \u00e4r i ordning.<br>Sedan v\u00e4ntar middag och information och kanske ett glas Champagne? <\/p>\n\n\n\n<p><strong>S\u00f6ndag 26 Maj<\/strong><\/p>\n\n\n\n<p><strong>M\u00e5ndag 27 Maj<\/strong><br>F\u00f6r de som vill v\u00e4ntar en lite tuffare tur, det passar bra innan vilodagen. Men vill man ta det lugnt finns kortare turer att v\u00e4lja p\u00e5 ocks\u00e5.<br>P\u00e5 kv\u00e4llen v\u00e4ntar Champagneprovning p\u00e5 v\u00e5rt hotell.<\/p>\n\n\n\n<p><strong>Tisdag 28 Maj Vilodag<\/strong><br>En dag f\u00f6r vila och aktiviteter. Ballongflygning, b\u00e5ttur p\u00e5 kanalen eller bara str\u00f6va runt i Epernay, du v\u00e4ljer sj\u00e4lv.<\/p>\n\n\n\n<p><strong>Onsdag 29 Maj<\/strong><br>Med utvilade ben tar vi oss an dagens tur, som vanligt finns olika l\u00e4ngder att v\u00e4lja p\u00e5. Extra god lunch v\u00e4ntar ocks\u00e5.<\/p>\n\n\n\n<p><strong>Torsdag 30 Maj<\/strong><br>En tuffare tur idag, f\u00f6r de som vill. En \u00f6verraskning v\u00e4ntar ocks\u00e5.<\/p>\n\n\n\n<p><strong>Fredag 31 Maj<\/strong><br>Sista cykeldagen, en tur som \u00e4r lagom l\u00e5ng s\u00e5 man hinner hem f\u00f6r att i god tid ordna med packning, \u00e5terl\u00e4mning av cykel och annat.<br>Avslutningsmiddag p\u00e5 hotellet.<\/p>\n\n\n\n<p><strong>L\u00f6rdag 1 Juni<\/strong><br>Utcheckning och hemf\u00e4rd.<\/p>\n\n\n\n<p><\/p>\n<\/div>\n<\/div>\n","protected":false},"excerpt":{"rendered":"<p>Champagne har m\u00e5nga fina v\u00e4gar b\u00e5de p\u00e5 grus och asfalt. Vi har varit d\u00e4r och rekat ut de b\u00e4sta v\u00e4garna. Niv\u00e5n p\u00e5 cyklingen \u00e4r s\u00e5dan att alla klarar det. Turerna p\u00e5 denna resa \u00e4r lite kortare och lite sn\u00e4llare \u00e4n p\u00e5 andra orter, men det kommer finnas utmaningar ocks\u00e5. Vi stannar och \u00e4ter lunch p\u00e5 [&hellip;]<\/p>\n","protected":false},"author":135133094,"featured_media":0,"parent":0,"menu_order":0,"comment_status":"closed","ping_status":"closed","template":"","meta":{"_coblocks_attr":"Roboto,Roboto","_coblocks_dimensions":"","_coblocks_responsive_height":"","_coblocks_accordion_ie_support":"","footnotes":""},"class_list":["post-5044","page","type-page","status-publish","hentry"],"yoast_head":"<!-- This site is optimized with the Yoast SEO plugin v27.2 - https:\/\/yoast.com\/product\/yoast-seo-wordpress\/ -->\n<title>Champagne Cykling - INZAIN Cycling EXPERIENCES<\/title>\n<meta name=\"robots\" content=\"index, follow, max-snippet:-1, max-image-preview:large, max-video-preview:-1\" \/>\n<link rel=\"canonical\" href=\"https:\/\/inzain.bike\/sv_se\/cha24-cykling\/\" \/>\n<meta property=\"og:locale\" content=\"sv_SE\" \/>\n<meta property=\"og:type\" content=\"article\" \/>\n<meta property=\"og:title\" content=\"Champagne Cykling - INZAIN Cycling EXPERIENCES\" \/>\n<meta property=\"og:description\" content=\"Champagne har m\u00e5nga fina v\u00e4gar b\u00e5de p\u00e5 grus och asfalt. Vi har varit d\u00e4r och rekat ut de b\u00e4sta v\u00e4garna. Niv\u00e5n p\u00e5 cyklingen \u00e4r s\u00e5dan att alla klarar det. Turerna p\u00e5 denna resa \u00e4r lite kortare och lite sn\u00e4llare \u00e4n p\u00e5 andra orter, men det kommer finnas utmaningar ocks\u00e5. Vi stannar och \u00e4ter lunch p\u00e5 [&hellip;]\" \/>\n<meta property=\"og:url\" content=\"https:\/\/inzain.bike\/sv_se\/cha24-cykling\/\" \/>\n<meta property=\"og:site_name\" content=\"INZAIN Cycling EXPERIENCES\" \/>\n<meta property=\"article:publisher\" content=\"https:\/\/www.facebook.com\/Inzain.bike\" \/>\n<meta property=\"article:modified_time\" content=\"2023-11-21T18:51:29+00:00\" \/>\n<meta property=\"og:image\" content=\"https:\/\/inzain.bike\/wp-content\/uploads\/2023\/11\/champagne_pic_808-1.png\" \/>\n<meta name=\"twitter:card\" content=\"summary_large_image\" \/>\n<meta name=\"twitter:label1\" content=\"Ber\u00e4knad l\u00e4stid\" \/>\n\t<meta name=\"twitter:data1\" content=\"2 minuter\" \/>\n<script type=\"application\/ld+json\" class=\"yoast-schema-graph\">{\"@context\":\"https:\/\/schema.org\",\"@graph\":[{\"@type\":\"WebPage\",\"@id\":\"https:\/\/inzain.bike\/nl_be\/cha24-cykling\/\",\"url\":\"https:\/\/inzain.bike\/nl_be\/cha24-cykling\/\",\"name\":\"Champagne Cykling - INZAIN Cycling EXPERIENCES\",\"isPartOf\":{\"@id\":\"https:\/\/inzain.bike\/fr_be\/#website\"},\"primaryImageOfPage\":{\"@id\":\"https:\/\/inzain.bike\/nl_be\/cha24-cykling\/#primaryimage\"},\"image\":{\"@id\":\"https:\/\/inzain.bike\/nl_be\/cha24-cykling\/#primaryimage\"},\"thumbnailUrl\":\"https:\/\/inzain.bike\/wp-content\/uploads\/2023\/11\/champagne_pic_808-1.png\",\"datePublished\":\"2023-11-11T16:38:00+00:00\",\"dateModified\":\"2023-11-21T18:51:29+00:00\",\"breadcrumb\":{\"@id\":\"https:\/\/inzain.bike\/nl_be\/cha24-cykling\/#breadcrumb\"},\"inLanguage\":\"sv-SE\",\"potentialAction\":[{\"@type\":\"ReadAction\",\"target\":[\"https:\/\/inzain.bike\/nl_be\/cha24-cykling\/\"]}]},{\"@type\":\"ImageObject\",\"inLanguage\":\"sv-SE\",\"@id\":\"https:\/\/inzain.bike\/nl_be\/cha24-cykling\/#primaryimage\",\"url\":\"https:\/\/inzain.bike\/wp-content\/uploads\/2023\/11\/champagne_pic_808-1.png\",\"contentUrl\":\"https:\/\/inzain.bike\/wp-content\/uploads\/2023\/11\/champagne_pic_808-1.png\"},{\"@type\":\"BreadcrumbList\",\"@id\":\"https:\/\/inzain.bike\/nl_be\/cha24-cykling\/#breadcrumb\",\"itemListElement\":[{\"@type\":\"ListItem\",\"position\":1,\"name\":\"Hem\",\"item\":\"https:\/\/inzain.bike\/fr_be\/\"},{\"@type\":\"ListItem\",\"position\":2,\"name\":\"Champagne Cykling\"}]},{\"@type\":\"WebSite\",\"@id\":\"https:\/\/inzain.bike\/fr_be\/#website\",\"url\":\"https:\/\/inzain.bike\/fr_be\/\",\"name\":\"INZAIN Cycling EXPERIENCES\",\"description\":\"Cyckling Adventures  - for everyone\",\"publisher\":{\"@id\":\"https:\/\/inzain.bike\/fr_be\/#organization\"},\"alternateName\":\"INZAIN Gravel & Travel\",\"potentialAction\":[{\"@type\":\"SearchAction\",\"target\":{\"@type\":\"EntryPoint\",\"urlTemplate\":\"https:\/\/inzain.bike\/fr_be\/?s={search_term_string}\"},\"query-input\":{\"@type\":\"PropertyValueSpecification\",\"valueRequired\":true,\"valueName\":\"search_term_string\"}}],\"inLanguage\":\"sv-SE\"},{\"@type\":\"Organization\",\"@id\":\"https:\/\/inzain.bike\/fr_be\/#organization\",\"name\":\"INZAIN Cycling EXPERIENCES\",\"url\":\"https:\/\/inzain.bike\/fr_be\/\",\"logo\":{\"@type\":\"ImageObject\",\"inLanguage\":\"sv-SE\",\"@id\":\"https:\/\/inzain.bike\/fr_be\/#\/schema\/logo\/image\/\",\"url\":\"https:\/\/i0.wp.com\/inzain.bike\/wp-content\/uploads\/2023\/09\/cropped-INZAIN_512x512_white.png?fit=512%2C512&ssl=1\",\"contentUrl\":\"https:\/\/i0.wp.com\/inzain.bike\/wp-content\/uploads\/2023\/09\/cropped-INZAIN_512x512_white.png?fit=512%2C512&ssl=1\",\"width\":512,\"height\":512,\"caption\":\"INZAIN Cycling EXPERIENCES\"},\"image\":{\"@id\":\"https:\/\/inzain.bike\/fr_be\/#\/schema\/logo\/image\/\"},\"sameAs\":[\"https:\/\/www.facebook.com\/Inzain.bike\",\"https:\/\/www.instagram.com\/inzainbike\"]}]}<\/script>\n<!-- \/ Yoast SEO plugin. -->","yoast_head_json":{"title":"Champagne Cykling - INZAIN Cycling EXPERIENCES","robots":{"index":"index","follow":"follow","max-snippet":"max-snippet:-1","max-image-preview":"max-image-preview:large","max-video-preview":"max-video-preview:-1"},"canonical":"https:\/\/inzain.bike\/sv_se\/cha24-cykling\/","og_locale":"sv_SE","og_type":"article","og_title":"Champagne Cykling - INZAIN Cycling EXPERIENCES","og_description":"Champagne har m\u00e5nga fina v\u00e4gar b\u00e5de p\u00e5 grus och asfalt. Vi har varit d\u00e4r och rekat ut de b\u00e4sta v\u00e4garna. Niv\u00e5n p\u00e5 cyklingen \u00e4r s\u00e5dan att alla klarar det. Turerna p\u00e5 denna resa \u00e4r lite kortare och lite sn\u00e4llare \u00e4n p\u00e5 andra orter, men det kommer finnas utmaningar ocks\u00e5. Vi stannar och \u00e4ter lunch p\u00e5 [&hellip;]","og_url":"https:\/\/inzain.bike\/sv_se\/cha24-cykling\/","og_site_name":"INZAIN Cycling EXPERIENCES","article_publisher":"https:\/\/www.facebook.com\/Inzain.bike","article_modified_time":"2023-11-21T18:51:29+00:00","og_image":[{"url":"https:\/\/inzain.bike\/wp-content\/uploads\/2023\/11\/champagne_pic_808-1.png","type":"","width":"","height":""}],"twitter_card":"summary_large_image","twitter_misc":{"Ber\u00e4knad l\u00e4stid":"2 minuter"},"schema":{"@context":"https:\/\/schema.org","@graph":[{"@type":"WebPage","@id":"https:\/\/inzain.bike\/nl_be\/cha24-cykling\/","url":"https:\/\/inzain.bike\/nl_be\/cha24-cykling\/","name":"Champagne Cykling - INZAIN Cycling EXPERIENCES","isPartOf":{"@id":"https:\/\/inzain.bike\/fr_be\/#website"},"primaryImageOfPage":{"@id":"https:\/\/inzain.bike\/nl_be\/cha24-cykling\/#primaryimage"},"image":{"@id":"https:\/\/inzain.bike\/nl_be\/cha24-cykling\/#primaryimage"},"thumbnailUrl":"https:\/\/inzain.bike\/wp-content\/uploads\/2023\/11\/champagne_pic_808-1.png","datePublished":"2023-11-11T16:38:00+00:00","dateModified":"2023-11-21T18:51:29+00:00","breadcrumb":{"@id":"https:\/\/inzain.bike\/nl_be\/cha24-cykling\/#breadcrumb"},"inLanguage":"sv-SE","potentialAction":[{"@type":"ReadAction","target":["https:\/\/inzain.bike\/nl_be\/cha24-cykling\/"]}]},{"@type":"ImageObject","inLanguage":"sv-SE","@id":"https:\/\/inzain.bike\/nl_be\/cha24-cykling\/#primaryimage","url":"https:\/\/inzain.bike\/wp-content\/uploads\/2023\/11\/champagne_pic_808-1.png","contentUrl":"https:\/\/inzain.bike\/wp-content\/uploads\/2023\/11\/champagne_pic_808-1.png"},{"@type":"BreadcrumbList","@id":"https:\/\/inzain.bike\/nl_be\/cha24-cykling\/#breadcrumb","itemListElement":[{"@type":"ListItem","position":1,"name":"Hem","item":"https:\/\/inzain.bike\/fr_be\/"},{"@type":"ListItem","position":2,"name":"Champagne Cykling"}]},{"@type":"WebSite","@id":"https:\/\/inzain.bike\/fr_be\/#website","url":"https:\/\/inzain.bike\/fr_be\/","name":"INZAIN Cycling EXPERIENCES","description":"Cyckling Adventures  - for everyone","publisher":{"@id":"https:\/\/inzain.bike\/fr_be\/#organization"},"alternateName":"INZAIN Gravel & Travel","potentialAction":[{"@type":"SearchAction","target":{"@type":"EntryPoint","urlTemplate":"https:\/\/inzain.bike\/fr_be\/?s={search_term_string}"},"query-input":{"@type":"PropertyValueSpecification","valueRequired":true,"valueName":"search_term_string"}}],"inLanguage":"sv-SE"},{"@type":"Organization","@id":"https:\/\/inzain.bike\/fr_be\/#organization","name":"INZAIN Cycling EXPERIENCES","url":"https:\/\/inzain.bike\/fr_be\/","logo":{"@type":"ImageObject","inLanguage":"sv-SE","@id":"https:\/\/inzain.bike\/fr_be\/#\/schema\/logo\/image\/","url":"https:\/\/i0.wp.com\/inzain.bike\/wp-content\/uploads\/2023\/09\/cropped-INZAIN_512x512_white.png?fit=512%2C512&ssl=1","contentUrl":"https:\/\/i0.wp.com\/inzain.bike\/wp-content\/uploads\/2023\/09\/cropped-INZAIN_512x512_white.png?fit=512%2C512&ssl=1","width":512,"height":512,"caption":"INZAIN Cycling EXPERIENCES"},"image":{"@id":"https:\/\/inzain.bike\/fr_be\/#\/schema\/logo\/image\/"},"sameAs":["https:\/\/www.facebook.com\/Inzain.bike","https:\/\/www.instagram.com\/inzainbike"]}]}},"amp_enabled":true,"_links":{"self":[{"href":"https:\/\/inzain.bike\/sv_se\/wp-json\/wp\/v2\/pages\/5044","targetHints":{"allow":["GET"]}}],"collection":[{"href":"https:\/\/inzain.bike\/sv_se\/wp-json\/wp\/v2\/pages"}],"about":[{"href":"https:\/\/inzain.bike\/sv_se\/wp-json\/wp\/v2\/types\/page"}],"author":[{"embeddable":true,"href":"https:\/\/inzain.bike\/sv_se\/wp-json\/wp\/v2\/users\/135133094"}],"replies":[{"embeddable":true,"href":"https:\/\/inzain.bike\/sv_se\/wp-json\/wp\/v2\/comments?post=5044"}],"version-history":[{"count":0,"href":"https:\/\/inzain.bike\/sv_se\/wp-json\/wp\/v2\/pages\/5044\/revisions"}],"wp:attachment":[{"href":"https:\/\/inzain.bike\/sv_se\/wp-json\/wp\/v2\/media?parent=5044"}],"curies":[{"name":"wp","href":"https:\/\/api.w.org\/{rel}","templated":true}]}}