{"id":5066,"date":"2023-11-21T18:36:03","date_gmt":"2023-11-21T17:36:03","guid":{"rendered":"https:\/\/inzain.bike\/?page_id=5066"},"modified":"2023-11-21T18:36:06","modified_gmt":"2023-11-21T17:36:06","slug":"pyr24-cykling","status":"publish","type":"page","link":"https:\/\/inzain.bike\/sv_se\/pyr24-cykling\/","title":{"rendered":"Pyreneerna Cykling"},"content":{"rendered":"\n<div class=\"wp-block-columns alignwide is-layout-flex wp-container-core-columns-is-layout-28f84493 wp-block-columns-is-layout-flex\">\n<div class=\"wp-block-column is-layout-flow wp-block-column-is-layout-flow\">\n<p>Cyklingen \u00f6ver denna bergskedja \u00e4r v\u00e5r riktiga klassiker och stora m\u00e5l varje \u00e5r. F\u00f6r att beskriva turen med ett ord f\u00e5r det bli vildmark. Och det g\u00f6r detta omr\u00e5de unikt d\u00e5 det \u00e4r det enda i hela Europa som kan kalla sig det. P\u00e5 m\u00e5nga st\u00e4llen \u00e4r vi helt ensamma med v\u00e5ra cyklar och lugna tankar. Vi tar oss fr\u00e5n hotell till hotell, varje dag har ett nytt sp\u00e4nnande m\u00e5l. I mitten p\u00e5 turen har <\/p>\n<\/div>\n<\/div>\n\n\n\n<p class=\"has-text-align-left has-custom-weight\" style=\"font-weight:bold;font-size:30px\">Dagsprogram<\/p>\n\n\n\n<div class=\"wp-block-columns alignwide is-layout-flex wp-container-core-columns-is-layout-28f84493 wp-block-columns-is-layout-flex\">\n<div class=\"wp-block-column is-layout-flow wp-block-column-is-layout-flow\">\n<figure class=\"wp-block-image size-full\"><img loading=\"lazy\" decoding=\"async\" width=\"960\" height=\"883\" src=\"https:\/\/inzain.bike\/wp-content\/uploads\/2023\/11\/IMG_9915.jpg\" alt=\"\" class=\"wp-image-5198\" srcset=\"https:\/\/inzain.bike\/wp-content\/uploads\/2023\/11\/IMG_9915.jpg 960w, https:\/\/inzain.bike\/wp-content\/uploads\/2023\/11\/IMG_9915-300x276.jpg 300w, https:\/\/inzain.bike\/wp-content\/uploads\/2023\/11\/IMG_9915-768x706.jpg 768w, https:\/\/inzain.bike\/wp-content\/uploads\/2023\/11\/IMG_9915-13x12.jpg 13w, https:\/\/inzain.bike\/wp-content\/uploads\/2023\/11\/IMG_9915-600x552.jpg 600w\" sizes=\"auto, (max-width: 960px) 100vw, 960px\" \/><\/figure>\n<\/div>\n\n\n\n<div class=\"wp-block-column is-layout-flow wp-block-column-is-layout-flow\">\n<p><strong>Dag Ett <\/strong><\/p>\n\n\n\n<p>Frukost p\u00e5 hotellet och gemensam cykling ner till Grand Plage d\u00e4r v\u00e5rt \u00e4ventyr b\u00f6rjar. De som vill doppar ett av hjulen i Atlanten innan vi rullar \u00f6sterut mot Medelhavet.<\/p>\n\n\n\n<p>Vi cyklar genom stan och ut p\u00e5 den Baskiska landsbygden. V\u00e5rt lunchstopp f\u00f6r dagen blir i vackra San Jean Pied de Port, vilket p\u00e5 franska betyder \u201dSaint John vid foten av bergspasset\u201d. Staden \u00e4r \u00e4ven den klassiska startpunkten f\u00f6r dom som ska vandra Camino de Santiago.<\/p>\n\n\n\n<p>De b\u00e5da stigningarna Col des Plombieres och Col d\u00b4Osquich ger oss en f\u00f6raning om vad som komma skall. Vi \u00f6vernattar i Oloron s St.Marie.<\/p>\n<\/div>\n<\/div>\n\n\n\n<div class=\"wp-block-columns alignwide is-layout-flex wp-container-core-columns-is-layout-28f84493 wp-block-columns-is-layout-flex\">\n<div class=\"wp-block-column is-layout-flow wp-block-column-is-layout-flow\">\n<p><strong>Dag Tv\u00e5 <\/strong><\/p>\n\n\n\n<p>Vi l\u00e4mnar nu Baskien och rullar fram i ett b\u00f6ljande landskap. M\u00e5let f\u00f6r dagen \u00e4r att ta oss an Col de Marie Blanque och Col d\u00b4Aubisque. B\u00e5da klassiska stigningar i Tour de France sammanhang.<\/p>\n\n\n\n<p>Vi kl\u00e4ttrar b\u00e5da bergpassen med resten av Pyren\u00e8erna som panorama i bakgrunden. P\u00e5 toppen av Col d\u00c1ubisque m\u00f6ts vi av betande vildh\u00e4star. Natten tillbringas p\u00e5 v\u00e5rt favorithotell vid foten av Tourmalet i St.Savin. <\/p>\n<\/div>\n\n\n\n<div class=\"wp-block-column is-layout-flow wp-block-column-is-layout-flow\">\n<figure class=\"wp-block-image size-full is-resized\"><img decoding=\"async\" src=\"https:\/\/inzain.bike\/wp-content\/uploads\/2023\/11\/IMG_5200.jpg\" alt=\"\" class=\"wp-image-5187\" style=\"width:332px;height:auto\"\/><\/figure>\n<\/div>\n<\/div>\n\n\n\n<div class=\"wp-block-columns alignwide is-layout-flex wp-container-core-columns-is-layout-28f84493 wp-block-columns-is-layout-flex\">\n<div class=\"wp-block-column is-layout-flow wp-block-column-is-layout-flow\">\n<figure class=\"wp-block-image size-full\"><img loading=\"lazy\" decoding=\"async\" width=\"929\" height=\"929\" src=\"https:\/\/inzain.bike\/wp-content\/uploads\/2023\/11\/IMG_5479.jpg\" alt=\"\" class=\"wp-image-5191\" srcset=\"https:\/\/inzain.bike\/wp-content\/uploads\/2023\/11\/IMG_5479.jpg 929w, https:\/\/inzain.bike\/wp-content\/uploads\/2023\/11\/IMG_5479-300x300.jpg 300w, https:\/\/inzain.bike\/wp-content\/uploads\/2023\/11\/IMG_5479-150x150.jpg 150w, https:\/\/inzain.bike\/wp-content\/uploads\/2023\/11\/IMG_5479-768x768.jpg 768w, https:\/\/inzain.bike\/wp-content\/uploads\/2023\/11\/IMG_5479-12x12.jpg 12w, https:\/\/inzain.bike\/wp-content\/uploads\/2023\/11\/IMG_5479-600x600.jpg 600w, https:\/\/inzain.bike\/wp-content\/uploads\/2023\/11\/IMG_5479-100x100.jpg 100w\" sizes=\"auto, (max-width: 929px) 100vw, 929px\" \/><\/figure>\n<\/div>\n\n\n\n<div class=\"wp-block-column is-layout-flow wp-block-column-is-layout-flow\">\n<p><strong>Dag Tre <\/strong><\/p>\n\n\n\n<p>Efter en kort cykling ut fr\u00e5n stan g\u00e5r vi direkt in i de mest kl\u00e4ttrade berget i Tour de France. J\u00e4tten av Pyren\u00e9erna reser sig st\u00e5tlig \u00f6ver de andra grannarna p\u00e5 sidorna. \u00c4ven om du \u00e4r h\u00e4r f\u00f6r f\u00f6rsta g\u00e5ngen kommer du att f\u00e5 en h\u00e4rlig k\u00e4nsla i kroppen n\u00e4r du k\u00e4nner igen dig.<\/p>\n\n\n\n<p>p\u00e5 v\u00e4gen utf\u00f6r passar vi p\u00e5 att stanna vid det nyligen uppf\u00f6rda minnesm\u00e4rket efter Eug\u00e9ne Christophe med sin trasiga framgaffel i handen. \u00c4ven Col de Peyresourde \u00e4r hissnande med sin h\u00f6jd. Natten tillbringas i Luchon d\u00e4r otaliga m\u00e5lg\u00e5ngar och starter skett.<\/p>\n<\/div>\n<\/div>\n\n\n\n<div class=\"wp-block-columns alignwide is-layout-flex wp-container-core-columns-is-layout-28f84493 wp-block-columns-is-layout-flex\">\n<div class=\"wp-block-column is-layout-flow wp-block-column-is-layout-flow\">\n<p><strong>Dag Fyra <\/strong><\/p>\n\n\n\n<p>Vilodag i klassiska och helt underbara Bagneres Luchon. K\u00e4nd som en kurort med anor som str\u00e4cker sig tillbaka till 1920. Vi \u00e4r nu vid foten av centrala Pyreneerna. Passa p\u00e5 att pr\u00f6va den nybyggda kabinbanan upp till toppen ovanf\u00f6r staden.<\/p>\n<\/div>\n\n\n\n<div class=\"wp-block-column is-layout-flow wp-block-column-is-layout-flow\">\n<figure class=\"wp-block-image size-full\"><img decoding=\"async\" src=\"https:\/\/inzain.bike\/wp-content\/uploads\/2023\/11\/IMG_8440.jpg\" alt=\"\" class=\"wp-image-5201\"\/><\/figure>\n<\/div>\n<\/div>\n\n\n\n<div class=\"wp-block-columns alignwide is-layout-flex wp-container-core-columns-is-layout-28f84493 wp-block-columns-is-layout-flex\">\n<div class=\"wp-block-column is-layout-flow wp-block-column-is-layout-flow\">\n<figure class=\"wp-block-image size-full\"><img decoding=\"async\" src=\"https:\/\/inzain.bike\/wp-content\/uploads\/2023\/11\/IMG_4522.jpg\" alt=\"\" class=\"wp-image-5204\"\/><\/figure>\n<\/div>\n\n\n\n<div class=\"wp-block-column is-layout-flow wp-block-column-is-layout-flow\">\n<p><strong>Dag Fem <\/strong><\/p>\n\n\n\n<p>Nu \u00e4r vi stor del av tiden ovanf\u00f6r tr\u00e4dgr\u00e4nsen p\u00e5 v\u00e5ra v\u00e4g uppf\u00f6r och utf\u00f6r bergen.<br>Vid det h\u00e4r lagret har v\u00e5ra kroppar acklimatiserat sig och vi kan till fullo njuta av det gr\u00f6nskande landskapet p\u00e5 sidorna.<br>Vi passerar \u00e4ven den otroligt vackra platsen och minnesm\u00e4rke \u00f6ver Fabio Cassartelli. V\u00e5rt m\u00e5l f\u00f6r dagen \u00e4r Saint Girons. K\u00e4nt som startplats p\u00e5 den rutt f\u00f6r dom som beh\u00f6vde fly \u00f6ver bergen till Spanien under andra v\u00e4rldskriget.\u00a0<\/p>\n<\/div>\n<\/div>\n\n\n\n<div class=\"wp-block-columns alignwide is-layout-flex wp-container-core-columns-is-layout-28f84493 wp-block-columns-is-layout-flex\">\n<div class=\"wp-block-column is-layout-flow wp-block-column-is-layout-flow\">\n<p><strong>Dag Sex <\/strong><\/p>\n\n\n\n<p>\u00c4nnu mer fantastisk kl\u00e4ttring och natur p\u00e5 programmet. Port de Pailheres och Col de Port l\u00e4ggs p\u00e5 listan. Du kommer denna dag att avverka flest h\u00f6jdmetrar och n\u00e5 den n\u00e4st h\u00f6gsta punkten p\u00e5 resan vid Pailheres.<\/p>\n\n\n\n<p>Utf\u00f6rsk\u00f6rningen d\u00e4rifr\u00e5n brukar vara den mest fantastiska och h\u00e4nf\u00f6rande f\u00f6r den som upplever den. Hotellet i Gincla \u00e4r ocks\u00e5 en favorit hos m\u00e5nga deltagare.<\/p>\n<\/div>\n\n\n\n<div class=\"wp-block-column is-layout-flow wp-block-column-is-layout-flow\">\n<figure class=\"wp-block-image size-full\"><img loading=\"lazy\" decoding=\"async\" width=\"788\" height=\"788\" src=\"https:\/\/inzain.bike\/wp-content\/uploads\/2023\/11\/IMG_7716-2.jpg\" alt=\"\" class=\"wp-image-5192\" srcset=\"https:\/\/inzain.bike\/wp-content\/uploads\/2023\/11\/IMG_7716-2.jpg 788w, https:\/\/inzain.bike\/wp-content\/uploads\/2023\/11\/IMG_7716-2-300x300.jpg 300w, https:\/\/inzain.bike\/wp-content\/uploads\/2023\/11\/IMG_7716-2-150x150.jpg 150w, https:\/\/inzain.bike\/wp-content\/uploads\/2023\/11\/IMG_7716-2-768x768.jpg 768w, https:\/\/inzain.bike\/wp-content\/uploads\/2023\/11\/IMG_7716-2-12x12.jpg 12w, https:\/\/inzain.bike\/wp-content\/uploads\/2023\/11\/IMG_7716-2-600x600.jpg 600w, https:\/\/inzain.bike\/wp-content\/uploads\/2023\/11\/IMG_7716-2-100x100.jpg 100w\" sizes=\"auto, (max-width: 788px) 100vw, 788px\" \/><\/figure>\n<\/div>\n<\/div>\n\n\n\n<div class=\"wp-block-columns alignwide is-layout-flex wp-container-core-columns-is-layout-28f84493 wp-block-columns-is-layout-flex\">\n<div class=\"wp-block-column is-layout-flow wp-block-column-is-layout-flow\">\n<figure class=\"wp-block-image size-full\"><img decoding=\"async\" src=\"https:\/\/inzain.bike\/wp-content\/uploads\/2023\/11\/IMG_5378.jpg\" alt=\"\" class=\"wp-image-5190\"\/><\/figure>\n<\/div>\n\n\n\n<div class=\"wp-block-column is-layout-flow wp-block-column-is-layout-flow\">\n<p><strong>Dag Sju<\/strong><\/p>\n\n\n\n<p>Grand Finale!<br>Vi s\u00e4ger adj\u00f6 till de h\u00f6ga bergen i v\u00e4ster och b\u00f6rjar ana det azurbl\u00e5 Medelhavet i horisonten.<\/p>\n\n\n\n<p>V\u00e5rt m\u00e5l Collioure vid kusten kommer allt n\u00e4rmare. Ett m\u00e5l som ocks\u00e5 m\u00e5nga konstn\u00e4rer haft tex. Matisse och Picasso. F\u00f6rst ska dock tv\u00e5 vackra stigningar avverkas, Col Palomere och Col d\u00b4Aussieres.<\/p>\n\n\n\n<p>K\u00e4nslan av att till slut n\u00e5 havet och veta att man har tagit sig \u00f6ver en hel bergskedja f\u00f6r egen maskin \u00e4r \u00f6verv\u00e4ldigande.<br>Middagen p\u00e5 kv\u00e4llen brukar alltid bli v\u00e4ldigt vara k\u00e4nslostark och minnesv\u00e4rd.<\/p>\n<\/div>\n<\/div>\n\n\n\n<p><br><\/p>\n","protected":false},"excerpt":{"rendered":"<p>Cyklingen \u00f6ver denna bergskedja \u00e4r v\u00e5r riktiga klassiker och stora m\u00e5l varje \u00e5r. F\u00f6r att beskriva turen med ett ord f\u00e5r det bli vildmark. Och det g\u00f6r detta omr\u00e5de unikt d\u00e5 det \u00e4r det enda i hela Europa som kan kalla sig det. P\u00e5 m\u00e5nga st\u00e4llen \u00e4r vi helt ensamma med v\u00e5ra cyklar och lugna [&hellip;]<\/p>\n","protected":false},"author":203917874,"featured_media":0,"parent":0,"menu_order":0,"comment_status":"closed","ping_status":"closed","template":"","meta":{"_coblocks_attr":"","_coblocks_dimensions":"","_coblocks_responsive_height":"","_coblocks_accordion_ie_support":"","footnotes":""},"class_list":["post-5066","page","type-page","status-publish","hentry"],"yoast_head":"<!-- This site is optimized with the Yoast SEO plugin v27.2 - https:\/\/yoast.com\/product\/yoast-seo-wordpress\/ -->\n<title>Pyreneerna Cykling - INZAIN Cycling EXPERIENCES<\/title>\n<meta name=\"robots\" content=\"index, follow, max-snippet:-1, max-image-preview:large, max-video-preview:-1\" \/>\n<link rel=\"canonical\" href=\"https:\/\/inzain.bike\/sv_se\/pyr24-cykling\/\" \/>\n<meta property=\"og:locale\" content=\"sv_SE\" \/>\n<meta property=\"og:type\" content=\"article\" \/>\n<meta property=\"og:title\" content=\"Pyreneerna Cykling - INZAIN Cycling EXPERIENCES\" \/>\n<meta property=\"og:description\" content=\"Cyklingen \u00f6ver denna bergskedja \u00e4r v\u00e5r riktiga klassiker och stora m\u00e5l varje \u00e5r. F\u00f6r att beskriva turen med ett ord f\u00e5r det bli vildmark. Och det g\u00f6r detta omr\u00e5de unikt d\u00e5 det \u00e4r det enda i hela Europa som kan kalla sig det. P\u00e5 m\u00e5nga st\u00e4llen \u00e4r vi helt ensamma med v\u00e5ra cyklar och lugna [&hellip;]\" \/>\n<meta property=\"og:url\" content=\"https:\/\/inzain.bike\/sv_se\/pyr24-cykling\/\" \/>\n<meta property=\"og:site_name\" content=\"INZAIN Cycling EXPERIENCES\" \/>\n<meta property=\"article:publisher\" content=\"https:\/\/www.facebook.com\/Inzain.bike\" \/>\n<meta property=\"article:modified_time\" content=\"2023-11-21T17:36:06+00:00\" \/>\n<meta property=\"og:image\" content=\"https:\/\/inzain.bike\/wp-content\/uploads\/2023\/11\/IMG_9915.jpg\" \/>\n<meta name=\"twitter:card\" content=\"summary_large_image\" \/>\n<meta name=\"twitter:label1\" content=\"Ber\u00e4knad l\u00e4stid\" \/>\n\t<meta name=\"twitter:data1\" content=\"5 minuter\" \/>\n<script type=\"application\/ld+json\" class=\"yoast-schema-graph\">{\"@context\":\"https:\/\/schema.org\",\"@graph\":[{\"@type\":\"WebPage\",\"@id\":\"https:\/\/inzain.bike\/nb\/pyr24-cykling\/\",\"url\":\"https:\/\/inzain.bike\/nb\/pyr24-cykling\/\",\"name\":\"Pyreneerna Cykling - INZAIN Cycling EXPERIENCES\",\"isPartOf\":{\"@id\":\"https:\/\/inzain.bike\/fr_be\/#website\"},\"primaryImageOfPage\":{\"@id\":\"https:\/\/inzain.bike\/nb\/pyr24-cykling\/#primaryimage\"},\"image\":{\"@id\":\"https:\/\/inzain.bike\/nb\/pyr24-cykling\/#primaryimage\"},\"thumbnailUrl\":\"https:\/\/inzain.bike\/wp-content\/uploads\/2023\/11\/IMG_9915.jpg\",\"datePublished\":\"2023-11-21T17:36:03+00:00\",\"dateModified\":\"2023-11-21T17:36:06+00:00\",\"breadcrumb\":{\"@id\":\"https:\/\/inzain.bike\/nb\/pyr24-cykling\/#breadcrumb\"},\"inLanguage\":\"sv-SE\",\"potentialAction\":[{\"@type\":\"ReadAction\",\"target\":[\"https:\/\/inzain.bike\/nb\/pyr24-cykling\/\"]}]},{\"@type\":\"ImageObject\",\"inLanguage\":\"sv-SE\",\"@id\":\"https:\/\/inzain.bike\/nb\/pyr24-cykling\/#primaryimage\",\"url\":\"https:\/\/inzain.bike\/wp-content\/uploads\/2023\/11\/IMG_9915.jpg\",\"contentUrl\":\"https:\/\/inzain.bike\/wp-content\/uploads\/2023\/11\/IMG_9915.jpg\"},{\"@type\":\"BreadcrumbList\",\"@id\":\"https:\/\/inzain.bike\/nb\/pyr24-cykling\/#breadcrumb\",\"itemListElement\":[{\"@type\":\"ListItem\",\"position\":1,\"name\":\"Hem\",\"item\":\"https:\/\/inzain.bike\/fr_be\/\"},{\"@type\":\"ListItem\",\"position\":2,\"name\":\"Pyreneerna Cykling\"}]},{\"@type\":\"WebSite\",\"@id\":\"https:\/\/inzain.bike\/fr_be\/#website\",\"url\":\"https:\/\/inzain.bike\/fr_be\/\",\"name\":\"INZAIN Cycling EXPERIENCES\",\"description\":\"Cyckling Adventures  - for everyone\",\"publisher\":{\"@id\":\"https:\/\/inzain.bike\/fr_be\/#organization\"},\"alternateName\":\"INZAIN Gravel & Travel\",\"potentialAction\":[{\"@type\":\"SearchAction\",\"target\":{\"@type\":\"EntryPoint\",\"urlTemplate\":\"https:\/\/inzain.bike\/fr_be\/?s={search_term_string}\"},\"query-input\":{\"@type\":\"PropertyValueSpecification\",\"valueRequired\":true,\"valueName\":\"search_term_string\"}}],\"inLanguage\":\"sv-SE\"},{\"@type\":\"Organization\",\"@id\":\"https:\/\/inzain.bike\/fr_be\/#organization\",\"name\":\"INZAIN Cycling EXPERIENCES\",\"url\":\"https:\/\/inzain.bike\/fr_be\/\",\"logo\":{\"@type\":\"ImageObject\",\"inLanguage\":\"sv-SE\",\"@id\":\"https:\/\/inzain.bike\/fr_be\/#\/schema\/logo\/image\/\",\"url\":\"https:\/\/i0.wp.com\/inzain.bike\/wp-content\/uploads\/2023\/09\/cropped-INZAIN_512x512_white.png?fit=512%2C512&ssl=1\",\"contentUrl\":\"https:\/\/i0.wp.com\/inzain.bike\/wp-content\/uploads\/2023\/09\/cropped-INZAIN_512x512_white.png?fit=512%2C512&ssl=1\",\"width\":512,\"height\":512,\"caption\":\"INZAIN Cycling EXPERIENCES\"},\"image\":{\"@id\":\"https:\/\/inzain.bike\/fr_be\/#\/schema\/logo\/image\/\"},\"sameAs\":[\"https:\/\/www.facebook.com\/Inzain.bike\",\"https:\/\/www.instagram.com\/inzainbike\"]}]}<\/script>\n<!-- \/ Yoast SEO plugin. -->","yoast_head_json":{"title":"Pyreneerna Cykling - INZAIN Cycling EXPERIENCES","robots":{"index":"index","follow":"follow","max-snippet":"max-snippet:-1","max-image-preview":"max-image-preview:large","max-video-preview":"max-video-preview:-1"},"canonical":"https:\/\/inzain.bike\/sv_se\/pyr24-cykling\/","og_locale":"sv_SE","og_type":"article","og_title":"Pyreneerna Cykling - INZAIN Cycling EXPERIENCES","og_description":"Cyklingen \u00f6ver denna bergskedja \u00e4r v\u00e5r riktiga klassiker och stora m\u00e5l varje \u00e5r. F\u00f6r att beskriva turen med ett ord f\u00e5r det bli vildmark. Och det g\u00f6r detta omr\u00e5de unikt d\u00e5 det \u00e4r det enda i hela Europa som kan kalla sig det. P\u00e5 m\u00e5nga st\u00e4llen \u00e4r vi helt ensamma med v\u00e5ra cyklar och lugna [&hellip;]","og_url":"https:\/\/inzain.bike\/sv_se\/pyr24-cykling\/","og_site_name":"INZAIN Cycling EXPERIENCES","article_publisher":"https:\/\/www.facebook.com\/Inzain.bike","article_modified_time":"2023-11-21T17:36:06+00:00","og_image":[{"url":"https:\/\/inzain.bike\/wp-content\/uploads\/2023\/11\/IMG_9915.jpg","type":"","width":"","height":""}],"twitter_card":"summary_large_image","twitter_misc":{"Ber\u00e4knad l\u00e4stid":"5 minuter"},"schema":{"@context":"https:\/\/schema.org","@graph":[{"@type":"WebPage","@id":"https:\/\/inzain.bike\/nb\/pyr24-cykling\/","url":"https:\/\/inzain.bike\/nb\/pyr24-cykling\/","name":"Pyreneerna Cykling - INZAIN Cycling EXPERIENCES","isPartOf":{"@id":"https:\/\/inzain.bike\/fr_be\/#website"},"primaryImageOfPage":{"@id":"https:\/\/inzain.bike\/nb\/pyr24-cykling\/#primaryimage"},"image":{"@id":"https:\/\/inzain.bike\/nb\/pyr24-cykling\/#primaryimage"},"thumbnailUrl":"https:\/\/inzain.bike\/wp-content\/uploads\/2023\/11\/IMG_9915.jpg","datePublished":"2023-11-21T17:36:03+00:00","dateModified":"2023-11-21T17:36:06+00:00","breadcrumb":{"@id":"https:\/\/inzain.bike\/nb\/pyr24-cykling\/#breadcrumb"},"inLanguage":"sv-SE","potentialAction":[{"@type":"ReadAction","target":["https:\/\/inzain.bike\/nb\/pyr24-cykling\/"]}]},{"@type":"ImageObject","inLanguage":"sv-SE","@id":"https:\/\/inzain.bike\/nb\/pyr24-cykling\/#primaryimage","url":"https:\/\/inzain.bike\/wp-content\/uploads\/2023\/11\/IMG_9915.jpg","contentUrl":"https:\/\/inzain.bike\/wp-content\/uploads\/2023\/11\/IMG_9915.jpg"},{"@type":"BreadcrumbList","@id":"https:\/\/inzain.bike\/nb\/pyr24-cykling\/#breadcrumb","itemListElement":[{"@type":"ListItem","position":1,"name":"Hem","item":"https:\/\/inzain.bike\/fr_be\/"},{"@type":"ListItem","position":2,"name":"Pyreneerna Cykling"}]},{"@type":"WebSite","@id":"https:\/\/inzain.bike\/fr_be\/#website","url":"https:\/\/inzain.bike\/fr_be\/","name":"INZAIN Cycling EXPERIENCES","description":"Cyckling Adventures  - for everyone","publisher":{"@id":"https:\/\/inzain.bike\/fr_be\/#organization"},"alternateName":"INZAIN Gravel & Travel","potentialAction":[{"@type":"SearchAction","target":{"@type":"EntryPoint","urlTemplate":"https:\/\/inzain.bike\/fr_be\/?s={search_term_string}"},"query-input":{"@type":"PropertyValueSpecification","valueRequired":true,"valueName":"search_term_string"}}],"inLanguage":"sv-SE"},{"@type":"Organization","@id":"https:\/\/inzain.bike\/fr_be\/#organization","name":"INZAIN Cycling EXPERIENCES","url":"https:\/\/inzain.bike\/fr_be\/","logo":{"@type":"ImageObject","inLanguage":"sv-SE","@id":"https:\/\/inzain.bike\/fr_be\/#\/schema\/logo\/image\/","url":"https:\/\/i0.wp.com\/inzain.bike\/wp-content\/uploads\/2023\/09\/cropped-INZAIN_512x512_white.png?fit=512%2C512&ssl=1","contentUrl":"https:\/\/i0.wp.com\/inzain.bike\/wp-content\/uploads\/2023\/09\/cropped-INZAIN_512x512_white.png?fit=512%2C512&ssl=1","width":512,"height":512,"caption":"INZAIN Cycling EXPERIENCES"},"image":{"@id":"https:\/\/inzain.bike\/fr_be\/#\/schema\/logo\/image\/"},"sameAs":["https:\/\/www.facebook.com\/Inzain.bike","https:\/\/www.instagram.com\/inzainbike"]}]}},"amp_enabled":true,"_links":{"self":[{"href":"https:\/\/inzain.bike\/sv_se\/wp-json\/wp\/v2\/pages\/5066","targetHints":{"allow":["GET"]}}],"collection":[{"href":"https:\/\/inzain.bike\/sv_se\/wp-json\/wp\/v2\/pages"}],"about":[{"href":"https:\/\/inzain.bike\/sv_se\/wp-json\/wp\/v2\/types\/page"}],"author":[{"embeddable":true,"href":"https:\/\/inzain.bike\/sv_se\/wp-json\/wp\/v2\/users\/203917874"}],"replies":[{"embeddable":true,"href":"https:\/\/inzain.bike\/sv_se\/wp-json\/wp\/v2\/comments?post=5066"}],"version-history":[{"count":0,"href":"https:\/\/inzain.bike\/sv_se\/wp-json\/wp\/v2\/pages\/5066\/revisions"}],"wp:attachment":[{"href":"https:\/\/inzain.bike\/sv_se\/wp-json\/wp\/v2\/media?parent=5066"}],"curies":[{"name":"wp","href":"https:\/\/api.w.org\/{rel}","templated":true}]}}