{"id":5141,"date":"2023-11-11T20:44:22","date_gmt":"2023-11-11T19:44:22","guid":{"rendered":"https:\/\/inzain.bike\/?page_id=5141"},"modified":"2026-01-12T12:10:37","modified_gmt":"2026-01-12T11:10:37","slug":"gir24-girona","status":"publish","type":"page","link":"https:\/\/inzain.bike\/sv_se\/gir24-girona\/","title":{"rendered":"Om Girona"},"content":{"rendered":"\n<div class=\"wp-block-columns alignwide is-layout-flex wp-container-core-columns-is-layout-28f84493 wp-block-columns-is-layout-flex\">\n<div class=\"wp-block-column is-layout-flow wp-block-column-is-layout-flow\">\n<p>Girona ligger vid en flod nio mil norr om Barcelona och \u00e4r ett lugnt resm\u00e5l med en medeltida stadsk\u00e4rna. H\u00e4r f\u00e5r du smala gr\u00e4nder, mysiga restauranger och arabiska bad. Missa inte den m\u00e4ktiga katedralen som har stadens b\u00e4sta utsikt.<\/p>\n\n\n\n<p>Om du gillar Game of Thrones s\u00e5 finns den ber\u00f6mda trappan h\u00e4r.<br><\/p>\n\n\n\n<p>Den majest\u00e4tiska barockkatedralen Santa Maria mitt i staden l\u00e4mpar sig utm\u00e4rkt som startpunkt f\u00f6r en sightseeing. Katedralens museum har \u00f6ppet mellan klockan 10.00 till 20.00 och \u00e4r gratis att bes\u00f6ka p\u00e5 s\u00f6ndagar. \u00d6vriga dagar kostar entr\u00e9n 5 euro.<\/p>\n\n\n\n<p>En annan arkitektisk sev\u00e4rdhet \u00e4r den gotiska kyrkan Sant Feliu med sin 1700-talsfasad. Kyrkans kapell \u00e4r dedikerat till biskopen sankt Narcissus.<\/p>\n\n\n\n<p>Girona b\u00e4r inte bara sp\u00e5r fr\u00e5n romartiden. Staden har en rik judisk historia som delvis fortfarande syns i dag. Man har funnit rester av vad som visade sig vara en s\u00e5 kallad yeshiva, det vill s\u00e4ga en judisk skola f\u00f6r studier av torans skrifter. Bland stadens alla museum finns ocks\u00e5 ett judiskt. Turister kan k\u00f6pa det s\u00e5 kallade M5-kortet vilket ger tilltr\u00e4de till fem museer i Girona. Kortet k\u00f6ps p\u00e5 det f\u00f6rsta museet du bes\u00f6ker och \u00e4r giltigt i sex m\u00e5nader.<\/p>\n\n\n\n<figure class=\"wp-block-image size-large\"><img loading=\"lazy\" decoding=\"async\" width=\"768\" height=\"1024\" src=\"https:\/\/inzain.bike\/wp-content\/uploads\/2023\/11\/344287960_920088915984556_5814484605622838402_n-768x1024.jpg\" alt=\"\" class=\"wp-image-5351\" srcset=\"https:\/\/inzain.bike\/wp-content\/uploads\/2023\/11\/344287960_920088915984556_5814484605622838402_n-768x1024.jpg 768w, https:\/\/inzain.bike\/wp-content\/uploads\/2023\/11\/344287960_920088915984556_5814484605622838402_n-225x300.jpg 225w, https:\/\/inzain.bike\/wp-content\/uploads\/2023\/11\/344287960_920088915984556_5814484605622838402_n-1152x1536.jpg 1152w, https:\/\/inzain.bike\/wp-content\/uploads\/2023\/11\/344287960_920088915984556_5814484605622838402_n-1536x2048.jpg 1536w, https:\/\/inzain.bike\/wp-content\/uploads\/2023\/11\/344287960_920088915984556_5814484605622838402_n-9x12.jpg 9w, https:\/\/inzain.bike\/wp-content\/uploads\/2023\/11\/344287960_920088915984556_5814484605622838402_n-1320x1760.jpg 1320w, https:\/\/inzain.bike\/wp-content\/uploads\/2023\/11\/344287960_920088915984556_5814484605622838402_n-600x800.jpg 600w, https:\/\/inzain.bike\/wp-content\/uploads\/2023\/11\/344287960_920088915984556_5814484605622838402_n-scaled.jpg 1920w\" sizes=\"auto, (max-width: 768px) 100vw, 768px\" \/><\/figure>\n<\/div>\n<\/div>\n\n\n\n<div class=\"wp-block-columns alignwide is-layout-flex wp-container-core-columns-is-layout-28f84493 wp-block-columns-is-layout-flex\">\n<div class=\"wp-block-column is-layout-flow wp-block-column-is-layout-flow\">\n<figure class=\"wp-block-image size-large\"><img loading=\"lazy\" decoding=\"async\" width=\"1024\" height=\"768\" src=\"https:\/\/inzain.bike\/wp-content\/uploads\/2023\/11\/20230506_150136-1024x768.jpg\" alt=\"\" class=\"wp-image-5354\" srcset=\"https:\/\/inzain.bike\/wp-content\/uploads\/2023\/11\/20230506_150136-1024x768.jpg 1024w, https:\/\/inzain.bike\/wp-content\/uploads\/2023\/11\/20230506_150136-300x225.jpg 300w, https:\/\/inzain.bike\/wp-content\/uploads\/2023\/11\/20230506_150136-768x576.jpg 768w, https:\/\/inzain.bike\/wp-content\/uploads\/2023\/11\/20230506_150136-1536x1152.jpg 1536w, https:\/\/inzain.bike\/wp-content\/uploads\/2023\/11\/20230506_150136-2048x1536.jpg 2048w, https:\/\/inzain.bike\/wp-content\/uploads\/2023\/11\/20230506_150136-16x12.jpg 16w, https:\/\/inzain.bike\/wp-content\/uploads\/2023\/11\/20230506_150136-1320x990.jpg 1320w, https:\/\/inzain.bike\/wp-content\/uploads\/2023\/11\/20230506_150136-600x450.jpg 600w\" sizes=\"auto, (max-width: 1024px) 100vw, 1024px\" \/><\/figure>\n<\/div>\n\n\n\n<div class=\"wp-block-column is-layout-flow wp-block-column-is-layout-flow\">\n<p>Girona \u00e4r fyllt av fina caf\u00e9er och restauranger. Att det \u00e4r en cykelstad kan man inte missa. Massor med cyklister, cyklar. M\u00e5nga proffslag tr\u00e4nar h\u00e4r.<br><br><\/p>\n<\/div>\n<\/div>\n","protected":false},"excerpt":{"rendered":"<p>Girona ligger vid en flod nio mil norr om Barcelona och \u00e4r ett lugnt resm\u00e5l med en medeltida stadsk\u00e4rna. H\u00e4r f\u00e5r du smala gr\u00e4nder, mysiga restauranger och arabiska bad. Missa inte den m\u00e4ktiga katedralen som har stadens b\u00e4sta utsikt. Om du gillar Game of Thrones s\u00e5 finns den ber\u00f6mda trappan h\u00e4r. Den majest\u00e4tiska barockkatedralen Santa [&hellip;]<\/p>\n","protected":false},"author":135133094,"featured_media":0,"parent":0,"menu_order":0,"comment_status":"closed","ping_status":"closed","template":"","meta":{"_coblocks_attr":"","_coblocks_dimensions":"","_coblocks_responsive_height":"","_coblocks_accordion_ie_support":"","footnotes":""},"class_list":["post-5141","page","type-page","status-publish","hentry"],"yoast_head":"<!-- This site is optimized with the Yoast SEO plugin v27.2 - https:\/\/yoast.com\/product\/yoast-seo-wordpress\/ -->\n<title>Om Girona - INZAIN Cycling EXPERIENCES<\/title>\n<meta name=\"robots\" content=\"index, follow, max-snippet:-1, max-image-preview:large, max-video-preview:-1\" \/>\n<link rel=\"canonical\" href=\"https:\/\/inzain.bike\/sv_se\/gir24-girona\/\" \/>\n<meta property=\"og:locale\" content=\"sv_SE\" \/>\n<meta property=\"og:type\" content=\"article\" \/>\n<meta property=\"og:title\" content=\"Om Girona - INZAIN Cycling EXPERIENCES\" \/>\n<meta property=\"og:description\" content=\"Girona ligger vid en flod nio mil norr om Barcelona och \u00e4r ett lugnt resm\u00e5l med en medeltida stadsk\u00e4rna. H\u00e4r f\u00e5r du smala gr\u00e4nder, mysiga restauranger och arabiska bad. Missa inte den m\u00e4ktiga katedralen som har stadens b\u00e4sta utsikt. Om du gillar Game of Thrones s\u00e5 finns den ber\u00f6mda trappan h\u00e4r. Den majest\u00e4tiska barockkatedralen Santa [&hellip;]\" \/>\n<meta property=\"og:url\" content=\"https:\/\/inzain.bike\/sv_se\/gir24-girona\/\" \/>\n<meta property=\"og:site_name\" content=\"INZAIN Cycling EXPERIENCES\" \/>\n<meta property=\"article:publisher\" content=\"https:\/\/www.facebook.com\/Inzain.bike\" \/>\n<meta property=\"article:modified_time\" content=\"2026-01-12T11:10:37+00:00\" \/>\n<meta property=\"og:image\" content=\"https:\/\/inzain.bike\/wp-content\/uploads\/2023\/11\/344287960_920088915984556_5814484605622838402_n-scaled.jpg\" \/>\n\t<meta property=\"og:image:width\" content=\"1920\" \/>\n\t<meta property=\"og:image:height\" content=\"2560\" \/>\n\t<meta property=\"og:image:type\" content=\"image\/jpeg\" \/>\n<meta name=\"twitter:card\" content=\"summary_large_image\" \/>\n<meta name=\"twitter:label1\" content=\"Ber\u00e4knad l\u00e4stid\" \/>\n\t<meta name=\"twitter:data1\" content=\"2 minuter\" \/>\n<script type=\"application\/ld+json\" class=\"yoast-schema-graph\">{\"@context\":\"https:\/\/schema.org\",\"@graph\":[{\"@type\":\"WebPage\",\"@id\":\"https:\/\/inzain.bike\/gir24-girona\/\",\"url\":\"https:\/\/inzain.bike\/gir24-girona\/\",\"name\":\"Om Girona - INZAIN Cycling EXPERIENCES\",\"isPartOf\":{\"@id\":\"https:\/\/inzain.bike\/fr_be\/#website\"},\"primaryImageOfPage\":{\"@id\":\"https:\/\/inzain.bike\/gir24-girona\/#primaryimage\"},\"image\":{\"@id\":\"https:\/\/inzain.bike\/gir24-girona\/#primaryimage\"},\"thumbnailUrl\":\"https:\/\/inzain.bike\/wp-content\/uploads\/2023\/11\/344287960_920088915984556_5814484605622838402_n-768x1024.jpg\",\"datePublished\":\"2023-11-11T19:44:22+00:00\",\"dateModified\":\"2026-01-12T11:10:37+00:00\",\"breadcrumb\":{\"@id\":\"https:\/\/inzain.bike\/gir24-girona\/#breadcrumb\"},\"inLanguage\":\"sv-SE\",\"potentialAction\":[{\"@type\":\"ReadAction\",\"target\":[\"https:\/\/inzain.bike\/gir24-girona\/\"]}]},{\"@type\":\"ImageObject\",\"inLanguage\":\"sv-SE\",\"@id\":\"https:\/\/inzain.bike\/gir24-girona\/#primaryimage\",\"url\":\"https:\/\/inzain.bike\/wp-content\/uploads\/2023\/11\/344287960_920088915984556_5814484605622838402_n-768x1024.jpg\",\"contentUrl\":\"https:\/\/inzain.bike\/wp-content\/uploads\/2023\/11\/344287960_920088915984556_5814484605622838402_n-768x1024.jpg\"},{\"@type\":\"BreadcrumbList\",\"@id\":\"https:\/\/inzain.bike\/gir24-girona\/#breadcrumb\",\"itemListElement\":[{\"@type\":\"ListItem\",\"position\":1,\"name\":\"Hem\",\"item\":\"https:\/\/inzain.bike\/fr_be\/\"},{\"@type\":\"ListItem\",\"position\":2,\"name\":\"Om Girona\"}]},{\"@type\":\"WebSite\",\"@id\":\"https:\/\/inzain.bike\/fr_be\/#website\",\"url\":\"https:\/\/inzain.bike\/fr_be\/\",\"name\":\"INZAIN Cycling EXPERIENCES\",\"description\":\"Cyckling Adventures  - for everyone\",\"publisher\":{\"@id\":\"https:\/\/inzain.bike\/fr_be\/#organization\"},\"alternateName\":\"INZAIN Gravel & Travel\",\"potentialAction\":[{\"@type\":\"SearchAction\",\"target\":{\"@type\":\"EntryPoint\",\"urlTemplate\":\"https:\/\/inzain.bike\/fr_be\/?s={search_term_string}\"},\"query-input\":{\"@type\":\"PropertyValueSpecification\",\"valueRequired\":true,\"valueName\":\"search_term_string\"}}],\"inLanguage\":\"sv-SE\"},{\"@type\":\"Organization\",\"@id\":\"https:\/\/inzain.bike\/fr_be\/#organization\",\"name\":\"INZAIN Cycling EXPERIENCES\",\"url\":\"https:\/\/inzain.bike\/fr_be\/\",\"logo\":{\"@type\":\"ImageObject\",\"inLanguage\":\"sv-SE\",\"@id\":\"https:\/\/inzain.bike\/fr_be\/#\/schema\/logo\/image\/\",\"url\":\"https:\/\/i0.wp.com\/inzain.bike\/wp-content\/uploads\/2023\/09\/cropped-INZAIN_512x512_white.png?fit=512%2C512&ssl=1\",\"contentUrl\":\"https:\/\/i0.wp.com\/inzain.bike\/wp-content\/uploads\/2023\/09\/cropped-INZAIN_512x512_white.png?fit=512%2C512&ssl=1\",\"width\":512,\"height\":512,\"caption\":\"INZAIN Cycling EXPERIENCES\"},\"image\":{\"@id\":\"https:\/\/inzain.bike\/fr_be\/#\/schema\/logo\/image\/\"},\"sameAs\":[\"https:\/\/www.facebook.com\/Inzain.bike\",\"https:\/\/www.instagram.com\/inzainbike\"]}]}<\/script>\n<!-- \/ Yoast SEO plugin. -->","yoast_head_json":{"title":"Om Girona - INZAIN Cycling EXPERIENCES","robots":{"index":"index","follow":"follow","max-snippet":"max-snippet:-1","max-image-preview":"max-image-preview:large","max-video-preview":"max-video-preview:-1"},"canonical":"https:\/\/inzain.bike\/sv_se\/gir24-girona\/","og_locale":"sv_SE","og_type":"article","og_title":"Om Girona - INZAIN Cycling EXPERIENCES","og_description":"Girona ligger vid en flod nio mil norr om Barcelona och \u00e4r ett lugnt resm\u00e5l med en medeltida stadsk\u00e4rna. H\u00e4r f\u00e5r du smala gr\u00e4nder, mysiga restauranger och arabiska bad. Missa inte den m\u00e4ktiga katedralen som har stadens b\u00e4sta utsikt. Om du gillar Game of Thrones s\u00e5 finns den ber\u00f6mda trappan h\u00e4r. Den majest\u00e4tiska barockkatedralen Santa [&hellip;]","og_url":"https:\/\/inzain.bike\/sv_se\/gir24-girona\/","og_site_name":"INZAIN Cycling EXPERIENCES","article_publisher":"https:\/\/www.facebook.com\/Inzain.bike","article_modified_time":"2026-01-12T11:10:37+00:00","og_image":[{"width":1920,"height":2560,"url":"https:\/\/inzain.bike\/wp-content\/uploads\/2023\/11\/344287960_920088915984556_5814484605622838402_n-scaled.jpg","type":"image\/jpeg"}],"twitter_card":"summary_large_image","twitter_misc":{"Ber\u00e4knad l\u00e4stid":"2 minuter"},"schema":{"@context":"https:\/\/schema.org","@graph":[{"@type":"WebPage","@id":"https:\/\/inzain.bike\/gir24-girona\/","url":"https:\/\/inzain.bike\/gir24-girona\/","name":"Om Girona - INZAIN Cycling EXPERIENCES","isPartOf":{"@id":"https:\/\/inzain.bike\/fr_be\/#website"},"primaryImageOfPage":{"@id":"https:\/\/inzain.bike\/gir24-girona\/#primaryimage"},"image":{"@id":"https:\/\/inzain.bike\/gir24-girona\/#primaryimage"},"thumbnailUrl":"https:\/\/inzain.bike\/wp-content\/uploads\/2023\/11\/344287960_920088915984556_5814484605622838402_n-768x1024.jpg","datePublished":"2023-11-11T19:44:22+00:00","dateModified":"2026-01-12T11:10:37+00:00","breadcrumb":{"@id":"https:\/\/inzain.bike\/gir24-girona\/#breadcrumb"},"inLanguage":"sv-SE","potentialAction":[{"@type":"ReadAction","target":["https:\/\/inzain.bike\/gir24-girona\/"]}]},{"@type":"ImageObject","inLanguage":"sv-SE","@id":"https:\/\/inzain.bike\/gir24-girona\/#primaryimage","url":"https:\/\/inzain.bike\/wp-content\/uploads\/2023\/11\/344287960_920088915984556_5814484605622838402_n-768x1024.jpg","contentUrl":"https:\/\/inzain.bike\/wp-content\/uploads\/2023\/11\/344287960_920088915984556_5814484605622838402_n-768x1024.jpg"},{"@type":"BreadcrumbList","@id":"https:\/\/inzain.bike\/gir24-girona\/#breadcrumb","itemListElement":[{"@type":"ListItem","position":1,"name":"Hem","item":"https:\/\/inzain.bike\/fr_be\/"},{"@type":"ListItem","position":2,"name":"Om Girona"}]},{"@type":"WebSite","@id":"https:\/\/inzain.bike\/fr_be\/#website","url":"https:\/\/inzain.bike\/fr_be\/","name":"INZAIN Cycling EXPERIENCES","description":"Cyckling Adventures  - for everyone","publisher":{"@id":"https:\/\/inzain.bike\/fr_be\/#organization"},"alternateName":"INZAIN Gravel & Travel","potentialAction":[{"@type":"SearchAction","target":{"@type":"EntryPoint","urlTemplate":"https:\/\/inzain.bike\/fr_be\/?s={search_term_string}"},"query-input":{"@type":"PropertyValueSpecification","valueRequired":true,"valueName":"search_term_string"}}],"inLanguage":"sv-SE"},{"@type":"Organization","@id":"https:\/\/inzain.bike\/fr_be\/#organization","name":"INZAIN Cycling EXPERIENCES","url":"https:\/\/inzain.bike\/fr_be\/","logo":{"@type":"ImageObject","inLanguage":"sv-SE","@id":"https:\/\/inzain.bike\/fr_be\/#\/schema\/logo\/image\/","url":"https:\/\/i0.wp.com\/inzain.bike\/wp-content\/uploads\/2023\/09\/cropped-INZAIN_512x512_white.png?fit=512%2C512&ssl=1","contentUrl":"https:\/\/i0.wp.com\/inzain.bike\/wp-content\/uploads\/2023\/09\/cropped-INZAIN_512x512_white.png?fit=512%2C512&ssl=1","width":512,"height":512,"caption":"INZAIN Cycling EXPERIENCES"},"image":{"@id":"https:\/\/inzain.bike\/fr_be\/#\/schema\/logo\/image\/"},"sameAs":["https:\/\/www.facebook.com\/Inzain.bike","https:\/\/www.instagram.com\/inzainbike"]}]}},"amp_enabled":true,"_links":{"self":[{"href":"https:\/\/inzain.bike\/sv_se\/wp-json\/wp\/v2\/pages\/5141","targetHints":{"allow":["GET"]}}],"collection":[{"href":"https:\/\/inzain.bike\/sv_se\/wp-json\/wp\/v2\/pages"}],"about":[{"href":"https:\/\/inzain.bike\/sv_se\/wp-json\/wp\/v2\/types\/page"}],"author":[{"embeddable":true,"href":"https:\/\/inzain.bike\/sv_se\/wp-json\/wp\/v2\/users\/135133094"}],"replies":[{"embeddable":true,"href":"https:\/\/inzain.bike\/sv_se\/wp-json\/wp\/v2\/comments?post=5141"}],"version-history":[{"count":1,"href":"https:\/\/inzain.bike\/sv_se\/wp-json\/wp\/v2\/pages\/5141\/revisions"}],"predecessor-version":[{"id":9055,"href":"https:\/\/inzain.bike\/sv_se\/wp-json\/wp\/v2\/pages\/5141\/revisions\/9055"}],"wp:attachment":[{"href":"https:\/\/inzain.bike\/sv_se\/wp-json\/wp\/v2\/media?parent=5141"}],"curies":[{"name":"wp","href":"https:\/\/api.w.org\/{rel}","templated":true}]}}