{"id":5442,"date":"2023-11-17T12:29:52","date_gmt":"2023-11-17T11:29:52","guid":{"rendered":"https:\/\/inzain.bike\/?page_id=5442"},"modified":"2024-12-07T12:48:18","modified_gmt":"2024-12-07T11:48:18","slug":"mal25_mallorca","status":"publish","type":"page","link":"https:\/\/inzain.bike\/sv_se\/mal25_mallorca\/","title":{"rendered":"Om Mallorca"},"content":{"rendered":"\n<div class=\"wp-block-columns alignwide is-layout-flex wp-container-core-columns-is-layout-28f84493 wp-block-columns-is-layout-flex\">\n<div class=\"wp-block-column is-layout-flow wp-block-column-is-layout-flow\">\n<p><strong>Mallorca har ett mycket varierande landskap, med h\u00f6ga bergstoppar, stora sl\u00e4tter och l\u00e5nga str\u00e4nder<\/strong>. I Tramuntanabergen (Sierra de Tramuntana) ligger \u00f6ns h\u00f6gsta bergstopp Puig Major, 1 436 m \u00f6 h. <\/p>\n\n\n\n<p>\u00d6n har allt man kan \u00f6nska sig! Sol, str\u00e4nder, utflykter, golfbanor, vandrings- och cykelleder, nattliv, kultur, shopping, m.m. <\/p>\n\n\n\n<p>Den \u00e4r den st\u00f6rsta av \u00f6arna i \u00f6gruppen Balearerna som ligger i v\u00e4stra delen av Medelhavet och tillh\u00f6r Spanien. De \u00f6vriga \u00f6arna i gruppen \u00e4r Menorca, Ibiza och Formentera. Mallorca \u00e4r till ytan n\u00e5got st\u00f6rre \u00e4n Gotland och \u00e4r cirka 10 x 8 mil.<\/p>\n\n\n\n<p>Huvuddelen av \u00f6ns befolkning, omkring 70 % lever p\u00e5 turism, ca 20 % p\u00e5 jordbruk och de resterande p\u00e5 industrin som till st\u00f6rsta delen handlar om glas, keramik och m\u00f6bler.<\/p>\n\n\n\n<p>Mallorca \u00e4r ett av Europas mest popul\u00e4ra resm\u00e5l och fler \u00e4n 10 g\u00e5nger s\u00e5 m\u00e5nga turister som bofasta finns p\u00e5 \u00f6n varje \u00e5r. Bes\u00f6karna kommer&nbsp; fr\u00e5n hela v\u00e4rlden men naturligtvis huvudsakligen fr\u00e5n Europa. De stora grupperna av turister kommer fr\u00e5n Tyskland, England och Skandinavien samt fr\u00e5n fastlandet varifr\u00e5n m\u00e5nga spanjorer ocks\u00e5 g\u00e4rna bes\u00f6ker Mallorca.<\/p>\n\n\n\n<p><br><\/p>\n\n\n\n<div class=\"wp-block-jetpack-tiled-gallery aligncenter is-style-rectangular\"><div class=\"tiled-gallery__gallery\"><div class=\"tiled-gallery__row\"><div class=\"tiled-gallery__col\" style=\"flex-basis:44.53880%\"><figure class=\"tiled-gallery__item\"><img decoding=\"async\" alt=\"\" data-height=\"933\" data-id=\"5446\" data-link=\"https:\/\/inzain.bike\/mal24_mallorca\/mallorca_en-us\/\" data-url=\"https:\/\/inzain.bike\/wp-content\/uploads\/2023\/11\/mallorca_en-US-1024x682.png\" data-width=\"1400\" src=\"https:\/\/i2.wp.com\/inzain.bike\/wp-content\/uploads\/2023\/11\/mallorca_en-US-1024x682.png?ssl=1\" data-amp-layout=\"responsive\"\/><\/figure><figure class=\"tiled-gallery__item\"><img decoding=\"async\" alt=\"\" data-height=\"630\" data-id=\"5447\" data-link=\"https:\/\/inzain.bike\/mal24_mallorca\/mallorca-unsplash\/\" data-url=\"https:\/\/inzain.bike\/wp-content\/uploads\/2023\/11\/mallorca-unsplash-1024x538.jpg\" data-width=\"1200\" src=\"https:\/\/i2.wp.com\/inzain.bike\/wp-content\/uploads\/2023\/11\/mallorca-unsplash-1024x538.jpg?ssl=1\" data-amp-layout=\"responsive\"\/><\/figure><figure class=\"tiled-gallery__item\"><img decoding=\"async\" alt=\"\" data-height=\"183\" data-id=\"5448\" data-link=\"https:\/\/inzain.bike\/mal24_mallorca\/nedladdning-2\/\" data-url=\"https:\/\/inzain.bike\/wp-content\/uploads\/2023\/11\/nedladdning.jpg\" data-width=\"275\" src=\"https:\/\/i1.wp.com\/inzain.bike\/wp-content\/uploads\/2023\/11\/nedladdning.jpg?ssl=1\" data-amp-layout=\"responsive\"\/><\/figure><\/div><div class=\"tiled-gallery__col\" style=\"flex-basis:55.46120%\"><figure class=\"tiled-gallery__item\"><img decoding=\"async\" alt=\"\" data-height=\"5752\" data-id=\"5449\" data-link=\"https:\/\/inzain.bike\/mal24_mallorca\/pexels-ira-11741465\/\" data-url=\"https:\/\/inzain.bike\/wp-content\/uploads\/2023\/11\/pexels-ira-11741465-683x1024.jpg\" data-width=\"3835\" src=\"https:\/\/i0.wp.com\/inzain.bike\/wp-content\/uploads\/2023\/11\/pexels-ira-11741465-683x1024.jpg?ssl=1\" data-amp-layout=\"responsive\"\/><\/figure><\/div><\/div><div class=\"tiled-gallery__row\"><div class=\"tiled-gallery__col\" style=\"flex-basis:64.97033%\"><figure class=\"tiled-gallery__item\"><img decoding=\"async\" alt=\"\" data-height=\"2374\" data-id=\"5451\" data-link=\"https:\/\/inzain.bike\/mal24_mallorca\/pexels-mali-maeder-42093\/\" data-url=\"https:\/\/inzain.bike\/wp-content\/uploads\/2023\/11\/pexels-mali-maeder-42093-1024x680.jpg\" data-width=\"3574\" src=\"https:\/\/i2.wp.com\/inzain.bike\/wp-content\/uploads\/2023\/11\/pexels-mali-maeder-42093-1024x680.jpg?ssl=1\" data-amp-layout=\"responsive\"\/><\/figure><\/div><div class=\"tiled-gallery__col\" style=\"flex-basis:35.02967%\"><figure class=\"tiled-gallery__item\"><img decoding=\"async\" alt=\"\" data-height=\"168\" data-id=\"5452\" data-link=\"https:\/\/inzain.bike\/mal24_mallorca\/sacalobra-2\/\" data-url=\"https:\/\/inzain.bike\/wp-content\/uploads\/2023\/11\/sacalobra.jpg\" data-width=\"300\" src=\"https:\/\/i2.wp.com\/inzain.bike\/wp-content\/uploads\/2023\/11\/sacalobra.jpg?ssl=1\" data-amp-layout=\"responsive\"\/><\/figure><figure class=\"tiled-gallery__item\"><img decoding=\"async\" alt=\"\" data-height=\"500\" data-id=\"5453\" data-link=\"https:\/\/inzain.bike\/mal24_mallorca\/small_climb2706pic9126-2\/\" data-url=\"https:\/\/inzain.bike\/wp-content\/uploads\/2023\/11\/small_climb2706pic9126.jpeg\" data-width=\"749\" src=\"https:\/\/i2.wp.com\/inzain.bike\/wp-content\/uploads\/2023\/11\/small_climb2706pic9126.jpeg?ssl=1\" data-amp-layout=\"responsive\"\/><\/figure><\/div><\/div><div class=\"tiled-gallery__row\"><div class=\"tiled-gallery__col\" style=\"flex-basis:100.00000%\"><figure class=\"tiled-gallery__item\"><img decoding=\"async\" alt=\"\" data-height=\"600\" data-id=\"5454\" data-link=\"https:\/\/inzain.bike\/mal24_mallorca\/vandreferie-paa-mallorca\/\" data-url=\"https:\/\/inzain.bike\/wp-content\/uploads\/2023\/11\/vandreferie-paa-mallorca-1024x576.jpg\" data-width=\"1067\" src=\"https:\/\/i1.wp.com\/inzain.bike\/wp-content\/uploads\/2023\/11\/vandreferie-paa-mallorca-1024x576.jpg?ssl=1\" data-amp-layout=\"responsive\"\/><\/figure><\/div><\/div><\/div><\/div>\n\n\n\n<p>Vid sidan av cyklingen finns det mycket att uppt\u00e4cka. En tur ner till Palma, som \u00e4r en livlig stad med en fantastisk strandpromenad som \u00e4r utm\u00e4rkt f\u00f6r lite stilla caf\u00e9-cykling.<br>MA-10, \u00e4r en v\u00e4g som ringlar sig runt i bergen, \u00e4r en sak att inte missa, varf\u00f6r inte hyra en bil och utforska den p\u00e5 violdagen.<\/p>\n\n\n\n<p>Fr\u00e5ga v\u00e5ra guider om du vill uppleva n\u00e5got s\u00e4rskilt s\u00e5 f\u00f6rs\u00f6ker vi ordna det p\u00e5 b\u00e4sta s\u00e4tt.<\/p>\n<\/div>\n<\/div>\n","protected":false},"excerpt":{"rendered":"<p>Mallorca har ett mycket varierande landskap, med h\u00f6ga bergstoppar, stora sl\u00e4tter och l\u00e5nga str\u00e4nder. I Tramuntanabergen (Sierra de Tramuntana) ligger \u00f6ns h\u00f6gsta bergstopp Puig Major, 1 436 m \u00f6 h. \u00d6n har allt man kan \u00f6nska sig! Sol, str\u00e4nder, utflykter, golfbanor, vandrings- och cykelleder, nattliv, kultur, shopping, m.m. Den \u00e4r den st\u00f6rsta av \u00f6arna i [&hellip;]<\/p>\n","protected":false},"author":135133094,"featured_media":0,"parent":0,"menu_order":0,"comment_status":"closed","ping_status":"closed","template":"","meta":{"_coblocks_attr":"","_coblocks_dimensions":"","_coblocks_responsive_height":"","_coblocks_accordion_ie_support":"","footnotes":""},"class_list":["post-5442","page","type-page","status-publish","hentry"],"yoast_head":"<!-- This site is optimized with the Yoast SEO plugin v27.2 - https:\/\/yoast.com\/product\/yoast-seo-wordpress\/ -->\n<title>Om Mallorca - INZAIN Cycling EXPERIENCES<\/title>\n<meta name=\"robots\" content=\"index, follow, max-snippet:-1, max-image-preview:large, max-video-preview:-1\" \/>\n<link rel=\"canonical\" href=\"https:\/\/inzain.bike\/sv_se\/mal25_mallorca\/\" \/>\n<meta property=\"og:locale\" content=\"sv_SE\" \/>\n<meta property=\"og:type\" content=\"article\" \/>\n<meta property=\"og:title\" content=\"Om Mallorca - INZAIN Cycling EXPERIENCES\" \/>\n<meta property=\"og:description\" content=\"Mallorca har ett mycket varierande landskap, med h\u00f6ga bergstoppar, stora sl\u00e4tter och l\u00e5nga str\u00e4nder. I Tramuntanabergen (Sierra de Tramuntana) ligger \u00f6ns h\u00f6gsta bergstopp Puig Major, 1 436 m \u00f6 h. \u00d6n har allt man kan \u00f6nska sig! Sol, str\u00e4nder, utflykter, golfbanor, vandrings- och cykelleder, nattliv, kultur, shopping, m.m. Den \u00e4r den st\u00f6rsta av \u00f6arna i [&hellip;]\" \/>\n<meta property=\"og:url\" content=\"https:\/\/inzain.bike\/sv_se\/mal25_mallorca\/\" \/>\n<meta property=\"og:site_name\" content=\"INZAIN Cycling EXPERIENCES\" \/>\n<meta property=\"article:publisher\" content=\"https:\/\/www.facebook.com\/Inzain.bike\" \/>\n<meta property=\"article:modified_time\" content=\"2024-12-07T11:48:18+00:00\" \/>\n<meta property=\"og:image\" content=\"https:\/\/i2.wp.com\/inzain.bike\/wp-content\/uploads\/2023\/11\/mallorca_en-US-1024x682.png?ssl=1\" \/>\n<meta name=\"twitter:card\" content=\"summary_large_image\" \/>\n<meta name=\"twitter:label1\" content=\"Ber\u00e4knad l\u00e4stid\" \/>\n\t<meta name=\"twitter:data1\" content=\"3 minuter\" \/>\n<script type=\"application\/ld+json\" class=\"yoast-schema-graph\">{\"@context\":\"https:\/\/schema.org\",\"@graph\":[{\"@type\":\"WebPage\",\"@id\":\"https:\/\/inzain.bike\/en\/mal25_mallorca\/\",\"url\":\"https:\/\/inzain.bike\/en\/mal25_mallorca\/\",\"name\":\"Om Mallorca - INZAIN Cycling EXPERIENCES\",\"isPartOf\":{\"@id\":\"https:\/\/inzain.bike\/fr_be\/#website\"},\"primaryImageOfPage\":{\"@id\":\"https:\/\/inzain.bike\/en\/mal25_mallorca\/#primaryimage\"},\"image\":{\"@id\":\"https:\/\/inzain.bike\/en\/mal25_mallorca\/#primaryimage\"},\"thumbnailUrl\":\"https:\/\/i2.wp.com\/inzain.bike\/wp-content\/uploads\/2023\/11\/mallorca_en-US-1024x682.png?ssl=1\",\"datePublished\":\"2023-11-17T11:29:52+00:00\",\"dateModified\":\"2024-12-07T11:48:18+00:00\",\"breadcrumb\":{\"@id\":\"https:\/\/inzain.bike\/en\/mal25_mallorca\/#breadcrumb\"},\"inLanguage\":\"sv-SE\",\"potentialAction\":[{\"@type\":\"ReadAction\",\"target\":[\"https:\/\/inzain.bike\/en\/mal25_mallorca\/\"]}]},{\"@type\":\"ImageObject\",\"inLanguage\":\"sv-SE\",\"@id\":\"https:\/\/inzain.bike\/en\/mal25_mallorca\/#primaryimage\",\"url\":\"https:\/\/i2.wp.com\/inzain.bike\/wp-content\/uploads\/2023\/11\/mallorca_en-US-1024x682.png?ssl=1\",\"contentUrl\":\"https:\/\/i2.wp.com\/inzain.bike\/wp-content\/uploads\/2023\/11\/mallorca_en-US-1024x682.png?ssl=1\"},{\"@type\":\"BreadcrumbList\",\"@id\":\"https:\/\/inzain.bike\/en\/mal25_mallorca\/#breadcrumb\",\"itemListElement\":[{\"@type\":\"ListItem\",\"position\":1,\"name\":\"Hem\",\"item\":\"https:\/\/inzain.bike\/fr_be\/\"},{\"@type\":\"ListItem\",\"position\":2,\"name\":\"Om Mallorca\"}]},{\"@type\":\"WebSite\",\"@id\":\"https:\/\/inzain.bike\/fr_be\/#website\",\"url\":\"https:\/\/inzain.bike\/fr_be\/\",\"name\":\"INZAIN Cycling EXPERIENCES\",\"description\":\"Cyckling Adventures  - for everyone\",\"publisher\":{\"@id\":\"https:\/\/inzain.bike\/fr_be\/#organization\"},\"alternateName\":\"INZAIN Gravel & Travel\",\"potentialAction\":[{\"@type\":\"SearchAction\",\"target\":{\"@type\":\"EntryPoint\",\"urlTemplate\":\"https:\/\/inzain.bike\/fr_be\/?s={search_term_string}\"},\"query-input\":{\"@type\":\"PropertyValueSpecification\",\"valueRequired\":true,\"valueName\":\"search_term_string\"}}],\"inLanguage\":\"sv-SE\"},{\"@type\":\"Organization\",\"@id\":\"https:\/\/inzain.bike\/fr_be\/#organization\",\"name\":\"INZAIN Cycling EXPERIENCES\",\"url\":\"https:\/\/inzain.bike\/fr_be\/\",\"logo\":{\"@type\":\"ImageObject\",\"inLanguage\":\"sv-SE\",\"@id\":\"https:\/\/inzain.bike\/fr_be\/#\/schema\/logo\/image\/\",\"url\":\"https:\/\/i0.wp.com\/inzain.bike\/wp-content\/uploads\/2023\/09\/cropped-INZAIN_512x512_white.png?fit=512%2C512&ssl=1\",\"contentUrl\":\"https:\/\/i0.wp.com\/inzain.bike\/wp-content\/uploads\/2023\/09\/cropped-INZAIN_512x512_white.png?fit=512%2C512&ssl=1\",\"width\":512,\"height\":512,\"caption\":\"INZAIN Cycling EXPERIENCES\"},\"image\":{\"@id\":\"https:\/\/inzain.bike\/fr_be\/#\/schema\/logo\/image\/\"},\"sameAs\":[\"https:\/\/www.facebook.com\/Inzain.bike\",\"https:\/\/www.instagram.com\/inzainbike\"]}]}<\/script>\n<!-- \/ Yoast SEO plugin. -->","yoast_head_json":{"title":"Om Mallorca - INZAIN Cycling EXPERIENCES","robots":{"index":"index","follow":"follow","max-snippet":"max-snippet:-1","max-image-preview":"max-image-preview:large","max-video-preview":"max-video-preview:-1"},"canonical":"https:\/\/inzain.bike\/sv_se\/mal25_mallorca\/","og_locale":"sv_SE","og_type":"article","og_title":"Om Mallorca - INZAIN Cycling EXPERIENCES","og_description":"Mallorca har ett mycket varierande landskap, med h\u00f6ga bergstoppar, stora sl\u00e4tter och l\u00e5nga str\u00e4nder. I Tramuntanabergen (Sierra de Tramuntana) ligger \u00f6ns h\u00f6gsta bergstopp Puig Major, 1 436 m \u00f6 h. \u00d6n har allt man kan \u00f6nska sig! Sol, str\u00e4nder, utflykter, golfbanor, vandrings- och cykelleder, nattliv, kultur, shopping, m.m. Den \u00e4r den st\u00f6rsta av \u00f6arna i [&hellip;]","og_url":"https:\/\/inzain.bike\/sv_se\/mal25_mallorca\/","og_site_name":"INZAIN Cycling EXPERIENCES","article_publisher":"https:\/\/www.facebook.com\/Inzain.bike","article_modified_time":"2024-12-07T11:48:18+00:00","og_image":[{"url":"https:\/\/i2.wp.com\/inzain.bike\/wp-content\/uploads\/2023\/11\/mallorca_en-US-1024x682.png?ssl=1","type":"","width":"","height":""}],"twitter_card":"summary_large_image","twitter_misc":{"Ber\u00e4knad l\u00e4stid":"3 minuter"},"schema":{"@context":"https:\/\/schema.org","@graph":[{"@type":"WebPage","@id":"https:\/\/inzain.bike\/en\/mal25_mallorca\/","url":"https:\/\/inzain.bike\/en\/mal25_mallorca\/","name":"Om Mallorca - INZAIN Cycling EXPERIENCES","isPartOf":{"@id":"https:\/\/inzain.bike\/fr_be\/#website"},"primaryImageOfPage":{"@id":"https:\/\/inzain.bike\/en\/mal25_mallorca\/#primaryimage"},"image":{"@id":"https:\/\/inzain.bike\/en\/mal25_mallorca\/#primaryimage"},"thumbnailUrl":"https:\/\/i2.wp.com\/inzain.bike\/wp-content\/uploads\/2023\/11\/mallorca_en-US-1024x682.png?ssl=1","datePublished":"2023-11-17T11:29:52+00:00","dateModified":"2024-12-07T11:48:18+00:00","breadcrumb":{"@id":"https:\/\/inzain.bike\/en\/mal25_mallorca\/#breadcrumb"},"inLanguage":"sv-SE","potentialAction":[{"@type":"ReadAction","target":["https:\/\/inzain.bike\/en\/mal25_mallorca\/"]}]},{"@type":"ImageObject","inLanguage":"sv-SE","@id":"https:\/\/inzain.bike\/en\/mal25_mallorca\/#primaryimage","url":"https:\/\/i2.wp.com\/inzain.bike\/wp-content\/uploads\/2023\/11\/mallorca_en-US-1024x682.png?ssl=1","contentUrl":"https:\/\/i2.wp.com\/inzain.bike\/wp-content\/uploads\/2023\/11\/mallorca_en-US-1024x682.png?ssl=1"},{"@type":"BreadcrumbList","@id":"https:\/\/inzain.bike\/en\/mal25_mallorca\/#breadcrumb","itemListElement":[{"@type":"ListItem","position":1,"name":"Hem","item":"https:\/\/inzain.bike\/fr_be\/"},{"@type":"ListItem","position":2,"name":"Om Mallorca"}]},{"@type":"WebSite","@id":"https:\/\/inzain.bike\/fr_be\/#website","url":"https:\/\/inzain.bike\/fr_be\/","name":"INZAIN Cycling EXPERIENCES","description":"Cyckling Adventures  - for everyone","publisher":{"@id":"https:\/\/inzain.bike\/fr_be\/#organization"},"alternateName":"INZAIN Gravel & Travel","potentialAction":[{"@type":"SearchAction","target":{"@type":"EntryPoint","urlTemplate":"https:\/\/inzain.bike\/fr_be\/?s={search_term_string}"},"query-input":{"@type":"PropertyValueSpecification","valueRequired":true,"valueName":"search_term_string"}}],"inLanguage":"sv-SE"},{"@type":"Organization","@id":"https:\/\/inzain.bike\/fr_be\/#organization","name":"INZAIN Cycling EXPERIENCES","url":"https:\/\/inzain.bike\/fr_be\/","logo":{"@type":"ImageObject","inLanguage":"sv-SE","@id":"https:\/\/inzain.bike\/fr_be\/#\/schema\/logo\/image\/","url":"https:\/\/i0.wp.com\/inzain.bike\/wp-content\/uploads\/2023\/09\/cropped-INZAIN_512x512_white.png?fit=512%2C512&ssl=1","contentUrl":"https:\/\/i0.wp.com\/inzain.bike\/wp-content\/uploads\/2023\/09\/cropped-INZAIN_512x512_white.png?fit=512%2C512&ssl=1","width":512,"height":512,"caption":"INZAIN Cycling EXPERIENCES"},"image":{"@id":"https:\/\/inzain.bike\/fr_be\/#\/schema\/logo\/image\/"},"sameAs":["https:\/\/www.facebook.com\/Inzain.bike","https:\/\/www.instagram.com\/inzainbike"]}]}},"amp_enabled":true,"_links":{"self":[{"href":"https:\/\/inzain.bike\/sv_se\/wp-json\/wp\/v2\/pages\/5442","targetHints":{"allow":["GET"]}}],"collection":[{"href":"https:\/\/inzain.bike\/sv_se\/wp-json\/wp\/v2\/pages"}],"about":[{"href":"https:\/\/inzain.bike\/sv_se\/wp-json\/wp\/v2\/types\/page"}],"author":[{"embeddable":true,"href":"https:\/\/inzain.bike\/sv_se\/wp-json\/wp\/v2\/users\/135133094"}],"replies":[{"embeddable":true,"href":"https:\/\/inzain.bike\/sv_se\/wp-json\/wp\/v2\/comments?post=5442"}],"version-history":[{"count":1,"href":"https:\/\/inzain.bike\/sv_se\/wp-json\/wp\/v2\/pages\/5442\/revisions"}],"predecessor-version":[{"id":7697,"href":"https:\/\/inzain.bike\/sv_se\/wp-json\/wp\/v2\/pages\/5442\/revisions\/7697"}],"wp:attachment":[{"href":"https:\/\/inzain.bike\/sv_se\/wp-json\/wp\/v2\/media?parent=5442"}],"curies":[{"name":"wp","href":"https:\/\/api.w.org\/{rel}","templated":true}]}}