{"id":5577,"date":"2023-11-20T15:50:03","date_gmt":"2023-11-20T14:50:03","guid":{"rendered":"https:\/\/inzain.bike\/?page_id=5577"},"modified":"2026-01-31T15:09:24","modified_gmt":"2026-01-31T14:09:24","slug":"tus26-cycling","status":"publish","type":"page","link":"https:\/\/inzain.bike\/sv_se\/tus26-cycling\/","title":{"rendered":"Toscana 2026 Cykling"},"content":{"rendered":"\n<div class=\"wp-block-columns alignwide is-layout-flex wp-container-core-columns-is-layout-28f84493 wp-block-columns-is-layout-flex\">\n<div class=\"wp-block-column is-layout-flow wp-block-column-is-layout-flow\">\n<div class=\"wp-block-jetpack-tiled-gallery aligncenter is-style-rectangular\"><div class=\"tiled-gallery__gallery\"><div class=\"tiled-gallery__row\"><div class=\"tiled-gallery__col\" style=\"flex-basis:39.20905%\"><figure class=\"tiled-gallery__item\"><img decoding=\"async\" alt=\"\" data-height=\"2048\" data-id=\"5579\" data-link=\"https:\/\/inzain.bike\/?attachment_id=5579\" data-url=\"https:\/\/inzain.bike\/wp-content\/uploads\/2023\/11\/391555264_10161259493983729_2748440254249460024_n-495x1024.jpg\" data-width=\"990\" src=\"https:\/\/i0.wp.com\/inzain.bike\/wp-content\/uploads\/2023\/11\/391555264_10161259493983729_2748440254249460024_n-495x1024.jpg?ssl=1\" data-amp-layout=\"responsive\"\/><\/figure><\/div><div class=\"tiled-gallery__col\" style=\"flex-basis:60.79095%\"><figure class=\"tiled-gallery__item\"><img decoding=\"async\" alt=\"\" data-height=\"1095\" data-id=\"5580\" data-link=\"https:\/\/inzain.bike\/?attachment_id=5580\" data-url=\"https:\/\/inzain.bike\/wp-content\/uploads\/2023\/11\/391559238_10161259494403729_2619039197846273304_n-1-768x1024.jpg\" data-width=\"821\" src=\"https:\/\/i2.wp.com\/inzain.bike\/wp-content\/uploads\/2023\/11\/391559238_10161259494403729_2619039197846273304_n-1-768x1024.jpg?ssl=1\" data-amp-layout=\"responsive\"\/><\/figure><\/div><\/div><div class=\"tiled-gallery__row\"><div class=\"tiled-gallery__col\" style=\"flex-basis:39.87482%\"><figure class=\"tiled-gallery__item\"><img decoding=\"async\" alt=\"\" data-height=\"5504\" data-id=\"5582\" data-link=\"https:\/\/inzain.bike\/?attachment_id=5582\" data-url=\"https:\/\/inzain.bike\/wp-content\/uploads\/2023\/11\/DSC1645-1-1024x683.jpg\" data-width=\"8256\" src=\"https:\/\/i2.wp.com\/inzain.bike\/wp-content\/uploads\/2023\/11\/DSC1645-1-1024x683.jpg?ssl=1\" data-amp-layout=\"responsive\"\/><\/figure><figure class=\"tiled-gallery__item\"><img decoding=\"async\" alt=\"\" data-height=\"5504\" data-id=\"5584\" data-link=\"https:\/\/inzain.bike\/?attachment_id=5584\" data-url=\"https:\/\/inzain.bike\/wp-content\/uploads\/2023\/11\/DSC1678-1024x683.jpg\" data-width=\"8256\" src=\"https:\/\/i2.wp.com\/inzain.bike\/wp-content\/uploads\/2023\/11\/DSC1678-1024x683.jpg?ssl=1\" data-amp-layout=\"responsive\"\/><\/figure><figure class=\"tiled-gallery__item\"><img decoding=\"async\" alt=\"\" data-height=\"5504\" data-id=\"5585\" data-link=\"https:\/\/inzain.bike\/?attachment_id=5585\" data-url=\"https:\/\/inzain.bike\/wp-content\/uploads\/2023\/11\/fb6-1024x683.jpg\" data-width=\"8256\" src=\"https:\/\/i1.wp.com\/inzain.bike\/wp-content\/uploads\/2023\/11\/fb6-1024x683.jpg?ssl=1\" data-amp-layout=\"responsive\"\/><\/figure><\/div><div class=\"tiled-gallery__col\" style=\"flex-basis:60.12518%\"><figure class=\"tiled-gallery__item\"><img decoding=\"async\" alt=\"\" data-height=\"4000\" data-id=\"5587\" data-link=\"https:\/\/inzain.bike\/?attachment_id=5587\" data-url=\"https:\/\/inzain.bike\/wp-content\/uploads\/2023\/11\/20231009_121052-768x1024.jpg\" data-width=\"3000\" src=\"https:\/\/i2.wp.com\/inzain.bike\/wp-content\/uploads\/2023\/11\/20231009_121052-768x1024.jpg?ssl=1\" data-amp-layout=\"responsive\"\/><\/figure><\/div><\/div><div class=\"tiled-gallery__row\"><div class=\"tiled-gallery__col\" style=\"flex-basis:29.70657%\"><figure class=\"tiled-gallery__item\"><img decoding=\"async\" alt=\"\" data-height=\"1600\" data-id=\"5588\" data-link=\"https:\/\/inzain.bike\/?attachment_id=5588\" data-url=\"https:\/\/inzain.bike\/wp-content\/uploads\/2023\/11\/3DBK40EFLGzota4vp3gwf3vgqXdt2rQ68Ru4Hw5MsHo-1536x2048-1-768x1024.jpg\" data-width=\"1200\" src=\"https:\/\/i0.wp.com\/inzain.bike\/wp-content\/uploads\/2023\/11\/3DBK40EFLGzota4vp3gwf3vgqXdt2rQ68Ru4Hw5MsHo-1536x2048-1-768x1024.jpg?ssl=1\" data-amp-layout=\"responsive\"\/><\/figure><\/div><div class=\"tiled-gallery__col\" style=\"flex-basis:70.29343%\"><figure class=\"tiled-gallery__item\"><img decoding=\"async\" alt=\"\" data-height=\"1134\" data-id=\"5589\" data-link=\"https:\/\/inzain.bike\/?attachment_id=5589\" data-url=\"https:\/\/inzain.bike\/wp-content\/uploads\/2023\/11\/fU7UatdBb5UgZIWuJSnnSAs08T5LB7x5eF6jjQ50VDk-2048x1152-1-1024x576.jpg\" data-width=\"2016\" src=\"https:\/\/i2.wp.com\/inzain.bike\/wp-content\/uploads\/2023\/11\/fU7UatdBb5UgZIWuJSnnSAs08T5LB7x5eF6jjQ50VDk-2048x1152-1-1024x576.jpg?ssl=1\" data-amp-layout=\"responsive\"\/><\/figure><\/div><\/div><\/div><\/div>\n<\/div>\n<\/div>\n\n\n\n<div class=\"wp-block-columns alignwide is-layout-flex wp-container-core-columns-is-layout-28f84493 wp-block-columns-is-layout-flex\">\n<div class=\"wp-block-column is-layout-flow wp-block-column-is-layout-flow\">\n<p>Cyklingen i Toscana \u00e4r vacker, oerh\u00f6rt vacker. Det \u00e4r b\u00f6ljande backar. Vi har skapat ett flertal rutter per dag, s\u00e5 att man kan v\u00e4lja efter hur l\u00e5ngt och hur mycket h\u00f6jdmeter man vill ha de olika dagarna. Rutterna leder oss l\u00e4ngs vackra v\u00e4gar och vi n\u00e5r restauranger och caf\u00e9er p\u00e5 lagom avst\u00e5nd. Oftast \u00e4r rutterna skapade s\u00e5 att man sammanstr\u00e5lar f\u00f6r lunch oavsett vilken rutt man v\u00e4ljer. V\u00e5r f\u00f6ljebil finns d\u00e4r om n\u00e5got g\u00e5r p\u00e5 tok med ens cykel eller en sj\u00e4lv, en stor trygghet.<\/p>\n<\/div>\n<\/div>\n\n\n\n<hr class=\"wp-block-separator alignwide has-alpha-channel-opacity\"\/>\n\n\n\n<div class=\"wp-block-columns alignwide is-layout-flex wp-container-core-columns-is-layout-28f84493 wp-block-columns-is-layout-flex\">\n<div class=\"wp-block-column is-layout-flow wp-block-column-is-layout-flow\">\n<p><strong>Schema dag f\u00f6r dag<\/strong><\/p>\n\n\n\n<p><br><strong>Fredag 2 oktober<\/strong> <strong>Ankomst<\/strong><br>Ankomst Florens. V\u00e5r privata transfer f\u00f6r oss och v\u00e5ra cyklar direkt till boendet. Vi ankommer r\u00e4tt tidigt s\u00e5 efter incheckning och montering av cyklar ger vi oss av p\u00e5 en n\u00e5got kortare tur.<\/p>\n\n\n\n<p><strong>Allm\u00e4nt<\/strong><\/p>\n\n\n\n<p>Rutterna kommer att vara utmanande och mellan 6-13 mil l\u00e5nga. Flera av dem finns i olika versioner, s\u00e5 man kan v\u00e4lja efter dagsform. F\u00f6ljebilen g\u00f6r att vi kan st\u00f6tta om n\u00e5gon f\u00e5r problem eller blir tr\u00f6tt. Vi kommer att ge alla deltagare en&nbsp;<strong>Riders Guide<\/strong>, med rutterna och m\u00e4ngder med information om dem i god tid innan resan.<\/p>\n\n\n\n<p><br><strong>Dag 1 L\u00f6rdag 3 oktober<\/strong>\u00a0( 65-92 km &amp; 1050-1,700 hm)<\/p>\n\n\n\n<figure class=\"wp-block-image\"><img loading=\"lazy\" decoding=\"async\" width=\"3247\" height=\"348\" src=\"https:\/\/i0.wp.com\/inzain.bike\/wp-content\/uploads\/2023\/03\/image.png?resize=1024%2C110&amp;ssl=1\" alt=\"\" class=\"wp-image-2807\" srcset=\"https:\/\/inzain.bike\/wp-content\/uploads\/2023\/03\/image.png 3247w, https:\/\/inzain.bike\/wp-content\/uploads\/2023\/03\/image-300x32.png 300w, https:\/\/inzain.bike\/wp-content\/uploads\/2023\/03\/image-1024x110.png 1024w, https:\/\/inzain.bike\/wp-content\/uploads\/2023\/03\/image-768x82.png 768w, https:\/\/inzain.bike\/wp-content\/uploads\/2023\/03\/image-1536x165.png 1536w, https:\/\/inzain.bike\/wp-content\/uploads\/2023\/03\/image-2048x219.png 2048w, https:\/\/inzain.bike\/wp-content\/uploads\/2023\/03\/image-18x2.png 18w, https:\/\/inzain.bike\/wp-content\/uploads\/2023\/03\/image-1320x141.png 1320w, https:\/\/inzain.bike\/wp-content\/uploads\/2023\/03\/image-600x64.png 600w\" sizes=\"auto, (max-width: 3247px) 100vw, 3247px\" \/><\/figure>\n\n\n\n<p>Norrut in i Chianti, klassiskt vitt grus. Vi cyklar en del av Eroica, slingrande asfalt och enast\u00e5ende vackert. Vi passerar Chianti skulpturpark. Det finns olika nedkortningar man kan g\u00f6ra. Dagen har tv\u00e5 st\u00f6rre kl\u00e4ttringar, de g\u00e5r p\u00e5 bra underlag och \u00e4r j\u00e4mna och roliga.<\/p>\n\n\n\n<p><strong>Dag 2 S\u00f6ndag 4 oktober\u00a0<\/strong>(55 -115 km, 900-2,2170 hm)<\/p>\n\n\n\n<figure class=\"wp-block-image\"><img loading=\"lazy\" decoding=\"async\" width=\"3196\" height=\"355\" src=\"https:\/\/i0.wp.com\/inzain.bike\/wp-content\/uploads\/2023\/03\/image-1.png?resize=1024%2C114&amp;ssl=1\" alt=\"\" class=\"wp-image-2809\" srcset=\"https:\/\/inzain.bike\/wp-content\/uploads\/2023\/03\/image-1.png 3196w, https:\/\/inzain.bike\/wp-content\/uploads\/2023\/03\/image-1-300x33.png 300w, https:\/\/inzain.bike\/wp-content\/uploads\/2023\/03\/image-1-1024x114.png 1024w, https:\/\/inzain.bike\/wp-content\/uploads\/2023\/03\/image-1-768x85.png 768w, https:\/\/inzain.bike\/wp-content\/uploads\/2023\/03\/image-1-1536x171.png 1536w, https:\/\/inzain.bike\/wp-content\/uploads\/2023\/03\/image-1-2048x227.png 2048w, https:\/\/inzain.bike\/wp-content\/uploads\/2023\/03\/image-1-18x2.png 18w, https:\/\/inzain.bike\/wp-content\/uploads\/2023\/03\/image-1-1320x147.png 1320w, https:\/\/inzain.bike\/wp-content\/uploads\/2023\/03\/image-1-600x67.png 600w\" sizes=\"auto, (max-width: 3196px) 100vw, 3196px\" \/><\/figure>\n\n\n\n<p>Nordv\u00e4st, p\u00e5 v\u00e4gar d\u00e4r&nbsp;<strong>Tuscany Trail<\/strong>&nbsp;g\u00e5r. M\u00e5nga fantastiska st\u00e4der passeras. Det h\u00e4r en en utmanande tur, som kan korta p\u00e5 flera olika s\u00e4tt om s\u00e5 \u00f6nskas. En del single track men inget allt f\u00f6r utmanande.<\/p>\n\n\n\n<p><strong>Dag 3 M\u00e5ndag 5 oktober<\/strong>\u00a0(55- 103 km \/ 760 \u2013 1,836 hm)<\/p>\n\n\n\n<figure class=\"wp-block-image\"><img loading=\"lazy\" decoding=\"async\" width=\"3226\" height=\"352\" src=\"https:\/\/i0.wp.com\/inzain.bike\/wp-content\/uploads\/2023\/03\/image-2.png?resize=1024%2C112&amp;ssl=1\" alt=\"\" class=\"wp-image-2811\" srcset=\"https:\/\/inzain.bike\/wp-content\/uploads\/2023\/03\/image-2.png 3226w, https:\/\/inzain.bike\/wp-content\/uploads\/2023\/03\/image-2-300x33.png 300w, https:\/\/inzain.bike\/wp-content\/uploads\/2023\/03\/image-2-1024x112.png 1024w, https:\/\/inzain.bike\/wp-content\/uploads\/2023\/03\/image-2-768x84.png 768w, https:\/\/inzain.bike\/wp-content\/uploads\/2023\/03\/image-2-1536x168.png 1536w, https:\/\/inzain.bike\/wp-content\/uploads\/2023\/03\/image-2-2048x223.png 2048w, https:\/\/inzain.bike\/wp-content\/uploads\/2023\/03\/image-2-18x2.png 18w, https:\/\/inzain.bike\/wp-content\/uploads\/2023\/03\/image-2-1320x144.png 1320w, https:\/\/inzain.bike\/wp-content\/uploads\/2023\/03\/image-2-600x65.png 600w\" sizes=\"auto, (max-width: 3226px) 100vw, 3226px\" \/><\/figure>\n\n\n\n<p>Vi tar oss \u00f6sterut, vackra grusv\u00e4gar i klassiskt b\u00f6ljande Toscana landskap. M\u00e5ngas tillf\u00e4llen till Gelato och kaffe, och god mat s\u00e5klart. \u00c4ven h\u00e4r finns ett antal nedkortningar om benen eller lusten s\u00e5 kr\u00e4ver.<\/p>\n\n\n\n<p><strong>Dag 4 Tisdag 6 oktober<\/strong><br>Vilodag!<br>Vill man cykla s\u00e5 g\u00e5r det s\u00e5klart utm\u00e4rkt, men det visar sig r\u00e4tt klokt att ta en vilodag. Vi kanske tar en tur till havet, bes\u00f6ker Siena eller h\u00e4nger p\u00e5 ving\u00e5rden och njuter av lugnet?<\/p>\n\n\n\n<p><strong>Dag 5 Onsdag 7 oktober<\/strong>\u00a0(72 km \/ 1,200 hm)<\/p>\n\n\n\n<figure class=\"wp-block-image\"><img loading=\"lazy\" decoding=\"async\" width=\"3232\" height=\"364\" src=\"https:\/\/i0.wp.com\/inzain.bike\/wp-content\/uploads\/2023\/03\/image-5.png?resize=1024%2C115&amp;ssl=1\" alt=\"\" class=\"wp-image-2818\" srcset=\"https:\/\/inzain.bike\/wp-content\/uploads\/2023\/03\/image-5.png 3232w, https:\/\/inzain.bike\/wp-content\/uploads\/2023\/03\/image-5-300x34.png 300w, https:\/\/inzain.bike\/wp-content\/uploads\/2023\/03\/image-5-1024x115.png 1024w, https:\/\/inzain.bike\/wp-content\/uploads\/2023\/03\/image-5-768x86.png 768w, https:\/\/inzain.bike\/wp-content\/uploads\/2023\/03\/image-5-1536x173.png 1536w, https:\/\/inzain.bike\/wp-content\/uploads\/2023\/03\/image-5-2048x231.png 2048w, https:\/\/inzain.bike\/wp-content\/uploads\/2023\/03\/image-5-18x2.png 18w, https:\/\/inzain.bike\/wp-content\/uploads\/2023\/03\/image-5-1320x149.png 1320w, https:\/\/inzain.bike\/wp-content\/uploads\/2023\/03\/image-5-600x68.png 600w\" sizes=\"auto, (max-width: 3232px) 100vw, 3232px\" \/><\/figure>\n\n\n\n<p>V\u00e4rldens b\u00e4sta transport cykling! Eroica och Strade Bianchi, otroligt fint. Samtidigt som vi f\u00e5r en grym dag i sadeln s\u00e5 transporteras allt v\u00e5rt bagage ner till n\u00e4sta boende i San Quirico d&#8217;Orcia. Om ben eller annat \u00e4r trasigt g\u00e5r det fint \u00e5ka med i bilen. V\u00e4l p\u00e5 plats installerar vi oss, kanske firar med en \u00f6l och \u00e4ter middag.<\/p>\n\n\n\n<p><strong>Dag 6 Torsdag 8 oktober<\/strong>\u00a0(57 -96 km \/ 744 -1860 hm)<\/p>\n\n\n\n<figure class=\"wp-block-image\"><img loading=\"lazy\" decoding=\"async\" width=\"3222\" height=\"363\" src=\"https:\/\/i0.wp.com\/inzain.bike\/wp-content\/uploads\/2023\/03\/image-6.png?resize=1024%2C115&amp;ssl=1\" alt=\"\" class=\"wp-image-2820\" srcset=\"https:\/\/inzain.bike\/wp-content\/uploads\/2023\/03\/image-6.png 3222w, https:\/\/inzain.bike\/wp-content\/uploads\/2023\/03\/image-6-300x34.png 300w, https:\/\/inzain.bike\/wp-content\/uploads\/2023\/03\/image-6-1024x115.png 1024w, https:\/\/inzain.bike\/wp-content\/uploads\/2023\/03\/image-6-768x87.png 768w, https:\/\/inzain.bike\/wp-content\/uploads\/2023\/03\/image-6-1536x173.png 1536w, https:\/\/inzain.bike\/wp-content\/uploads\/2023\/03\/image-6-2048x231.png 2048w, https:\/\/inzain.bike\/wp-content\/uploads\/2023\/03\/image-6-18x2.png 18w, https:\/\/inzain.bike\/wp-content\/uploads\/2023\/03\/image-6-1320x149.png 1320w, https:\/\/inzain.bike\/wp-content\/uploads\/2023\/03\/image-6-600x68.png 600w\" sizes=\"auto, (max-width: 3222px) 100vw, 3222px\" \/><\/figure>\n\n\n\n<p>Det vita gruset! Vi passerar m\u00e5nga klassiska orter, det finns m\u00e5nga s\u00e4tt att korta turen om man vill, vi anv\u00e4nder igen flera str\u00e4ckor fr\u00e5n Eroica och Strade Bianchi. Kanske dags att s\u00e4tta ett KOM?<\/p>\n\n\n\n<p><strong>Dag 7 Fredag 9 oktober<\/strong>\u00a0Hemresa<\/p>\n\n\n\n<p>V\u00e5r transferbuss h\u00e4mtar upp oss direkt fr\u00e5n boendet och f\u00f6r oss med v\u00e5rt bagage till flygplatsen i Florens.<br><br><\/p>\n<\/div>\n<\/div>\n","protected":false},"excerpt":{"rendered":"<p>Cyklingen i Toscana \u00e4r vacker, oerh\u00f6rt vacker. Det \u00e4r b\u00f6ljande backar. Vi har skapat ett flertal rutter per dag, s\u00e5 att man kan v\u00e4lja efter hur l\u00e5ngt och hur mycket h\u00f6jdmeter man vill ha de olika dagarna. Rutterna leder oss l\u00e4ngs vackra v\u00e4gar och vi n\u00e5r restauranger och caf\u00e9er p\u00e5 lagom avst\u00e5nd. Oftast \u00e4r rutterna [&hellip;]<\/p>\n","protected":false},"author":135133094,"featured_media":0,"parent":0,"menu_order":0,"comment_status":"closed","ping_status":"closed","template":"","meta":{"_coblocks_attr":"Roboto","_coblocks_dimensions":"","_coblocks_responsive_height":"","_coblocks_accordion_ie_support":"","footnotes":""},"class_list":["post-5577","page","type-page","status-publish","hentry"],"yoast_head":"<!-- This site is optimized with the Yoast SEO plugin v27.2 - https:\/\/yoast.com\/product\/yoast-seo-wordpress\/ -->\n<title>Toscana 2026 Cykling - INZAIN Cycling EXPERIENCES<\/title>\n<meta name=\"robots\" content=\"index, follow, max-snippet:-1, max-image-preview:large, max-video-preview:-1\" \/>\n<link rel=\"canonical\" href=\"https:\/\/inzain.bike\/sv_se\/tus26-cycling\/\" \/>\n<meta property=\"og:locale\" content=\"sv_SE\" \/>\n<meta property=\"og:type\" content=\"article\" \/>\n<meta property=\"og:title\" content=\"Toscana 2026 Cykling - INZAIN Cycling EXPERIENCES\" \/>\n<meta property=\"og:description\" content=\"Cyklingen i Toscana \u00e4r vacker, oerh\u00f6rt vacker. Det \u00e4r b\u00f6ljande backar. Vi har skapat ett flertal rutter per dag, s\u00e5 att man kan v\u00e4lja efter hur l\u00e5ngt och hur mycket h\u00f6jdmeter man vill ha de olika dagarna. Rutterna leder oss l\u00e4ngs vackra v\u00e4gar och vi n\u00e5r restauranger och caf\u00e9er p\u00e5 lagom avst\u00e5nd. Oftast \u00e4r rutterna [&hellip;]\" \/>\n<meta property=\"og:url\" content=\"https:\/\/inzain.bike\/sv_se\/tus26-cycling\/\" \/>\n<meta property=\"og:site_name\" content=\"INZAIN Cycling EXPERIENCES\" \/>\n<meta property=\"article:publisher\" content=\"https:\/\/www.facebook.com\/Inzain.bike\" \/>\n<meta property=\"article:modified_time\" content=\"2026-01-31T14:09:24+00:00\" \/>\n<meta property=\"og:image\" content=\"https:\/\/i0.wp.com\/inzain.bike\/wp-content\/uploads\/2023\/11\/391555264_10161259493983729_2748440254249460024_n-495x1024.jpg?ssl=1\" \/>\n<meta name=\"twitter:card\" content=\"summary_large_image\" \/>\n<meta name=\"twitter:label1\" content=\"Ber\u00e4knad l\u00e4stid\" \/>\n\t<meta name=\"twitter:data1\" content=\"6 minuter\" \/>\n<script type=\"application\/ld+json\" class=\"yoast-schema-graph\">{\"@context\":\"https:\/\/schema.org\",\"@graph\":[{\"@type\":\"WebPage\",\"@id\":\"https:\/\/inzain.bike\/tus26-cycling\/\",\"url\":\"https:\/\/inzain.bike\/tus26-cycling\/\",\"name\":\"Toscana 2026 Cykling - INZAIN Cycling EXPERIENCES\",\"isPartOf\":{\"@id\":\"https:\/\/inzain.bike\/fr_be\/#website\"},\"primaryImageOfPage\":{\"@id\":\"https:\/\/inzain.bike\/tus26-cycling\/#primaryimage\"},\"image\":{\"@id\":\"https:\/\/inzain.bike\/tus26-cycling\/#primaryimage\"},\"thumbnailUrl\":\"https:\/\/i0.wp.com\/inzain.bike\/wp-content\/uploads\/2023\/11\/391555264_10161259493983729_2748440254249460024_n-495x1024.jpg?ssl=1\",\"datePublished\":\"2023-11-20T14:50:03+00:00\",\"dateModified\":\"2026-01-31T14:09:24+00:00\",\"breadcrumb\":{\"@id\":\"https:\/\/inzain.bike\/tus26-cycling\/#breadcrumb\"},\"inLanguage\":\"sv-SE\",\"potentialAction\":[{\"@type\":\"ReadAction\",\"target\":[\"https:\/\/inzain.bike\/tus26-cycling\/\"]}]},{\"@type\":\"ImageObject\",\"inLanguage\":\"sv-SE\",\"@id\":\"https:\/\/inzain.bike\/tus26-cycling\/#primaryimage\",\"url\":\"https:\/\/i0.wp.com\/inzain.bike\/wp-content\/uploads\/2023\/11\/391555264_10161259493983729_2748440254249460024_n-495x1024.jpg?ssl=1\",\"contentUrl\":\"https:\/\/i0.wp.com\/inzain.bike\/wp-content\/uploads\/2023\/11\/391555264_10161259493983729_2748440254249460024_n-495x1024.jpg?ssl=1\"},{\"@type\":\"BreadcrumbList\",\"@id\":\"https:\/\/inzain.bike\/tus26-cycling\/#breadcrumb\",\"itemListElement\":[{\"@type\":\"ListItem\",\"position\":1,\"name\":\"Hem\",\"item\":\"https:\/\/inzain.bike\/fr_be\/\"},{\"@type\":\"ListItem\",\"position\":2,\"name\":\"Toscana 2026 Cykling\"}]},{\"@type\":\"WebSite\",\"@id\":\"https:\/\/inzain.bike\/fr_be\/#website\",\"url\":\"https:\/\/inzain.bike\/fr_be\/\",\"name\":\"INZAIN Cycling EXPERIENCES\",\"description\":\"Cyckling Adventures  - for everyone\",\"publisher\":{\"@id\":\"https:\/\/inzain.bike\/fr_be\/#organization\"},\"alternateName\":\"INZAIN Gravel & Travel\",\"potentialAction\":[{\"@type\":\"SearchAction\",\"target\":{\"@type\":\"EntryPoint\",\"urlTemplate\":\"https:\/\/inzain.bike\/fr_be\/?s={search_term_string}\"},\"query-input\":{\"@type\":\"PropertyValueSpecification\",\"valueRequired\":true,\"valueName\":\"search_term_string\"}}],\"inLanguage\":\"sv-SE\"},{\"@type\":\"Organization\",\"@id\":\"https:\/\/inzain.bike\/fr_be\/#organization\",\"name\":\"INZAIN Cycling EXPERIENCES\",\"url\":\"https:\/\/inzain.bike\/fr_be\/\",\"logo\":{\"@type\":\"ImageObject\",\"inLanguage\":\"sv-SE\",\"@id\":\"https:\/\/inzain.bike\/fr_be\/#\/schema\/logo\/image\/\",\"url\":\"https:\/\/i0.wp.com\/inzain.bike\/wp-content\/uploads\/2023\/09\/cropped-INZAIN_512x512_white.png?fit=512%2C512&ssl=1\",\"contentUrl\":\"https:\/\/i0.wp.com\/inzain.bike\/wp-content\/uploads\/2023\/09\/cropped-INZAIN_512x512_white.png?fit=512%2C512&ssl=1\",\"width\":512,\"height\":512,\"caption\":\"INZAIN Cycling EXPERIENCES\"},\"image\":{\"@id\":\"https:\/\/inzain.bike\/fr_be\/#\/schema\/logo\/image\/\"},\"sameAs\":[\"https:\/\/www.facebook.com\/Inzain.bike\",\"https:\/\/www.instagram.com\/inzainbike\"]}]}<\/script>\n<!-- \/ Yoast SEO plugin. -->","yoast_head_json":{"title":"Toscana 2026 Cykling - INZAIN Cycling EXPERIENCES","robots":{"index":"index","follow":"follow","max-snippet":"max-snippet:-1","max-image-preview":"max-image-preview:large","max-video-preview":"max-video-preview:-1"},"canonical":"https:\/\/inzain.bike\/sv_se\/tus26-cycling\/","og_locale":"sv_SE","og_type":"article","og_title":"Toscana 2026 Cykling - INZAIN Cycling EXPERIENCES","og_description":"Cyklingen i Toscana \u00e4r vacker, oerh\u00f6rt vacker. Det \u00e4r b\u00f6ljande backar. Vi har skapat ett flertal rutter per dag, s\u00e5 att man kan v\u00e4lja efter hur l\u00e5ngt och hur mycket h\u00f6jdmeter man vill ha de olika dagarna. Rutterna leder oss l\u00e4ngs vackra v\u00e4gar och vi n\u00e5r restauranger och caf\u00e9er p\u00e5 lagom avst\u00e5nd. Oftast \u00e4r rutterna [&hellip;]","og_url":"https:\/\/inzain.bike\/sv_se\/tus26-cycling\/","og_site_name":"INZAIN Cycling EXPERIENCES","article_publisher":"https:\/\/www.facebook.com\/Inzain.bike","article_modified_time":"2026-01-31T14:09:24+00:00","og_image":[{"url":"https:\/\/i0.wp.com\/inzain.bike\/wp-content\/uploads\/2023\/11\/391555264_10161259493983729_2748440254249460024_n-495x1024.jpg?ssl=1","type":"","width":"","height":""}],"twitter_card":"summary_large_image","twitter_misc":{"Ber\u00e4knad l\u00e4stid":"6 minuter"},"schema":{"@context":"https:\/\/schema.org","@graph":[{"@type":"WebPage","@id":"https:\/\/inzain.bike\/tus26-cycling\/","url":"https:\/\/inzain.bike\/tus26-cycling\/","name":"Toscana 2026 Cykling - INZAIN Cycling EXPERIENCES","isPartOf":{"@id":"https:\/\/inzain.bike\/fr_be\/#website"},"primaryImageOfPage":{"@id":"https:\/\/inzain.bike\/tus26-cycling\/#primaryimage"},"image":{"@id":"https:\/\/inzain.bike\/tus26-cycling\/#primaryimage"},"thumbnailUrl":"https:\/\/i0.wp.com\/inzain.bike\/wp-content\/uploads\/2023\/11\/391555264_10161259493983729_2748440254249460024_n-495x1024.jpg?ssl=1","datePublished":"2023-11-20T14:50:03+00:00","dateModified":"2026-01-31T14:09:24+00:00","breadcrumb":{"@id":"https:\/\/inzain.bike\/tus26-cycling\/#breadcrumb"},"inLanguage":"sv-SE","potentialAction":[{"@type":"ReadAction","target":["https:\/\/inzain.bike\/tus26-cycling\/"]}]},{"@type":"ImageObject","inLanguage":"sv-SE","@id":"https:\/\/inzain.bike\/tus26-cycling\/#primaryimage","url":"https:\/\/i0.wp.com\/inzain.bike\/wp-content\/uploads\/2023\/11\/391555264_10161259493983729_2748440254249460024_n-495x1024.jpg?ssl=1","contentUrl":"https:\/\/i0.wp.com\/inzain.bike\/wp-content\/uploads\/2023\/11\/391555264_10161259493983729_2748440254249460024_n-495x1024.jpg?ssl=1"},{"@type":"BreadcrumbList","@id":"https:\/\/inzain.bike\/tus26-cycling\/#breadcrumb","itemListElement":[{"@type":"ListItem","position":1,"name":"Hem","item":"https:\/\/inzain.bike\/fr_be\/"},{"@type":"ListItem","position":2,"name":"Toscana 2026 Cykling"}]},{"@type":"WebSite","@id":"https:\/\/inzain.bike\/fr_be\/#website","url":"https:\/\/inzain.bike\/fr_be\/","name":"INZAIN Cycling EXPERIENCES","description":"Cyckling Adventures  - for everyone","publisher":{"@id":"https:\/\/inzain.bike\/fr_be\/#organization"},"alternateName":"INZAIN Gravel & Travel","potentialAction":[{"@type":"SearchAction","target":{"@type":"EntryPoint","urlTemplate":"https:\/\/inzain.bike\/fr_be\/?s={search_term_string}"},"query-input":{"@type":"PropertyValueSpecification","valueRequired":true,"valueName":"search_term_string"}}],"inLanguage":"sv-SE"},{"@type":"Organization","@id":"https:\/\/inzain.bike\/fr_be\/#organization","name":"INZAIN Cycling EXPERIENCES","url":"https:\/\/inzain.bike\/fr_be\/","logo":{"@type":"ImageObject","inLanguage":"sv-SE","@id":"https:\/\/inzain.bike\/fr_be\/#\/schema\/logo\/image\/","url":"https:\/\/i0.wp.com\/inzain.bike\/wp-content\/uploads\/2023\/09\/cropped-INZAIN_512x512_white.png?fit=512%2C512&ssl=1","contentUrl":"https:\/\/i0.wp.com\/inzain.bike\/wp-content\/uploads\/2023\/09\/cropped-INZAIN_512x512_white.png?fit=512%2C512&ssl=1","width":512,"height":512,"caption":"INZAIN Cycling EXPERIENCES"},"image":{"@id":"https:\/\/inzain.bike\/fr_be\/#\/schema\/logo\/image\/"},"sameAs":["https:\/\/www.facebook.com\/Inzain.bike","https:\/\/www.instagram.com\/inzainbike"]}]}},"amp_enabled":true,"_links":{"self":[{"href":"https:\/\/inzain.bike\/sv_se\/wp-json\/wp\/v2\/pages\/5577","targetHints":{"allow":["GET"]}}],"collection":[{"href":"https:\/\/inzain.bike\/sv_se\/wp-json\/wp\/v2\/pages"}],"about":[{"href":"https:\/\/inzain.bike\/sv_se\/wp-json\/wp\/v2\/types\/page"}],"author":[{"embeddable":true,"href":"https:\/\/inzain.bike\/sv_se\/wp-json\/wp\/v2\/users\/135133094"}],"replies":[{"embeddable":true,"href":"https:\/\/inzain.bike\/sv_se\/wp-json\/wp\/v2\/comments?post=5577"}],"version-history":[{"count":4,"href":"https:\/\/inzain.bike\/sv_se\/wp-json\/wp\/v2\/pages\/5577\/revisions"}],"predecessor-version":[{"id":10026,"href":"https:\/\/inzain.bike\/sv_se\/wp-json\/wp\/v2\/pages\/5577\/revisions\/10026"}],"wp:attachment":[{"href":"https:\/\/inzain.bike\/sv_se\/wp-json\/wp\/v2\/media?parent=5577"}],"curies":[{"name":"wp","href":"https:\/\/api.w.org\/{rel}","templated":true}]}}