{"id":5958,"date":"2023-11-24T16:30:13","date_gmt":"2023-11-24T15:30:13","guid":{"rendered":"https:\/\/inzain.bike\/?page_id=5958"},"modified":"2023-11-24T19:43:01","modified_gmt":"2023-11-24T18:43:01","slug":"vrg24-accomodation","status":"publish","type":"page","link":"https:\/\/inzain.bike\/sv_se\/vrg24-accomodation\/","title":{"rendered":"VRG Boende"},"content":{"rendered":"\n<div class=\"wp-block-columns alignwide is-layout-flex wp-container-core-columns-is-layout-28f84493 wp-block-columns-is-layout-flex\">\n<div class=\"wp-block-column is-layout-flow wp-block-column-is-layout-flow\">\n<p><strong>J\u00f6nk\u00f6ping  &#8211;  F\u00f6rsta natten  VRG och VRG XL<\/strong><br><br><strong>Elite Stora Hotellet <\/strong>ligger i en vacker 1800-talsbyggnad i J\u00f6nk\u00f6ping och har vacker utsikt \u00f6ver V\u00e4ttern och ett bekv\u00e4mt l\u00e4ge i staden. H\u00e4r erbjuds rum med platt-TV och gratis WiFi.<\/p>\n\n\n\n<p>Alla rum p\u00e5 Elite J\u00f6nk\u00f6ping har eget badrum, minibar, skrivbord och h\u00e5rtork. De flesta rum har utsikt \u00f6ver V\u00e4ttern eller innerg\u00e5rden, medan vissa har utsikt \u00f6ver en g\u00e5gata.<\/p>\n\n\n\n<p>G\u00e4sterna kan koppla av i bastun eller tr\u00e4na i gymmet efter en l\u00e5ng dag.<\/p>\n\n\n\n<p>Bishop&#8217;s Arms Pub erbjuder m\u00e5ltider och ett brett urval av \u00f6l och whisky i en avslappnad och elegant atmosf\u00e4r. Klassiska Spegelsalen finns tillg\u00e4nglig f\u00f6r banketter och evenemang.<\/p>\n\n\n\n<p><\/p>\n\n\n\n<p><\/p>\n\n\n\n<p><br><\/p>\n<\/div>\n\n\n\n<div class=\"wp-block-column is-layout-flow wp-block-column-is-layout-flow\">\n<div class=\"wp-block-jetpack-tiled-gallery aligncenter is-style-rectangular\"><div class=\"tiled-gallery__gallery\"><div class=\"tiled-gallery__row\"><div class=\"tiled-gallery__col\" style=\"flex-basis:66.90932%\"><figure class=\"tiled-gallery__item\"><img decoding=\"async\" alt=\"\" data-height=\"680\" data-id=\"5980\" data-link=\"https:\/\/inzain.bike\/vrg24-accomodation\/20230811_085931-1\/\" data-url=\"https:\/\/inzain.bike\/wp-content\/uploads\/2023\/11\/20230811_085931-1.jpg\" data-width=\"1024\" src=\"https:\/\/i1.wp.com\/inzain.bike\/wp-content\/uploads\/2023\/11\/20230811_085931-1.jpg?ssl=1\" data-amp-layout=\"responsive\"\/><\/figure><\/div><div class=\"tiled-gallery__col\" style=\"flex-basis:33.09068%\"><figure class=\"tiled-gallery__item\"><img decoding=\"async\" alt=\"\" data-height=\"683\" data-id=\"5981\" data-link=\"https:\/\/inzain.bike\/vrg24-accomodation\/attachment\/223759325\/\" data-url=\"https:\/\/inzain.bike\/wp-content\/uploads\/2023\/11\/223759325.jpg\" data-width=\"1024\" src=\"https:\/\/i2.wp.com\/inzain.bike\/wp-content\/uploads\/2023\/11\/223759325.jpg?ssl=1\" data-amp-layout=\"responsive\"\/><\/figure><figure class=\"tiled-gallery__item\"><img decoding=\"async\" alt=\"\" data-height=\"683\" data-id=\"5982\" data-link=\"https:\/\/inzain.bike\/vrg24-accomodation\/attachment\/329046107\/\" data-url=\"https:\/\/inzain.bike\/wp-content\/uploads\/2023\/11\/329046107.jpg\" data-width=\"1024\" src=\"https:\/\/i2.wp.com\/inzain.bike\/wp-content\/uploads\/2023\/11\/329046107.jpg?ssl=1\" data-amp-layout=\"responsive\"\/><\/figure><\/div><\/div><div class=\"tiled-gallery__row\"><div class=\"tiled-gallery__col\" style=\"flex-basis:100.00000%\"><figure class=\"tiled-gallery__item\"><img decoding=\"async\" alt=\"\" data-height=\"446\" data-id=\"5983\" data-link=\"https:\/\/inzain.bike\/vrg24-accomodation\/attachment\/329050079\/\" data-url=\"https:\/\/inzain.bike\/wp-content\/uploads\/2023\/11\/329050079.jpg\" data-width=\"1024\" src=\"https:\/\/i2.wp.com\/inzain.bike\/wp-content\/uploads\/2023\/11\/329050079.jpg?ssl=1\" data-amp-layout=\"responsive\"\/><\/figure><\/div><\/div><\/div><\/div>\n<\/div>\n<\/div>\n\n\n\n<div class=\"wp-block-columns alignwide is-layout-flex wp-container-core-columns-is-layout-28f84493 wp-block-columns-is-layout-flex\">\n<div class=\"wp-block-column is-layout-flow wp-block-column-is-layout-flow\">\n<div class=\"wp-block-jetpack-tiled-gallery aligncenter is-style-rectangular\"><div class=\"tiled-gallery__gallery\"><div class=\"tiled-gallery__row\"><div class=\"tiled-gallery__col\" style=\"flex-basis:68.05515%\"><figure class=\"tiled-gallery__item\"><img decoding=\"async\" alt=\"\" data-height=\"680\" data-id=\"5988\" data-link=\"https:\/\/inzain.bike\/vrg24-accomodation\/attachment\/189075047\/\" data-url=\"https:\/\/inzain.bike\/wp-content\/uploads\/2023\/11\/189075047.jpg\" data-width=\"1024\" src=\"https:\/\/i0.wp.com\/inzain.bike\/wp-content\/uploads\/2023\/11\/189075047.jpg?ssl=1\" data-amp-layout=\"responsive\"\/><\/figure><\/div><div class=\"tiled-gallery__col\" style=\"flex-basis:31.94485%\"><figure class=\"tiled-gallery__item\"><img decoding=\"async\" alt=\"\" data-height=\"720\" data-id=\"5989\" data-link=\"https:\/\/inzain.bike\/vrg24-accomodation\/attachment\/250517665\/\" data-url=\"https:\/\/inzain.bike\/wp-content\/uploads\/2023\/11\/250517665.jpg\" data-width=\"1024\" src=\"https:\/\/i0.wp.com\/inzain.bike\/wp-content\/uploads\/2023\/11\/250517665.jpg?ssl=1\" data-amp-layout=\"responsive\"\/><\/figure><figure class=\"tiled-gallery__item\"><img decoding=\"async\" alt=\"\" data-height=\"720\" data-id=\"5990\" data-link=\"https:\/\/inzain.bike\/vrg24-accomodation\/attachment\/250714667\/\" data-url=\"https:\/\/inzain.bike\/wp-content\/uploads\/2023\/11\/250714667.jpg\" data-width=\"1024\" src=\"https:\/\/i1.wp.com\/inzain.bike\/wp-content\/uploads\/2023\/11\/250714667.jpg?ssl=1\" data-amp-layout=\"responsive\"\/><\/figure><\/div><\/div><div class=\"tiled-gallery__row\"><div class=\"tiled-gallery__col\" style=\"flex-basis:100.00000%\"><figure class=\"tiled-gallery__item\"><img decoding=\"async\" alt=\"\" data-height=\"720\" data-id=\"5991\" data-link=\"https:\/\/inzain.bike\/vrg24-accomodation\/attachment\/250714672\/\" data-url=\"https:\/\/inzain.bike\/wp-content\/uploads\/2023\/11\/250714672.jpg\" data-width=\"1024\" src=\"https:\/\/i0.wp.com\/inzain.bike\/wp-content\/uploads\/2023\/11\/250714672.jpg?ssl=1\" data-amp-layout=\"responsive\"\/><\/figure><\/div><\/div><\/div><\/div>\n<\/div>\n\n\n\n<div class=\"wp-block-column is-layout-flow wp-block-column-is-layout-flow\">\n<p><strong>HJO &#8211; Andra natten VRG<\/strong><br><br><strong>Hotel Bellevue<\/strong> ligger i Stadsparken i centrala Hjo, alldeles intill V\u00e4ttern. H\u00e4r erbjuds gratis Wi-Fi, privat parkering och en relaxavdelning med bastu.<\/p>\n\n\n\n<p>Vissa rum ligger i huvudbyggnaden och n\u00e5gra i Villa Viktoria. Alla rum p\u00e5 hotellet har en TV, och m\u00e5nga har utsikt \u00f6ver parken eller den n\u00e4rliggande sm\u00e5b\u00e5tshamnen.<\/p>\n\n\n\n<p>Vissa delar av hotellet g\u00e5r tillbaka till slutet av 1800-talet. De allm\u00e4nna faciliteterna p\u00e5 Hotel Bellevue inkluderar en g\u00e4stlounge med en platt-TV.<\/p>\n\n\n\n<p>Sev\u00e4rdheter som Karlsborgs f\u00e4stning och G\u00f6ta kanal ligger inom 30 minuters bilresa, och H\u00f6kens\u00e5s golfbana ligger bara 10 km bort.<\/p>\n\n\n\n<p><br><\/p>\n<\/div>\n<\/div>\n\n\n\n<div class=\"wp-block-columns alignwide is-layout-flex wp-container-core-columns-is-layout-28f84493 wp-block-columns-is-layout-flex\">\n<div class=\"wp-block-column is-layout-flow wp-block-column-is-layout-flow\">\n<p>H<strong>otell &amp; Bistro R\u00f6desund<\/strong> ligger i Karlsborg, knappt 47 km fr\u00e5n Sk\u00f6vde Arena, och har en bar, r\u00f6kfria rum och gratis WiFi. <\/p>\n\n\n\n<p>Hotellet har familjerum. Rummen p\u00e5 hotellet har skrivbord, platt-TV, eget badrum, s\u00e4ngkl\u00e4der och handdukar. <\/p>\n\n\n\n<p>Rummen har en garderob. Hotell &amp; Bistro R\u00f6desund erbjuder en vegetarisk eller glutenfri frukost. P\u00e5 boendet hittar du en restaurang som serverar lokala och internationella r\u00e4tter. Vegetariska, mj\u00f6lkfria och glutenfria alternativ kan ocks\u00e5 beg\u00e4ras.<\/p>\n\n\n\n<p> <\/p>\n\n\n\n<p><br><\/p>\n<\/div>\n\n\n\n<div class=\"wp-block-column is-layout-flow wp-block-column-is-layout-flow\">\n<div class=\"wp-block-jetpack-tiled-gallery aligncenter is-style-rectangular\"><div class=\"tiled-gallery__gallery\"><div class=\"tiled-gallery__row\"><div class=\"tiled-gallery__col\" style=\"flex-basis:34.22094%\"><figure class=\"tiled-gallery__item\"><img decoding=\"async\" alt=\"\" data-height=\"768\" data-id=\"5996\" data-link=\"https:\/\/inzain.bike\/vrg24-accomodation\/attachment\/283200671\/\" data-url=\"https:\/\/inzain.bike\/wp-content\/uploads\/2023\/11\/283200671.jpg\" data-width=\"576\" src=\"https:\/\/i0.wp.com\/inzain.bike\/wp-content\/uploads\/2023\/11\/283200671.jpg?ssl=1\" data-amp-layout=\"responsive\"\/><\/figure><\/div><div class=\"tiled-gallery__col\" style=\"flex-basis:33.44326%\"><figure class=\"tiled-gallery__item\"><img decoding=\"async\" alt=\"\" data-height=\"563\" data-id=\"5995\" data-link=\"https:\/\/inzain.bike\/vrg24-accomodation\/20230811_085931-2\/\" data-url=\"https:\/\/inzain.bike\/wp-content\/uploads\/2023\/11\/20230811_085931-2.jpg\" data-width=\"828\" src=\"https:\/\/i1.wp.com\/inzain.bike\/wp-content\/uploads\/2023\/11\/20230811_085931-2.jpg?ssl=1\" data-amp-layout=\"responsive\"\/><\/figure><figure class=\"tiled-gallery__item\"><img decoding=\"async\" alt=\"\" data-height=\"683\" data-id=\"5997\" data-link=\"https:\/\/inzain.bike\/vrg24-accomodation\/attachment\/285977668\/\" data-url=\"https:\/\/inzain.bike\/wp-content\/uploads\/2023\/11\/285977668.jpg\" data-width=\"1024\" src=\"https:\/\/i0.wp.com\/inzain.bike\/wp-content\/uploads\/2023\/11\/285977668.jpg?ssl=1\" data-amp-layout=\"responsive\"\/><\/figure><\/div><div class=\"tiled-gallery__col\" style=\"flex-basis:32.33581%\"><figure class=\"tiled-gallery__item\"><img decoding=\"async\" alt=\"\" data-height=\"768\" data-id=\"5998\" data-link=\"https:\/\/inzain.bike\/vrg24-accomodation\/attachment\/299119572\/\" data-url=\"https:\/\/inzain.bike\/wp-content\/uploads\/2023\/11\/299119572.jpg\" data-width=\"544\" src=\"https:\/\/i1.wp.com\/inzain.bike\/wp-content\/uploads\/2023\/11\/299119572.jpg?ssl=1\" data-amp-layout=\"responsive\"\/><\/figure><\/div><\/div><\/div><\/div>\n<\/div>\n<\/div>\n\n\n\n<div class=\"wp-block-columns alignwide is-layout-flex wp-container-core-columns-is-layout-28f84493 wp-block-columns-is-layout-flex\">\n<div class=\"wp-block-column is-layout-flow wp-block-column-is-layout-flow\">\n<div class=\"wp-block-jetpack-tiled-gallery aligncenter is-style-rectangular\"><div class=\"tiled-gallery__gallery\"><div class=\"tiled-gallery__row\"><div class=\"tiled-gallery__col\" style=\"flex-basis:66.81216%\"><figure class=\"tiled-gallery__item\"><img decoding=\"async\" alt=\"\" data-height=\"683\" data-id=\"6002\" data-link=\"https:\/\/inzain.bike\/vrg24-accomodation\/attachment\/406454239\/\" data-url=\"https:\/\/inzain.bike\/wp-content\/uploads\/2023\/11\/406454239.jpg\" data-width=\"1024\" src=\"https:\/\/i2.wp.com\/inzain.bike\/wp-content\/uploads\/2023\/11\/406454239.jpg?ssl=1\" data-amp-layout=\"responsive\"\/><\/figure><\/div><div class=\"tiled-gallery__col\" style=\"flex-basis:33.18784%\"><figure class=\"tiled-gallery__item\"><img decoding=\"async\" alt=\"\" data-height=\"683\" data-id=\"6003\" data-link=\"https:\/\/inzain.bike\/vrg24-accomodation\/attachment\/406454285\/\" data-url=\"https:\/\/inzain.bike\/wp-content\/uploads\/2023\/11\/406454285.jpg\" data-width=\"1024\" src=\"https:\/\/i2.wp.com\/inzain.bike\/wp-content\/uploads\/2023\/11\/406454285.jpg?ssl=1\" data-amp-layout=\"responsive\"\/><\/figure><figure class=\"tiled-gallery__item\"><img decoding=\"async\" alt=\"\" data-height=\"683\" data-id=\"6004\" data-link=\"https:\/\/inzain.bike\/vrg24-accomodation\/attachment\/406454315\/\" data-url=\"https:\/\/inzain.bike\/wp-content\/uploads\/2023\/11\/406454315.jpg\" data-width=\"1024\" src=\"https:\/\/i1.wp.com\/inzain.bike\/wp-content\/uploads\/2023\/11\/406454315.jpg?ssl=1\" data-amp-layout=\"responsive\"\/><\/figure><\/div><\/div><div class=\"tiled-gallery__row\"><div class=\"tiled-gallery__col\" style=\"flex-basis:100.00000%\"><figure class=\"tiled-gallery__item\"><img decoding=\"async\" alt=\"\" data-height=\"683\" data-id=\"6005\" data-link=\"https:\/\/inzain.bike\/vrg24-accomodation\/attachment\/406454347\/\" data-url=\"https:\/\/inzain.bike\/wp-content\/uploads\/2023\/11\/406454347.jpg\" data-width=\"1024\" src=\"https:\/\/i1.wp.com\/inzain.bike\/wp-content\/uploads\/2023\/11\/406454347.jpg?ssl=1\" data-amp-layout=\"responsive\"\/><\/figure><\/div><\/div><\/div><\/div>\n<\/div>\n\n\n\n<div class=\"wp-block-column is-layout-flow wp-block-column-is-layout-flow\">\n<p><strong>Askersund  Tredje natten VRG<\/strong><br><\/p>\n\n\n\n<p><strong>Best Western Norra V\u00e4ttern<\/strong><br>Hotellet ligger i Askersund, 500 meter fr\u00e5n den norra V\u00e4tternviken. Det erbjuder gratis tillg\u00e5ng till bastu, en restaurang med utsikt \u00f6ver hamnen och rum med platt-TV.<\/p>\n\n\n\n<p>Rummen p\u00e5 Best Western Hotel Norra V\u00e4ttern har tr\u00e4golv och ett skrivbord. En te- och kaffekokare finns i varje rum.<\/p>\n\n\n\n<p>Restaurangen p\u00e5 Hotel Norra V\u00e4ttern erbjuder 3-r\u00e4ttersmenyer och \u00e0 la carte-r\u00e4tter. Kylda \u00f6l och kv\u00e4llscocktails serveras i baren, d\u00e4r g\u00e4sterna kan spela biljard eller dart.<\/p>\n\n\n\n<p><\/p>\n\n\n\n<p><br><\/p>\n\n\n\n<p><br><\/p>\n<\/div>\n<\/div>\n","protected":false},"excerpt":{"rendered":"<p>J\u00f6nk\u00f6ping &#8211; F\u00f6rsta natten VRG och VRG XL Elite Stora Hotellet ligger i en vacker 1800-talsbyggnad i J\u00f6nk\u00f6ping och har vacker utsikt \u00f6ver V\u00e4ttern och ett bekv\u00e4mt l\u00e4ge i staden. H\u00e4r erbjuds rum med platt-TV och gratis WiFi. Alla rum p\u00e5 Elite J\u00f6nk\u00f6ping har eget badrum, minibar, skrivbord och h\u00e5rtork. De flesta rum har utsikt [&hellip;]<\/p>\n","protected":false},"author":135133094,"featured_media":0,"parent":0,"menu_order":0,"comment_status":"closed","ping_status":"closed","template":"","meta":{"_coblocks_attr":"Roboto","_coblocks_dimensions":"","_coblocks_responsive_height":"","_coblocks_accordion_ie_support":"","footnotes":""},"class_list":["post-5958","page","type-page","status-publish","hentry"],"yoast_head":"<!-- This site is optimized with the Yoast SEO plugin v27.2 - https:\/\/yoast.com\/product\/yoast-seo-wordpress\/ -->\n<title>VRG Boende - INZAIN Cycling EXPERIENCES<\/title>\n<meta name=\"robots\" content=\"index, follow, max-snippet:-1, max-image-preview:large, max-video-preview:-1\" \/>\n<link rel=\"canonical\" href=\"https:\/\/inzain.bike\/sv_se\/vrg24-accomodation\/\" \/>\n<meta property=\"og:locale\" content=\"sv_SE\" \/>\n<meta property=\"og:type\" content=\"article\" \/>\n<meta property=\"og:title\" content=\"VRG Boende - INZAIN Cycling EXPERIENCES\" \/>\n<meta property=\"og:description\" content=\"J\u00f6nk\u00f6ping &#8211; F\u00f6rsta natten VRG och VRG XL Elite Stora Hotellet ligger i en vacker 1800-talsbyggnad i J\u00f6nk\u00f6ping och har vacker utsikt \u00f6ver V\u00e4ttern och ett bekv\u00e4mt l\u00e4ge i staden. H\u00e4r erbjuds rum med platt-TV och gratis WiFi. Alla rum p\u00e5 Elite J\u00f6nk\u00f6ping har eget badrum, minibar, skrivbord och h\u00e5rtork. De flesta rum har utsikt [&hellip;]\" \/>\n<meta property=\"og:url\" content=\"https:\/\/inzain.bike\/sv_se\/vrg24-accomodation\/\" \/>\n<meta property=\"og:site_name\" content=\"INZAIN Cycling EXPERIENCES\" \/>\n<meta property=\"article:publisher\" content=\"https:\/\/www.facebook.com\/Inzain.bike\" \/>\n<meta property=\"article:modified_time\" content=\"2023-11-24T18:43:01+00:00\" \/>\n<meta property=\"og:image\" content=\"https:\/\/i1.wp.com\/inzain.bike\/wp-content\/uploads\/2023\/11\/20230811_085931-1.jpg?ssl=1\" \/>\n<meta name=\"twitter:card\" content=\"summary_large_image\" \/>\n<meta name=\"twitter:label1\" content=\"Ber\u00e4knad l\u00e4stid\" \/>\n\t<meta name=\"twitter:data1\" content=\"5 minuter\" \/>\n<script type=\"application\/ld+json\" class=\"yoast-schema-graph\">{\"@context\":\"https:\/\/schema.org\",\"@graph\":[{\"@type\":\"WebPage\",\"@id\":\"https:\/\/inzain.bike\/en\/vrg24-accomodation\/\",\"url\":\"https:\/\/inzain.bike\/en\/vrg24-accomodation\/\",\"name\":\"VRG Boende - INZAIN Cycling EXPERIENCES\",\"isPartOf\":{\"@id\":\"https:\/\/inzain.bike\/fr_be\/#website\"},\"primaryImageOfPage\":{\"@id\":\"https:\/\/inzain.bike\/en\/vrg24-accomodation\/#primaryimage\"},\"image\":{\"@id\":\"https:\/\/inzain.bike\/en\/vrg24-accomodation\/#primaryimage\"},\"thumbnailUrl\":\"https:\/\/i1.wp.com\/inzain.bike\/wp-content\/uploads\/2023\/11\/20230811_085931-1.jpg?ssl=1\",\"datePublished\":\"2023-11-24T15:30:13+00:00\",\"dateModified\":\"2023-11-24T18:43:01+00:00\",\"breadcrumb\":{\"@id\":\"https:\/\/inzain.bike\/en\/vrg24-accomodation\/#breadcrumb\"},\"inLanguage\":\"sv-SE\",\"potentialAction\":[{\"@type\":\"ReadAction\",\"target\":[\"https:\/\/inzain.bike\/en\/vrg24-accomodation\/\"]}]},{\"@type\":\"ImageObject\",\"inLanguage\":\"sv-SE\",\"@id\":\"https:\/\/inzain.bike\/en\/vrg24-accomodation\/#primaryimage\",\"url\":\"https:\/\/i1.wp.com\/inzain.bike\/wp-content\/uploads\/2023\/11\/20230811_085931-1.jpg?ssl=1\",\"contentUrl\":\"https:\/\/i1.wp.com\/inzain.bike\/wp-content\/uploads\/2023\/11\/20230811_085931-1.jpg?ssl=1\"},{\"@type\":\"BreadcrumbList\",\"@id\":\"https:\/\/inzain.bike\/en\/vrg24-accomodation\/#breadcrumb\",\"itemListElement\":[{\"@type\":\"ListItem\",\"position\":1,\"name\":\"Hem\",\"item\":\"https:\/\/inzain.bike\/fr_be\/\"},{\"@type\":\"ListItem\",\"position\":2,\"name\":\"VRG Boende\"}]},{\"@type\":\"WebSite\",\"@id\":\"https:\/\/inzain.bike\/fr_be\/#website\",\"url\":\"https:\/\/inzain.bike\/fr_be\/\",\"name\":\"INZAIN Cycling EXPERIENCES\",\"description\":\"Cyckling Adventures  - for everyone\",\"publisher\":{\"@id\":\"https:\/\/inzain.bike\/fr_be\/#organization\"},\"alternateName\":\"INZAIN Gravel & Travel\",\"potentialAction\":[{\"@type\":\"SearchAction\",\"target\":{\"@type\":\"EntryPoint\",\"urlTemplate\":\"https:\/\/inzain.bike\/fr_be\/?s={search_term_string}\"},\"query-input\":{\"@type\":\"PropertyValueSpecification\",\"valueRequired\":true,\"valueName\":\"search_term_string\"}}],\"inLanguage\":\"sv-SE\"},{\"@type\":\"Organization\",\"@id\":\"https:\/\/inzain.bike\/fr_be\/#organization\",\"name\":\"INZAIN Cycling EXPERIENCES\",\"url\":\"https:\/\/inzain.bike\/fr_be\/\",\"logo\":{\"@type\":\"ImageObject\",\"inLanguage\":\"sv-SE\",\"@id\":\"https:\/\/inzain.bike\/fr_be\/#\/schema\/logo\/image\/\",\"url\":\"https:\/\/i0.wp.com\/inzain.bike\/wp-content\/uploads\/2023\/09\/cropped-INZAIN_512x512_white.png?fit=512%2C512&ssl=1\",\"contentUrl\":\"https:\/\/i0.wp.com\/inzain.bike\/wp-content\/uploads\/2023\/09\/cropped-INZAIN_512x512_white.png?fit=512%2C512&ssl=1\",\"width\":512,\"height\":512,\"caption\":\"INZAIN Cycling EXPERIENCES\"},\"image\":{\"@id\":\"https:\/\/inzain.bike\/fr_be\/#\/schema\/logo\/image\/\"},\"sameAs\":[\"https:\/\/www.facebook.com\/Inzain.bike\",\"https:\/\/www.instagram.com\/inzainbike\"]}]}<\/script>\n<!-- \/ Yoast SEO plugin. -->","yoast_head_json":{"title":"VRG Boende - INZAIN Cycling EXPERIENCES","robots":{"index":"index","follow":"follow","max-snippet":"max-snippet:-1","max-image-preview":"max-image-preview:large","max-video-preview":"max-video-preview:-1"},"canonical":"https:\/\/inzain.bike\/sv_se\/vrg24-accomodation\/","og_locale":"sv_SE","og_type":"article","og_title":"VRG Boende - INZAIN Cycling EXPERIENCES","og_description":"J\u00f6nk\u00f6ping &#8211; F\u00f6rsta natten VRG och VRG XL Elite Stora Hotellet ligger i en vacker 1800-talsbyggnad i J\u00f6nk\u00f6ping och har vacker utsikt \u00f6ver V\u00e4ttern och ett bekv\u00e4mt l\u00e4ge i staden. H\u00e4r erbjuds rum med platt-TV och gratis WiFi. Alla rum p\u00e5 Elite J\u00f6nk\u00f6ping har eget badrum, minibar, skrivbord och h\u00e5rtork. De flesta rum har utsikt [&hellip;]","og_url":"https:\/\/inzain.bike\/sv_se\/vrg24-accomodation\/","og_site_name":"INZAIN Cycling EXPERIENCES","article_publisher":"https:\/\/www.facebook.com\/Inzain.bike","article_modified_time":"2023-11-24T18:43:01+00:00","og_image":[{"url":"https:\/\/i1.wp.com\/inzain.bike\/wp-content\/uploads\/2023\/11\/20230811_085931-1.jpg?ssl=1","type":"","width":"","height":""}],"twitter_card":"summary_large_image","twitter_misc":{"Ber\u00e4knad l\u00e4stid":"5 minuter"},"schema":{"@context":"https:\/\/schema.org","@graph":[{"@type":"WebPage","@id":"https:\/\/inzain.bike\/en\/vrg24-accomodation\/","url":"https:\/\/inzain.bike\/en\/vrg24-accomodation\/","name":"VRG Boende - INZAIN Cycling EXPERIENCES","isPartOf":{"@id":"https:\/\/inzain.bike\/fr_be\/#website"},"primaryImageOfPage":{"@id":"https:\/\/inzain.bike\/en\/vrg24-accomodation\/#primaryimage"},"image":{"@id":"https:\/\/inzain.bike\/en\/vrg24-accomodation\/#primaryimage"},"thumbnailUrl":"https:\/\/i1.wp.com\/inzain.bike\/wp-content\/uploads\/2023\/11\/20230811_085931-1.jpg?ssl=1","datePublished":"2023-11-24T15:30:13+00:00","dateModified":"2023-11-24T18:43:01+00:00","breadcrumb":{"@id":"https:\/\/inzain.bike\/en\/vrg24-accomodation\/#breadcrumb"},"inLanguage":"sv-SE","potentialAction":[{"@type":"ReadAction","target":["https:\/\/inzain.bike\/en\/vrg24-accomodation\/"]}]},{"@type":"ImageObject","inLanguage":"sv-SE","@id":"https:\/\/inzain.bike\/en\/vrg24-accomodation\/#primaryimage","url":"https:\/\/i1.wp.com\/inzain.bike\/wp-content\/uploads\/2023\/11\/20230811_085931-1.jpg?ssl=1","contentUrl":"https:\/\/i1.wp.com\/inzain.bike\/wp-content\/uploads\/2023\/11\/20230811_085931-1.jpg?ssl=1"},{"@type":"BreadcrumbList","@id":"https:\/\/inzain.bike\/en\/vrg24-accomodation\/#breadcrumb","itemListElement":[{"@type":"ListItem","position":1,"name":"Hem","item":"https:\/\/inzain.bike\/fr_be\/"},{"@type":"ListItem","position":2,"name":"VRG Boende"}]},{"@type":"WebSite","@id":"https:\/\/inzain.bike\/fr_be\/#website","url":"https:\/\/inzain.bike\/fr_be\/","name":"INZAIN Cycling EXPERIENCES","description":"Cyckling Adventures  - for everyone","publisher":{"@id":"https:\/\/inzain.bike\/fr_be\/#organization"},"alternateName":"INZAIN Gravel & Travel","potentialAction":[{"@type":"SearchAction","target":{"@type":"EntryPoint","urlTemplate":"https:\/\/inzain.bike\/fr_be\/?s={search_term_string}"},"query-input":{"@type":"PropertyValueSpecification","valueRequired":true,"valueName":"search_term_string"}}],"inLanguage":"sv-SE"},{"@type":"Organization","@id":"https:\/\/inzain.bike\/fr_be\/#organization","name":"INZAIN Cycling EXPERIENCES","url":"https:\/\/inzain.bike\/fr_be\/","logo":{"@type":"ImageObject","inLanguage":"sv-SE","@id":"https:\/\/inzain.bike\/fr_be\/#\/schema\/logo\/image\/","url":"https:\/\/i0.wp.com\/inzain.bike\/wp-content\/uploads\/2023\/09\/cropped-INZAIN_512x512_white.png?fit=512%2C512&ssl=1","contentUrl":"https:\/\/i0.wp.com\/inzain.bike\/wp-content\/uploads\/2023\/09\/cropped-INZAIN_512x512_white.png?fit=512%2C512&ssl=1","width":512,"height":512,"caption":"INZAIN Cycling EXPERIENCES"},"image":{"@id":"https:\/\/inzain.bike\/fr_be\/#\/schema\/logo\/image\/"},"sameAs":["https:\/\/www.facebook.com\/Inzain.bike","https:\/\/www.instagram.com\/inzainbike"]}]}},"amp_enabled":true,"_links":{"self":[{"href":"https:\/\/inzain.bike\/sv_se\/wp-json\/wp\/v2\/pages\/5958","targetHints":{"allow":["GET"]}}],"collection":[{"href":"https:\/\/inzain.bike\/sv_se\/wp-json\/wp\/v2\/pages"}],"about":[{"href":"https:\/\/inzain.bike\/sv_se\/wp-json\/wp\/v2\/types\/page"}],"author":[{"embeddable":true,"href":"https:\/\/inzain.bike\/sv_se\/wp-json\/wp\/v2\/users\/135133094"}],"replies":[{"embeddable":true,"href":"https:\/\/inzain.bike\/sv_se\/wp-json\/wp\/v2\/comments?post=5958"}],"version-history":[{"count":0,"href":"https:\/\/inzain.bike\/sv_se\/wp-json\/wp\/v2\/pages\/5958\/revisions"}],"wp:attachment":[{"href":"https:\/\/inzain.bike\/sv_se\/wp-json\/wp\/v2\/media?parent=5958"}],"curies":[{"name":"wp","href":"https:\/\/api.w.org\/{rel}","templated":true}]}}