{"id":6063,"date":"2023-11-25T13:00:31","date_gmt":"2023-11-25T12:00:31","guid":{"rendered":"https:\/\/inzain.bike\/?page_id=6063"},"modified":"2023-11-25T18:15:13","modified_gmt":"2023-11-25T17:15:13","slug":"vrg24-vrg-max","status":"publish","type":"page","link":"https:\/\/inzain.bike\/sv_se\/vrg24-vrg-max\/","title":{"rendered":"VRG MAX"},"content":{"rendered":"\n<div class=\"wp-block-columns alignwide is-layout-flex wp-container-core-columns-is-layout-28f84493 wp-block-columns-is-layout-flex\">\n<div class=\"wp-block-column is-layout-flow wp-block-column-is-layout-flow\">\n<figure class=\"wp-block-image size-large\"><img loading=\"lazy\" decoding=\"async\" width=\"768\" height=\"1024\" src=\"https:\/\/inzain.bike\/wp-content\/uploads\/2023\/11\/366122636_615392294037065_5963023379626515276_n-768x1024.jpg\" alt=\"\" class=\"wp-image-6065\" srcset=\"https:\/\/inzain.bike\/wp-content\/uploads\/2023\/11\/366122636_615392294037065_5963023379626515276_n-768x1024.jpg 768w, https:\/\/inzain.bike\/wp-content\/uploads\/2023\/11\/366122636_615392294037065_5963023379626515276_n-225x300.jpg 225w, https:\/\/inzain.bike\/wp-content\/uploads\/2023\/11\/366122636_615392294037065_5963023379626515276_n-1152x1536.jpg 1152w, https:\/\/inzain.bike\/wp-content\/uploads\/2023\/11\/366122636_615392294037065_5963023379626515276_n-9x12.jpg 9w, https:\/\/inzain.bike\/wp-content\/uploads\/2023\/11\/366122636_615392294037065_5963023379626515276_n-1320x1760.jpg 1320w, https:\/\/inzain.bike\/wp-content\/uploads\/2023\/11\/366122636_615392294037065_5963023379626515276_n-600x800.jpg 600w, https:\/\/inzain.bike\/wp-content\/uploads\/2023\/11\/366122636_615392294037065_5963023379626515276_n.jpg 1512w\" sizes=\"auto, (max-width: 768px) 100vw, 768px\" \/><\/figure>\n<\/div>\n\n\n\n<div class=\"wp-block-column is-layout-flow wp-block-column-is-layout-flow\">\n<div style=\"height:100px\" aria-hidden=\"true\" class=\"wp-block-spacer\"><\/div>\n\n\n\n<p class=\"has-roboto-font-family has-custom-font\" style=\"font-family:Roboto\">VRG MAX \u00e4r helt unsupported. Om du vill cykla p\u00e5 en dag, tv\u00e5 eller fler \u00e4r helt upp till dig. Du sk\u00f6ter sj\u00e4lv hur du vill bo.  T\u00e4lt, vandrarhem, hos en v\u00e4n eller hotell. Du bokar och v\u00e4ljer sj\u00e4lv.<\/p>\n\n\n\n<p>V\u00e5r s\u00e4kerhetsbil finns om du beh\u00f6ver bryta och inte kan ordna egen transport.<\/p>\n\n\n\n<p>Det h\u00e4r \u00e4r inte f\u00f6r alla, men perfekt f\u00f6r vissa.<br><br>Banan \u00e4r samma som VRG XL, 450 km, 4,500 h\u00f6jdmeter.  Du kan genomf\u00f6ra VRG MAX p\u00e5 s\u00e5 m\u00e5nga eller f\u00e5 dagar du vill.<br><br>Du best\u00e4mmer sj\u00e4lv hur du vill bo, t\u00e4lt, hotell eller allt d\u00e4remellan.<br><br>Starten sker i Motala, precis som f\u00f6r VRG-XL.<br><br>Du kommer f\u00e5 n\u00f6dnummer och andra s\u00e4tt att n\u00e5 oss om du beh\u00f6ver bli r\u00e4ddad och inte kan klara det p\u00e5 egen hand<\/p>\n\n\n\n<div style=\"height:139px\" aria-hidden=\"true\" class=\"wp-block-spacer\"><\/div>\n\n\n\n<div class=\"wp-block-buttons is-content-justification-center is-layout-flex wp-container-core-buttons-is-layout-a89b3969 wp-block-buttons-is-layout-flex\">\n<div class=\"wp-block-button has-custom-width wp-block-button__width-50 is-style-circular\"><a class=\"wp-block-button__link has-vivid-cyan-blue-background-color has-background wp-element-button\" href=\"https:\/\/inzain.bike\/vrg24-registration\/\">till bokningen<\/a><\/div>\n<\/div>\n<\/div>\n<\/div>\n","protected":false},"excerpt":{"rendered":"<p>VRG MAX \u00e4r helt unsupported. Om du vill cykla p\u00e5 en dag, tv\u00e5 eller fler \u00e4r helt upp till dig. Du sk\u00f6ter sj\u00e4lv hur du vill bo. T\u00e4lt, vandrarhem, hos en v\u00e4n eller hotell. Du bokar och v\u00e4ljer sj\u00e4lv. V\u00e5r s\u00e4kerhetsbil finns om du beh\u00f6ver bryta och inte kan ordna egen transport. Det h\u00e4r \u00e4r [&hellip;]<\/p>\n","protected":false},"author":135133094,"featured_media":0,"parent":0,"menu_order":0,"comment_status":"closed","ping_status":"closed","template":"","meta":{"_coblocks_attr":"Roboto","_coblocks_dimensions":"","_coblocks_responsive_height":"","_coblocks_accordion_ie_support":"","footnotes":""},"class_list":["post-6063","page","type-page","status-publish","hentry"],"yoast_head":"<!-- This site is optimized with the Yoast SEO plugin v27.2 - https:\/\/yoast.com\/product\/yoast-seo-wordpress\/ -->\n<title>VRG MAX - INZAIN Cycling EXPERIENCES<\/title>\n<meta name=\"robots\" content=\"index, follow, max-snippet:-1, max-image-preview:large, max-video-preview:-1\" \/>\n<link rel=\"canonical\" href=\"https:\/\/inzain.bike\/sv_se\/vrg24-vrg-max\/\" \/>\n<meta property=\"og:locale\" content=\"sv_SE\" \/>\n<meta property=\"og:type\" content=\"article\" \/>\n<meta property=\"og:title\" content=\"VRG MAX - INZAIN Cycling EXPERIENCES\" \/>\n<meta property=\"og:description\" content=\"VRG MAX \u00e4r helt unsupported. Om du vill cykla p\u00e5 en dag, tv\u00e5 eller fler \u00e4r helt upp till dig. Du sk\u00f6ter sj\u00e4lv hur du vill bo. T\u00e4lt, vandrarhem, hos en v\u00e4n eller hotell. Du bokar och v\u00e4ljer sj\u00e4lv. V\u00e5r s\u00e4kerhetsbil finns om du beh\u00f6ver bryta och inte kan ordna egen transport. Det h\u00e4r \u00e4r [&hellip;]\" \/>\n<meta property=\"og:url\" content=\"https:\/\/inzain.bike\/sv_se\/vrg24-vrg-max\/\" \/>\n<meta property=\"og:site_name\" content=\"INZAIN Cycling EXPERIENCES\" \/>\n<meta property=\"article:publisher\" content=\"https:\/\/www.facebook.com\/Inzain.bike\" \/>\n<meta property=\"article:modified_time\" content=\"2023-11-25T17:15:13+00:00\" \/>\n<meta property=\"og:image\" content=\"https:\/\/inzain.bike\/wp-content\/uploads\/2023\/11\/366122636_615392294037065_5963023379626515276_n-768x1024.jpg\" \/>\n<meta name=\"twitter:card\" content=\"summary_large_image\" \/>\n<meta name=\"twitter:label1\" content=\"Ber\u00e4knad l\u00e4stid\" \/>\n\t<meta name=\"twitter:data1\" content=\"1 minut\" \/>\n<script type=\"application\/ld+json\" class=\"yoast-schema-graph\">{\"@context\":\"https:\/\/schema.org\",\"@graph\":[{\"@type\":\"WebPage\",\"@id\":\"https:\/\/inzain.bike\/sv_se\/vrg24-vrg-max\/\",\"url\":\"https:\/\/inzain.bike\/sv_se\/vrg24-vrg-max\/\",\"name\":\"VRG MAX - INZAIN Cycling EXPERIENCES\",\"isPartOf\":{\"@id\":\"https:\/\/inzain.bike\/fr_be\/#website\"},\"primaryImageOfPage\":{\"@id\":\"https:\/\/inzain.bike\/sv_se\/vrg24-vrg-max\/#primaryimage\"},\"image\":{\"@id\":\"https:\/\/inzain.bike\/sv_se\/vrg24-vrg-max\/#primaryimage\"},\"thumbnailUrl\":\"https:\/\/inzain.bike\/wp-content\/uploads\/2023\/11\/366122636_615392294037065_5963023379626515276_n-768x1024.jpg\",\"datePublished\":\"2023-11-25T12:00:31+00:00\",\"dateModified\":\"2023-11-25T17:15:13+00:00\",\"breadcrumb\":{\"@id\":\"https:\/\/inzain.bike\/sv_se\/vrg24-vrg-max\/#breadcrumb\"},\"inLanguage\":\"sv-SE\",\"potentialAction\":[{\"@type\":\"ReadAction\",\"target\":[\"https:\/\/inzain.bike\/sv_se\/vrg24-vrg-max\/\"]}]},{\"@type\":\"ImageObject\",\"inLanguage\":\"sv-SE\",\"@id\":\"https:\/\/inzain.bike\/sv_se\/vrg24-vrg-max\/#primaryimage\",\"url\":\"https:\/\/inzain.bike\/wp-content\/uploads\/2023\/11\/366122636_615392294037065_5963023379626515276_n-768x1024.jpg\",\"contentUrl\":\"https:\/\/inzain.bike\/wp-content\/uploads\/2023\/11\/366122636_615392294037065_5963023379626515276_n-768x1024.jpg\"},{\"@type\":\"BreadcrumbList\",\"@id\":\"https:\/\/inzain.bike\/sv_se\/vrg24-vrg-max\/#breadcrumb\",\"itemListElement\":[{\"@type\":\"ListItem\",\"position\":1,\"name\":\"Hem\",\"item\":\"https:\/\/inzain.bike\/fr_be\/\"},{\"@type\":\"ListItem\",\"position\":2,\"name\":\"VRG MAX\"}]},{\"@type\":\"WebSite\",\"@id\":\"https:\/\/inzain.bike\/fr_be\/#website\",\"url\":\"https:\/\/inzain.bike\/fr_be\/\",\"name\":\"INZAIN Cycling EXPERIENCES\",\"description\":\"Cyckling Adventures  - for everyone\",\"publisher\":{\"@id\":\"https:\/\/inzain.bike\/fr_be\/#organization\"},\"alternateName\":\"INZAIN Gravel & Travel\",\"potentialAction\":[{\"@type\":\"SearchAction\",\"target\":{\"@type\":\"EntryPoint\",\"urlTemplate\":\"https:\/\/inzain.bike\/fr_be\/?s={search_term_string}\"},\"query-input\":{\"@type\":\"PropertyValueSpecification\",\"valueRequired\":true,\"valueName\":\"search_term_string\"}}],\"inLanguage\":\"sv-SE\"},{\"@type\":\"Organization\",\"@id\":\"https:\/\/inzain.bike\/fr_be\/#organization\",\"name\":\"INZAIN Cycling EXPERIENCES\",\"url\":\"https:\/\/inzain.bike\/fr_be\/\",\"logo\":{\"@type\":\"ImageObject\",\"inLanguage\":\"sv-SE\",\"@id\":\"https:\/\/inzain.bike\/fr_be\/#\/schema\/logo\/image\/\",\"url\":\"https:\/\/i0.wp.com\/inzain.bike\/wp-content\/uploads\/2023\/09\/cropped-INZAIN_512x512_white.png?fit=512%2C512&ssl=1\",\"contentUrl\":\"https:\/\/i0.wp.com\/inzain.bike\/wp-content\/uploads\/2023\/09\/cropped-INZAIN_512x512_white.png?fit=512%2C512&ssl=1\",\"width\":512,\"height\":512,\"caption\":\"INZAIN Cycling EXPERIENCES\"},\"image\":{\"@id\":\"https:\/\/inzain.bike\/fr_be\/#\/schema\/logo\/image\/\"},\"sameAs\":[\"https:\/\/www.facebook.com\/Inzain.bike\",\"https:\/\/www.instagram.com\/inzainbike\"]}]}<\/script>\n<!-- \/ Yoast SEO plugin. -->","yoast_head_json":{"title":"VRG MAX - INZAIN Cycling EXPERIENCES","robots":{"index":"index","follow":"follow","max-snippet":"max-snippet:-1","max-image-preview":"max-image-preview:large","max-video-preview":"max-video-preview:-1"},"canonical":"https:\/\/inzain.bike\/sv_se\/vrg24-vrg-max\/","og_locale":"sv_SE","og_type":"article","og_title":"VRG MAX - INZAIN Cycling EXPERIENCES","og_description":"VRG MAX \u00e4r helt unsupported. Om du vill cykla p\u00e5 en dag, tv\u00e5 eller fler \u00e4r helt upp till dig. Du sk\u00f6ter sj\u00e4lv hur du vill bo. T\u00e4lt, vandrarhem, hos en v\u00e4n eller hotell. Du bokar och v\u00e4ljer sj\u00e4lv. V\u00e5r s\u00e4kerhetsbil finns om du beh\u00f6ver bryta och inte kan ordna egen transport. Det h\u00e4r \u00e4r [&hellip;]","og_url":"https:\/\/inzain.bike\/sv_se\/vrg24-vrg-max\/","og_site_name":"INZAIN Cycling EXPERIENCES","article_publisher":"https:\/\/www.facebook.com\/Inzain.bike","article_modified_time":"2023-11-25T17:15:13+00:00","og_image":[{"url":"https:\/\/inzain.bike\/wp-content\/uploads\/2023\/11\/366122636_615392294037065_5963023379626515276_n-768x1024.jpg","type":"","width":"","height":""}],"twitter_card":"summary_large_image","twitter_misc":{"Ber\u00e4knad l\u00e4stid":"1 minut"},"schema":{"@context":"https:\/\/schema.org","@graph":[{"@type":"WebPage","@id":"https:\/\/inzain.bike\/sv_se\/vrg24-vrg-max\/","url":"https:\/\/inzain.bike\/sv_se\/vrg24-vrg-max\/","name":"VRG MAX - INZAIN Cycling EXPERIENCES","isPartOf":{"@id":"https:\/\/inzain.bike\/fr_be\/#website"},"primaryImageOfPage":{"@id":"https:\/\/inzain.bike\/sv_se\/vrg24-vrg-max\/#primaryimage"},"image":{"@id":"https:\/\/inzain.bike\/sv_se\/vrg24-vrg-max\/#primaryimage"},"thumbnailUrl":"https:\/\/inzain.bike\/wp-content\/uploads\/2023\/11\/366122636_615392294037065_5963023379626515276_n-768x1024.jpg","datePublished":"2023-11-25T12:00:31+00:00","dateModified":"2023-11-25T17:15:13+00:00","breadcrumb":{"@id":"https:\/\/inzain.bike\/sv_se\/vrg24-vrg-max\/#breadcrumb"},"inLanguage":"sv-SE","potentialAction":[{"@type":"ReadAction","target":["https:\/\/inzain.bike\/sv_se\/vrg24-vrg-max\/"]}]},{"@type":"ImageObject","inLanguage":"sv-SE","@id":"https:\/\/inzain.bike\/sv_se\/vrg24-vrg-max\/#primaryimage","url":"https:\/\/inzain.bike\/wp-content\/uploads\/2023\/11\/366122636_615392294037065_5963023379626515276_n-768x1024.jpg","contentUrl":"https:\/\/inzain.bike\/wp-content\/uploads\/2023\/11\/366122636_615392294037065_5963023379626515276_n-768x1024.jpg"},{"@type":"BreadcrumbList","@id":"https:\/\/inzain.bike\/sv_se\/vrg24-vrg-max\/#breadcrumb","itemListElement":[{"@type":"ListItem","position":1,"name":"Hem","item":"https:\/\/inzain.bike\/fr_be\/"},{"@type":"ListItem","position":2,"name":"VRG MAX"}]},{"@type":"WebSite","@id":"https:\/\/inzain.bike\/fr_be\/#website","url":"https:\/\/inzain.bike\/fr_be\/","name":"INZAIN Cycling EXPERIENCES","description":"Cyckling Adventures  - for everyone","publisher":{"@id":"https:\/\/inzain.bike\/fr_be\/#organization"},"alternateName":"INZAIN Gravel & Travel","potentialAction":[{"@type":"SearchAction","target":{"@type":"EntryPoint","urlTemplate":"https:\/\/inzain.bike\/fr_be\/?s={search_term_string}"},"query-input":{"@type":"PropertyValueSpecification","valueRequired":true,"valueName":"search_term_string"}}],"inLanguage":"sv-SE"},{"@type":"Organization","@id":"https:\/\/inzain.bike\/fr_be\/#organization","name":"INZAIN Cycling EXPERIENCES","url":"https:\/\/inzain.bike\/fr_be\/","logo":{"@type":"ImageObject","inLanguage":"sv-SE","@id":"https:\/\/inzain.bike\/fr_be\/#\/schema\/logo\/image\/","url":"https:\/\/i0.wp.com\/inzain.bike\/wp-content\/uploads\/2023\/09\/cropped-INZAIN_512x512_white.png?fit=512%2C512&ssl=1","contentUrl":"https:\/\/i0.wp.com\/inzain.bike\/wp-content\/uploads\/2023\/09\/cropped-INZAIN_512x512_white.png?fit=512%2C512&ssl=1","width":512,"height":512,"caption":"INZAIN Cycling EXPERIENCES"},"image":{"@id":"https:\/\/inzain.bike\/fr_be\/#\/schema\/logo\/image\/"},"sameAs":["https:\/\/www.facebook.com\/Inzain.bike","https:\/\/www.instagram.com\/inzainbike"]}]}},"amp_enabled":true,"_links":{"self":[{"href":"https:\/\/inzain.bike\/sv_se\/wp-json\/wp\/v2\/pages\/6063","targetHints":{"allow":["GET"]}}],"collection":[{"href":"https:\/\/inzain.bike\/sv_se\/wp-json\/wp\/v2\/pages"}],"about":[{"href":"https:\/\/inzain.bike\/sv_se\/wp-json\/wp\/v2\/types\/page"}],"author":[{"embeddable":true,"href":"https:\/\/inzain.bike\/sv_se\/wp-json\/wp\/v2\/users\/135133094"}],"replies":[{"embeddable":true,"href":"https:\/\/inzain.bike\/sv_se\/wp-json\/wp\/v2\/comments?post=6063"}],"version-history":[{"count":0,"href":"https:\/\/inzain.bike\/sv_se\/wp-json\/wp\/v2\/pages\/6063\/revisions"}],"wp:attachment":[{"href":"https:\/\/inzain.bike\/sv_se\/wp-json\/wp\/v2\/media?parent=6063"}],"curies":[{"name":"wp","href":"https:\/\/api.w.org\/{rel}","templated":true}]}}