{"id":6172,"date":"2023-11-25T20:33:28","date_gmt":"2023-11-25T19:33:28","guid":{"rendered":"https:\/\/inzain.bike\/?page_id=6172"},"modified":"2024-01-08T10:51:51","modified_gmt":"2024-01-08T09:51:51","slug":"jap24-cykling","status":"publish","type":"page","link":"https:\/\/inzain.bike\/sv_se\/jap24-cykling\/","title":{"rendered":"Japan Cykling"},"content":{"rendered":"\n<div class=\"wp-block-columns alignwide is-layout-flex wp-container-core-columns-is-layout-28f84493 wp-block-columns-is-layout-flex\">\n<div class=\"wp-block-column is-layout-flow wp-block-column-is-layout-flow\">\n<p class=\"has-roboto-font-family has-custom-font\" style=\"font-family:Roboto\">I Japan \u00e4r allt sn\u00e4llt och \u00f6dmjukt s\u00e5 \u00e4ven cyklingen. Vi h\u00e5ller oss d\u00e4rf\u00f6r ofta under 10 mil om dagen och runt 1.000 h\u00f6jdmeter. Omr\u00e5det norr om Nikko \u00e4r helt fantastiskt och nationalparken d\u00e4r \u00e4r sj\u00e4lvklart med p\u00e5 UNESCOS lista. Vi kommer att cykla i en milj\u00f6 som \u00e4r omgiven av vattenfall, sj\u00f6ar, bergsbyar, tempel och kloster. F\u00f6r att l\u00e4ttast beskriva detta omr\u00e5de s\u00e5 \u00e4r det faktiskt som en scen ur Sagan om ringen och d\u00e5 s\u00e5klart Lorien, alvernas hem.<\/p>\n\n\n\n<p class=\"has-roboto-font-family has-custom-font\" style=\"font-family:Roboto\">Vi kommer ta oss fram p\u00e5 v\u00e4gar som har v\u00e4ldigt glest med trafik. Och n\u00e4r vi v\u00e4l m\u00f6ter bilar \u00e4r dom mycket h\u00e4nsynsfulla. De flesta av dagarna avslutas med ett underbart bad i ett av de m\u00e5nga varma k\u00e4llorna \/ Onsen som finns i omr\u00e5det. <\/p>\n<\/div>\n<\/div>\n\n\n\n<p class=\"has-text-align-left has-roboto-font-family has-custom-font has-custom-weight\" style=\"font-family:Roboto;font-weight:bold;font-size:30px\">Schema<\/p>\n\n\n\n<div class=\"wp-block-columns alignwide is-layout-flex wp-container-core-columns-is-layout-28f84493 wp-block-columns-is-layout-flex\">\n<div class=\"wp-block-column is-layout-flow wp-block-column-is-layout-flow\">\n<figure class=\"wp-block-image size-full\"><img decoding=\"async\" src=\"https:\/\/inzain.bike\/wp-content\/uploads\/2024\/01\/pexels-axp-photography-18848782.jpg\" alt=\"\" class=\"wp-image-6585\"\/><\/figure>\n<\/div>\n\n\n\n<div class=\"wp-block-column is-layout-flow wp-block-column-is-layout-flow\">\n<p><strong>Dag Ett <\/strong><\/p>\n\n\n\n<p>Efter en tidig start med buss fr\u00e5n v\u00e5rt hotel i Tokyo s\u00e5 n\u00e5r vi resans start Nikko. Innan vi rullar iv\u00e4g mot sj\u00f6n Chuzenji s\u00e5 g\u00f6r vi s\u00e5klart ett bes\u00f6k i ett av de m\u00e5nga tempel som finns i Nikko. Denna dag \u00e4r lite lugnare med ca.5 mil p\u00e5 programmet.<\/p>\n<\/div>\n<\/div>\n\n\n\n<div class=\"wp-block-columns alignwide is-layout-flex wp-container-core-columns-is-layout-28f84493 wp-block-columns-is-layout-flex\">\n<div class=\"wp-block-column is-layout-flow wp-block-column-is-layout-flow\">\n<p><strong>Dag Tv\u00e5 <\/strong><\/p>\n\n\n\n<p>Efter en h\u00e4rlig frukost nere vid sj\u00f6n Chuzenji, som ocks\u00e5 kallas Lyckans Sj\u00f6, styr vi \u00f6ster ut mot Kawai, d\u00e4r vi bor vid Ichityukaku och kan njuta av deras h\u00e4rliga Onsen bad.<\/p>\n<\/div>\n\n\n\n<div class=\"wp-block-column is-layout-flow wp-block-column-is-layout-flow\">\n<figure class=\"wp-block-image size-full\"><img decoding=\"async\" src=\"https:\/\/inzain.bike\/wp-content\/uploads\/2024\/01\/pexels-ryutaro-tsukata-6249515.jpg\" alt=\"\" class=\"wp-image-6587\"\/><\/figure>\n<\/div>\n<\/div>\n\n\n\n<div class=\"wp-block-columns alignwide is-layout-flex wp-container-core-columns-is-layout-28f84493 wp-block-columns-is-layout-flex\">\n<div class=\"wp-block-column is-layout-flow wp-block-column-is-layout-flow\">\n<figure class=\"wp-block-image size-full is-resized\"><img decoding=\"async\" src=\"https:\/\/inzain.bike\/wp-content\/uploads\/2024\/01\/pexels-satoshi-hirayama-1876568.jpg\" alt=\"\" class=\"wp-image-6588\" style=\"width:350px;height:auto\"\/><\/figure>\n<\/div>\n\n\n\n<div class=\"wp-block-column is-layout-flow wp-block-column-is-layout-flow\">\n<p><strong>Dag Tre <\/strong><\/p>\n\n\n\n<p>Efter tv\u00e5 lite lugnare dagar styr vi nu rakt \u00f6ster ut mot Kitakata. Stan och omr\u00e5det \u00e4r k\u00e4nt f\u00f6r sin tillverkning av Sake. S\u00e5 har vi inte pr\u00f6vat det innan, blir det s\u00e4kert en m\u00e5lbild f\u00f6r m\u00e5nga av oss. Lite l\u00e4ngre cykling idag 9 mil och 800 h\u00f6jdmeter.<\/p>\n<\/div>\n<\/div>\n\n\n\n<div class=\"wp-block-columns alignwide is-layout-flex wp-container-core-columns-is-layout-28f84493 wp-block-columns-is-layout-flex\">\n<div class=\"wp-block-column is-layout-flow wp-block-column-is-layout-flow\">\n<p><strong>Dag Fyra <\/strong><\/p>\n\n\n\n<p>Denna morgon g\u00f6r vi en lite tidigare start. V\u00e5rt m\u00e5l \u00e4r staden Nagai som ligger n\u00e4stan 12 mil norrut. S\u00e5 lite tuffare cykling idag, d\u00e5 de underbara bergsidorna kommer att ha tagit oss upp och ner totalt n\u00e4stan 1.800 h\u00f6jdmeter idag. En varm k\u00e4lla och kall lokal \u00f6l v\u00e4ntar!!<\/p>\n<\/div>\n\n\n\n<div class=\"wp-block-column is-layout-flow wp-block-column-is-layout-flow\">\n<figure class=\"wp-block-image size-full\"><img decoding=\"async\" src=\"https:\/\/inzain.bike\/wp-content\/uploads\/2024\/01\/pexels-rajesh-tp-2098085.jpg\" alt=\"\" class=\"wp-image-6589\"\/><\/figure>\n<\/div>\n<\/div>\n\n\n\n<div class=\"wp-block-columns alignwide is-layout-flex wp-container-core-columns-is-layout-28f84493 wp-block-columns-is-layout-flex\">\n<div class=\"wp-block-column is-layout-flow wp-block-column-is-layout-flow\">\n<figure class=\"wp-block-image size-full\"><img decoding=\"async\" src=\"https:\/\/inzain.bike\/wp-content\/uploads\/2024\/01\/pexels-arthouse-studio-4534200.jpg\" alt=\"\" class=\"wp-image-6590\"\/><\/figure>\n<\/div>\n\n\n\n<div class=\"wp-block-column is-layout-flow wp-block-column-is-layout-flow\">\n<p><strong>Dag Fem <\/strong><\/p>\n\n\n\n<p>Lite lugnare idag efter g\u00e5rdagens urladdning. Idag \u00e4r det under 10 mil och knappt 600 h\u00f6jdmeter. \u00c4nd\u00e5 underbart vackert att b\u00f6rja uppe p\u00e5 denna plat\u00e5 f\u00f6r att sen ta oss ner\u00e5t mot Shinjo. <\/p>\n<\/div>\n<\/div>\n\n\n\n<div class=\"wp-block-columns alignwide is-layout-flex wp-container-core-columns-is-layout-28f84493 wp-block-columns-is-layout-flex\">\n<div class=\"wp-block-column is-layout-flow wp-block-column-is-layout-flow\">\n<p><strong>Dag Sex <\/strong><\/p>\n\n\n\n<p>Lite tuffare cykling idag n\u00e4r vi \u00e5ker rakt \u00f6sterut mot Ichinoseki. 11 mil och n\u00e4stan 1.200 h\u00f6jdmeter. Men vid det \u00e4r laget \u00e4r vi helt acklimatiserade och inne i det underbara med att bara &#8220;vara&#8221;. Och \u00e4ta, cykla och sova.<\/p>\n<\/div>\n\n\n\n<div class=\"wp-block-column is-layout-flow wp-block-column-is-layout-flow\">\n<figure class=\"wp-block-image size-full\"><img decoding=\"async\" src=\"https:\/\/inzain.bike\/wp-content\/uploads\/2024\/01\/pexels-aleksandar-pasaric-2339009.jpg\" alt=\"\" class=\"wp-image-6591\"\/><\/figure>\n<\/div>\n<\/div>\n\n\n\n<div class=\"wp-block-columns is-layout-flex wp-container-core-columns-is-layout-28f84493 wp-block-columns-is-layout-flex\">\n<div class=\"wp-block-column is-layout-flow wp-block-column-is-layout-flow\" style=\"flex-basis:100%\">\n<p><br><\/p>\n\n\n\n<div class=\"wp-block-columns alignwide is-layout-flex wp-container-core-columns-is-layout-28f84493 wp-block-columns-is-layout-flex\">\n<div class=\"wp-block-column is-layout-flow wp-block-column-is-layout-flow\">\n<figure class=\"wp-block-image size-full\"><img decoding=\"async\" src=\"https:\/\/inzain.bike\/wp-content\/uploads\/2024\/01\/pexels-enric-cruz-lopez-9989617.jpg\" alt=\"\" class=\"wp-image-6592\"\/><\/figure>\n<\/div>\n\n\n\n<div class=\"wp-block-column is-layout-flow wp-block-column-is-layout-flow\">\n<p><strong>Dag <\/strong>Sju<\/p>\n\n\n\n<p>Lagom l\u00e5ng cykling idag. 9 mil och 1.100 h\u00f6jdmeter. M\u00e5let f\u00f6r dagen \u00e4r staden Nishiwaga. Och det underbart vackra sj\u00f6n Kinshu. Detta \u00e4r sista dagen med cykling fr\u00e5n morgon till kv\u00e4ll.  <\/p>\n<\/div>\n<\/div>\n<\/div>\n<\/div>\n\n\n\n<div class=\"wp-block-columns alignwide is-layout-flex wp-container-core-columns-is-layout-28f84493 wp-block-columns-is-layout-flex\">\n<div class=\"wp-block-column is-layout-flow wp-block-column-is-layout-flow\">\n<p><strong>Dag <\/strong>\u00c5tta<\/p>\n\n\n\n<p>Lagom tidig start fr\u00e5n Nishiwaga. Idag cyklar vi bara en halvdag. V\u00e5rt m\u00e5l \u00e4r staden Morika d\u00e4r v\u00e5rt snabbt\u00e5g\u2002\/ Shinkansen som ska ta oss tillbaka till Tokyo v\u00e4ntar p\u00e5 oss. Har vi tur s\u00e5 hinner vi \u00e4ta varsin Morioka Reimen som \u00e4r den k\u00e4nda nudelsoppan som staden \u00e4r k\u00e4nd f\u00f6r. <\/p>\n\n\n\n<div class=\"wp-block-columns is-layout-flex wp-container-core-columns-is-layout-28f84493 wp-block-columns-is-layout-flex\">\n<div class=\"wp-block-column is-layout-flow wp-block-column-is-layout-flow\" style=\"flex-basis:100%\">\n<p><br><\/p>\n\n\n\n<div class=\"wp-block-columns alignwide is-layout-flex wp-container-core-columns-is-layout-28f84493 wp-block-columns-is-layout-flex\"><\/div>\n<\/div>\n<\/div>\n<\/div>\n\n\n\n<div class=\"wp-block-column is-layout-flow wp-block-column-is-layout-flow\">\n<figure class=\"wp-block-image size-full\"><img decoding=\"async\" src=\"https:\/\/inzain.bike\/wp-content\/uploads\/2024\/01\/pexels-justin-brinkhoff-5194487.jpg\" alt=\"\" class=\"wp-image-6593\"\/><\/figure>\n<\/div>\n<\/div>\n","protected":false},"excerpt":{"rendered":"<p>I Japan \u00e4r allt sn\u00e4llt och \u00f6dmjukt s\u00e5 \u00e4ven cyklingen. Vi h\u00e5ller oss d\u00e4rf\u00f6r ofta under 10 mil om dagen och runt 1.000 h\u00f6jdmeter. Omr\u00e5det norr om Nikko \u00e4r helt fantastiskt och nationalparken d\u00e4r \u00e4r sj\u00e4lvklart med p\u00e5 UNESCOS lista. Vi kommer att cykla i en milj\u00f6 som \u00e4r omgiven av vattenfall, sj\u00f6ar, bergsbyar, tempel [&hellip;]<\/p>\n","protected":false},"author":135133094,"featured_media":0,"parent":0,"menu_order":0,"comment_status":"closed","ping_status":"closed","template":"","meta":{"_coblocks_attr":"","_coblocks_dimensions":"","_coblocks_responsive_height":"","_coblocks_accordion_ie_support":"","footnotes":""},"class_list":["post-6172","page","type-page","status-publish","hentry"],"yoast_head":"<!-- This site is optimized with the Yoast SEO plugin v27.2 - https:\/\/yoast.com\/product\/yoast-seo-wordpress\/ -->\n<title>Japan Cykling - INZAIN Cycling EXPERIENCES<\/title>\n<meta name=\"robots\" content=\"index, follow, max-snippet:-1, max-image-preview:large, max-video-preview:-1\" \/>\n<link rel=\"canonical\" href=\"https:\/\/inzain.bike\/sv_se\/jap24-cykling\/\" \/>\n<meta property=\"og:locale\" content=\"sv_SE\" \/>\n<meta property=\"og:type\" content=\"article\" \/>\n<meta property=\"og:title\" content=\"Japan Cykling - INZAIN Cycling EXPERIENCES\" \/>\n<meta property=\"og:description\" content=\"I Japan \u00e4r allt sn\u00e4llt och \u00f6dmjukt s\u00e5 \u00e4ven cyklingen. Vi h\u00e5ller oss d\u00e4rf\u00f6r ofta under 10 mil om dagen och runt 1.000 h\u00f6jdmeter. Omr\u00e5det norr om Nikko \u00e4r helt fantastiskt och nationalparken d\u00e4r \u00e4r sj\u00e4lvklart med p\u00e5 UNESCOS lista. Vi kommer att cykla i en milj\u00f6 som \u00e4r omgiven av vattenfall, sj\u00f6ar, bergsbyar, tempel [&hellip;]\" \/>\n<meta property=\"og:url\" content=\"https:\/\/inzain.bike\/sv_se\/jap24-cykling\/\" \/>\n<meta property=\"og:site_name\" content=\"INZAIN Cycling EXPERIENCES\" \/>\n<meta property=\"article:publisher\" content=\"https:\/\/www.facebook.com\/Inzain.bike\" \/>\n<meta property=\"article:modified_time\" content=\"2024-01-08T09:51:51+00:00\" \/>\n<meta property=\"og:image\" content=\"https:\/\/inzain.bike\/wp-content\/uploads\/2024\/01\/pexels-axp-photography-18848782.jpg\" \/>\n<meta name=\"twitter:card\" content=\"summary_large_image\" \/>\n<meta name=\"twitter:label1\" content=\"Ber\u00e4knad l\u00e4stid\" \/>\n\t<meta name=\"twitter:data1\" content=\"4 minuter\" \/>\n<script type=\"application\/ld+json\" class=\"yoast-schema-graph\">{\"@context\":\"https:\/\/schema.org\",\"@graph\":[{\"@type\":\"WebPage\",\"@id\":\"https:\/\/inzain.bike\/en_gb\/jap24-cykling\/\",\"url\":\"https:\/\/inzain.bike\/en_gb\/jap24-cykling\/\",\"name\":\"Japan Cykling - INZAIN Cycling EXPERIENCES\",\"isPartOf\":{\"@id\":\"https:\/\/inzain.bike\/fr_be\/#website\"},\"primaryImageOfPage\":{\"@id\":\"https:\/\/inzain.bike\/en_gb\/jap24-cykling\/#primaryimage\"},\"image\":{\"@id\":\"https:\/\/inzain.bike\/en_gb\/jap24-cykling\/#primaryimage\"},\"thumbnailUrl\":\"https:\/\/inzain.bike\/wp-content\/uploads\/2024\/01\/pexels-axp-photography-18848782.jpg\",\"datePublished\":\"2023-11-25T19:33:28+00:00\",\"dateModified\":\"2024-01-08T09:51:51+00:00\",\"breadcrumb\":{\"@id\":\"https:\/\/inzain.bike\/en_gb\/jap24-cykling\/#breadcrumb\"},\"inLanguage\":\"sv-SE\",\"potentialAction\":[{\"@type\":\"ReadAction\",\"target\":[\"https:\/\/inzain.bike\/en_gb\/jap24-cykling\/\"]}]},{\"@type\":\"ImageObject\",\"inLanguage\":\"sv-SE\",\"@id\":\"https:\/\/inzain.bike\/en_gb\/jap24-cykling\/#primaryimage\",\"url\":\"https:\/\/inzain.bike\/wp-content\/uploads\/2024\/01\/pexels-axp-photography-18848782.jpg\",\"contentUrl\":\"https:\/\/inzain.bike\/wp-content\/uploads\/2024\/01\/pexels-axp-photography-18848782.jpg\"},{\"@type\":\"BreadcrumbList\",\"@id\":\"https:\/\/inzain.bike\/en_gb\/jap24-cykling\/#breadcrumb\",\"itemListElement\":[{\"@type\":\"ListItem\",\"position\":1,\"name\":\"Hem\",\"item\":\"https:\/\/inzain.bike\/fr_be\/\"},{\"@type\":\"ListItem\",\"position\":2,\"name\":\"Japan Cykling\"}]},{\"@type\":\"WebSite\",\"@id\":\"https:\/\/inzain.bike\/fr_be\/#website\",\"url\":\"https:\/\/inzain.bike\/fr_be\/\",\"name\":\"INZAIN Cycling EXPERIENCES\",\"description\":\"Cyckling Adventures  - for everyone\",\"publisher\":{\"@id\":\"https:\/\/inzain.bike\/fr_be\/#organization\"},\"alternateName\":\"INZAIN Gravel & Travel\",\"potentialAction\":[{\"@type\":\"SearchAction\",\"target\":{\"@type\":\"EntryPoint\",\"urlTemplate\":\"https:\/\/inzain.bike\/fr_be\/?s={search_term_string}\"},\"query-input\":{\"@type\":\"PropertyValueSpecification\",\"valueRequired\":true,\"valueName\":\"search_term_string\"}}],\"inLanguage\":\"sv-SE\"},{\"@type\":\"Organization\",\"@id\":\"https:\/\/inzain.bike\/fr_be\/#organization\",\"name\":\"INZAIN Cycling EXPERIENCES\",\"url\":\"https:\/\/inzain.bike\/fr_be\/\",\"logo\":{\"@type\":\"ImageObject\",\"inLanguage\":\"sv-SE\",\"@id\":\"https:\/\/inzain.bike\/fr_be\/#\/schema\/logo\/image\/\",\"url\":\"https:\/\/i0.wp.com\/inzain.bike\/wp-content\/uploads\/2023\/09\/cropped-INZAIN_512x512_white.png?fit=512%2C512&ssl=1\",\"contentUrl\":\"https:\/\/i0.wp.com\/inzain.bike\/wp-content\/uploads\/2023\/09\/cropped-INZAIN_512x512_white.png?fit=512%2C512&ssl=1\",\"width\":512,\"height\":512,\"caption\":\"INZAIN Cycling EXPERIENCES\"},\"image\":{\"@id\":\"https:\/\/inzain.bike\/fr_be\/#\/schema\/logo\/image\/\"},\"sameAs\":[\"https:\/\/www.facebook.com\/Inzain.bike\",\"https:\/\/www.instagram.com\/inzainbike\"]}]}<\/script>\n<!-- \/ Yoast SEO plugin. -->","yoast_head_json":{"title":"Japan Cykling - INZAIN Cycling EXPERIENCES","robots":{"index":"index","follow":"follow","max-snippet":"max-snippet:-1","max-image-preview":"max-image-preview:large","max-video-preview":"max-video-preview:-1"},"canonical":"https:\/\/inzain.bike\/sv_se\/jap24-cykling\/","og_locale":"sv_SE","og_type":"article","og_title":"Japan Cykling - INZAIN Cycling EXPERIENCES","og_description":"I Japan \u00e4r allt sn\u00e4llt och \u00f6dmjukt s\u00e5 \u00e4ven cyklingen. Vi h\u00e5ller oss d\u00e4rf\u00f6r ofta under 10 mil om dagen och runt 1.000 h\u00f6jdmeter. Omr\u00e5det norr om Nikko \u00e4r helt fantastiskt och nationalparken d\u00e4r \u00e4r sj\u00e4lvklart med p\u00e5 UNESCOS lista. Vi kommer att cykla i en milj\u00f6 som \u00e4r omgiven av vattenfall, sj\u00f6ar, bergsbyar, tempel [&hellip;]","og_url":"https:\/\/inzain.bike\/sv_se\/jap24-cykling\/","og_site_name":"INZAIN Cycling EXPERIENCES","article_publisher":"https:\/\/www.facebook.com\/Inzain.bike","article_modified_time":"2024-01-08T09:51:51+00:00","og_image":[{"url":"https:\/\/inzain.bike\/wp-content\/uploads\/2024\/01\/pexels-axp-photography-18848782.jpg","type":"","width":"","height":""}],"twitter_card":"summary_large_image","twitter_misc":{"Ber\u00e4knad l\u00e4stid":"4 minuter"},"schema":{"@context":"https:\/\/schema.org","@graph":[{"@type":"WebPage","@id":"https:\/\/inzain.bike\/en_gb\/jap24-cykling\/","url":"https:\/\/inzain.bike\/en_gb\/jap24-cykling\/","name":"Japan Cykling - INZAIN Cycling EXPERIENCES","isPartOf":{"@id":"https:\/\/inzain.bike\/fr_be\/#website"},"primaryImageOfPage":{"@id":"https:\/\/inzain.bike\/en_gb\/jap24-cykling\/#primaryimage"},"image":{"@id":"https:\/\/inzain.bike\/en_gb\/jap24-cykling\/#primaryimage"},"thumbnailUrl":"https:\/\/inzain.bike\/wp-content\/uploads\/2024\/01\/pexels-axp-photography-18848782.jpg","datePublished":"2023-11-25T19:33:28+00:00","dateModified":"2024-01-08T09:51:51+00:00","breadcrumb":{"@id":"https:\/\/inzain.bike\/en_gb\/jap24-cykling\/#breadcrumb"},"inLanguage":"sv-SE","potentialAction":[{"@type":"ReadAction","target":["https:\/\/inzain.bike\/en_gb\/jap24-cykling\/"]}]},{"@type":"ImageObject","inLanguage":"sv-SE","@id":"https:\/\/inzain.bike\/en_gb\/jap24-cykling\/#primaryimage","url":"https:\/\/inzain.bike\/wp-content\/uploads\/2024\/01\/pexels-axp-photography-18848782.jpg","contentUrl":"https:\/\/inzain.bike\/wp-content\/uploads\/2024\/01\/pexels-axp-photography-18848782.jpg"},{"@type":"BreadcrumbList","@id":"https:\/\/inzain.bike\/en_gb\/jap24-cykling\/#breadcrumb","itemListElement":[{"@type":"ListItem","position":1,"name":"Hem","item":"https:\/\/inzain.bike\/fr_be\/"},{"@type":"ListItem","position":2,"name":"Japan Cykling"}]},{"@type":"WebSite","@id":"https:\/\/inzain.bike\/fr_be\/#website","url":"https:\/\/inzain.bike\/fr_be\/","name":"INZAIN Cycling EXPERIENCES","description":"Cyckling Adventures  - for everyone","publisher":{"@id":"https:\/\/inzain.bike\/fr_be\/#organization"},"alternateName":"INZAIN Gravel & Travel","potentialAction":[{"@type":"SearchAction","target":{"@type":"EntryPoint","urlTemplate":"https:\/\/inzain.bike\/fr_be\/?s={search_term_string}"},"query-input":{"@type":"PropertyValueSpecification","valueRequired":true,"valueName":"search_term_string"}}],"inLanguage":"sv-SE"},{"@type":"Organization","@id":"https:\/\/inzain.bike\/fr_be\/#organization","name":"INZAIN Cycling EXPERIENCES","url":"https:\/\/inzain.bike\/fr_be\/","logo":{"@type":"ImageObject","inLanguage":"sv-SE","@id":"https:\/\/inzain.bike\/fr_be\/#\/schema\/logo\/image\/","url":"https:\/\/i0.wp.com\/inzain.bike\/wp-content\/uploads\/2023\/09\/cropped-INZAIN_512x512_white.png?fit=512%2C512&ssl=1","contentUrl":"https:\/\/i0.wp.com\/inzain.bike\/wp-content\/uploads\/2023\/09\/cropped-INZAIN_512x512_white.png?fit=512%2C512&ssl=1","width":512,"height":512,"caption":"INZAIN Cycling EXPERIENCES"},"image":{"@id":"https:\/\/inzain.bike\/fr_be\/#\/schema\/logo\/image\/"},"sameAs":["https:\/\/www.facebook.com\/Inzain.bike","https:\/\/www.instagram.com\/inzainbike"]}]}},"amp_enabled":true,"_links":{"self":[{"href":"https:\/\/inzain.bike\/sv_se\/wp-json\/wp\/v2\/pages\/6172","targetHints":{"allow":["GET"]}}],"collection":[{"href":"https:\/\/inzain.bike\/sv_se\/wp-json\/wp\/v2\/pages"}],"about":[{"href":"https:\/\/inzain.bike\/sv_se\/wp-json\/wp\/v2\/types\/page"}],"author":[{"embeddable":true,"href":"https:\/\/inzain.bike\/sv_se\/wp-json\/wp\/v2\/users\/135133094"}],"replies":[{"embeddable":true,"href":"https:\/\/inzain.bike\/sv_se\/wp-json\/wp\/v2\/comments?post=6172"}],"version-history":[{"count":0,"href":"https:\/\/inzain.bike\/sv_se\/wp-json\/wp\/v2\/pages\/6172\/revisions"}],"wp:attachment":[{"href":"https:\/\/inzain.bike\/sv_se\/wp-json\/wp\/v2\/media?parent=6172"}],"curies":[{"name":"wp","href":"https:\/\/api.w.org\/{rel}","templated":true}]}}