{"id":6251,"date":"2023-11-26T17:20:05","date_gmt":"2023-11-26T16:20:05","guid":{"rendered":"https:\/\/inzain.bike\/?page_id=6251"},"modified":"2023-11-27T19:30:05","modified_gmt":"2023-11-27T18:30:05","slug":"custom-interest","status":"publish","type":"page","link":"https:\/\/inzain.bike\/sv_se\/custom-interest\/","title":{"rendered":"Skr\u00e4ddarsytt Intresseanm\u00e4lan"},"content":{"rendered":"\n<figure class=\"wp-block-image size-full\"><img loading=\"lazy\" decoding=\"async\" width=\"808\" height=\"400\" src=\"https:\/\/inzain.bike\/wp-content\/uploads\/2023\/11\/front_808.jpg\" alt=\"\" class=\"wp-image-5301\" srcset=\"https:\/\/inzain.bike\/wp-content\/uploads\/2023\/11\/front_808.jpg 808w, https:\/\/inzain.bike\/wp-content\/uploads\/2023\/11\/front_808-300x149.jpg 300w, https:\/\/inzain.bike\/wp-content\/uploads\/2023\/11\/front_808-768x380.jpg 768w, https:\/\/inzain.bike\/wp-content\/uploads\/2023\/11\/front_808-18x9.jpg 18w, https:\/\/inzain.bike\/wp-content\/uploads\/2023\/11\/front_808-600x297.jpg 600w\" sizes=\"auto, (max-width: 808px) 100vw, 808px\" \/><\/figure>\n\n\n\n<p>Fyll i formul\u00e4ret och skicka in s\u00e5 har du tagit f\u00f6rsta steget mot en fantastisk upplevelse<br>Varmt v\u00e4lkommen till INZAIN skr\u00e4ddarsydda arrangemang<\/p>\n\n\n<div class=\"wpforms-container wpforms-container-full wpforms-block wpforms-block-c77350a8-d1d2-4fc6-a394-1b82385b727f wpforms-render-modern\" id=\"wpforms-6248\"><form id=\"wpforms-form-6248\" class=\"wpforms-validate wpforms-form wpforms-ajax-form\" data-formid=\"6248\" method=\"post\" enctype=\"multipart\/form-data\" action=\"\/sv_se\/wp-json\/wp\/v2\/pages\/6251\" data-token=\"ed4e2d64804f4e7943f4985aee233426\" data-token-time=\"1775442390\"><noscript class=\"wpforms-error-noscript\">Aktivera JavaScript i din webbl\u00e4sare f\u00f6r att fylla i formul\u00e4ret.<\/noscript><div id=\"wpforms-error-noscript\" style=\"display: none;\">Aktivera JavaScript i din webbl\u00e4sare f\u00f6r att fylla i formul\u00e4ret.<\/div><div class=\"wpforms-field-container\"><div id=\"wpforms-6248-field_0-container\" class=\"wpforms-field wpforms-field-name\" data-field-id=\"0\"><fieldset><legend class=\"wpforms-field-label\">Name <span class=\"wpforms-required-label\" aria-hidden=\"true\">*<\/span><\/legend><div class=\"wpforms-field-row wpforms-field-medium\"><div class=\"wpforms-field-row-block wpforms-first wpforms-one-half\"><input type=\"text\" id=\"wpforms-6248-field_0\" class=\"wpforms-field-name-first wpforms-field-required\" name=\"wpforms[fields][0][first]\" aria-errormessage=\"wpforms-6248-field_0-error\" aria-describedby=\"wpforms-6248-field_0-description\" required><label for=\"wpforms-6248-field_0\" class=\"wpforms-field-sublabel after\">F\u00f6rst<\/label><\/div><div class=\"wpforms-field-row-block wpforms-one-half\"><input type=\"text\" id=\"wpforms-6248-field_0-last\" class=\"wpforms-field-name-last wpforms-field-required\" name=\"wpforms[fields][0][last]\" aria-errormessage=\"wpforms-6248-field_0-last-error\" aria-describedby=\"wpforms-6248-field_0-description\" required><label for=\"wpforms-6248-field_0-last\" class=\"wpforms-field-sublabel after\">Sist<\/label><\/div><\/div><div id=\"wpforms-6248-field_0-description\" class=\"wpforms-field-description\">Ange f\u00f6r och efternamn<\/div><\/fieldset><\/div><div id=\"wpforms-6248-field_1-container\" class=\"wpforms-field wpforms-field-email\" data-field-id=\"1\"><label class=\"wpforms-field-label\" for=\"wpforms-6248-field_1\">Email <span class=\"wpforms-required-label\" aria-hidden=\"true\">*<\/span><\/label><input type=\"email\" id=\"wpforms-6248-field_1\" class=\"wpforms-field-medium wpforms-field-required\" name=\"wpforms[fields][1]\" spellcheck=\"false\" aria-errormessage=\"wpforms-6248-field_1-error\" required><\/div><div id=\"wpforms-6248-field_18-container\" class=\"wpforms-field wpforms-field-text\" data-field-id=\"18\"><label class=\"wpforms-field-label\" for=\"wpforms-6248-field_18\">Mobil nummer<\/label><input type=\"text\" id=\"wpforms-6248-field_18\" class=\"wpforms-field-medium\" name=\"wpforms[fields][18]\" aria-errormessage=\"wpforms-6248-field_18-error\" aria-describedby=\"wpforms-6248-field_18-description\" ><div id=\"wpforms-6248-field_18-description\" class=\"wpforms-field-description\">Ange ditt mobilnummer<\/div><\/div><div id=\"wpforms-6248-field_16-container\" class=\"wpforms-field wpforms-field-checkbox\" data-field-id=\"16\"><fieldset><legend class=\"wpforms-field-label\">Vilken typ av cykling <span class=\"wpforms-required-label\" aria-hidden=\"true\">*<\/span><\/legend><ul id=\"wpforms-6248-field_16\" class=\"wpforms-field-required\"><li class=\"choice-1 depth-1\"><input type=\"checkbox\" id=\"wpforms-6248-field_16_1\" name=\"wpforms[fields][16][]\" value=\"Gravel\" aria-errormessage=\"wpforms-6248-field_16_1-error\" aria-describedby=\"wpforms-6248-field_16-description\" required ><label class=\"wpforms-field-label-inline\" for=\"wpforms-6248-field_16_1\">Gravel<\/label><\/li><li class=\"choice-2 depth-1\"><input type=\"checkbox\" id=\"wpforms-6248-field_16_2\" name=\"wpforms[fields][16][]\" value=\"Asfalt\" aria-errormessage=\"wpforms-6248-field_16_2-error\" aria-describedby=\"wpforms-6248-field_16-description\" required ><label class=\"wpforms-field-label-inline\" for=\"wpforms-6248-field_16_2\">Asfalt<\/label><\/li><li class=\"choice-3 depth-1\"><input type=\"checkbox\" id=\"wpforms-6248-field_16_3\" name=\"wpforms[fields][16][]\" value=\"MTB\" aria-errormessage=\"wpforms-6248-field_16_3-error\" aria-describedby=\"wpforms-6248-field_16-description\" required ><label class=\"wpforms-field-label-inline\" for=\"wpforms-6248-field_16_3\">MTB<\/label><\/li><li class=\"choice-4 depth-1\"><input type=\"checkbox\" id=\"wpforms-6248-field_16_4\" name=\"wpforms[fields][16][]\" value=\"Stadscykling\" aria-errormessage=\"wpforms-6248-field_16_4-error\" aria-describedby=\"wpforms-6248-field_16-description\" required ><label class=\"wpforms-field-label-inline\" for=\"wpforms-6248-field_16_4\">Stadscykling<\/label><\/li><\/ul><div id=\"wpforms-6248-field_16-description\" class=\"wpforms-field-description\">Vilken eller vilka typer av cykling vill ni \u00e4gna er \u00e5t.<\/div><\/fieldset><\/div><div id=\"wpforms-6248-field_19-container\" class=\"wpforms-field wpforms-field-checkbox\" data-field-id=\"19\"><fieldset><legend class=\"wpforms-field-label\">Kommer partner eller v\u00e4nner med som inte \u00e4r cyklister? <span class=\"wpforms-required-label\" aria-hidden=\"true\">*<\/span><\/legend><ul id=\"wpforms-6248-field_19\" class=\"wpforms-field-required\"><li class=\"choice-1 depth-1\"><input type=\"checkbox\" id=\"wpforms-6248-field_19_1\" name=\"wpforms[fields][19][]\" value=\"Ja\" aria-errormessage=\"wpforms-6248-field_19_1-error\" required ><label class=\"wpforms-field-label-inline\" for=\"wpforms-6248-field_19_1\">Ja<\/label><\/li><li class=\"choice-2 depth-1\"><input type=\"checkbox\" id=\"wpforms-6248-field_19_2\" name=\"wpforms[fields][19][]\" value=\"Nej\" aria-errormessage=\"wpforms-6248-field_19_2-error\" required ><label class=\"wpforms-field-label-inline\" for=\"wpforms-6248-field_19_2\">Nej<\/label><\/li><li class=\"choice-3 depth-1\"><input type=\"checkbox\" id=\"wpforms-6248-field_19_3\" name=\"wpforms[fields][19][]\" value=\"Kanske\" aria-errormessage=\"wpforms-6248-field_19_3-error\" required ><label class=\"wpforms-field-label-inline\" for=\"wpforms-6248-field_19_3\">Kanske<\/label><\/li><\/ul><\/fieldset><\/div><div id=\"wpforms-6248-field_13-container\" class=\"wpforms-field wpforms-field-text\" data-field-id=\"13\"><label class=\"wpforms-field-label\" for=\"wpforms-6248-field_13\">Vilket land bor du i<\/label><input type=\"text\" id=\"wpforms-6248-field_13\" class=\"wpforms-field-medium\" name=\"wpforms[fields][13]\" aria-errormessage=\"wpforms-6248-field_13-error\" ><\/div><div id=\"wpforms-6248-field_20-container\" class=\"wpforms-field wpforms-field-text\" data-field-id=\"20\"><label class=\"wpforms-field-label\" for=\"wpforms-6248-field_20\">Vilket land vill ni h\u00e5lla arrangemanget i?<\/label><input type=\"text\" id=\"wpforms-6248-field_20\" class=\"wpforms-field-medium\" name=\"wpforms[fields][20]\" aria-errormessage=\"wpforms-6248-field_20-error\" ><\/div><div id=\"wpforms-6248-field_2-container\" class=\"wpforms-field wpforms-field-textarea\" data-field-id=\"2\"><label class=\"wpforms-field-label\" for=\"wpforms-6248-field_2\">Ber\u00e4tta lite om dina tankar kring arrangemanget. <span class=\"wpforms-required-label\" aria-hidden=\"true\">*<\/span><\/label><textarea id=\"wpforms-6248-field_2\" class=\"wpforms-field-medium wpforms-field-required\" name=\"wpforms[fields][2]\" aria-errormessage=\"wpforms-6248-field_2-error\" aria-describedby=\"wpforms-6248-field_2-description\" required><\/textarea><div id=\"wpforms-6248-field_2-description\" class=\"wpforms-field-description\">Ge oss lite bakgrund och hur du t\u00e4nker dig arrangemanget.<\/div><\/div><\/div><!-- .wpforms-field-container --><div class=\"wpforms-submit-container\" ><input type=\"hidden\" name=\"wpforms[id]\" value=\"6248\"><input type=\"hidden\" name=\"page_title\" value=\"\"><input type=\"hidden\" name=\"page_url\" value=\"https:\/\/inzain.bike\/sv_se\/wp-json\/wp\/v2\/pages\/6251\"><input type=\"hidden\" name=\"url_referer\" value=\"\"><button type=\"submit\" name=\"wpforms[submit]\" id=\"wpforms-submit-6248\" class=\"wpforms-submit\" data-alt-text=\"Sending...\" data-submit-text=\"Skicka In\" aria-live=\"assertive\" value=\"wpforms-submit\">Skicka In<\/button><img loading=\"lazy\" decoding=\"async\" src=\"https:\/\/inzain.bike\/wp-content\/plugins\/wpforms\/assets\/images\/submit-spin.svg\" class=\"wpforms-submit-spinner\" style=\"display: none;\" width=\"26\" height=\"26\" alt=\"Laddar\"><\/div><\/form><\/div>  <!-- .wpforms-container -->","protected":false},"excerpt":{"rendered":"<p>Fyll i formul\u00e4ret och skicka in s\u00e5 har du tagit f\u00f6rsta steget mot en fantastisk upplevelseVarmt v\u00e4lkommen till INZAIN skr\u00e4ddarsydda arrangemang<\/p>\n","protected":false},"author":135133094,"featured_media":0,"parent":0,"menu_order":0,"comment_status":"closed","ping_status":"closed","template":"","meta":{"_coblocks_attr":"","_coblocks_dimensions":"","_coblocks_responsive_height":"","_coblocks_accordion_ie_support":"","footnotes":""},"class_list":["post-6251","page","type-page","status-publish","hentry"],"yoast_head":"<!-- This site is optimized with the Yoast SEO plugin v27.2 - https:\/\/yoast.com\/product\/yoast-seo-wordpress\/ -->\n<title>Skr\u00e4ddarsytt Intresseanm\u00e4lan - INZAIN Cycling EXPERIENCES<\/title>\n<meta name=\"robots\" content=\"index, follow, max-snippet:-1, max-image-preview:large, max-video-preview:-1\" \/>\n<link rel=\"canonical\" href=\"https:\/\/inzain.bike\/sv_se\/custom-interest\/\" \/>\n<meta property=\"og:locale\" content=\"sv_SE\" \/>\n<meta property=\"og:type\" content=\"article\" \/>\n<meta property=\"og:title\" content=\"Skr\u00e4ddarsytt Intresseanm\u00e4lan - INZAIN Cycling EXPERIENCES\" \/>\n<meta property=\"og:description\" content=\"Fyll i formul\u00e4ret och skicka in s\u00e5 har du tagit f\u00f6rsta steget mot en fantastisk upplevelseVarmt v\u00e4lkommen till INZAIN skr\u00e4ddarsydda arrangemang\" \/>\n<meta property=\"og:url\" content=\"https:\/\/inzain.bike\/sv_se\/custom-interest\/\" \/>\n<meta property=\"og:site_name\" content=\"INZAIN Cycling EXPERIENCES\" \/>\n<meta property=\"article:publisher\" content=\"https:\/\/www.facebook.com\/Inzain.bike\" \/>\n<meta property=\"article:modified_time\" content=\"2023-11-27T18:30:05+00:00\" \/>\n<meta property=\"og:image\" content=\"https:\/\/inzain.bike\/wp-content\/uploads\/2023\/11\/front_808.jpg\" \/>\n<meta name=\"twitter:card\" content=\"summary_large_image\" \/>\n<meta name=\"twitter:label1\" content=\"Ber\u00e4knad l\u00e4stid\" \/>\n\t<meta name=\"twitter:data1\" content=\"1 minut\" \/>\n<script type=\"application\/ld+json\" class=\"yoast-schema-graph\">{\"@context\":\"https:\/\/schema.org\",\"@graph\":[{\"@type\":\"WebPage\",\"@id\":\"https:\/\/inzain.bike\/sv_se\/custom-interest\/\",\"url\":\"https:\/\/inzain.bike\/sv_se\/custom-interest\/\",\"name\":\"Skr\u00e4ddarsytt Intresseanm\u00e4lan - INZAIN Cycling EXPERIENCES\",\"isPartOf\":{\"@id\":\"https:\/\/inzain.bike\/fr_be\/#website\"},\"primaryImageOfPage\":{\"@id\":\"https:\/\/inzain.bike\/sv_se\/custom-interest\/#primaryimage\"},\"image\":{\"@id\":\"https:\/\/inzain.bike\/sv_se\/custom-interest\/#primaryimage\"},\"thumbnailUrl\":\"https:\/\/inzain.bike\/wp-content\/uploads\/2023\/11\/front_808.jpg\",\"datePublished\":\"2023-11-26T16:20:05+00:00\",\"dateModified\":\"2023-11-27T18:30:05+00:00\",\"breadcrumb\":{\"@id\":\"https:\/\/inzain.bike\/sv_se\/custom-interest\/#breadcrumb\"},\"inLanguage\":\"sv-SE\",\"potentialAction\":[{\"@type\":\"ReadAction\",\"target\":[\"https:\/\/inzain.bike\/sv_se\/custom-interest\/\"]}]},{\"@type\":\"ImageObject\",\"inLanguage\":\"sv-SE\",\"@id\":\"https:\/\/inzain.bike\/sv_se\/custom-interest\/#primaryimage\",\"url\":\"https:\/\/inzain.bike\/wp-content\/uploads\/2023\/11\/front_808.jpg\",\"contentUrl\":\"https:\/\/inzain.bike\/wp-content\/uploads\/2023\/11\/front_808.jpg\"},{\"@type\":\"BreadcrumbList\",\"@id\":\"https:\/\/inzain.bike\/sv_se\/custom-interest\/#breadcrumb\",\"itemListElement\":[{\"@type\":\"ListItem\",\"position\":1,\"name\":\"Hem\",\"item\":\"https:\/\/inzain.bike\/fr_be\/\"},{\"@type\":\"ListItem\",\"position\":2,\"name\":\"Skr\u00e4ddarsytt Intresseanm\u00e4lan\"}]},{\"@type\":\"WebSite\",\"@id\":\"https:\/\/inzain.bike\/fr_be\/#website\",\"url\":\"https:\/\/inzain.bike\/fr_be\/\",\"name\":\"INZAIN Cycling EXPERIENCES\",\"description\":\"Cyckling Adventures  - for everyone\",\"publisher\":{\"@id\":\"https:\/\/inzain.bike\/fr_be\/#organization\"},\"alternateName\":\"INZAIN Gravel & Travel\",\"potentialAction\":[{\"@type\":\"SearchAction\",\"target\":{\"@type\":\"EntryPoint\",\"urlTemplate\":\"https:\/\/inzain.bike\/fr_be\/?s={search_term_string}\"},\"query-input\":{\"@type\":\"PropertyValueSpecification\",\"valueRequired\":true,\"valueName\":\"search_term_string\"}}],\"inLanguage\":\"sv-SE\"},{\"@type\":\"Organization\",\"@id\":\"https:\/\/inzain.bike\/fr_be\/#organization\",\"name\":\"INZAIN Cycling EXPERIENCES\",\"url\":\"https:\/\/inzain.bike\/fr_be\/\",\"logo\":{\"@type\":\"ImageObject\",\"inLanguage\":\"sv-SE\",\"@id\":\"https:\/\/inzain.bike\/fr_be\/#\/schema\/logo\/image\/\",\"url\":\"https:\/\/i0.wp.com\/inzain.bike\/wp-content\/uploads\/2023\/09\/cropped-INZAIN_512x512_white.png?fit=512%2C512&ssl=1\",\"contentUrl\":\"https:\/\/i0.wp.com\/inzain.bike\/wp-content\/uploads\/2023\/09\/cropped-INZAIN_512x512_white.png?fit=512%2C512&ssl=1\",\"width\":512,\"height\":512,\"caption\":\"INZAIN Cycling EXPERIENCES\"},\"image\":{\"@id\":\"https:\/\/inzain.bike\/fr_be\/#\/schema\/logo\/image\/\"},\"sameAs\":[\"https:\/\/www.facebook.com\/Inzain.bike\",\"https:\/\/www.instagram.com\/inzainbike\"]}]}<\/script>\n<!-- \/ Yoast SEO plugin. -->","yoast_head_json":{"title":"Skr\u00e4ddarsytt Intresseanm\u00e4lan - INZAIN Cycling EXPERIENCES","robots":{"index":"index","follow":"follow","max-snippet":"max-snippet:-1","max-image-preview":"max-image-preview:large","max-video-preview":"max-video-preview:-1"},"canonical":"https:\/\/inzain.bike\/sv_se\/custom-interest\/","og_locale":"sv_SE","og_type":"article","og_title":"Skr\u00e4ddarsytt Intresseanm\u00e4lan - INZAIN Cycling EXPERIENCES","og_description":"Fyll i formul\u00e4ret och skicka in s\u00e5 har du tagit f\u00f6rsta steget mot en fantastisk upplevelseVarmt v\u00e4lkommen till INZAIN skr\u00e4ddarsydda arrangemang","og_url":"https:\/\/inzain.bike\/sv_se\/custom-interest\/","og_site_name":"INZAIN Cycling EXPERIENCES","article_publisher":"https:\/\/www.facebook.com\/Inzain.bike","article_modified_time":"2023-11-27T18:30:05+00:00","og_image":[{"url":"https:\/\/inzain.bike\/wp-content\/uploads\/2023\/11\/front_808.jpg","type":"","width":"","height":""}],"twitter_card":"summary_large_image","twitter_misc":{"Ber\u00e4knad l\u00e4stid":"1 minut"},"schema":{"@context":"https:\/\/schema.org","@graph":[{"@type":"WebPage","@id":"https:\/\/inzain.bike\/sv_se\/custom-interest\/","url":"https:\/\/inzain.bike\/sv_se\/custom-interest\/","name":"Skr\u00e4ddarsytt Intresseanm\u00e4lan - INZAIN Cycling EXPERIENCES","isPartOf":{"@id":"https:\/\/inzain.bike\/fr_be\/#website"},"primaryImageOfPage":{"@id":"https:\/\/inzain.bike\/sv_se\/custom-interest\/#primaryimage"},"image":{"@id":"https:\/\/inzain.bike\/sv_se\/custom-interest\/#primaryimage"},"thumbnailUrl":"https:\/\/inzain.bike\/wp-content\/uploads\/2023\/11\/front_808.jpg","datePublished":"2023-11-26T16:20:05+00:00","dateModified":"2023-11-27T18:30:05+00:00","breadcrumb":{"@id":"https:\/\/inzain.bike\/sv_se\/custom-interest\/#breadcrumb"},"inLanguage":"sv-SE","potentialAction":[{"@type":"ReadAction","target":["https:\/\/inzain.bike\/sv_se\/custom-interest\/"]}]},{"@type":"ImageObject","inLanguage":"sv-SE","@id":"https:\/\/inzain.bike\/sv_se\/custom-interest\/#primaryimage","url":"https:\/\/inzain.bike\/wp-content\/uploads\/2023\/11\/front_808.jpg","contentUrl":"https:\/\/inzain.bike\/wp-content\/uploads\/2023\/11\/front_808.jpg"},{"@type":"BreadcrumbList","@id":"https:\/\/inzain.bike\/sv_se\/custom-interest\/#breadcrumb","itemListElement":[{"@type":"ListItem","position":1,"name":"Hem","item":"https:\/\/inzain.bike\/fr_be\/"},{"@type":"ListItem","position":2,"name":"Skr\u00e4ddarsytt Intresseanm\u00e4lan"}]},{"@type":"WebSite","@id":"https:\/\/inzain.bike\/fr_be\/#website","url":"https:\/\/inzain.bike\/fr_be\/","name":"INZAIN Cycling EXPERIENCES","description":"Cyckling Adventures  - for everyone","publisher":{"@id":"https:\/\/inzain.bike\/fr_be\/#organization"},"alternateName":"INZAIN Gravel & Travel","potentialAction":[{"@type":"SearchAction","target":{"@type":"EntryPoint","urlTemplate":"https:\/\/inzain.bike\/fr_be\/?s={search_term_string}"},"query-input":{"@type":"PropertyValueSpecification","valueRequired":true,"valueName":"search_term_string"}}],"inLanguage":"sv-SE"},{"@type":"Organization","@id":"https:\/\/inzain.bike\/fr_be\/#organization","name":"INZAIN Cycling EXPERIENCES","url":"https:\/\/inzain.bike\/fr_be\/","logo":{"@type":"ImageObject","inLanguage":"sv-SE","@id":"https:\/\/inzain.bike\/fr_be\/#\/schema\/logo\/image\/","url":"https:\/\/i0.wp.com\/inzain.bike\/wp-content\/uploads\/2023\/09\/cropped-INZAIN_512x512_white.png?fit=512%2C512&ssl=1","contentUrl":"https:\/\/i0.wp.com\/inzain.bike\/wp-content\/uploads\/2023\/09\/cropped-INZAIN_512x512_white.png?fit=512%2C512&ssl=1","width":512,"height":512,"caption":"INZAIN Cycling EXPERIENCES"},"image":{"@id":"https:\/\/inzain.bike\/fr_be\/#\/schema\/logo\/image\/"},"sameAs":["https:\/\/www.facebook.com\/Inzain.bike","https:\/\/www.instagram.com\/inzainbike"]}]}},"amp_enabled":true,"_links":{"self":[{"href":"https:\/\/inzain.bike\/sv_se\/wp-json\/wp\/v2\/pages\/6251","targetHints":{"allow":["GET"]}}],"collection":[{"href":"https:\/\/inzain.bike\/sv_se\/wp-json\/wp\/v2\/pages"}],"about":[{"href":"https:\/\/inzain.bike\/sv_se\/wp-json\/wp\/v2\/types\/page"}],"author":[{"embeddable":true,"href":"https:\/\/inzain.bike\/sv_se\/wp-json\/wp\/v2\/users\/135133094"}],"replies":[{"embeddable":true,"href":"https:\/\/inzain.bike\/sv_se\/wp-json\/wp\/v2\/comments?post=6251"}],"version-history":[{"count":0,"href":"https:\/\/inzain.bike\/sv_se\/wp-json\/wp\/v2\/pages\/6251\/revisions"}],"wp:attachment":[{"href":"https:\/\/inzain.bike\/sv_se\/wp-json\/wp\/v2\/media?parent=6251"}],"curies":[{"name":"wp","href":"https:\/\/api.w.org\/{rel}","templated":true}]}}