{"id":67,"date":"2021-03-25T15:39:17","date_gmt":"2021-03-25T14:39:17","guid":{"rendered":"https:\/\/inzain.bike\/?page_id=67"},"modified":"2023-08-30T10:54:30","modified_gmt":"2023-08-30T08:54:30","slug":"event","status":"publish","type":"page","link":"https:\/\/inzain.bike\/sv_se\/event\/","title":{"rendered":"Event"},"content":{"rendered":"\n<p>INZAIN Gravel har som m\u00e5ls\u00e4ttning att arrangera h\u00f6gklassiga Gravel-event.<\/p>\n\n\n\n<p>Vi vill erbjuda fantastiska rutter, fina fikor och fokus p\u00e5 s\u00e4kerhet och gl\u00e4dje. Samtidigt triggas vi v\u00e4l var och en av att utmana oss sj\u00e4lva till att cykla b\u00e5de snabbare och  l\u00e4ngre \u00e4n f\u00f6rut.<br><br><strong>Event f\u00f6r 2023<\/strong><\/p>\n\n\n\n<p><s><a href=\"https:\/\/inzain.bike\/inzain-casacalma-gran-canaria-gravel-camp\/\">27 jan &#8211; 4 februari Gran Canaria Gravel Camp<\/a> <\/s>GENOMF\u00d6RT<br> <s><a href=\"https:\/\/inzain.bike\/lanzarote-gravel-camp-2023\/\">20-27 februari Lanzarote Gravel Camp<\/a><\/s>GENOMF\u00d6RT<br><s><a href=\"https:\/\/inzain.bike\/inzain-mallorca-camp-easter-2023\">7-16 april Mallorca Gravel Camp<\/a><\/s> GENOMF\u00d6RT<br><s><a href=\"https:\/\/inzain.bike\/girona-gravel-camp-2023\/\">6-14 maj Girona Gravel Camp<\/a> <\/s>GENOMF\u00d6RT<br> <s><a href=\"https:\/\/inzain.bike\/sormland-gravel-camp\/\">20-21 maj S\u00f6rmland Gravel Camp<\/a><\/s> GENOMF\u00d6RT<br> <s><a href=\"https:\/\/inzain.bike\/finland-gravel-randonee\/\">3-6 juni Finland Gravel Tour<\/a><\/s> GENOMF\u00d6RT<br> <s><a href=\"https:\/\/inzain.bike\/dalsland-gravel-camp\/\">17-18 juni Dalsland Gravel Camp<\/a><\/s> GENOMF\u00d6RT <br> <s><a href=\"https:\/\/inzain.bike\/inzain-solstice-gravel-ride-2023\/\">22-23 juni Solstice Ride<\/a><\/s> GENOMF\u00d6RT<br><s><a href=\"https:\/\/inzain.bike\/savenfors-gravel-camp\/\">29-30 juli S\u00e4venfors Gravel Camp<\/a><\/s> GENOMF\u00d6RT<br><s><a href=\"https:\/\/inzain.bike\/vattern-runt-gravel-tour\/\">11-13 augusti V\u00e4ttern Runt, p\u00e5 grus!<\/a><\/s> GENOMF\u00d6RT<br><s><a href=\"https:\/\/inzain.bike\/bubo-falun-gravel-weekend\/\">25-27 augusti BuBo Bubo Gravel Camp Falun<\/a><\/s> GENOMF\u00d6RT<br>\n<a href=\"https:\/\/inzain.bike\/gotland-gravel-camp-2023\/\">21-24 september Gotland Aur Camp<\/a> N\u00c5GRA PLATSER KVAR<br>\n<a href=\"https:\/\/inzain.bike\/toscana-gravel-tour-2023\/\">7-15 oktober Toscana Gravel Tour<\/a>FULLBOKAT<br><\/p>\n\n\n\n<p><strong>Event som vi arrangerade 2022<\/strong><\/p>\n\n\n\n<p><a href=\"https:\/\/inzain.bike\/inzain-lanzarote-gravel-2022\/\">14-21 februari Lanzarote Gravel<\/a><br><a href=\"https:\/\/inzain.bike\/inzain-mallorca-camp-easter-2022\/\">8-18 april 2022 Mallorca Gravel Camp<\/a><br><a href=\"https:\/\/inzain.bike\/inzain-ostergotland-gravel-camp\/\">14-15 maj \u00d6sterg\u00f6tland Gravel Weekend<\/a><br><a href=\"https:\/\/inzain.bike\/falun-gravel-weekend\/\">21-22 maj Falun Gravel Camp<\/a><br><a href=\"https:\/\/inzain.bike\/inzain-skane-gravel-adventure\/\">4-6 Juni Sk\u00e5ne Gravel Tour<\/a><br><a href=\"https:\/\/inzain.bike\/inzain-orebro-gravel-camp\/\">18-19 Juni Bergslagen Gravel Weekend<\/a><br><a href=\"https:\/\/inzain.bike\/inzain-solstice-gravel-ride\/\">23 Juni Solstice ride Stockholm<\/a><br><a href=\"https:\/\/inzain.bike\/inzain-smaland-gravel-camp\/\">13-14 augusti Sm\u00e5land Gravel Weekend<\/a><br>\n<a href=\"https:\/\/inzain.bike\/inzain-toscana-gravel-tour-2022\/\">8-16 oktober Toscana Gravel Randonn\u00e9e<\/a><\/p>\n\n\n\n<p><br><strong>Event som vi arrangerade 2021<\/strong>:<br>Under den varma perioden arrangerade vi en tur en vardagkv\u00e4ll och en lite l\u00e4ngre distans p\u00e5 helgen. De flesta i M\u00e4lardalen. Turerna var mellan 70 och 140km ofta med m\u00f6jlighet att korta ner och alltid tillsammans.<\/p>\n\n\n\n<p>H\u00e4r kan du se en lite odyss\u00e9 \u00f6ver gravel\u00e5ret 2021.<\/p>\n\n\n\n<figure class=\"wp-block-embed is-type-video is-provider-youtube wp-block-embed-youtube wp-embed-aspect-16-9 wp-has-aspect-ratio\"><div class=\"wp-block-embed__wrapper\">\n<iframe loading=\"lazy\" title=\"Gravel 2021\" width=\"500\" height=\"281\" src=\"https:\/\/www.youtube.com\/embed\/oHZObhfHCC0?feature=oembed\" frameborder=\"0\" allow=\"accelerometer; autoplay; clipboard-write; encrypted-media; gyroscope; picture-in-picture; web-share\" referrerpolicy=\"strict-origin-when-cross-origin\" allowfullscreen><\/iframe>\n<\/div><figcaption class=\"wp-element-caption\">2021 Inzain Gravel<\/figcaption><\/figure>\n\n\n\n<p><br><br><br><strong>Gran Canaria i Februari 2021<\/strong><\/p>\n\n\n\n<p>Pionj\u00e4rer p\u00e5 GC tillsammans med Carl-Johan Paulin. Riktigt trevlig men ocks\u00e5 tuff.<br>H\u00e4r finns en film om \u00e4ventyret.<\/p>\n\n\n\n<figure class=\"wp-block-embed is-type-video is-provider-youtube wp-block-embed-youtube wp-embed-aspect-16-9 wp-has-aspect-ratio\"><div class=\"wp-block-embed__wrapper\">\n<iframe loading=\"lazy\" title=\"Canaria Gravel Aldea\" width=\"500\" height=\"281\" src=\"https:\/\/www.youtube.com\/embed\/Ju-kwHqkF3A?feature=oembed\" frameborder=\"0\" allow=\"accelerometer; autoplay; clipboard-write; encrypted-media; gyroscope; picture-in-picture; web-share\" referrerpolicy=\"strict-origin-when-cross-origin\" allowfullscreen><\/iframe>\n<\/div><figcaption class=\"wp-element-caption\">Gavel p\u00e5 Gran Canaria<\/figcaption><\/figure>\n\n\n\n<p><br><\/p>\n\n\n\n<p><strong>IGG200 Juli 2021<\/strong><\/p>\n\n\n\n<p><em>F\u00f6r de flesta kan det k\u00e4nnas o\u00f6verkomligt, ja helt enkelt sjukt l\u00e5ngt att cykla 100miles eller c:a 160km p\u00e5 grusv\u00e4gar och stigar. En s\u00e5 kallad &#8220;Century ride&#8221;, och att d\u00e5 cykla hela 200miles eller 322km \u00e4r ju bara helt galet l\u00e5ngt. Helt enkelt <\/em>INZAIN!  <\/p>\n\n\n\n<p>Vi bj\u00f6d in till en s\u00e5 kallad &#8220;Double Century Gravel Grinder&#8221; i trakterna kring Uppsala i slutet av Juli 2021. Det gick att v\u00e4lja mellan str\u00e4ckorna 50, 100 och 200miles eller 80, 161 samt 322km.<\/p>\n\n\n\n<p><a href=\"https:\/\/inzain.bike\/inzain-200-100-50-mile-gravel-grinder\/\">Inzain 200 Mile Gravel Uppland Juli 2021<\/a><\/p>\n\n\n\n<p>Landskapet kring Uppsala, Uppland bjuder generellt p\u00e5 ganska &#8220;sn\u00e4ll&#8221; terr\u00e4ng varf\u00f6r vi trodde d\u00e4rf\u00f6r att m\u00e5nga skulle hinna med v\u00e5ran &#8220;Double Century&#8221; under dygnets ljusa timmar. I slutet av Juli hade dock skuggorna blivit lite l\u00e4ngre och dagarna kortare s\u00e5 det var en rej\u00e4l utmaning trots allt.<\/p>\n\n\n\n<p>Vi sl\u00e4ppte iv\u00e4g tv\u00e5 grupper av cyklister n\u00e5gra p\u00e5 100 miles (161km) och n\u00e5gra p\u00e5 200 miles (322km). Det var en otroligt vacker och \u00e4ven varm dag. 27grader p\u00e5 eftermiddagen satte sina sp\u00e5r i deltagarna. Vi som h\u00f6ll i dep\u00e5erna har nog aldrig m\u00f6tt s\u00e5 entusiastiska deltagare f\u00f6rr. Cyklingen fl\u00f6t p\u00e5 bra och de flesta tog sig s\u00e5 sm\u00e5ningom i m\u00e5l. Tuffast var det nog p\u00e5 den andra halvan av den l\u00e5nga rundan. Flera str\u00e4ckor hade belagts med nytt grovt grus som gjorde f\u00e4rden extra tung. Trots detta gjordes flera heroiska instatser av de tappra deltagarna.<br><br><br><strong>Gravel p\u00e5 Mallorca i Oktober 2021<\/strong><\/p>\n\n\n\n<p>Inzain arrangerade en resa till Mallorca i Oktober 2021 med fantastisk gravel. Vi var och rekade i April och hade nu skapat n\u00e5got alldeles extra.<br><br>L\u00e4s allt h\u00e4r: <a href=\"https:\/\/inzain.bike\/mallorca-gravel-oktober-2021\/\">https:\/\/inzain.bike\/mallorca-gravel-oktober-2021\/<\/a><\/p>\n\n\n\n<p><\/p>\n","protected":false},"excerpt":{"rendered":"<p>INZAIN Gravel har som m\u00e5ls\u00e4ttning att arrangera h\u00f6gklassiga Gravel-event. Vi vill erbjuda fantastiska rutter, fina fikor och fokus p\u00e5 s\u00e4kerhet och gl\u00e4dje. Samtidigt triggas vi v\u00e4l var och en av att utmana oss sj\u00e4lva till att cykla b\u00e5de snabbare och l\u00e4ngre \u00e4n f\u00f6rut. Event f\u00f6r 2023 27 jan &#8211; 4 februari Gran Canaria Gravel Camp [&hellip;]<\/p>\n","protected":false},"author":135133094,"featured_media":0,"parent":0,"menu_order":0,"comment_status":"closed","ping_status":"closed","template":"","meta":{"_coblocks_attr":"","_coblocks_dimensions":"","_coblocks_responsive_height":"","_coblocks_accordion_ie_support":"","footnotes":""},"class_list":["post-67","page","type-page","status-publish","hentry"],"yoast_head":"<!-- This site is optimized with the Yoast SEO plugin v27.2 - https:\/\/yoast.com\/product\/yoast-seo-wordpress\/ -->\n<title>Event - INZAIN Cycling EXPERIENCES<\/title>\n<meta name=\"robots\" content=\"index, follow, max-snippet:-1, max-image-preview:large, max-video-preview:-1\" \/>\n<link rel=\"canonical\" href=\"https:\/\/inzain.bike\/sv_se\/event\/\" \/>\n<meta property=\"og:locale\" content=\"sv_SE\" \/>\n<meta property=\"og:type\" content=\"article\" \/>\n<meta property=\"og:title\" content=\"Event - INZAIN Cycling EXPERIENCES\" \/>\n<meta property=\"og:description\" content=\"INZAIN Gravel har som m\u00e5ls\u00e4ttning att arrangera h\u00f6gklassiga Gravel-event. Vi vill erbjuda fantastiska rutter, fina fikor och fokus p\u00e5 s\u00e4kerhet och gl\u00e4dje. Samtidigt triggas vi v\u00e4l var och en av att utmana oss sj\u00e4lva till att cykla b\u00e5de snabbare och l\u00e4ngre \u00e4n f\u00f6rut. Event f\u00f6r 2023 27 jan &#8211; 4 februari Gran Canaria Gravel Camp [&hellip;]\" \/>\n<meta property=\"og:url\" content=\"https:\/\/inzain.bike\/sv_se\/event\/\" \/>\n<meta property=\"og:site_name\" content=\"INZAIN Cycling EXPERIENCES\" \/>\n<meta property=\"article:publisher\" content=\"https:\/\/www.facebook.com\/Inzain.bike\" \/>\n<meta property=\"article:modified_time\" content=\"2023-08-30T08:54:30+00:00\" \/>\n<meta name=\"twitter:card\" content=\"summary_large_image\" \/>\n<meta name=\"twitter:label1\" content=\"Ber\u00e4knad l\u00e4stid\" \/>\n\t<meta name=\"twitter:data1\" content=\"3 minuter\" \/>\n<script type=\"application\/ld+json\" class=\"yoast-schema-graph\">{\"@context\":\"https:\/\/schema.org\",\"@graph\":[{\"@type\":\"WebPage\",\"@id\":\"https:\/\/inzain.bike\/en\/event\/\",\"url\":\"https:\/\/inzain.bike\/en\/event\/\",\"name\":\"Event - INZAIN Cycling EXPERIENCES\",\"isPartOf\":{\"@id\":\"https:\/\/inzain.bike\/fr_be\/#website\"},\"datePublished\":\"2021-03-25T14:39:17+00:00\",\"dateModified\":\"2023-08-30T08:54:30+00:00\",\"breadcrumb\":{\"@id\":\"https:\/\/inzain.bike\/en\/event\/#breadcrumb\"},\"inLanguage\":\"sv-SE\",\"potentialAction\":[{\"@type\":\"ReadAction\",\"target\":[\"https:\/\/inzain.bike\/en\/event\/\"]}]},{\"@type\":\"BreadcrumbList\",\"@id\":\"https:\/\/inzain.bike\/en\/event\/#breadcrumb\",\"itemListElement\":[{\"@type\":\"ListItem\",\"position\":1,\"name\":\"Hem\",\"item\":\"https:\/\/inzain.bike\/fr_be\/\"},{\"@type\":\"ListItem\",\"position\":2,\"name\":\"Event\"}]},{\"@type\":\"WebSite\",\"@id\":\"https:\/\/inzain.bike\/fr_be\/#website\",\"url\":\"https:\/\/inzain.bike\/fr_be\/\",\"name\":\"INZAIN Cycling EXPERIENCES\",\"description\":\"Cyckling Adventures  - for everyone\",\"publisher\":{\"@id\":\"https:\/\/inzain.bike\/fr_be\/#organization\"},\"alternateName\":\"INZAIN Gravel & Travel\",\"potentialAction\":[{\"@type\":\"SearchAction\",\"target\":{\"@type\":\"EntryPoint\",\"urlTemplate\":\"https:\/\/inzain.bike\/fr_be\/?s={search_term_string}\"},\"query-input\":{\"@type\":\"PropertyValueSpecification\",\"valueRequired\":true,\"valueName\":\"search_term_string\"}}],\"inLanguage\":\"sv-SE\"},{\"@type\":\"Organization\",\"@id\":\"https:\/\/inzain.bike\/fr_be\/#organization\",\"name\":\"INZAIN Cycling EXPERIENCES\",\"url\":\"https:\/\/inzain.bike\/fr_be\/\",\"logo\":{\"@type\":\"ImageObject\",\"inLanguage\":\"sv-SE\",\"@id\":\"https:\/\/inzain.bike\/fr_be\/#\/schema\/logo\/image\/\",\"url\":\"https:\/\/i0.wp.com\/inzain.bike\/wp-content\/uploads\/2023\/09\/cropped-INZAIN_512x512_white.png?fit=512%2C512&ssl=1\",\"contentUrl\":\"https:\/\/i0.wp.com\/inzain.bike\/wp-content\/uploads\/2023\/09\/cropped-INZAIN_512x512_white.png?fit=512%2C512&ssl=1\",\"width\":512,\"height\":512,\"caption\":\"INZAIN Cycling EXPERIENCES\"},\"image\":{\"@id\":\"https:\/\/inzain.bike\/fr_be\/#\/schema\/logo\/image\/\"},\"sameAs\":[\"https:\/\/www.facebook.com\/Inzain.bike\",\"https:\/\/www.instagram.com\/inzainbike\"]}]}<\/script>\n<!-- \/ Yoast SEO plugin. -->","yoast_head_json":{"title":"Event - INZAIN Cycling EXPERIENCES","robots":{"index":"index","follow":"follow","max-snippet":"max-snippet:-1","max-image-preview":"max-image-preview:large","max-video-preview":"max-video-preview:-1"},"canonical":"https:\/\/inzain.bike\/sv_se\/event\/","og_locale":"sv_SE","og_type":"article","og_title":"Event - INZAIN Cycling EXPERIENCES","og_description":"INZAIN Gravel har som m\u00e5ls\u00e4ttning att arrangera h\u00f6gklassiga Gravel-event. Vi vill erbjuda fantastiska rutter, fina fikor och fokus p\u00e5 s\u00e4kerhet och gl\u00e4dje. Samtidigt triggas vi v\u00e4l var och en av att utmana oss sj\u00e4lva till att cykla b\u00e5de snabbare och l\u00e4ngre \u00e4n f\u00f6rut. Event f\u00f6r 2023 27 jan &#8211; 4 februari Gran Canaria Gravel Camp [&hellip;]","og_url":"https:\/\/inzain.bike\/sv_se\/event\/","og_site_name":"INZAIN Cycling EXPERIENCES","article_publisher":"https:\/\/www.facebook.com\/Inzain.bike","article_modified_time":"2023-08-30T08:54:30+00:00","twitter_card":"summary_large_image","twitter_misc":{"Ber\u00e4knad l\u00e4stid":"3 minuter"},"schema":{"@context":"https:\/\/schema.org","@graph":[{"@type":"WebPage","@id":"https:\/\/inzain.bike\/en\/event\/","url":"https:\/\/inzain.bike\/en\/event\/","name":"Event - INZAIN Cycling EXPERIENCES","isPartOf":{"@id":"https:\/\/inzain.bike\/fr_be\/#website"},"datePublished":"2021-03-25T14:39:17+00:00","dateModified":"2023-08-30T08:54:30+00:00","breadcrumb":{"@id":"https:\/\/inzain.bike\/en\/event\/#breadcrumb"},"inLanguage":"sv-SE","potentialAction":[{"@type":"ReadAction","target":["https:\/\/inzain.bike\/en\/event\/"]}]},{"@type":"BreadcrumbList","@id":"https:\/\/inzain.bike\/en\/event\/#breadcrumb","itemListElement":[{"@type":"ListItem","position":1,"name":"Hem","item":"https:\/\/inzain.bike\/fr_be\/"},{"@type":"ListItem","position":2,"name":"Event"}]},{"@type":"WebSite","@id":"https:\/\/inzain.bike\/fr_be\/#website","url":"https:\/\/inzain.bike\/fr_be\/","name":"INZAIN Cycling EXPERIENCES","description":"Cyckling Adventures  - for everyone","publisher":{"@id":"https:\/\/inzain.bike\/fr_be\/#organization"},"alternateName":"INZAIN Gravel & Travel","potentialAction":[{"@type":"SearchAction","target":{"@type":"EntryPoint","urlTemplate":"https:\/\/inzain.bike\/fr_be\/?s={search_term_string}"},"query-input":{"@type":"PropertyValueSpecification","valueRequired":true,"valueName":"search_term_string"}}],"inLanguage":"sv-SE"},{"@type":"Organization","@id":"https:\/\/inzain.bike\/fr_be\/#organization","name":"INZAIN Cycling EXPERIENCES","url":"https:\/\/inzain.bike\/fr_be\/","logo":{"@type":"ImageObject","inLanguage":"sv-SE","@id":"https:\/\/inzain.bike\/fr_be\/#\/schema\/logo\/image\/","url":"https:\/\/i0.wp.com\/inzain.bike\/wp-content\/uploads\/2023\/09\/cropped-INZAIN_512x512_white.png?fit=512%2C512&ssl=1","contentUrl":"https:\/\/i0.wp.com\/inzain.bike\/wp-content\/uploads\/2023\/09\/cropped-INZAIN_512x512_white.png?fit=512%2C512&ssl=1","width":512,"height":512,"caption":"INZAIN Cycling EXPERIENCES"},"image":{"@id":"https:\/\/inzain.bike\/fr_be\/#\/schema\/logo\/image\/"},"sameAs":["https:\/\/www.facebook.com\/Inzain.bike","https:\/\/www.instagram.com\/inzainbike"]}]}},"amp_enabled":true,"_links":{"self":[{"href":"https:\/\/inzain.bike\/sv_se\/wp-json\/wp\/v2\/pages\/67","targetHints":{"allow":["GET"]}}],"collection":[{"href":"https:\/\/inzain.bike\/sv_se\/wp-json\/wp\/v2\/pages"}],"about":[{"href":"https:\/\/inzain.bike\/sv_se\/wp-json\/wp\/v2\/types\/page"}],"author":[{"embeddable":true,"href":"https:\/\/inzain.bike\/sv_se\/wp-json\/wp\/v2\/users\/135133094"}],"replies":[{"embeddable":true,"href":"https:\/\/inzain.bike\/sv_se\/wp-json\/wp\/v2\/comments?post=67"}],"version-history":[{"count":0,"href":"https:\/\/inzain.bike\/sv_se\/wp-json\/wp\/v2\/pages\/67\/revisions"}],"wp:attachment":[{"href":"https:\/\/inzain.bike\/sv_se\/wp-json\/wp\/v2\/media?parent=67"}],"curies":[{"name":"wp","href":"https:\/\/api.w.org\/{rel}","templated":true}]}}