{"id":7054,"date":"2024-03-19T08:28:26","date_gmt":"2024-03-19T07:28:26","guid":{"rendered":"https:\/\/inzain.bike\/?page_id=7054"},"modified":"2024-03-19T08:28:29","modified_gmt":"2024-03-19T07:28:29","slug":"cal24-about","status":"publish","type":"page","link":"https:\/\/inzain.bike\/sv_se\/cal24-about\/","title":{"rendered":"Om Kalifornien"},"content":{"rendered":"\n<div class=\"wp-block-columns alignwide is-layout-flex wp-container-core-columns-is-layout-28f84493 wp-block-columns-is-layout-flex\">\n<div class=\"wp-block-column is-layout-flow wp-block-column-is-layout-flow\">\n<p class=\"has-roboto-font-family has-custom-font\" style=\"font-family:Roboto\"><strong>Toscana <\/strong>r\u00e4knas av m\u00e5nga som ett av de vackraste landskapen i Italien. Det toskanska k\u00f6ket \u00e4r k\u00e4nt \u00f6ver hela v\u00e4rlden, liksom regionens fina viner fr\u00e5n distrikten Chianti, Morellino di Scansano och Brunello di Montalcino. Ett j\u00e4mf\u00f6relsevis stort antal av Italiens ren\u00e4ssanskonstn\u00e4rer och f\u00f6rfattare h\u00e4rstammar h\u00e4rifr\u00e5n, varf\u00f6r Toscana kan s\u00e4gas vara ett centrum f\u00f6r den europeiska kulturutvecklingen under ren\u00e4ssansen.<\/p>\n\n\n\n<figure class=\"wp-block-image size-large\"><img loading=\"lazy\" decoding=\"async\" width=\"925\" height=\"1024\" src=\"https:\/\/inzain.bike\/wp-content\/uploads\/2023\/11\/1920px-Map_of_region_of_Tuscany_Italy_with_provinces-it.svg_-925x1024.png\" alt=\"\" class=\"wp-image-5598\" srcset=\"https:\/\/inzain.bike\/wp-content\/uploads\/2023\/11\/1920px-Map_of_region_of_Tuscany_Italy_with_provinces-it.svg_-925x1024.png 925w, https:\/\/inzain.bike\/wp-content\/uploads\/2023\/11\/1920px-Map_of_region_of_Tuscany_Italy_with_provinces-it.svg_-271x300.png 271w, https:\/\/inzain.bike\/wp-content\/uploads\/2023\/11\/1920px-Map_of_region_of_Tuscany_Italy_with_provinces-it.svg_-768x850.png 768w, https:\/\/inzain.bike\/wp-content\/uploads\/2023\/11\/1920px-Map_of_region_of_Tuscany_Italy_with_provinces-it.svg_-1388x1536.png 1388w, https:\/\/inzain.bike\/wp-content\/uploads\/2023\/11\/1920px-Map_of_region_of_Tuscany_Italy_with_provinces-it.svg_-1850x2048.png 1850w, https:\/\/inzain.bike\/wp-content\/uploads\/2023\/11\/1920px-Map_of_region_of_Tuscany_Italy_with_provinces-it.svg_-11x12.png 11w, https:\/\/inzain.bike\/wp-content\/uploads\/2023\/11\/1920px-Map_of_region_of_Tuscany_Italy_with_provinces-it.svg_-1320x1461.png 1320w, https:\/\/inzain.bike\/wp-content\/uploads\/2023\/11\/1920px-Map_of_region_of_Tuscany_Italy_with_provinces-it.svg_-600x664.png 600w, https:\/\/inzain.bike\/wp-content\/uploads\/2023\/11\/1920px-Map_of_region_of_Tuscany_Italy_with_provinces-it.svg_.png 1920w\" sizes=\"auto, (max-width: 925px) 100vw, 925px\" \/><\/figure>\n\n\n\n<p>Toscana har allt det, som vi anser vara synonymt med Italien: ett gr\u00f6nt b\u00f6ljande landskap med cypresser, f\u00f6rbluffande medeltida st\u00e4der, gamla borgar (varav m\u00e5nga numera \u00e4r ombyggda till hotell), kloster utsmyckade i marmor, vin i v\u00e4rldsklass och ett fantastiskt k\u00f6k \u2013 t\u00e4nk bara p\u00e5 h\u00e4rliga&nbsp;<em>bistecca fiorentina<\/em>, b\u00f6ngrytor, pasta och&nbsp;<em>panforte<\/em>. Dessutom finns det \u00e5tskilliga intressanta kyrkor och kloster, d\u00e4r du kan beundra freskom\u00e5lningar och mosaik fr\u00e5n ren\u00e4ssansen. <\/p>\n\n\n\n<p><strong>Siena<\/strong><\/p>\n\n\n\n<figure class=\"wp-block-image size-large\"><img loading=\"lazy\" decoding=\"async\" width=\"1024\" height=\"564\" src=\"https:\/\/inzain.bike\/wp-content\/uploads\/2023\/11\/20210311182031-enit-siena-1-1024x564.png\" alt=\"\" class=\"wp-image-5615\" srcset=\"https:\/\/inzain.bike\/wp-content\/uploads\/2023\/11\/20210311182031-enit-siena-1-1024x564.png 1024w, https:\/\/inzain.bike\/wp-content\/uploads\/2023\/11\/20210311182031-enit-siena-1-300x165.png 300w, https:\/\/inzain.bike\/wp-content\/uploads\/2023\/11\/20210311182031-enit-siena-1-768x423.png 768w, https:\/\/inzain.bike\/wp-content\/uploads\/2023\/11\/20210311182031-enit-siena-1-1536x847.png 1536w, https:\/\/inzain.bike\/wp-content\/uploads\/2023\/11\/20210311182031-enit-siena-1-18x10.png 18w, https:\/\/inzain.bike\/wp-content\/uploads\/2023\/11\/20210311182031-enit-siena-1-1320x728.png 1320w, https:\/\/inzain.bike\/wp-content\/uploads\/2023\/11\/20210311182031-enit-siena-1-600x331.png 600w, https:\/\/inzain.bike\/wp-content\/uploads\/2023\/11\/20210311182031-enit-siena-1.png 1600w\" sizes=\"auto, (max-width: 1024px) 100vw, 1024px\" \/><\/figure>\n\n\n\n<p>Staden var en g\u00e5ng i tiden en oberoende republik och under den senare medeltiden hade staden fler inv\u00e5nare \u00e4n Paris. Idag r\u00e5der det fortfarande en medeltida atmosf\u00e4r i staden, och h\u00e4r \u00e4r i stort s\u00e4tt ingen trafik vilket g\u00f6r att du kan bo p\u00e5 en semesterbostad lite utanf\u00f6r staden och sedan ta dig in till centrum f\u00f6r att promenera runt p\u00e5 du mysiga sm\u00e5 gatorna som str\u00e4cker ut sig fr\u00e5n vackra Piazza del Campo. Det finns tv\u00e5 saker du absolut m\u00e5ste se i staden: den ena \u00e4r den fantastiska zebrarandiga domkyrkan fr\u00e5n 1200-talet med alla dess marmorvalv. Dessutom m\u00e5ste du ocks\u00e5 uppleva Palazzo Publico, stadens r\u00e5dhus som ligger p\u00e5 det centrala torget, d\u00e4r det ocks\u00e5 finns ett museum var du kan besk\u00e5da Lorenzettis ber\u00f6mda verk&nbsp;<em>Den goda styrelsen<\/em>. Du kan ocks\u00e5 ta turen upp f\u00f6r de 503 trappstegen i Mangia-tornet, d\u00e4r du kan njuta av den storslagna utsikten \u00f6ver Piazza del Campo.<\/p>\n\n\n\n<p><strong>Val d\u2019Orcia<\/strong><\/p>\n\n\n\n<p>Dalen \u00e4r omgiven av ett b\u00f6ljande landskap med lerjord, vilket ger ett sp\u00e4nnande utseende, som skiftar i gr\u00f6nt, gult eller brunt, allt beroende p\u00e5 s\u00e4song. Endast ett enkelt tr\u00e4d eller litet stenhus bryter bilden. M\u00e5nga av dessa stenhus \u00e4r byggda p\u00e5 toppen av en backe, d\u00e4r utsikten \u00e4r b\u00e4st, och f\u00f6rsta platsen f\u00f6r den b\u00e4sta utsikten g\u00e5r till restaurangen La Bandita. H\u00e4r kan du ta en massa bra bilder, men du ska vara beredd p\u00e5 att det \u00e4r mycket varmt och dammigt under sommarm\u00e5naderna.<\/p>\n\n\n\n<p><strong>Montalcino <\/strong><\/p>\n\n\n\n<p>Montalcino var l\u00e4nge den sista utposten f\u00f6r sieneserna mot romarna och Montalcino med dess f\u00e4stning har f\u00e5tt genomlida m\u00e5nga krig.<\/p>\n\n\n\n<p>Montalcino med dess omkringliggande kommun \u00e4r hem \u00e5t vinet, och DOCG-appellationen, Brunello di Montalcino. F\u00f6rutom Brunello di Montalcino g\u00f6rs \u00e4ven Rosso di Montalcino och Moscadello di Montalcino. Rosso g\u00f6rs vanligtvis p\u00e5 ett liknande s\u00e4tt som ett brunello-vin men druvorna kommer fr\u00e5n yngre vinstockar och lagringen av vinet \u00e4r kortare, vilket \u00e4ven g\u00f6r att vinet inte kan lagras lika l\u00e4nge som ett brunello.<\/p>\n\n\n\n<figure class=\"wp-block-image alignright size-large\"><img loading=\"lazy\" decoding=\"async\" width=\"1024\" height=\"576\" src=\"https:\/\/inzain.bike\/wp-content\/uploads\/2023\/11\/rosso-di-montalcino-3774-1-3-1024x576.png\" alt=\"\" class=\"wp-image-5616\" srcset=\"https:\/\/inzain.bike\/wp-content\/uploads\/2023\/11\/rosso-di-montalcino-3774-1-3-1024x576.png 1024w, https:\/\/inzain.bike\/wp-content\/uploads\/2023\/11\/rosso-di-montalcino-3774-1-3-300x169.png 300w, https:\/\/inzain.bike\/wp-content\/uploads\/2023\/11\/rosso-di-montalcino-3774-1-3-768x432.png 768w, https:\/\/inzain.bike\/wp-content\/uploads\/2023\/11\/rosso-di-montalcino-3774-1-3-1536x863.png 1536w, https:\/\/inzain.bike\/wp-content\/uploads\/2023\/11\/rosso-di-montalcino-3774-1-3-2048x1151.png 2048w, https:\/\/inzain.bike\/wp-content\/uploads\/2023\/11\/rosso-di-montalcino-3774-1-3-18x10.png 18w, https:\/\/inzain.bike\/wp-content\/uploads\/2023\/11\/rosso-di-montalcino-3774-1-3-1320x742.png 1320w, https:\/\/inzain.bike\/wp-content\/uploads\/2023\/11\/rosso-di-montalcino-3774-1-3-600x337.png 600w\" sizes=\"auto, (max-width: 1024px) 100vw, 1024px\" \/><\/figure>\n\n\n\n<p><strong>Pienza<\/strong><\/p>\n\n\n\n<p>Denna lilla landsort \u00e4r s\u00e5 liten, att du kan g\u00e5 igenom den p\u00e5 fem minuter \u2013 men det finns s\u00e5 mycket konst och arkitektur i stan, att du kan stanna en hel dag. Staden grundades, eller kanske snarare \u00e5teruppt\u00e4ckt, av Aenas Piccolomini, som senare blev mer k\u00e4nd som P\u00e5ve Pius II. Han f\u00f6rest\u00e4llde sig staden som en utopiskt landsort som skulle fungera som en modelstad f\u00f6r alla andra st\u00e4der i Toscana \u2013 dock f\u00e4rdigst\u00e4llde han aldrig sitt projekt. Men du kan se flera byggnader fr\u00e5n 1400- och 1500-talen, bland annat flera palats, en domkyrka och ett museum. H\u00e4r \u00e4r ocks\u00e5 flera bra restauranger, t.ex. Falco och Latte di Luna.<\/p>\n\n\n\n<figure class=\"wp-block-image size-large\"><img loading=\"lazy\" decoding=\"async\" width=\"1024\" height=\"405\" src=\"https:\/\/inzain.bike\/wp-content\/uploads\/2023\/11\/pienza-view-1024x405.jpg\" alt=\"\" class=\"wp-image-5617\" srcset=\"https:\/\/inzain.bike\/wp-content\/uploads\/2023\/11\/pienza-view-1024x405.jpg 1024w, https:\/\/inzain.bike\/wp-content\/uploads\/2023\/11\/pienza-view-300x119.jpg 300w, https:\/\/inzain.bike\/wp-content\/uploads\/2023\/11\/pienza-view-768x304.jpg 768w, https:\/\/inzain.bike\/wp-content\/uploads\/2023\/11\/pienza-view-18x7.jpg 18w, https:\/\/inzain.bike\/wp-content\/uploads\/2023\/11\/pienza-view-1320x523.jpg 1320w, https:\/\/inzain.bike\/wp-content\/uploads\/2023\/11\/pienza-view-600x238.jpg 600w, https:\/\/inzain.bike\/wp-content\/uploads\/2023\/11\/pienza-view.jpg 1440w\" sizes=\"auto, (max-width: 1024px) 100vw, 1024px\" \/><\/figure>\n\n\n\n<p>Efter vinprovningen kan du korsa gatan till caf\u00e9et fr\u00e5n 1800-talet,&nbsp;<em>Fiaschetteria Italiana<\/em>, som \u00e4r ett vidunderligt st\u00e4lle d\u00e4r du kan sitta och betrakta f\u00f6rbipasserande. Lite utanf\u00f6r staden kan du njuta av den fantastiska naturen, och bes\u00f6ka det vackra kr\u00e4mf\u00e4rgade klostret Sant\u2019Antimo. H\u00e4rifr\u00e5n kan du ta en halvdags-vandring till Bagno Vignoni, genom Orcia-klyftan, d\u00e4r du hittar en vacker dal med en flod och en del medeltida borgar. Du b\u00f6r dock komma ih\u00e5g ett kompass, en karta eller ett v\u00e4ldigt bra lokalsinne.<\/p>\n\n\n\n<p><br><br>Bagno Vignoni \u00e4r en av de platser i Toscana som \u00e4r ganska popul\u00e4r trots sin mycket lilla storlek. Varf\u00f6r? F\u00f6r det \u00e4r f\u00f6rtrollande och charmigt&#8230; och det har varma k\u00e4llor! L\u00e4gg till ett stopp h\u00e4r f\u00f6r att ocks\u00e5 njuta av den underbara utsikten \u00f6ver Val d&#8217;Orcia runt den lilla staden, inklusive Rocca di Tentennano i Castiglione d&#8217;Orcia i fj\u00e4rran. Bagno Vignoni \u00e4r mycket unik: ingen annanstans i Italien hittar du dess centrala torg med en pool fylld med varma k\u00e4llor. 49 meter l\u00e5ng och 29 meter bred, \u00e4r ren\u00e4ssansens piazzan byggd direkt \u00f6ver den ursprungliga k\u00e4llan till varma k\u00e4llor som romarna nj\u00f6t av.<\/p>\n\n\n\n<figure class=\"wp-block-image size-large\"><img decoding=\"async\" src=\"https:\/\/inzain.bike\/wp-content\/uploads\/2023\/11\/20231012_104114-768x1024.jpg\" alt=\"\" class=\"wp-image-5603\"\/><\/figure>\n\n\n\n<figure class=\"wp-block-image size-large\"><img loading=\"lazy\" decoding=\"async\" width=\"1024\" height=\"768\" src=\"https:\/\/inzain.bike\/wp-content\/uploads\/2023\/11\/20231012_111648-1024x768.jpg\" alt=\"\" class=\"wp-image-5604\" srcset=\"https:\/\/inzain.bike\/wp-content\/uploads\/2023\/11\/20231012_111648-1024x768.jpg 1024w, https:\/\/inzain.bike\/wp-content\/uploads\/2023\/11\/20231012_111648-300x225.jpg 300w, https:\/\/inzain.bike\/wp-content\/uploads\/2023\/11\/20231012_111648-768x576.jpg 768w, https:\/\/inzain.bike\/wp-content\/uploads\/2023\/11\/20231012_111648-1536x1152.jpg 1536w, https:\/\/inzain.bike\/wp-content\/uploads\/2023\/11\/20231012_111648-2048x1536.jpg 2048w, https:\/\/inzain.bike\/wp-content\/uploads\/2023\/11\/20231012_111648-16x12.jpg 16w, https:\/\/inzain.bike\/wp-content\/uploads\/2023\/11\/20231012_111648-1320x990.jpg 1320w, https:\/\/inzain.bike\/wp-content\/uploads\/2023\/11\/20231012_111648-600x450.jpg 600w\" sizes=\"auto, (max-width: 1024px) 100vw, 1024px\" \/><\/figure>\n<\/div>\n<\/div>\n\n\n\n<p><\/p>\n","protected":false},"excerpt":{"rendered":"<p>Toscana r\u00e4knas av m\u00e5nga som ett av de vackraste landskapen i Italien. Det toskanska k\u00f6ket \u00e4r k\u00e4nt \u00f6ver hela v\u00e4rlden, liksom regionens fina viner fr\u00e5n distrikten Chianti, Morellino di Scansano och Brunello di Montalcino. Ett j\u00e4mf\u00f6relsevis stort antal av Italiens ren\u00e4ssanskonstn\u00e4rer och f\u00f6rfattare h\u00e4rstammar h\u00e4rifr\u00e5n, varf\u00f6r Toscana kan s\u00e4gas vara ett centrum f\u00f6r den europeiska [&hellip;]<\/p>\n","protected":false},"author":135133094,"featured_media":0,"parent":0,"menu_order":0,"comment_status":"closed","ping_status":"closed","template":"","meta":{"_coblocks_attr":"","_coblocks_dimensions":"","_coblocks_responsive_height":"","_coblocks_accordion_ie_support":"","footnotes":""},"class_list":["post-7054","page","type-page","status-publish","hentry"],"yoast_head":"<!-- This site is optimized with the Yoast SEO plugin v27.2 - https:\/\/yoast.com\/product\/yoast-seo-wordpress\/ -->\n<title>Om Kalifornien - INZAIN Cycling EXPERIENCES<\/title>\n<meta name=\"robots\" content=\"index, follow, max-snippet:-1, max-image-preview:large, max-video-preview:-1\" \/>\n<link rel=\"canonical\" href=\"https:\/\/inzain.bike\/sv_se\/cal24-about\/\" \/>\n<meta property=\"og:locale\" content=\"sv_SE\" \/>\n<meta property=\"og:type\" content=\"article\" \/>\n<meta property=\"og:title\" content=\"Om Kalifornien - INZAIN Cycling EXPERIENCES\" \/>\n<meta property=\"og:description\" content=\"Toscana r\u00e4knas av m\u00e5nga som ett av de vackraste landskapen i Italien. Det toskanska k\u00f6ket \u00e4r k\u00e4nt \u00f6ver hela v\u00e4rlden, liksom regionens fina viner fr\u00e5n distrikten Chianti, Morellino di Scansano och Brunello di Montalcino. Ett j\u00e4mf\u00f6relsevis stort antal av Italiens ren\u00e4ssanskonstn\u00e4rer och f\u00f6rfattare h\u00e4rstammar h\u00e4rifr\u00e5n, varf\u00f6r Toscana kan s\u00e4gas vara ett centrum f\u00f6r den europeiska [&hellip;]\" \/>\n<meta property=\"og:url\" content=\"https:\/\/inzain.bike\/sv_se\/cal24-about\/\" \/>\n<meta property=\"og:site_name\" content=\"INZAIN Cycling EXPERIENCES\" \/>\n<meta property=\"article:publisher\" content=\"https:\/\/www.facebook.com\/Inzain.bike\" \/>\n<meta property=\"article:modified_time\" content=\"2024-03-19T07:28:29+00:00\" \/>\n<meta property=\"og:image\" content=\"https:\/\/inzain.bike\/wp-content\/uploads\/2023\/11\/1920px-Map_of_region_of_Tuscany_Italy_with_provinces-it.svg_-925x1024.png\" \/>\n<meta name=\"twitter:card\" content=\"summary_large_image\" \/>\n<meta name=\"twitter:label1\" content=\"Ber\u00e4knad l\u00e4stid\" \/>\n\t<meta name=\"twitter:data1\" content=\"5 minuter\" \/>\n<script type=\"application\/ld+json\" class=\"yoast-schema-graph\">{\"@context\":\"https:\/\/schema.org\",\"@graph\":[{\"@type\":\"WebPage\",\"@id\":\"https:\/\/inzain.bike\/en_gb\/cal24-about\/\",\"url\":\"https:\/\/inzain.bike\/en_gb\/cal24-about\/\",\"name\":\"Om Kalifornien - INZAIN Cycling EXPERIENCES\",\"isPartOf\":{\"@id\":\"https:\/\/inzain.bike\/fr_be\/#website\"},\"primaryImageOfPage\":{\"@id\":\"https:\/\/inzain.bike\/en_gb\/cal24-about\/#primaryimage\"},\"image\":{\"@id\":\"https:\/\/inzain.bike\/en_gb\/cal24-about\/#primaryimage\"},\"thumbnailUrl\":\"https:\/\/inzain.bike\/wp-content\/uploads\/2023\/11\/1920px-Map_of_region_of_Tuscany_Italy_with_provinces-it.svg_-925x1024.png\",\"datePublished\":\"2024-03-19T07:28:26+00:00\",\"dateModified\":\"2024-03-19T07:28:29+00:00\",\"breadcrumb\":{\"@id\":\"https:\/\/inzain.bike\/en_gb\/cal24-about\/#breadcrumb\"},\"inLanguage\":\"sv-SE\",\"potentialAction\":[{\"@type\":\"ReadAction\",\"target\":[\"https:\/\/inzain.bike\/en_gb\/cal24-about\/\"]}]},{\"@type\":\"ImageObject\",\"inLanguage\":\"sv-SE\",\"@id\":\"https:\/\/inzain.bike\/en_gb\/cal24-about\/#primaryimage\",\"url\":\"https:\/\/inzain.bike\/wp-content\/uploads\/2023\/11\/1920px-Map_of_region_of_Tuscany_Italy_with_provinces-it.svg_-925x1024.png\",\"contentUrl\":\"https:\/\/inzain.bike\/wp-content\/uploads\/2023\/11\/1920px-Map_of_region_of_Tuscany_Italy_with_provinces-it.svg_-925x1024.png\"},{\"@type\":\"BreadcrumbList\",\"@id\":\"https:\/\/inzain.bike\/en_gb\/cal24-about\/#breadcrumb\",\"itemListElement\":[{\"@type\":\"ListItem\",\"position\":1,\"name\":\"Hem\",\"item\":\"https:\/\/inzain.bike\/fr_be\/\"},{\"@type\":\"ListItem\",\"position\":2,\"name\":\"Om Kalifornien\"}]},{\"@type\":\"WebSite\",\"@id\":\"https:\/\/inzain.bike\/fr_be\/#website\",\"url\":\"https:\/\/inzain.bike\/fr_be\/\",\"name\":\"INZAIN Cycling EXPERIENCES\",\"description\":\"Cyckling Adventures  - for everyone\",\"publisher\":{\"@id\":\"https:\/\/inzain.bike\/fr_be\/#organization\"},\"alternateName\":\"INZAIN Gravel & Travel\",\"potentialAction\":[{\"@type\":\"SearchAction\",\"target\":{\"@type\":\"EntryPoint\",\"urlTemplate\":\"https:\/\/inzain.bike\/fr_be\/?s={search_term_string}\"},\"query-input\":{\"@type\":\"PropertyValueSpecification\",\"valueRequired\":true,\"valueName\":\"search_term_string\"}}],\"inLanguage\":\"sv-SE\"},{\"@type\":\"Organization\",\"@id\":\"https:\/\/inzain.bike\/fr_be\/#organization\",\"name\":\"INZAIN Cycling EXPERIENCES\",\"url\":\"https:\/\/inzain.bike\/fr_be\/\",\"logo\":{\"@type\":\"ImageObject\",\"inLanguage\":\"sv-SE\",\"@id\":\"https:\/\/inzain.bike\/fr_be\/#\/schema\/logo\/image\/\",\"url\":\"https:\/\/i0.wp.com\/inzain.bike\/wp-content\/uploads\/2023\/09\/cropped-INZAIN_512x512_white.png?fit=512%2C512&ssl=1\",\"contentUrl\":\"https:\/\/i0.wp.com\/inzain.bike\/wp-content\/uploads\/2023\/09\/cropped-INZAIN_512x512_white.png?fit=512%2C512&ssl=1\",\"width\":512,\"height\":512,\"caption\":\"INZAIN Cycling EXPERIENCES\"},\"image\":{\"@id\":\"https:\/\/inzain.bike\/fr_be\/#\/schema\/logo\/image\/\"},\"sameAs\":[\"https:\/\/www.facebook.com\/Inzain.bike\",\"https:\/\/www.instagram.com\/inzainbike\"]}]}<\/script>\n<!-- \/ Yoast SEO plugin. -->","yoast_head_json":{"title":"Om Kalifornien - INZAIN Cycling EXPERIENCES","robots":{"index":"index","follow":"follow","max-snippet":"max-snippet:-1","max-image-preview":"max-image-preview:large","max-video-preview":"max-video-preview:-1"},"canonical":"https:\/\/inzain.bike\/sv_se\/cal24-about\/","og_locale":"sv_SE","og_type":"article","og_title":"Om Kalifornien - INZAIN Cycling EXPERIENCES","og_description":"Toscana r\u00e4knas av m\u00e5nga som ett av de vackraste landskapen i Italien. Det toskanska k\u00f6ket \u00e4r k\u00e4nt \u00f6ver hela v\u00e4rlden, liksom regionens fina viner fr\u00e5n distrikten Chianti, Morellino di Scansano och Brunello di Montalcino. Ett j\u00e4mf\u00f6relsevis stort antal av Italiens ren\u00e4ssanskonstn\u00e4rer och f\u00f6rfattare h\u00e4rstammar h\u00e4rifr\u00e5n, varf\u00f6r Toscana kan s\u00e4gas vara ett centrum f\u00f6r den europeiska [&hellip;]","og_url":"https:\/\/inzain.bike\/sv_se\/cal24-about\/","og_site_name":"INZAIN Cycling EXPERIENCES","article_publisher":"https:\/\/www.facebook.com\/Inzain.bike","article_modified_time":"2024-03-19T07:28:29+00:00","og_image":[{"url":"https:\/\/inzain.bike\/wp-content\/uploads\/2023\/11\/1920px-Map_of_region_of_Tuscany_Italy_with_provinces-it.svg_-925x1024.png","type":"","width":"","height":""}],"twitter_card":"summary_large_image","twitter_misc":{"Ber\u00e4knad l\u00e4stid":"5 minuter"},"schema":{"@context":"https:\/\/schema.org","@graph":[{"@type":"WebPage","@id":"https:\/\/inzain.bike\/en_gb\/cal24-about\/","url":"https:\/\/inzain.bike\/en_gb\/cal24-about\/","name":"Om Kalifornien - INZAIN Cycling EXPERIENCES","isPartOf":{"@id":"https:\/\/inzain.bike\/fr_be\/#website"},"primaryImageOfPage":{"@id":"https:\/\/inzain.bike\/en_gb\/cal24-about\/#primaryimage"},"image":{"@id":"https:\/\/inzain.bike\/en_gb\/cal24-about\/#primaryimage"},"thumbnailUrl":"https:\/\/inzain.bike\/wp-content\/uploads\/2023\/11\/1920px-Map_of_region_of_Tuscany_Italy_with_provinces-it.svg_-925x1024.png","datePublished":"2024-03-19T07:28:26+00:00","dateModified":"2024-03-19T07:28:29+00:00","breadcrumb":{"@id":"https:\/\/inzain.bike\/en_gb\/cal24-about\/#breadcrumb"},"inLanguage":"sv-SE","potentialAction":[{"@type":"ReadAction","target":["https:\/\/inzain.bike\/en_gb\/cal24-about\/"]}]},{"@type":"ImageObject","inLanguage":"sv-SE","@id":"https:\/\/inzain.bike\/en_gb\/cal24-about\/#primaryimage","url":"https:\/\/inzain.bike\/wp-content\/uploads\/2023\/11\/1920px-Map_of_region_of_Tuscany_Italy_with_provinces-it.svg_-925x1024.png","contentUrl":"https:\/\/inzain.bike\/wp-content\/uploads\/2023\/11\/1920px-Map_of_region_of_Tuscany_Italy_with_provinces-it.svg_-925x1024.png"},{"@type":"BreadcrumbList","@id":"https:\/\/inzain.bike\/en_gb\/cal24-about\/#breadcrumb","itemListElement":[{"@type":"ListItem","position":1,"name":"Hem","item":"https:\/\/inzain.bike\/fr_be\/"},{"@type":"ListItem","position":2,"name":"Om Kalifornien"}]},{"@type":"WebSite","@id":"https:\/\/inzain.bike\/fr_be\/#website","url":"https:\/\/inzain.bike\/fr_be\/","name":"INZAIN Cycling EXPERIENCES","description":"Cyckling Adventures  - for everyone","publisher":{"@id":"https:\/\/inzain.bike\/fr_be\/#organization"},"alternateName":"INZAIN Gravel & Travel","potentialAction":[{"@type":"SearchAction","target":{"@type":"EntryPoint","urlTemplate":"https:\/\/inzain.bike\/fr_be\/?s={search_term_string}"},"query-input":{"@type":"PropertyValueSpecification","valueRequired":true,"valueName":"search_term_string"}}],"inLanguage":"sv-SE"},{"@type":"Organization","@id":"https:\/\/inzain.bike\/fr_be\/#organization","name":"INZAIN Cycling EXPERIENCES","url":"https:\/\/inzain.bike\/fr_be\/","logo":{"@type":"ImageObject","inLanguage":"sv-SE","@id":"https:\/\/inzain.bike\/fr_be\/#\/schema\/logo\/image\/","url":"https:\/\/i0.wp.com\/inzain.bike\/wp-content\/uploads\/2023\/09\/cropped-INZAIN_512x512_white.png?fit=512%2C512&ssl=1","contentUrl":"https:\/\/i0.wp.com\/inzain.bike\/wp-content\/uploads\/2023\/09\/cropped-INZAIN_512x512_white.png?fit=512%2C512&ssl=1","width":512,"height":512,"caption":"INZAIN Cycling EXPERIENCES"},"image":{"@id":"https:\/\/inzain.bike\/fr_be\/#\/schema\/logo\/image\/"},"sameAs":["https:\/\/www.facebook.com\/Inzain.bike","https:\/\/www.instagram.com\/inzainbike"]}]}},"amp_enabled":true,"_links":{"self":[{"href":"https:\/\/inzain.bike\/sv_se\/wp-json\/wp\/v2\/pages\/7054","targetHints":{"allow":["GET"]}}],"collection":[{"href":"https:\/\/inzain.bike\/sv_se\/wp-json\/wp\/v2\/pages"}],"about":[{"href":"https:\/\/inzain.bike\/sv_se\/wp-json\/wp\/v2\/types\/page"}],"author":[{"embeddable":true,"href":"https:\/\/inzain.bike\/sv_se\/wp-json\/wp\/v2\/users\/135133094"}],"replies":[{"embeddable":true,"href":"https:\/\/inzain.bike\/sv_se\/wp-json\/wp\/v2\/comments?post=7054"}],"version-history":[{"count":0,"href":"https:\/\/inzain.bike\/sv_se\/wp-json\/wp\/v2\/pages\/7054\/revisions"}],"wp:attachment":[{"href":"https:\/\/inzain.bike\/sv_se\/wp-json\/wp\/v2\/media?parent=7054"}],"curies":[{"name":"wp","href":"https:\/\/api.w.org\/{rel}","templated":true}]}}