{"id":7907,"date":"2025-03-20T08:29:15","date_gmt":"2025-03-20T07:29:15","guid":{"rendered":"https:\/\/inzain.bike\/?page_id=7907"},"modified":"2025-10-14T12:28:27","modified_gmt":"2025-10-14T10:28:27","slug":"ride-sign-up","status":"publish","type":"page","link":"https:\/\/inzain.bike\/sv_se\/ride-sign-up\/","title":{"rendered":"INZAIN Skokloster Sign-Up"},"content":{"rendered":"\n<figure class=\"wp-block-image size-full\"><img loading=\"lazy\" decoding=\"async\" width=\"1920\" height=\"1080\" src=\"https:\/\/inzain.bike\/wp-content\/uploads\/2025\/10\/Skoklosters-slott-host-1920x1080-1-jpg.webp\" alt=\"\" class=\"wp-image-8888\" srcset=\"https:\/\/inzain.bike\/wp-content\/uploads\/2025\/10\/Skoklosters-slott-host-1920x1080-1-jpg.webp 1920w, https:\/\/inzain.bike\/wp-content\/uploads\/2025\/10\/Skoklosters-slott-host-1920x1080-1-jpg-300x169.webp 300w, https:\/\/inzain.bike\/wp-content\/uploads\/2025\/10\/Skoklosters-slott-host-1920x1080-1-jpg-1024x576.webp 1024w, https:\/\/inzain.bike\/wp-content\/uploads\/2025\/10\/Skoklosters-slott-host-1920x1080-1-jpg-768x432.webp 768w, https:\/\/inzain.bike\/wp-content\/uploads\/2025\/10\/Skoklosters-slott-host-1920x1080-1-jpg-1536x864.webp 1536w, https:\/\/inzain.bike\/wp-content\/uploads\/2025\/10\/Skoklosters-slott-host-1920x1080-1-jpg-18x10.webp 18w, https:\/\/inzain.bike\/wp-content\/uploads\/2025\/10\/Skoklosters-slott-host-1920x1080-1-jpg-600x338.webp 600w\" sizes=\"auto, (max-width: 1920px) 100vw, 1920px\" \/><\/figure>\n\n\n\n<p>H\u00f6st men sol och vackert v\u00e4der, d\u00e5 tar vi oss ut p\u00e5 v\u00e4gar, inte alla k\u00f6rt. Vi kommer bes\u00f6ka Skokloster och cykla m\u00e5nga sp\u00e4nnande v\u00e4gar l\u00e4ngs kulturlandskap och skog. Turen startar i B\u00e5lsta dit tar man sig enkelt med pendeln och den slutar i Bro. Turen \u00e4r n\u00e5got kortare d\u00e5 det ju \u00e4r svalare, solen g\u00f6r det hela behagligt.<br><\/p>\n\n\n\n<p>OM v\u00e4dret \u00e4ndras och det blir v\u00e4ldigt kallt eller regn kan turen komma att<br>st\u00e4llas in.<\/p>\n\n\n\n<h1 class=\"wp-block-heading\">Schema<\/h1>\n\n\n\n<p>Pendel fr\u00e5n S\u00f6dra Station kl 09:21 framme i B\u00e5lsta 10:06<br>10:15 Start<br>11:30 20 km Skadevi<br>12:30 37 km Skokloster<br>13:15 49 km Sj\u00f6krogen Lunch<br>14:00 avf\u00e4rd<br>15:15 70 km \u00d6nsta<br>16:10 84 km Bro Station<br>T\u00e5g&nbsp; var 30:e p\u00e5 xx:59<\/p>\n\n\n\n<p><\/p>\n\n\n\n<p>F\u00f6r att underl\u00e4tta upplevelsen p\u00e5 Sj\u00f6krogen s\u00e5 best\u00e4ller du din mat h\u00e4r Man betalar p\u00e5 restaurangen som vanligt. Vi sitter ute. <\/p>\n\n\n<style id=\"wpforms-css-vars-7913-block-6b0d964b-b992-4524-b5b2-63959a97fa77\">\n\t\t\t\t#wpforms-7913.wpforms-block-6b0d964b-b992-4524-b5b2-63959a97fa77 {\n\t\t\t\t--wpforms-field-size-input-height: 43px;\n--wpforms-field-size-input-spacing: 15px;\n--wpforms-field-size-font-size: 16px;\n--wpforms-field-size-line-height: 19px;\n--wpforms-field-size-padding-h: 14px;\n--wpforms-field-size-checkbox-size: 16px;\n--wpforms-field-size-sublabel-spacing: 5px;\n--wpforms-field-size-icon-size: 1;\n--wpforms-label-size-font-size: 16px;\n--wpforms-label-size-line-height: 19px;\n--wpforms-label-size-sublabel-font-size: 14px;\n--wpforms-label-size-sublabel-line-height: 17px;\n--wpforms-button-size-font-size: 17px;\n--wpforms-button-size-height: 41px;\n--wpforms-button-size-padding-h: 15px;\n--wpforms-button-size-margin-top: 10px;\n--wpforms-container-shadow-size-box-shadow: none;\n\t\t\t}\n\t\t\t<\/style><div class=\"wpforms-container wpforms-container-full wpforms-block wpforms-block-6b0d964b-b992-4524-b5b2-63959a97fa77 wpforms-render-modern\" id=\"wpforms-7913\"><form id=\"wpforms-form-7913\" class=\"wpforms-validate wpforms-form wpforms-ajax-form\" data-formid=\"7913\" method=\"post\" enctype=\"multipart\/form-data\" action=\"\/sv_se\/wp-json\/wp\/v2\/pages\/7907\" data-token=\"25ec86da1340fbbb5aa24dfeb194550d\" data-token-time=\"1776282673\"><noscript class=\"wpforms-error-noscript\">Aktivera JavaScript i din webbl\u00e4sare f\u00f6r att fylla i formul\u00e4ret.<\/noscript><div id=\"wpforms-error-noscript\" style=\"display: none;\">Aktivera JavaScript i din webbl\u00e4sare f\u00f6r att fylla i formul\u00e4ret.<\/div><div class=\"wpforms-field-container\"><div id=\"wpforms-7913-field_0-container\" class=\"wpforms-field wpforms-field-name\" data-field-id=\"0\"><fieldset><legend class=\"wpforms-field-label\">Name <span class=\"wpforms-required-label\" aria-hidden=\"true\">*<\/span><\/legend><div class=\"wpforms-field-row wpforms-field-medium\"><div class=\"wpforms-field-row-block wpforms-first wpforms-one-half\"><input type=\"text\" id=\"wpforms-7913-field_0\" class=\"wpforms-field-name-first wpforms-field-required\" name=\"wpforms[fields][0][first]\" aria-errormessage=\"wpforms-7913-field_0-error\" aria-describedby=\"wpforms-7913-field_0-description\" required><label for=\"wpforms-7913-field_0\" class=\"wpforms-field-sublabel after\">F\u00f6rst<\/label><\/div><div class=\"wpforms-field-row-block wpforms-one-half\"><input type=\"text\" id=\"wpforms-7913-field_0-last\" class=\"wpforms-field-name-last wpforms-field-required\" name=\"wpforms[fields][0][last]\" aria-errormessage=\"wpforms-7913-field_0-last-error\" aria-describedby=\"wpforms-7913-field_0-description\" required><label for=\"wpforms-7913-field_0-last\" class=\"wpforms-field-sublabel after\">Sist<\/label><\/div><\/div><div id=\"wpforms-7913-field_0-description\" class=\"wpforms-field-description\">Ange f\u00f6r och efternamn<\/div><\/fieldset><\/div><div id=\"wpforms-7913-field_1-container\" class=\"wpforms-field wpforms-field-email\" data-field-id=\"1\"><label class=\"wpforms-field-label\" for=\"wpforms-7913-field_1\">Email <span class=\"wpforms-required-label\" aria-hidden=\"true\">*<\/span><\/label><input type=\"email\" id=\"wpforms-7913-field_1\" class=\"wpforms-field-medium wpforms-field-required\" name=\"wpforms[fields][1]\" spellcheck=\"false\" aria-errormessage=\"wpforms-7913-field_1-error\" required><\/div><div id=\"wpforms-7913-field_14-container\" class=\"wpforms-field wpforms-field-phone\" data-field-id=\"14\"><label class=\"wpforms-field-label\" for=\"wpforms-7913-field_14\">Mobil <span class=\"wpforms-required-label\" aria-hidden=\"true\">*<\/span><\/label><input type=\"tel\" id=\"wpforms-7913-field_14\" class=\"wpforms-field-medium wpforms-field-required wpforms-smart-phone-field\" data-rule-smart-phone-field=\"true\" name=\"wpforms[fields][14]\" aria-label=\"Mobil\" aria-errormessage=\"wpforms-7913-field_14-error\" required><\/div><div id=\"wpforms-7913-field_15-container\" class=\"wpforms-field wpforms-field-radio\" data-field-id=\"15\"><fieldset><legend class=\"wpforms-field-label\">Vad vill du \u00e4ta? <span class=\"wpforms-required-label\" aria-hidden=\"true\">*<\/span><\/legend><ul id=\"wpforms-7913-field_15\" class=\"wpforms-field-required\"><li class=\"choice-15 depth-1\"><input type=\"radio\" id=\"wpforms-7913-field_15_15\" name=\"wpforms[fields][15]\" value=\"Inget\" aria-errormessage=\"wpforms-7913-field_15_15-error\" aria-describedby=\"wpforms-7913-field_15-description\" required ><label class=\"wpforms-field-label-inline\" for=\"wpforms-7913-field_15_15\">Inget<\/label><\/li><li class=\"choice-1 depth-1\"><input type=\"radio\" id=\"wpforms-7913-field_15_1\" name=\"wpforms[fields][15]\" value=\"Halstrad R\u00f6ding 279 kr\" aria-errormessage=\"wpforms-7913-field_15_1-error\" aria-describedby=\"wpforms-7913-field_15-description\" required ><label class=\"wpforms-field-label-inline\" for=\"wpforms-7913-field_15_1\">Halstrad R\u00f6ding 279 kr<\/label><\/li><li class=\"choice-2 depth-1\"><input type=\"radio\" id=\"wpforms-7913-field_15_2\" name=\"wpforms[fields][15]\" value=\"H\u00f6grevsburgare 195 kr\" aria-errormessage=\"wpforms-7913-field_15_2-error\" aria-describedby=\"wpforms-7913-field_15-description\" required ><label class=\"wpforms-field-label-inline\" for=\"wpforms-7913-field_15_2\">H\u00f6grevsburgare 195 kr<\/label><\/li><li class=\"choice-3 depth-1\"><input type=\"radio\" id=\"wpforms-7913-field_15_3\" name=\"wpforms[fields][15]\" value=\"Ryggbiffspasta 189 kr\" aria-errormessage=\"wpforms-7913-field_15_3-error\" aria-describedby=\"wpforms-7913-field_15-description\" required ><label class=\"wpforms-field-label-inline\" for=\"wpforms-7913-field_15_3\">Ryggbiffspasta 189 kr<\/label><\/li><li class=\"choice-4 depth-1\"><input type=\"radio\" id=\"wpforms-7913-field_15_4\" name=\"wpforms[fields][15]\" value=\"Ugnsgratinerad Portobello 249 kr\" aria-errormessage=\"wpforms-7913-field_15_4-error\" aria-describedby=\"wpforms-7913-field_15-description\" required ><label class=\"wpforms-field-label-inline\" for=\"wpforms-7913-field_15_4\">Ugnsgratinerad Portobello 249 kr<\/label><\/li><li class=\"choice-5 depth-1\"><input type=\"radio\" id=\"wpforms-7913-field_15_5\" name=\"wpforms[fields][15]\" value=\"Vegansk Burgare 185 kr\" aria-errormessage=\"wpforms-7913-field_15_5-error\" aria-describedby=\"wpforms-7913-field_15-description\" required ><label class=\"wpforms-field-label-inline\" for=\"wpforms-7913-field_15_5\">Vegansk Burgare 185 kr<\/label><\/li><li class=\"choice-21 depth-1\"><input type=\"radio\" id=\"wpforms-7913-field_15_21\" name=\"wpforms[fields][15]\" value=\"Pizza 110-169 kr\" aria-errormessage=\"wpforms-7913-field_15_21-error\" aria-describedby=\"wpforms-7913-field_15-description\" required ><label class=\"wpforms-field-label-inline\" for=\"wpforms-7913-field_15_21\">Pizza 110-169 kr<\/label><\/li><\/ul><div id=\"wpforms-7913-field_15-description\" class=\"wpforms-field-description\">V\u00e4lj vad du vill \u00e4ta.\n<\/div><\/fieldset><\/div><div id=\"wpforms-7913-field_2-container\" class=\"wpforms-field wpforms-field-textarea\" data-field-id=\"2\"><label class=\"wpforms-field-label\" for=\"wpforms-7913-field_2\">Kommentar<\/label><textarea id=\"wpforms-7913-field_2\" class=\"wpforms-field-medium\" name=\"wpforms[fields][2]\" aria-errormessage=\"wpforms-7913-field_2-error\" aria-describedby=\"wpforms-7913-field_2-description\" ><\/textarea><div id=\"wpforms-7913-field_2-description\" class=\"wpforms-field-description\">Har du n\u00e5got extra du vill vi ska veta kan du skriva det h\u00e4r. Eller om du har en fr\u00e5ga.<\/div><\/div><\/div><!-- .wpforms-field-container --><div class=\"wpforms-submit-container\" ><input type=\"hidden\" name=\"wpforms[id]\" value=\"7913\"><input type=\"hidden\" name=\"page_title\" value=\"\"><input type=\"hidden\" name=\"page_url\" value=\"https:\/\/inzain.bike\/sv_se\/wp-json\/wp\/v2\/pages\/7907\"><input type=\"hidden\" name=\"url_referer\" value=\"\"><button type=\"submit\" name=\"wpforms[submit]\" id=\"wpforms-submit-7913\" class=\"wpforms-submit\" data-alt-text=\"Sending...\" data-submit-text=\"Skicka In\" aria-live=\"assertive\" value=\"wpforms-submit\">Skicka In<\/button><img loading=\"lazy\" decoding=\"async\" src=\"https:\/\/inzain.bike\/wp-content\/plugins\/wpforms\/assets\/images\/submit-spin.svg\" class=\"wpforms-submit-spinner\" style=\"display: none;\" width=\"26\" height=\"26\" alt=\"Laddar\"><\/div><\/form><\/div>  <!-- .wpforms-container -->","protected":false},"excerpt":{"rendered":"<p>H\u00f6st men sol och vackert v\u00e4der, d\u00e5 tar vi oss ut p\u00e5 v\u00e4gar, inte alla k\u00f6rt. Vi kommer bes\u00f6ka Skokloster och cykla m\u00e5nga sp\u00e4nnande v\u00e4gar l\u00e4ngs kulturlandskap och skog. Turen startar i B\u00e5lsta dit tar man sig enkelt med pendeln och den slutar i Bro. Turen \u00e4r n\u00e5got kortare d\u00e5 det ju \u00e4r svalare, solen [&hellip;]<\/p>\n","protected":false},"author":203917875,"featured_media":7898,"parent":0,"menu_order":0,"comment_status":"closed","ping_status":"closed","template":"","meta":{"_coblocks_attr":"","_coblocks_dimensions":"","_coblocks_responsive_height":"","_coblocks_accordion_ie_support":"","footnotes":""},"class_list":["post-7907","page","type-page","status-publish","has-post-thumbnail","hentry"],"yoast_head":"<!-- This site is optimized with the Yoast SEO plugin v27.2 - https:\/\/yoast.com\/product\/yoast-seo-wordpress\/ -->\n<title>INZAIN Skokloster Sign-Up - INZAIN Cycling EXPERIENCES<\/title>\n<meta name=\"robots\" content=\"index, follow, max-snippet:-1, max-image-preview:large, max-video-preview:-1\" \/>\n<link rel=\"canonical\" href=\"https:\/\/inzain.bike\/sv_se\/ride-sign-up\/\" \/>\n<meta property=\"og:locale\" content=\"sv_SE\" \/>\n<meta property=\"og:type\" content=\"article\" \/>\n<meta property=\"og:title\" content=\"INZAIN Skokloster Sign-Up - INZAIN Cycling EXPERIENCES\" \/>\n<meta property=\"og:description\" content=\"H\u00f6st men sol och vackert v\u00e4der, d\u00e5 tar vi oss ut p\u00e5 v\u00e4gar, inte alla k\u00f6rt. Vi kommer bes\u00f6ka Skokloster och cykla m\u00e5nga sp\u00e4nnande v\u00e4gar l\u00e4ngs kulturlandskap och skog. Turen startar i B\u00e5lsta dit tar man sig enkelt med pendeln och den slutar i Bro. Turen \u00e4r n\u00e5got kortare d\u00e5 det ju \u00e4r svalare, solen [&hellip;]\" \/>\n<meta property=\"og:url\" content=\"https:\/\/inzain.bike\/sv_se\/ride-sign-up\/\" \/>\n<meta property=\"og:site_name\" content=\"INZAIN Cycling EXPERIENCES\" \/>\n<meta property=\"article:publisher\" content=\"https:\/\/www.facebook.com\/Inzain.bike\" \/>\n<meta property=\"article:modified_time\" content=\"2025-10-14T10:28:27+00:00\" \/>\n<meta property=\"og:image\" content=\"https:\/\/inzain.bike\/wp-content\/uploads\/2025\/03\/462744787_10159759133866783_4352564839298638610_n.jpg\" \/>\n\t<meta property=\"og:image:width\" content=\"2048\" \/>\n\t<meta property=\"og:image:height\" content=\"1536\" \/>\n\t<meta property=\"og:image:type\" content=\"image\/jpeg\" \/>\n<meta name=\"twitter:card\" content=\"summary_large_image\" \/>\n<meta name=\"twitter:label1\" content=\"Ber\u00e4knad l\u00e4stid\" \/>\n\t<meta name=\"twitter:data1\" content=\"2 minuter\" \/>\n<script type=\"application\/ld+json\" class=\"yoast-schema-graph\">{\"@context\":\"https:\/\/schema.org\",\"@graph\":[{\"@type\":\"WebPage\",\"@id\":\"https:\/\/inzain.bike\/ride-sign-up\/\",\"url\":\"https:\/\/inzain.bike\/ride-sign-up\/\",\"name\":\"INZAIN Skokloster Sign-Up - INZAIN Cycling EXPERIENCES\",\"isPartOf\":{\"@id\":\"https:\/\/inzain.bike\/fr_be\/#website\"},\"primaryImageOfPage\":{\"@id\":\"https:\/\/inzain.bike\/ride-sign-up\/#primaryimage\"},\"image\":{\"@id\":\"https:\/\/inzain.bike\/ride-sign-up\/#primaryimage\"},\"thumbnailUrl\":\"https:\/\/inzain.bike\/wp-content\/uploads\/2025\/03\/462744787_10159759133866783_4352564839298638610_n.jpg\",\"datePublished\":\"2025-03-20T07:29:15+00:00\",\"dateModified\":\"2025-10-14T10:28:27+00:00\",\"breadcrumb\":{\"@id\":\"https:\/\/inzain.bike\/ride-sign-up\/#breadcrumb\"},\"inLanguage\":\"sv-SE\",\"potentialAction\":[{\"@type\":\"ReadAction\",\"target\":[\"https:\/\/inzain.bike\/ride-sign-up\/\"]}]},{\"@type\":\"ImageObject\",\"inLanguage\":\"sv-SE\",\"@id\":\"https:\/\/inzain.bike\/ride-sign-up\/#primaryimage\",\"url\":\"https:\/\/inzain.bike\/wp-content\/uploads\/2025\/03\/462744787_10159759133866783_4352564839298638610_n.jpg\",\"contentUrl\":\"https:\/\/inzain.bike\/wp-content\/uploads\/2025\/03\/462744787_10159759133866783_4352564839298638610_n.jpg\",\"width\":2048,\"height\":1536},{\"@type\":\"BreadcrumbList\",\"@id\":\"https:\/\/inzain.bike\/ride-sign-up\/#breadcrumb\",\"itemListElement\":[{\"@type\":\"ListItem\",\"position\":1,\"name\":\"Hem\",\"item\":\"https:\/\/inzain.bike\/fr_be\/\"},{\"@type\":\"ListItem\",\"position\":2,\"name\":\"INZAIN Skokloster Sign-Up\"}]},{\"@type\":\"WebSite\",\"@id\":\"https:\/\/inzain.bike\/fr_be\/#website\",\"url\":\"https:\/\/inzain.bike\/fr_be\/\",\"name\":\"INZAIN Cycling EXPERIENCES\",\"description\":\"Cyckling Adventures  - for everyone\",\"publisher\":{\"@id\":\"https:\/\/inzain.bike\/fr_be\/#organization\"},\"alternateName\":\"INZAIN Gravel & Travel\",\"potentialAction\":[{\"@type\":\"SearchAction\",\"target\":{\"@type\":\"EntryPoint\",\"urlTemplate\":\"https:\/\/inzain.bike\/fr_be\/?s={search_term_string}\"},\"query-input\":{\"@type\":\"PropertyValueSpecification\",\"valueRequired\":true,\"valueName\":\"search_term_string\"}}],\"inLanguage\":\"sv-SE\"},{\"@type\":\"Organization\",\"@id\":\"https:\/\/inzain.bike\/fr_be\/#organization\",\"name\":\"INZAIN Cycling EXPERIENCES\",\"url\":\"https:\/\/inzain.bike\/fr_be\/\",\"logo\":{\"@type\":\"ImageObject\",\"inLanguage\":\"sv-SE\",\"@id\":\"https:\/\/inzain.bike\/fr_be\/#\/schema\/logo\/image\/\",\"url\":\"https:\/\/i0.wp.com\/inzain.bike\/wp-content\/uploads\/2023\/09\/cropped-INZAIN_512x512_white.png?fit=512%2C512&ssl=1\",\"contentUrl\":\"https:\/\/i0.wp.com\/inzain.bike\/wp-content\/uploads\/2023\/09\/cropped-INZAIN_512x512_white.png?fit=512%2C512&ssl=1\",\"width\":512,\"height\":512,\"caption\":\"INZAIN Cycling EXPERIENCES\"},\"image\":{\"@id\":\"https:\/\/inzain.bike\/fr_be\/#\/schema\/logo\/image\/\"},\"sameAs\":[\"https:\/\/www.facebook.com\/Inzain.bike\",\"https:\/\/www.instagram.com\/inzainbike\"]}]}<\/script>\n<!-- \/ Yoast SEO plugin. -->","yoast_head_json":{"title":"INZAIN Skokloster Sign-Up - INZAIN Cycling EXPERIENCES","robots":{"index":"index","follow":"follow","max-snippet":"max-snippet:-1","max-image-preview":"max-image-preview:large","max-video-preview":"max-video-preview:-1"},"canonical":"https:\/\/inzain.bike\/sv_se\/ride-sign-up\/","og_locale":"sv_SE","og_type":"article","og_title":"INZAIN Skokloster Sign-Up - INZAIN Cycling EXPERIENCES","og_description":"H\u00f6st men sol och vackert v\u00e4der, d\u00e5 tar vi oss ut p\u00e5 v\u00e4gar, inte alla k\u00f6rt. Vi kommer bes\u00f6ka Skokloster och cykla m\u00e5nga sp\u00e4nnande v\u00e4gar l\u00e4ngs kulturlandskap och skog. Turen startar i B\u00e5lsta dit tar man sig enkelt med pendeln och den slutar i Bro. Turen \u00e4r n\u00e5got kortare d\u00e5 det ju \u00e4r svalare, solen [&hellip;]","og_url":"https:\/\/inzain.bike\/sv_se\/ride-sign-up\/","og_site_name":"INZAIN Cycling EXPERIENCES","article_publisher":"https:\/\/www.facebook.com\/Inzain.bike","article_modified_time":"2025-10-14T10:28:27+00:00","og_image":[{"width":2048,"height":1536,"url":"https:\/\/inzain.bike\/wp-content\/uploads\/2025\/03\/462744787_10159759133866783_4352564839298638610_n.jpg","type":"image\/jpeg"}],"twitter_card":"summary_large_image","twitter_misc":{"Ber\u00e4knad l\u00e4stid":"2 minuter"},"schema":{"@context":"https:\/\/schema.org","@graph":[{"@type":"WebPage","@id":"https:\/\/inzain.bike\/ride-sign-up\/","url":"https:\/\/inzain.bike\/ride-sign-up\/","name":"INZAIN Skokloster Sign-Up - INZAIN Cycling EXPERIENCES","isPartOf":{"@id":"https:\/\/inzain.bike\/fr_be\/#website"},"primaryImageOfPage":{"@id":"https:\/\/inzain.bike\/ride-sign-up\/#primaryimage"},"image":{"@id":"https:\/\/inzain.bike\/ride-sign-up\/#primaryimage"},"thumbnailUrl":"https:\/\/inzain.bike\/wp-content\/uploads\/2025\/03\/462744787_10159759133866783_4352564839298638610_n.jpg","datePublished":"2025-03-20T07:29:15+00:00","dateModified":"2025-10-14T10:28:27+00:00","breadcrumb":{"@id":"https:\/\/inzain.bike\/ride-sign-up\/#breadcrumb"},"inLanguage":"sv-SE","potentialAction":[{"@type":"ReadAction","target":["https:\/\/inzain.bike\/ride-sign-up\/"]}]},{"@type":"ImageObject","inLanguage":"sv-SE","@id":"https:\/\/inzain.bike\/ride-sign-up\/#primaryimage","url":"https:\/\/inzain.bike\/wp-content\/uploads\/2025\/03\/462744787_10159759133866783_4352564839298638610_n.jpg","contentUrl":"https:\/\/inzain.bike\/wp-content\/uploads\/2025\/03\/462744787_10159759133866783_4352564839298638610_n.jpg","width":2048,"height":1536},{"@type":"BreadcrumbList","@id":"https:\/\/inzain.bike\/ride-sign-up\/#breadcrumb","itemListElement":[{"@type":"ListItem","position":1,"name":"Hem","item":"https:\/\/inzain.bike\/fr_be\/"},{"@type":"ListItem","position":2,"name":"INZAIN Skokloster Sign-Up"}]},{"@type":"WebSite","@id":"https:\/\/inzain.bike\/fr_be\/#website","url":"https:\/\/inzain.bike\/fr_be\/","name":"INZAIN Cycling EXPERIENCES","description":"Cyckling Adventures  - for everyone","publisher":{"@id":"https:\/\/inzain.bike\/fr_be\/#organization"},"alternateName":"INZAIN Gravel & Travel","potentialAction":[{"@type":"SearchAction","target":{"@type":"EntryPoint","urlTemplate":"https:\/\/inzain.bike\/fr_be\/?s={search_term_string}"},"query-input":{"@type":"PropertyValueSpecification","valueRequired":true,"valueName":"search_term_string"}}],"inLanguage":"sv-SE"},{"@type":"Organization","@id":"https:\/\/inzain.bike\/fr_be\/#organization","name":"INZAIN Cycling EXPERIENCES","url":"https:\/\/inzain.bike\/fr_be\/","logo":{"@type":"ImageObject","inLanguage":"sv-SE","@id":"https:\/\/inzain.bike\/fr_be\/#\/schema\/logo\/image\/","url":"https:\/\/i0.wp.com\/inzain.bike\/wp-content\/uploads\/2023\/09\/cropped-INZAIN_512x512_white.png?fit=512%2C512&ssl=1","contentUrl":"https:\/\/i0.wp.com\/inzain.bike\/wp-content\/uploads\/2023\/09\/cropped-INZAIN_512x512_white.png?fit=512%2C512&ssl=1","width":512,"height":512,"caption":"INZAIN Cycling EXPERIENCES"},"image":{"@id":"https:\/\/inzain.bike\/fr_be\/#\/schema\/logo\/image\/"},"sameAs":["https:\/\/www.facebook.com\/Inzain.bike","https:\/\/www.instagram.com\/inzainbike"]}]}},"amp_enabled":true,"_links":{"self":[{"href":"https:\/\/inzain.bike\/sv_se\/wp-json\/wp\/v2\/pages\/7907","targetHints":{"allow":["GET"]}}],"collection":[{"href":"https:\/\/inzain.bike\/sv_se\/wp-json\/wp\/v2\/pages"}],"about":[{"href":"https:\/\/inzain.bike\/sv_se\/wp-json\/wp\/v2\/types\/page"}],"author":[{"embeddable":true,"href":"https:\/\/inzain.bike\/sv_se\/wp-json\/wp\/v2\/users\/203917875"}],"replies":[{"embeddable":true,"href":"https:\/\/inzain.bike\/sv_se\/wp-json\/wp\/v2\/comments?post=7907"}],"version-history":[{"count":5,"href":"https:\/\/inzain.bike\/sv_se\/wp-json\/wp\/v2\/pages\/7907\/revisions"}],"predecessor-version":[{"id":8889,"href":"https:\/\/inzain.bike\/sv_se\/wp-json\/wp\/v2\/pages\/7907\/revisions\/8889"}],"wp:featuredmedia":[{"embeddable":true,"href":"https:\/\/inzain.bike\/sv_se\/wp-json\/wp\/v2\/media\/7898"}],"wp:attachment":[{"href":"https:\/\/inzain.bike\/sv_se\/wp-json\/wp\/v2\/media?parent=7907"}],"curies":[{"name":"wp","href":"https:\/\/api.w.org\/{rel}","templated":true}]}}