{"id":8315,"date":"2025-07-31T14:09:45","date_gmt":"2025-07-31T12:09:45","guid":{"rendered":"https:\/\/inzain.bike\/?page_id=8315"},"modified":"2025-07-31T14:09:46","modified_gmt":"2025-07-31T12:09:46","slug":"vrg-25-val","status":"publish","type":"page","link":"https:\/\/inzain.bike\/sv_se\/vrg-25-val\/","title":{"rendered":"VRG 25 Val"},"content":{"rendered":"\n<figure class=\"wp-block-image size-large\"><img loading=\"lazy\" decoding=\"async\" width=\"1024\" height=\"1024\" src=\"https:\/\/inzain.bike\/wp-content\/uploads\/2024\/08\/455714221_10160362516054503_8982135342884924662_n-1024x1024.jpg\" alt=\"\" class=\"wp-image-7546\" srcset=\"https:\/\/inzain.bike\/wp-content\/uploads\/2024\/08\/455714221_10160362516054503_8982135342884924662_n-1024x1024.jpg 1024w, https:\/\/inzain.bike\/wp-content\/uploads\/2024\/08\/455714221_10160362516054503_8982135342884924662_n-300x300.jpg 300w, https:\/\/inzain.bike\/wp-content\/uploads\/2024\/08\/455714221_10160362516054503_8982135342884924662_n-150x150.jpg 150w, https:\/\/inzain.bike\/wp-content\/uploads\/2024\/08\/455714221_10160362516054503_8982135342884924662_n-768x768.jpg 768w, https:\/\/inzain.bike\/wp-content\/uploads\/2024\/08\/455714221_10160362516054503_8982135342884924662_n-12x12.jpg 12w, https:\/\/inzain.bike\/wp-content\/uploads\/2024\/08\/455714221_10160362516054503_8982135342884924662_n-1320x1320.jpg 1320w, https:\/\/inzain.bike\/wp-content\/uploads\/2024\/08\/455714221_10160362516054503_8982135342884924662_n-600x600.jpg 600w, https:\/\/inzain.bike\/wp-content\/uploads\/2024\/08\/455714221_10160362516054503_8982135342884924662_n-100x100.jpg 100w, https:\/\/inzain.bike\/wp-content\/uploads\/2024\/08\/455714221_10160362516054503_8982135342884924662_n.jpg 1440w\" sizes=\"auto, (max-width: 1024px) 100vw, 1024px\" \/><\/figure>\n\n\n\n<p>Hej<\/p>\n\n\n\n<p>Du ska cykla VRG 2025 &#8211; s\u00e5 roligt!<\/p>\n\n\n\n<p>Vi vill att du fyller i dina val i detta formul\u00e4r s\u00e5 snart som bara m\u00f6jligt.<br>Det \u00e4r f\u00f6r att planering av incheckning och annan logistik ska flyta p\u00e5 bra.<\/p>\n\n\n\n<p>Gl\u00f6m inte v\u00e5rt infom\u00f6te p\u00e5 <strong>onsdag 6 augusti 2025 kl 20.00.<\/strong><br>Du ska ha f\u00e5tt en kalenderinbjudan, tacka ja till den. <br>D\u00e4r finns ocks\u00e5 l\u00e4nken till videom\u00f6tet.<br><br><strong>Vad ska du g\u00f6ra nu?<\/strong><\/p>\n\n\n\n<p>H\u00e4r \u00e4r l\u00e4nken f\u00f6r att g\u00e5 med i VRG 2025s  dolda och privata grupp. G\u00e5 med i den.<br><a href=\"https:\/\/fb.me\/g\/3RdsEN6y1\/f6HmD0FY\">https:\/\/fb.me\/g\/3RdsEN6y1\/f6HmD0FY<\/a><br><br>H\u00e4r \u00e4r l\u00e4nken f\u00f6r VRG 2025s WhatsApp grupp, g\u00e5 med i den.<br><a href=\"https:\/\/chat.whatsapp.com\/GdT8srGgICm8bbshhWNBJF\">https:\/\/chat.whatsapp.com\/GdT8srGgICm8bbshhWNBJF<\/a><\/p>\n\n\n\n<p><br>Fyll i detta formul\u00e4r och skicka in.<br><\/p>\n\n\n<div class=\"wpforms-container wpforms-container-full wpforms-block wpforms-block-5c4391c1-952c-496e-b684-d6cd31225624 wpforms-render-modern\" id=\"wpforms-8311\"><form id=\"wpforms-form-8311\" class=\"wpforms-validate wpforms-form wpforms-ajax-form\" data-formid=\"8311\" method=\"post\" enctype=\"multipart\/form-data\" action=\"\/sv_se\/wp-json\/wp\/v2\/pages\/8315\" data-token=\"7aa5cc3d1de05207d2ab449208a7411b\" data-token-time=\"1776325494\"><noscript class=\"wpforms-error-noscript\">Aktivera JavaScript i din webbl\u00e4sare f\u00f6r att fylla i formul\u00e4ret.<\/noscript><div id=\"wpforms-error-noscript\" style=\"display: none;\">Aktivera JavaScript i din webbl\u00e4sare f\u00f6r att fylla i formul\u00e4ret.<\/div><div class=\"wpforms-field-container\"><div id=\"wpforms-8311-field_0-container\" class=\"wpforms-field wpforms-field-name\" data-field-id=\"0\"><fieldset><legend class=\"wpforms-field-label\">Name <span class=\"wpforms-required-label\" aria-hidden=\"true\">*<\/span><\/legend><div class=\"wpforms-field-row wpforms-field-medium\"><div class=\"wpforms-field-row-block wpforms-first wpforms-one-half\"><input type=\"text\" id=\"wpforms-8311-field_0\" class=\"wpforms-field-name-first wpforms-field-required\" name=\"wpforms[fields][0][first]\" aria-errormessage=\"wpforms-8311-field_0-error\" aria-describedby=\"wpforms-8311-field_0-description\" required><label for=\"wpforms-8311-field_0\" class=\"wpforms-field-sublabel after\">F\u00f6rst<\/label><\/div><div class=\"wpforms-field-row-block wpforms-one-half\"><input type=\"text\" id=\"wpforms-8311-field_0-last\" class=\"wpforms-field-name-last wpforms-field-required\" name=\"wpforms[fields][0][last]\" aria-errormessage=\"wpforms-8311-field_0-last-error\" aria-describedby=\"wpforms-8311-field_0-description\" required><label for=\"wpforms-8311-field_0-last\" class=\"wpforms-field-sublabel after\">Sist<\/label><\/div><\/div><div id=\"wpforms-8311-field_0-description\" class=\"wpforms-field-description\">Ange f\u00f6r och efternamn<\/div><\/fieldset><\/div><div id=\"wpforms-8311-field_1-container\" class=\"wpforms-field wpforms-field-email\" data-field-id=\"1\"><label class=\"wpforms-field-label\" for=\"wpforms-8311-field_1\">Email <span class=\"wpforms-required-label\" aria-hidden=\"true\">*<\/span><\/label><input type=\"email\" id=\"wpforms-8311-field_1\" class=\"wpforms-field-medium wpforms-field-required\" name=\"wpforms[fields][1]\" spellcheck=\"false\" aria-errormessage=\"wpforms-8311-field_1-error\" required><\/div><div id=\"wpforms-8311-field_13-container\" class=\"wpforms-field wpforms-field-text\" data-field-id=\"13\"><label class=\"wpforms-field-label\" for=\"wpforms-8311-field_13\">Passnummer eller personnummer <span class=\"wpforms-required-label\" aria-hidden=\"true\">*<\/span><\/label><input type=\"text\" id=\"wpforms-8311-field_13\" class=\"wpforms-field-medium wpforms-field-required\" name=\"wpforms[fields][13]\" aria-errormessage=\"wpforms-8311-field_13-error\" aria-describedby=\"wpforms-8311-field_13-description\" required><div id=\"wpforms-8311-field_13-description\" class=\"wpforms-field-description\">Hotellen kr\u00e4ver ID.\nF\u00f6r smidig incheckning vill vi ha numret p\u00e5 din id handling. S\u00e5 Antingen pass nummer, om du avser anv\u00e4nda pass, eller person nummer om du har annat ID.<\/div><\/div><div id=\"wpforms-8311-field_15-container\" class=\"wpforms-field wpforms-field-checkbox\" data-field-id=\"15\"><fieldset><legend class=\"wpforms-field-label\">Gemensam middag <span class=\"wpforms-required-label\" aria-hidden=\"true\">*<\/span><\/legend><ul id=\"wpforms-8311-field_15\" class=\"wpforms-field-required\"><li class=\"choice-1 depth-1\"><input type=\"checkbox\" id=\"wpforms-8311-field_15_1\" name=\"wpforms[fields][15][]\" value=\"Jag vill vara med fredag kv\u00e4ll i J\u00f6nk\u00f6ping\" aria-errormessage=\"wpforms-8311-field_15_1-error\" aria-describedby=\"wpforms-8311-field_15-description\" required ><label class=\"wpforms-field-label-inline\" for=\"wpforms-8311-field_15_1\">Jag vill vara med fredag kv\u00e4ll i J\u00f6nk\u00f6ping<\/label><\/li><li class=\"choice-2 depth-1\"><input type=\"checkbox\" id=\"wpforms-8311-field_15_2\" name=\"wpforms[fields][15][]\" value=\"Jag vill vara med l\u00f6rdag kv\u00e4ll i Motala\" aria-errormessage=\"wpforms-8311-field_15_2-error\" aria-describedby=\"wpforms-8311-field_15-description\" required ><label class=\"wpforms-field-label-inline\" for=\"wpforms-8311-field_15_2\">Jag vill vara med l\u00f6rdag kv\u00e4ll i Motala<\/label><\/li><li class=\"choice-4 depth-1\"><input type=\"checkbox\" id=\"wpforms-8311-field_15_4\" name=\"wpforms[fields][15][]\" value=\"Jag vill inte vara med p\u00e5 n\u00e5gon gemensam middag\" aria-errormessage=\"wpforms-8311-field_15_4-error\" aria-describedby=\"wpforms-8311-field_15-description\" required ><label class=\"wpforms-field-label-inline\" for=\"wpforms-8311-field_15_4\">Jag vill inte vara med p\u00e5 n\u00e5gon gemensam middag<\/label><\/li><\/ul><div id=\"wpforms-8311-field_15-description\" class=\"wpforms-field-description\">Vi avser boka gemensam middag dessa tv\u00e5 kv\u00e4llar.\nDet betalas av var och en men vi sk\u00f6ter bokning.\nOm du inte v\u00e4ljer dessa s\u00e5 g\u00f6r vi ingen bokning f\u00f6r din r\u00e4kning. <\/div><\/fieldset><\/div><div id=\"wpforms-8311-field_16-container\" class=\"wpforms-field wpforms-field-checkbox\" data-field-id=\"16\"><fieldset><legend class=\"wpforms-field-label\">\u00c5ka med i teambil  <span class=\"wpforms-required-label\" aria-hidden=\"true\">*<\/span><\/legend><ul id=\"wpforms-8311-field_16\" class=\"wpforms-field-required\"><li class=\"choice-1 depth-1\"><input type=\"checkbox\" id=\"wpforms-8311-field_16_1\" name=\"wpforms[fields][16][]\" value=\"Jag och min cykel vill \u00e5ka med Sthlm - Karlsborg torsdag\" aria-errormessage=\"wpforms-8311-field_16_1-error\" aria-describedby=\"wpforms-8311-field_16-description\" required ><label class=\"wpforms-field-label-inline\" for=\"wpforms-8311-field_16_1\">Jag och min cykel vill \u00e5ka med Sthlm &#8211; Karlsborg torsdag<\/label><\/li><li class=\"choice-2 depth-1\"><input type=\"checkbox\" id=\"wpforms-8311-field_16_2\" name=\"wpforms[fields][16][]\" value=\"Jag och min cykel vill \u00e5ka med Karlsborg   -&gt; Stockholm S\u00f6ndag kv\u00e4ll\" aria-errormessage=\"wpforms-8311-field_16_2-error\" aria-describedby=\"wpforms-8311-field_16-description\" required ><label class=\"wpforms-field-label-inline\" for=\"wpforms-8311-field_16_2\">Jag och min cykel vill \u00e5ka med Karlsborg   -&gt; Stockholm S\u00f6ndag kv\u00e4ll<\/label><\/li><li class=\"choice-4 depth-1\"><input type=\"checkbox\" id=\"wpforms-8311-field_16_4\" name=\"wpforms[fields][16][]\" value=\"Jag ordnar egen resa\" aria-errormessage=\"wpforms-8311-field_16_4-error\" aria-describedby=\"wpforms-8311-field_16-description\" required ><label class=\"wpforms-field-label-inline\" for=\"wpforms-8311-field_16_4\">Jag ordnar egen resa<\/label><\/li><\/ul><div id=\"wpforms-8311-field_16-description\" class=\"wpforms-field-description\">Om du vill \u00e5ka med teambil v\u00e4lj en eller tv\u00e5 resor.\n100 kr per resa. S\u00e5 vill du \u00e5ka fram och \u00e5ter blir det 200 kr. Betalas till chauff\u00f6ren av den teambil du \u00e5ker med. OBS Du kommer beh\u00f6va ta dig till\/fr\u00e5n uppsamlingsplats.<\/div><\/fieldset><\/div><div id=\"wpforms-8311-field_2-container\" class=\"wpforms-field wpforms-field-textarea\" data-field-id=\"2\"><label class=\"wpforms-field-label\" for=\"wpforms-8311-field_2\">Kommentar<\/label><textarea id=\"wpforms-8311-field_2\" class=\"wpforms-field-medium\" name=\"wpforms[fields][2]\" aria-errormessage=\"wpforms-8311-field_2-error\" aria-describedby=\"wpforms-8311-field_2-description\" ><\/textarea><div id=\"wpforms-8311-field_2-description\" class=\"wpforms-field-description\">Har du n\u00e5got extra du vill vi ska veta kan du skriva det h\u00e4r. Eller om du har en fr\u00e5ga.<\/div><\/div><\/div><!-- .wpforms-field-container --><div class=\"wpforms-submit-container\" ><input type=\"hidden\" name=\"wpforms[id]\" value=\"8311\"><input type=\"hidden\" name=\"page_title\" value=\"\"><input type=\"hidden\" name=\"page_url\" value=\"https:\/\/inzain.bike\/sv_se\/wp-json\/wp\/v2\/pages\/8315\"><input type=\"hidden\" name=\"url_referer\" value=\"\"><button type=\"submit\" name=\"wpforms[submit]\" id=\"wpforms-submit-8311\" class=\"wpforms-submit\" data-alt-text=\"Sending...\" data-submit-text=\"Skicka In\" aria-live=\"assertive\" value=\"wpforms-submit\">Skicka In<\/button><img loading=\"lazy\" decoding=\"async\" src=\"https:\/\/inzain.bike\/wp-content\/plugins\/wpforms\/assets\/images\/submit-spin.svg\" class=\"wpforms-submit-spinner\" style=\"display: none;\" width=\"26\" height=\"26\" alt=\"Laddar\"><\/div><\/form><\/div>  <!-- .wpforms-container -->","protected":false},"excerpt":{"rendered":"<p>Hej Du ska cykla VRG 2025 &#8211; s\u00e5 roligt! Vi vill att du fyller i dina val i detta formul\u00e4r s\u00e5 snart som bara m\u00f6jligt.Det \u00e4r f\u00f6r att planering av incheckning och annan logistik ska flyta p\u00e5 bra. Gl\u00f6m inte v\u00e5rt infom\u00f6te p\u00e5 onsdag 6 augusti 2025 kl 20.00.Du ska ha f\u00e5tt en kalenderinbjudan, tacka [&hellip;]<\/p>\n","protected":false},"author":203917875,"featured_media":0,"parent":0,"menu_order":0,"comment_status":"closed","ping_status":"closed","template":"","meta":{"_coblocks_attr":"","_coblocks_dimensions":"","_coblocks_responsive_height":"","_coblocks_accordion_ie_support":"","footnotes":""},"class_list":["post-8315","page","type-page","status-publish","hentry"],"yoast_head":"<!-- This site is optimized with the Yoast SEO plugin v27.2 - https:\/\/yoast.com\/product\/yoast-seo-wordpress\/ -->\n<title>VRG 25 Val - INZAIN Cycling EXPERIENCES<\/title>\n<meta name=\"robots\" content=\"index, follow, max-snippet:-1, max-image-preview:large, max-video-preview:-1\" \/>\n<link rel=\"canonical\" href=\"https:\/\/inzain.bike\/sv_se\/vrg-25-val\/\" \/>\n<meta property=\"og:locale\" content=\"sv_SE\" \/>\n<meta property=\"og:type\" content=\"article\" \/>\n<meta property=\"og:title\" content=\"VRG 25 Val - INZAIN Cycling EXPERIENCES\" \/>\n<meta property=\"og:description\" content=\"Hej Du ska cykla VRG 2025 &#8211; s\u00e5 roligt! Vi vill att du fyller i dina val i detta formul\u00e4r s\u00e5 snart som bara m\u00f6jligt.Det \u00e4r f\u00f6r att planering av incheckning och annan logistik ska flyta p\u00e5 bra. Gl\u00f6m inte v\u00e5rt infom\u00f6te p\u00e5 onsdag 6 augusti 2025 kl 20.00.Du ska ha f\u00e5tt en kalenderinbjudan, tacka [&hellip;]\" \/>\n<meta property=\"og:url\" content=\"https:\/\/inzain.bike\/sv_se\/vrg-25-val\/\" \/>\n<meta property=\"og:site_name\" content=\"INZAIN Cycling EXPERIENCES\" \/>\n<meta property=\"article:publisher\" content=\"https:\/\/www.facebook.com\/Inzain.bike\" \/>\n<meta property=\"article:modified_time\" content=\"2025-07-31T12:09:46+00:00\" \/>\n<meta property=\"og:image\" content=\"https:\/\/inzain.bike\/wp-content\/uploads\/2024\/08\/455714221_10160362516054503_8982135342884924662_n-1024x1024.jpg\" \/>\n<meta name=\"twitter:card\" content=\"summary_large_image\" \/>\n<meta name=\"twitter:label1\" content=\"Ber\u00e4knad l\u00e4stid\" \/>\n\t<meta name=\"twitter:data1\" content=\"1 minut\" \/>\n<script type=\"application\/ld+json\" class=\"yoast-schema-graph\">{\"@context\":\"https:\/\/schema.org\",\"@graph\":[{\"@type\":\"WebPage\",\"@id\":\"https:\/\/inzain.bike\/sv_se\/vrg-25-val\/\",\"url\":\"https:\/\/inzain.bike\/sv_se\/vrg-25-val\/\",\"name\":\"VRG 25 Val - INZAIN Cycling EXPERIENCES\",\"isPartOf\":{\"@id\":\"https:\/\/inzain.bike\/fr_be\/#website\"},\"primaryImageOfPage\":{\"@id\":\"https:\/\/inzain.bike\/sv_se\/vrg-25-val\/#primaryimage\"},\"image\":{\"@id\":\"https:\/\/inzain.bike\/sv_se\/vrg-25-val\/#primaryimage\"},\"thumbnailUrl\":\"https:\/\/inzain.bike\/wp-content\/uploads\/2024\/08\/455714221_10160362516054503_8982135342884924662_n-1024x1024.jpg\",\"datePublished\":\"2025-07-31T12:09:45+00:00\",\"dateModified\":\"2025-07-31T12:09:46+00:00\",\"breadcrumb\":{\"@id\":\"https:\/\/inzain.bike\/sv_se\/vrg-25-val\/#breadcrumb\"},\"inLanguage\":\"sv-SE\",\"potentialAction\":[{\"@type\":\"ReadAction\",\"target\":[\"https:\/\/inzain.bike\/sv_se\/vrg-25-val\/\"]}]},{\"@type\":\"ImageObject\",\"inLanguage\":\"sv-SE\",\"@id\":\"https:\/\/inzain.bike\/sv_se\/vrg-25-val\/#primaryimage\",\"url\":\"https:\/\/inzain.bike\/wp-content\/uploads\/2024\/08\/455714221_10160362516054503_8982135342884924662_n-1024x1024.jpg\",\"contentUrl\":\"https:\/\/inzain.bike\/wp-content\/uploads\/2024\/08\/455714221_10160362516054503_8982135342884924662_n-1024x1024.jpg\"},{\"@type\":\"BreadcrumbList\",\"@id\":\"https:\/\/inzain.bike\/sv_se\/vrg-25-val\/#breadcrumb\",\"itemListElement\":[{\"@type\":\"ListItem\",\"position\":1,\"name\":\"Hem\",\"item\":\"https:\/\/inzain.bike\/fr_be\/\"},{\"@type\":\"ListItem\",\"position\":2,\"name\":\"VRG 25 Val\"}]},{\"@type\":\"WebSite\",\"@id\":\"https:\/\/inzain.bike\/fr_be\/#website\",\"url\":\"https:\/\/inzain.bike\/fr_be\/\",\"name\":\"INZAIN Cycling EXPERIENCES\",\"description\":\"Cyckling Adventures  - for everyone\",\"publisher\":{\"@id\":\"https:\/\/inzain.bike\/fr_be\/#organization\"},\"alternateName\":\"INZAIN Gravel & Travel\",\"potentialAction\":[{\"@type\":\"SearchAction\",\"target\":{\"@type\":\"EntryPoint\",\"urlTemplate\":\"https:\/\/inzain.bike\/fr_be\/?s={search_term_string}\"},\"query-input\":{\"@type\":\"PropertyValueSpecification\",\"valueRequired\":true,\"valueName\":\"search_term_string\"}}],\"inLanguage\":\"sv-SE\"},{\"@type\":\"Organization\",\"@id\":\"https:\/\/inzain.bike\/fr_be\/#organization\",\"name\":\"INZAIN Cycling EXPERIENCES\",\"url\":\"https:\/\/inzain.bike\/fr_be\/\",\"logo\":{\"@type\":\"ImageObject\",\"inLanguage\":\"sv-SE\",\"@id\":\"https:\/\/inzain.bike\/fr_be\/#\/schema\/logo\/image\/\",\"url\":\"https:\/\/i0.wp.com\/inzain.bike\/wp-content\/uploads\/2023\/09\/cropped-INZAIN_512x512_white.png?fit=512%2C512&ssl=1\",\"contentUrl\":\"https:\/\/i0.wp.com\/inzain.bike\/wp-content\/uploads\/2023\/09\/cropped-INZAIN_512x512_white.png?fit=512%2C512&ssl=1\",\"width\":512,\"height\":512,\"caption\":\"INZAIN Cycling EXPERIENCES\"},\"image\":{\"@id\":\"https:\/\/inzain.bike\/fr_be\/#\/schema\/logo\/image\/\"},\"sameAs\":[\"https:\/\/www.facebook.com\/Inzain.bike\",\"https:\/\/www.instagram.com\/inzainbike\"]}]}<\/script>\n<!-- \/ Yoast SEO plugin. -->","yoast_head_json":{"title":"VRG 25 Val - INZAIN Cycling EXPERIENCES","robots":{"index":"index","follow":"follow","max-snippet":"max-snippet:-1","max-image-preview":"max-image-preview:large","max-video-preview":"max-video-preview:-1"},"canonical":"https:\/\/inzain.bike\/sv_se\/vrg-25-val\/","og_locale":"sv_SE","og_type":"article","og_title":"VRG 25 Val - INZAIN Cycling EXPERIENCES","og_description":"Hej Du ska cykla VRG 2025 &#8211; s\u00e5 roligt! Vi vill att du fyller i dina val i detta formul\u00e4r s\u00e5 snart som bara m\u00f6jligt.Det \u00e4r f\u00f6r att planering av incheckning och annan logistik ska flyta p\u00e5 bra. Gl\u00f6m inte v\u00e5rt infom\u00f6te p\u00e5 onsdag 6 augusti 2025 kl 20.00.Du ska ha f\u00e5tt en kalenderinbjudan, tacka [&hellip;]","og_url":"https:\/\/inzain.bike\/sv_se\/vrg-25-val\/","og_site_name":"INZAIN Cycling EXPERIENCES","article_publisher":"https:\/\/www.facebook.com\/Inzain.bike","article_modified_time":"2025-07-31T12:09:46+00:00","og_image":[{"url":"https:\/\/inzain.bike\/wp-content\/uploads\/2024\/08\/455714221_10160362516054503_8982135342884924662_n-1024x1024.jpg","type":"","width":"","height":""}],"twitter_card":"summary_large_image","twitter_misc":{"Ber\u00e4knad l\u00e4stid":"1 minut"},"schema":{"@context":"https:\/\/schema.org","@graph":[{"@type":"WebPage","@id":"https:\/\/inzain.bike\/sv_se\/vrg-25-val\/","url":"https:\/\/inzain.bike\/sv_se\/vrg-25-val\/","name":"VRG 25 Val - INZAIN Cycling EXPERIENCES","isPartOf":{"@id":"https:\/\/inzain.bike\/fr_be\/#website"},"primaryImageOfPage":{"@id":"https:\/\/inzain.bike\/sv_se\/vrg-25-val\/#primaryimage"},"image":{"@id":"https:\/\/inzain.bike\/sv_se\/vrg-25-val\/#primaryimage"},"thumbnailUrl":"https:\/\/inzain.bike\/wp-content\/uploads\/2024\/08\/455714221_10160362516054503_8982135342884924662_n-1024x1024.jpg","datePublished":"2025-07-31T12:09:45+00:00","dateModified":"2025-07-31T12:09:46+00:00","breadcrumb":{"@id":"https:\/\/inzain.bike\/sv_se\/vrg-25-val\/#breadcrumb"},"inLanguage":"sv-SE","potentialAction":[{"@type":"ReadAction","target":["https:\/\/inzain.bike\/sv_se\/vrg-25-val\/"]}]},{"@type":"ImageObject","inLanguage":"sv-SE","@id":"https:\/\/inzain.bike\/sv_se\/vrg-25-val\/#primaryimage","url":"https:\/\/inzain.bike\/wp-content\/uploads\/2024\/08\/455714221_10160362516054503_8982135342884924662_n-1024x1024.jpg","contentUrl":"https:\/\/inzain.bike\/wp-content\/uploads\/2024\/08\/455714221_10160362516054503_8982135342884924662_n-1024x1024.jpg"},{"@type":"BreadcrumbList","@id":"https:\/\/inzain.bike\/sv_se\/vrg-25-val\/#breadcrumb","itemListElement":[{"@type":"ListItem","position":1,"name":"Hem","item":"https:\/\/inzain.bike\/fr_be\/"},{"@type":"ListItem","position":2,"name":"VRG 25 Val"}]},{"@type":"WebSite","@id":"https:\/\/inzain.bike\/fr_be\/#website","url":"https:\/\/inzain.bike\/fr_be\/","name":"INZAIN Cycling EXPERIENCES","description":"Cyckling Adventures  - for everyone","publisher":{"@id":"https:\/\/inzain.bike\/fr_be\/#organization"},"alternateName":"INZAIN Gravel & Travel","potentialAction":[{"@type":"SearchAction","target":{"@type":"EntryPoint","urlTemplate":"https:\/\/inzain.bike\/fr_be\/?s={search_term_string}"},"query-input":{"@type":"PropertyValueSpecification","valueRequired":true,"valueName":"search_term_string"}}],"inLanguage":"sv-SE"},{"@type":"Organization","@id":"https:\/\/inzain.bike\/fr_be\/#organization","name":"INZAIN Cycling EXPERIENCES","url":"https:\/\/inzain.bike\/fr_be\/","logo":{"@type":"ImageObject","inLanguage":"sv-SE","@id":"https:\/\/inzain.bike\/fr_be\/#\/schema\/logo\/image\/","url":"https:\/\/i0.wp.com\/inzain.bike\/wp-content\/uploads\/2023\/09\/cropped-INZAIN_512x512_white.png?fit=512%2C512&ssl=1","contentUrl":"https:\/\/i0.wp.com\/inzain.bike\/wp-content\/uploads\/2023\/09\/cropped-INZAIN_512x512_white.png?fit=512%2C512&ssl=1","width":512,"height":512,"caption":"INZAIN Cycling EXPERIENCES"},"image":{"@id":"https:\/\/inzain.bike\/fr_be\/#\/schema\/logo\/image\/"},"sameAs":["https:\/\/www.facebook.com\/Inzain.bike","https:\/\/www.instagram.com\/inzainbike"]}]}},"amp_enabled":true,"_links":{"self":[{"href":"https:\/\/inzain.bike\/sv_se\/wp-json\/wp\/v2\/pages\/8315","targetHints":{"allow":["GET"]}}],"collection":[{"href":"https:\/\/inzain.bike\/sv_se\/wp-json\/wp\/v2\/pages"}],"about":[{"href":"https:\/\/inzain.bike\/sv_se\/wp-json\/wp\/v2\/types\/page"}],"author":[{"embeddable":true,"href":"https:\/\/inzain.bike\/sv_se\/wp-json\/wp\/v2\/users\/203917875"}],"replies":[{"embeddable":true,"href":"https:\/\/inzain.bike\/sv_se\/wp-json\/wp\/v2\/comments?post=8315"}],"version-history":[{"count":1,"href":"https:\/\/inzain.bike\/sv_se\/wp-json\/wp\/v2\/pages\/8315\/revisions"}],"predecessor-version":[{"id":8317,"href":"https:\/\/inzain.bike\/sv_se\/wp-json\/wp\/v2\/pages\/8315\/revisions\/8317"}],"wp:attachment":[{"href":"https:\/\/inzain.bike\/sv_se\/wp-json\/wp\/v2\/media?parent=8315"}],"curies":[{"name":"wp","href":"https:\/\/api.w.org\/{rel}","templated":true}]}}