{"id":9017,"date":"2026-01-11T16:43:46","date_gmt":"2026-01-11T15:43:46","guid":{"rendered":"https:\/\/inzain.bike\/?page_id=9017"},"modified":"2026-01-18T11:36:25","modified_gmt":"2026-01-18T10:36:25","slug":"gir26-cycling","status":"publish","type":"page","link":"https:\/\/inzain.bike\/sv_se\/gir26-cycling\/","title":{"rendered":"Girona 2026 Cykling"},"content":{"rendered":"\n<div class=\"wp-block-columns alignwide is-layout-flex wp-container-core-columns-is-layout-28f84493 wp-block-columns-is-layout-flex\">\n<div class=\"wp-block-column is-layout-flow wp-block-column-is-layout-flow\">\n<figure class=\"wp-block-image size-large\"><img loading=\"lazy\" decoding=\"async\" width=\"1024\" height=\"576\" src=\"https:\/\/inzain.bike\/wp-content\/uploads\/2026\/01\/DSC03483-ARW_DxO_DeepPRIME-2-1-1024x576.jpg\" alt=\"\" class=\"wp-image-9062\" srcset=\"https:\/\/inzain.bike\/wp-content\/uploads\/2026\/01\/DSC03483-ARW_DxO_DeepPRIME-2-1-1024x576.jpg 1024w, https:\/\/inzain.bike\/wp-content\/uploads\/2026\/01\/DSC03483-ARW_DxO_DeepPRIME-2-1-300x169.jpg 300w, https:\/\/inzain.bike\/wp-content\/uploads\/2026\/01\/DSC03483-ARW_DxO_DeepPRIME-2-1-768x432.jpg 768w, https:\/\/inzain.bike\/wp-content\/uploads\/2026\/01\/DSC03483-ARW_DxO_DeepPRIME-2-1-1536x864.jpg 1536w, https:\/\/inzain.bike\/wp-content\/uploads\/2026\/01\/DSC03483-ARW_DxO_DeepPRIME-2-1-2048x1152.jpg 2048w, https:\/\/inzain.bike\/wp-content\/uploads\/2026\/01\/DSC03483-ARW_DxO_DeepPRIME-2-1-18x10.jpg 18w, https:\/\/inzain.bike\/wp-content\/uploads\/2026\/01\/DSC03483-ARW_DxO_DeepPRIME-2-1-600x337.jpg 600w\" sizes=\"auto, (max-width: 1024px) 100vw, 1024px\" \/><\/figure>\n\n\n\n<p><strong>Rutter<\/strong><\/p>\n\n\n\n<p>V\u00e5ra lokala guider tar med oss p\u00e5 fem fantastiska turer. Vi har en inplanerad vilodag. Den kan anv\u00e4ndas till att koppla av vid poolen, kanske g\u00f6ra en trevlig utflykt eller, f\u00f6r den som vill, en cykeltur. Vi har massor med bra extra rutter att erbjuda.<\/p>\n\n\n\n<p><strong>Fartgrupper<\/strong><br>Vi har tv\u00e5 guider som kommer h\u00e5lla olika fart, v\u00e4lj det som passar f\u00f6r dagen, lite snabbare eller lite snyggare. Sj\u00e4lvklart kommer vi alltid h\u00e5lla alla grupperna samlade, precis som vi alltid g\u00f6r.<\/p>\n\n\n\n<p><strong>Cykel<\/strong><br>Ta med din egen, eller hyr en riktigt bra gravelcykel p\u00e5 plats. Om du g\u00f6r det kommer den levereras till huset.<\/p>\n\n\n\n<figure class=\"wp-block-image size-full\"><img decoding=\"async\" src=\"https:\/\/inzain.bike\/wp-content\/uploads\/2026\/01\/Z9B_3689.jpg\" alt=\"\" class=\"wp-image-9030\"\/><\/figure>\n\n\n\n<p><strong>Riders Guide<\/strong><br>Som vanligt kommer alla f\u00e5 v\u00e5r ber\u00f6mda Riders Guide. Den \u00e4r sp\u00e4ckad med information om alla turer och varianter. Cirka tv\u00e5 veckor f\u00f6re avresa h\u00e5ller vi ett informationsm\u00f6te n\u00e4r den presenteras och du f\u00e5r en chans att tr\u00e4ffa b\u00e5de v\u00e4rdar och cykelkompisar. I den finns s\u00e5klart alla rutter f\u00f6r nedladdning men ocks\u00e5 detaljerad beskrivning av turerna.<\/p>\n\n\n\n<p><strong>Schema<\/strong><br><strong>Dag Ett<\/strong> <br>Ankomst, montering av cyklar, check-in, kortare checkout-ride.<br><br><strong>Dag Tv\u00e5<\/strong><br>Vi ger oss av p\u00e5 en v\u00e4ldigt vacker tur. Den \u00e4r 85 km och tar oss bland annat till en medeltida by och flera fina caf\u00e9er.<\/p>\n\n\n\n<p><strong>Dag Tre<\/strong><br>95 km Vi cyklar l\u00e4ngs Costa Bravas vackra kust, vi stannar till f\u00f6r ett bad, f\u00f6r de som vill. Till lunch \u00e4ter vi s\u00e5klart seafood.<br><br><strong>Dag fyra<\/strong><br>N\u00e5got l\u00e4ngre tur, 100 km med vindlande grusv\u00e4gar och vinf\u00e4lt. Vi bjuds p\u00e5 h\u00e4rlig lunch och en \u00f6veraskning.<br><br><strong>Dag fem<\/strong><br>Vilodag &#8211; Utflykt, h\u00e4ng vid poolen eller g\u00f6r en tur p\u00e5 egen hand, vi har rutter p\u00e5 b\u00e5de grus och landsv\u00e4g.<br>Om du v\u00e4ljer utflykt s\u00e5 kanske Dali Museet lockar, eller Barcelona, eller alla caf\u00e9er i Girona, s\u00e5 m\u00e5nga val.<br><br><strong>Dag sex<\/strong><br>90 km mot Pyren\u00e9erna, fantastiska vyer och sm\u00e5 underbara v\u00e4gar. Det h\u00e4r \u00e4r en riktigt p\u00e4rla.<br><br><strong>Dag sju<\/strong><br>80 km l\u00e4ngs ikoniska grusv\u00e4gar, variationen h\u00e4r \u00e4r enorm och denna dag tar vi in det mesta av det b\u00e4sta.<br><br><strong>Dag \u00e5tta<\/strong><br>Vi packar v\u00e5ra cyklar och beger oss till Barcelona f\u00f6r hemresa.<\/p>\n<\/div>\n<\/div>\n\n\n\n<p><\/p>\n","protected":false},"excerpt":{"rendered":"<p>Rutter V\u00e5ra lokala guider tar med oss p\u00e5 fem fantastiska turer. Vi har en inplanerad vilodag. Den kan anv\u00e4ndas till att koppla av vid poolen, kanske g\u00f6ra en trevlig utflykt eller, f\u00f6r den som vill, en cykeltur. Vi har massor med bra extra rutter att erbjuda. FartgrupperVi har tv\u00e5 guider som kommer h\u00e5lla olika fart, [&hellip;]<\/p>\n","protected":false},"author":203917875,"featured_media":0,"parent":0,"menu_order":0,"comment_status":"closed","ping_status":"closed","template":"","meta":{"_coblocks_attr":"","_coblocks_dimensions":"","_coblocks_responsive_height":"","_coblocks_accordion_ie_support":"","footnotes":""},"class_list":["post-9017","page","type-page","status-publish","hentry"],"yoast_head":"<!-- This site is optimized with the Yoast SEO plugin v27.2 - https:\/\/yoast.com\/product\/yoast-seo-wordpress\/ -->\n<title>Girona 2026 Cykling - INZAIN Cycling EXPERIENCES<\/title>\n<meta name=\"robots\" content=\"index, follow, max-snippet:-1, max-image-preview:large, max-video-preview:-1\" \/>\n<link rel=\"canonical\" href=\"https:\/\/inzain.bike\/sv_se\/gir26-cycling\/\" \/>\n<meta property=\"og:locale\" content=\"sv_SE\" \/>\n<meta property=\"og:type\" content=\"article\" \/>\n<meta property=\"og:title\" content=\"Girona 2026 Cykling - INZAIN Cycling EXPERIENCES\" \/>\n<meta property=\"og:description\" content=\"Rutter V\u00e5ra lokala guider tar med oss p\u00e5 fem fantastiska turer. Vi har en inplanerad vilodag. Den kan anv\u00e4ndas till att koppla av vid poolen, kanske g\u00f6ra en trevlig utflykt eller, f\u00f6r den som vill, en cykeltur. Vi har massor med bra extra rutter att erbjuda. FartgrupperVi har tv\u00e5 guider som kommer h\u00e5lla olika fart, [&hellip;]\" \/>\n<meta property=\"og:url\" content=\"https:\/\/inzain.bike\/sv_se\/gir26-cycling\/\" \/>\n<meta property=\"og:site_name\" content=\"INZAIN Cycling EXPERIENCES\" \/>\n<meta property=\"article:publisher\" content=\"https:\/\/www.facebook.com\/Inzain.bike\" \/>\n<meta property=\"article:modified_time\" content=\"2026-01-18T10:36:25+00:00\" \/>\n<meta property=\"og:image\" content=\"https:\/\/inzain.bike\/wp-content\/uploads\/2026\/01\/DSC03483-ARW_DxO_DeepPRIME-2-1-scaled.jpg\" \/>\n\t<meta property=\"og:image:width\" content=\"2560\" \/>\n\t<meta property=\"og:image:height\" content=\"1440\" \/>\n\t<meta property=\"og:image:type\" content=\"image\/jpeg\" \/>\n<meta name=\"twitter:card\" content=\"summary_large_image\" \/>\n<meta name=\"twitter:label1\" content=\"Ber\u00e4knad l\u00e4stid\" \/>\n\t<meta name=\"twitter:data1\" content=\"3 minuter\" \/>\n<script type=\"application\/ld+json\" class=\"yoast-schema-graph\">{\"@context\":\"https:\/\/schema.org\",\"@graph\":[{\"@type\":\"WebPage\",\"@id\":\"https:\/\/inzain.bike\/gir26-cycling\/\",\"url\":\"https:\/\/inzain.bike\/gir26-cycling\/\",\"name\":\"Girona 2026 Cykling - INZAIN Cycling EXPERIENCES\",\"isPartOf\":{\"@id\":\"https:\/\/inzain.bike\/fr_be\/#website\"},\"primaryImageOfPage\":{\"@id\":\"https:\/\/inzain.bike\/gir26-cycling\/#primaryimage\"},\"image\":{\"@id\":\"https:\/\/inzain.bike\/gir26-cycling\/#primaryimage\"},\"thumbnailUrl\":\"https:\/\/inzain.bike\/wp-content\/uploads\/2026\/01\/DSC03483-ARW_DxO_DeepPRIME-2-1-1024x576.jpg\",\"datePublished\":\"2026-01-11T15:43:46+00:00\",\"dateModified\":\"2026-01-18T10:36:25+00:00\",\"breadcrumb\":{\"@id\":\"https:\/\/inzain.bike\/gir26-cycling\/#breadcrumb\"},\"inLanguage\":\"sv-SE\",\"potentialAction\":[{\"@type\":\"ReadAction\",\"target\":[\"https:\/\/inzain.bike\/gir26-cycling\/\"]}]},{\"@type\":\"ImageObject\",\"inLanguage\":\"sv-SE\",\"@id\":\"https:\/\/inzain.bike\/gir26-cycling\/#primaryimage\",\"url\":\"https:\/\/inzain.bike\/wp-content\/uploads\/2026\/01\/DSC03483-ARW_DxO_DeepPRIME-2-1-1024x576.jpg\",\"contentUrl\":\"https:\/\/inzain.bike\/wp-content\/uploads\/2026\/01\/DSC03483-ARW_DxO_DeepPRIME-2-1-1024x576.jpg\"},{\"@type\":\"BreadcrumbList\",\"@id\":\"https:\/\/inzain.bike\/gir26-cycling\/#breadcrumb\",\"itemListElement\":[{\"@type\":\"ListItem\",\"position\":1,\"name\":\"Hem\",\"item\":\"https:\/\/inzain.bike\/fr_be\/\"},{\"@type\":\"ListItem\",\"position\":2,\"name\":\"Girona 2026 Cykling\"}]},{\"@type\":\"WebSite\",\"@id\":\"https:\/\/inzain.bike\/fr_be\/#website\",\"url\":\"https:\/\/inzain.bike\/fr_be\/\",\"name\":\"INZAIN Cycling EXPERIENCES\",\"description\":\"Cyckling Adventures  - for everyone\",\"publisher\":{\"@id\":\"https:\/\/inzain.bike\/fr_be\/#organization\"},\"alternateName\":\"INZAIN Gravel & Travel\",\"potentialAction\":[{\"@type\":\"SearchAction\",\"target\":{\"@type\":\"EntryPoint\",\"urlTemplate\":\"https:\/\/inzain.bike\/fr_be\/?s={search_term_string}\"},\"query-input\":{\"@type\":\"PropertyValueSpecification\",\"valueRequired\":true,\"valueName\":\"search_term_string\"}}],\"inLanguage\":\"sv-SE\"},{\"@type\":\"Organization\",\"@id\":\"https:\/\/inzain.bike\/fr_be\/#organization\",\"name\":\"INZAIN Cycling EXPERIENCES\",\"url\":\"https:\/\/inzain.bike\/fr_be\/\",\"logo\":{\"@type\":\"ImageObject\",\"inLanguage\":\"sv-SE\",\"@id\":\"https:\/\/inzain.bike\/fr_be\/#\/schema\/logo\/image\/\",\"url\":\"https:\/\/i0.wp.com\/inzain.bike\/wp-content\/uploads\/2023\/09\/cropped-INZAIN_512x512_white.png?fit=512%2C512&ssl=1\",\"contentUrl\":\"https:\/\/i0.wp.com\/inzain.bike\/wp-content\/uploads\/2023\/09\/cropped-INZAIN_512x512_white.png?fit=512%2C512&ssl=1\",\"width\":512,\"height\":512,\"caption\":\"INZAIN Cycling EXPERIENCES\"},\"image\":{\"@id\":\"https:\/\/inzain.bike\/fr_be\/#\/schema\/logo\/image\/\"},\"sameAs\":[\"https:\/\/www.facebook.com\/Inzain.bike\",\"https:\/\/www.instagram.com\/inzainbike\"]}]}<\/script>\n<!-- \/ Yoast SEO plugin. -->","yoast_head_json":{"title":"Girona 2026 Cykling - INZAIN Cycling EXPERIENCES","robots":{"index":"index","follow":"follow","max-snippet":"max-snippet:-1","max-image-preview":"max-image-preview:large","max-video-preview":"max-video-preview:-1"},"canonical":"https:\/\/inzain.bike\/sv_se\/gir26-cycling\/","og_locale":"sv_SE","og_type":"article","og_title":"Girona 2026 Cykling - INZAIN Cycling EXPERIENCES","og_description":"Rutter V\u00e5ra lokala guider tar med oss p\u00e5 fem fantastiska turer. Vi har en inplanerad vilodag. Den kan anv\u00e4ndas till att koppla av vid poolen, kanske g\u00f6ra en trevlig utflykt eller, f\u00f6r den som vill, en cykeltur. Vi har massor med bra extra rutter att erbjuda. FartgrupperVi har tv\u00e5 guider som kommer h\u00e5lla olika fart, [&hellip;]","og_url":"https:\/\/inzain.bike\/sv_se\/gir26-cycling\/","og_site_name":"INZAIN Cycling EXPERIENCES","article_publisher":"https:\/\/www.facebook.com\/Inzain.bike","article_modified_time":"2026-01-18T10:36:25+00:00","og_image":[{"width":2560,"height":1440,"url":"https:\/\/inzain.bike\/wp-content\/uploads\/2026\/01\/DSC03483-ARW_DxO_DeepPRIME-2-1-scaled.jpg","type":"image\/jpeg"}],"twitter_card":"summary_large_image","twitter_misc":{"Ber\u00e4knad l\u00e4stid":"3 minuter"},"schema":{"@context":"https:\/\/schema.org","@graph":[{"@type":"WebPage","@id":"https:\/\/inzain.bike\/gir26-cycling\/","url":"https:\/\/inzain.bike\/gir26-cycling\/","name":"Girona 2026 Cykling - INZAIN Cycling EXPERIENCES","isPartOf":{"@id":"https:\/\/inzain.bike\/fr_be\/#website"},"primaryImageOfPage":{"@id":"https:\/\/inzain.bike\/gir26-cycling\/#primaryimage"},"image":{"@id":"https:\/\/inzain.bike\/gir26-cycling\/#primaryimage"},"thumbnailUrl":"https:\/\/inzain.bike\/wp-content\/uploads\/2026\/01\/DSC03483-ARW_DxO_DeepPRIME-2-1-1024x576.jpg","datePublished":"2026-01-11T15:43:46+00:00","dateModified":"2026-01-18T10:36:25+00:00","breadcrumb":{"@id":"https:\/\/inzain.bike\/gir26-cycling\/#breadcrumb"},"inLanguage":"sv-SE","potentialAction":[{"@type":"ReadAction","target":["https:\/\/inzain.bike\/gir26-cycling\/"]}]},{"@type":"ImageObject","inLanguage":"sv-SE","@id":"https:\/\/inzain.bike\/gir26-cycling\/#primaryimage","url":"https:\/\/inzain.bike\/wp-content\/uploads\/2026\/01\/DSC03483-ARW_DxO_DeepPRIME-2-1-1024x576.jpg","contentUrl":"https:\/\/inzain.bike\/wp-content\/uploads\/2026\/01\/DSC03483-ARW_DxO_DeepPRIME-2-1-1024x576.jpg"},{"@type":"BreadcrumbList","@id":"https:\/\/inzain.bike\/gir26-cycling\/#breadcrumb","itemListElement":[{"@type":"ListItem","position":1,"name":"Hem","item":"https:\/\/inzain.bike\/fr_be\/"},{"@type":"ListItem","position":2,"name":"Girona 2026 Cykling"}]},{"@type":"WebSite","@id":"https:\/\/inzain.bike\/fr_be\/#website","url":"https:\/\/inzain.bike\/fr_be\/","name":"INZAIN Cycling EXPERIENCES","description":"Cyckling Adventures  - for everyone","publisher":{"@id":"https:\/\/inzain.bike\/fr_be\/#organization"},"alternateName":"INZAIN Gravel & Travel","potentialAction":[{"@type":"SearchAction","target":{"@type":"EntryPoint","urlTemplate":"https:\/\/inzain.bike\/fr_be\/?s={search_term_string}"},"query-input":{"@type":"PropertyValueSpecification","valueRequired":true,"valueName":"search_term_string"}}],"inLanguage":"sv-SE"},{"@type":"Organization","@id":"https:\/\/inzain.bike\/fr_be\/#organization","name":"INZAIN Cycling EXPERIENCES","url":"https:\/\/inzain.bike\/fr_be\/","logo":{"@type":"ImageObject","inLanguage":"sv-SE","@id":"https:\/\/inzain.bike\/fr_be\/#\/schema\/logo\/image\/","url":"https:\/\/i0.wp.com\/inzain.bike\/wp-content\/uploads\/2023\/09\/cropped-INZAIN_512x512_white.png?fit=512%2C512&ssl=1","contentUrl":"https:\/\/i0.wp.com\/inzain.bike\/wp-content\/uploads\/2023\/09\/cropped-INZAIN_512x512_white.png?fit=512%2C512&ssl=1","width":512,"height":512,"caption":"INZAIN Cycling EXPERIENCES"},"image":{"@id":"https:\/\/inzain.bike\/fr_be\/#\/schema\/logo\/image\/"},"sameAs":["https:\/\/www.facebook.com\/Inzain.bike","https:\/\/www.instagram.com\/inzainbike"]}]}},"amp_enabled":true,"_links":{"self":[{"href":"https:\/\/inzain.bike\/sv_se\/wp-json\/wp\/v2\/pages\/9017","targetHints":{"allow":["GET"]}}],"collection":[{"href":"https:\/\/inzain.bike\/sv_se\/wp-json\/wp\/v2\/pages"}],"about":[{"href":"https:\/\/inzain.bike\/sv_se\/wp-json\/wp\/v2\/types\/page"}],"author":[{"embeddable":true,"href":"https:\/\/inzain.bike\/sv_se\/wp-json\/wp\/v2\/users\/203917875"}],"replies":[{"embeddable":true,"href":"https:\/\/inzain.bike\/sv_se\/wp-json\/wp\/v2\/comments?post=9017"}],"version-history":[{"count":4,"href":"https:\/\/inzain.bike\/sv_se\/wp-json\/wp\/v2\/pages\/9017\/revisions"}],"predecessor-version":[{"id":9135,"href":"https:\/\/inzain.bike\/sv_se\/wp-json\/wp\/v2\/pages\/9017\/revisions\/9135"}],"wp:attachment":[{"href":"https:\/\/inzain.bike\/sv_se\/wp-json\/wp\/v2\/media?parent=9017"}],"curies":[{"name":"wp","href":"https:\/\/api.w.org\/{rel}","templated":true}]}}