{"id":4690,"date":"2023-11-10T09:41:32","date_gmt":"2023-11-10T08:41:32","guid":{"rendered":"https:\/\/inzain.bike\/?post_type=product&#038;p=4690"},"modified":"2026-03-25T12:56:44","modified_gmt":"2026-03-25T11:56:44","slug":"aland-runt-2026-enkelrum","status":"publish","type":"product","link":"https:\/\/inzain.bike\/sv_se\/produkt\/aland-runt-2026-enkelrum\/","title":{"rendered":"\u00c5land Runt 2026 Enkelrum"},"content":{"rendered":"<p>Deltagaravgift \u00c5land Runt 2026 Enkelrum<\/p>\n<p style=\"font-weight: 400;\">Priset inkluderar:<\/p>\n<ul style=\"font-weight: 400;\">\n<li>Logi 2 n\u00e4tter, Eget rum i delad stuga<\/li>\n<li>Frukost x 2<\/li>\n<li>Lunch x 2<\/li>\n<li>Bastu med badtunna p\u00e5 l\u00f6rdag<\/li>\n<li>Riklig middag p\u00e5 l\u00f6rdag kv\u00e4ll i Restaurang K\u00e4ringsund<\/li>\n<li>Cykelf\u00e4rja<\/li>\n<li>G\u00e4stpresentat\u00f6r under middagen<\/li>\n<li>Cykelguider<\/li>\n<\/ul>\n","protected":false},"excerpt":{"rendered":"<p>Deltagaravgift \u00c5land Runt 2026 Enkelrum<\/p>\n","protected":false},"featured_media":4707,"comment_status":"open","ping_status":"closed","template":"","meta":{"_coblocks_attr":"","_coblocks_dimensions":"","_coblocks_responsive_height":"","_coblocks_accordion_ie_support":""},"product_brand":[],"product_cat":[1373263],"product_tag":[],"class_list":{"0":"post-4690","1":"product","2":"type-product","3":"status-publish","4":"has-post-thumbnail","6":"product_cat-ar","8":"first","9":"instock","10":"virtual","11":"purchasable","12":"product-type-simple"},"composite_virtual":false,"composite_layout":"","composite_add_to_cart_form_location":"","composite_editable_in_cart":false,"composite_sold_individually_context":"","composite_shop_price_calc":"","composite_components":[],"composite_scenarios":[],"yoast_head":"<!-- This site is optimized with the Yoast SEO plugin v27.2 - https:\/\/yoast.com\/product\/yoast-seo-wordpress\/ -->\n<title>\u00c5land Runt 2026 Enkelrum - INZAIN Cycling EXPERIENCES<\/title>\n<meta name=\"robots\" content=\"index, follow, max-snippet:-1, max-image-preview:large, max-video-preview:-1\" \/>\n<link rel=\"canonical\" href=\"https:\/\/inzain.bike\/sv_se\/produkt\/aland-runt-2026-enkelrum\/\" \/>\n<meta property=\"og:locale\" content=\"sv_SE\" \/>\n<meta property=\"og:type\" content=\"article\" \/>\n<meta property=\"og:title\" content=\"\u00c5land Runt 2026 Enkelrum - INZAIN Cycling EXPERIENCES\" \/>\n<meta property=\"og:description\" content=\"Deltagaravgift \u00c5land Runt 2026 Enkelrum\" \/>\n<meta property=\"og:url\" content=\"https:\/\/inzain.bike\/sv_se\/produkt\/aland-runt-2026-enkelrum\/\" \/>\n<meta property=\"og:site_name\" content=\"INZAIN Cycling EXPERIENCES\" \/>\n<meta property=\"article:publisher\" content=\"https:\/\/www.facebook.com\/Inzain.bike\" \/>\n<meta property=\"article:modified_time\" content=\"2026-03-25T11:56:44+00:00\" \/>\n<meta property=\"og:image\" content=\"https:\/\/inzain.bike\/wp-content\/uploads\/2023\/11\/6871869.png\" \/>\n\t<meta property=\"og:image:width\" content=\"512\" \/>\n\t<meta property=\"og:image:height\" content=\"512\" \/>\n\t<meta property=\"og:image:type\" content=\"image\/png\" \/>\n<meta name=\"twitter:card\" content=\"summary_large_image\" \/>\n<meta name=\"twitter:label1\" content=\"Ber\u00e4knad l\u00e4stid\" \/>\n\t<meta name=\"twitter:data1\" content=\"1 minut\" \/>\n<script type=\"application\/ld+json\" class=\"yoast-schema-graph\">{\"@context\":\"https:\/\/schema.org\",\"@graph\":[{\"@type\":\"WebPage\",\"@id\":\"https:\/\/inzain.bike\/produkt\/aland-runt-2026-enkelrum\/\",\"url\":\"https:\/\/inzain.bike\/produkt\/aland-runt-2026-enkelrum\/\",\"name\":\"\u00c5land Runt 2026 Enkelrum - INZAIN Cycling EXPERIENCES\",\"isPartOf\":{\"@id\":\"https:\/\/inzain.bike\/fr_be\/#website\"},\"primaryImageOfPage\":{\"@id\":\"https:\/\/inzain.bike\/produkt\/aland-runt-2026-enkelrum\/#primaryimage\"},\"image\":{\"@id\":\"https:\/\/inzain.bike\/produkt\/aland-runt-2026-enkelrum\/#primaryimage\"},\"thumbnailUrl\":\"https:\/\/inzain.bike\/wp-content\/uploads\/2023\/11\/6871869.png\",\"datePublished\":\"2023-11-10T08:41:32+00:00\",\"dateModified\":\"2026-03-25T11:56:44+00:00\",\"breadcrumb\":{\"@id\":\"https:\/\/inzain.bike\/produkt\/aland-runt-2026-enkelrum\/#breadcrumb\"},\"inLanguage\":\"sv-SE\",\"potentialAction\":[{\"@type\":\"ReadAction\",\"target\":[\"https:\/\/inzain.bike\/produkt\/aland-runt-2026-enkelrum\/\"]}]},{\"@type\":\"ImageObject\",\"inLanguage\":\"sv-SE\",\"@id\":\"https:\/\/inzain.bike\/produkt\/aland-runt-2026-enkelrum\/#primaryimage\",\"url\":\"https:\/\/inzain.bike\/wp-content\/uploads\/2023\/11\/6871869.png\",\"contentUrl\":\"https:\/\/inzain.bike\/wp-content\/uploads\/2023\/11\/6871869.png\",\"width\":512,\"height\":512},{\"@type\":\"BreadcrumbList\",\"@id\":\"https:\/\/inzain.bike\/produkt\/aland-runt-2026-enkelrum\/#breadcrumb\",\"itemListElement\":[{\"@type\":\"ListItem\",\"position\":1,\"name\":\"Hem\",\"item\":\"https:\/\/inzain.bike\/fr_be\/\"},{\"@type\":\"ListItem\",\"position\":2,\"name\":\"Webbutik\",\"item\":\"https:\/\/inzain.bike\/fi\/butik\/\"},{\"@type\":\"ListItem\",\"position\":3,\"name\":\"\u00c5land Runt 2026 Enkelrum\"}]},{\"@type\":\"WebSite\",\"@id\":\"https:\/\/inzain.bike\/fr_be\/#website\",\"url\":\"https:\/\/inzain.bike\/fr_be\/\",\"name\":\"INZAIN Cycling EXPERIENCES\",\"description\":\"Cyckling Adventures  - for everyone\",\"publisher\":{\"@id\":\"https:\/\/inzain.bike\/fr_be\/#organization\"},\"alternateName\":\"INZAIN Gravel & Travel\",\"potentialAction\":[{\"@type\":\"SearchAction\",\"target\":{\"@type\":\"EntryPoint\",\"urlTemplate\":\"https:\/\/inzain.bike\/fr_be\/?s={search_term_string}\"},\"query-input\":{\"@type\":\"PropertyValueSpecification\",\"valueRequired\":true,\"valueName\":\"search_term_string\"}}],\"inLanguage\":\"sv-SE\"},{\"@type\":\"Organization\",\"@id\":\"https:\/\/inzain.bike\/fr_be\/#organization\",\"name\":\"INZAIN Cycling EXPERIENCES\",\"url\":\"https:\/\/inzain.bike\/fr_be\/\",\"logo\":{\"@type\":\"ImageObject\",\"inLanguage\":\"sv-SE\",\"@id\":\"https:\/\/inzain.bike\/fr_be\/#\/schema\/logo\/image\/\",\"url\":\"https:\/\/i0.wp.com\/inzain.bike\/wp-content\/uploads\/2023\/09\/cropped-INZAIN_512x512_white.png?fit=512%2C512&ssl=1\",\"contentUrl\":\"https:\/\/i0.wp.com\/inzain.bike\/wp-content\/uploads\/2023\/09\/cropped-INZAIN_512x512_white.png?fit=512%2C512&ssl=1\",\"width\":512,\"height\":512,\"caption\":\"INZAIN Cycling EXPERIENCES\"},\"image\":{\"@id\":\"https:\/\/inzain.bike\/fr_be\/#\/schema\/logo\/image\/\"},\"sameAs\":[\"https:\/\/www.facebook.com\/Inzain.bike\",\"https:\/\/www.instagram.com\/inzainbike\"]}]}<\/script>\n<!-- \/ Yoast SEO plugin. -->","yoast_head_json":{"title":"\u00c5land Runt 2026 Enkelrum - INZAIN Cycling EXPERIENCES","robots":{"index":"index","follow":"follow","max-snippet":"max-snippet:-1","max-image-preview":"max-image-preview:large","max-video-preview":"max-video-preview:-1"},"canonical":"https:\/\/inzain.bike\/sv_se\/produkt\/aland-runt-2026-enkelrum\/","og_locale":"sv_SE","og_type":"article","og_title":"\u00c5land Runt 2026 Enkelrum - INZAIN Cycling EXPERIENCES","og_description":"Deltagaravgift \u00c5land Runt 2026 Enkelrum","og_url":"https:\/\/inzain.bike\/sv_se\/produkt\/aland-runt-2026-enkelrum\/","og_site_name":"INZAIN Cycling EXPERIENCES","article_publisher":"https:\/\/www.facebook.com\/Inzain.bike","article_modified_time":"2026-03-25T11:56:44+00:00","og_image":[{"width":512,"height":512,"url":"https:\/\/inzain.bike\/wp-content\/uploads\/2023\/11\/6871869.png","type":"image\/png"}],"twitter_card":"summary_large_image","twitter_misc":{"Ber\u00e4knad l\u00e4stid":"1 minut"},"schema":{"@context":"https:\/\/schema.org","@graph":[{"@type":"WebPage","@id":"https:\/\/inzain.bike\/produkt\/aland-runt-2026-enkelrum\/","url":"https:\/\/inzain.bike\/produkt\/aland-runt-2026-enkelrum\/","name":"\u00c5land Runt 2026 Enkelrum - INZAIN Cycling EXPERIENCES","isPartOf":{"@id":"https:\/\/inzain.bike\/fr_be\/#website"},"primaryImageOfPage":{"@id":"https:\/\/inzain.bike\/produkt\/aland-runt-2026-enkelrum\/#primaryimage"},"image":{"@id":"https:\/\/inzain.bike\/produkt\/aland-runt-2026-enkelrum\/#primaryimage"},"thumbnailUrl":"https:\/\/inzain.bike\/wp-content\/uploads\/2023\/11\/6871869.png","datePublished":"2023-11-10T08:41:32+00:00","dateModified":"2026-03-25T11:56:44+00:00","breadcrumb":{"@id":"https:\/\/inzain.bike\/produkt\/aland-runt-2026-enkelrum\/#breadcrumb"},"inLanguage":"sv-SE","potentialAction":[{"@type":"ReadAction","target":["https:\/\/inzain.bike\/produkt\/aland-runt-2026-enkelrum\/"]}]},{"@type":"ImageObject","inLanguage":"sv-SE","@id":"https:\/\/inzain.bike\/produkt\/aland-runt-2026-enkelrum\/#primaryimage","url":"https:\/\/inzain.bike\/wp-content\/uploads\/2023\/11\/6871869.png","contentUrl":"https:\/\/inzain.bike\/wp-content\/uploads\/2023\/11\/6871869.png","width":512,"height":512},{"@type":"BreadcrumbList","@id":"https:\/\/inzain.bike\/produkt\/aland-runt-2026-enkelrum\/#breadcrumb","itemListElement":[{"@type":"ListItem","position":1,"name":"Hem","item":"https:\/\/inzain.bike\/fr_be\/"},{"@type":"ListItem","position":2,"name":"Webbutik","item":"https:\/\/inzain.bike\/fi\/butik\/"},{"@type":"ListItem","position":3,"name":"\u00c5land Runt 2026 Enkelrum"}]},{"@type":"WebSite","@id":"https:\/\/inzain.bike\/fr_be\/#website","url":"https:\/\/inzain.bike\/fr_be\/","name":"INZAIN Cycling EXPERIENCES","description":"Cyckling Adventures  - for everyone","publisher":{"@id":"https:\/\/inzain.bike\/fr_be\/#organization"},"alternateName":"INZAIN Gravel & Travel","potentialAction":[{"@type":"SearchAction","target":{"@type":"EntryPoint","urlTemplate":"https:\/\/inzain.bike\/fr_be\/?s={search_term_string}"},"query-input":{"@type":"PropertyValueSpecification","valueRequired":true,"valueName":"search_term_string"}}],"inLanguage":"sv-SE"},{"@type":"Organization","@id":"https:\/\/inzain.bike\/fr_be\/#organization","name":"INZAIN Cycling EXPERIENCES","url":"https:\/\/inzain.bike\/fr_be\/","logo":{"@type":"ImageObject","inLanguage":"sv-SE","@id":"https:\/\/inzain.bike\/fr_be\/#\/schema\/logo\/image\/","url":"https:\/\/i0.wp.com\/inzain.bike\/wp-content\/uploads\/2023\/09\/cropped-INZAIN_512x512_white.png?fit=512%2C512&ssl=1","contentUrl":"https:\/\/i0.wp.com\/inzain.bike\/wp-content\/uploads\/2023\/09\/cropped-INZAIN_512x512_white.png?fit=512%2C512&ssl=1","width":512,"height":512,"caption":"INZAIN Cycling EXPERIENCES"},"image":{"@id":"https:\/\/inzain.bike\/fr_be\/#\/schema\/logo\/image\/"},"sameAs":["https:\/\/www.facebook.com\/Inzain.bike","https:\/\/www.instagram.com\/inzainbike"]}]}},"_links":{"self":[{"href":"https:\/\/inzain.bike\/sv_se\/wp-json\/wp\/v2\/product\/4690","targetHints":{"allow":["GET"]}}],"collection":[{"href":"https:\/\/inzain.bike\/sv_se\/wp-json\/wp\/v2\/product"}],"about":[{"href":"https:\/\/inzain.bike\/sv_se\/wp-json\/wp\/v2\/types\/product"}],"replies":[{"embeddable":true,"href":"https:\/\/inzain.bike\/sv_se\/wp-json\/wp\/v2\/comments?post=4690"}],"wp:featuredmedia":[{"embeddable":true,"href":"https:\/\/inzain.bike\/sv_se\/wp-json\/wp\/v2\/media\/4707"}],"wp:attachment":[{"href":"https:\/\/inzain.bike\/sv_se\/wp-json\/wp\/v2\/media?parent=4690"}],"wp:term":[{"taxonomy":"product_brand","embeddable":true,"href":"https:\/\/inzain.bike\/sv_se\/wp-json\/wp\/v2\/product_brand?post=4690"},{"taxonomy":"product_cat","embeddable":true,"href":"https:\/\/inzain.bike\/sv_se\/wp-json\/wp\/v2\/product_cat?post=4690"},{"taxonomy":"product_tag","embeddable":true,"href":"https:\/\/inzain.bike\/sv_se\/wp-json\/wp\/v2\/product_tag?post=4690"}],"curies":[{"name":"wp","href":"https:\/\/api.w.org\/{rel}","templated":true}]}}