{"id":6953,"date":"2024-03-09T10:57:38","date_gmt":"2024-03-09T09:57:38","guid":{"rendered":"https:\/\/inzain.bike\/?post_type=product&#038;p=6953"},"modified":"2024-03-15T11:33:18","modified_gmt":"2024-03-15T10:33:18","slug":"tus24-couple","status":"publish","type":"product","link":"https:\/\/inzain.bike\/sv_se\/produkt\/tus24-couple\/","title":{"rendered":"Par i Dubbelrum"},"content":{"rendered":"<p>Deltagaravgift Toscana 2024\u00a0 \u00a0 5-14 Oktober f\u00f6r\u00a0 ett par i dubbelrum<\/p>\n<p style=\"font-weight: 400;\">Priset inkluderar:<\/p>\n<ul style=\"font-weight: 400;\">\n<li>Logi 5-10\/10 San Giorgio, Siena f\u00f6r ett par, 2 personer<\/li>\n<li>Logi 10-14\/10 Palazzuolo, San Quirico d&#8217;Orcia f\u00f6r ett par, 2 personer<\/li>\n<li>Frukost alla dagar<\/li>\n<li>Transport av Bagage fr\u00e5n San Giorgio -&gt;\u00a0Palazzuolo<\/li>\n<li>Guider<\/li>\n<li>Rutter f\u00f6r Gravel och Landsv\u00e4g<\/li>\n<li>F\u00f6ljebil<\/li>\n<\/ul>\n","protected":false},"excerpt":{"rendered":"<p>Deltagaravgift Toscana 2024\u00a0 \u00a0 5-14 Oktober f\u00f6r\u00a0 ett par i dubbelrum<\/p>\n<p style=\"font-weight: 400;\">Priset inkluderar:<\/p>\n<ul style=\"font-weight: 400;\">\n<li>Logi 5-10\/10 San Giorgio, Siena f\u00f6r ett par, 2 personer<\/li>\n<li>Logi 10-14\/10 Palazzuolo, San Quirico d&#8217;Orcia f\u00f6r ett par, 2 personer<\/li>\n<li>Frukost alla dagar<\/li>\n<li>Transport av Bagage fr\u00e5n San Giorgio -&gt;\u00a0Palazzuolo<\/li>\n<li>Guider<\/li>\n<li>Rutter f\u00f6r Gravel och Landsv\u00e4g<\/li>\n<li>F\u00f6ljebil<\/li>\n<\/ul>\n","protected":false},"featured_media":4858,"comment_status":"open","ping_status":"closed","template":"","meta":{"_coblocks_attr":"","_coblocks_dimensions":"","_coblocks_responsive_height":"","_coblocks_accordion_ie_support":""},"product_brand":[],"product_cat":[1373191,1373492],"product_tag":[],"class_list":{"0":"post-6953","1":"product","2":"type-product","3":"status-publish","4":"has-post-thumbnail","6":"product_cat-trip","7":"product_cat-tus","9":"first","10":"instock","11":"virtual","12":"purchasable","13":"product-type-simple"},"composite_virtual":false,"composite_layout":"","composite_add_to_cart_form_location":"","composite_editable_in_cart":false,"composite_sold_individually_context":"","composite_shop_price_calc":"","composite_components":[],"composite_scenarios":[],"yoast_head":"<!-- This site is optimized with the Yoast SEO plugin v27.2 - https:\/\/yoast.com\/product\/yoast-seo-wordpress\/ -->\n<title>Par i Dubbelrum - INZAIN Cycling EXPERIENCES<\/title>\n<meta name=\"robots\" content=\"index, follow, max-snippet:-1, max-image-preview:large, max-video-preview:-1\" \/>\n<link rel=\"canonical\" href=\"https:\/\/inzain.bike\/sv_se\/produkt\/tus24-couple\/\" \/>\n<meta property=\"og:locale\" content=\"sv_SE\" \/>\n<meta property=\"og:type\" content=\"article\" \/>\n<meta property=\"og:title\" content=\"Par i Dubbelrum - INZAIN Cycling EXPERIENCES\" \/>\n<meta property=\"og:description\" content=\"Deltagaravgift Toscana 2024\u00a0 \u00a0 5-14 Oktober f\u00f6r\u00a0 ett par i dubbelrum Priset inkluderar:    Logi 5-10\/10 San Giorgio, Siena f\u00f6r ett par, 2 personer  Logi 10-14\/10 Palazzuolo, San Quirico d&#039;Orcia f\u00f6r ett par, 2 personer  Frukost alla dagar  Transport av Bagage fr\u00e5n San Giorgio -&gt;\u00a0Palazzuolo  Guider  Rutter f\u00f6r Gravel och Landsv\u00e4g  F\u00f6ljebil\" \/>\n<meta property=\"og:url\" content=\"https:\/\/inzain.bike\/sv_se\/produkt\/tus24-couple\/\" \/>\n<meta property=\"og:site_name\" content=\"INZAIN Cycling EXPERIENCES\" \/>\n<meta property=\"article:publisher\" content=\"https:\/\/www.facebook.com\/Inzain.bike\" \/>\n<meta property=\"article:modified_time\" content=\"2024-03-15T10:33:18+00:00\" \/>\n<meta property=\"og:image\" content=\"https:\/\/inzain.bike\/wp-content\/uploads\/2023\/11\/double-bed.png\" \/>\n\t<meta property=\"og:image:width\" content=\"512\" \/>\n\t<meta property=\"og:image:height\" content=\"512\" \/>\n\t<meta property=\"og:image:type\" content=\"image\/png\" \/>\n<meta name=\"twitter:card\" content=\"summary_large_image\" \/>\n<meta name=\"twitter:label1\" content=\"Ber\u00e4knad l\u00e4stid\" \/>\n\t<meta name=\"twitter:data1\" content=\"1 minut\" \/>\n<script type=\"application\/ld+json\" class=\"yoast-schema-graph\">{\"@context\":\"https:\/\/schema.org\",\"@graph\":[{\"@type\":\"WebPage\",\"@id\":\"https:\/\/inzain.bike\/sv_se\/produkt\/tus24-couple\/\",\"url\":\"https:\/\/inzain.bike\/sv_se\/produkt\/tus24-couple\/\",\"name\":\"Par i Dubbelrum - INZAIN Cycling EXPERIENCES\",\"isPartOf\":{\"@id\":\"https:\/\/inzain.bike\/fr_be\/#website\"},\"primaryImageOfPage\":{\"@id\":\"https:\/\/inzain.bike\/sv_se\/produkt\/tus24-couple\/#primaryimage\"},\"image\":{\"@id\":\"https:\/\/inzain.bike\/sv_se\/produkt\/tus24-couple\/#primaryimage\"},\"thumbnailUrl\":\"https:\/\/inzain.bike\/wp-content\/uploads\/2023\/11\/double-bed.png\",\"datePublished\":\"2024-03-09T09:57:38+00:00\",\"dateModified\":\"2024-03-15T10:33:18+00:00\",\"breadcrumb\":{\"@id\":\"https:\/\/inzain.bike\/sv_se\/produkt\/tus24-couple\/#breadcrumb\"},\"inLanguage\":\"sv-SE\",\"potentialAction\":[{\"@type\":\"ReadAction\",\"target\":[\"https:\/\/inzain.bike\/sv_se\/produkt\/tus24-couple\/\"]}]},{\"@type\":\"ImageObject\",\"inLanguage\":\"sv-SE\",\"@id\":\"https:\/\/inzain.bike\/sv_se\/produkt\/tus24-couple\/#primaryimage\",\"url\":\"https:\/\/inzain.bike\/wp-content\/uploads\/2023\/11\/double-bed.png\",\"contentUrl\":\"https:\/\/inzain.bike\/wp-content\/uploads\/2023\/11\/double-bed.png\",\"width\":512,\"height\":512},{\"@type\":\"BreadcrumbList\",\"@id\":\"https:\/\/inzain.bike\/sv_se\/produkt\/tus24-couple\/#breadcrumb\",\"itemListElement\":[{\"@type\":\"ListItem\",\"position\":1,\"name\":\"Hem\",\"item\":\"https:\/\/inzain.bike\/fr_be\/\"},{\"@type\":\"ListItem\",\"position\":2,\"name\":\"Webbutik\",\"item\":\"https:\/\/inzain.bike\/fi\/butik\/\"},{\"@type\":\"ListItem\",\"position\":3,\"name\":\"Par i Dubbelrum\"}]},{\"@type\":\"WebSite\",\"@id\":\"https:\/\/inzain.bike\/fr_be\/#website\",\"url\":\"https:\/\/inzain.bike\/fr_be\/\",\"name\":\"INZAIN Cycling EXPERIENCES\",\"description\":\"Cyckling Adventures  - for everyone\",\"publisher\":{\"@id\":\"https:\/\/inzain.bike\/fr_be\/#organization\"},\"alternateName\":\"INZAIN Gravel & Travel\",\"potentialAction\":[{\"@type\":\"SearchAction\",\"target\":{\"@type\":\"EntryPoint\",\"urlTemplate\":\"https:\/\/inzain.bike\/fr_be\/?s={search_term_string}\"},\"query-input\":{\"@type\":\"PropertyValueSpecification\",\"valueRequired\":true,\"valueName\":\"search_term_string\"}}],\"inLanguage\":\"sv-SE\"},{\"@type\":\"Organization\",\"@id\":\"https:\/\/inzain.bike\/fr_be\/#organization\",\"name\":\"INZAIN Cycling EXPERIENCES\",\"url\":\"https:\/\/inzain.bike\/fr_be\/\",\"logo\":{\"@type\":\"ImageObject\",\"inLanguage\":\"sv-SE\",\"@id\":\"https:\/\/inzain.bike\/fr_be\/#\/schema\/logo\/image\/\",\"url\":\"https:\/\/i0.wp.com\/inzain.bike\/wp-content\/uploads\/2023\/09\/cropped-INZAIN_512x512_white.png?fit=512%2C512&ssl=1\",\"contentUrl\":\"https:\/\/i0.wp.com\/inzain.bike\/wp-content\/uploads\/2023\/09\/cropped-INZAIN_512x512_white.png?fit=512%2C512&ssl=1\",\"width\":512,\"height\":512,\"caption\":\"INZAIN Cycling EXPERIENCES\"},\"image\":{\"@id\":\"https:\/\/inzain.bike\/fr_be\/#\/schema\/logo\/image\/\"},\"sameAs\":[\"https:\/\/www.facebook.com\/Inzain.bike\",\"https:\/\/www.instagram.com\/inzainbike\"]}]}<\/script>\n<!-- \/ Yoast SEO plugin. -->","yoast_head_json":{"title":"Par i Dubbelrum - INZAIN Cycling EXPERIENCES","robots":{"index":"index","follow":"follow","max-snippet":"max-snippet:-1","max-image-preview":"max-image-preview:large","max-video-preview":"max-video-preview:-1"},"canonical":"https:\/\/inzain.bike\/sv_se\/produkt\/tus24-couple\/","og_locale":"sv_SE","og_type":"article","og_title":"Par i Dubbelrum - INZAIN Cycling EXPERIENCES","og_description":"Deltagaravgift Toscana 2024\u00a0 \u00a0 5-14 Oktober f\u00f6r\u00a0 ett par i dubbelrum Priset inkluderar:    Logi 5-10\/10 San Giorgio, Siena f\u00f6r ett par, 2 personer  Logi 10-14\/10 Palazzuolo, San Quirico d'Orcia f\u00f6r ett par, 2 personer  Frukost alla dagar  Transport av Bagage fr\u00e5n San Giorgio -&gt;\u00a0Palazzuolo  Guider  Rutter f\u00f6r Gravel och Landsv\u00e4g  F\u00f6ljebil","og_url":"https:\/\/inzain.bike\/sv_se\/produkt\/tus24-couple\/","og_site_name":"INZAIN Cycling EXPERIENCES","article_publisher":"https:\/\/www.facebook.com\/Inzain.bike","article_modified_time":"2024-03-15T10:33:18+00:00","og_image":[{"width":512,"height":512,"url":"https:\/\/inzain.bike\/wp-content\/uploads\/2023\/11\/double-bed.png","type":"image\/png"}],"twitter_card":"summary_large_image","twitter_misc":{"Ber\u00e4knad l\u00e4stid":"1 minut"},"schema":{"@context":"https:\/\/schema.org","@graph":[{"@type":"WebPage","@id":"https:\/\/inzain.bike\/sv_se\/produkt\/tus24-couple\/","url":"https:\/\/inzain.bike\/sv_se\/produkt\/tus24-couple\/","name":"Par i Dubbelrum - INZAIN Cycling EXPERIENCES","isPartOf":{"@id":"https:\/\/inzain.bike\/fr_be\/#website"},"primaryImageOfPage":{"@id":"https:\/\/inzain.bike\/sv_se\/produkt\/tus24-couple\/#primaryimage"},"image":{"@id":"https:\/\/inzain.bike\/sv_se\/produkt\/tus24-couple\/#primaryimage"},"thumbnailUrl":"https:\/\/inzain.bike\/wp-content\/uploads\/2023\/11\/double-bed.png","datePublished":"2024-03-09T09:57:38+00:00","dateModified":"2024-03-15T10:33:18+00:00","breadcrumb":{"@id":"https:\/\/inzain.bike\/sv_se\/produkt\/tus24-couple\/#breadcrumb"},"inLanguage":"sv-SE","potentialAction":[{"@type":"ReadAction","target":["https:\/\/inzain.bike\/sv_se\/produkt\/tus24-couple\/"]}]},{"@type":"ImageObject","inLanguage":"sv-SE","@id":"https:\/\/inzain.bike\/sv_se\/produkt\/tus24-couple\/#primaryimage","url":"https:\/\/inzain.bike\/wp-content\/uploads\/2023\/11\/double-bed.png","contentUrl":"https:\/\/inzain.bike\/wp-content\/uploads\/2023\/11\/double-bed.png","width":512,"height":512},{"@type":"BreadcrumbList","@id":"https:\/\/inzain.bike\/sv_se\/produkt\/tus24-couple\/#breadcrumb","itemListElement":[{"@type":"ListItem","position":1,"name":"Hem","item":"https:\/\/inzain.bike\/fr_be\/"},{"@type":"ListItem","position":2,"name":"Webbutik","item":"https:\/\/inzain.bike\/fi\/butik\/"},{"@type":"ListItem","position":3,"name":"Par i Dubbelrum"}]},{"@type":"WebSite","@id":"https:\/\/inzain.bike\/fr_be\/#website","url":"https:\/\/inzain.bike\/fr_be\/","name":"INZAIN Cycling EXPERIENCES","description":"Cyckling Adventures  - for everyone","publisher":{"@id":"https:\/\/inzain.bike\/fr_be\/#organization"},"alternateName":"INZAIN Gravel & Travel","potentialAction":[{"@type":"SearchAction","target":{"@type":"EntryPoint","urlTemplate":"https:\/\/inzain.bike\/fr_be\/?s={search_term_string}"},"query-input":{"@type":"PropertyValueSpecification","valueRequired":true,"valueName":"search_term_string"}}],"inLanguage":"sv-SE"},{"@type":"Organization","@id":"https:\/\/inzain.bike\/fr_be\/#organization","name":"INZAIN Cycling EXPERIENCES","url":"https:\/\/inzain.bike\/fr_be\/","logo":{"@type":"ImageObject","inLanguage":"sv-SE","@id":"https:\/\/inzain.bike\/fr_be\/#\/schema\/logo\/image\/","url":"https:\/\/i0.wp.com\/inzain.bike\/wp-content\/uploads\/2023\/09\/cropped-INZAIN_512x512_white.png?fit=512%2C512&ssl=1","contentUrl":"https:\/\/i0.wp.com\/inzain.bike\/wp-content\/uploads\/2023\/09\/cropped-INZAIN_512x512_white.png?fit=512%2C512&ssl=1","width":512,"height":512,"caption":"INZAIN Cycling EXPERIENCES"},"image":{"@id":"https:\/\/inzain.bike\/fr_be\/#\/schema\/logo\/image\/"},"sameAs":["https:\/\/www.facebook.com\/Inzain.bike","https:\/\/www.instagram.com\/inzainbike"]}]}},"_links":{"self":[{"href":"https:\/\/inzain.bike\/sv_se\/wp-json\/wp\/v2\/product\/6953","targetHints":{"allow":["GET"]}}],"collection":[{"href":"https:\/\/inzain.bike\/sv_se\/wp-json\/wp\/v2\/product"}],"about":[{"href":"https:\/\/inzain.bike\/sv_se\/wp-json\/wp\/v2\/types\/product"}],"replies":[{"embeddable":true,"href":"https:\/\/inzain.bike\/sv_se\/wp-json\/wp\/v2\/comments?post=6953"}],"wp:featuredmedia":[{"embeddable":true,"href":"https:\/\/inzain.bike\/sv_se\/wp-json\/wp\/v2\/media\/4858"}],"wp:attachment":[{"href":"https:\/\/inzain.bike\/sv_se\/wp-json\/wp\/v2\/media?parent=6953"}],"wp:term":[{"taxonomy":"product_brand","embeddable":true,"href":"https:\/\/inzain.bike\/sv_se\/wp-json\/wp\/v2\/product_brand?post=6953"},{"taxonomy":"product_cat","embeddable":true,"href":"https:\/\/inzain.bike\/sv_se\/wp-json\/wp\/v2\/product_cat?post=6953"},{"taxonomy":"product_tag","embeddable":true,"href":"https:\/\/inzain.bike\/sv_se\/wp-json\/wp\/v2\/product_tag?post=6953"}],"curies":[{"name":"wp","href":"https:\/\/api.w.org\/{rel}","templated":true}]}}